{"id":458271,"date":"2018-08-14T11:27:24","date_gmt":"2018-08-14T08:27:24","guid":{"rendered":"https:\/\/beebipood.ee\/toode\/beebivoodi-snap-70x140\/"},"modified":"2025-01-09T10:49:07","modified_gmt":"2025-01-09T08:49:07","slug":"beebivoodi-snap-70x140","status":"publish","type":"product","link":"https:\/\/beebipood.ee\/ru\/produkt\/beebivoodi-snap-70x140\/","title":{"rendered":"Beebivoodi Snap 70&#215;140, valge"},"content":{"rendered":"<ul>\n<li>valmistatud p\u00f6\u00f6gi puidust, MDF&#8217;st ja melamiinist<\/li>\n<li>viimistlus: valge \/ p\u00f6\u00f6k<\/li>\n<li>sobib nii poisi kui t\u00fcdruku tuppa<\/li>\n<li>valmistamisel on kasutatud kaasaegset tehnoloogiat ja A-klass tarvikuid ning furnituure<\/li>\n<li>voodi k\u00fcljed on eemaldatavad<\/li>\n<li>\u00fchelt voodi k\u00fcljelt on v\u00f5imalik \u00e4ra v\u00f5tta 3 pulka,\u00a0et laps kasvades saaks ise voodisse minna ja voodist v\u00e4lja tulla<\/li>\n<li>voodip\u00f5hja v\u00f5imalik t\u00f5sta 3 erinevat k\u00f5rgust<\/li>\n<li>madrats ei ole hinna sees<\/li>\n<li>voodisse sobib madrats m\u00f5\u00f5duga 70x140cm\u00a0<\/li>\n<li><span>voodit on v\u00f5imalik muuta beebivoodist lapsevoodiks<\/span><\/li>\n<li><span><span>komplektis on v\u00e4ike\u00a0<\/span><span>turvapiire<\/span><\/span><\/li>\n<li>viimistlemisel on kasutatud ainult sertifitseeritud orgaanilisi v\u00e4rve<\/li>\n<li>toode vastab k\u00f5ikidele EN turvastandarditele<\/li>\n<\/ul>\n","protected":false},"excerpt":{"rendered":"<p>valmistatud p\u00f6\u00f6gi puidust, MDF&#8217;st ja melamiinist viimistlus: valge \/ p\u00f6\u00f6k sobib nii poisi kui t\u00fcdruku tuppa valmistamisel on kasutatud kaasaegset tehnoloogiat ja A-klass tarvikuid ning furnituure voodi k\u00fcljed on eemaldatavad \u00fchelt voodi k\u00fcljelt on v\u00f5imalik \u00e4ra v\u00f5tta 3 pulka,\u00a0et laps kasvades saaks ise voodisse minna ja voodist v\u00e4lja tulla voodip\u00f5hja v\u00f5imalik t\u00f5sta 3 erinevat k\u00f5rgust [&hellip;]<\/p>\n","protected":false},"featured_media":125341,"template":"","meta":{"_acf_changed":false},"pwb-brand":[],"product_brand":[],"product_cat":[11567,11747,11553,11789,11793],"product_tag":[],"class_list":{"0":"post-458271","1":"product","2":"type-product","3":"status-publish","4":"has-post-thumbnail","6":"product_cat-vorevoodid-ru","7":"product_cat-madratsile-70x140-ru","8":"product_cat-beebivoodid-reisivoodid-hallid-ru","9":"product_cat-lastemoobel-ja-sisustus-ru","10":"product_cat-laos-ru","12":"first","13":"onbackorder","14":"sale","15":"taxable","16":"shipping-taxable","17":"purchasable","18":"product-type-simple"},"exclude_global_add_ons":[],"addons":[],"acf":[],"yoast_head":"<!-- This site is optimized with the Yoast SEO plugin v27.3 - https:\/\/yoast.com\/product\/yoast-seo-wordpress\/ -->\n<title>Beebivoodi Snap 70x140, valge, \u0414\u0435\u0442\u0441\u043a\u0438e \u043a\u0440\u043e\u0432\u0430\u0442\u043a\u0438, \u043f\u0435\u0440\u0435\u043d\u043e\u0441\u043d\u044b\u0435 \u043a\u0440\u043e\u0432\u0430\u0442\u043a\u0438, \u043b\u044e\u043b\u044c\u043a\u0438, \u0414\u0435\u0442\u0441\u043a\u0438e \u043a\u0440\u043e\u0432\u0430\u0442\u043a\u0438, \u043c\u0430\u0442\u0440\u0430\u0441 70x140, M\u0435\u0431\u0435\u043b\u044c, Ha c\u043a\u043b\u0430\u0434\u0435, Beebipood<\/title>\n<meta name=\"description\" content=\"Beebivoodi Snap 70x140, valge, valmistatud p&ouml;&ouml;gi puidust, MDF&#039;st ja melamiinist viimistlus: valge \/ p&ouml;&ouml;k sobib\" \/>\n<meta name=\"robots\" content=\"index, follow, max-snippet:-1, max-image-preview:large, max-video-preview:-1\" \/>\n<link rel=\"canonical\" href=\"https:\/\/beebipood.ee\/ru\/produkt\/beebivoodi-snap-70x140\/\" \/>\n<meta property=\"og:locale\" content=\"ru_RU\" \/>\n<meta property=\"og:type\" content=\"article\" \/>\n<meta property=\"og:title\" content=\"Beebivoodi Snap 70x140, valge, \u0414\u0435\u0442\u0441\u043a\u0438e \u043a\u0440\u043e\u0432\u0430\u0442\u043a\u0438, \u043f\u0435\u0440\u0435\u043d\u043e\u0441\u043d\u044b\u0435 \u043a\u0440\u043e\u0432\u0430\u0442\u043a\u0438, \u043b\u044e\u043b\u044c\u043a\u0438, \u0414\u0435\u0442\u0441\u043a\u0438e \u043a\u0440\u043e\u0432\u0430\u0442\u043a\u0438, \u043c\u0430\u0442\u0440\u0430\u0441 70x140, M\u0435\u0431\u0435\u043b\u044c, Ha c\u043a\u043b\u0430\u0434\u0435, Beebipood\" \/>\n<meta property=\"og:description\" content=\"Beebivoodi Snap 70x140, valge, valmistatud p&ouml;&ouml;gi puidust, MDF&#039;st ja melamiinist viimistlus: valge \/ p&ouml;&ouml;k sobib\" \/>\n<meta property=\"og:url\" content=\"https:\/\/beebipood.ee\/ru\/produkt\/beebivoodi-snap-70x140\/\" \/>\n<meta property=\"og:site_name\" content=\"Beebipood\" \/>\n<meta property=\"article:modified_time\" content=\"2025-01-09T08:49:07+00:00\" \/>\n<meta property=\"og:image\" content=\"https:\/\/beebipood.ee\/wp-content\/uploads\/2018\/08\/Beebivoodi-Snap-70x140-Beebivoodid-reisivoodid-hallid-Vorevoodid-UUED-TOOTED-madratsile-70x140-Lastemoobel-ja-sisustus_3-9f1.jpg\" \/>\n\t<meta property=\"og:image:width\" content=\"1772\" \/>\n\t<meta property=\"og:image:height\" content=\"1378\" \/>\n\t<meta property=\"og:image:type\" content=\"image\/jpeg\" \/>\n<meta name=\"twitter:card\" content=\"summary_large_image\" \/>\n<meta name=\"twitter:label1\" content=\"\u041f\u0440\u0438\u043c\u0435\u0440\u043d\u043e\u0435 \u0432\u0440\u0435\u043c\u044f \u0434\u043b\u044f \u0447\u0442\u0435\u043d\u0438\u044f\" \/>\n\t<meta name=\"twitter:data1\" content=\"1 \u043c\u0438\u043d\u0443\u0442\u0430\" \/>\n<script type=\"application\/ld+json\" class=\"yoast-schema-graph\">{\"@context\":\"https:\\\/\\\/schema.org\",\"@graph\":[{\"@type\":\"WebPage\",\"@id\":\"https:\\\/\\\/beebipood.ee\\\/ru\\\/produkt\\\/beebivoodi-snap-70x140\\\/\",\"url\":\"https:\\\/\\\/beebipood.ee\\\/ru\\\/produkt\\\/beebivoodi-snap-70x140\\\/\",\"name\":\"Beebivoodi Snap 70x140, valge, \u0414\u0435\u0442\u0441\u043a\u0438e \u043a\u0440\u043e\u0432\u0430\u0442\u043a\u0438, \u043f\u0435\u0440\u0435\u043d\u043e\u0441\u043d\u044b\u0435 \u043a\u0440\u043e\u0432\u0430\u0442\u043a\u0438, \u043b\u044e\u043b\u044c\u043a\u0438, \u0414\u0435\u0442\u0441\u043a\u0438e \u043a\u0440\u043e\u0432\u0430\u0442\u043a\u0438, \u043c\u0430\u0442\u0440\u0430\u0441 70x140, M\u0435\u0431\u0435\u043b\u044c, Ha c\u043a\u043b\u0430\u0434\u0435, Beebipood\",\"isPartOf\":{\"@id\":\"https:\\\/\\\/beebipood.ee\\\/ru\\\/#website\"},\"primaryImageOfPage\":{\"@id\":\"https:\\\/\\\/beebipood.ee\\\/ru\\\/produkt\\\/beebivoodi-snap-70x140\\\/#primaryimage\"},\"image\":{\"@id\":\"https:\\\/\\\/beebipood.ee\\\/ru\\\/produkt\\\/beebivoodi-snap-70x140\\\/#primaryimage\"},\"thumbnailUrl\":\"https:\\\/\\\/beebipood.ee\\\/wp-content\\\/uploads\\\/2018\\\/08\\\/Beebivoodi-Snap-70x140-Beebivoodid-reisivoodid-hallid-Vorevoodid-UUED-TOOTED-madratsile-70x140-Lastemoobel-ja-sisustus_3-9f1.jpg\",\"datePublished\":\"2018-08-14T08:27:24+00:00\",\"dateModified\":\"2025-01-09T08:49:07+00:00\",\"description\":\"Beebivoodi Snap 70x140, valge, valmistatud p&ouml;&ouml;gi puidust, MDF'st ja melamiinist viimistlus: valge \\\/ p&ouml;&ouml;k sobib\",\"breadcrumb\":{\"@id\":\"https:\\\/\\\/beebipood.ee\\\/ru\\\/produkt\\\/beebivoodi-snap-70x140\\\/#breadcrumb\"},\"inLanguage\":\"ru-RU\",\"potentialAction\":[{\"@type\":\"ReadAction\",\"target\":[\"https:\\\/\\\/beebipood.ee\\\/ru\\\/produkt\\\/beebivoodi-snap-70x140\\\/\"]}]},{\"@type\":\"ImageObject\",\"inLanguage\":\"ru-RU\",\"@id\":\"https:\\\/\\\/beebipood.ee\\\/ru\\\/produkt\\\/beebivoodi-snap-70x140\\\/#primaryimage\",\"url\":\"https:\\\/\\\/beebipood.ee\\\/wp-content\\\/uploads\\\/2018\\\/08\\\/Beebivoodi-Snap-70x140-Beebivoodid-reisivoodid-hallid-Vorevoodid-UUED-TOOTED-madratsile-70x140-Lastemoobel-ja-sisustus_3-9f1.jpg\",\"contentUrl\":\"https:\\\/\\\/beebipood.ee\\\/wp-content\\\/uploads\\\/2018\\\/08\\\/Beebivoodi-Snap-70x140-Beebivoodid-reisivoodid-hallid-Vorevoodid-UUED-TOOTED-madratsile-70x140-Lastemoobel-ja-sisustus_3-9f1.jpg\",\"width\":1772,\"height\":1378},{\"@type\":\"BreadcrumbList\",\"@id\":\"https:\\\/\\\/beebipood.ee\\\/ru\\\/produkt\\\/beebivoodi-snap-70x140\\\/#breadcrumb\",\"itemListElement\":[{\"@type\":\"ListItem\",\"position\":1,\"name\":\"Home\",\"item\":\"https:\\\/\\\/beebipood.ee\\\/ru\\\/\"},{\"@type\":\"ListItem\",\"position\":2,\"name\":\"\u041a\u0430\u0442\u0430\u043b\u043e\u0433 \u0442\u043e\u0432\u0430\u0440\u043e\u0432\",\"item\":\"https:\\\/\\\/beebipood.ee\\\/tooted\\\/\"},{\"@type\":\"ListItem\",\"position\":3,\"name\":\"Beebivoodi Snap 70&#215;140, valge\"}]},{\"@type\":\"WebSite\",\"@id\":\"https:\\\/\\\/beebipood.ee\\\/ru\\\/#website\",\"url\":\"https:\\\/\\\/beebipood.ee\\\/ru\\\/\",\"name\":\"Beebipood\",\"description\":\"Lastekaubad, beebikaubad, m\u00e4nguasjad\",\"publisher\":{\"@id\":\"https:\\\/\\\/beebipood.ee\\\/ru\\\/#organization\"},\"potentialAction\":[{\"@type\":\"SearchAction\",\"target\":{\"@type\":\"EntryPoint\",\"urlTemplate\":\"https:\\\/\\\/beebipood.ee\\\/ru\\\/?s={search_term_string}\"},\"query-input\":{\"@type\":\"PropertyValueSpecification\",\"valueRequired\":true,\"valueName\":\"search_term_string\"}}],\"inLanguage\":\"ru-RU\"},{\"@type\":\"Organization\",\"@id\":\"https:\\\/\\\/beebipood.ee\\\/ru\\\/#organization\",\"name\":\"Beebipood\",\"url\":\"https:\\\/\\\/beebipood.ee\\\/ru\\\/\",\"logo\":{\"@type\":\"ImageObject\",\"inLanguage\":\"ru-RU\",\"@id\":\"https:\\\/\\\/beebipood.ee\\\/ru\\\/#\\\/schema\\\/logo\\\/image\\\/\",\"url\":\"https:\\\/\\\/beebipood.ee\\\/wp-content\\\/uploads\\\/2025\\\/03\\\/beebipood.ee-logo-1.svg\",\"contentUrl\":\"https:\\\/\\\/beebipood.ee\\\/wp-content\\\/uploads\\\/2025\\\/03\\\/beebipood.ee-logo-1.svg\",\"caption\":\"Beebipood\"},\"image\":{\"@id\":\"https:\\\/\\\/beebipood.ee\\\/ru\\\/#\\\/schema\\\/logo\\\/image\\\/\"}}]}<\/script>\n<!-- \/ Yoast SEO plugin. -->","yoast_head_json":{"title":"Beebivoodi Snap 70x140, valge, \u0414\u0435\u0442\u0441\u043a\u0438e \u043a\u0440\u043e\u0432\u0430\u0442\u043a\u0438, \u043f\u0435\u0440\u0435\u043d\u043e\u0441\u043d\u044b\u0435 \u043a\u0440\u043e\u0432\u0430\u0442\u043a\u0438, \u043b\u044e\u043b\u044c\u043a\u0438, \u0414\u0435\u0442\u0441\u043a\u0438e \u043a\u0440\u043e\u0432\u0430\u0442\u043a\u0438, \u043c\u0430\u0442\u0440\u0430\u0441 70x140, M\u0435\u0431\u0435\u043b\u044c, Ha c\u043a\u043b\u0430\u0434\u0435, Beebipood","description":"Beebivoodi Snap 70x140, valge, valmistatud p&ouml;&ouml;gi puidust, MDF'st ja melamiinist viimistlus: valge \/ p&ouml;&ouml;k sobib","robots":{"index":"index","follow":"follow","max-snippet":"max-snippet:-1","max-image-preview":"max-image-preview:large","max-video-preview":"max-video-preview:-1"},"canonical":"https:\/\/beebipood.ee\/ru\/produkt\/beebivoodi-snap-70x140\/","og_locale":"ru_RU","og_type":"article","og_title":"Beebivoodi Snap 70x140, valge, \u0414\u0435\u0442\u0441\u043a\u0438e \u043a\u0440\u043e\u0432\u0430\u0442\u043a\u0438, \u043f\u0435\u0440\u0435\u043d\u043e\u0441\u043d\u044b\u0435 \u043a\u0440\u043e\u0432\u0430\u0442\u043a\u0438, \u043b\u044e\u043b\u044c\u043a\u0438, \u0414\u0435\u0442\u0441\u043a\u0438e \u043a\u0440\u043e\u0432\u0430\u0442\u043a\u0438, \u043c\u0430\u0442\u0440\u0430\u0441 70x140, M\u0435\u0431\u0435\u043b\u044c, Ha c\u043a\u043b\u0430\u0434\u0435, Beebipood","og_description":"Beebivoodi Snap 70x140, valge, valmistatud p&ouml;&ouml;gi puidust, MDF'st ja melamiinist viimistlus: valge \/ p&ouml;&ouml;k sobib","og_url":"https:\/\/beebipood.ee\/ru\/produkt\/beebivoodi-snap-70x140\/","og_site_name":"Beebipood","article_modified_time":"2025-01-09T08:49:07+00:00","og_image":[{"width":1772,"height":1378,"url":"https:\/\/beebipood.ee\/wp-content\/uploads\/2018\/08\/Beebivoodi-Snap-70x140-Beebivoodid-reisivoodid-hallid-Vorevoodid-UUED-TOOTED-madratsile-70x140-Lastemoobel-ja-sisustus_3-9f1.jpg","type":"image\/jpeg"}],"twitter_card":"summary_large_image","twitter_misc":{"\u041f\u0440\u0438\u043c\u0435\u0440\u043d\u043e\u0435 \u0432\u0440\u0435\u043c\u044f \u0434\u043b\u044f \u0447\u0442\u0435\u043d\u0438\u044f":"1 \u043c\u0438\u043d\u0443\u0442\u0430"},"schema":{"@context":"https:\/\/schema.org","@graph":[{"@type":"WebPage","@id":"https:\/\/beebipood.ee\/ru\/produkt\/beebivoodi-snap-70x140\/","url":"https:\/\/beebipood.ee\/ru\/produkt\/beebivoodi-snap-70x140\/","name":"Beebivoodi Snap 70x140, valge, \u0414\u0435\u0442\u0441\u043a\u0438e \u043a\u0440\u043e\u0432\u0430\u0442\u043a\u0438, \u043f\u0435\u0440\u0435\u043d\u043e\u0441\u043d\u044b\u0435 \u043a\u0440\u043e\u0432\u0430\u0442\u043a\u0438, \u043b\u044e\u043b\u044c\u043a\u0438, \u0414\u0435\u0442\u0441\u043a\u0438e \u043a\u0440\u043e\u0432\u0430\u0442\u043a\u0438, \u043c\u0430\u0442\u0440\u0430\u0441 70x140, M\u0435\u0431\u0435\u043b\u044c, Ha c\u043a\u043b\u0430\u0434\u0435, Beebipood","isPartOf":{"@id":"https:\/\/beebipood.ee\/ru\/#website"},"primaryImageOfPage":{"@id":"https:\/\/beebipood.ee\/ru\/produkt\/beebivoodi-snap-70x140\/#primaryimage"},"image":{"@id":"https:\/\/beebipood.ee\/ru\/produkt\/beebivoodi-snap-70x140\/#primaryimage"},"thumbnailUrl":"https:\/\/beebipood.ee\/wp-content\/uploads\/2018\/08\/Beebivoodi-Snap-70x140-Beebivoodid-reisivoodid-hallid-Vorevoodid-UUED-TOOTED-madratsile-70x140-Lastemoobel-ja-sisustus_3-9f1.jpg","datePublished":"2018-08-14T08:27:24+00:00","dateModified":"2025-01-09T08:49:07+00:00","description":"Beebivoodi Snap 70x140, valge, valmistatud p&ouml;&ouml;gi puidust, MDF'st ja melamiinist viimistlus: valge \/ p&ouml;&ouml;k sobib","breadcrumb":{"@id":"https:\/\/beebipood.ee\/ru\/produkt\/beebivoodi-snap-70x140\/#breadcrumb"},"inLanguage":"ru-RU","potentialAction":[{"@type":"ReadAction","target":["https:\/\/beebipood.ee\/ru\/produkt\/beebivoodi-snap-70x140\/"]}]},{"@type":"ImageObject","inLanguage":"ru-RU","@id":"https:\/\/beebipood.ee\/ru\/produkt\/beebivoodi-snap-70x140\/#primaryimage","url":"https:\/\/beebipood.ee\/wp-content\/uploads\/2018\/08\/Beebivoodi-Snap-70x140-Beebivoodid-reisivoodid-hallid-Vorevoodid-UUED-TOOTED-madratsile-70x140-Lastemoobel-ja-sisustus_3-9f1.jpg","contentUrl":"https:\/\/beebipood.ee\/wp-content\/uploads\/2018\/08\/Beebivoodi-Snap-70x140-Beebivoodid-reisivoodid-hallid-Vorevoodid-UUED-TOOTED-madratsile-70x140-Lastemoobel-ja-sisustus_3-9f1.jpg","width":1772,"height":1378},{"@type":"BreadcrumbList","@id":"https:\/\/beebipood.ee\/ru\/produkt\/beebivoodi-snap-70x140\/#breadcrumb","itemListElement":[{"@type":"ListItem","position":1,"name":"Home","item":"https:\/\/beebipood.ee\/ru\/"},{"@type":"ListItem","position":2,"name":"\u041a\u0430\u0442\u0430\u043b\u043e\u0433 \u0442\u043e\u0432\u0430\u0440\u043e\u0432","item":"https:\/\/beebipood.ee\/tooted\/"},{"@type":"ListItem","position":3,"name":"Beebivoodi Snap 70&#215;140, valge"}]},{"@type":"WebSite","@id":"https:\/\/beebipood.ee\/ru\/#website","url":"https:\/\/beebipood.ee\/ru\/","name":"Beebipood","description":"Lastekaubad, beebikaubad, m\u00e4nguasjad","publisher":{"@id":"https:\/\/beebipood.ee\/ru\/#organization"},"potentialAction":[{"@type":"SearchAction","target":{"@type":"EntryPoint","urlTemplate":"https:\/\/beebipood.ee\/ru\/?s={search_term_string}"},"query-input":{"@type":"PropertyValueSpecification","valueRequired":true,"valueName":"search_term_string"}}],"inLanguage":"ru-RU"},{"@type":"Organization","@id":"https:\/\/beebipood.ee\/ru\/#organization","name":"Beebipood","url":"https:\/\/beebipood.ee\/ru\/","logo":{"@type":"ImageObject","inLanguage":"ru-RU","@id":"https:\/\/beebipood.ee\/ru\/#\/schema\/logo\/image\/","url":"https:\/\/beebipood.ee\/wp-content\/uploads\/2025\/03\/beebipood.ee-logo-1.svg","contentUrl":"https:\/\/beebipood.ee\/wp-content\/uploads\/2025\/03\/beebipood.ee-logo-1.svg","caption":"Beebipood"},"image":{"@id":"https:\/\/beebipood.ee\/ru\/#\/schema\/logo\/image\/"}}]}},"brands":[],"_links":{"self":[{"href":"https:\/\/beebipood.ee\/ru\/wp-json\/wp\/v2\/product\/458271","targetHints":{"allow":["GET"]}}],"collection":[{"href":"https:\/\/beebipood.ee\/ru\/wp-json\/wp\/v2\/product"}],"about":[{"href":"https:\/\/beebipood.ee\/ru\/wp-json\/wp\/v2\/types\/product"}],"wp:featuredmedia":[{"embeddable":true,"href":"https:\/\/beebipood.ee\/ru\/wp-json\/wp\/v2\/media\/125341"}],"wp:attachment":[{"href":"https:\/\/beebipood.ee\/ru\/wp-json\/wp\/v2\/media?parent=458271"}],"wp:term":[{"taxonomy":"pwb-brand","embeddable":true,"href":"https:\/\/beebipood.ee\/ru\/wp-json\/wp\/v2\/pwb-brand?post=458271"},{"taxonomy":"product_brand","embeddable":true,"href":"https:\/\/beebipood.ee\/ru\/wp-json\/wp\/v2\/product_brand?post=458271"},{"taxonomy":"product_cat","embeddable":true,"href":"https:\/\/beebipood.ee\/ru\/wp-json\/wp\/v2\/product_cat?post=458271"},{"taxonomy":"product_tag","embeddable":true,"href":"https:\/\/beebipood.ee\/ru\/wp-json\/wp\/v2\/product_tag?post=458271"}],"curies":[{"name":"wp","href":"https:\/\/api.w.org\/{rel}","templated":true}]}}