{"id":458279,"date":"2018-08-27T12:54:30","date_gmt":"2018-08-27T09:54:30","guid":{"rendered":"https:\/\/beebipood.ee\/toode\/capidi-beebimonitor-pearl\/"},"modified":"2025-01-09T10:49:07","modified_gmt":"2025-01-09T08:49:07","slug":"capidi-beebimonitor-pearl","status":"publish","type":"product","link":"https:\/\/beebipood.ee\/ru\/produkt\/capidi-beebimonitor-pearl\/","title":{"rendered":"Capidi beebimonitor, Pearl"},"content":{"rendered":"<p>Uus ja kaasaegne beebimonitor firmalt Capidi, mis on v\u00e4lja t\u00f6\u00f6tatud Rootsis. <br \/>Capidi keskendub lihtsusele, ohutusele ja disainile.<br \/>Capidi beebimonitor on m\u00f5eldud just Skandinaavia kliima jaoks <br \/>ning seet\u00f5ttu kestab selle aku ka k\u00fclmemates tingimustes.<br \/>Aku kestvus ooteajal 109 tundi<br \/>Tegevusraadius vabas \u00f5hus kuni 800m<br \/>Madal kiirgus (alla 10%)<br \/>Automaatne sidumine kahe seadme vahel<br \/>Kr\u00fcpteeritud sagedused 863-870 MHz<br \/>Madala akutaseme hoiatus<br \/>Levialast v\u00e4ljumise hoiatus<br \/>Vibratsioon<br \/>LED m\u00f5\u00f5dustik m\u00f5lemal seadmel<br \/>Mikrofoni tundlikkuse\/helitugevuse reguleerimine<br \/>V\u00f6\u00f6klamber<br \/>Komplektis kaasas \u00f6\u00f6valgustusega adapter m\u00f5lema monitori laadimiseks (v\u00f5imalik laadida ka tavalise mini-usb kaabliga)<\/p>\n<p>Antud beebimonitori on v\u00f5imalik t\u00e4iustada oma enda unikaalse disainiga, <br \/>t\u00e4nu vahetatavale esipaneelile (uuri lisaks: www.capidi.com).<br \/>Capidi AB kinnitab k\u00e4esolevaga, et sellist laadi raadioseade vastab Euroopa Liidu direktiivile 2014\/53\/EU.<br \/>EL-i vastavusdeklaratsiooni t\u00e4ielik tekst on saadaval j\u00e4rgmisel veebisaidil: www.capidi.com<br \/>Lae alla eestikeelne kasutusjuhend <a href=\"https:\/\/drive.google.com\/file\/d\/0B7G5xAN3UgarWTB6WEduUllOREk\/view\">siit<\/a><\/p>\n","protected":false},"excerpt":{"rendered":"<p>Uus ja kaasaegne beebimonitor firmalt Capidi, mis on v\u00e4lja t\u00f6\u00f6tatud Rootsis. Capidi keskendub lihtsusele, ohutusele ja disainile.Capidi beebimonitor on m\u00f5eldud just Skandinaavia kliima jaoks ning seet\u00f5ttu kestab selle aku ka k\u00fclmemates tingimustes.Aku kestvus ooteajal 109 tundiTegevusraadius vabas \u00f5hus kuni 800mMadal kiirgus (alla 10%)Automaatne sidumine kahe seadme vahelKr\u00fcpteeritud sagedused 863-870 MHzMadala akutaseme hoiatusLevialast v\u00e4ljumise hoiatusVibratsioonLED m\u00f5\u00f5dustik [&hellip;]<\/p>\n","protected":false},"featured_media":125373,"template":"","meta":{"_acf_changed":false},"pwb-brand":[],"product_brand":[],"product_cat":[11707,11709,11791],"product_tag":[],"class_list":{"0":"post-458279","1":"product","2":"type-product","3":"status-publish","4":"has-post-thumbnail","6":"product_cat-beebimonitorid-ru","7":"product_cat-sootmistoolid-beebi-ja-lastetarbed-mahkimine-hugieen-ru","8":"product_cat-turvavarustus-ru","10":"first","11":"onbackorder","12":"taxable","13":"shipping-taxable","14":"purchasable","15":"product-type-simple"},"exclude_global_add_ons":[],"addons":[],"acf":[],"yoast_head":"<!-- This site is optimized with the Yoast SEO plugin v27.1.1 - https:\/\/yoast.com\/product\/yoast-seo-wordpress\/ -->\n<title>Capidi beebimonitor, Pearl, \u0421\u041a\u0418\u0414\u041a\u0418, \u0420\u0430\u0434\u0438\u043e\u043d\u044f\u043d\u0438, \u041f\u0440\u0438\u043d\u0430\u0434\u043b\u0435\u0436\u043d\u043e\u0441\u0442\u0438 \u0434\u043b\u044f \u043c\u043b\u0430\u0434\u0435\u043d\u0446\u0435\u0432, \u0421\u043d\u0430\u0440\u044f\u0436\u0435\u043d\u0438\u044f \u0431\u0435\u0437\u043e\u043f\u0430\u0441\u043d\u043e\u0441\u0442\u0438, Beebipood<\/title>\n<meta name=\"description\" content=\"Capidi beebimonitor, Pearl, Uus ja kaasaegne beebimonitor firmalt Capidi, mis on v&auml;lja t&ouml;&ouml;tatud Rootsis. Capidi keskendub lihtsusele, oh\" \/>\n<meta name=\"robots\" content=\"index, follow, max-snippet:-1, max-image-preview:large, max-video-preview:-1\" \/>\n<link rel=\"canonical\" href=\"https:\/\/beebipood.ee\/ru\/produkt\/capidi-beebimonitor-pearl\/\" \/>\n<meta property=\"og:locale\" content=\"ru_RU\" \/>\n<meta property=\"og:type\" content=\"article\" \/>\n<meta property=\"og:title\" content=\"Capidi beebimonitor, Pearl, \u0421\u041a\u0418\u0414\u041a\u0418, \u0420\u0430\u0434\u0438\u043e\u043d\u044f\u043d\u0438, \u041f\u0440\u0438\u043d\u0430\u0434\u043b\u0435\u0436\u043d\u043e\u0441\u0442\u0438 \u0434\u043b\u044f \u043c\u043b\u0430\u0434\u0435\u043d\u0446\u0435\u0432, \u0421\u043d\u0430\u0440\u044f\u0436\u0435\u043d\u0438\u044f \u0431\u0435\u0437\u043e\u043f\u0430\u0441\u043d\u043e\u0441\u0442\u0438, Beebipood\" \/>\n<meta property=\"og:description\" content=\"Capidi beebimonitor, Pearl, Uus ja kaasaegne beebimonitor firmalt Capidi, mis on v&auml;lja t&ouml;&ouml;tatud Rootsis. Capidi keskendub lihtsusele, oh\" \/>\n<meta property=\"og:url\" content=\"https:\/\/beebipood.ee\/ru\/produkt\/capidi-beebimonitor-pearl\/\" \/>\n<meta property=\"og:site_name\" content=\"Beebipood\" \/>\n<meta property=\"article:modified_time\" content=\"2025-01-09T08:49:07+00:00\" \/>\n<meta property=\"og:image\" content=\"https:\/\/beebipood.ee\/wp-content\/uploads\/2018\/08\/Capidi-beebimonitor-Pearl-UUED-TOOTED-Beebimonitorid-Beebi-ja-lastetarbed-Turvavarustus_2-f89.jpg\" \/>\n\t<meta property=\"og:image:width\" content=\"850\" \/>\n\t<meta property=\"og:image:height\" content=\"609\" \/>\n\t<meta property=\"og:image:type\" content=\"image\/jpeg\" \/>\n<meta name=\"twitter:card\" content=\"summary_large_image\" \/>\n<meta name=\"twitter:label1\" content=\"\u041f\u0440\u0438\u043c\u0435\u0440\u043d\u043e\u0435 \u0432\u0440\u0435\u043c\u044f \u0434\u043b\u044f \u0447\u0442\u0435\u043d\u0438\u044f\" \/>\n\t<meta name=\"twitter:data1\" content=\"1 \u043c\u0438\u043d\u0443\u0442\u0430\" \/>\n<script type=\"application\/ld+json\" class=\"yoast-schema-graph\">{\"@context\":\"https:\/\/schema.org\",\"@graph\":[{\"@type\":\"WebPage\",\"@id\":\"https:\/\/beebipood.ee\/ru\/produkt\/capidi-beebimonitor-pearl\/\",\"url\":\"https:\/\/beebipood.ee\/ru\/produkt\/capidi-beebimonitor-pearl\/\",\"name\":\"Capidi beebimonitor, Pearl, \u0421\u041a\u0418\u0414\u041a\u0418, \u0420\u0430\u0434\u0438\u043e\u043d\u044f\u043d\u0438, \u041f\u0440\u0438\u043d\u0430\u0434\u043b\u0435\u0436\u043d\u043e\u0441\u0442\u0438 \u0434\u043b\u044f \u043c\u043b\u0430\u0434\u0435\u043d\u0446\u0435\u0432, \u0421\u043d\u0430\u0440\u044f\u0436\u0435\u043d\u0438\u044f \u0431\u0435\u0437\u043e\u043f\u0430\u0441\u043d\u043e\u0441\u0442\u0438, Beebipood\",\"isPartOf\":{\"@id\":\"https:\/\/beebipood.ee\/ru\/#website\"},\"primaryImageOfPage\":{\"@id\":\"https:\/\/beebipood.ee\/ru\/produkt\/capidi-beebimonitor-pearl\/#primaryimage\"},\"image\":{\"@id\":\"https:\/\/beebipood.ee\/ru\/produkt\/capidi-beebimonitor-pearl\/#primaryimage\"},\"thumbnailUrl\":\"https:\/\/beebipood.ee\/wp-content\/uploads\/2018\/08\/Capidi-beebimonitor-Pearl-UUED-TOOTED-Beebimonitorid-Beebi-ja-lastetarbed-Turvavarustus_2-f89.jpg\",\"datePublished\":\"2018-08-27T09:54:30+00:00\",\"dateModified\":\"2025-01-09T08:49:07+00:00\",\"description\":\"Capidi beebimonitor, Pearl, Uus ja kaasaegne beebimonitor firmalt Capidi, mis on v&auml;lja t&ouml;&ouml;tatud Rootsis. Capidi keskendub lihtsusele, oh\",\"breadcrumb\":{\"@id\":\"https:\/\/beebipood.ee\/ru\/produkt\/capidi-beebimonitor-pearl\/#breadcrumb\"},\"inLanguage\":\"ru-RU\",\"potentialAction\":[{\"@type\":\"ReadAction\",\"target\":[\"https:\/\/beebipood.ee\/ru\/produkt\/capidi-beebimonitor-pearl\/\"]}]},{\"@type\":\"ImageObject\",\"inLanguage\":\"ru-RU\",\"@id\":\"https:\/\/beebipood.ee\/ru\/produkt\/capidi-beebimonitor-pearl\/#primaryimage\",\"url\":\"https:\/\/beebipood.ee\/wp-content\/uploads\/2018\/08\/Capidi-beebimonitor-Pearl-UUED-TOOTED-Beebimonitorid-Beebi-ja-lastetarbed-Turvavarustus_2-f89.jpg\",\"contentUrl\":\"https:\/\/beebipood.ee\/wp-content\/uploads\/2018\/08\/Capidi-beebimonitor-Pearl-UUED-TOOTED-Beebimonitorid-Beebi-ja-lastetarbed-Turvavarustus_2-f89.jpg\",\"width\":850,\"height\":609},{\"@type\":\"BreadcrumbList\",\"@id\":\"https:\/\/beebipood.ee\/ru\/produkt\/capidi-beebimonitor-pearl\/#breadcrumb\",\"itemListElement\":[{\"@type\":\"ListItem\",\"position\":1,\"name\":\"Home\",\"item\":\"https:\/\/beebipood.ee\/ru\/\"},{\"@type\":\"ListItem\",\"position\":2,\"name\":\"\u041a\u0430\u0442\u0430\u043b\u043e\u0433 \u0442\u043e\u0432\u0430\u0440\u043e\u0432\",\"item\":\"https:\/\/beebipood.ee\/tooted\/\"},{\"@type\":\"ListItem\",\"position\":3,\"name\":\"Capidi beebimonitor, Pearl\"}]},{\"@type\":\"WebSite\",\"@id\":\"https:\/\/beebipood.ee\/ru\/#website\",\"url\":\"https:\/\/beebipood.ee\/ru\/\",\"name\":\"Beebipood\",\"description\":\"Lastekaubad, beebikaubad, m\u00e4nguasjad\",\"publisher\":{\"@id\":\"https:\/\/beebipood.ee\/ru\/#organization\"},\"potentialAction\":[{\"@type\":\"SearchAction\",\"target\":{\"@type\":\"EntryPoint\",\"urlTemplate\":\"https:\/\/beebipood.ee\/ru\/?s={search_term_string}\"},\"query-input\":{\"@type\":\"PropertyValueSpecification\",\"valueRequired\":true,\"valueName\":\"search_term_string\"}}],\"inLanguage\":\"ru-RU\"},{\"@type\":\"Organization\",\"@id\":\"https:\/\/beebipood.ee\/ru\/#organization\",\"name\":\"Beebipood\",\"url\":\"https:\/\/beebipood.ee\/ru\/\",\"logo\":{\"@type\":\"ImageObject\",\"inLanguage\":\"ru-RU\",\"@id\":\"https:\/\/beebipood.ee\/ru\/#\/schema\/logo\/image\/\",\"url\":\"https:\/\/beebipood.ee\/wp-content\/uploads\/2025\/03\/beebipood.ee-logo-1.svg\",\"contentUrl\":\"https:\/\/beebipood.ee\/wp-content\/uploads\/2025\/03\/beebipood.ee-logo-1.svg\",\"caption\":\"Beebipood\"},\"image\":{\"@id\":\"https:\/\/beebipood.ee\/ru\/#\/schema\/logo\/image\/\"}}]}<\/script>\n<!-- \/ Yoast SEO plugin. -->","yoast_head_json":{"title":"Capidi beebimonitor, Pearl, \u0421\u041a\u0418\u0414\u041a\u0418, \u0420\u0430\u0434\u0438\u043e\u043d\u044f\u043d\u0438, \u041f\u0440\u0438\u043d\u0430\u0434\u043b\u0435\u0436\u043d\u043e\u0441\u0442\u0438 \u0434\u043b\u044f \u043c\u043b\u0430\u0434\u0435\u043d\u0446\u0435\u0432, \u0421\u043d\u0430\u0440\u044f\u0436\u0435\u043d\u0438\u044f \u0431\u0435\u0437\u043e\u043f\u0430\u0441\u043d\u043e\u0441\u0442\u0438, Beebipood","description":"Capidi beebimonitor, Pearl, Uus ja kaasaegne beebimonitor firmalt Capidi, mis on v&auml;lja t&ouml;&ouml;tatud Rootsis. Capidi keskendub lihtsusele, oh","robots":{"index":"index","follow":"follow","max-snippet":"max-snippet:-1","max-image-preview":"max-image-preview:large","max-video-preview":"max-video-preview:-1"},"canonical":"https:\/\/beebipood.ee\/ru\/produkt\/capidi-beebimonitor-pearl\/","og_locale":"ru_RU","og_type":"article","og_title":"Capidi beebimonitor, Pearl, \u0421\u041a\u0418\u0414\u041a\u0418, \u0420\u0430\u0434\u0438\u043e\u043d\u044f\u043d\u0438, \u041f\u0440\u0438\u043d\u0430\u0434\u043b\u0435\u0436\u043d\u043e\u0441\u0442\u0438 \u0434\u043b\u044f \u043c\u043b\u0430\u0434\u0435\u043d\u0446\u0435\u0432, \u0421\u043d\u0430\u0440\u044f\u0436\u0435\u043d\u0438\u044f \u0431\u0435\u0437\u043e\u043f\u0430\u0441\u043d\u043e\u0441\u0442\u0438, Beebipood","og_description":"Capidi beebimonitor, Pearl, Uus ja kaasaegne beebimonitor firmalt Capidi, mis on v&auml;lja t&ouml;&ouml;tatud Rootsis. Capidi keskendub lihtsusele, oh","og_url":"https:\/\/beebipood.ee\/ru\/produkt\/capidi-beebimonitor-pearl\/","og_site_name":"Beebipood","article_modified_time":"2025-01-09T08:49:07+00:00","og_image":[{"width":850,"height":609,"url":"https:\/\/beebipood.ee\/wp-content\/uploads\/2018\/08\/Capidi-beebimonitor-Pearl-UUED-TOOTED-Beebimonitorid-Beebi-ja-lastetarbed-Turvavarustus_2-f89.jpg","type":"image\/jpeg"}],"twitter_card":"summary_large_image","twitter_misc":{"\u041f\u0440\u0438\u043c\u0435\u0440\u043d\u043e\u0435 \u0432\u0440\u0435\u043c\u044f \u0434\u043b\u044f \u0447\u0442\u0435\u043d\u0438\u044f":"1 \u043c\u0438\u043d\u0443\u0442\u0430"},"schema":{"@context":"https:\/\/schema.org","@graph":[{"@type":"WebPage","@id":"https:\/\/beebipood.ee\/ru\/produkt\/capidi-beebimonitor-pearl\/","url":"https:\/\/beebipood.ee\/ru\/produkt\/capidi-beebimonitor-pearl\/","name":"Capidi beebimonitor, Pearl, \u0421\u041a\u0418\u0414\u041a\u0418, \u0420\u0430\u0434\u0438\u043e\u043d\u044f\u043d\u0438, \u041f\u0440\u0438\u043d\u0430\u0434\u043b\u0435\u0436\u043d\u043e\u0441\u0442\u0438 \u0434\u043b\u044f \u043c\u043b\u0430\u0434\u0435\u043d\u0446\u0435\u0432, \u0421\u043d\u0430\u0440\u044f\u0436\u0435\u043d\u0438\u044f \u0431\u0435\u0437\u043e\u043f\u0430\u0441\u043d\u043e\u0441\u0442\u0438, Beebipood","isPartOf":{"@id":"https:\/\/beebipood.ee\/ru\/#website"},"primaryImageOfPage":{"@id":"https:\/\/beebipood.ee\/ru\/produkt\/capidi-beebimonitor-pearl\/#primaryimage"},"image":{"@id":"https:\/\/beebipood.ee\/ru\/produkt\/capidi-beebimonitor-pearl\/#primaryimage"},"thumbnailUrl":"https:\/\/beebipood.ee\/wp-content\/uploads\/2018\/08\/Capidi-beebimonitor-Pearl-UUED-TOOTED-Beebimonitorid-Beebi-ja-lastetarbed-Turvavarustus_2-f89.jpg","datePublished":"2018-08-27T09:54:30+00:00","dateModified":"2025-01-09T08:49:07+00:00","description":"Capidi beebimonitor, Pearl, Uus ja kaasaegne beebimonitor firmalt Capidi, mis on v&auml;lja t&ouml;&ouml;tatud Rootsis. Capidi keskendub lihtsusele, oh","breadcrumb":{"@id":"https:\/\/beebipood.ee\/ru\/produkt\/capidi-beebimonitor-pearl\/#breadcrumb"},"inLanguage":"ru-RU","potentialAction":[{"@type":"ReadAction","target":["https:\/\/beebipood.ee\/ru\/produkt\/capidi-beebimonitor-pearl\/"]}]},{"@type":"ImageObject","inLanguage":"ru-RU","@id":"https:\/\/beebipood.ee\/ru\/produkt\/capidi-beebimonitor-pearl\/#primaryimage","url":"https:\/\/beebipood.ee\/wp-content\/uploads\/2018\/08\/Capidi-beebimonitor-Pearl-UUED-TOOTED-Beebimonitorid-Beebi-ja-lastetarbed-Turvavarustus_2-f89.jpg","contentUrl":"https:\/\/beebipood.ee\/wp-content\/uploads\/2018\/08\/Capidi-beebimonitor-Pearl-UUED-TOOTED-Beebimonitorid-Beebi-ja-lastetarbed-Turvavarustus_2-f89.jpg","width":850,"height":609},{"@type":"BreadcrumbList","@id":"https:\/\/beebipood.ee\/ru\/produkt\/capidi-beebimonitor-pearl\/#breadcrumb","itemListElement":[{"@type":"ListItem","position":1,"name":"Home","item":"https:\/\/beebipood.ee\/ru\/"},{"@type":"ListItem","position":2,"name":"\u041a\u0430\u0442\u0430\u043b\u043e\u0433 \u0442\u043e\u0432\u0430\u0440\u043e\u0432","item":"https:\/\/beebipood.ee\/tooted\/"},{"@type":"ListItem","position":3,"name":"Capidi beebimonitor, Pearl"}]},{"@type":"WebSite","@id":"https:\/\/beebipood.ee\/ru\/#website","url":"https:\/\/beebipood.ee\/ru\/","name":"Beebipood","description":"Lastekaubad, beebikaubad, m\u00e4nguasjad","publisher":{"@id":"https:\/\/beebipood.ee\/ru\/#organization"},"potentialAction":[{"@type":"SearchAction","target":{"@type":"EntryPoint","urlTemplate":"https:\/\/beebipood.ee\/ru\/?s={search_term_string}"},"query-input":{"@type":"PropertyValueSpecification","valueRequired":true,"valueName":"search_term_string"}}],"inLanguage":"ru-RU"},{"@type":"Organization","@id":"https:\/\/beebipood.ee\/ru\/#organization","name":"Beebipood","url":"https:\/\/beebipood.ee\/ru\/","logo":{"@type":"ImageObject","inLanguage":"ru-RU","@id":"https:\/\/beebipood.ee\/ru\/#\/schema\/logo\/image\/","url":"https:\/\/beebipood.ee\/wp-content\/uploads\/2025\/03\/beebipood.ee-logo-1.svg","contentUrl":"https:\/\/beebipood.ee\/wp-content\/uploads\/2025\/03\/beebipood.ee-logo-1.svg","caption":"Beebipood"},"image":{"@id":"https:\/\/beebipood.ee\/ru\/#\/schema\/logo\/image\/"}}]}},"brands":[],"_links":{"self":[{"href":"https:\/\/beebipood.ee\/ru\/wp-json\/wp\/v2\/product\/458279","targetHints":{"allow":["GET"]}}],"collection":[{"href":"https:\/\/beebipood.ee\/ru\/wp-json\/wp\/v2\/product"}],"about":[{"href":"https:\/\/beebipood.ee\/ru\/wp-json\/wp\/v2\/types\/product"}],"wp:featuredmedia":[{"embeddable":true,"href":"https:\/\/beebipood.ee\/ru\/wp-json\/wp\/v2\/media\/125373"}],"wp:attachment":[{"href":"https:\/\/beebipood.ee\/ru\/wp-json\/wp\/v2\/media?parent=458279"}],"wp:term":[{"taxonomy":"pwb-brand","embeddable":true,"href":"https:\/\/beebipood.ee\/ru\/wp-json\/wp\/v2\/pwb-brand?post=458279"},{"taxonomy":"product_brand","embeddable":true,"href":"https:\/\/beebipood.ee\/ru\/wp-json\/wp\/v2\/product_brand?post=458279"},{"taxonomy":"product_cat","embeddable":true,"href":"https:\/\/beebipood.ee\/ru\/wp-json\/wp\/v2\/product_cat?post=458279"},{"taxonomy":"product_tag","embeddable":true,"href":"https:\/\/beebipood.ee\/ru\/wp-json\/wp\/v2\/product_tag?post=458279"}],"curies":[{"name":"wp","href":"https:\/\/api.w.org\/{rel}","templated":true}]}}