{"id":458281,"date":"2018-08-27T12:54:42","date_gmt":"2018-08-27T09:54:42","guid":{"rendered":"https:\/\/beebipood.ee\/toode\/capidi-beebimonitor-black\/"},"modified":"2025-06-03T14:56:03","modified_gmt":"2025-06-03T11:56:03","slug":"capidi-premium-beebimonitor-black","status":"publish","type":"product","link":"https:\/\/beebipood.ee\/ru\/produkt\/capidi-premium-beebimonitor-black\/","title":{"rendered":"CAPiDi Premium beebimonitor, Black"},"content":{"rendered":"<p>Uus ja kaasaegne CAPiDi Premium -kogege beebimonitoride tulevikku.<br \/>\nSuure tegevusraadiuse ning v\u00e4ikese kiirgusega monitoril<br \/>\non olemas k\u00f5ik nutikad funktsioonid, et tunda ennast vabana ning turvaliselt.<br \/>\nSkandinaavia kliima jaoks toodetud \u2013 m\u00f5eldud kasutamiseks -19\u00b0C kuni 50\u00b0C temperatuuriga.<br \/>\n<strong>T\u00e4iustatud ja kasutajas\u00f5bralik disain<\/strong><br \/>\nLihtne kasutada: minimalistliku disaini ja intuitiivsete juhtnuppudega<br \/>\nCAPiDi beebimonitori on v\u00e4ga lihtne seadistada ja kasutada.<br \/>\n\u00dclimadala kiirgusega: edastab ainult 10 mW,<br \/>\ntagades teie lapsele turvalise keskkonna.<br \/>\nPikendatud aku t\u00f6\u00f6iga: Nautige kuni 200 tundi ooteaega<br \/>\nMuljetavaldav tegevusraadius: 1000 meetrit avatud aladel,<br \/>\nmis annab teile vabaduse ja meelerahu olenemata asukohast.<br \/>\nMitmek\u00fclgne v\u00f6\u00f6klamber: turvaline ja praktiline kinnitus koos v\u00f6\u00f6klambri<br \/>\nja silikoonrihmaga \u00fches, sobib suurep\u00e4raselt jalutusk\u00e4rudele ja h\u00e4llidele.<br \/>\n<strong>T\u00e4iustatud juhtimis- ja ohutusfunktsioonid<\/strong><br \/>\n\u00d6\u00f6valgus: l\u00fclitage vanemaseadmest \u00f6\u00f6valgus sisse<br \/>\nja v\u00e4lja, et last pimedas lohutada.<br \/>\n\u201cTalk Back\u201d funktsioon: suhelge oma beebiga eemalt,<br \/>\npakkudes kindlustunnet isegi siis, kui olete teises toas.<br \/>\nLaiendatav s\u00fcsteem: \u00fchendage \u00fche vanema\u00fcksusega kuni kolm beebiseadet,<br \/>\nmis sobib ideaalselt mitme lapsega peredele.<br \/>\nAlarmid: vanemaseadme heli- ja valgusalarm annab teile m\u00e4rku,<br \/>\nkui liigute levialast v\u00e4lja v\u00f5i kui aku on t\u00fchi.<br \/>\nReguleeritav mikrofoni tundlikkus: kohandage vastavalt vajadusele beebi\u00fcksuse mikrofoni tundlikkust.<br \/>\nVisuaalsed indikaatorid: m\u00f5lema seadme LED-tuled kuvavad erinevaid s\u00e4tteid ja olekuid.<br \/>\nVibratsioonialarm: vanemaseadmel on kindlustunde<br \/>\nja ohutuse tagamiseks sisseehitatud vibratsioonialarm,<br \/>\nmille saab soovi korral ka maha v\u00f5tta.<br \/>\nUSB-C laadimine: kiire ja mugav laadimine kaasasoleva USB-kaabli kaudu.<br \/>\n5-aastane garantii: kvaliteet, mida v\u00f5ite usaldada<br \/>\nja mida toetab CAPiDi helde 5-aastane garantii.<br \/>\n<strong>Komplektis:<\/strong><br \/>\n1x lapsevanema seade (vastuv\u00f5tja)<br \/>\n1x beebi seade (saatja)<br \/>\n1x USB-C laadimiskaabel<\/p>\n","protected":false},"excerpt":{"rendered":"<p>Uus ja kaasaegne CAPiDi Premium -kogege beebimonitoride tulevikku. Suure tegevusraadiuse ning v\u00e4ikese kiirgusega monitoril on olemas k\u00f5ik nutikad funktsioonid, et tunda ennast vabana ning turvaliselt. Skandinaavia kliima jaoks toodetud \u2013 m\u00f5eldud kasutamiseks -19\u00b0C kuni 50\u00b0C temperatuuriga. T\u00e4iustatud ja kasutajas\u00f5bralik disain Lihtne kasutada: minimalistliku disaini ja intuitiivsete juhtnuppudega CAPiDi beebimonitori on v\u00e4ga lihtne seadistada ja kasutada. [&hellip;]<\/p>\n","protected":false},"featured_media":504966,"template":"","meta":{"_acf_changed":false},"pwb-brand":[],"product_brand":[],"product_cat":[11707,11709,11791],"product_tag":[],"class_list":{"0":"post-458281","1":"product","2":"type-product","3":"status-publish","4":"has-post-thumbnail","6":"product_cat-beebimonitorid-ru","7":"product_cat-sootmistoolid-beebi-ja-lastetarbed-mahkimine-hugieen-ru","8":"product_cat-turvavarustus-ru","10":"first","11":"onbackorder","12":"taxable","13":"shipping-taxable","14":"purchasable","15":"product-type-simple"},"exclude_global_add_ons":[],"addons":[],"acf":[],"yoast_head":"<!-- This site is optimized with the Yoast SEO plugin v27.1.1 - https:\/\/yoast.com\/product\/yoast-seo-wordpress\/ -->\n<title>Capidi beebimonitor, Black, \u0421\u041a\u0418\u0414\u041a\u0418, \u0420\u0430\u0434\u0438\u043e\u043d\u044f\u043d\u0438, \u041f\u0440\u0438\u043d\u0430\u0434\u043b\u0435\u0436\u043d\u043e\u0441\u0442\u0438 \u0434\u043b\u044f \u043c\u043b\u0430\u0434\u0435\u043d\u0446\u0435\u0432, \u0421\u043d\u0430\u0440\u044f\u0436\u0435\u043d\u0438\u044f \u0431\u0435\u0437\u043e\u043f\u0430\u0441\u043d\u043e\u0441\u0442\u0438, Beebipood<\/title>\n<meta name=\"description\" content=\"Capidi beebimonitor, Black, Uus ja kaasaegne beebimonitor firmalt Capidi, mis on v\u00e4lja t\u00f6\u00f6tatud Rootsis. Capidi keskendub lihtsusele, oh\" \/>\n<meta name=\"robots\" content=\"index, follow, max-snippet:-1, max-image-preview:large, max-video-preview:-1\" \/>\n<link rel=\"canonical\" href=\"https:\/\/beebipood.ee\/ru\/produkt\/capidi-premium-beebimonitor-black\/\" \/>\n<meta property=\"og:locale\" content=\"ru_RU\" \/>\n<meta property=\"og:type\" content=\"article\" \/>\n<meta property=\"og:title\" content=\"Capidi beebimonitor, Black, \u0421\u041a\u0418\u0414\u041a\u0418, \u0420\u0430\u0434\u0438\u043e\u043d\u044f\u043d\u0438, \u041f\u0440\u0438\u043d\u0430\u0434\u043b\u0435\u0436\u043d\u043e\u0441\u0442\u0438 \u0434\u043b\u044f \u043c\u043b\u0430\u0434\u0435\u043d\u0446\u0435\u0432, \u0421\u043d\u0430\u0440\u044f\u0436\u0435\u043d\u0438\u044f \u0431\u0435\u0437\u043e\u043f\u0430\u0441\u043d\u043e\u0441\u0442\u0438, Beebipood\" \/>\n<meta property=\"og:description\" content=\"Capidi beebimonitor, Black, Uus ja kaasaegne beebimonitor firmalt Capidi, mis on v\u00e4lja t\u00f6\u00f6tatud Rootsis. Capidi keskendub lihtsusele, oh\" \/>\n<meta property=\"og:url\" content=\"https:\/\/beebipood.ee\/ru\/produkt\/capidi-premium-beebimonitor-black\/\" \/>\n<meta property=\"og:site_name\" content=\"Beebipood\" \/>\n<meta property=\"article:modified_time\" content=\"2025-06-03T11:56:03+00:00\" \/>\n<meta property=\"og:image\" content=\"https:\/\/beebipood.ee\/wp-content\/uploads\/2018\/08\/capidi-premium-beebimonitor.jpg\" \/>\n\t<meta property=\"og:image:width\" content=\"1344\" \/>\n\t<meta property=\"og:image:height\" content=\"1200\" \/>\n\t<meta property=\"og:image:type\" content=\"image\/jpeg\" \/>\n<meta name=\"twitter:card\" content=\"summary_large_image\" \/>\n<meta name=\"twitter:label1\" content=\"\u041f\u0440\u0438\u043c\u0435\u0440\u043d\u043e\u0435 \u0432\u0440\u0435\u043c\u044f \u0434\u043b\u044f \u0447\u0442\u0435\u043d\u0438\u044f\" \/>\n\t<meta name=\"twitter:data1\" content=\"2 \u043c\u0438\u043d\u0443\u0442\u044b\" \/>\n<script type=\"application\/ld+json\" class=\"yoast-schema-graph\">{\"@context\":\"https:\/\/schema.org\",\"@graph\":[{\"@type\":\"WebPage\",\"@id\":\"https:\/\/beebipood.ee\/ru\/produkt\/capidi-premium-beebimonitor-black\/\",\"url\":\"https:\/\/beebipood.ee\/ru\/produkt\/capidi-premium-beebimonitor-black\/\",\"name\":\"Capidi beebimonitor, Black, \u0421\u041a\u0418\u0414\u041a\u0418, \u0420\u0430\u0434\u0438\u043e\u043d\u044f\u043d\u0438, \u041f\u0440\u0438\u043d\u0430\u0434\u043b\u0435\u0436\u043d\u043e\u0441\u0442\u0438 \u0434\u043b\u044f \u043c\u043b\u0430\u0434\u0435\u043d\u0446\u0435\u0432, \u0421\u043d\u0430\u0440\u044f\u0436\u0435\u043d\u0438\u044f \u0431\u0435\u0437\u043e\u043f\u0430\u0441\u043d\u043e\u0441\u0442\u0438, Beebipood\",\"isPartOf\":{\"@id\":\"https:\/\/beebipood.ee\/ru\/#website\"},\"primaryImageOfPage\":{\"@id\":\"https:\/\/beebipood.ee\/ru\/produkt\/capidi-premium-beebimonitor-black\/#primaryimage\"},\"image\":{\"@id\":\"https:\/\/beebipood.ee\/ru\/produkt\/capidi-premium-beebimonitor-black\/#primaryimage\"},\"thumbnailUrl\":\"https:\/\/beebipood.ee\/wp-content\/uploads\/2018\/08\/capidi-premium-beebimonitor.jpg\",\"datePublished\":\"2018-08-27T09:54:42+00:00\",\"dateModified\":\"2025-06-03T11:56:03+00:00\",\"description\":\"Capidi beebimonitor, Black, Uus ja kaasaegne beebimonitor firmalt Capidi, mis on v\u00e4lja t\u00f6\u00f6tatud Rootsis. Capidi keskendub lihtsusele, oh\",\"breadcrumb\":{\"@id\":\"https:\/\/beebipood.ee\/ru\/produkt\/capidi-premium-beebimonitor-black\/#breadcrumb\"},\"inLanguage\":\"ru-RU\",\"potentialAction\":[{\"@type\":\"ReadAction\",\"target\":[\"https:\/\/beebipood.ee\/ru\/produkt\/capidi-premium-beebimonitor-black\/\"]}]},{\"@type\":\"ImageObject\",\"inLanguage\":\"ru-RU\",\"@id\":\"https:\/\/beebipood.ee\/ru\/produkt\/capidi-premium-beebimonitor-black\/#primaryimage\",\"url\":\"https:\/\/beebipood.ee\/wp-content\/uploads\/2018\/08\/capidi-premium-beebimonitor.jpg\",\"contentUrl\":\"https:\/\/beebipood.ee\/wp-content\/uploads\/2018\/08\/capidi-premium-beebimonitor.jpg\",\"width\":1344,\"height\":1200},{\"@type\":\"BreadcrumbList\",\"@id\":\"https:\/\/beebipood.ee\/ru\/produkt\/capidi-premium-beebimonitor-black\/#breadcrumb\",\"itemListElement\":[{\"@type\":\"ListItem\",\"position\":1,\"name\":\"Home\",\"item\":\"https:\/\/beebipood.ee\/ru\/\"},{\"@type\":\"ListItem\",\"position\":2,\"name\":\"\u041a\u0430\u0442\u0430\u043b\u043e\u0433 \u0442\u043e\u0432\u0430\u0440\u043e\u0432\",\"item\":\"https:\/\/beebipood.ee\/tooted\/\"},{\"@type\":\"ListItem\",\"position\":3,\"name\":\"CAPiDi Premium beebimonitor, Black\"}]},{\"@type\":\"WebSite\",\"@id\":\"https:\/\/beebipood.ee\/ru\/#website\",\"url\":\"https:\/\/beebipood.ee\/ru\/\",\"name\":\"Beebipood\",\"description\":\"Lastekaubad, beebikaubad, m\u00e4nguasjad\",\"publisher\":{\"@id\":\"https:\/\/beebipood.ee\/ru\/#organization\"},\"potentialAction\":[{\"@type\":\"SearchAction\",\"target\":{\"@type\":\"EntryPoint\",\"urlTemplate\":\"https:\/\/beebipood.ee\/ru\/?s={search_term_string}\"},\"query-input\":{\"@type\":\"PropertyValueSpecification\",\"valueRequired\":true,\"valueName\":\"search_term_string\"}}],\"inLanguage\":\"ru-RU\"},{\"@type\":\"Organization\",\"@id\":\"https:\/\/beebipood.ee\/ru\/#organization\",\"name\":\"Beebipood\",\"url\":\"https:\/\/beebipood.ee\/ru\/\",\"logo\":{\"@type\":\"ImageObject\",\"inLanguage\":\"ru-RU\",\"@id\":\"https:\/\/beebipood.ee\/ru\/#\/schema\/logo\/image\/\",\"url\":\"https:\/\/beebipood.ee\/wp-content\/uploads\/2025\/03\/beebipood.ee-logo-1.svg\",\"contentUrl\":\"https:\/\/beebipood.ee\/wp-content\/uploads\/2025\/03\/beebipood.ee-logo-1.svg\",\"caption\":\"Beebipood\"},\"image\":{\"@id\":\"https:\/\/beebipood.ee\/ru\/#\/schema\/logo\/image\/\"}}]}<\/script>\n<!-- \/ Yoast SEO plugin. -->","yoast_head_json":{"title":"Capidi beebimonitor, Black, \u0421\u041a\u0418\u0414\u041a\u0418, \u0420\u0430\u0434\u0438\u043e\u043d\u044f\u043d\u0438, \u041f\u0440\u0438\u043d\u0430\u0434\u043b\u0435\u0436\u043d\u043e\u0441\u0442\u0438 \u0434\u043b\u044f \u043c\u043b\u0430\u0434\u0435\u043d\u0446\u0435\u0432, \u0421\u043d\u0430\u0440\u044f\u0436\u0435\u043d\u0438\u044f \u0431\u0435\u0437\u043e\u043f\u0430\u0441\u043d\u043e\u0441\u0442\u0438, Beebipood","description":"Capidi beebimonitor, Black, Uus ja kaasaegne beebimonitor firmalt Capidi, mis on v\u00e4lja t\u00f6\u00f6tatud Rootsis. Capidi keskendub lihtsusele, oh","robots":{"index":"index","follow":"follow","max-snippet":"max-snippet:-1","max-image-preview":"max-image-preview:large","max-video-preview":"max-video-preview:-1"},"canonical":"https:\/\/beebipood.ee\/ru\/produkt\/capidi-premium-beebimonitor-black\/","og_locale":"ru_RU","og_type":"article","og_title":"Capidi beebimonitor, Black, \u0421\u041a\u0418\u0414\u041a\u0418, \u0420\u0430\u0434\u0438\u043e\u043d\u044f\u043d\u0438, \u041f\u0440\u0438\u043d\u0430\u0434\u043b\u0435\u0436\u043d\u043e\u0441\u0442\u0438 \u0434\u043b\u044f \u043c\u043b\u0430\u0434\u0435\u043d\u0446\u0435\u0432, \u0421\u043d\u0430\u0440\u044f\u0436\u0435\u043d\u0438\u044f \u0431\u0435\u0437\u043e\u043f\u0430\u0441\u043d\u043e\u0441\u0442\u0438, Beebipood","og_description":"Capidi beebimonitor, Black, Uus ja kaasaegne beebimonitor firmalt Capidi, mis on v\u00e4lja t\u00f6\u00f6tatud Rootsis. Capidi keskendub lihtsusele, oh","og_url":"https:\/\/beebipood.ee\/ru\/produkt\/capidi-premium-beebimonitor-black\/","og_site_name":"Beebipood","article_modified_time":"2025-06-03T11:56:03+00:00","og_image":[{"width":1344,"height":1200,"url":"https:\/\/beebipood.ee\/wp-content\/uploads\/2018\/08\/capidi-premium-beebimonitor.jpg","type":"image\/jpeg"}],"twitter_card":"summary_large_image","twitter_misc":{"\u041f\u0440\u0438\u043c\u0435\u0440\u043d\u043e\u0435 \u0432\u0440\u0435\u043c\u044f \u0434\u043b\u044f \u0447\u0442\u0435\u043d\u0438\u044f":"2 \u043c\u0438\u043d\u0443\u0442\u044b"},"schema":{"@context":"https:\/\/schema.org","@graph":[{"@type":"WebPage","@id":"https:\/\/beebipood.ee\/ru\/produkt\/capidi-premium-beebimonitor-black\/","url":"https:\/\/beebipood.ee\/ru\/produkt\/capidi-premium-beebimonitor-black\/","name":"Capidi beebimonitor, Black, \u0421\u041a\u0418\u0414\u041a\u0418, \u0420\u0430\u0434\u0438\u043e\u043d\u044f\u043d\u0438, \u041f\u0440\u0438\u043d\u0430\u0434\u043b\u0435\u0436\u043d\u043e\u0441\u0442\u0438 \u0434\u043b\u044f \u043c\u043b\u0430\u0434\u0435\u043d\u0446\u0435\u0432, \u0421\u043d\u0430\u0440\u044f\u0436\u0435\u043d\u0438\u044f \u0431\u0435\u0437\u043e\u043f\u0430\u0441\u043d\u043e\u0441\u0442\u0438, Beebipood","isPartOf":{"@id":"https:\/\/beebipood.ee\/ru\/#website"},"primaryImageOfPage":{"@id":"https:\/\/beebipood.ee\/ru\/produkt\/capidi-premium-beebimonitor-black\/#primaryimage"},"image":{"@id":"https:\/\/beebipood.ee\/ru\/produkt\/capidi-premium-beebimonitor-black\/#primaryimage"},"thumbnailUrl":"https:\/\/beebipood.ee\/wp-content\/uploads\/2018\/08\/capidi-premium-beebimonitor.jpg","datePublished":"2018-08-27T09:54:42+00:00","dateModified":"2025-06-03T11:56:03+00:00","description":"Capidi beebimonitor, Black, Uus ja kaasaegne beebimonitor firmalt Capidi, mis on v\u00e4lja t\u00f6\u00f6tatud Rootsis. Capidi keskendub lihtsusele, oh","breadcrumb":{"@id":"https:\/\/beebipood.ee\/ru\/produkt\/capidi-premium-beebimonitor-black\/#breadcrumb"},"inLanguage":"ru-RU","potentialAction":[{"@type":"ReadAction","target":["https:\/\/beebipood.ee\/ru\/produkt\/capidi-premium-beebimonitor-black\/"]}]},{"@type":"ImageObject","inLanguage":"ru-RU","@id":"https:\/\/beebipood.ee\/ru\/produkt\/capidi-premium-beebimonitor-black\/#primaryimage","url":"https:\/\/beebipood.ee\/wp-content\/uploads\/2018\/08\/capidi-premium-beebimonitor.jpg","contentUrl":"https:\/\/beebipood.ee\/wp-content\/uploads\/2018\/08\/capidi-premium-beebimonitor.jpg","width":1344,"height":1200},{"@type":"BreadcrumbList","@id":"https:\/\/beebipood.ee\/ru\/produkt\/capidi-premium-beebimonitor-black\/#breadcrumb","itemListElement":[{"@type":"ListItem","position":1,"name":"Home","item":"https:\/\/beebipood.ee\/ru\/"},{"@type":"ListItem","position":2,"name":"\u041a\u0430\u0442\u0430\u043b\u043e\u0433 \u0442\u043e\u0432\u0430\u0440\u043e\u0432","item":"https:\/\/beebipood.ee\/tooted\/"},{"@type":"ListItem","position":3,"name":"CAPiDi Premium beebimonitor, Black"}]},{"@type":"WebSite","@id":"https:\/\/beebipood.ee\/ru\/#website","url":"https:\/\/beebipood.ee\/ru\/","name":"Beebipood","description":"Lastekaubad, beebikaubad, m\u00e4nguasjad","publisher":{"@id":"https:\/\/beebipood.ee\/ru\/#organization"},"potentialAction":[{"@type":"SearchAction","target":{"@type":"EntryPoint","urlTemplate":"https:\/\/beebipood.ee\/ru\/?s={search_term_string}"},"query-input":{"@type":"PropertyValueSpecification","valueRequired":true,"valueName":"search_term_string"}}],"inLanguage":"ru-RU"},{"@type":"Organization","@id":"https:\/\/beebipood.ee\/ru\/#organization","name":"Beebipood","url":"https:\/\/beebipood.ee\/ru\/","logo":{"@type":"ImageObject","inLanguage":"ru-RU","@id":"https:\/\/beebipood.ee\/ru\/#\/schema\/logo\/image\/","url":"https:\/\/beebipood.ee\/wp-content\/uploads\/2025\/03\/beebipood.ee-logo-1.svg","contentUrl":"https:\/\/beebipood.ee\/wp-content\/uploads\/2025\/03\/beebipood.ee-logo-1.svg","caption":"Beebipood"},"image":{"@id":"https:\/\/beebipood.ee\/ru\/#\/schema\/logo\/image\/"}}]}},"brands":[],"_links":{"self":[{"href":"https:\/\/beebipood.ee\/ru\/wp-json\/wp\/v2\/product\/458281","targetHints":{"allow":["GET"]}}],"collection":[{"href":"https:\/\/beebipood.ee\/ru\/wp-json\/wp\/v2\/product"}],"about":[{"href":"https:\/\/beebipood.ee\/ru\/wp-json\/wp\/v2\/types\/product"}],"wp:featuredmedia":[{"embeddable":true,"href":"https:\/\/beebipood.ee\/ru\/wp-json\/wp\/v2\/media\/504966"}],"wp:attachment":[{"href":"https:\/\/beebipood.ee\/ru\/wp-json\/wp\/v2\/media?parent=458281"}],"wp:term":[{"taxonomy":"pwb-brand","embeddable":true,"href":"https:\/\/beebipood.ee\/ru\/wp-json\/wp\/v2\/pwb-brand?post=458281"},{"taxonomy":"product_brand","embeddable":true,"href":"https:\/\/beebipood.ee\/ru\/wp-json\/wp\/v2\/product_brand?post=458281"},{"taxonomy":"product_cat","embeddable":true,"href":"https:\/\/beebipood.ee\/ru\/wp-json\/wp\/v2\/product_cat?post=458281"},{"taxonomy":"product_tag","embeddable":true,"href":"https:\/\/beebipood.ee\/ru\/wp-json\/wp\/v2\/product_tag?post=458281"}],"curies":[{"name":"wp","href":"https:\/\/api.w.org\/{rel}","templated":true}]}}