{"id":458285,"date":"2018-08-28T09:37:38","date_gmt":"2018-08-28T06:37:38","guid":{"rendered":"https:\/\/beebipood.ee\/toode\/maxi-cosi-emerald-turvatool-authentic-black\/"},"modified":"2025-05-01T00:00:22","modified_gmt":"2025-04-30T21:00:22","slug":"maxi-cosi-emerald-turvatool-authentic-black","status":"publish","type":"product","link":"https:\/\/beebipood.ee\/ru\/produkt\/maxi-cosi-emerald-turvatool-authentic-black\/","title":{"rendered":"Maxi-Cosi Emerald turvatool, Authentic Black"},"content":{"rendered":"<p>Maxi-Cosi Emerald turvatool pakub parimat segu m\u00f5lemast maailmas &#8212;<br \/>selle i-Size turvastandardile vastava turvatooliga ei pea sa tegema mitmeid keerukaid otsuseid.<br \/>Tegemist on turvatooliga, mis sobib kasutamiseks alates s\u00fcnnist kuni lapse kaaluni 25kg (40-125cm).<br \/>Kusjuures enamus sellest ajast on v\u00f5imalik s\u00f5ita turvaliselt seljaga s\u00f5idusuunas (kuni 105cm\/18kg).<br \/>Lisaturvalisuse tagab G-Cell tehnoloogia, mis pakub parimat kaitset k\u00fclgkokkup\u00f5rke korral.<\/p>\n<p><span style=\"text-decoration: underline;\">Kasutajas\u00f5bralikkus<\/span><br \/>Lihtsasti reguleeritav v\u00f6\u00f6de s\u00fcsteem ja peatugi<br \/>ISOFIX kinnitus koos tugijalaga s\u00fcnnist kuni 4. eluaastani<br \/>Auto turvav\u00f6\u00f6ga kinnitus alates 4. eluaastast kuni 7. eluaastani<br \/>Turvatooli 5-punkti rihmad on lihtsasti hoiustatavad turvatooli sees, p\u00e4rast 4. eluaastat<br \/>Katteriie on eemaldatav ilma rihmasid lahti v\u00f5tmata<br \/>Pestav katteriie<br \/><span style=\"text-decoration: underline;\">Mugavus<\/span><br \/>4 erinevat seljatoe asendit (istuv kuni lamav)<br \/>Toestav beebisisu pakub vasts\u00fcndinule turvalisust ja mugavust<br \/><span style=\"text-decoration: underline;\">Turvalisus<\/span><br \/>V\u00f5imalik kasutada seljaga s\u00f5idusuunas kuni 4. eluaastani, et tagada parim kaitse peale ja kaelale<br \/>Uudne G-Cell k\u00fclgkokkup\u00f5rke tehnoloogia, mis kaitseb \u00f5la- ja peapiirkonda<br \/>5-punkti kinnitusega turvarihmade s\u00fcsteem<br \/>Tugijala paigaldamisel tuleb appi indikaator, mis tagab korrektse asendi<br \/>Vastab k\u00f5rgeimale ja uusimale turvastandardile i-Size<br \/><span style=\"text-decoration: underline;\">\u00dcldine<\/span><br \/>Seljaga s\u00f5idusuunas 0-18kg (40-105cm)<br \/>N\u00e4oga s\u00f5idusuunas 9-25kg (kuni 125cm)<br \/>\u00dcks turvatool mitmeks eluaastaks (0-7 aastat)<br \/><span style=\"text-decoration: underline;\">Komplektis<\/span><br \/>Maxi-Cosi Emerald turvatool<br \/>ISOFIX alus<br \/>Beebisisu<br \/><span style=\"text-decoration: underline;\">N\u00e4itajad<\/span><br \/>Kaal: 15,3kg<br \/>M\u00f5\u00f5dud: 44 x 71 x 75cm (laius, pikkus, k\u00f5rgus) maksimaalsetes positsioonides<br \/>Isteosa laius 26cm<br \/>Seljatoe k\u00f5rgus 40-70,5cm<\/p>\n","protected":false},"excerpt":{"rendered":"<p>Maxi-Cosi Emerald turvatool pakub parimat segu m\u00f5lemast maailmas &#8212;selle i-Size turvastandardile vastava turvatooliga ei pea sa tegema mitmeid keerukaid otsuseid.Tegemist on turvatooliga, mis sobib kasutamiseks alates s\u00fcnnist kuni lapse kaaluni 25kg (40-125cm).Kusjuures enamus sellest ajast on v\u00f5imalik s\u00f5ita turvaliselt seljaga s\u00f5idusuunas (kuni 105cm\/18kg).Lisaturvalisuse tagab G-Cell tehnoloogia, mis pakub parimat kaitset k\u00fclgkokkup\u00f5rke korral. Kasutajas\u00f5bralikkusLihtsasti reguleeritav v\u00f6\u00f6de [&hellip;]<\/p>\n","protected":false},"featured_media":502680,"template":"","meta":{"_acf_changed":false},"pwb-brand":[11961],"product_brand":[],"product_cat":[11573,11727,11737,11791],"product_tag":[],"class_list":{"0":"post-458285","1":"product","2":"type-product","3":"status-publish","4":"has-post-thumbnail","6":"pwb-brand-maxi-cosi-ru","7":"product_cat-sooduspakkumised-ru","8":"product_cat-turvatoolid-hallid-ru","9":"product_cat-turvatoolid-9-36-kg-ru","10":"product_cat-turvavarustus-ru","11":"pa_manufacturer-maxi_cosi-ru","13":"first","14":"onbackorder","15":"sale","16":"taxable","17":"shipping-taxable","18":"purchasable","19":"product-type-simple"},"exclude_global_add_ons":[],"addons":[],"acf":[],"yoast_head":"<!-- This site is optimized with the Yoast SEO plugin v27.1.1 - https:\/\/yoast.com\/product\/yoast-seo-wordpress\/ -->\n<title>Maxi-Cosi Emerald turvatool, Authentic Black, \u0421\u041a\u0418\u0414\u041a\u0418, \u0410\u0432\u0442\u043e\u043a\u0440\u0435\u0441\u043b\u0430, \u043b\u044e\u043b\u044c\u043a\u0438, \u0410\u0432\u0442\u043e\u043a\u0440\u0435\u0441\u043b\u0430 0-25 \u043a\u0433, \u0421\u043d\u0430\u0440\u044f\u0436\u0435\u043d\u0438\u044f \u0431\u0435\u0437\u043e\u043f\u0430\u0441\u043d\u043e\u0441\u0442\u0438, Beebipood<\/title>\n<meta name=\"description\" content=\"Maxi-Cosi Emerald turvatool, Authentic Black, Maxi-Cosi Emerald turvatool pakub parimat segu m&otilde;lemast maailmas -selle i-Size turvastandardile va\" \/>\n<meta name=\"robots\" content=\"index, follow, max-snippet:-1, max-image-preview:large, max-video-preview:-1\" \/>\n<link rel=\"canonical\" href=\"https:\/\/beebipood.ee\/ru\/produkt\/maxi-cosi-emerald-turvatool-authentic-black\/\" \/>\n<meta property=\"og:locale\" content=\"ru_RU\" \/>\n<meta property=\"og:type\" content=\"article\" \/>\n<meta property=\"og:title\" content=\"Maxi-Cosi Emerald turvatool, Authentic Black, \u0421\u041a\u0418\u0414\u041a\u0418, \u0410\u0432\u0442\u043e\u043a\u0440\u0435\u0441\u043b\u0430, \u043b\u044e\u043b\u044c\u043a\u0438, \u0410\u0432\u0442\u043e\u043a\u0440\u0435\u0441\u043b\u0430 0-25 \u043a\u0433, \u0421\u043d\u0430\u0440\u044f\u0436\u0435\u043d\u0438\u044f \u0431\u0435\u0437\u043e\u043f\u0430\u0441\u043d\u043e\u0441\u0442\u0438, Beebipood\" \/>\n<meta property=\"og:description\" content=\"Maxi-Cosi Emerald turvatool, Authentic Black, Maxi-Cosi Emerald turvatool pakub parimat segu m&otilde;lemast maailmas -selle i-Size turvastandardile va\" \/>\n<meta property=\"og:url\" content=\"https:\/\/beebipood.ee\/ru\/produkt\/maxi-cosi-emerald-turvatool-authentic-black\/\" \/>\n<meta property=\"og:site_name\" content=\"Beebipood\" \/>\n<meta property=\"article:modified_time\" content=\"2025-04-30T21:00:22+00:00\" \/>\n<meta property=\"og:image\" content=\"https:\/\/beebipood.ee\/wp-content\/uploads\/2018\/08\/maxi-cosi-emerald-360-pro-turvatool-black.jpg\" \/>\n\t<meta property=\"og:image:width\" content=\"1200\" \/>\n\t<meta property=\"og:image:height\" content=\"1200\" \/>\n\t<meta property=\"og:image:type\" content=\"image\/jpeg\" \/>\n<meta name=\"twitter:card\" content=\"summary_large_image\" \/>\n<meta name=\"twitter:label1\" content=\"\u041f\u0440\u0438\u043c\u0435\u0440\u043d\u043e\u0435 \u0432\u0440\u0435\u043c\u044f \u0434\u043b\u044f \u0447\u0442\u0435\u043d\u0438\u044f\" \/>\n\t<meta name=\"twitter:data1\" content=\"1 \u043c\u0438\u043d\u0443\u0442\u0430\" \/>\n<script type=\"application\/ld+json\" class=\"yoast-schema-graph\">{\"@context\":\"https:\/\/schema.org\",\"@graph\":[{\"@type\":\"WebPage\",\"@id\":\"https:\/\/beebipood.ee\/ru\/produkt\/maxi-cosi-emerald-turvatool-authentic-black\/\",\"url\":\"https:\/\/beebipood.ee\/ru\/produkt\/maxi-cosi-emerald-turvatool-authentic-black\/\",\"name\":\"Maxi-Cosi Emerald turvatool, Authentic Black, \u0421\u041a\u0418\u0414\u041a\u0418, \u0410\u0432\u0442\u043e\u043a\u0440\u0435\u0441\u043b\u0430, \u043b\u044e\u043b\u044c\u043a\u0438, \u0410\u0432\u0442\u043e\u043a\u0440\u0435\u0441\u043b\u0430 0-25 \u043a\u0433, \u0421\u043d\u0430\u0440\u044f\u0436\u0435\u043d\u0438\u044f \u0431\u0435\u0437\u043e\u043f\u0430\u0441\u043d\u043e\u0441\u0442\u0438, Beebipood\",\"isPartOf\":{\"@id\":\"https:\/\/beebipood.ee\/ru\/#website\"},\"primaryImageOfPage\":{\"@id\":\"https:\/\/beebipood.ee\/ru\/produkt\/maxi-cosi-emerald-turvatool-authentic-black\/#primaryimage\"},\"image\":{\"@id\":\"https:\/\/beebipood.ee\/ru\/produkt\/maxi-cosi-emerald-turvatool-authentic-black\/#primaryimage\"},\"thumbnailUrl\":\"https:\/\/beebipood.ee\/wp-content\/uploads\/2018\/08\/maxi-cosi-emerald-360-pro-turvatool-black.jpg\",\"datePublished\":\"2018-08-28T06:37:38+00:00\",\"dateModified\":\"2025-04-30T21:00:22+00:00\",\"description\":\"Maxi-Cosi Emerald turvatool, Authentic Black, Maxi-Cosi Emerald turvatool pakub parimat segu m&otilde;lemast maailmas -selle i-Size turvastandardile va\",\"breadcrumb\":{\"@id\":\"https:\/\/beebipood.ee\/ru\/produkt\/maxi-cosi-emerald-turvatool-authentic-black\/#breadcrumb\"},\"inLanguage\":\"ru-RU\",\"potentialAction\":[{\"@type\":\"ReadAction\",\"target\":[\"https:\/\/beebipood.ee\/ru\/produkt\/maxi-cosi-emerald-turvatool-authentic-black\/\"]}]},{\"@type\":\"ImageObject\",\"inLanguage\":\"ru-RU\",\"@id\":\"https:\/\/beebipood.ee\/ru\/produkt\/maxi-cosi-emerald-turvatool-authentic-black\/#primaryimage\",\"url\":\"https:\/\/beebipood.ee\/wp-content\/uploads\/2018\/08\/maxi-cosi-emerald-360-pro-turvatool-black.jpg\",\"contentUrl\":\"https:\/\/beebipood.ee\/wp-content\/uploads\/2018\/08\/maxi-cosi-emerald-360-pro-turvatool-black.jpg\",\"width\":1200,\"height\":1200},{\"@type\":\"BreadcrumbList\",\"@id\":\"https:\/\/beebipood.ee\/ru\/produkt\/maxi-cosi-emerald-turvatool-authentic-black\/#breadcrumb\",\"itemListElement\":[{\"@type\":\"ListItem\",\"position\":1,\"name\":\"Home\",\"item\":\"https:\/\/beebipood.ee\/ru\/\"},{\"@type\":\"ListItem\",\"position\":2,\"name\":\"\u041a\u0430\u0442\u0430\u043b\u043e\u0433 \u0442\u043e\u0432\u0430\u0440\u043e\u0432\",\"item\":\"https:\/\/beebipood.ee\/tooted\/\"},{\"@type\":\"ListItem\",\"position\":3,\"name\":\"Maxi-Cosi Emerald turvatool, Authentic Black\"}]},{\"@type\":\"WebSite\",\"@id\":\"https:\/\/beebipood.ee\/ru\/#website\",\"url\":\"https:\/\/beebipood.ee\/ru\/\",\"name\":\"Beebipood\",\"description\":\"Lastekaubad, beebikaubad, m\u00e4nguasjad\",\"publisher\":{\"@id\":\"https:\/\/beebipood.ee\/ru\/#organization\"},\"potentialAction\":[{\"@type\":\"SearchAction\",\"target\":{\"@type\":\"EntryPoint\",\"urlTemplate\":\"https:\/\/beebipood.ee\/ru\/?s={search_term_string}\"},\"query-input\":{\"@type\":\"PropertyValueSpecification\",\"valueRequired\":true,\"valueName\":\"search_term_string\"}}],\"inLanguage\":\"ru-RU\"},{\"@type\":\"Organization\",\"@id\":\"https:\/\/beebipood.ee\/ru\/#organization\",\"name\":\"Beebipood\",\"url\":\"https:\/\/beebipood.ee\/ru\/\",\"logo\":{\"@type\":\"ImageObject\",\"inLanguage\":\"ru-RU\",\"@id\":\"https:\/\/beebipood.ee\/ru\/#\/schema\/logo\/image\/\",\"url\":\"https:\/\/beebipood.ee\/wp-content\/uploads\/2025\/03\/beebipood.ee-logo-1.svg\",\"contentUrl\":\"https:\/\/beebipood.ee\/wp-content\/uploads\/2025\/03\/beebipood.ee-logo-1.svg\",\"caption\":\"Beebipood\"},\"image\":{\"@id\":\"https:\/\/beebipood.ee\/ru\/#\/schema\/logo\/image\/\"}}]}<\/script>\n<!-- \/ Yoast SEO plugin. -->","yoast_head_json":{"title":"Maxi-Cosi Emerald turvatool, Authentic Black, \u0421\u041a\u0418\u0414\u041a\u0418, \u0410\u0432\u0442\u043e\u043a\u0440\u0435\u0441\u043b\u0430, \u043b\u044e\u043b\u044c\u043a\u0438, \u0410\u0432\u0442\u043e\u043a\u0440\u0435\u0441\u043b\u0430 0-25 \u043a\u0433, \u0421\u043d\u0430\u0440\u044f\u0436\u0435\u043d\u0438\u044f \u0431\u0435\u0437\u043e\u043f\u0430\u0441\u043d\u043e\u0441\u0442\u0438, Beebipood","description":"Maxi-Cosi Emerald turvatool, Authentic Black, Maxi-Cosi Emerald turvatool pakub parimat segu m&otilde;lemast maailmas -selle i-Size turvastandardile va","robots":{"index":"index","follow":"follow","max-snippet":"max-snippet:-1","max-image-preview":"max-image-preview:large","max-video-preview":"max-video-preview:-1"},"canonical":"https:\/\/beebipood.ee\/ru\/produkt\/maxi-cosi-emerald-turvatool-authentic-black\/","og_locale":"ru_RU","og_type":"article","og_title":"Maxi-Cosi Emerald turvatool, Authentic Black, \u0421\u041a\u0418\u0414\u041a\u0418, \u0410\u0432\u0442\u043e\u043a\u0440\u0435\u0441\u043b\u0430, \u043b\u044e\u043b\u044c\u043a\u0438, \u0410\u0432\u0442\u043e\u043a\u0440\u0435\u0441\u043b\u0430 0-25 \u043a\u0433, \u0421\u043d\u0430\u0440\u044f\u0436\u0435\u043d\u0438\u044f \u0431\u0435\u0437\u043e\u043f\u0430\u0441\u043d\u043e\u0441\u0442\u0438, Beebipood","og_description":"Maxi-Cosi Emerald turvatool, Authentic Black, Maxi-Cosi Emerald turvatool pakub parimat segu m&otilde;lemast maailmas -selle i-Size turvastandardile va","og_url":"https:\/\/beebipood.ee\/ru\/produkt\/maxi-cosi-emerald-turvatool-authentic-black\/","og_site_name":"Beebipood","article_modified_time":"2025-04-30T21:00:22+00:00","og_image":[{"width":1200,"height":1200,"url":"https:\/\/beebipood.ee\/wp-content\/uploads\/2018\/08\/maxi-cosi-emerald-360-pro-turvatool-black.jpg","type":"image\/jpeg"}],"twitter_card":"summary_large_image","twitter_misc":{"\u041f\u0440\u0438\u043c\u0435\u0440\u043d\u043e\u0435 \u0432\u0440\u0435\u043c\u044f \u0434\u043b\u044f \u0447\u0442\u0435\u043d\u0438\u044f":"1 \u043c\u0438\u043d\u0443\u0442\u0430"},"schema":{"@context":"https:\/\/schema.org","@graph":[{"@type":"WebPage","@id":"https:\/\/beebipood.ee\/ru\/produkt\/maxi-cosi-emerald-turvatool-authentic-black\/","url":"https:\/\/beebipood.ee\/ru\/produkt\/maxi-cosi-emerald-turvatool-authentic-black\/","name":"Maxi-Cosi Emerald turvatool, Authentic Black, \u0421\u041a\u0418\u0414\u041a\u0418, \u0410\u0432\u0442\u043e\u043a\u0440\u0435\u0441\u043b\u0430, \u043b\u044e\u043b\u044c\u043a\u0438, \u0410\u0432\u0442\u043e\u043a\u0440\u0435\u0441\u043b\u0430 0-25 \u043a\u0433, \u0421\u043d\u0430\u0440\u044f\u0436\u0435\u043d\u0438\u044f \u0431\u0435\u0437\u043e\u043f\u0430\u0441\u043d\u043e\u0441\u0442\u0438, Beebipood","isPartOf":{"@id":"https:\/\/beebipood.ee\/ru\/#website"},"primaryImageOfPage":{"@id":"https:\/\/beebipood.ee\/ru\/produkt\/maxi-cosi-emerald-turvatool-authentic-black\/#primaryimage"},"image":{"@id":"https:\/\/beebipood.ee\/ru\/produkt\/maxi-cosi-emerald-turvatool-authentic-black\/#primaryimage"},"thumbnailUrl":"https:\/\/beebipood.ee\/wp-content\/uploads\/2018\/08\/maxi-cosi-emerald-360-pro-turvatool-black.jpg","datePublished":"2018-08-28T06:37:38+00:00","dateModified":"2025-04-30T21:00:22+00:00","description":"Maxi-Cosi Emerald turvatool, Authentic Black, Maxi-Cosi Emerald turvatool pakub parimat segu m&otilde;lemast maailmas -selle i-Size turvastandardile va","breadcrumb":{"@id":"https:\/\/beebipood.ee\/ru\/produkt\/maxi-cosi-emerald-turvatool-authentic-black\/#breadcrumb"},"inLanguage":"ru-RU","potentialAction":[{"@type":"ReadAction","target":["https:\/\/beebipood.ee\/ru\/produkt\/maxi-cosi-emerald-turvatool-authentic-black\/"]}]},{"@type":"ImageObject","inLanguage":"ru-RU","@id":"https:\/\/beebipood.ee\/ru\/produkt\/maxi-cosi-emerald-turvatool-authentic-black\/#primaryimage","url":"https:\/\/beebipood.ee\/wp-content\/uploads\/2018\/08\/maxi-cosi-emerald-360-pro-turvatool-black.jpg","contentUrl":"https:\/\/beebipood.ee\/wp-content\/uploads\/2018\/08\/maxi-cosi-emerald-360-pro-turvatool-black.jpg","width":1200,"height":1200},{"@type":"BreadcrumbList","@id":"https:\/\/beebipood.ee\/ru\/produkt\/maxi-cosi-emerald-turvatool-authentic-black\/#breadcrumb","itemListElement":[{"@type":"ListItem","position":1,"name":"Home","item":"https:\/\/beebipood.ee\/ru\/"},{"@type":"ListItem","position":2,"name":"\u041a\u0430\u0442\u0430\u043b\u043e\u0433 \u0442\u043e\u0432\u0430\u0440\u043e\u0432","item":"https:\/\/beebipood.ee\/tooted\/"},{"@type":"ListItem","position":3,"name":"Maxi-Cosi Emerald turvatool, Authentic Black"}]},{"@type":"WebSite","@id":"https:\/\/beebipood.ee\/ru\/#website","url":"https:\/\/beebipood.ee\/ru\/","name":"Beebipood","description":"Lastekaubad, beebikaubad, m\u00e4nguasjad","publisher":{"@id":"https:\/\/beebipood.ee\/ru\/#organization"},"potentialAction":[{"@type":"SearchAction","target":{"@type":"EntryPoint","urlTemplate":"https:\/\/beebipood.ee\/ru\/?s={search_term_string}"},"query-input":{"@type":"PropertyValueSpecification","valueRequired":true,"valueName":"search_term_string"}}],"inLanguage":"ru-RU"},{"@type":"Organization","@id":"https:\/\/beebipood.ee\/ru\/#organization","name":"Beebipood","url":"https:\/\/beebipood.ee\/ru\/","logo":{"@type":"ImageObject","inLanguage":"ru-RU","@id":"https:\/\/beebipood.ee\/ru\/#\/schema\/logo\/image\/","url":"https:\/\/beebipood.ee\/wp-content\/uploads\/2025\/03\/beebipood.ee-logo-1.svg","contentUrl":"https:\/\/beebipood.ee\/wp-content\/uploads\/2025\/03\/beebipood.ee-logo-1.svg","caption":"Beebipood"},"image":{"@id":"https:\/\/beebipood.ee\/ru\/#\/schema\/logo\/image\/"}}]}},"brands":[{"id":11961,"name":"Maxi-Cosi","slug":"maxi-cosi-ru"}],"_links":{"self":[{"href":"https:\/\/beebipood.ee\/ru\/wp-json\/wp\/v2\/product\/458285","targetHints":{"allow":["GET"]}}],"collection":[{"href":"https:\/\/beebipood.ee\/ru\/wp-json\/wp\/v2\/product"}],"about":[{"href":"https:\/\/beebipood.ee\/ru\/wp-json\/wp\/v2\/types\/product"}],"wp:featuredmedia":[{"embeddable":true,"href":"https:\/\/beebipood.ee\/ru\/wp-json\/wp\/v2\/media\/502680"}],"wp:attachment":[{"href":"https:\/\/beebipood.ee\/ru\/wp-json\/wp\/v2\/media?parent=458285"}],"wp:term":[{"taxonomy":"pwb-brand","embeddable":true,"href":"https:\/\/beebipood.ee\/ru\/wp-json\/wp\/v2\/pwb-brand?post=458285"},{"taxonomy":"product_brand","embeddable":true,"href":"https:\/\/beebipood.ee\/ru\/wp-json\/wp\/v2\/product_brand?post=458285"},{"taxonomy":"product_cat","embeddable":true,"href":"https:\/\/beebipood.ee\/ru\/wp-json\/wp\/v2\/product_cat?post=458285"},{"taxonomy":"product_tag","embeddable":true,"href":"https:\/\/beebipood.ee\/ru\/wp-json\/wp\/v2\/product_tag?post=458285"}],"curies":[{"name":"wp","href":"https:\/\/api.w.org\/{rel}","templated":true}]}}