{"id":458291,"date":"2018-09-02T07:41:08","date_gmt":"2018-09-02T04:41:08","guid":{"rendered":"https:\/\/beebipood.ee\/toode\/maxi-cosi-laika-jalutuskaru-sparkling-grey\/"},"modified":"2025-01-09T10:49:06","modified_gmt":"2025-01-09T08:49:06","slug":"maxi-cosi-laika-jalutuskaru-sparkling-grey","status":"publish","type":"product","link":"https:\/\/beebipood.ee\/ru\/produkt\/maxi-cosi-laika-jalutuskaru-sparkling-grey\/","title":{"rendered":"Maxi-Cosi Laika jalutusk\u00e4ru, Sparkling Grey"},"content":{"rendered":"<p>\u00dclimalt kompaktne ja kerge linnak\u00e4ru Maxi-Cosi Laika <br \/>sobib kasutamiseks alates s\u00fcnnist kuni lapse kaaluni 15kg.<br \/>\u00dchek\u00e4ega kokkupandav, t\u00e4islamav isteosa ning <br \/>istmele kinnitatav pehme kookon teevad Laikast \u00fche parima linnak\u00e4ru.<\/p>\n<p><span style=\"text-decoration: underline;\">Kasutajas\u00f5bralikkus<\/span><br \/>Paindlik s\u00fcsteem alates lapse s\u00fcnnist<br \/>Kiire \u00fche k\u00e4ega kokkupandav jalutusk\u00e4ru<br \/>\u00dclimalt kerge ja lihtne kaasas kanda<br \/>\u00d5larihm<br \/>Avar pakikorv<br \/>Praktiline piduris\u00fcsteem<br \/>Pestav katteriie<br \/><span style=\"text-decoration: underline;\">Mugavus ja turvalisus<\/span><br \/>Pehme polsterdusega ja k\u00f5rgel asetsev isteosa<br \/>V\u00f5imalik kasutada alates s\u00fcnnist<br \/>T\u00e4islamav isteosa<br \/>Pikendatav kaarvari (UV-kaitsega)<br \/>Reguleeritav seljatugi<br \/>Reguleeritav jalatugi<br \/>Komplektis turvah\u00e4lli adapterid ja vihmakate<br \/>5-punkti kinnitusega turvarihmad<br \/>Eemaldatav turvakaar<br \/><span style=\"text-decoration: underline;\">N\u00e4itajad<\/span><br \/>Jalutusk\u00e4ru kaal 7,45kg<br \/>Raami kaal 6,25kg<br \/>Isteosa kaal 1,2kg (koos kaarvarju ja turvakaarega)<br \/>Isteosa laius 32cm<br \/>Isteosa s\u00fcgavus 25,5cm<br \/>Seljatoe k\u00f5rgus 42,5cm<br \/>Jalutusk\u00e4ru m\u00f5\u00f5dud 89 x 36 x 107,5cm (pikkus, laius, k\u00f5rgus)<br \/>Jalutusk\u00e4ru m\u00f5\u00f5dud kokkupandult 65,5 x 46,5 x 27cm (pikkus, laius, k\u00f5rgus)<br \/>Ratta diameeter 13,5cm<\/p>\n<p>VIDEO:\u00a0<a href=\"https:\/\/youtu.be\/9DwfR6CaRNs\">https:\/\/youtu.be\/9DwfR6CaRNs<\/a><\/p>\n","protected":false},"excerpt":{"rendered":"<p>\u00dclimalt kompaktne ja kerge linnak\u00e4ru Maxi-Cosi Laika sobib kasutamiseks alates s\u00fcnnist kuni lapse kaaluni 15kg.\u00dchek\u00e4ega kokkupandav, t\u00e4islamav isteosa ning istmele kinnitatav pehme kookon teevad Laikast \u00fche parima linnak\u00e4ru. Kasutajas\u00f5bralikkusPaindlik s\u00fcsteem alates lapse s\u00fcnnistKiire \u00fche k\u00e4ega kokkupandav jalutusk\u00e4ru\u00dclimalt kerge ja lihtne kaasas kanda\u00d5larihmAvar pakikorvPraktiline piduris\u00fcsteemPestav katteriieMugavus ja turvalisusPehme polsterdusega ja k\u00f5rgel asetsev isteosaV\u00f5imalik kasutada alates s\u00fcnnistT\u00e4islamav [&hellip;]<\/p>\n","protected":false},"featured_media":125493,"template":"","meta":{"_acf_changed":false},"pwb-brand":[11961],"product_brand":[],"product_cat":[11721,11717],"product_tag":[],"class_list":{"0":"post-458291","1":"product","2":"type-product","3":"status-publish","4":"has-post-thumbnail","6":"pwb-brand-maxi-cosi-ru","7":"product_cat-jalutuskarud-ru","8":"product_cat-lastevankrid-ja-karud-ru","9":"pa_manufacturer-maxi_cosi-ru","11":"first","12":"onbackorder","13":"taxable","14":"shipping-taxable","15":"purchasable","16":"product-type-simple"},"exclude_global_add_ons":[],"addons":[],"acf":[],"yoast_head":"<!-- This site is optimized with the Yoast SEO plugin v27.1.1 - https:\/\/yoast.com\/product\/yoast-seo-wordpress\/ -->\n<title>Maxi-Cosi Laika jalutusk\u00e4ru, Sparkling Grey, \u0421\u041a\u0418\u0414\u041a\u0418, \u041d\u041e\u0412\u042b\u0415 \u0422\u041e\u0412\u0410\u0420\u042b, \u041a\u043e\u043b\u044f\u0441\u043a\u0438, \u041f\u0440\u043e\u0433\u0443\u043b\u043e\u0447\u043d\u044b\u0435 \u043a\u043e\u043b\u044f\u0441\u043a\u0438, Beebipood<\/title>\n<meta name=\"description\" content=\"Maxi-Cosi Laika jalutusk\u00e4ru, Sparkling Grey, &Uuml;limalt kompaktne ja kerge linnak&auml;ru Maxi-Cosi Laika sobib kasutamiseks alates s&uuml;nnist kun\" \/>\n<meta name=\"robots\" content=\"index, follow, max-snippet:-1, max-image-preview:large, max-video-preview:-1\" \/>\n<link rel=\"canonical\" href=\"https:\/\/beebipood.ee\/ru\/produkt\/maxi-cosi-laika-jalutuskaru-sparkling-grey\/\" \/>\n<meta property=\"og:locale\" content=\"ru_RU\" \/>\n<meta property=\"og:type\" content=\"article\" \/>\n<meta property=\"og:title\" content=\"Maxi-Cosi Laika jalutusk\u00e4ru, Sparkling Grey, \u0421\u041a\u0418\u0414\u041a\u0418, \u041d\u041e\u0412\u042b\u0415 \u0422\u041e\u0412\u0410\u0420\u042b, \u041a\u043e\u043b\u044f\u0441\u043a\u0438, \u041f\u0440\u043e\u0433\u0443\u043b\u043e\u0447\u043d\u044b\u0435 \u043a\u043e\u043b\u044f\u0441\u043a\u0438, Beebipood\" \/>\n<meta property=\"og:description\" content=\"Maxi-Cosi Laika jalutusk\u00e4ru, Sparkling Grey, &Uuml;limalt kompaktne ja kerge linnak&auml;ru Maxi-Cosi Laika sobib kasutamiseks alates s&uuml;nnist kun\" \/>\n<meta property=\"og:url\" content=\"https:\/\/beebipood.ee\/ru\/produkt\/maxi-cosi-laika-jalutuskaru-sparkling-grey\/\" \/>\n<meta property=\"og:site_name\" content=\"Beebipood\" \/>\n<meta property=\"article:modified_time\" content=\"2025-01-09T08:49:06+00:00\" \/>\n<meta property=\"og:image\" content=\"https:\/\/beebipood.ee\/wp-content\/uploads\/2018\/09\/MaxiCosi-Laika-jalutuskaru-Sparkling-Grey-SOODUSPAKKUMISED-UUED-TOOTED-Lastevankrid-ja-karud-Jalutuskarud_1-140.jpg\" \/>\n\t<meta property=\"og:image:width\" content=\"1701\" \/>\n\t<meta property=\"og:image:height\" content=\"1920\" \/>\n\t<meta property=\"og:image:type\" content=\"image\/jpeg\" \/>\n<meta name=\"twitter:card\" content=\"summary_large_image\" \/>\n<meta name=\"twitter:label1\" content=\"\u041f\u0440\u0438\u043c\u0435\u0440\u043d\u043e\u0435 \u0432\u0440\u0435\u043c\u044f \u0434\u043b\u044f \u0447\u0442\u0435\u043d\u0438\u044f\" \/>\n\t<meta name=\"twitter:data1\" content=\"1 \u043c\u0438\u043d\u0443\u0442\u0430\" \/>\n<script type=\"application\/ld+json\" class=\"yoast-schema-graph\">{\"@context\":\"https:\/\/schema.org\",\"@graph\":[{\"@type\":\"WebPage\",\"@id\":\"https:\/\/beebipood.ee\/ru\/produkt\/maxi-cosi-laika-jalutuskaru-sparkling-grey\/\",\"url\":\"https:\/\/beebipood.ee\/ru\/produkt\/maxi-cosi-laika-jalutuskaru-sparkling-grey\/\",\"name\":\"Maxi-Cosi Laika jalutusk\u00e4ru, Sparkling Grey, \u0421\u041a\u0418\u0414\u041a\u0418, \u041d\u041e\u0412\u042b\u0415 \u0422\u041e\u0412\u0410\u0420\u042b, \u041a\u043e\u043b\u044f\u0441\u043a\u0438, \u041f\u0440\u043e\u0433\u0443\u043b\u043e\u0447\u043d\u044b\u0435 \u043a\u043e\u043b\u044f\u0441\u043a\u0438, Beebipood\",\"isPartOf\":{\"@id\":\"https:\/\/beebipood.ee\/ru\/#website\"},\"primaryImageOfPage\":{\"@id\":\"https:\/\/beebipood.ee\/ru\/produkt\/maxi-cosi-laika-jalutuskaru-sparkling-grey\/#primaryimage\"},\"image\":{\"@id\":\"https:\/\/beebipood.ee\/ru\/produkt\/maxi-cosi-laika-jalutuskaru-sparkling-grey\/#primaryimage\"},\"thumbnailUrl\":\"https:\/\/beebipood.ee\/wp-content\/uploads\/2018\/09\/MaxiCosi-Laika-jalutuskaru-Sparkling-Grey-SOODUSPAKKUMISED-UUED-TOOTED-Lastevankrid-ja-karud-Jalutuskarud_1-140.jpg\",\"datePublished\":\"2018-09-02T04:41:08+00:00\",\"dateModified\":\"2025-01-09T08:49:06+00:00\",\"description\":\"Maxi-Cosi Laika jalutusk\u00e4ru, Sparkling Grey, &Uuml;limalt kompaktne ja kerge linnak&auml;ru Maxi-Cosi Laika sobib kasutamiseks alates s&uuml;nnist kun\",\"breadcrumb\":{\"@id\":\"https:\/\/beebipood.ee\/ru\/produkt\/maxi-cosi-laika-jalutuskaru-sparkling-grey\/#breadcrumb\"},\"inLanguage\":\"ru-RU\",\"potentialAction\":[{\"@type\":\"ReadAction\",\"target\":[\"https:\/\/beebipood.ee\/ru\/produkt\/maxi-cosi-laika-jalutuskaru-sparkling-grey\/\"]}]},{\"@type\":\"ImageObject\",\"inLanguage\":\"ru-RU\",\"@id\":\"https:\/\/beebipood.ee\/ru\/produkt\/maxi-cosi-laika-jalutuskaru-sparkling-grey\/#primaryimage\",\"url\":\"https:\/\/beebipood.ee\/wp-content\/uploads\/2018\/09\/MaxiCosi-Laika-jalutuskaru-Sparkling-Grey-SOODUSPAKKUMISED-UUED-TOOTED-Lastevankrid-ja-karud-Jalutuskarud_1-140.jpg\",\"contentUrl\":\"https:\/\/beebipood.ee\/wp-content\/uploads\/2018\/09\/MaxiCosi-Laika-jalutuskaru-Sparkling-Grey-SOODUSPAKKUMISED-UUED-TOOTED-Lastevankrid-ja-karud-Jalutuskarud_1-140.jpg\",\"width\":1701,\"height\":1920},{\"@type\":\"BreadcrumbList\",\"@id\":\"https:\/\/beebipood.ee\/ru\/produkt\/maxi-cosi-laika-jalutuskaru-sparkling-grey\/#breadcrumb\",\"itemListElement\":[{\"@type\":\"ListItem\",\"position\":1,\"name\":\"Home\",\"item\":\"https:\/\/beebipood.ee\/ru\/\"},{\"@type\":\"ListItem\",\"position\":2,\"name\":\"\u041a\u0430\u0442\u0430\u043b\u043e\u0433 \u0442\u043e\u0432\u0430\u0440\u043e\u0432\",\"item\":\"https:\/\/beebipood.ee\/tooted\/\"},{\"@type\":\"ListItem\",\"position\":3,\"name\":\"Maxi-Cosi Laika jalutusk\u00e4ru, Sparkling Grey\"}]},{\"@type\":\"WebSite\",\"@id\":\"https:\/\/beebipood.ee\/ru\/#website\",\"url\":\"https:\/\/beebipood.ee\/ru\/\",\"name\":\"Beebipood\",\"description\":\"Lastekaubad, beebikaubad, m\u00e4nguasjad\",\"publisher\":{\"@id\":\"https:\/\/beebipood.ee\/ru\/#organization\"},\"potentialAction\":[{\"@type\":\"SearchAction\",\"target\":{\"@type\":\"EntryPoint\",\"urlTemplate\":\"https:\/\/beebipood.ee\/ru\/?s={search_term_string}\"},\"query-input\":{\"@type\":\"PropertyValueSpecification\",\"valueRequired\":true,\"valueName\":\"search_term_string\"}}],\"inLanguage\":\"ru-RU\"},{\"@type\":\"Organization\",\"@id\":\"https:\/\/beebipood.ee\/ru\/#organization\",\"name\":\"Beebipood\",\"url\":\"https:\/\/beebipood.ee\/ru\/\",\"logo\":{\"@type\":\"ImageObject\",\"inLanguage\":\"ru-RU\",\"@id\":\"https:\/\/beebipood.ee\/ru\/#\/schema\/logo\/image\/\",\"url\":\"https:\/\/beebipood.ee\/wp-content\/uploads\/2025\/03\/beebipood.ee-logo-1.svg\",\"contentUrl\":\"https:\/\/beebipood.ee\/wp-content\/uploads\/2025\/03\/beebipood.ee-logo-1.svg\",\"caption\":\"Beebipood\"},\"image\":{\"@id\":\"https:\/\/beebipood.ee\/ru\/#\/schema\/logo\/image\/\"}}]}<\/script>\n<!-- \/ Yoast SEO plugin. -->","yoast_head_json":{"title":"Maxi-Cosi Laika jalutusk\u00e4ru, Sparkling Grey, \u0421\u041a\u0418\u0414\u041a\u0418, \u041d\u041e\u0412\u042b\u0415 \u0422\u041e\u0412\u0410\u0420\u042b, \u041a\u043e\u043b\u044f\u0441\u043a\u0438, \u041f\u0440\u043e\u0433\u0443\u043b\u043e\u0447\u043d\u044b\u0435 \u043a\u043e\u043b\u044f\u0441\u043a\u0438, Beebipood","description":"Maxi-Cosi Laika jalutusk\u00e4ru, Sparkling Grey, &Uuml;limalt kompaktne ja kerge linnak&auml;ru Maxi-Cosi Laika sobib kasutamiseks alates s&uuml;nnist kun","robots":{"index":"index","follow":"follow","max-snippet":"max-snippet:-1","max-image-preview":"max-image-preview:large","max-video-preview":"max-video-preview:-1"},"canonical":"https:\/\/beebipood.ee\/ru\/produkt\/maxi-cosi-laika-jalutuskaru-sparkling-grey\/","og_locale":"ru_RU","og_type":"article","og_title":"Maxi-Cosi Laika jalutusk\u00e4ru, Sparkling Grey, \u0421\u041a\u0418\u0414\u041a\u0418, \u041d\u041e\u0412\u042b\u0415 \u0422\u041e\u0412\u0410\u0420\u042b, \u041a\u043e\u043b\u044f\u0441\u043a\u0438, \u041f\u0440\u043e\u0433\u0443\u043b\u043e\u0447\u043d\u044b\u0435 \u043a\u043e\u043b\u044f\u0441\u043a\u0438, Beebipood","og_description":"Maxi-Cosi Laika jalutusk\u00e4ru, Sparkling Grey, &Uuml;limalt kompaktne ja kerge linnak&auml;ru Maxi-Cosi Laika sobib kasutamiseks alates s&uuml;nnist kun","og_url":"https:\/\/beebipood.ee\/ru\/produkt\/maxi-cosi-laika-jalutuskaru-sparkling-grey\/","og_site_name":"Beebipood","article_modified_time":"2025-01-09T08:49:06+00:00","og_image":[{"width":1701,"height":1920,"url":"https:\/\/beebipood.ee\/wp-content\/uploads\/2018\/09\/MaxiCosi-Laika-jalutuskaru-Sparkling-Grey-SOODUSPAKKUMISED-UUED-TOOTED-Lastevankrid-ja-karud-Jalutuskarud_1-140.jpg","type":"image\/jpeg"}],"twitter_card":"summary_large_image","twitter_misc":{"\u041f\u0440\u0438\u043c\u0435\u0440\u043d\u043e\u0435 \u0432\u0440\u0435\u043c\u044f \u0434\u043b\u044f \u0447\u0442\u0435\u043d\u0438\u044f":"1 \u043c\u0438\u043d\u0443\u0442\u0430"},"schema":{"@context":"https:\/\/schema.org","@graph":[{"@type":"WebPage","@id":"https:\/\/beebipood.ee\/ru\/produkt\/maxi-cosi-laika-jalutuskaru-sparkling-grey\/","url":"https:\/\/beebipood.ee\/ru\/produkt\/maxi-cosi-laika-jalutuskaru-sparkling-grey\/","name":"Maxi-Cosi Laika jalutusk\u00e4ru, Sparkling Grey, \u0421\u041a\u0418\u0414\u041a\u0418, \u041d\u041e\u0412\u042b\u0415 \u0422\u041e\u0412\u0410\u0420\u042b, \u041a\u043e\u043b\u044f\u0441\u043a\u0438, \u041f\u0440\u043e\u0433\u0443\u043b\u043e\u0447\u043d\u044b\u0435 \u043a\u043e\u043b\u044f\u0441\u043a\u0438, Beebipood","isPartOf":{"@id":"https:\/\/beebipood.ee\/ru\/#website"},"primaryImageOfPage":{"@id":"https:\/\/beebipood.ee\/ru\/produkt\/maxi-cosi-laika-jalutuskaru-sparkling-grey\/#primaryimage"},"image":{"@id":"https:\/\/beebipood.ee\/ru\/produkt\/maxi-cosi-laika-jalutuskaru-sparkling-grey\/#primaryimage"},"thumbnailUrl":"https:\/\/beebipood.ee\/wp-content\/uploads\/2018\/09\/MaxiCosi-Laika-jalutuskaru-Sparkling-Grey-SOODUSPAKKUMISED-UUED-TOOTED-Lastevankrid-ja-karud-Jalutuskarud_1-140.jpg","datePublished":"2018-09-02T04:41:08+00:00","dateModified":"2025-01-09T08:49:06+00:00","description":"Maxi-Cosi Laika jalutusk\u00e4ru, Sparkling Grey, &Uuml;limalt kompaktne ja kerge linnak&auml;ru Maxi-Cosi Laika sobib kasutamiseks alates s&uuml;nnist kun","breadcrumb":{"@id":"https:\/\/beebipood.ee\/ru\/produkt\/maxi-cosi-laika-jalutuskaru-sparkling-grey\/#breadcrumb"},"inLanguage":"ru-RU","potentialAction":[{"@type":"ReadAction","target":["https:\/\/beebipood.ee\/ru\/produkt\/maxi-cosi-laika-jalutuskaru-sparkling-grey\/"]}]},{"@type":"ImageObject","inLanguage":"ru-RU","@id":"https:\/\/beebipood.ee\/ru\/produkt\/maxi-cosi-laika-jalutuskaru-sparkling-grey\/#primaryimage","url":"https:\/\/beebipood.ee\/wp-content\/uploads\/2018\/09\/MaxiCosi-Laika-jalutuskaru-Sparkling-Grey-SOODUSPAKKUMISED-UUED-TOOTED-Lastevankrid-ja-karud-Jalutuskarud_1-140.jpg","contentUrl":"https:\/\/beebipood.ee\/wp-content\/uploads\/2018\/09\/MaxiCosi-Laika-jalutuskaru-Sparkling-Grey-SOODUSPAKKUMISED-UUED-TOOTED-Lastevankrid-ja-karud-Jalutuskarud_1-140.jpg","width":1701,"height":1920},{"@type":"BreadcrumbList","@id":"https:\/\/beebipood.ee\/ru\/produkt\/maxi-cosi-laika-jalutuskaru-sparkling-grey\/#breadcrumb","itemListElement":[{"@type":"ListItem","position":1,"name":"Home","item":"https:\/\/beebipood.ee\/ru\/"},{"@type":"ListItem","position":2,"name":"\u041a\u0430\u0442\u0430\u043b\u043e\u0433 \u0442\u043e\u0432\u0430\u0440\u043e\u0432","item":"https:\/\/beebipood.ee\/tooted\/"},{"@type":"ListItem","position":3,"name":"Maxi-Cosi Laika jalutusk\u00e4ru, Sparkling Grey"}]},{"@type":"WebSite","@id":"https:\/\/beebipood.ee\/ru\/#website","url":"https:\/\/beebipood.ee\/ru\/","name":"Beebipood","description":"Lastekaubad, beebikaubad, m\u00e4nguasjad","publisher":{"@id":"https:\/\/beebipood.ee\/ru\/#organization"},"potentialAction":[{"@type":"SearchAction","target":{"@type":"EntryPoint","urlTemplate":"https:\/\/beebipood.ee\/ru\/?s={search_term_string}"},"query-input":{"@type":"PropertyValueSpecification","valueRequired":true,"valueName":"search_term_string"}}],"inLanguage":"ru-RU"},{"@type":"Organization","@id":"https:\/\/beebipood.ee\/ru\/#organization","name":"Beebipood","url":"https:\/\/beebipood.ee\/ru\/","logo":{"@type":"ImageObject","inLanguage":"ru-RU","@id":"https:\/\/beebipood.ee\/ru\/#\/schema\/logo\/image\/","url":"https:\/\/beebipood.ee\/wp-content\/uploads\/2025\/03\/beebipood.ee-logo-1.svg","contentUrl":"https:\/\/beebipood.ee\/wp-content\/uploads\/2025\/03\/beebipood.ee-logo-1.svg","caption":"Beebipood"},"image":{"@id":"https:\/\/beebipood.ee\/ru\/#\/schema\/logo\/image\/"}}]}},"brands":[{"id":11961,"name":"Maxi-Cosi","slug":"maxi-cosi-ru"}],"_links":{"self":[{"href":"https:\/\/beebipood.ee\/ru\/wp-json\/wp\/v2\/product\/458291","targetHints":{"allow":["GET"]}}],"collection":[{"href":"https:\/\/beebipood.ee\/ru\/wp-json\/wp\/v2\/product"}],"about":[{"href":"https:\/\/beebipood.ee\/ru\/wp-json\/wp\/v2\/types\/product"}],"wp:featuredmedia":[{"embeddable":true,"href":"https:\/\/beebipood.ee\/ru\/wp-json\/wp\/v2\/media\/125493"}],"wp:attachment":[{"href":"https:\/\/beebipood.ee\/ru\/wp-json\/wp\/v2\/media?parent=458291"}],"wp:term":[{"taxonomy":"pwb-brand","embeddable":true,"href":"https:\/\/beebipood.ee\/ru\/wp-json\/wp\/v2\/pwb-brand?post=458291"},{"taxonomy":"product_brand","embeddable":true,"href":"https:\/\/beebipood.ee\/ru\/wp-json\/wp\/v2\/product_brand?post=458291"},{"taxonomy":"product_cat","embeddable":true,"href":"https:\/\/beebipood.ee\/ru\/wp-json\/wp\/v2\/product_cat?post=458291"},{"taxonomy":"product_tag","embeddable":true,"href":"https:\/\/beebipood.ee\/ru\/wp-json\/wp\/v2\/product_tag?post=458291"}],"curies":[{"name":"wp","href":"https:\/\/api.w.org\/{rel}","templated":true}]}}