{"id":458301,"date":"2018-09-04T14:09:32","date_gmt":"2018-09-04T11:09:32","guid":{"rendered":"https:\/\/beebipood.ee\/toode\/yappysole-majavoodi-voodisahtliga-90x200-light-grey\/"},"modified":"2025-01-09T10:49:06","modified_gmt":"2025-01-09T08:49:06","slug":"yappysole-majavoodi-voodisahtliga-90x200-light-grey","status":"publish","type":"product","link":"https:\/\/beebipood.ee\/ru\/produkt\/yappysole-majavoodi-voodisahtliga-90x200-light-grey\/","title":{"rendered":"YappySole majavoodi voodisahtliga 90&#215;200, light grey"},"content":{"rendered":"<p><span style=\"text-decoration: underline;\">YappySole majavoodi<\/span> on ainulaadne kombinatsioon stiilist ja funktsionaalsusest.<br \/>Voodi disain annab tuppa hubasuse ja eheduse atmosf\u00e4\u00e4ri.<br \/>See voodi ei ole lihtsalt m\u00f6\u00f6bliese, vaid isiklik p\u00fchamu,<br \/>kus teismeline saab v\u00e4ljendada oma ainulaadsust ja loovust.<br \/>Loome ruumi, kus stiil kohtub praktilisusega<br \/>ja kus iga detail vastab tema isiklikule maitsele.<br \/>Sinu lapse turvalisuse huvides on v\u00f5imalik YappySole maja-voodi<br \/>\u00fchele v\u00f5i teisele k\u00fcljele kinnitada turvapiire (kaasas).<br \/>M\u00f5eldud <a href=\"https:\/\/www.beebipood.ee\/lastemoobel-ja-sisustus\/madratsid-ja-kattemadratsid\/kuni-90cm-laiused.html\">90&#215;200 cm <\/a>suuruses madratsi jaoks.<br \/>Madrats ei ole komplektis.<br \/>Materjal: t\u00e4ism\u00e4nnipuit.<br \/>Puit on t\u00f6\u00f6deldud \u00f6koloogilise, lastele ohutu naturaalse puiduvahaga.<br \/>See on mitmeotstarbeline materjal, annab s\u00e4ra, t\u00f5rjub niiskust<br \/>ja kaitseb m\u00f6\u00f6blit mustuse eest.<br \/>Puitdetailide kokkupuutel teiste puitdetailidega<br \/>kipub see tekitama puidu h\u00e4\u00e4lt (kr\u00f5binat) ja seet\u00f5ttu kasutatakse puiduvaha,<br \/>mis takistab neid helisid ja ei tekita m\u00f6\u00f6bli kasutamise ajal m\u00fcra.<br \/>YappySole majavoodi on valmistatud FSC sertifikaadiga puidust.<br \/>FSC sertifikaat tagab, et tooted p\u00e4rinevad vastutustundlikult majandatud metsadest,<br \/>mis pakuvad keskkonna-, sotsiaalset ja majanduslikku kasu.<br \/>Hooldamine:<br \/>Puhastada niiske lapiga. Seej\u00e4rel kuivaks p\u00fchkida.<\/p>\n<p><span style=\"text-decoration: underline;\">YappyNap voodisahtel ratastel,<\/span> mida saab kasutada hoiustamiseks<br \/>v\u00f5i t\u00e4iendava magamiskohana.<br \/>Komplekti kuuluvad sahtli p\u00f5hi ja ergonoomilised p\u00f5hjalipid.<br \/>Voodisahtlisse sobib madrats m\u00f5\u00f5duga 90&#215;195<br \/>Madrats ei ole komplektis.<br \/>Materjal: t\u00e4ism\u00e4nnipuit.<br \/>Sahtel sobib 90&#215;200 cm suurusele voodi alla.<br \/>Voodisahtel on t\u00f6\u00f6deldud \u00f6koloogilise, lastele ohutu naturaalse puiduvahaga.<br \/>Valmistatud FSC sertifikaadiga puidust.<br \/>FSC sertifikaat tagab, et tooted p\u00e4rinevad vastutustundlikult majandatud metsadest,<br \/>mis pakuvad keskkonna-, sotsiaalset ja majanduslikku kasu.<br \/>Hooldamine:<br \/>Puhastada niiske lapiga. Seej\u00e4rel kuivaks p\u00fchkida.<\/p>\n","protected":false},"excerpt":{"rendered":"<p>YappySole majavoodi on ainulaadne kombinatsioon stiilist ja funktsionaalsusest.Voodi disain annab tuppa hubasuse ja eheduse atmosf\u00e4\u00e4ri.See voodi ei ole lihtsalt m\u00f6\u00f6bliese, vaid isiklik p\u00fchamu,kus teismeline saab v\u00e4ljendada oma ainulaadsust ja loovust.Loome ruumi, kus stiil kohtub praktilisusegaja kus iga detail vastab tema isiklikule maitsele.Sinu lapse turvalisuse huvides on v\u00f5imalik YappySole maja-voodi\u00fchele v\u00f5i teisele k\u00fcljele kinnitada turvapiire (kaasas).M\u00f5eldud [&hellip;]<\/p>\n","protected":false},"featured_media":125584,"template":"","meta":{"_acf_changed":false},"pwb-brand":[11969],"product_brand":[],"product_cat":[11591,11559,11789],"product_tag":[],"class_list":{"0":"post-458301","1":"product","2":"type-product","3":"status-publish","4":"has-post-thumbnail","6":"pwb-brand-yappykids-ru","7":"product_cat-90cm-laiused-ru","8":"product_cat-laste-ja-noortevoodid-ru","9":"product_cat-lastemoobel-ja-sisustus-ru","10":"pa_manufacturer-yappykids-ru","12":"first","13":"onbackorder","14":"sale","15":"taxable","16":"shipping-taxable","17":"purchasable","18":"product-type-simple"},"exclude_global_add_ons":[],"addons":[],"acf":[],"yoast_head":"<!-- This site is optimized with the Yoast SEO plugin v27.1.1 - https:\/\/yoast.com\/product\/yoast-seo-wordpress\/ -->\n<title>YappySole majavoodi voodisahtliga 90x200, light grey, \u041a\u0440\u043e\u0432\u0430\u0442\u0438 \u0434\u043b\u044f \u0434\u0435\u0442\u0435\u0439 \u0438 \u043f\u043e\u0434\u0440\u043e\u0441\u0442\u043a\u043e\u0432, \u041d\u041e\u0412\u042b\u0415 \u0422\u041e\u0412\u0410\u0420\u042b, \u0428\u0438\u0440\u0438\u043d\u0430 90c\u043c, M\u0435\u0431\u0435\u043b\u044c, Beebipood<\/title>\n<meta name=\"description\" content=\"YappySole majavoodi voodisahtliga 90x200, light grey, YappySole majavoodi on ainulaadne kombinatsioon stiili\" \/>\n<meta name=\"robots\" content=\"index, follow, max-snippet:-1, max-image-preview:large, max-video-preview:-1\" \/>\n<link rel=\"canonical\" href=\"https:\/\/beebipood.ee\/ru\/produkt\/yappysole-majavoodi-voodisahtliga-90x200-light-grey\/\" \/>\n<meta property=\"og:locale\" content=\"ru_RU\" \/>\n<meta property=\"og:type\" content=\"article\" \/>\n<meta property=\"og:title\" content=\"YappySole majavoodi voodisahtliga 90x200, light grey, \u041a\u0440\u043e\u0432\u0430\u0442\u0438 \u0434\u043b\u044f \u0434\u0435\u0442\u0435\u0439 \u0438 \u043f\u043e\u0434\u0440\u043e\u0441\u0442\u043a\u043e\u0432, \u041d\u041e\u0412\u042b\u0415 \u0422\u041e\u0412\u0410\u0420\u042b, \u0428\u0438\u0440\u0438\u043d\u0430 90c\u043c, M\u0435\u0431\u0435\u043b\u044c, Beebipood\" \/>\n<meta property=\"og:description\" content=\"YappySole majavoodi voodisahtliga 90x200, light grey, YappySole majavoodi on ainulaadne kombinatsioon stiili\" \/>\n<meta property=\"og:url\" content=\"https:\/\/beebipood.ee\/ru\/produkt\/yappysole-majavoodi-voodisahtliga-90x200-light-grey\/\" \/>\n<meta property=\"og:site_name\" content=\"Beebipood\" \/>\n<meta property=\"article:modified_time\" content=\"2025-01-09T08:49:06+00:00\" \/>\n<meta property=\"og:image\" content=\"https:\/\/beebipood.ee\/wp-content\/uploads\/2018\/09\/YappySole-majavoodi-voodisahtliga-90x200-light-grey-Laste-ja-noortevoodid-UUED-TOOTED-90cm-laiused-Lastemoobel-ja-sisustus_1-c84-scaled.jpg\" \/>\n\t<meta property=\"og:image:width\" content=\"2560\" \/>\n\t<meta property=\"og:image:height\" content=\"1906\" \/>\n\t<meta property=\"og:image:type\" content=\"image\/jpeg\" \/>\n<meta name=\"twitter:card\" content=\"summary_large_image\" \/>\n<meta name=\"twitter:label1\" content=\"\u041f\u0440\u0438\u043c\u0435\u0440\u043d\u043e\u0435 \u0432\u0440\u0435\u043c\u044f \u0434\u043b\u044f \u0447\u0442\u0435\u043d\u0438\u044f\" \/>\n\t<meta name=\"twitter:data1\" content=\"1 \u043c\u0438\u043d\u0443\u0442\u0430\" \/>\n<script type=\"application\/ld+json\" class=\"yoast-schema-graph\">{\"@context\":\"https:\/\/schema.org\",\"@graph\":[{\"@type\":\"WebPage\",\"@id\":\"https:\/\/beebipood.ee\/ru\/produkt\/yappysole-majavoodi-voodisahtliga-90x200-light-grey\/\",\"url\":\"https:\/\/beebipood.ee\/ru\/produkt\/yappysole-majavoodi-voodisahtliga-90x200-light-grey\/\",\"name\":\"YappySole majavoodi voodisahtliga 90x200, light grey, \u041a\u0440\u043e\u0432\u0430\u0442\u0438 \u0434\u043b\u044f \u0434\u0435\u0442\u0435\u0439 \u0438 \u043f\u043e\u0434\u0440\u043e\u0441\u0442\u043a\u043e\u0432, \u041d\u041e\u0412\u042b\u0415 \u0422\u041e\u0412\u0410\u0420\u042b, \u0428\u0438\u0440\u0438\u043d\u0430 90c\u043c, M\u0435\u0431\u0435\u043b\u044c, Beebipood\",\"isPartOf\":{\"@id\":\"https:\/\/beebipood.ee\/ru\/#website\"},\"primaryImageOfPage\":{\"@id\":\"https:\/\/beebipood.ee\/ru\/produkt\/yappysole-majavoodi-voodisahtliga-90x200-light-grey\/#primaryimage\"},\"image\":{\"@id\":\"https:\/\/beebipood.ee\/ru\/produkt\/yappysole-majavoodi-voodisahtliga-90x200-light-grey\/#primaryimage\"},\"thumbnailUrl\":\"https:\/\/beebipood.ee\/wp-content\/uploads\/2018\/09\/YappySole-majavoodi-voodisahtliga-90x200-light-grey-Laste-ja-noortevoodid-UUED-TOOTED-90cm-laiused-Lastemoobel-ja-sisustus_1-c84-scaled.jpg\",\"datePublished\":\"2018-09-04T11:09:32+00:00\",\"dateModified\":\"2025-01-09T08:49:06+00:00\",\"description\":\"YappySole majavoodi voodisahtliga 90x200, light grey, YappySole majavoodi on ainulaadne kombinatsioon stiili\",\"breadcrumb\":{\"@id\":\"https:\/\/beebipood.ee\/ru\/produkt\/yappysole-majavoodi-voodisahtliga-90x200-light-grey\/#breadcrumb\"},\"inLanguage\":\"ru-RU\",\"potentialAction\":[{\"@type\":\"ReadAction\",\"target\":[\"https:\/\/beebipood.ee\/ru\/produkt\/yappysole-majavoodi-voodisahtliga-90x200-light-grey\/\"]}]},{\"@type\":\"ImageObject\",\"inLanguage\":\"ru-RU\",\"@id\":\"https:\/\/beebipood.ee\/ru\/produkt\/yappysole-majavoodi-voodisahtliga-90x200-light-grey\/#primaryimage\",\"url\":\"https:\/\/beebipood.ee\/wp-content\/uploads\/2018\/09\/YappySole-majavoodi-voodisahtliga-90x200-light-grey-Laste-ja-noortevoodid-UUED-TOOTED-90cm-laiused-Lastemoobel-ja-sisustus_1-c84-scaled.jpg\",\"contentUrl\":\"https:\/\/beebipood.ee\/wp-content\/uploads\/2018\/09\/YappySole-majavoodi-voodisahtliga-90x200-light-grey-Laste-ja-noortevoodid-UUED-TOOTED-90cm-laiused-Lastemoobel-ja-sisustus_1-c84-scaled.jpg\",\"width\":2560,\"height\":1906},{\"@type\":\"BreadcrumbList\",\"@id\":\"https:\/\/beebipood.ee\/ru\/produkt\/yappysole-majavoodi-voodisahtliga-90x200-light-grey\/#breadcrumb\",\"itemListElement\":[{\"@type\":\"ListItem\",\"position\":1,\"name\":\"Home\",\"item\":\"https:\/\/beebipood.ee\/ru\/\"},{\"@type\":\"ListItem\",\"position\":2,\"name\":\"\u041a\u0430\u0442\u0430\u043b\u043e\u0433 \u0442\u043e\u0432\u0430\u0440\u043e\u0432\",\"item\":\"https:\/\/beebipood.ee\/tooted\/\"},{\"@type\":\"ListItem\",\"position\":3,\"name\":\"YappySole majavoodi voodisahtliga 90&#215;200, light grey\"}]},{\"@type\":\"WebSite\",\"@id\":\"https:\/\/beebipood.ee\/ru\/#website\",\"url\":\"https:\/\/beebipood.ee\/ru\/\",\"name\":\"Beebipood\",\"description\":\"Lastekaubad, beebikaubad, m\u00e4nguasjad\",\"publisher\":{\"@id\":\"https:\/\/beebipood.ee\/ru\/#organization\"},\"potentialAction\":[{\"@type\":\"SearchAction\",\"target\":{\"@type\":\"EntryPoint\",\"urlTemplate\":\"https:\/\/beebipood.ee\/ru\/?s={search_term_string}\"},\"query-input\":{\"@type\":\"PropertyValueSpecification\",\"valueRequired\":true,\"valueName\":\"search_term_string\"}}],\"inLanguage\":\"ru-RU\"},{\"@type\":\"Organization\",\"@id\":\"https:\/\/beebipood.ee\/ru\/#organization\",\"name\":\"Beebipood\",\"url\":\"https:\/\/beebipood.ee\/ru\/\",\"logo\":{\"@type\":\"ImageObject\",\"inLanguage\":\"ru-RU\",\"@id\":\"https:\/\/beebipood.ee\/ru\/#\/schema\/logo\/image\/\",\"url\":\"https:\/\/beebipood.ee\/wp-content\/uploads\/2025\/03\/beebipood.ee-logo-1.svg\",\"contentUrl\":\"https:\/\/beebipood.ee\/wp-content\/uploads\/2025\/03\/beebipood.ee-logo-1.svg\",\"caption\":\"Beebipood\"},\"image\":{\"@id\":\"https:\/\/beebipood.ee\/ru\/#\/schema\/logo\/image\/\"}}]}<\/script>\n<!-- \/ Yoast SEO plugin. -->","yoast_head_json":{"title":"YappySole majavoodi voodisahtliga 90x200, light grey, \u041a\u0440\u043e\u0432\u0430\u0442\u0438 \u0434\u043b\u044f \u0434\u0435\u0442\u0435\u0439 \u0438 \u043f\u043e\u0434\u0440\u043e\u0441\u0442\u043a\u043e\u0432, \u041d\u041e\u0412\u042b\u0415 \u0422\u041e\u0412\u0410\u0420\u042b, \u0428\u0438\u0440\u0438\u043d\u0430 90c\u043c, M\u0435\u0431\u0435\u043b\u044c, Beebipood","description":"YappySole majavoodi voodisahtliga 90x200, light grey, YappySole majavoodi on ainulaadne kombinatsioon stiili","robots":{"index":"index","follow":"follow","max-snippet":"max-snippet:-1","max-image-preview":"max-image-preview:large","max-video-preview":"max-video-preview:-1"},"canonical":"https:\/\/beebipood.ee\/ru\/produkt\/yappysole-majavoodi-voodisahtliga-90x200-light-grey\/","og_locale":"ru_RU","og_type":"article","og_title":"YappySole majavoodi voodisahtliga 90x200, light grey, \u041a\u0440\u043e\u0432\u0430\u0442\u0438 \u0434\u043b\u044f \u0434\u0435\u0442\u0435\u0439 \u0438 \u043f\u043e\u0434\u0440\u043e\u0441\u0442\u043a\u043e\u0432, \u041d\u041e\u0412\u042b\u0415 \u0422\u041e\u0412\u0410\u0420\u042b, \u0428\u0438\u0440\u0438\u043d\u0430 90c\u043c, M\u0435\u0431\u0435\u043b\u044c, Beebipood","og_description":"YappySole majavoodi voodisahtliga 90x200, light grey, YappySole majavoodi on ainulaadne kombinatsioon stiili","og_url":"https:\/\/beebipood.ee\/ru\/produkt\/yappysole-majavoodi-voodisahtliga-90x200-light-grey\/","og_site_name":"Beebipood","article_modified_time":"2025-01-09T08:49:06+00:00","og_image":[{"width":2560,"height":1906,"url":"https:\/\/beebipood.ee\/wp-content\/uploads\/2018\/09\/YappySole-majavoodi-voodisahtliga-90x200-light-grey-Laste-ja-noortevoodid-UUED-TOOTED-90cm-laiused-Lastemoobel-ja-sisustus_1-c84-scaled.jpg","type":"image\/jpeg"}],"twitter_card":"summary_large_image","twitter_misc":{"\u041f\u0440\u0438\u043c\u0435\u0440\u043d\u043e\u0435 \u0432\u0440\u0435\u043c\u044f \u0434\u043b\u044f \u0447\u0442\u0435\u043d\u0438\u044f":"1 \u043c\u0438\u043d\u0443\u0442\u0430"},"schema":{"@context":"https:\/\/schema.org","@graph":[{"@type":"WebPage","@id":"https:\/\/beebipood.ee\/ru\/produkt\/yappysole-majavoodi-voodisahtliga-90x200-light-grey\/","url":"https:\/\/beebipood.ee\/ru\/produkt\/yappysole-majavoodi-voodisahtliga-90x200-light-grey\/","name":"YappySole majavoodi voodisahtliga 90x200, light grey, \u041a\u0440\u043e\u0432\u0430\u0442\u0438 \u0434\u043b\u044f \u0434\u0435\u0442\u0435\u0439 \u0438 \u043f\u043e\u0434\u0440\u043e\u0441\u0442\u043a\u043e\u0432, \u041d\u041e\u0412\u042b\u0415 \u0422\u041e\u0412\u0410\u0420\u042b, \u0428\u0438\u0440\u0438\u043d\u0430 90c\u043c, M\u0435\u0431\u0435\u043b\u044c, Beebipood","isPartOf":{"@id":"https:\/\/beebipood.ee\/ru\/#website"},"primaryImageOfPage":{"@id":"https:\/\/beebipood.ee\/ru\/produkt\/yappysole-majavoodi-voodisahtliga-90x200-light-grey\/#primaryimage"},"image":{"@id":"https:\/\/beebipood.ee\/ru\/produkt\/yappysole-majavoodi-voodisahtliga-90x200-light-grey\/#primaryimage"},"thumbnailUrl":"https:\/\/beebipood.ee\/wp-content\/uploads\/2018\/09\/YappySole-majavoodi-voodisahtliga-90x200-light-grey-Laste-ja-noortevoodid-UUED-TOOTED-90cm-laiused-Lastemoobel-ja-sisustus_1-c84-scaled.jpg","datePublished":"2018-09-04T11:09:32+00:00","dateModified":"2025-01-09T08:49:06+00:00","description":"YappySole majavoodi voodisahtliga 90x200, light grey, YappySole majavoodi on ainulaadne kombinatsioon stiili","breadcrumb":{"@id":"https:\/\/beebipood.ee\/ru\/produkt\/yappysole-majavoodi-voodisahtliga-90x200-light-grey\/#breadcrumb"},"inLanguage":"ru-RU","potentialAction":[{"@type":"ReadAction","target":["https:\/\/beebipood.ee\/ru\/produkt\/yappysole-majavoodi-voodisahtliga-90x200-light-grey\/"]}]},{"@type":"ImageObject","inLanguage":"ru-RU","@id":"https:\/\/beebipood.ee\/ru\/produkt\/yappysole-majavoodi-voodisahtliga-90x200-light-grey\/#primaryimage","url":"https:\/\/beebipood.ee\/wp-content\/uploads\/2018\/09\/YappySole-majavoodi-voodisahtliga-90x200-light-grey-Laste-ja-noortevoodid-UUED-TOOTED-90cm-laiused-Lastemoobel-ja-sisustus_1-c84-scaled.jpg","contentUrl":"https:\/\/beebipood.ee\/wp-content\/uploads\/2018\/09\/YappySole-majavoodi-voodisahtliga-90x200-light-grey-Laste-ja-noortevoodid-UUED-TOOTED-90cm-laiused-Lastemoobel-ja-sisustus_1-c84-scaled.jpg","width":2560,"height":1906},{"@type":"BreadcrumbList","@id":"https:\/\/beebipood.ee\/ru\/produkt\/yappysole-majavoodi-voodisahtliga-90x200-light-grey\/#breadcrumb","itemListElement":[{"@type":"ListItem","position":1,"name":"Home","item":"https:\/\/beebipood.ee\/ru\/"},{"@type":"ListItem","position":2,"name":"\u041a\u0430\u0442\u0430\u043b\u043e\u0433 \u0442\u043e\u0432\u0430\u0440\u043e\u0432","item":"https:\/\/beebipood.ee\/tooted\/"},{"@type":"ListItem","position":3,"name":"YappySole majavoodi voodisahtliga 90&#215;200, light grey"}]},{"@type":"WebSite","@id":"https:\/\/beebipood.ee\/ru\/#website","url":"https:\/\/beebipood.ee\/ru\/","name":"Beebipood","description":"Lastekaubad, beebikaubad, m\u00e4nguasjad","publisher":{"@id":"https:\/\/beebipood.ee\/ru\/#organization"},"potentialAction":[{"@type":"SearchAction","target":{"@type":"EntryPoint","urlTemplate":"https:\/\/beebipood.ee\/ru\/?s={search_term_string}"},"query-input":{"@type":"PropertyValueSpecification","valueRequired":true,"valueName":"search_term_string"}}],"inLanguage":"ru-RU"},{"@type":"Organization","@id":"https:\/\/beebipood.ee\/ru\/#organization","name":"Beebipood","url":"https:\/\/beebipood.ee\/ru\/","logo":{"@type":"ImageObject","inLanguage":"ru-RU","@id":"https:\/\/beebipood.ee\/ru\/#\/schema\/logo\/image\/","url":"https:\/\/beebipood.ee\/wp-content\/uploads\/2025\/03\/beebipood.ee-logo-1.svg","contentUrl":"https:\/\/beebipood.ee\/wp-content\/uploads\/2025\/03\/beebipood.ee-logo-1.svg","caption":"Beebipood"},"image":{"@id":"https:\/\/beebipood.ee\/ru\/#\/schema\/logo\/image\/"}}]}},"brands":[{"id":11969,"name":"YappyKids","slug":"yappykids-ru"}],"_links":{"self":[{"href":"https:\/\/beebipood.ee\/ru\/wp-json\/wp\/v2\/product\/458301","targetHints":{"allow":["GET"]}}],"collection":[{"href":"https:\/\/beebipood.ee\/ru\/wp-json\/wp\/v2\/product"}],"about":[{"href":"https:\/\/beebipood.ee\/ru\/wp-json\/wp\/v2\/types\/product"}],"wp:featuredmedia":[{"embeddable":true,"href":"https:\/\/beebipood.ee\/ru\/wp-json\/wp\/v2\/media\/125584"}],"wp:attachment":[{"href":"https:\/\/beebipood.ee\/ru\/wp-json\/wp\/v2\/media?parent=458301"}],"wp:term":[{"taxonomy":"pwb-brand","embeddable":true,"href":"https:\/\/beebipood.ee\/ru\/wp-json\/wp\/v2\/pwb-brand?post=458301"},{"taxonomy":"product_brand","embeddable":true,"href":"https:\/\/beebipood.ee\/ru\/wp-json\/wp\/v2\/product_brand?post=458301"},{"taxonomy":"product_cat","embeddable":true,"href":"https:\/\/beebipood.ee\/ru\/wp-json\/wp\/v2\/product_cat?post=458301"},{"taxonomy":"product_tag","embeddable":true,"href":"https:\/\/beebipood.ee\/ru\/wp-json\/wp\/v2\/product_tag?post=458301"}],"curies":[{"name":"wp","href":"https:\/\/api.w.org\/{rel}","templated":true}]}}