{"id":458307,"date":"2018-09-05T06:16:17","date_gmt":"2018-09-05T03:16:17","guid":{"rendered":"https:\/\/beebipood.ee\/toode\/lastevoodi-hugo-80x160-lakk\/"},"modified":"2025-01-09T10:49:06","modified_gmt":"2025-01-09T08:49:06","slug":"lastevoodi-hugo-80x160-lakk","status":"publish","type":"product","link":"https:\/\/beebipood.ee\/ru\/produkt\/lastevoodi-hugo-80x160-lakk\/","title":{"rendered":"Lastevoodi Hugo 80&#215;160, lakk"},"content":{"rendered":"<p>Lastevoodi Hugo on m\u00f5eldud inimestele, kes hindavad funktsionaalsust,<br \/>kaasaegset disaini ja viimistluse k\u00f5rget kvaliteeti.<br \/>valmistatud MDF m\u00f6\u00f6bliplaadist ja m\u00e4nnipuidust<br \/>m\u00f5eldes lapse ohutusele on voodi k\u00f5ik servad \u00fcmardatud<br \/>kvaliteetne ja vastupidav, lihtne kokku panna, kergesti puhastatav<br \/>saab seadistada vasaku v\u00f5i parema poolseks<br \/>komplekti kuulub: voodi, voodialune panipaik, voodip\u00f5hi,<br \/>turvapiirded ja poroloonmadrats m\u00f5\u00f5dus 80&#215;160 cm<br \/>viimistluses on kasutatud \u00f6koloogiliselt puhtaid ja ohutuid v\u00e4rve<br \/>magamisruum: 80 cm x 160 cm<br \/>voodialuse panipaiga paneelid on kahepoolsed ja v\u00e4rvitud valge\/must<br \/>paneelid v\u00e4rvitooni saad valida vastavalt meeleolule olgu see siis valge v\u00f5i must<br \/>Voodi kandev\u00f5ime: 100kg<\/p>\n","protected":false},"excerpt":{"rendered":"<p>Lastevoodi Hugo on m\u00f5eldud inimestele, kes hindavad funktsionaalsust,kaasaegset disaini ja viimistluse k\u00f5rget kvaliteeti.valmistatud MDF m\u00f6\u00f6bliplaadist ja m\u00e4nnipuidustm\u00f5eldes lapse ohutusele on voodi k\u00f5ik servad \u00fcmardatudkvaliteetne ja vastupidav, lihtne kokku panna, kergesti puhastatavsaab seadistada vasaku v\u00f5i parema poolsekskomplekti kuulub: voodi, voodialune panipaik, voodip\u00f5hi,turvapiirded ja poroloonmadrats m\u00f5\u00f5dus 80&#215;160 cmviimistluses on kasutatud \u00f6koloogiliselt puhtaid ja ohutuid v\u00e4rvemagamisruum: 80 cm [&hellip;]<\/p>\n","protected":false},"featured_media":125612,"template":"","meta":{"_acf_changed":false},"pwb-brand":[],"product_brand":[],"product_cat":[11589,11559,11789],"product_tag":[],"class_list":{"0":"post-458307","1":"product","2":"type-product","3":"status-publish","4":"has-post-thumbnail","6":"product_cat-80cm-laiused-ru","7":"product_cat-laste-ja-noortevoodid-ru","8":"product_cat-lastemoobel-ja-sisustus-ru","10":"first","11":"onbackorder","12":"sale","13":"taxable","14":"shipping-taxable","15":"purchasable","16":"product-type-simple"},"exclude_global_add_ons":[],"addons":[],"acf":[],"yoast_head":"<!-- This site is optimized with the Yoast SEO plugin v27.3 - https:\/\/yoast.com\/product\/yoast-seo-wordpress\/ -->\n<title>Lastevoodi Hugo 80x160, lakk, \u041a\u0440\u043e\u0432\u0430\u0442\u0438 \u0434\u043b\u044f \u0434\u0435\u0442\u0435\u0439 \u0438 \u043f\u043e\u0434\u0440\u043e\u0441\u0442\u043a\u043e\u0432, \u041d\u041e\u0412\u042b\u0415 \u0422\u041e\u0412\u0410\u0420\u042b, \u0428\u0438\u0440\u0438\u043d\u0430 80c\u043c, M\u0435\u0431\u0435\u043b\u044c, Beebipood<\/title>\n<meta name=\"description\" content=\"Lastevoodi Hugo 80x160, lakk, Lastevoodi Hugo on m&otilde;eldud inimestele, kes hindavad funktsionaalsust,kaasaegset disaini ja viimistluse k&otilde;rg\" \/>\n<meta name=\"robots\" content=\"index, follow, max-snippet:-1, max-image-preview:large, max-video-preview:-1\" \/>\n<link rel=\"canonical\" href=\"https:\/\/beebipood.ee\/ru\/produkt\/lastevoodi-hugo-80x160-lakk\/\" \/>\n<meta property=\"og:locale\" content=\"ru_RU\" \/>\n<meta property=\"og:type\" content=\"article\" \/>\n<meta property=\"og:title\" content=\"Lastevoodi Hugo 80x160, lakk, \u041a\u0440\u043e\u0432\u0430\u0442\u0438 \u0434\u043b\u044f \u0434\u0435\u0442\u0435\u0439 \u0438 \u043f\u043e\u0434\u0440\u043e\u0441\u0442\u043a\u043e\u0432, \u041d\u041e\u0412\u042b\u0415 \u0422\u041e\u0412\u0410\u0420\u042b, \u0428\u0438\u0440\u0438\u043d\u0430 80c\u043c, M\u0435\u0431\u0435\u043b\u044c, Beebipood\" \/>\n<meta property=\"og:description\" content=\"Lastevoodi Hugo 80x160, lakk, Lastevoodi Hugo on m&otilde;eldud inimestele, kes hindavad funktsionaalsust,kaasaegset disaini ja viimistluse k&otilde;rg\" \/>\n<meta property=\"og:url\" content=\"https:\/\/beebipood.ee\/ru\/produkt\/lastevoodi-hugo-80x160-lakk\/\" \/>\n<meta property=\"og:site_name\" content=\"Beebipood\" \/>\n<meta property=\"article:modified_time\" content=\"2025-01-09T08:49:06+00:00\" \/>\n<meta property=\"og:image\" content=\"https:\/\/beebipood.ee\/wp-content\/uploads\/2018\/09\/Lastevoodi-Hugo-80x160-lakk-Laste-ja-noortevoodid-UUED-TOOTED-80cm-laiused-Lastemoobel-ja-sisustus_1-f3e-scaled.jpg\" \/>\n\t<meta property=\"og:image:width\" content=\"2560\" \/>\n\t<meta property=\"og:image:height\" content=\"1705\" \/>\n\t<meta property=\"og:image:type\" content=\"image\/jpeg\" \/>\n<meta name=\"twitter:card\" content=\"summary_large_image\" \/>\n<script type=\"application\/ld+json\" class=\"yoast-schema-graph\">{\"@context\":\"https:\\\/\\\/schema.org\",\"@graph\":[{\"@type\":\"WebPage\",\"@id\":\"https:\\\/\\\/beebipood.ee\\\/ru\\\/produkt\\\/lastevoodi-hugo-80x160-lakk\\\/\",\"url\":\"https:\\\/\\\/beebipood.ee\\\/ru\\\/produkt\\\/lastevoodi-hugo-80x160-lakk\\\/\",\"name\":\"Lastevoodi Hugo 80x160, lakk, \u041a\u0440\u043e\u0432\u0430\u0442\u0438 \u0434\u043b\u044f \u0434\u0435\u0442\u0435\u0439 \u0438 \u043f\u043e\u0434\u0440\u043e\u0441\u0442\u043a\u043e\u0432, \u041d\u041e\u0412\u042b\u0415 \u0422\u041e\u0412\u0410\u0420\u042b, \u0428\u0438\u0440\u0438\u043d\u0430 80c\u043c, M\u0435\u0431\u0435\u043b\u044c, Beebipood\",\"isPartOf\":{\"@id\":\"https:\\\/\\\/beebipood.ee\\\/ru\\\/#website\"},\"primaryImageOfPage\":{\"@id\":\"https:\\\/\\\/beebipood.ee\\\/ru\\\/produkt\\\/lastevoodi-hugo-80x160-lakk\\\/#primaryimage\"},\"image\":{\"@id\":\"https:\\\/\\\/beebipood.ee\\\/ru\\\/produkt\\\/lastevoodi-hugo-80x160-lakk\\\/#primaryimage\"},\"thumbnailUrl\":\"https:\\\/\\\/beebipood.ee\\\/wp-content\\\/uploads\\\/2018\\\/09\\\/Lastevoodi-Hugo-80x160-lakk-Laste-ja-noortevoodid-UUED-TOOTED-80cm-laiused-Lastemoobel-ja-sisustus_1-f3e-scaled.jpg\",\"datePublished\":\"2018-09-05T03:16:17+00:00\",\"dateModified\":\"2025-01-09T08:49:06+00:00\",\"description\":\"Lastevoodi Hugo 80x160, lakk, Lastevoodi Hugo on m&otilde;eldud inimestele, kes hindavad funktsionaalsust,kaasaegset disaini ja viimistluse k&otilde;rg\",\"breadcrumb\":{\"@id\":\"https:\\\/\\\/beebipood.ee\\\/ru\\\/produkt\\\/lastevoodi-hugo-80x160-lakk\\\/#breadcrumb\"},\"inLanguage\":\"ru-RU\",\"potentialAction\":[{\"@type\":\"ReadAction\",\"target\":[\"https:\\\/\\\/beebipood.ee\\\/ru\\\/produkt\\\/lastevoodi-hugo-80x160-lakk\\\/\"]}]},{\"@type\":\"ImageObject\",\"inLanguage\":\"ru-RU\",\"@id\":\"https:\\\/\\\/beebipood.ee\\\/ru\\\/produkt\\\/lastevoodi-hugo-80x160-lakk\\\/#primaryimage\",\"url\":\"https:\\\/\\\/beebipood.ee\\\/wp-content\\\/uploads\\\/2018\\\/09\\\/Lastevoodi-Hugo-80x160-lakk-Laste-ja-noortevoodid-UUED-TOOTED-80cm-laiused-Lastemoobel-ja-sisustus_1-f3e-scaled.jpg\",\"contentUrl\":\"https:\\\/\\\/beebipood.ee\\\/wp-content\\\/uploads\\\/2018\\\/09\\\/Lastevoodi-Hugo-80x160-lakk-Laste-ja-noortevoodid-UUED-TOOTED-80cm-laiused-Lastemoobel-ja-sisustus_1-f3e-scaled.jpg\",\"width\":2560,\"height\":1705},{\"@type\":\"BreadcrumbList\",\"@id\":\"https:\\\/\\\/beebipood.ee\\\/ru\\\/produkt\\\/lastevoodi-hugo-80x160-lakk\\\/#breadcrumb\",\"itemListElement\":[{\"@type\":\"ListItem\",\"position\":1,\"name\":\"Home\",\"item\":\"https:\\\/\\\/beebipood.ee\\\/ru\\\/\"},{\"@type\":\"ListItem\",\"position\":2,\"name\":\"\u041a\u0430\u0442\u0430\u043b\u043e\u0433 \u0442\u043e\u0432\u0430\u0440\u043e\u0432\",\"item\":\"https:\\\/\\\/beebipood.ee\\\/tooted\\\/\"},{\"@type\":\"ListItem\",\"position\":3,\"name\":\"Lastevoodi Hugo 80&#215;160, lakk\"}]},{\"@type\":\"WebSite\",\"@id\":\"https:\\\/\\\/beebipood.ee\\\/ru\\\/#website\",\"url\":\"https:\\\/\\\/beebipood.ee\\\/ru\\\/\",\"name\":\"Beebipood\",\"description\":\"Lastekaubad, beebikaubad, m\u00e4nguasjad\",\"publisher\":{\"@id\":\"https:\\\/\\\/beebipood.ee\\\/ru\\\/#organization\"},\"potentialAction\":[{\"@type\":\"SearchAction\",\"target\":{\"@type\":\"EntryPoint\",\"urlTemplate\":\"https:\\\/\\\/beebipood.ee\\\/ru\\\/?s={search_term_string}\"},\"query-input\":{\"@type\":\"PropertyValueSpecification\",\"valueRequired\":true,\"valueName\":\"search_term_string\"}}],\"inLanguage\":\"ru-RU\"},{\"@type\":\"Organization\",\"@id\":\"https:\\\/\\\/beebipood.ee\\\/ru\\\/#organization\",\"name\":\"Beebipood\",\"url\":\"https:\\\/\\\/beebipood.ee\\\/ru\\\/\",\"logo\":{\"@type\":\"ImageObject\",\"inLanguage\":\"ru-RU\",\"@id\":\"https:\\\/\\\/beebipood.ee\\\/ru\\\/#\\\/schema\\\/logo\\\/image\\\/\",\"url\":\"https:\\\/\\\/beebipood.ee\\\/wp-content\\\/uploads\\\/2025\\\/03\\\/beebipood.ee-logo-1.svg\",\"contentUrl\":\"https:\\\/\\\/beebipood.ee\\\/wp-content\\\/uploads\\\/2025\\\/03\\\/beebipood.ee-logo-1.svg\",\"caption\":\"Beebipood\"},\"image\":{\"@id\":\"https:\\\/\\\/beebipood.ee\\\/ru\\\/#\\\/schema\\\/logo\\\/image\\\/\"}}]}<\/script>\n<!-- \/ Yoast SEO plugin. -->","yoast_head_json":{"title":"Lastevoodi Hugo 80x160, lakk, \u041a\u0440\u043e\u0432\u0430\u0442\u0438 \u0434\u043b\u044f \u0434\u0435\u0442\u0435\u0439 \u0438 \u043f\u043e\u0434\u0440\u043e\u0441\u0442\u043a\u043e\u0432, \u041d\u041e\u0412\u042b\u0415 \u0422\u041e\u0412\u0410\u0420\u042b, \u0428\u0438\u0440\u0438\u043d\u0430 80c\u043c, M\u0435\u0431\u0435\u043b\u044c, Beebipood","description":"Lastevoodi Hugo 80x160, lakk, Lastevoodi Hugo on m&otilde;eldud inimestele, kes hindavad funktsionaalsust,kaasaegset disaini ja viimistluse k&otilde;rg","robots":{"index":"index","follow":"follow","max-snippet":"max-snippet:-1","max-image-preview":"max-image-preview:large","max-video-preview":"max-video-preview:-1"},"canonical":"https:\/\/beebipood.ee\/ru\/produkt\/lastevoodi-hugo-80x160-lakk\/","og_locale":"ru_RU","og_type":"article","og_title":"Lastevoodi Hugo 80x160, lakk, \u041a\u0440\u043e\u0432\u0430\u0442\u0438 \u0434\u043b\u044f \u0434\u0435\u0442\u0435\u0439 \u0438 \u043f\u043e\u0434\u0440\u043e\u0441\u0442\u043a\u043e\u0432, \u041d\u041e\u0412\u042b\u0415 \u0422\u041e\u0412\u0410\u0420\u042b, \u0428\u0438\u0440\u0438\u043d\u0430 80c\u043c, M\u0435\u0431\u0435\u043b\u044c, Beebipood","og_description":"Lastevoodi Hugo 80x160, lakk, Lastevoodi Hugo on m&otilde;eldud inimestele, kes hindavad funktsionaalsust,kaasaegset disaini ja viimistluse k&otilde;rg","og_url":"https:\/\/beebipood.ee\/ru\/produkt\/lastevoodi-hugo-80x160-lakk\/","og_site_name":"Beebipood","article_modified_time":"2025-01-09T08:49:06+00:00","og_image":[{"width":2560,"height":1705,"url":"https:\/\/beebipood.ee\/wp-content\/uploads\/2018\/09\/Lastevoodi-Hugo-80x160-lakk-Laste-ja-noortevoodid-UUED-TOOTED-80cm-laiused-Lastemoobel-ja-sisustus_1-f3e-scaled.jpg","type":"image\/jpeg"}],"twitter_card":"summary_large_image","schema":{"@context":"https:\/\/schema.org","@graph":[{"@type":"WebPage","@id":"https:\/\/beebipood.ee\/ru\/produkt\/lastevoodi-hugo-80x160-lakk\/","url":"https:\/\/beebipood.ee\/ru\/produkt\/lastevoodi-hugo-80x160-lakk\/","name":"Lastevoodi Hugo 80x160, lakk, \u041a\u0440\u043e\u0432\u0430\u0442\u0438 \u0434\u043b\u044f \u0434\u0435\u0442\u0435\u0439 \u0438 \u043f\u043e\u0434\u0440\u043e\u0441\u0442\u043a\u043e\u0432, \u041d\u041e\u0412\u042b\u0415 \u0422\u041e\u0412\u0410\u0420\u042b, \u0428\u0438\u0440\u0438\u043d\u0430 80c\u043c, M\u0435\u0431\u0435\u043b\u044c, Beebipood","isPartOf":{"@id":"https:\/\/beebipood.ee\/ru\/#website"},"primaryImageOfPage":{"@id":"https:\/\/beebipood.ee\/ru\/produkt\/lastevoodi-hugo-80x160-lakk\/#primaryimage"},"image":{"@id":"https:\/\/beebipood.ee\/ru\/produkt\/lastevoodi-hugo-80x160-lakk\/#primaryimage"},"thumbnailUrl":"https:\/\/beebipood.ee\/wp-content\/uploads\/2018\/09\/Lastevoodi-Hugo-80x160-lakk-Laste-ja-noortevoodid-UUED-TOOTED-80cm-laiused-Lastemoobel-ja-sisustus_1-f3e-scaled.jpg","datePublished":"2018-09-05T03:16:17+00:00","dateModified":"2025-01-09T08:49:06+00:00","description":"Lastevoodi Hugo 80x160, lakk, Lastevoodi Hugo on m&otilde;eldud inimestele, kes hindavad funktsionaalsust,kaasaegset disaini ja viimistluse k&otilde;rg","breadcrumb":{"@id":"https:\/\/beebipood.ee\/ru\/produkt\/lastevoodi-hugo-80x160-lakk\/#breadcrumb"},"inLanguage":"ru-RU","potentialAction":[{"@type":"ReadAction","target":["https:\/\/beebipood.ee\/ru\/produkt\/lastevoodi-hugo-80x160-lakk\/"]}]},{"@type":"ImageObject","inLanguage":"ru-RU","@id":"https:\/\/beebipood.ee\/ru\/produkt\/lastevoodi-hugo-80x160-lakk\/#primaryimage","url":"https:\/\/beebipood.ee\/wp-content\/uploads\/2018\/09\/Lastevoodi-Hugo-80x160-lakk-Laste-ja-noortevoodid-UUED-TOOTED-80cm-laiused-Lastemoobel-ja-sisustus_1-f3e-scaled.jpg","contentUrl":"https:\/\/beebipood.ee\/wp-content\/uploads\/2018\/09\/Lastevoodi-Hugo-80x160-lakk-Laste-ja-noortevoodid-UUED-TOOTED-80cm-laiused-Lastemoobel-ja-sisustus_1-f3e-scaled.jpg","width":2560,"height":1705},{"@type":"BreadcrumbList","@id":"https:\/\/beebipood.ee\/ru\/produkt\/lastevoodi-hugo-80x160-lakk\/#breadcrumb","itemListElement":[{"@type":"ListItem","position":1,"name":"Home","item":"https:\/\/beebipood.ee\/ru\/"},{"@type":"ListItem","position":2,"name":"\u041a\u0430\u0442\u0430\u043b\u043e\u0433 \u0442\u043e\u0432\u0430\u0440\u043e\u0432","item":"https:\/\/beebipood.ee\/tooted\/"},{"@type":"ListItem","position":3,"name":"Lastevoodi Hugo 80&#215;160, lakk"}]},{"@type":"WebSite","@id":"https:\/\/beebipood.ee\/ru\/#website","url":"https:\/\/beebipood.ee\/ru\/","name":"Beebipood","description":"Lastekaubad, beebikaubad, m\u00e4nguasjad","publisher":{"@id":"https:\/\/beebipood.ee\/ru\/#organization"},"potentialAction":[{"@type":"SearchAction","target":{"@type":"EntryPoint","urlTemplate":"https:\/\/beebipood.ee\/ru\/?s={search_term_string}"},"query-input":{"@type":"PropertyValueSpecification","valueRequired":true,"valueName":"search_term_string"}}],"inLanguage":"ru-RU"},{"@type":"Organization","@id":"https:\/\/beebipood.ee\/ru\/#organization","name":"Beebipood","url":"https:\/\/beebipood.ee\/ru\/","logo":{"@type":"ImageObject","inLanguage":"ru-RU","@id":"https:\/\/beebipood.ee\/ru\/#\/schema\/logo\/image\/","url":"https:\/\/beebipood.ee\/wp-content\/uploads\/2025\/03\/beebipood.ee-logo-1.svg","contentUrl":"https:\/\/beebipood.ee\/wp-content\/uploads\/2025\/03\/beebipood.ee-logo-1.svg","caption":"Beebipood"},"image":{"@id":"https:\/\/beebipood.ee\/ru\/#\/schema\/logo\/image\/"}}]}},"brands":[],"_links":{"self":[{"href":"https:\/\/beebipood.ee\/ru\/wp-json\/wp\/v2\/product\/458307","targetHints":{"allow":["GET"]}}],"collection":[{"href":"https:\/\/beebipood.ee\/ru\/wp-json\/wp\/v2\/product"}],"about":[{"href":"https:\/\/beebipood.ee\/ru\/wp-json\/wp\/v2\/types\/product"}],"wp:featuredmedia":[{"embeddable":true,"href":"https:\/\/beebipood.ee\/ru\/wp-json\/wp\/v2\/media\/125612"}],"wp:attachment":[{"href":"https:\/\/beebipood.ee\/ru\/wp-json\/wp\/v2\/media?parent=458307"}],"wp:term":[{"taxonomy":"pwb-brand","embeddable":true,"href":"https:\/\/beebipood.ee\/ru\/wp-json\/wp\/v2\/pwb-brand?post=458307"},{"taxonomy":"product_brand","embeddable":true,"href":"https:\/\/beebipood.ee\/ru\/wp-json\/wp\/v2\/product_brand?post=458307"},{"taxonomy":"product_cat","embeddable":true,"href":"https:\/\/beebipood.ee\/ru\/wp-json\/wp\/v2\/product_cat?post=458307"},{"taxonomy":"product_tag","embeddable":true,"href":"https:\/\/beebipood.ee\/ru\/wp-json\/wp\/v2\/product_tag?post=458307"}],"curies":[{"name":"wp","href":"https:\/\/api.w.org\/{rel}","templated":true}]}}