{"id":458319,"date":"2018-10-11T13:33:54","date_gmt":"2018-10-11T10:33:54","guid":{"rendered":"https:\/\/beebipood.ee\/toode\/hauck-rapid-3-air-jalutuskaru-black\/"},"modified":"2025-01-09T10:49:05","modified_gmt":"2025-01-09T08:49:05","slug":"hauck-rapid-3-air-jalutuskaru-black","status":"publish","type":"product","link":"https:\/\/beebipood.ee\/ru\/produkt\/hauck-rapid-3-air-jalutuskaru-black\/","title":{"rendered":"Hauck Rapid 3 Air jalutusk\u00e4ru, Black"},"content":{"rendered":"<p>Sportlik ja kerge, hea man\u00f6\u00f6verdamisv\u00f5imega jalutusk\u00e4ru<br \/>T\u00e4nu innovatiivsele One Hand Fold s\u00fcsteemile k\u00e4ib v\u00e4ga kergesti kokku\/lahti<br \/>Kolm suurt \u00f5hkrehvi tagavad sujuva s\u00f5idu nii linnas kui metsateedel<\/p>\n<p>Kangas on vastupidav ja vetth\u00fclgav<br \/>UV kaitse 50+<br \/>K\u00e4epide on reguleeritava k\u00f5rgusega 5x \/ 75 &#8212; 110 cm<br \/>Praktiline topsihoidjaga<br \/>Juba niigi s\u00fcgavat \u201eExpanda\u201c kaarvarju v\u00f5ib vajadusel veelgi<br \/>pikendada \u00fche sektsiooni v\u00f5rra t\u00f5mbeluku avamisel<br \/>Polsterdatud 5-punkti turvarihmad<br \/>Mugav polsterdatud iste<br \/>Allalastav seljatugi<br \/>Seljatuge on v\u00f5imalik lasta alla moodustades peaaegu horisontaalse tasapinna<br \/>Reguleeritav jalgade tugi ei j\u00e4ta magava lapse jalgu rippuma<br \/>Turvakaar eemadatav<br \/>Suur ostukorv<br \/>Katted eemaldatavad<br \/>K\u00f5rgkvaliteetsed kummirattad<br \/>P\u00f6\u00f6rlev (360\u02da) ja lukustatav esiratas<br \/>Vedrustus, mis tagab sujuva liikumise<br \/>Kolm suurt \u00f5hkrehvi<br \/>K\u00f5ik kiireemaldatavad rattad.<br \/>Jalutusk\u00e4ru rattad on eemaldatavad hoolduseks v\u00f5i eraldi ladustamiseks.<br \/>Jalaga seisupidur<br \/>Kasutatav s\u00fcnnist 0 kuni 25kg<br \/>Easy-Fix s\u00fcsteem vankrikorvi ja turvah\u00e4lli paigaldamiseks<br \/>M\u00f5\u00f5dud lahtiselt 114 x 61 x 110 cm <br \/>M\u00f5\u00f5dud kokkupandult 88 x 61 x 39 cm<br \/>Istme laius 34 cm<br \/>Lamamisosa pikkus 87 cm<br \/>Lamamiskalle 119 &#8212; 172 \u00b0<br \/>Esiratta l\u00e4bim\u00f5\u00f5t 25,4 cm<br \/>Tagumiste rataste l\u00e4bim\u00f5\u00f5t 30,5 cm<br \/>Jalutusk\u00e4ru kaal 10,60 kg<br \/>Kandev\u00f5ime: 25kg<\/p>\n","protected":false},"excerpt":{"rendered":"<p>Sportlik ja kerge, hea man\u00f6\u00f6verdamisv\u00f5imega jalutusk\u00e4ruT\u00e4nu innovatiivsele One Hand Fold s\u00fcsteemile k\u00e4ib v\u00e4ga kergesti kokku\/lahtiKolm suurt \u00f5hkrehvi tagavad sujuva s\u00f5idu nii linnas kui metsateedel Kangas on vastupidav ja vetth\u00fclgavUV kaitse 50+K\u00e4epide on reguleeritava k\u00f5rgusega 5x \/ 75 &#8212; 110 cmPraktiline topsihoidjagaJuba niigi s\u00fcgavat \u201eExpanda\u201c kaarvarju v\u00f5ib vajadusel veelgipikendada \u00fche sektsiooni v\u00f5rra t\u00f5mbeluku avamiselPolsterdatud 5-punkti turvarihmadMugav [&hellip;]<\/p>\n","protected":false},"featured_media":170326,"template":"","meta":{"_acf_changed":false},"pwb-brand":[11952],"product_brand":[],"product_cat":[11721,11717],"product_tag":[],"class_list":{"0":"post-458319","1":"product","2":"type-product","3":"status-publish","4":"has-post-thumbnail","6":"pwb-brand-hauck-ru","7":"product_cat-jalutuskarud-ru","8":"product_cat-lastevankrid-ja-karud-ru","9":"pa_manufacturer-hauck-ru","11":"first","12":"onbackorder","13":"taxable","14":"shipping-taxable","15":"purchasable","16":"product-type-simple"},"exclude_global_add_ons":[],"addons":[],"acf":[],"yoast_head":"<!-- This site is optimized with the Yoast SEO plugin v27.3 - https:\/\/yoast.com\/product\/yoast-seo-wordpress\/ -->\n<title>Hauck Rapid 3 Air jalutusk\u00e4ru, Black, \u041d\u041e\u0412\u042b\u0415 \u0422\u041e\u0412\u0410\u0420\u042b, \u041a\u043e\u043b\u044f\u0441\u043a\u0438, \u041f\u0440\u043e\u0433\u0443\u043b\u043e\u0447\u043d\u044b\u0435 \u043a\u043e\u043b\u044f\u0441\u043a\u0438, Beebipood<\/title>\n<meta name=\"description\" content=\"Hauck Rapid 3 Air jalutusk\u00e4ru, Black, Sportlik ja kerge, hea man&ouml;&ouml;verdamisv&otilde;imega jalutusk&auml;ruT&auml;nu innovatiivsele One Hand F\" \/>\n<meta name=\"robots\" content=\"index, follow, max-snippet:-1, max-image-preview:large, max-video-preview:-1\" \/>\n<link rel=\"canonical\" href=\"https:\/\/beebipood.ee\/ru\/produkt\/hauck-rapid-3-air-jalutuskaru-black\/\" \/>\n<meta property=\"og:locale\" content=\"ru_RU\" \/>\n<meta property=\"og:type\" content=\"article\" \/>\n<meta property=\"og:title\" content=\"Hauck Rapid 3 Air jalutusk\u00e4ru, Black, \u041d\u041e\u0412\u042b\u0415 \u0422\u041e\u0412\u0410\u0420\u042b, \u041a\u043e\u043b\u044f\u0441\u043a\u0438, \u041f\u0440\u043e\u0433\u0443\u043b\u043e\u0447\u043d\u044b\u0435 \u043a\u043e\u043b\u044f\u0441\u043a\u0438, Beebipood\" \/>\n<meta property=\"og:description\" content=\"Hauck Rapid 3 Air jalutusk\u00e4ru, Black, Sportlik ja kerge, hea man&ouml;&ouml;verdamisv&otilde;imega jalutusk&auml;ruT&auml;nu innovatiivsele One Hand F\" \/>\n<meta property=\"og:url\" content=\"https:\/\/beebipood.ee\/ru\/produkt\/hauck-rapid-3-air-jalutuskaru-black\/\" \/>\n<meta property=\"og:site_name\" content=\"Beebipood\" \/>\n<meta property=\"article:modified_time\" content=\"2025-01-09T08:49:05+00:00\" \/>\n<meta property=\"og:image\" content=\"https:\/\/beebipood.ee\/wp-content\/uploads\/2018\/10\/Hauck-Rapid-3-Air-jalutuskaru-Black-Lastevankrid-ja-karud-Vankrid-Jalutuskarud_1-52e.jpg\" \/>\n\t<meta property=\"og:image:width\" content=\"1500\" \/>\n\t<meta property=\"og:image:height\" content=\"1500\" \/>\n\t<meta property=\"og:image:type\" content=\"image\/jpeg\" \/>\n<meta name=\"twitter:card\" content=\"summary_large_image\" \/>\n<meta name=\"twitter:label1\" content=\"\u041f\u0440\u0438\u043c\u0435\u0440\u043d\u043e\u0435 \u0432\u0440\u0435\u043c\u044f \u0434\u043b\u044f \u0447\u0442\u0435\u043d\u0438\u044f\" \/>\n\t<meta name=\"twitter:data1\" content=\"1 \u043c\u0438\u043d\u0443\u0442\u0430\" \/>\n<script type=\"application\/ld+json\" class=\"yoast-schema-graph\">{\"@context\":\"https:\\\/\\\/schema.org\",\"@graph\":[{\"@type\":\"WebPage\",\"@id\":\"https:\\\/\\\/beebipood.ee\\\/ru\\\/produkt\\\/hauck-rapid-3-air-jalutuskaru-black\\\/\",\"url\":\"https:\\\/\\\/beebipood.ee\\\/ru\\\/produkt\\\/hauck-rapid-3-air-jalutuskaru-black\\\/\",\"name\":\"Hauck Rapid 3 Air jalutusk\u00e4ru, Black, \u041d\u041e\u0412\u042b\u0415 \u0422\u041e\u0412\u0410\u0420\u042b, \u041a\u043e\u043b\u044f\u0441\u043a\u0438, \u041f\u0440\u043e\u0433\u0443\u043b\u043e\u0447\u043d\u044b\u0435 \u043a\u043e\u043b\u044f\u0441\u043a\u0438, Beebipood\",\"isPartOf\":{\"@id\":\"https:\\\/\\\/beebipood.ee\\\/ru\\\/#website\"},\"primaryImageOfPage\":{\"@id\":\"https:\\\/\\\/beebipood.ee\\\/ru\\\/produkt\\\/hauck-rapid-3-air-jalutuskaru-black\\\/#primaryimage\"},\"image\":{\"@id\":\"https:\\\/\\\/beebipood.ee\\\/ru\\\/produkt\\\/hauck-rapid-3-air-jalutuskaru-black\\\/#primaryimage\"},\"thumbnailUrl\":\"https:\\\/\\\/beebipood.ee\\\/wp-content\\\/uploads\\\/2018\\\/10\\\/Hauck-Rapid-3-Air-jalutuskaru-Black-Lastevankrid-ja-karud-Vankrid-Jalutuskarud_1-52e.jpg\",\"datePublished\":\"2018-10-11T10:33:54+00:00\",\"dateModified\":\"2025-01-09T08:49:05+00:00\",\"description\":\"Hauck Rapid 3 Air jalutusk\u00e4ru, Black, Sportlik ja kerge, hea man&ouml;&ouml;verdamisv&otilde;imega jalutusk&auml;ruT&auml;nu innovatiivsele One Hand F\",\"breadcrumb\":{\"@id\":\"https:\\\/\\\/beebipood.ee\\\/ru\\\/produkt\\\/hauck-rapid-3-air-jalutuskaru-black\\\/#breadcrumb\"},\"inLanguage\":\"ru-RU\",\"potentialAction\":[{\"@type\":\"ReadAction\",\"target\":[\"https:\\\/\\\/beebipood.ee\\\/ru\\\/produkt\\\/hauck-rapid-3-air-jalutuskaru-black\\\/\"]}]},{\"@type\":\"ImageObject\",\"inLanguage\":\"ru-RU\",\"@id\":\"https:\\\/\\\/beebipood.ee\\\/ru\\\/produkt\\\/hauck-rapid-3-air-jalutuskaru-black\\\/#primaryimage\",\"url\":\"https:\\\/\\\/beebipood.ee\\\/wp-content\\\/uploads\\\/2018\\\/10\\\/Hauck-Rapid-3-Air-jalutuskaru-Black-Lastevankrid-ja-karud-Vankrid-Jalutuskarud_1-52e.jpg\",\"contentUrl\":\"https:\\\/\\\/beebipood.ee\\\/wp-content\\\/uploads\\\/2018\\\/10\\\/Hauck-Rapid-3-Air-jalutuskaru-Black-Lastevankrid-ja-karud-Vankrid-Jalutuskarud_1-52e.jpg\",\"width\":1500,\"height\":1500},{\"@type\":\"BreadcrumbList\",\"@id\":\"https:\\\/\\\/beebipood.ee\\\/ru\\\/produkt\\\/hauck-rapid-3-air-jalutuskaru-black\\\/#breadcrumb\",\"itemListElement\":[{\"@type\":\"ListItem\",\"position\":1,\"name\":\"Home\",\"item\":\"https:\\\/\\\/beebipood.ee\\\/ru\\\/\"},{\"@type\":\"ListItem\",\"position\":2,\"name\":\"\u041a\u0430\u0442\u0430\u043b\u043e\u0433 \u0442\u043e\u0432\u0430\u0440\u043e\u0432\",\"item\":\"https:\\\/\\\/beebipood.ee\\\/tooted\\\/\"},{\"@type\":\"ListItem\",\"position\":3,\"name\":\"Hauck Rapid 3 Air jalutusk\u00e4ru, Black\"}]},{\"@type\":\"WebSite\",\"@id\":\"https:\\\/\\\/beebipood.ee\\\/ru\\\/#website\",\"url\":\"https:\\\/\\\/beebipood.ee\\\/ru\\\/\",\"name\":\"Beebipood\",\"description\":\"Lastekaubad, beebikaubad, m\u00e4nguasjad\",\"publisher\":{\"@id\":\"https:\\\/\\\/beebipood.ee\\\/ru\\\/#organization\"},\"potentialAction\":[{\"@type\":\"SearchAction\",\"target\":{\"@type\":\"EntryPoint\",\"urlTemplate\":\"https:\\\/\\\/beebipood.ee\\\/ru\\\/?s={search_term_string}\"},\"query-input\":{\"@type\":\"PropertyValueSpecification\",\"valueRequired\":true,\"valueName\":\"search_term_string\"}}],\"inLanguage\":\"ru-RU\"},{\"@type\":\"Organization\",\"@id\":\"https:\\\/\\\/beebipood.ee\\\/ru\\\/#organization\",\"name\":\"Beebipood\",\"url\":\"https:\\\/\\\/beebipood.ee\\\/ru\\\/\",\"logo\":{\"@type\":\"ImageObject\",\"inLanguage\":\"ru-RU\",\"@id\":\"https:\\\/\\\/beebipood.ee\\\/ru\\\/#\\\/schema\\\/logo\\\/image\\\/\",\"url\":\"https:\\\/\\\/beebipood.ee\\\/wp-content\\\/uploads\\\/2025\\\/03\\\/beebipood.ee-logo-1.svg\",\"contentUrl\":\"https:\\\/\\\/beebipood.ee\\\/wp-content\\\/uploads\\\/2025\\\/03\\\/beebipood.ee-logo-1.svg\",\"caption\":\"Beebipood\"},\"image\":{\"@id\":\"https:\\\/\\\/beebipood.ee\\\/ru\\\/#\\\/schema\\\/logo\\\/image\\\/\"}}]}<\/script>\n<!-- \/ Yoast SEO plugin. -->","yoast_head_json":{"title":"Hauck Rapid 3 Air jalutusk\u00e4ru, Black, \u041d\u041e\u0412\u042b\u0415 \u0422\u041e\u0412\u0410\u0420\u042b, \u041a\u043e\u043b\u044f\u0441\u043a\u0438, \u041f\u0440\u043e\u0433\u0443\u043b\u043e\u0447\u043d\u044b\u0435 \u043a\u043e\u043b\u044f\u0441\u043a\u0438, Beebipood","description":"Hauck Rapid 3 Air jalutusk\u00e4ru, Black, Sportlik ja kerge, hea man&ouml;&ouml;verdamisv&otilde;imega jalutusk&auml;ruT&auml;nu innovatiivsele One Hand F","robots":{"index":"index","follow":"follow","max-snippet":"max-snippet:-1","max-image-preview":"max-image-preview:large","max-video-preview":"max-video-preview:-1"},"canonical":"https:\/\/beebipood.ee\/ru\/produkt\/hauck-rapid-3-air-jalutuskaru-black\/","og_locale":"ru_RU","og_type":"article","og_title":"Hauck Rapid 3 Air jalutusk\u00e4ru, Black, \u041d\u041e\u0412\u042b\u0415 \u0422\u041e\u0412\u0410\u0420\u042b, \u041a\u043e\u043b\u044f\u0441\u043a\u0438, \u041f\u0440\u043e\u0433\u0443\u043b\u043e\u0447\u043d\u044b\u0435 \u043a\u043e\u043b\u044f\u0441\u043a\u0438, Beebipood","og_description":"Hauck Rapid 3 Air jalutusk\u00e4ru, Black, Sportlik ja kerge, hea man&ouml;&ouml;verdamisv&otilde;imega jalutusk&auml;ruT&auml;nu innovatiivsele One Hand F","og_url":"https:\/\/beebipood.ee\/ru\/produkt\/hauck-rapid-3-air-jalutuskaru-black\/","og_site_name":"Beebipood","article_modified_time":"2025-01-09T08:49:05+00:00","og_image":[{"width":1500,"height":1500,"url":"https:\/\/beebipood.ee\/wp-content\/uploads\/2018\/10\/Hauck-Rapid-3-Air-jalutuskaru-Black-Lastevankrid-ja-karud-Vankrid-Jalutuskarud_1-52e.jpg","type":"image\/jpeg"}],"twitter_card":"summary_large_image","twitter_misc":{"\u041f\u0440\u0438\u043c\u0435\u0440\u043d\u043e\u0435 \u0432\u0440\u0435\u043c\u044f \u0434\u043b\u044f \u0447\u0442\u0435\u043d\u0438\u044f":"1 \u043c\u0438\u043d\u0443\u0442\u0430"},"schema":{"@context":"https:\/\/schema.org","@graph":[{"@type":"WebPage","@id":"https:\/\/beebipood.ee\/ru\/produkt\/hauck-rapid-3-air-jalutuskaru-black\/","url":"https:\/\/beebipood.ee\/ru\/produkt\/hauck-rapid-3-air-jalutuskaru-black\/","name":"Hauck Rapid 3 Air jalutusk\u00e4ru, Black, \u041d\u041e\u0412\u042b\u0415 \u0422\u041e\u0412\u0410\u0420\u042b, \u041a\u043e\u043b\u044f\u0441\u043a\u0438, \u041f\u0440\u043e\u0433\u0443\u043b\u043e\u0447\u043d\u044b\u0435 \u043a\u043e\u043b\u044f\u0441\u043a\u0438, Beebipood","isPartOf":{"@id":"https:\/\/beebipood.ee\/ru\/#website"},"primaryImageOfPage":{"@id":"https:\/\/beebipood.ee\/ru\/produkt\/hauck-rapid-3-air-jalutuskaru-black\/#primaryimage"},"image":{"@id":"https:\/\/beebipood.ee\/ru\/produkt\/hauck-rapid-3-air-jalutuskaru-black\/#primaryimage"},"thumbnailUrl":"https:\/\/beebipood.ee\/wp-content\/uploads\/2018\/10\/Hauck-Rapid-3-Air-jalutuskaru-Black-Lastevankrid-ja-karud-Vankrid-Jalutuskarud_1-52e.jpg","datePublished":"2018-10-11T10:33:54+00:00","dateModified":"2025-01-09T08:49:05+00:00","description":"Hauck Rapid 3 Air jalutusk\u00e4ru, Black, Sportlik ja kerge, hea man&ouml;&ouml;verdamisv&otilde;imega jalutusk&auml;ruT&auml;nu innovatiivsele One Hand F","breadcrumb":{"@id":"https:\/\/beebipood.ee\/ru\/produkt\/hauck-rapid-3-air-jalutuskaru-black\/#breadcrumb"},"inLanguage":"ru-RU","potentialAction":[{"@type":"ReadAction","target":["https:\/\/beebipood.ee\/ru\/produkt\/hauck-rapid-3-air-jalutuskaru-black\/"]}]},{"@type":"ImageObject","inLanguage":"ru-RU","@id":"https:\/\/beebipood.ee\/ru\/produkt\/hauck-rapid-3-air-jalutuskaru-black\/#primaryimage","url":"https:\/\/beebipood.ee\/wp-content\/uploads\/2018\/10\/Hauck-Rapid-3-Air-jalutuskaru-Black-Lastevankrid-ja-karud-Vankrid-Jalutuskarud_1-52e.jpg","contentUrl":"https:\/\/beebipood.ee\/wp-content\/uploads\/2018\/10\/Hauck-Rapid-3-Air-jalutuskaru-Black-Lastevankrid-ja-karud-Vankrid-Jalutuskarud_1-52e.jpg","width":1500,"height":1500},{"@type":"BreadcrumbList","@id":"https:\/\/beebipood.ee\/ru\/produkt\/hauck-rapid-3-air-jalutuskaru-black\/#breadcrumb","itemListElement":[{"@type":"ListItem","position":1,"name":"Home","item":"https:\/\/beebipood.ee\/ru\/"},{"@type":"ListItem","position":2,"name":"\u041a\u0430\u0442\u0430\u043b\u043e\u0433 \u0442\u043e\u0432\u0430\u0440\u043e\u0432","item":"https:\/\/beebipood.ee\/tooted\/"},{"@type":"ListItem","position":3,"name":"Hauck Rapid 3 Air jalutusk\u00e4ru, Black"}]},{"@type":"WebSite","@id":"https:\/\/beebipood.ee\/ru\/#website","url":"https:\/\/beebipood.ee\/ru\/","name":"Beebipood","description":"Lastekaubad, beebikaubad, m\u00e4nguasjad","publisher":{"@id":"https:\/\/beebipood.ee\/ru\/#organization"},"potentialAction":[{"@type":"SearchAction","target":{"@type":"EntryPoint","urlTemplate":"https:\/\/beebipood.ee\/ru\/?s={search_term_string}"},"query-input":{"@type":"PropertyValueSpecification","valueRequired":true,"valueName":"search_term_string"}}],"inLanguage":"ru-RU"},{"@type":"Organization","@id":"https:\/\/beebipood.ee\/ru\/#organization","name":"Beebipood","url":"https:\/\/beebipood.ee\/ru\/","logo":{"@type":"ImageObject","inLanguage":"ru-RU","@id":"https:\/\/beebipood.ee\/ru\/#\/schema\/logo\/image\/","url":"https:\/\/beebipood.ee\/wp-content\/uploads\/2025\/03\/beebipood.ee-logo-1.svg","contentUrl":"https:\/\/beebipood.ee\/wp-content\/uploads\/2025\/03\/beebipood.ee-logo-1.svg","caption":"Beebipood"},"image":{"@id":"https:\/\/beebipood.ee\/ru\/#\/schema\/logo\/image\/"}}]}},"brands":[{"id":11952,"name":"Hauck","slug":"hauck-ru"}],"_links":{"self":[{"href":"https:\/\/beebipood.ee\/ru\/wp-json\/wp\/v2\/product\/458319","targetHints":{"allow":["GET"]}}],"collection":[{"href":"https:\/\/beebipood.ee\/ru\/wp-json\/wp\/v2\/product"}],"about":[{"href":"https:\/\/beebipood.ee\/ru\/wp-json\/wp\/v2\/types\/product"}],"wp:featuredmedia":[{"embeddable":true,"href":"https:\/\/beebipood.ee\/ru\/wp-json\/wp\/v2\/media\/170326"}],"wp:attachment":[{"href":"https:\/\/beebipood.ee\/ru\/wp-json\/wp\/v2\/media?parent=458319"}],"wp:term":[{"taxonomy":"pwb-brand","embeddable":true,"href":"https:\/\/beebipood.ee\/ru\/wp-json\/wp\/v2\/pwb-brand?post=458319"},{"taxonomy":"product_brand","embeddable":true,"href":"https:\/\/beebipood.ee\/ru\/wp-json\/wp\/v2\/product_brand?post=458319"},{"taxonomy":"product_cat","embeddable":true,"href":"https:\/\/beebipood.ee\/ru\/wp-json\/wp\/v2\/product_cat?post=458319"},{"taxonomy":"product_tag","embeddable":true,"href":"https:\/\/beebipood.ee\/ru\/wp-json\/wp\/v2\/product_tag?post=458319"}],"curies":[{"name":"wp","href":"https:\/\/api.w.org\/{rel}","templated":true}]}}