{"id":458331,"date":"2026-02-20T11:24:32","date_gmt":"2026-02-20T09:24:32","guid":{"rendered":"https:\/\/beebipood.ee\/toode\/hauck-soogitool-lamamistool-sit-n-relax-3-in-1-stretch-grey\/"},"modified":"2026-02-20T12:43:38","modified_gmt":"2026-02-20T10:43:38","slug":"hauck-sit-n-relax-3-in-1-soogitool-beige","status":"publish","type":"product","link":"https:\/\/beebipood.ee\/ru\/produkt\/hauck-sit-n-relax-3-in-1-soogitool-beige\/","title":{"rendered":"Hauck Sit N Relax 3 in 1 s\u00f6\u00f6gitool, Beige"},"content":{"rendered":"<h2 data-start=\"87\" data-end=\"154\">hauck Sit N Relax 3-in-1 s\u00f6\u00f6gitool \u2013 \u00fcks lahendus alates s\u00fcnnist<\/h2>\n<p data-start=\"156\" data-end=\"406\">hauck Sit N Relax 3-in-1 on praktiline ja nutikas s\u00f6\u00f6gitoolikomplekt, mis kasvab koos sinu lapsega. \u00dches komplektis on beebipesa, lamamistool ja v\u00e4ikelapse s\u00f6\u00f6gitool \u2013 k\u00f5ik vajalik alates esimestest elup\u00e4evadest kuni umbes 3. eluaastani (kuni 15 kg).<\/p>\n<p data-start=\"408\" data-end=\"503\">Istme vahetamine k\u00e4ib lihtsalt \u00fche kl\u00f5psuga, et kohandada tool lapse vanuse ja vajaduste j\u00e4rgi.<\/p>\n<hr data-start=\"505\" data-end=\"508\" \/>\n<h3 data-start=\"510\" data-end=\"556\">K\u00f5rgusreguleeritav \u2013 sobib iga laua juurde<\/h3>\n<p data-start=\"558\" data-end=\"633\">T\u00e4nu k\u00f5rgusreguleeritavale raamile saab laps alati pere tegemistes osaleda:<\/p>\n<ul data-start=\"634\" data-end=\"679\">\n<li data-start=\"634\" data-end=\"651\">\n<p data-start=\"636\" data-end=\"651\">s\u00f6\u00f6gilaua \u00e4\u00e4res<\/p>\n<\/li>\n<li data-start=\"652\" data-end=\"661\">\n<p data-start=\"654\" data-end=\"661\">elutoas<\/p>\n<\/li>\n<li data-start=\"662\" data-end=\"679\">\n<p data-start=\"664\" data-end=\"679\">kohvipausi ajal<\/p>\n<\/li>\n<\/ul>\n<p data-start=\"681\" data-end=\"750\">Laps on alati silmade k\u00f5rgusel ja sinu l\u00e4hedal \u2013 juba s\u00fcnnist alates.<\/p>\n<hr data-start=\"752\" data-end=\"755\" \/>\n<h3 data-start=\"757\" data-end=\"787\">Mugav asend igas olukorras<\/h3>\n<p data-start=\"789\" data-end=\"990\">Beebimoodulil on \u00fche k\u00e4ega reguleeritav seljatugi, mis v\u00f5imaldab kiiresti muuta lapse asendit lamavast istuvamaks.<br data-start=\"903\" data-end=\"906\" \/>Turvalisuse tagab 5-punkti turvarihm, samal ajal on last lihtne toolist v\u00e4lja t\u00f5sta.<\/p>\n<hr data-start=\"992\" data-end=\"995\" \/>\n<h3 data-start=\"997\" data-end=\"1036\">Lamamistool m\u00e4ngimiseks ja arenguks<\/h3>\n<p data-start=\"1038\" data-end=\"1107\">Komplekti kuuluv kiikraamiga lamamistool aitab toetada lapse arengut:<\/p>\n<ul data-start=\"1108\" data-end=\"1241\">\n<li data-start=\"1108\" data-end=\"1148\">\n<p data-start=\"1110\" data-end=\"1148\">arendab tasakaalu ja motoorseid oskusi<\/p>\n<\/li>\n<li data-start=\"1149\" data-end=\"1205\">\n<p data-start=\"1151\" data-end=\"1205\">m\u00e4ngukaarel olevad pehmed lelud piiksuvad ja k\u00f5risevad<\/p>\n<\/li>\n<li data-start=\"1206\" data-end=\"1241\">\n<p data-start=\"1208\" data-end=\"1241\">kutsuvad last avastama ja m\u00e4ngima<\/p>\n<\/li>\n<\/ul>\n<p data-start=\"1243\" data-end=\"1317\">Seljatuge saab reguleerida nii p\u00fcstisemaks kui ka l\u00f5\u00f5gastavasse asendisse.<\/p>\n<hr data-start=\"1319\" data-end=\"1322\" \/>\n<h3 data-start=\"1324\" data-end=\"1370\">V\u00e4ikelapse s\u00f6\u00f6gitool \u2013 kasvab koos lapsega<\/h3>\n<p data-start=\"1372\" data-end=\"1443\">Kui laps oskab juba iseseisvalt istuda, saab kasutada v\u00e4ikelapse istet:<\/p>\n<ul data-start=\"1444\" data-end=\"1573\">\n<li data-start=\"1444\" data-end=\"1482\">\n<p data-start=\"1446\" data-end=\"1482\">reguleeritav seljatugi ja jalatugi<\/p>\n<\/li>\n<li data-start=\"1483\" data-end=\"1515\">\n<p data-start=\"1485\" data-end=\"1515\">turvaline 5-punkti turvarihm<\/p>\n<\/li>\n<li data-start=\"1516\" data-end=\"1573\">\n<p data-start=\"1518\" data-end=\"1573\">mugav ja ergonoomiline iste igap\u00e4evaseks kasutamiseks<\/p>\n<\/li>\n<\/ul>\n<hr data-start=\"1575\" data-end=\"1578\" \/>\n<h3 data-start=\"1580\" data-end=\"1618\">XL kandik s\u00f6\u00f6miseks ja m\u00e4ngimiseks<\/h3>\n<p data-start=\"1620\" data-end=\"1678\">Suur kandik pakub rohkelt ruumi nii toidule kui m\u00e4ngudele:<\/p>\n<ul data-start=\"1679\" data-end=\"1877\">\n<li data-start=\"1679\" data-end=\"1706\">\n<p data-start=\"1681\" data-end=\"1706\">s\u00fcgavuselt reguleeritav<\/p>\n<\/li>\n<li data-start=\"1707\" data-end=\"1745\">\n<p data-start=\"1709\" data-end=\"1745\">eemaldatav ja lihtsasti puhastatav<\/p>\n<\/li>\n<li data-start=\"1746\" data-end=\"1775\">\n<p data-start=\"1748\" data-end=\"1775\">sisseehitatud topsihoidja<\/p>\n<\/li>\n<li data-start=\"1776\" data-end=\"1822\">\n<p data-start=\"1778\" data-end=\"1822\">k\u00f5rgendatud serv aitab v\u00e4ltida mahaajamist<\/p>\n<\/li>\n<li data-start=\"1823\" data-end=\"1877\">\n<p data-start=\"1825\" data-end=\"1877\">l\u00e4bipaistev kandikuosa sobib ka n\u00f5udepesumasinasse<\/p>\n<\/li>\n<\/ul>\n<hr data-start=\"1879\" data-end=\"1882\" \/>\n<h3 data-start=\"1884\" data-end=\"1916\">Kokkupandav ja ruumis\u00e4\u00e4stlik<\/h3>\n<p data-start=\"1918\" data-end=\"1964\">Sobib ideaalselt nii koju kui kaasa v\u00f5tmiseks:<\/p>\n<ul data-start=\"1965\" data-end=\"2071\">\n<li data-start=\"1965\" data-end=\"1996\">\n<p data-start=\"1967\" data-end=\"1996\">raam k\u00e4ib kompaktselt kokku<\/p>\n<\/li>\n<li data-start=\"1997\" data-end=\"2023\">\n<p data-start=\"1999\" data-end=\"2023\">eemaldatavad istmeosad<\/p>\n<\/li>\n<li data-start=\"2024\" data-end=\"2071\">\n<p data-start=\"2026\" data-end=\"2071\">integreeritud rattad lihtsaks liigutamiseks<\/p>\n<\/li>\n<\/ul>\n<p data-start=\"2073\" data-end=\"2201\">Suure mahutavusega hoiukorv aitab hoida k\u00e4ep\u00e4rast p\u00f5lled, lutid, m\u00e4nguasjad ja muud vajalikud asjad \u2013 nii p\u00fcsib s\u00f6\u00f6giala korras.<\/p>\n<hr data-start=\"2203\" data-end=\"2206\" \/>\n<h3 data-start=\"2208\" data-end=\"2228\">Lihtne puhastada<\/h3>\n<p data-start=\"2230\" data-end=\"2312\">Kaetud istmekate on niiskuskindel ja kergesti puhastatav \u2013 piisab niiskest lapist.<\/p>\n<hr data-start=\"2314\" data-end=\"2317\" \/>\n<h2 data-start=\"2319\" data-end=\"2339\">Tehnilised andmed<\/h2>\n<p data-start=\"2341\" data-end=\"2360\"><strong data-start=\"2341\" data-end=\"2360\">S\u00f6\u00f6gitooli raam<\/strong><\/p>\n<ul data-start=\"2361\" data-end=\"2512\">\n<li data-start=\"2361\" data-end=\"2387\">\n<p data-start=\"2363\" data-end=\"2387\">Sobiv vanus: 0\u201336 kuud<\/p>\n<\/li>\n<li data-start=\"2388\" data-end=\"2421\">\n<p data-start=\"2390\" data-end=\"2421\">Maksimaalne kandev\u00f5ime: 15 kg<\/p>\n<\/li>\n<li data-start=\"2422\" data-end=\"2439\">\n<p data-start=\"2424\" data-end=\"2439\">Kaal: 4,46 kg<\/p>\n<\/li>\n<li data-start=\"2440\" data-end=\"2463\">\n<p data-start=\"2442\" data-end=\"2463\">K\u00f5rgus reguleeritav<\/p>\n<\/li>\n<li data-start=\"2464\" data-end=\"2476\">\n<p data-start=\"2466\" data-end=\"2476\">Hoiukorv<\/p>\n<\/li>\n<li data-start=\"2477\" data-end=\"2512\">\n<p data-start=\"2479\" data-end=\"2512\">M\u00f5\u00f5dud avatuna: 83 \u00d7 56 \u00d7 80 cm<\/p>\n<\/li>\n<\/ul>\n<p data-start=\"2514\" data-end=\"2541\"><strong data-start=\"2514\" data-end=\"2541\">Beebipesa \/ lamamistool<\/strong><\/p>\n<ul data-start=\"2542\" data-end=\"2667\">\n<li data-start=\"2542\" data-end=\"2572\">\n<p data-start=\"2544\" data-end=\"2572\">Sobivus: s\u00fcnnist kuni 9 kg<\/p>\n<\/li>\n<li data-start=\"2573\" data-end=\"2590\">\n<p data-start=\"2575\" data-end=\"2590\">Kaal: 1,79 kg<\/p>\n<\/li>\n<li data-start=\"2591\" data-end=\"2613\">\n<p data-start=\"2593\" data-end=\"2613\">5-punkti turvarihm<\/p>\n<\/li>\n<li data-start=\"2614\" data-end=\"2640\">\n<p data-start=\"2616\" data-end=\"2640\">Reguleeritav seljatugi<\/p>\n<\/li>\n<li data-start=\"2641\" data-end=\"2667\">\n<p data-start=\"2643\" data-end=\"2667\">Lamamisala: 82 \u00d7 39 cm<\/p>\n<\/li>\n<\/ul>\n<p data-start=\"2669\" data-end=\"2688\"><strong data-start=\"2669\" data-end=\"2688\">V\u00e4ikelapse iste<\/strong><\/p>\n<ul data-start=\"2689\" data-end=\"2874\">\n<li data-start=\"2689\" data-end=\"2728\">\n<p data-start=\"2691\" data-end=\"2728\">Sobivus: alates 6. kuust kuni 15 kg<\/p>\n<\/li>\n<li data-start=\"2729\" data-end=\"2746\">\n<p data-start=\"2731\" data-end=\"2746\">Kaal: 2,60 kg<\/p>\n<\/li>\n<li data-start=\"2747\" data-end=\"2769\">\n<p data-start=\"2749\" data-end=\"2769\">5-punkti turvarihm<\/p>\n<\/li>\n<li data-start=\"2770\" data-end=\"2805\">\n<p data-start=\"2772\" data-end=\"2805\">Reguleeritav selja- ja jalatugi<\/p>\n<\/li>\n<li data-start=\"2806\" data-end=\"2825\">\n<p data-start=\"2808\" data-end=\"2825\">Eemaldatav kate<\/p>\n<\/li>\n<li data-start=\"2826\" data-end=\"2874\">\n<p data-start=\"2828\" data-end=\"2874\">S\u00fcgavuselt reguleeritav ja eemaldatav kandik<\/p>\n<\/li>\n<\/ul>\n<hr data-start=\"2876\" data-end=\"2879\" \/>\n<p data-start=\"2881\" data-end=\"3061\">hauck Sit N Relax 3-in-1 on ideaalne valik peredele, kes soovivad \u00fchte praktilist, turvalist ja pika kasutuseaga lahendust \u2013 mugav lapsele ja lihtne vanemale igap\u00e4evases perelus.<\/p>\n<p><strong><span style=\"text-decoration: underline;\">VIDEO<\/span><\/strong>: <a href=\"https:\/\/youtu.be\/SFc42lYQLLo\">https:\/\/youtu.be\/SFc42lYQLLo<\/a><\/p>\n","protected":false},"excerpt":{"rendered":"<p>hauck Sit N Relax 3-in-1 s\u00f6\u00f6gitool \u2013 \u00fcks lahendus alates s\u00fcnnist hauck Sit N Relax 3-in-1 on praktiline ja nutikas s\u00f6\u00f6gitoolikomplekt, mis kasvab koos sinu lapsega. \u00dches komplektis on beebipesa, lamamistool ja v\u00e4ikelapse s\u00f6\u00f6gitool \u2013 k\u00f5ik vajalik alates esimestest elup\u00e4evadest kuni umbes 3. eluaastani (kuni 15 kg). Istme vahetamine k\u00e4ib lihtsalt \u00fche kl\u00f5psuga, et kohandada [&hellip;]<\/p>\n","protected":false},"featured_media":511645,"template":"","meta":{"_acf_changed":false},"pwb-brand":[11952],"product_brand":[],"product_cat":[11645,11709],"product_tag":[],"class_list":{"0":"post-458331","1":"product","2":"type-product","3":"status-publish","4":"has-post-thumbnail","6":"pwb-brand-hauck-ru","7":"product_cat-sootmistoolid-ru","8":"product_cat-sootmistoolid-beebi-ja-lastetarbed-mahkimine-hugieen-ru","9":"pa_manufacturer-hauck-ru","11":"first","12":"onbackorder","13":"taxable","14":"shipping-taxable","15":"purchasable","16":"product-type-simple"},"exclude_global_add_ons":[],"addons":[],"acf":[],"yoast_head":"<!-- This site is optimized with the Yoast SEO plugin v27.3 - https:\/\/yoast.com\/product\/yoast-seo-wordpress\/ -->\n<title>Hauck s\u00f6\u00f6gitool-lamamistool Sit N Relax 3 in 1, Stretch Grey, \u0421\u0442\u0443\u043b\u044c\u0447\u0438\u043a\u0438 \u0434\u043b\u044f \u043a\u043e\u0440\u043c\u043b\u0435\u043d\u0438\u044f, \u041f\u0440\u0438\u043d\u0430\u0434\u043b\u0435\u0436\u043d\u043e\u0441\u0442\u0438 \u0434\u043b\u044f \u043c\u043b\u0430\u0434\u0435\u043d\u0446\u0435\u0432, Beebipood<\/title>\n<meta name=\"description\" content=\"Hauck s\u00f6\u00f6gitool-lamamistool Sit N Relax 3 in 1, Stretch Grey, Universaalne komplekt vasts\u00fcndinulePaindlik kasutamine nii laua \u00e4\u00e4res ku\" \/>\n<meta name=\"robots\" content=\"index, follow, max-snippet:-1, max-image-preview:large, max-video-preview:-1\" \/>\n<link rel=\"canonical\" href=\"https:\/\/beebipood.ee\/ru\/produkt\/hauck-sit-n-relax-3-in-1-soogitool-beige\/\" \/>\n<meta property=\"og:locale\" content=\"ru_RU\" \/>\n<meta property=\"og:type\" content=\"article\" \/>\n<meta property=\"og:title\" content=\"Hauck s\u00f6\u00f6gitool-lamamistool Sit N Relax 3 in 1, Stretch Grey, \u0421\u0442\u0443\u043b\u044c\u0447\u0438\u043a\u0438 \u0434\u043b\u044f \u043a\u043e\u0440\u043c\u043b\u0435\u043d\u0438\u044f, \u041f\u0440\u0438\u043d\u0430\u0434\u043b\u0435\u0436\u043d\u043e\u0441\u0442\u0438 \u0434\u043b\u044f \u043c\u043b\u0430\u0434\u0435\u043d\u0446\u0435\u0432, Beebipood\" \/>\n<meta property=\"og:description\" content=\"Hauck s\u00f6\u00f6gitool-lamamistool Sit N Relax 3 in 1, Stretch Grey, Universaalne komplekt vasts\u00fcndinulePaindlik kasutamine nii laua \u00e4\u00e4res ku\" \/>\n<meta property=\"og:url\" content=\"https:\/\/beebipood.ee\/ru\/produkt\/hauck-sit-n-relax-3-in-1-soogitool-beige\/\" \/>\n<meta property=\"og:site_name\" content=\"Beebipood\" \/>\n<meta property=\"article:modified_time\" content=\"2026-02-20T10:43:38+00:00\" \/>\n<meta property=\"og:image\" content=\"https:\/\/beebipood.ee\/wp-content\/uploads\/2018\/10\/sit-n-relax-3in1-beige.webp\" \/>\n\t<meta property=\"og:image:width\" content=\"823\" \/>\n\t<meta property=\"og:image:height\" content=\"823\" \/>\n\t<meta property=\"og:image:type\" content=\"image\/webp\" \/>\n<meta name=\"twitter:card\" content=\"summary_large_image\" \/>\n<meta name=\"twitter:label1\" content=\"\u041f\u0440\u0438\u043c\u0435\u0440\u043d\u043e\u0435 \u0432\u0440\u0435\u043c\u044f \u0434\u043b\u044f \u0447\u0442\u0435\u043d\u0438\u044f\" \/>\n\t<meta name=\"twitter:data1\" content=\"3 \u043c\u0438\u043d\u0443\u0442\u044b\" \/>\n<script type=\"application\/ld+json\" class=\"yoast-schema-graph\">{\"@context\":\"https:\\\/\\\/schema.org\",\"@graph\":[{\"@type\":\"WebPage\",\"@id\":\"https:\\\/\\\/beebipood.ee\\\/ru\\\/produkt\\\/hauck-sit-n-relax-3-in-1-soogitool-beige\\\/\",\"url\":\"https:\\\/\\\/beebipood.ee\\\/ru\\\/produkt\\\/hauck-sit-n-relax-3-in-1-soogitool-beige\\\/\",\"name\":\"Hauck s\u00f6\u00f6gitool-lamamistool Sit N Relax 3 in 1, Stretch Grey, \u0421\u0442\u0443\u043b\u044c\u0447\u0438\u043a\u0438 \u0434\u043b\u044f \u043a\u043e\u0440\u043c\u043b\u0435\u043d\u0438\u044f, \u041f\u0440\u0438\u043d\u0430\u0434\u043b\u0435\u0436\u043d\u043e\u0441\u0442\u0438 \u0434\u043b\u044f \u043c\u043b\u0430\u0434\u0435\u043d\u0446\u0435\u0432, Beebipood\",\"isPartOf\":{\"@id\":\"https:\\\/\\\/beebipood.ee\\\/ru\\\/#website\"},\"primaryImageOfPage\":{\"@id\":\"https:\\\/\\\/beebipood.ee\\\/ru\\\/produkt\\\/hauck-sit-n-relax-3-in-1-soogitool-beige\\\/#primaryimage\"},\"image\":{\"@id\":\"https:\\\/\\\/beebipood.ee\\\/ru\\\/produkt\\\/hauck-sit-n-relax-3-in-1-soogitool-beige\\\/#primaryimage\"},\"thumbnailUrl\":\"https:\\\/\\\/beebipood.ee\\\/wp-content\\\/uploads\\\/2018\\\/10\\\/sit-n-relax-3in1-beige.webp\",\"datePublished\":\"2026-02-20T09:24:32+00:00\",\"dateModified\":\"2026-02-20T10:43:38+00:00\",\"description\":\"Hauck s\u00f6\u00f6gitool-lamamistool Sit N Relax 3 in 1, Stretch Grey, Universaalne komplekt vasts\u00fcndinulePaindlik kasutamine nii laua \u00e4\u00e4res ku\",\"breadcrumb\":{\"@id\":\"https:\\\/\\\/beebipood.ee\\\/ru\\\/produkt\\\/hauck-sit-n-relax-3-in-1-soogitool-beige\\\/#breadcrumb\"},\"inLanguage\":\"ru-RU\",\"potentialAction\":[{\"@type\":\"ReadAction\",\"target\":[\"https:\\\/\\\/beebipood.ee\\\/ru\\\/produkt\\\/hauck-sit-n-relax-3-in-1-soogitool-beige\\\/\"]}]},{\"@type\":\"ImageObject\",\"inLanguage\":\"ru-RU\",\"@id\":\"https:\\\/\\\/beebipood.ee\\\/ru\\\/produkt\\\/hauck-sit-n-relax-3-in-1-soogitool-beige\\\/#primaryimage\",\"url\":\"https:\\\/\\\/beebipood.ee\\\/wp-content\\\/uploads\\\/2018\\\/10\\\/sit-n-relax-3in1-beige.webp\",\"contentUrl\":\"https:\\\/\\\/beebipood.ee\\\/wp-content\\\/uploads\\\/2018\\\/10\\\/sit-n-relax-3in1-beige.webp\",\"width\":823,\"height\":823},{\"@type\":\"BreadcrumbList\",\"@id\":\"https:\\\/\\\/beebipood.ee\\\/ru\\\/produkt\\\/hauck-sit-n-relax-3-in-1-soogitool-beige\\\/#breadcrumb\",\"itemListElement\":[{\"@type\":\"ListItem\",\"position\":1,\"name\":\"Home\",\"item\":\"https:\\\/\\\/beebipood.ee\\\/ru\\\/\"},{\"@type\":\"ListItem\",\"position\":2,\"name\":\"\u041a\u0430\u0442\u0430\u043b\u043e\u0433 \u0442\u043e\u0432\u0430\u0440\u043e\u0432\",\"item\":\"https:\\\/\\\/beebipood.ee\\\/tooted\\\/\"},{\"@type\":\"ListItem\",\"position\":3,\"name\":\"Hauck Sit N Relax 3 in 1 s\u00f6\u00f6gitool, Beige\"}]},{\"@type\":\"WebSite\",\"@id\":\"https:\\\/\\\/beebipood.ee\\\/ru\\\/#website\",\"url\":\"https:\\\/\\\/beebipood.ee\\\/ru\\\/\",\"name\":\"Beebipood\",\"description\":\"Lastekaubad, beebikaubad, m\u00e4nguasjad\",\"publisher\":{\"@id\":\"https:\\\/\\\/beebipood.ee\\\/ru\\\/#organization\"},\"potentialAction\":[{\"@type\":\"SearchAction\",\"target\":{\"@type\":\"EntryPoint\",\"urlTemplate\":\"https:\\\/\\\/beebipood.ee\\\/ru\\\/?s={search_term_string}\"},\"query-input\":{\"@type\":\"PropertyValueSpecification\",\"valueRequired\":true,\"valueName\":\"search_term_string\"}}],\"inLanguage\":\"ru-RU\"},{\"@type\":\"Organization\",\"@id\":\"https:\\\/\\\/beebipood.ee\\\/ru\\\/#organization\",\"name\":\"Beebipood\",\"url\":\"https:\\\/\\\/beebipood.ee\\\/ru\\\/\",\"logo\":{\"@type\":\"ImageObject\",\"inLanguage\":\"ru-RU\",\"@id\":\"https:\\\/\\\/beebipood.ee\\\/ru\\\/#\\\/schema\\\/logo\\\/image\\\/\",\"url\":\"https:\\\/\\\/beebipood.ee\\\/wp-content\\\/uploads\\\/2025\\\/03\\\/beebipood.ee-logo-1.svg\",\"contentUrl\":\"https:\\\/\\\/beebipood.ee\\\/wp-content\\\/uploads\\\/2025\\\/03\\\/beebipood.ee-logo-1.svg\",\"caption\":\"Beebipood\"},\"image\":{\"@id\":\"https:\\\/\\\/beebipood.ee\\\/ru\\\/#\\\/schema\\\/logo\\\/image\\\/\"}}]}<\/script>\n<!-- \/ Yoast SEO plugin. -->","yoast_head_json":{"title":"Hauck s\u00f6\u00f6gitool-lamamistool Sit N Relax 3 in 1, Stretch Grey, \u0421\u0442\u0443\u043b\u044c\u0447\u0438\u043a\u0438 \u0434\u043b\u044f \u043a\u043e\u0440\u043c\u043b\u0435\u043d\u0438\u044f, \u041f\u0440\u0438\u043d\u0430\u0434\u043b\u0435\u0436\u043d\u043e\u0441\u0442\u0438 \u0434\u043b\u044f \u043c\u043b\u0430\u0434\u0435\u043d\u0446\u0435\u0432, Beebipood","description":"Hauck s\u00f6\u00f6gitool-lamamistool Sit N Relax 3 in 1, Stretch Grey, Universaalne komplekt vasts\u00fcndinulePaindlik kasutamine nii laua \u00e4\u00e4res ku","robots":{"index":"index","follow":"follow","max-snippet":"max-snippet:-1","max-image-preview":"max-image-preview:large","max-video-preview":"max-video-preview:-1"},"canonical":"https:\/\/beebipood.ee\/ru\/produkt\/hauck-sit-n-relax-3-in-1-soogitool-beige\/","og_locale":"ru_RU","og_type":"article","og_title":"Hauck s\u00f6\u00f6gitool-lamamistool Sit N Relax 3 in 1, Stretch Grey, \u0421\u0442\u0443\u043b\u044c\u0447\u0438\u043a\u0438 \u0434\u043b\u044f \u043a\u043e\u0440\u043c\u043b\u0435\u043d\u0438\u044f, \u041f\u0440\u0438\u043d\u0430\u0434\u043b\u0435\u0436\u043d\u043e\u0441\u0442\u0438 \u0434\u043b\u044f \u043c\u043b\u0430\u0434\u0435\u043d\u0446\u0435\u0432, Beebipood","og_description":"Hauck s\u00f6\u00f6gitool-lamamistool Sit N Relax 3 in 1, Stretch Grey, Universaalne komplekt vasts\u00fcndinulePaindlik kasutamine nii laua \u00e4\u00e4res ku","og_url":"https:\/\/beebipood.ee\/ru\/produkt\/hauck-sit-n-relax-3-in-1-soogitool-beige\/","og_site_name":"Beebipood","article_modified_time":"2026-02-20T10:43:38+00:00","og_image":[{"width":823,"height":823,"url":"https:\/\/beebipood.ee\/wp-content\/uploads\/2018\/10\/sit-n-relax-3in1-beige.webp","type":"image\/webp"}],"twitter_card":"summary_large_image","twitter_misc":{"\u041f\u0440\u0438\u043c\u0435\u0440\u043d\u043e\u0435 \u0432\u0440\u0435\u043c\u044f \u0434\u043b\u044f \u0447\u0442\u0435\u043d\u0438\u044f":"3 \u043c\u0438\u043d\u0443\u0442\u044b"},"schema":{"@context":"https:\/\/schema.org","@graph":[{"@type":"WebPage","@id":"https:\/\/beebipood.ee\/ru\/produkt\/hauck-sit-n-relax-3-in-1-soogitool-beige\/","url":"https:\/\/beebipood.ee\/ru\/produkt\/hauck-sit-n-relax-3-in-1-soogitool-beige\/","name":"Hauck s\u00f6\u00f6gitool-lamamistool Sit N Relax 3 in 1, Stretch Grey, \u0421\u0442\u0443\u043b\u044c\u0447\u0438\u043a\u0438 \u0434\u043b\u044f \u043a\u043e\u0440\u043c\u043b\u0435\u043d\u0438\u044f, \u041f\u0440\u0438\u043d\u0430\u0434\u043b\u0435\u0436\u043d\u043e\u0441\u0442\u0438 \u0434\u043b\u044f \u043c\u043b\u0430\u0434\u0435\u043d\u0446\u0435\u0432, Beebipood","isPartOf":{"@id":"https:\/\/beebipood.ee\/ru\/#website"},"primaryImageOfPage":{"@id":"https:\/\/beebipood.ee\/ru\/produkt\/hauck-sit-n-relax-3-in-1-soogitool-beige\/#primaryimage"},"image":{"@id":"https:\/\/beebipood.ee\/ru\/produkt\/hauck-sit-n-relax-3-in-1-soogitool-beige\/#primaryimage"},"thumbnailUrl":"https:\/\/beebipood.ee\/wp-content\/uploads\/2018\/10\/sit-n-relax-3in1-beige.webp","datePublished":"2026-02-20T09:24:32+00:00","dateModified":"2026-02-20T10:43:38+00:00","description":"Hauck s\u00f6\u00f6gitool-lamamistool Sit N Relax 3 in 1, Stretch Grey, Universaalne komplekt vasts\u00fcndinulePaindlik kasutamine nii laua \u00e4\u00e4res ku","breadcrumb":{"@id":"https:\/\/beebipood.ee\/ru\/produkt\/hauck-sit-n-relax-3-in-1-soogitool-beige\/#breadcrumb"},"inLanguage":"ru-RU","potentialAction":[{"@type":"ReadAction","target":["https:\/\/beebipood.ee\/ru\/produkt\/hauck-sit-n-relax-3-in-1-soogitool-beige\/"]}]},{"@type":"ImageObject","inLanguage":"ru-RU","@id":"https:\/\/beebipood.ee\/ru\/produkt\/hauck-sit-n-relax-3-in-1-soogitool-beige\/#primaryimage","url":"https:\/\/beebipood.ee\/wp-content\/uploads\/2018\/10\/sit-n-relax-3in1-beige.webp","contentUrl":"https:\/\/beebipood.ee\/wp-content\/uploads\/2018\/10\/sit-n-relax-3in1-beige.webp","width":823,"height":823},{"@type":"BreadcrumbList","@id":"https:\/\/beebipood.ee\/ru\/produkt\/hauck-sit-n-relax-3-in-1-soogitool-beige\/#breadcrumb","itemListElement":[{"@type":"ListItem","position":1,"name":"Home","item":"https:\/\/beebipood.ee\/ru\/"},{"@type":"ListItem","position":2,"name":"\u041a\u0430\u0442\u0430\u043b\u043e\u0433 \u0442\u043e\u0432\u0430\u0440\u043e\u0432","item":"https:\/\/beebipood.ee\/tooted\/"},{"@type":"ListItem","position":3,"name":"Hauck Sit N Relax 3 in 1 s\u00f6\u00f6gitool, Beige"}]},{"@type":"WebSite","@id":"https:\/\/beebipood.ee\/ru\/#website","url":"https:\/\/beebipood.ee\/ru\/","name":"Beebipood","description":"Lastekaubad, beebikaubad, m\u00e4nguasjad","publisher":{"@id":"https:\/\/beebipood.ee\/ru\/#organization"},"potentialAction":[{"@type":"SearchAction","target":{"@type":"EntryPoint","urlTemplate":"https:\/\/beebipood.ee\/ru\/?s={search_term_string}"},"query-input":{"@type":"PropertyValueSpecification","valueRequired":true,"valueName":"search_term_string"}}],"inLanguage":"ru-RU"},{"@type":"Organization","@id":"https:\/\/beebipood.ee\/ru\/#organization","name":"Beebipood","url":"https:\/\/beebipood.ee\/ru\/","logo":{"@type":"ImageObject","inLanguage":"ru-RU","@id":"https:\/\/beebipood.ee\/ru\/#\/schema\/logo\/image\/","url":"https:\/\/beebipood.ee\/wp-content\/uploads\/2025\/03\/beebipood.ee-logo-1.svg","contentUrl":"https:\/\/beebipood.ee\/wp-content\/uploads\/2025\/03\/beebipood.ee-logo-1.svg","caption":"Beebipood"},"image":{"@id":"https:\/\/beebipood.ee\/ru\/#\/schema\/logo\/image\/"}}]}},"brands":[{"id":11952,"name":"Hauck","slug":"hauck-ru"}],"_links":{"self":[{"href":"https:\/\/beebipood.ee\/ru\/wp-json\/wp\/v2\/product\/458331","targetHints":{"allow":["GET"]}}],"collection":[{"href":"https:\/\/beebipood.ee\/ru\/wp-json\/wp\/v2\/product"}],"about":[{"href":"https:\/\/beebipood.ee\/ru\/wp-json\/wp\/v2\/types\/product"}],"wp:featuredmedia":[{"embeddable":true,"href":"https:\/\/beebipood.ee\/ru\/wp-json\/wp\/v2\/media\/511645"}],"wp:attachment":[{"href":"https:\/\/beebipood.ee\/ru\/wp-json\/wp\/v2\/media?parent=458331"}],"wp:term":[{"taxonomy":"pwb-brand","embeddable":true,"href":"https:\/\/beebipood.ee\/ru\/wp-json\/wp\/v2\/pwb-brand?post=458331"},{"taxonomy":"product_brand","embeddable":true,"href":"https:\/\/beebipood.ee\/ru\/wp-json\/wp\/v2\/product_brand?post=458331"},{"taxonomy":"product_cat","embeddable":true,"href":"https:\/\/beebipood.ee\/ru\/wp-json\/wp\/v2\/product_cat?post=458331"},{"taxonomy":"product_tag","embeddable":true,"href":"https:\/\/beebipood.ee\/ru\/wp-json\/wp\/v2\/product_tag?post=458331"}],"curies":[{"name":"wp","href":"https:\/\/api.w.org\/{rel}","templated":true}]}}