{"id":458333,"date":"2018-10-17T13:32:51","date_gmt":"2018-10-17T10:32:51","guid":{"rendered":"https:\/\/beebipood.ee\/toode\/hauck-winter-soojakott-black\/"},"modified":"2025-01-09T10:49:04","modified_gmt":"2025-01-09T08:49:04","slug":"hauck-winter-soojakott-black","status":"publish","type":"product","link":"https:\/\/beebipood.ee\/ru\/produkt\/hauck-winter-soojakott-black\/","title":{"rendered":"Hauck Winter soojakott, Black"},"content":{"rendered":"<p>Hauck universaalne soojakott on kohandatav k\u00f5igile jalutusk\u00e4rudele.<br \/>Pehme sisemus ja veekindel v\u00e4lispind,<br \/>mis kaitsevad teie last k\u00f5ige k\u00fclmematel p\u00e4evadel.<br \/><span style=\"text-decoration: underline;\">Omadused<\/span><br \/>Selles soojakotis tunneb teie laps end ka k\u00fclmematel ilmadel alati mugavalt.<br \/>K\u00fclma ja tuulise ilmaga saab \u00fclemise osa sulgeda nagu kapuuts.<br \/>Esiosa saab lukuga osaliselt avada ja alla voltida ning kahe kinnituspunktiga kinnitada.<br \/>T\u00f5mblukuga avatav keskelt<br \/>Turvarihmade l\u00e4bitoomiseks on avad seljaosas, samuti ka pandla l\u00e4bi toomiseks<br \/>Sobib kasutamiseks jalutusk\u00e4rus kui ka vankrikorvis<br \/>Kvaliteetne kulumis- ja plekikindel materjal<br \/>Kahesuunaline t\u00f5mblukk<br \/>Hingav<br \/>Libisemisvastane kate tagab t\u00e4iendava turvalisuse ja tagab, et soojakott j\u00e4\u00e4b paigale.<br \/>Sisemine jalatsite kaitse<br \/>Soojakoti tagak\u00fcljelt leiate tasku kuhu saate koti kokkupakkida.<br \/><span style=\"text-decoration: underline;\">N\u00e4itajad<\/span><br \/>M\u00f5eldud lastele alates s\u00fcnnist kuni 36 kuud.<br \/>M\u00f5\u00f5dud 57 x 105 cm (laius, pikkus)<br \/>V\u00e4liskangas: 100% pol\u00fcester<br \/>Sisekangas: Pehme fliis<br \/>Kaal: 0,9 kg<br \/>Masinpestav: 40\u00b0C juures (lahtiv\u00f5etuna)<\/p>\n","protected":false},"excerpt":{"rendered":"<p>Hauck universaalne soojakott on kohandatav k\u00f5igile jalutusk\u00e4rudele.Pehme sisemus ja veekindel v\u00e4lispind,mis kaitsevad teie last k\u00f5ige k\u00fclmematel p\u00e4evadel.OmadusedSelles soojakotis tunneb teie laps end ka k\u00fclmematel ilmadel alati mugavalt.K\u00fclma ja tuulise ilmaga saab \u00fclemise osa sulgeda nagu kapuuts.Esiosa saab lukuga osaliselt avada ja alla voltida ning kahe kinnituspunktiga kinnitada.T\u00f5mblukuga avatav keskeltTurvarihmade l\u00e4bitoomiseks on avad seljaosas, samuti ka [&hellip;]<\/p>\n","protected":false},"featured_media":126184,"template":"","meta":{"_acf_changed":false},"pwb-brand":[11952],"product_brand":[],"product_cat":[11915,11725,11717],"product_tag":[],"class_list":{"0":"post-458333","1":"product","2":"type-product","3":"status-publish","4":"has-post-thumbnail","6":"pwb-brand-hauck-ru","7":"product_cat-soojakotid-ru","8":"product_cat-lisatarvikud-ru","9":"product_cat-lastevankrid-ja-karud-ru","10":"pa_manufacturer-hauck-ru","12":"first","13":"outofstock","14":"taxable","15":"shipping-taxable","16":"purchasable","17":"product-type-simple"},"exclude_global_add_ons":[],"addons":[],"acf":[],"yoast_head":"<!-- This site is optimized with the Yoast SEO plugin v27.1.1 - https:\/\/yoast.com\/product\/yoast-seo-wordpress\/ -->\n<title>Hauck Winter soojakott, Black, \u041a\u043e\u043b\u044f\u0441\u043a\u0438, \u041f\u0440\u0438\u043d\u0430\u0434\u043b\u0435\u0436\u043d\u043e\u0441\u0442\u0438, Soojakotid, Beebipood<\/title>\n<meta name=\"description\" content=\"Hauck Winter soojakott, Black, Hauck universaalne soojakott on kohandatav k&otilde;igile jalutusk&auml;rudele.Pehme sisemus ja veekindel v&auml;lispind\" \/>\n<meta name=\"robots\" content=\"index, follow, max-snippet:-1, max-image-preview:large, max-video-preview:-1\" \/>\n<link rel=\"canonical\" href=\"https:\/\/beebipood.ee\/ru\/produkt\/hauck-winter-soojakott-black\/\" \/>\n<meta property=\"og:locale\" content=\"ru_RU\" \/>\n<meta property=\"og:type\" content=\"article\" \/>\n<meta property=\"og:title\" content=\"Hauck Winter soojakott, Black, \u041a\u043e\u043b\u044f\u0441\u043a\u0438, \u041f\u0440\u0438\u043d\u0430\u0434\u043b\u0435\u0436\u043d\u043e\u0441\u0442\u0438, Soojakotid, Beebipood\" \/>\n<meta property=\"og:description\" content=\"Hauck Winter soojakott, Black, Hauck universaalne soojakott on kohandatav k&otilde;igile jalutusk&auml;rudele.Pehme sisemus ja veekindel v&auml;lispind\" \/>\n<meta property=\"og:url\" content=\"https:\/\/beebipood.ee\/ru\/produkt\/hauck-winter-soojakott-black\/\" \/>\n<meta property=\"og:site_name\" content=\"Beebipood\" \/>\n<meta property=\"article:modified_time\" content=\"2025-01-09T08:49:04+00:00\" \/>\n<meta property=\"og:image\" content=\"https:\/\/beebipood.ee\/wp-content\/uploads\/2018\/10\/Hauck-Winter-soojakott-Black-Lastevankrid-ja-karud-Jalutuskarud_3-e50.jpg\" \/>\n\t<meta property=\"og:image:width\" content=\"1500\" \/>\n\t<meta property=\"og:image:height\" content=\"1500\" \/>\n\t<meta property=\"og:image:type\" content=\"image\/jpeg\" \/>\n<meta name=\"twitter:card\" content=\"summary_large_image\" \/>\n<meta name=\"twitter:label1\" content=\"\u041f\u0440\u0438\u043c\u0435\u0440\u043d\u043e\u0435 \u0432\u0440\u0435\u043c\u044f \u0434\u043b\u044f \u0447\u0442\u0435\u043d\u0438\u044f\" \/>\n\t<meta name=\"twitter:data1\" content=\"1 \u043c\u0438\u043d\u0443\u0442\u0430\" \/>\n<script type=\"application\/ld+json\" class=\"yoast-schema-graph\">{\"@context\":\"https:\/\/schema.org\",\"@graph\":[{\"@type\":\"WebPage\",\"@id\":\"https:\/\/beebipood.ee\/ru\/produkt\/hauck-winter-soojakott-black\/\",\"url\":\"https:\/\/beebipood.ee\/ru\/produkt\/hauck-winter-soojakott-black\/\",\"name\":\"Hauck Winter soojakott, Black, \u041a\u043e\u043b\u044f\u0441\u043a\u0438, \u041f\u0440\u0438\u043d\u0430\u0434\u043b\u0435\u0436\u043d\u043e\u0441\u0442\u0438, Soojakotid, Beebipood\",\"isPartOf\":{\"@id\":\"https:\/\/beebipood.ee\/ru\/#website\"},\"primaryImageOfPage\":{\"@id\":\"https:\/\/beebipood.ee\/ru\/produkt\/hauck-winter-soojakott-black\/#primaryimage\"},\"image\":{\"@id\":\"https:\/\/beebipood.ee\/ru\/produkt\/hauck-winter-soojakott-black\/#primaryimage\"},\"thumbnailUrl\":\"https:\/\/beebipood.ee\/wp-content\/uploads\/2018\/10\/Hauck-Winter-soojakott-Black-Lastevankrid-ja-karud-Jalutuskarud_3-e50.jpg\",\"datePublished\":\"2018-10-17T10:32:51+00:00\",\"dateModified\":\"2025-01-09T08:49:04+00:00\",\"description\":\"Hauck Winter soojakott, Black, Hauck universaalne soojakott on kohandatav k&otilde;igile jalutusk&auml;rudele.Pehme sisemus ja veekindel v&auml;lispind\",\"breadcrumb\":{\"@id\":\"https:\/\/beebipood.ee\/ru\/produkt\/hauck-winter-soojakott-black\/#breadcrumb\"},\"inLanguage\":\"ru-RU\",\"potentialAction\":[{\"@type\":\"ReadAction\",\"target\":[\"https:\/\/beebipood.ee\/ru\/produkt\/hauck-winter-soojakott-black\/\"]}]},{\"@type\":\"ImageObject\",\"inLanguage\":\"ru-RU\",\"@id\":\"https:\/\/beebipood.ee\/ru\/produkt\/hauck-winter-soojakott-black\/#primaryimage\",\"url\":\"https:\/\/beebipood.ee\/wp-content\/uploads\/2018\/10\/Hauck-Winter-soojakott-Black-Lastevankrid-ja-karud-Jalutuskarud_3-e50.jpg\",\"contentUrl\":\"https:\/\/beebipood.ee\/wp-content\/uploads\/2018\/10\/Hauck-Winter-soojakott-Black-Lastevankrid-ja-karud-Jalutuskarud_3-e50.jpg\",\"width\":1500,\"height\":1500},{\"@type\":\"BreadcrumbList\",\"@id\":\"https:\/\/beebipood.ee\/ru\/produkt\/hauck-winter-soojakott-black\/#breadcrumb\",\"itemListElement\":[{\"@type\":\"ListItem\",\"position\":1,\"name\":\"Home\",\"item\":\"https:\/\/beebipood.ee\/ru\/\"},{\"@type\":\"ListItem\",\"position\":2,\"name\":\"\u041a\u0430\u0442\u0430\u043b\u043e\u0433 \u0442\u043e\u0432\u0430\u0440\u043e\u0432\",\"item\":\"https:\/\/beebipood.ee\/tooted\/\"},{\"@type\":\"ListItem\",\"position\":3,\"name\":\"Hauck Winter soojakott, Black\"}]},{\"@type\":\"WebSite\",\"@id\":\"https:\/\/beebipood.ee\/ru\/#website\",\"url\":\"https:\/\/beebipood.ee\/ru\/\",\"name\":\"Beebipood\",\"description\":\"Lastekaubad, beebikaubad, m\u00e4nguasjad\",\"publisher\":{\"@id\":\"https:\/\/beebipood.ee\/ru\/#organization\"},\"potentialAction\":[{\"@type\":\"SearchAction\",\"target\":{\"@type\":\"EntryPoint\",\"urlTemplate\":\"https:\/\/beebipood.ee\/ru\/?s={search_term_string}\"},\"query-input\":{\"@type\":\"PropertyValueSpecification\",\"valueRequired\":true,\"valueName\":\"search_term_string\"}}],\"inLanguage\":\"ru-RU\"},{\"@type\":\"Organization\",\"@id\":\"https:\/\/beebipood.ee\/ru\/#organization\",\"name\":\"Beebipood\",\"url\":\"https:\/\/beebipood.ee\/ru\/\",\"logo\":{\"@type\":\"ImageObject\",\"inLanguage\":\"ru-RU\",\"@id\":\"https:\/\/beebipood.ee\/ru\/#\/schema\/logo\/image\/\",\"url\":\"https:\/\/beebipood.ee\/wp-content\/uploads\/2025\/03\/beebipood.ee-logo-1.svg\",\"contentUrl\":\"https:\/\/beebipood.ee\/wp-content\/uploads\/2025\/03\/beebipood.ee-logo-1.svg\",\"caption\":\"Beebipood\"},\"image\":{\"@id\":\"https:\/\/beebipood.ee\/ru\/#\/schema\/logo\/image\/\"}}]}<\/script>\n<!-- \/ Yoast SEO plugin. -->","yoast_head_json":{"title":"Hauck Winter soojakott, Black, \u041a\u043e\u043b\u044f\u0441\u043a\u0438, \u041f\u0440\u0438\u043d\u0430\u0434\u043b\u0435\u0436\u043d\u043e\u0441\u0442\u0438, Soojakotid, Beebipood","description":"Hauck Winter soojakott, Black, Hauck universaalne soojakott on kohandatav k&otilde;igile jalutusk&auml;rudele.Pehme sisemus ja veekindel v&auml;lispind","robots":{"index":"index","follow":"follow","max-snippet":"max-snippet:-1","max-image-preview":"max-image-preview:large","max-video-preview":"max-video-preview:-1"},"canonical":"https:\/\/beebipood.ee\/ru\/produkt\/hauck-winter-soojakott-black\/","og_locale":"ru_RU","og_type":"article","og_title":"Hauck Winter soojakott, Black, \u041a\u043e\u043b\u044f\u0441\u043a\u0438, \u041f\u0440\u0438\u043d\u0430\u0434\u043b\u0435\u0436\u043d\u043e\u0441\u0442\u0438, Soojakotid, Beebipood","og_description":"Hauck Winter soojakott, Black, Hauck universaalne soojakott on kohandatav k&otilde;igile jalutusk&auml;rudele.Pehme sisemus ja veekindel v&auml;lispind","og_url":"https:\/\/beebipood.ee\/ru\/produkt\/hauck-winter-soojakott-black\/","og_site_name":"Beebipood","article_modified_time":"2025-01-09T08:49:04+00:00","og_image":[{"width":1500,"height":1500,"url":"https:\/\/beebipood.ee\/wp-content\/uploads\/2018\/10\/Hauck-Winter-soojakott-Black-Lastevankrid-ja-karud-Jalutuskarud_3-e50.jpg","type":"image\/jpeg"}],"twitter_card":"summary_large_image","twitter_misc":{"\u041f\u0440\u0438\u043c\u0435\u0440\u043d\u043e\u0435 \u0432\u0440\u0435\u043c\u044f \u0434\u043b\u044f \u0447\u0442\u0435\u043d\u0438\u044f":"1 \u043c\u0438\u043d\u0443\u0442\u0430"},"schema":{"@context":"https:\/\/schema.org","@graph":[{"@type":"WebPage","@id":"https:\/\/beebipood.ee\/ru\/produkt\/hauck-winter-soojakott-black\/","url":"https:\/\/beebipood.ee\/ru\/produkt\/hauck-winter-soojakott-black\/","name":"Hauck Winter soojakott, Black, \u041a\u043e\u043b\u044f\u0441\u043a\u0438, \u041f\u0440\u0438\u043d\u0430\u0434\u043b\u0435\u0436\u043d\u043e\u0441\u0442\u0438, Soojakotid, Beebipood","isPartOf":{"@id":"https:\/\/beebipood.ee\/ru\/#website"},"primaryImageOfPage":{"@id":"https:\/\/beebipood.ee\/ru\/produkt\/hauck-winter-soojakott-black\/#primaryimage"},"image":{"@id":"https:\/\/beebipood.ee\/ru\/produkt\/hauck-winter-soojakott-black\/#primaryimage"},"thumbnailUrl":"https:\/\/beebipood.ee\/wp-content\/uploads\/2018\/10\/Hauck-Winter-soojakott-Black-Lastevankrid-ja-karud-Jalutuskarud_3-e50.jpg","datePublished":"2018-10-17T10:32:51+00:00","dateModified":"2025-01-09T08:49:04+00:00","description":"Hauck Winter soojakott, Black, Hauck universaalne soojakott on kohandatav k&otilde;igile jalutusk&auml;rudele.Pehme sisemus ja veekindel v&auml;lispind","breadcrumb":{"@id":"https:\/\/beebipood.ee\/ru\/produkt\/hauck-winter-soojakott-black\/#breadcrumb"},"inLanguage":"ru-RU","potentialAction":[{"@type":"ReadAction","target":["https:\/\/beebipood.ee\/ru\/produkt\/hauck-winter-soojakott-black\/"]}]},{"@type":"ImageObject","inLanguage":"ru-RU","@id":"https:\/\/beebipood.ee\/ru\/produkt\/hauck-winter-soojakott-black\/#primaryimage","url":"https:\/\/beebipood.ee\/wp-content\/uploads\/2018\/10\/Hauck-Winter-soojakott-Black-Lastevankrid-ja-karud-Jalutuskarud_3-e50.jpg","contentUrl":"https:\/\/beebipood.ee\/wp-content\/uploads\/2018\/10\/Hauck-Winter-soojakott-Black-Lastevankrid-ja-karud-Jalutuskarud_3-e50.jpg","width":1500,"height":1500},{"@type":"BreadcrumbList","@id":"https:\/\/beebipood.ee\/ru\/produkt\/hauck-winter-soojakott-black\/#breadcrumb","itemListElement":[{"@type":"ListItem","position":1,"name":"Home","item":"https:\/\/beebipood.ee\/ru\/"},{"@type":"ListItem","position":2,"name":"\u041a\u0430\u0442\u0430\u043b\u043e\u0433 \u0442\u043e\u0432\u0430\u0440\u043e\u0432","item":"https:\/\/beebipood.ee\/tooted\/"},{"@type":"ListItem","position":3,"name":"Hauck Winter soojakott, Black"}]},{"@type":"WebSite","@id":"https:\/\/beebipood.ee\/ru\/#website","url":"https:\/\/beebipood.ee\/ru\/","name":"Beebipood","description":"Lastekaubad, beebikaubad, m\u00e4nguasjad","publisher":{"@id":"https:\/\/beebipood.ee\/ru\/#organization"},"potentialAction":[{"@type":"SearchAction","target":{"@type":"EntryPoint","urlTemplate":"https:\/\/beebipood.ee\/ru\/?s={search_term_string}"},"query-input":{"@type":"PropertyValueSpecification","valueRequired":true,"valueName":"search_term_string"}}],"inLanguage":"ru-RU"},{"@type":"Organization","@id":"https:\/\/beebipood.ee\/ru\/#organization","name":"Beebipood","url":"https:\/\/beebipood.ee\/ru\/","logo":{"@type":"ImageObject","inLanguage":"ru-RU","@id":"https:\/\/beebipood.ee\/ru\/#\/schema\/logo\/image\/","url":"https:\/\/beebipood.ee\/wp-content\/uploads\/2025\/03\/beebipood.ee-logo-1.svg","contentUrl":"https:\/\/beebipood.ee\/wp-content\/uploads\/2025\/03\/beebipood.ee-logo-1.svg","caption":"Beebipood"},"image":{"@id":"https:\/\/beebipood.ee\/ru\/#\/schema\/logo\/image\/"}}]}},"brands":[{"id":11952,"name":"Hauck","slug":"hauck-ru"}],"_links":{"self":[{"href":"https:\/\/beebipood.ee\/ru\/wp-json\/wp\/v2\/product\/458333","targetHints":{"allow":["GET"]}}],"collection":[{"href":"https:\/\/beebipood.ee\/ru\/wp-json\/wp\/v2\/product"}],"about":[{"href":"https:\/\/beebipood.ee\/ru\/wp-json\/wp\/v2\/types\/product"}],"wp:featuredmedia":[{"embeddable":true,"href":"https:\/\/beebipood.ee\/ru\/wp-json\/wp\/v2\/media\/126184"}],"wp:attachment":[{"href":"https:\/\/beebipood.ee\/ru\/wp-json\/wp\/v2\/media?parent=458333"}],"wp:term":[{"taxonomy":"pwb-brand","embeddable":true,"href":"https:\/\/beebipood.ee\/ru\/wp-json\/wp\/v2\/pwb-brand?post=458333"},{"taxonomy":"product_brand","embeddable":true,"href":"https:\/\/beebipood.ee\/ru\/wp-json\/wp\/v2\/product_brand?post=458333"},{"taxonomy":"product_cat","embeddable":true,"href":"https:\/\/beebipood.ee\/ru\/wp-json\/wp\/v2\/product_cat?post=458333"},{"taxonomy":"product_tag","embeddable":true,"href":"https:\/\/beebipood.ee\/ru\/wp-json\/wp\/v2\/product_tag?post=458333"}],"curies":[{"name":"wp","href":"https:\/\/api.w.org\/{rel}","templated":true}]}}