{"id":458345,"date":"2018-11-06T09:17:59","date_gmt":"2018-11-06T07:17:59","guid":{"rendered":"https:\/\/beebipood.ee\/toode\/maxi-cosi-jaya-jalutuskaru-essential-grey\/"},"modified":"2025-03-31T01:00:38","modified_gmt":"2025-03-30T22:00:38","slug":"maxi-cosi-jaya-jalutuskaru-essential-grey","status":"publish","type":"product","link":"https:\/\/beebipood.ee\/ru\/produkt\/maxi-cosi-jaya-jalutuskaru-essential-grey\/","title":{"rendered":"Maxi-Cosi Jaya jalutusk\u00e4ru, Essential Grey"},"content":{"rendered":"<p>Kompaktne ja kerge kaaluga jalutusk\u00e4ru Jaya on ideaalne kaaslane linnaseiklusteks. <br \/>Automaatselt ja \u00fche k\u00e4ega kokkupandav Jaya <br \/>sobib kasutamiseks lastele alates s\u00fcnnist kuni kaaluni 22kg (umbes 4. eluaastani). <br \/>Komplektis kaasas ka vihmakate ja turvakaar.<br \/><span style=\"text-decoration: underline;\"><br \/>Kasutajas\u00f5bralikkus<\/span><br \/>Lihtsasti \u00fche k\u00e4ega ning automaatselt kokkupandav<br \/>Kerge hoiustada t\u00e4nu \u00fclimalt kompaktsele suurusele<br \/>Lihtne kaasas kanda<br \/>H\u00e4sti man\u00f6\u00f6verdatav<br \/>Kerge kaaluga EVA rattad ning vedrustust k\u00f5igil neljal rattal<br \/>P\u00f6\u00f6ratav ja eemaldatav turvakaar (lihtne last v\u00e4lja v\u00f5tta)<br \/>V\u00f5imalik samale raamile kinnitada ka turvah\u00e4ll (adapterid saadaval lisatarvikuna)<br \/><span style=\"text-decoration: underline;\">Mugavus<\/span><br \/>Mitu erinevat seljatoe asendit (3tk)<br \/>T\u00e4islamav asend vasts\u00fcninutele<br \/>Kaitsev kaarvari<br \/>\u00d5hutusava kaarvarjus<br \/>Reguleeritav jalatugi<br \/>Pehme polsterdusega isteosa<br \/>Mahukas pakikorv<br \/><span style=\"text-decoration: underline;\">\u00dcldine<\/span><br \/>T\u00e4iustatud mugavus ja turvalisus t\u00e4nu 5-punkti kinnitusega rihmadele<br \/>Komplektis vihmakate ja turvakaar<br \/>M\u00f5eldud kasutamiseks lastele kaaluga 0-22kg (s\u00fcnnist kuni ca. 4. eluaastani)<br \/><span style=\"text-decoration: underline;\">N\u00e4itajad<\/span><br \/>Kaal 6,9kg<br \/>M\u00f5\u00f5dud 79 x 103 x 46cm (pikkus, laius, k\u00f5rgus)<br \/>M\u00f5\u00f5dud kokkupandult 26 x 55,5 x 46cm (s\u00fcgavus, k\u00f5rgus, laius)<br \/>Tagaratta diameeter 15cm<br \/>Esiratta diameeter 13,5cm<br \/>Kandev\u00f5ime 22kg<\/p>\n","protected":false},"excerpt":{"rendered":"<p>Kompaktne ja kerge kaaluga jalutusk\u00e4ru Jaya on ideaalne kaaslane linnaseiklusteks. Automaatselt ja \u00fche k\u00e4ega kokkupandav Jaya sobib kasutamiseks lastele alates s\u00fcnnist kuni kaaluni 22kg (umbes 4. eluaastani). Komplektis kaasas ka vihmakate ja turvakaar.Kasutajas\u00f5bralikkusLihtsasti \u00fche k\u00e4ega ning automaatselt kokkupandavKerge hoiustada t\u00e4nu \u00fclimalt kompaktsele suuruseleLihtne kaasas kandaH\u00e4sti man\u00f6\u00f6verdatavKerge kaaluga EVA rattad ning vedrustust k\u00f5igil neljal rattalP\u00f6\u00f6ratav ja [&hellip;]<\/p>\n","protected":false},"featured_media":126506,"template":"","meta":{"_acf_changed":false},"pwb-brand":[11961],"product_brand":[],"product_cat":[11721,11717],"product_tag":[],"class_list":{"0":"post-458345","1":"product","2":"type-product","3":"status-publish","4":"has-post-thumbnail","6":"pwb-brand-maxi-cosi-ru","7":"product_cat-jalutuskarud-ru","8":"product_cat-lastevankrid-ja-karud-ru","9":"pa_manufacturer-maxi_cosi","11":"first","12":"onbackorder","13":"taxable","14":"shipping-taxable","15":"purchasable","16":"product-type-simple"},"exclude_global_add_ons":[],"addons":[],"acf":[],"yoast_head":"<!-- This site is optimized with the Yoast SEO plugin v27.1.1 - https:\/\/yoast.com\/product\/yoast-seo-wordpress\/ -->\n<title>Maxi-Cosi Jaya jalutusk\u00e4ru, Essential Grey, \u0421\u041a\u0418\u0414\u041a\u0418, \u041a\u043e\u043b\u044f\u0441\u043a\u0438, \u041f\u0440\u043e\u0433\u0443\u043b\u043e\u0447\u043d\u044b\u0435 \u043a\u043e\u043b\u044f\u0441\u043a\u0438, Beebipood<\/title>\n<meta name=\"description\" content=\"Maxi-Cosi Jaya jalutusk\u00e4ru, Essential Grey, Kompaktne ja kerge kaaluga jalutusk&auml;ru Jaya on ideaalne kaaslane linnaseiklusteks. Automaatselt ja &amp;u\" \/>\n<meta name=\"robots\" content=\"index, follow, max-snippet:-1, max-image-preview:large, max-video-preview:-1\" \/>\n<link rel=\"canonical\" href=\"https:\/\/beebipood.ee\/ru\/produkt\/maxi-cosi-jaya-jalutuskaru-essential-grey\/\" \/>\n<meta property=\"og:locale\" content=\"ru_RU\" \/>\n<meta property=\"og:type\" content=\"article\" \/>\n<meta property=\"og:title\" content=\"Maxi-Cosi Jaya jalutusk\u00e4ru, Essential Grey, \u0421\u041a\u0418\u0414\u041a\u0418, \u041a\u043e\u043b\u044f\u0441\u043a\u0438, \u041f\u0440\u043e\u0433\u0443\u043b\u043e\u0447\u043d\u044b\u0435 \u043a\u043e\u043b\u044f\u0441\u043a\u0438, Beebipood\" \/>\n<meta property=\"og:description\" content=\"Maxi-Cosi Jaya jalutusk\u00e4ru, Essential Grey, Kompaktne ja kerge kaaluga jalutusk&auml;ru Jaya on ideaalne kaaslane linnaseiklusteks. Automaatselt ja &amp;u\" \/>\n<meta property=\"og:url\" content=\"https:\/\/beebipood.ee\/ru\/produkt\/maxi-cosi-jaya-jalutuskaru-essential-grey\/\" \/>\n<meta property=\"og:site_name\" content=\"Beebipood\" \/>\n<meta property=\"article:modified_time\" content=\"2025-03-30T22:00:38+00:00\" \/>\n<meta property=\"og:image\" content=\"https:\/\/beebipood.ee\/wp-content\/uploads\/2018\/11\/MaxiCosi-Jaya-jalutuskaru-Essential-Grey-UUED-TOOTED-Lastevankrid-ja-karud-Jalutuskarud_2-5f3.jpg\" \/>\n\t<meta property=\"og:image:width\" content=\"673\" \/>\n\t<meta property=\"og:image:height\" content=\"760\" \/>\n\t<meta property=\"og:image:type\" content=\"image\/jpeg\" \/>\n<meta name=\"twitter:card\" content=\"summary_large_image\" \/>\n<meta name=\"twitter:label1\" content=\"\u041f\u0440\u0438\u043c\u0435\u0440\u043d\u043e\u0435 \u0432\u0440\u0435\u043c\u044f \u0434\u043b\u044f \u0447\u0442\u0435\u043d\u0438\u044f\" \/>\n\t<meta name=\"twitter:data1\" content=\"1 \u043c\u0438\u043d\u0443\u0442\u0430\" \/>\n<script type=\"application\/ld+json\" class=\"yoast-schema-graph\">{\"@context\":\"https:\/\/schema.org\",\"@graph\":[{\"@type\":\"WebPage\",\"@id\":\"https:\/\/beebipood.ee\/ru\/produkt\/maxi-cosi-jaya-jalutuskaru-essential-grey\/\",\"url\":\"https:\/\/beebipood.ee\/ru\/produkt\/maxi-cosi-jaya-jalutuskaru-essential-grey\/\",\"name\":\"Maxi-Cosi Jaya jalutusk\u00e4ru, Essential Grey, \u0421\u041a\u0418\u0414\u041a\u0418, \u041a\u043e\u043b\u044f\u0441\u043a\u0438, \u041f\u0440\u043e\u0433\u0443\u043b\u043e\u0447\u043d\u044b\u0435 \u043a\u043e\u043b\u044f\u0441\u043a\u0438, Beebipood\",\"isPartOf\":{\"@id\":\"https:\/\/beebipood.ee\/ru\/#website\"},\"primaryImageOfPage\":{\"@id\":\"https:\/\/beebipood.ee\/ru\/produkt\/maxi-cosi-jaya-jalutuskaru-essential-grey\/#primaryimage\"},\"image\":{\"@id\":\"https:\/\/beebipood.ee\/ru\/produkt\/maxi-cosi-jaya-jalutuskaru-essential-grey\/#primaryimage\"},\"thumbnailUrl\":\"https:\/\/beebipood.ee\/wp-content\/uploads\/2018\/11\/MaxiCosi-Jaya-jalutuskaru-Essential-Grey-UUED-TOOTED-Lastevankrid-ja-karud-Jalutuskarud_2-5f3.jpg\",\"datePublished\":\"2018-11-06T07:17:59+00:00\",\"dateModified\":\"2025-03-30T22:00:38+00:00\",\"description\":\"Maxi-Cosi Jaya jalutusk\u00e4ru, Essential Grey, Kompaktne ja kerge kaaluga jalutusk&auml;ru Jaya on ideaalne kaaslane linnaseiklusteks. Automaatselt ja &u\",\"breadcrumb\":{\"@id\":\"https:\/\/beebipood.ee\/ru\/produkt\/maxi-cosi-jaya-jalutuskaru-essential-grey\/#breadcrumb\"},\"inLanguage\":\"ru-RU\",\"potentialAction\":[{\"@type\":\"ReadAction\",\"target\":[\"https:\/\/beebipood.ee\/ru\/produkt\/maxi-cosi-jaya-jalutuskaru-essential-grey\/\"]}]},{\"@type\":\"ImageObject\",\"inLanguage\":\"ru-RU\",\"@id\":\"https:\/\/beebipood.ee\/ru\/produkt\/maxi-cosi-jaya-jalutuskaru-essential-grey\/#primaryimage\",\"url\":\"https:\/\/beebipood.ee\/wp-content\/uploads\/2018\/11\/MaxiCosi-Jaya-jalutuskaru-Essential-Grey-UUED-TOOTED-Lastevankrid-ja-karud-Jalutuskarud_2-5f3.jpg\",\"contentUrl\":\"https:\/\/beebipood.ee\/wp-content\/uploads\/2018\/11\/MaxiCosi-Jaya-jalutuskaru-Essential-Grey-UUED-TOOTED-Lastevankrid-ja-karud-Jalutuskarud_2-5f3.jpg\",\"width\":673,\"height\":760},{\"@type\":\"BreadcrumbList\",\"@id\":\"https:\/\/beebipood.ee\/ru\/produkt\/maxi-cosi-jaya-jalutuskaru-essential-grey\/#breadcrumb\",\"itemListElement\":[{\"@type\":\"ListItem\",\"position\":1,\"name\":\"Home\",\"item\":\"https:\/\/beebipood.ee\/ru\/\"},{\"@type\":\"ListItem\",\"position\":2,\"name\":\"\u041a\u0430\u0442\u0430\u043b\u043e\u0433 \u0442\u043e\u0432\u0430\u0440\u043e\u0432\",\"item\":\"https:\/\/beebipood.ee\/tooted\/\"},{\"@type\":\"ListItem\",\"position\":3,\"name\":\"Maxi-Cosi Jaya jalutusk\u00e4ru, Essential Grey\"}]},{\"@type\":\"WebSite\",\"@id\":\"https:\/\/beebipood.ee\/ru\/#website\",\"url\":\"https:\/\/beebipood.ee\/ru\/\",\"name\":\"Beebipood\",\"description\":\"Lastekaubad, beebikaubad, m\u00e4nguasjad\",\"publisher\":{\"@id\":\"https:\/\/beebipood.ee\/ru\/#organization\"},\"potentialAction\":[{\"@type\":\"SearchAction\",\"target\":{\"@type\":\"EntryPoint\",\"urlTemplate\":\"https:\/\/beebipood.ee\/ru\/?s={search_term_string}\"},\"query-input\":{\"@type\":\"PropertyValueSpecification\",\"valueRequired\":true,\"valueName\":\"search_term_string\"}}],\"inLanguage\":\"ru-RU\"},{\"@type\":\"Organization\",\"@id\":\"https:\/\/beebipood.ee\/ru\/#organization\",\"name\":\"Beebipood\",\"url\":\"https:\/\/beebipood.ee\/ru\/\",\"logo\":{\"@type\":\"ImageObject\",\"inLanguage\":\"ru-RU\",\"@id\":\"https:\/\/beebipood.ee\/ru\/#\/schema\/logo\/image\/\",\"url\":\"https:\/\/beebipood.ee\/wp-content\/uploads\/2025\/03\/beebipood.ee-logo-1.svg\",\"contentUrl\":\"https:\/\/beebipood.ee\/wp-content\/uploads\/2025\/03\/beebipood.ee-logo-1.svg\",\"caption\":\"Beebipood\"},\"image\":{\"@id\":\"https:\/\/beebipood.ee\/ru\/#\/schema\/logo\/image\/\"}}]}<\/script>\n<!-- \/ Yoast SEO plugin. -->","yoast_head_json":{"title":"Maxi-Cosi Jaya jalutusk\u00e4ru, Essential Grey, \u0421\u041a\u0418\u0414\u041a\u0418, \u041a\u043e\u043b\u044f\u0441\u043a\u0438, \u041f\u0440\u043e\u0433\u0443\u043b\u043e\u0447\u043d\u044b\u0435 \u043a\u043e\u043b\u044f\u0441\u043a\u0438, Beebipood","description":"Maxi-Cosi Jaya jalutusk\u00e4ru, Essential Grey, Kompaktne ja kerge kaaluga jalutusk&auml;ru Jaya on ideaalne kaaslane linnaseiklusteks. Automaatselt ja &u","robots":{"index":"index","follow":"follow","max-snippet":"max-snippet:-1","max-image-preview":"max-image-preview:large","max-video-preview":"max-video-preview:-1"},"canonical":"https:\/\/beebipood.ee\/ru\/produkt\/maxi-cosi-jaya-jalutuskaru-essential-grey\/","og_locale":"ru_RU","og_type":"article","og_title":"Maxi-Cosi Jaya jalutusk\u00e4ru, Essential Grey, \u0421\u041a\u0418\u0414\u041a\u0418, \u041a\u043e\u043b\u044f\u0441\u043a\u0438, \u041f\u0440\u043e\u0433\u0443\u043b\u043e\u0447\u043d\u044b\u0435 \u043a\u043e\u043b\u044f\u0441\u043a\u0438, Beebipood","og_description":"Maxi-Cosi Jaya jalutusk\u00e4ru, Essential Grey, Kompaktne ja kerge kaaluga jalutusk&auml;ru Jaya on ideaalne kaaslane linnaseiklusteks. Automaatselt ja &u","og_url":"https:\/\/beebipood.ee\/ru\/produkt\/maxi-cosi-jaya-jalutuskaru-essential-grey\/","og_site_name":"Beebipood","article_modified_time":"2025-03-30T22:00:38+00:00","og_image":[{"width":673,"height":760,"url":"https:\/\/beebipood.ee\/wp-content\/uploads\/2018\/11\/MaxiCosi-Jaya-jalutuskaru-Essential-Grey-UUED-TOOTED-Lastevankrid-ja-karud-Jalutuskarud_2-5f3.jpg","type":"image\/jpeg"}],"twitter_card":"summary_large_image","twitter_misc":{"\u041f\u0440\u0438\u043c\u0435\u0440\u043d\u043e\u0435 \u0432\u0440\u0435\u043c\u044f \u0434\u043b\u044f \u0447\u0442\u0435\u043d\u0438\u044f":"1 \u043c\u0438\u043d\u0443\u0442\u0430"},"schema":{"@context":"https:\/\/schema.org","@graph":[{"@type":"WebPage","@id":"https:\/\/beebipood.ee\/ru\/produkt\/maxi-cosi-jaya-jalutuskaru-essential-grey\/","url":"https:\/\/beebipood.ee\/ru\/produkt\/maxi-cosi-jaya-jalutuskaru-essential-grey\/","name":"Maxi-Cosi Jaya jalutusk\u00e4ru, Essential Grey, \u0421\u041a\u0418\u0414\u041a\u0418, \u041a\u043e\u043b\u044f\u0441\u043a\u0438, \u041f\u0440\u043e\u0433\u0443\u043b\u043e\u0447\u043d\u044b\u0435 \u043a\u043e\u043b\u044f\u0441\u043a\u0438, Beebipood","isPartOf":{"@id":"https:\/\/beebipood.ee\/ru\/#website"},"primaryImageOfPage":{"@id":"https:\/\/beebipood.ee\/ru\/produkt\/maxi-cosi-jaya-jalutuskaru-essential-grey\/#primaryimage"},"image":{"@id":"https:\/\/beebipood.ee\/ru\/produkt\/maxi-cosi-jaya-jalutuskaru-essential-grey\/#primaryimage"},"thumbnailUrl":"https:\/\/beebipood.ee\/wp-content\/uploads\/2018\/11\/MaxiCosi-Jaya-jalutuskaru-Essential-Grey-UUED-TOOTED-Lastevankrid-ja-karud-Jalutuskarud_2-5f3.jpg","datePublished":"2018-11-06T07:17:59+00:00","dateModified":"2025-03-30T22:00:38+00:00","description":"Maxi-Cosi Jaya jalutusk\u00e4ru, Essential Grey, Kompaktne ja kerge kaaluga jalutusk&auml;ru Jaya on ideaalne kaaslane linnaseiklusteks. Automaatselt ja &u","breadcrumb":{"@id":"https:\/\/beebipood.ee\/ru\/produkt\/maxi-cosi-jaya-jalutuskaru-essential-grey\/#breadcrumb"},"inLanguage":"ru-RU","potentialAction":[{"@type":"ReadAction","target":["https:\/\/beebipood.ee\/ru\/produkt\/maxi-cosi-jaya-jalutuskaru-essential-grey\/"]}]},{"@type":"ImageObject","inLanguage":"ru-RU","@id":"https:\/\/beebipood.ee\/ru\/produkt\/maxi-cosi-jaya-jalutuskaru-essential-grey\/#primaryimage","url":"https:\/\/beebipood.ee\/wp-content\/uploads\/2018\/11\/MaxiCosi-Jaya-jalutuskaru-Essential-Grey-UUED-TOOTED-Lastevankrid-ja-karud-Jalutuskarud_2-5f3.jpg","contentUrl":"https:\/\/beebipood.ee\/wp-content\/uploads\/2018\/11\/MaxiCosi-Jaya-jalutuskaru-Essential-Grey-UUED-TOOTED-Lastevankrid-ja-karud-Jalutuskarud_2-5f3.jpg","width":673,"height":760},{"@type":"BreadcrumbList","@id":"https:\/\/beebipood.ee\/ru\/produkt\/maxi-cosi-jaya-jalutuskaru-essential-grey\/#breadcrumb","itemListElement":[{"@type":"ListItem","position":1,"name":"Home","item":"https:\/\/beebipood.ee\/ru\/"},{"@type":"ListItem","position":2,"name":"\u041a\u0430\u0442\u0430\u043b\u043e\u0433 \u0442\u043e\u0432\u0430\u0440\u043e\u0432","item":"https:\/\/beebipood.ee\/tooted\/"},{"@type":"ListItem","position":3,"name":"Maxi-Cosi Jaya jalutusk\u00e4ru, Essential Grey"}]},{"@type":"WebSite","@id":"https:\/\/beebipood.ee\/ru\/#website","url":"https:\/\/beebipood.ee\/ru\/","name":"Beebipood","description":"Lastekaubad, beebikaubad, m\u00e4nguasjad","publisher":{"@id":"https:\/\/beebipood.ee\/ru\/#organization"},"potentialAction":[{"@type":"SearchAction","target":{"@type":"EntryPoint","urlTemplate":"https:\/\/beebipood.ee\/ru\/?s={search_term_string}"},"query-input":{"@type":"PropertyValueSpecification","valueRequired":true,"valueName":"search_term_string"}}],"inLanguage":"ru-RU"},{"@type":"Organization","@id":"https:\/\/beebipood.ee\/ru\/#organization","name":"Beebipood","url":"https:\/\/beebipood.ee\/ru\/","logo":{"@type":"ImageObject","inLanguage":"ru-RU","@id":"https:\/\/beebipood.ee\/ru\/#\/schema\/logo\/image\/","url":"https:\/\/beebipood.ee\/wp-content\/uploads\/2025\/03\/beebipood.ee-logo-1.svg","contentUrl":"https:\/\/beebipood.ee\/wp-content\/uploads\/2025\/03\/beebipood.ee-logo-1.svg","caption":"Beebipood"},"image":{"@id":"https:\/\/beebipood.ee\/ru\/#\/schema\/logo\/image\/"}}]}},"brands":[{"id":11961,"name":"Maxi-Cosi","slug":"maxi-cosi-ru"}],"_links":{"self":[{"href":"https:\/\/beebipood.ee\/ru\/wp-json\/wp\/v2\/product\/458345","targetHints":{"allow":["GET"]}}],"collection":[{"href":"https:\/\/beebipood.ee\/ru\/wp-json\/wp\/v2\/product"}],"about":[{"href":"https:\/\/beebipood.ee\/ru\/wp-json\/wp\/v2\/types\/product"}],"wp:featuredmedia":[{"embeddable":true,"href":"https:\/\/beebipood.ee\/ru\/wp-json\/wp\/v2\/media\/126506"}],"wp:attachment":[{"href":"https:\/\/beebipood.ee\/ru\/wp-json\/wp\/v2\/media?parent=458345"}],"wp:term":[{"taxonomy":"pwb-brand","embeddable":true,"href":"https:\/\/beebipood.ee\/ru\/wp-json\/wp\/v2\/pwb-brand?post=458345"},{"taxonomy":"product_brand","embeddable":true,"href":"https:\/\/beebipood.ee\/ru\/wp-json\/wp\/v2\/product_brand?post=458345"},{"taxonomy":"product_cat","embeddable":true,"href":"https:\/\/beebipood.ee\/ru\/wp-json\/wp\/v2\/product_cat?post=458345"},{"taxonomy":"product_tag","embeddable":true,"href":"https:\/\/beebipood.ee\/ru\/wp-json\/wp\/v2\/product_tag?post=458345"}],"curies":[{"name":"wp","href":"https:\/\/api.w.org\/{rel}","templated":true}]}}