{"id":458347,"date":"2018-11-06T09:21:17","date_gmt":"2018-11-06T07:21:17","guid":{"rendered":"https:\/\/beebipood.ee\/toode\/maxi-cosi-soho-jalutuskaru-essential-graphite\/"},"modified":"2025-01-09T10:49:04","modified_gmt":"2025-01-09T08:49:04","slug":"maxi-cosi-soho-jalutuskaru-essential-graphite","status":"publish","type":"product","link":"https:\/\/beebipood.ee\/ru\/produkt\/maxi-cosi-soho-jalutuskaru-essential-graphite\/","title":{"rendered":"Maxi-Cosi Soho jalutusk\u00e4ru, Essential Graphite"},"content":{"rendered":"<p>\u00dclimalt kompaktne ning automaatselt sulguv Soho kergk\u00e4ru <br \/>on ideaalne kaaslane sinu igap\u00e4evasteks linnaseiklusteks.<br \/>&#8212; Suured rattad,<br \/>&#8212; Mahukas t\u00e4islamav isteosa<br \/>&#8212; Automaatselt sulguv raam<br \/>&#8212; V\u00f5imalik kasutada koos turvah\u00e4lli v\u00f5i vankrikorviga<br \/>&#8212; Kaal 8,1kg<\/p>\n<p><span style=\"text-decoration: underline;\">Kasutajas\u00f5bralikkus<\/span><br \/>\u00dclimalt kompaktne ja kerge (8,1kg)<br \/>Lihtsasti \u00fche k\u00e4ega kokkupandav (automaatselt sulguv)<br \/>Kokkupandult seisab iseseisvalt p\u00fcsti<br \/>\u00d5larihmasid on lihtne reguleerida<br \/>P\u00f6\u00f6ratav turvakaar<br \/>\u00dche k\u00e4ega lihtsasti juhitav<br \/>Mahukas pakikorv (kuni 5kg)<br \/>Lapsevanema tasku, et hoiustada oma v\u00e4\u00e4rtuslike asju<br \/><span style=\"text-decoration: underline;\">Mugavus<\/span><br \/>Mahukas isteosa<br \/>Reguleeritav seljatugi (3 asendit)<br \/>T\u00e4islamavas asendis \u00f5hutusaknad<br \/>Pehme polsterdusega isteosa<br \/>Reguleeritav jalatugi<br \/>UV-kaitsega pikendatav kaarvari<br \/>\u00d5hutusava kaarvarju k\u00fcljes<br \/>Pehme vedrustus k\u00f5igil neljal rattal<br \/>Eco Care kangad<br \/><span style=\"text-decoration: underline;\">Turvalisus<\/span><br \/>5-punkti kinnitusega turvarihmad<br \/>Suured t\u00e4iskumm rehvidel rattad<br \/><span style=\"text-decoration: underline;\">\u00dcldine<\/span><br \/>Kasutamiseks lastele alates s\u00fcnnist kuni kaaluni 22kg (0-4 eluaastat)<br \/>Katteriided on eemaldatavad ja pestavad<br \/><span style=\"text-decoration: underline;\">Komplektis<\/span><br \/>Jalutusk\u00e4ru<br \/>Kaarvari<br \/>Pakikorv<br \/>Turvakaar<br \/>4 ratast<br \/>Vankrikorvi adapterid<br \/><span style=\"text-decoration: underline;\">N\u00e4itajad<\/span><br \/>Jalutusk\u00e4ru kaal 8,1kg<br \/>M\u00f5\u00f5dud 88 x 105 x 50cm (pikkus, k\u00f5rgus, laius)<br \/>M\u00f5\u00f5dud kokkupandult 50 x 31 x 58cm (laius, k\u00f5rgus, pikkus \/ ilma ratasteta)<br \/>Seljatoe k\u00f5rgus 54-65cm<br \/>Isteosa s\u00fcgavus 23cm<br \/>Isteosa laius 26-39cm<br \/>Esiratta diameeter 18cm<br \/>Tagaratta diameeter 21cm<\/p>\n","protected":false},"excerpt":{"rendered":"<p>\u00dclimalt kompaktne ning automaatselt sulguv Soho kergk\u00e4ru on ideaalne kaaslane sinu igap\u00e4evasteks linnaseiklusteks.&#8212; Suured rattad,&#8212; Mahukas t\u00e4islamav isteosa&#8212; Automaatselt sulguv raam&#8212; V\u00f5imalik kasutada koos turvah\u00e4lli v\u00f5i vankrikorviga&#8212; Kaal 8,1kg Kasutajas\u00f5bralikkus\u00dclimalt kompaktne ja kerge (8,1kg)Lihtsasti \u00fche k\u00e4ega kokkupandav (automaatselt sulguv)Kokkupandult seisab iseseisvalt p\u00fcsti\u00d5larihmasid on lihtne reguleeridaP\u00f6\u00f6ratav turvakaar\u00dche k\u00e4ega lihtsasti juhitavMahukas pakikorv (kuni 5kg)Lapsevanema tasku, et hoiustada [&hellip;]<\/p>\n","protected":false},"featured_media":126530,"template":"","meta":{"_acf_changed":false},"pwb-brand":[11961],"product_brand":[],"product_cat":[11721,11717],"product_tag":[],"class_list":{"0":"post-458347","1":"product","2":"type-product","3":"status-publish","4":"has-post-thumbnail","6":"pwb-brand-maxi-cosi-ru","7":"product_cat-jalutuskarud-ru","8":"product_cat-lastevankrid-ja-karud-ru","9":"pa_manufacturer-maxi_cosi-ru","11":"first","12":"onbackorder","13":"taxable","14":"shipping-taxable","15":"purchasable","16":"product-type-simple"},"exclude_global_add_ons":[],"addons":[],"acf":[],"yoast_head":"<!-- This site is optimized with the Yoast SEO plugin v27.1.1 - https:\/\/yoast.com\/product\/yoast-seo-wordpress\/ -->\n<title>Maxi-Cosi Soho jalutusk\u00e4ru, Essential Graphite, \u0421\u041a\u0418\u0414\u041a\u0418, \u041a\u043e\u043b\u044f\u0441\u043a\u0438, \u041f\u0440\u043e\u0433\u0443\u043b\u043e\u0447\u043d\u044b\u0435 \u043a\u043e\u043b\u044f\u0441\u043a\u0438, Beebipood<\/title>\n<meta name=\"description\" content=\"Maxi-Cosi Soho jalutusk\u00e4ru, Essential Graphite, &Uuml;limalt kompaktne ning automaatselt sulguv Soho kergk&auml;ru on ideaalne kaaslane sinu igap&amp;auml\" \/>\n<meta name=\"robots\" content=\"index, follow, max-snippet:-1, max-image-preview:large, max-video-preview:-1\" \/>\n<link rel=\"canonical\" href=\"https:\/\/beebipood.ee\/ru\/produkt\/maxi-cosi-soho-jalutuskaru-essential-graphite\/\" \/>\n<meta property=\"og:locale\" content=\"ru_RU\" \/>\n<meta property=\"og:type\" content=\"article\" \/>\n<meta property=\"og:title\" content=\"Maxi-Cosi Soho jalutusk\u00e4ru, Essential Graphite, \u0421\u041a\u0418\u0414\u041a\u0418, \u041a\u043e\u043b\u044f\u0441\u043a\u0438, \u041f\u0440\u043e\u0433\u0443\u043b\u043e\u0447\u043d\u044b\u0435 \u043a\u043e\u043b\u044f\u0441\u043a\u0438, Beebipood\" \/>\n<meta property=\"og:description\" content=\"Maxi-Cosi Soho jalutusk\u00e4ru, Essential Graphite, &Uuml;limalt kompaktne ning automaatselt sulguv Soho kergk&auml;ru on ideaalne kaaslane sinu igap&amp;auml\" \/>\n<meta property=\"og:url\" content=\"https:\/\/beebipood.ee\/ru\/produkt\/maxi-cosi-soho-jalutuskaru-essential-graphite\/\" \/>\n<meta property=\"og:site_name\" content=\"Beebipood\" \/>\n<meta property=\"article:modified_time\" content=\"2025-01-09T08:49:04+00:00\" \/>\n<meta property=\"og:image\" content=\"https:\/\/beebipood.ee\/wp-content\/uploads\/2018\/11\/MaxiCosi-Soho-jalutuskaru-Essential-Graphite-UUED-TOOTED-Lastevankrid-ja-karud-Jalutuskarud_3-20e.jpg\" \/>\n\t<meta property=\"og:image:width\" content=\"900\" \/>\n\t<meta property=\"og:image:height\" content=\"1200\" \/>\n\t<meta property=\"og:image:type\" content=\"image\/jpeg\" \/>\n<meta name=\"twitter:card\" content=\"summary_large_image\" \/>\n<meta name=\"twitter:label1\" content=\"\u041f\u0440\u0438\u043c\u0435\u0440\u043d\u043e\u0435 \u0432\u0440\u0435\u043c\u044f \u0434\u043b\u044f \u0447\u0442\u0435\u043d\u0438\u044f\" \/>\n\t<meta name=\"twitter:data1\" content=\"1 \u043c\u0438\u043d\u0443\u0442\u0430\" \/>\n<script type=\"application\/ld+json\" class=\"yoast-schema-graph\">{\"@context\":\"https:\/\/schema.org\",\"@graph\":[{\"@type\":\"WebPage\",\"@id\":\"https:\/\/beebipood.ee\/ru\/produkt\/maxi-cosi-soho-jalutuskaru-essential-graphite\/\",\"url\":\"https:\/\/beebipood.ee\/ru\/produkt\/maxi-cosi-soho-jalutuskaru-essential-graphite\/\",\"name\":\"Maxi-Cosi Soho jalutusk\u00e4ru, Essential Graphite, \u0421\u041a\u0418\u0414\u041a\u0418, \u041a\u043e\u043b\u044f\u0441\u043a\u0438, \u041f\u0440\u043e\u0433\u0443\u043b\u043e\u0447\u043d\u044b\u0435 \u043a\u043e\u043b\u044f\u0441\u043a\u0438, Beebipood\",\"isPartOf\":{\"@id\":\"https:\/\/beebipood.ee\/ru\/#website\"},\"primaryImageOfPage\":{\"@id\":\"https:\/\/beebipood.ee\/ru\/produkt\/maxi-cosi-soho-jalutuskaru-essential-graphite\/#primaryimage\"},\"image\":{\"@id\":\"https:\/\/beebipood.ee\/ru\/produkt\/maxi-cosi-soho-jalutuskaru-essential-graphite\/#primaryimage\"},\"thumbnailUrl\":\"https:\/\/beebipood.ee\/wp-content\/uploads\/2018\/11\/MaxiCosi-Soho-jalutuskaru-Essential-Graphite-UUED-TOOTED-Lastevankrid-ja-karud-Jalutuskarud_3-20e.jpg\",\"datePublished\":\"2018-11-06T07:21:17+00:00\",\"dateModified\":\"2025-01-09T08:49:04+00:00\",\"description\":\"Maxi-Cosi Soho jalutusk\u00e4ru, Essential Graphite, &Uuml;limalt kompaktne ning automaatselt sulguv Soho kergk&auml;ru on ideaalne kaaslane sinu igap&auml\",\"breadcrumb\":{\"@id\":\"https:\/\/beebipood.ee\/ru\/produkt\/maxi-cosi-soho-jalutuskaru-essential-graphite\/#breadcrumb\"},\"inLanguage\":\"ru-RU\",\"potentialAction\":[{\"@type\":\"ReadAction\",\"target\":[\"https:\/\/beebipood.ee\/ru\/produkt\/maxi-cosi-soho-jalutuskaru-essential-graphite\/\"]}]},{\"@type\":\"ImageObject\",\"inLanguage\":\"ru-RU\",\"@id\":\"https:\/\/beebipood.ee\/ru\/produkt\/maxi-cosi-soho-jalutuskaru-essential-graphite\/#primaryimage\",\"url\":\"https:\/\/beebipood.ee\/wp-content\/uploads\/2018\/11\/MaxiCosi-Soho-jalutuskaru-Essential-Graphite-UUED-TOOTED-Lastevankrid-ja-karud-Jalutuskarud_3-20e.jpg\",\"contentUrl\":\"https:\/\/beebipood.ee\/wp-content\/uploads\/2018\/11\/MaxiCosi-Soho-jalutuskaru-Essential-Graphite-UUED-TOOTED-Lastevankrid-ja-karud-Jalutuskarud_3-20e.jpg\",\"width\":900,\"height\":1200},{\"@type\":\"BreadcrumbList\",\"@id\":\"https:\/\/beebipood.ee\/ru\/produkt\/maxi-cosi-soho-jalutuskaru-essential-graphite\/#breadcrumb\",\"itemListElement\":[{\"@type\":\"ListItem\",\"position\":1,\"name\":\"Home\",\"item\":\"https:\/\/beebipood.ee\/ru\/\"},{\"@type\":\"ListItem\",\"position\":2,\"name\":\"\u041a\u0430\u0442\u0430\u043b\u043e\u0433 \u0442\u043e\u0432\u0430\u0440\u043e\u0432\",\"item\":\"https:\/\/beebipood.ee\/tooted\/\"},{\"@type\":\"ListItem\",\"position\":3,\"name\":\"Maxi-Cosi Soho jalutusk\u00e4ru, Essential Graphite\"}]},{\"@type\":\"WebSite\",\"@id\":\"https:\/\/beebipood.ee\/ru\/#website\",\"url\":\"https:\/\/beebipood.ee\/ru\/\",\"name\":\"Beebipood\",\"description\":\"Lastekaubad, beebikaubad, m\u00e4nguasjad\",\"publisher\":{\"@id\":\"https:\/\/beebipood.ee\/ru\/#organization\"},\"potentialAction\":[{\"@type\":\"SearchAction\",\"target\":{\"@type\":\"EntryPoint\",\"urlTemplate\":\"https:\/\/beebipood.ee\/ru\/?s={search_term_string}\"},\"query-input\":{\"@type\":\"PropertyValueSpecification\",\"valueRequired\":true,\"valueName\":\"search_term_string\"}}],\"inLanguage\":\"ru-RU\"},{\"@type\":\"Organization\",\"@id\":\"https:\/\/beebipood.ee\/ru\/#organization\",\"name\":\"Beebipood\",\"url\":\"https:\/\/beebipood.ee\/ru\/\",\"logo\":{\"@type\":\"ImageObject\",\"inLanguage\":\"ru-RU\",\"@id\":\"https:\/\/beebipood.ee\/ru\/#\/schema\/logo\/image\/\",\"url\":\"https:\/\/beebipood.ee\/wp-content\/uploads\/2025\/03\/beebipood.ee-logo-1.svg\",\"contentUrl\":\"https:\/\/beebipood.ee\/wp-content\/uploads\/2025\/03\/beebipood.ee-logo-1.svg\",\"caption\":\"Beebipood\"},\"image\":{\"@id\":\"https:\/\/beebipood.ee\/ru\/#\/schema\/logo\/image\/\"}}]}<\/script>\n<!-- \/ Yoast SEO plugin. -->","yoast_head_json":{"title":"Maxi-Cosi Soho jalutusk\u00e4ru, Essential Graphite, \u0421\u041a\u0418\u0414\u041a\u0418, \u041a\u043e\u043b\u044f\u0441\u043a\u0438, \u041f\u0440\u043e\u0433\u0443\u043b\u043e\u0447\u043d\u044b\u0435 \u043a\u043e\u043b\u044f\u0441\u043a\u0438, Beebipood","description":"Maxi-Cosi Soho jalutusk\u00e4ru, Essential Graphite, &Uuml;limalt kompaktne ning automaatselt sulguv Soho kergk&auml;ru on ideaalne kaaslane sinu igap&auml","robots":{"index":"index","follow":"follow","max-snippet":"max-snippet:-1","max-image-preview":"max-image-preview:large","max-video-preview":"max-video-preview:-1"},"canonical":"https:\/\/beebipood.ee\/ru\/produkt\/maxi-cosi-soho-jalutuskaru-essential-graphite\/","og_locale":"ru_RU","og_type":"article","og_title":"Maxi-Cosi Soho jalutusk\u00e4ru, Essential Graphite, \u0421\u041a\u0418\u0414\u041a\u0418, \u041a\u043e\u043b\u044f\u0441\u043a\u0438, \u041f\u0440\u043e\u0433\u0443\u043b\u043e\u0447\u043d\u044b\u0435 \u043a\u043e\u043b\u044f\u0441\u043a\u0438, Beebipood","og_description":"Maxi-Cosi Soho jalutusk\u00e4ru, Essential Graphite, &Uuml;limalt kompaktne ning automaatselt sulguv Soho kergk&auml;ru on ideaalne kaaslane sinu igap&auml","og_url":"https:\/\/beebipood.ee\/ru\/produkt\/maxi-cosi-soho-jalutuskaru-essential-graphite\/","og_site_name":"Beebipood","article_modified_time":"2025-01-09T08:49:04+00:00","og_image":[{"width":900,"height":1200,"url":"https:\/\/beebipood.ee\/wp-content\/uploads\/2018\/11\/MaxiCosi-Soho-jalutuskaru-Essential-Graphite-UUED-TOOTED-Lastevankrid-ja-karud-Jalutuskarud_3-20e.jpg","type":"image\/jpeg"}],"twitter_card":"summary_large_image","twitter_misc":{"\u041f\u0440\u0438\u043c\u0435\u0440\u043d\u043e\u0435 \u0432\u0440\u0435\u043c\u044f \u0434\u043b\u044f \u0447\u0442\u0435\u043d\u0438\u044f":"1 \u043c\u0438\u043d\u0443\u0442\u0430"},"schema":{"@context":"https:\/\/schema.org","@graph":[{"@type":"WebPage","@id":"https:\/\/beebipood.ee\/ru\/produkt\/maxi-cosi-soho-jalutuskaru-essential-graphite\/","url":"https:\/\/beebipood.ee\/ru\/produkt\/maxi-cosi-soho-jalutuskaru-essential-graphite\/","name":"Maxi-Cosi Soho jalutusk\u00e4ru, Essential Graphite, \u0421\u041a\u0418\u0414\u041a\u0418, \u041a\u043e\u043b\u044f\u0441\u043a\u0438, \u041f\u0440\u043e\u0433\u0443\u043b\u043e\u0447\u043d\u044b\u0435 \u043a\u043e\u043b\u044f\u0441\u043a\u0438, Beebipood","isPartOf":{"@id":"https:\/\/beebipood.ee\/ru\/#website"},"primaryImageOfPage":{"@id":"https:\/\/beebipood.ee\/ru\/produkt\/maxi-cosi-soho-jalutuskaru-essential-graphite\/#primaryimage"},"image":{"@id":"https:\/\/beebipood.ee\/ru\/produkt\/maxi-cosi-soho-jalutuskaru-essential-graphite\/#primaryimage"},"thumbnailUrl":"https:\/\/beebipood.ee\/wp-content\/uploads\/2018\/11\/MaxiCosi-Soho-jalutuskaru-Essential-Graphite-UUED-TOOTED-Lastevankrid-ja-karud-Jalutuskarud_3-20e.jpg","datePublished":"2018-11-06T07:21:17+00:00","dateModified":"2025-01-09T08:49:04+00:00","description":"Maxi-Cosi Soho jalutusk\u00e4ru, Essential Graphite, &Uuml;limalt kompaktne ning automaatselt sulguv Soho kergk&auml;ru on ideaalne kaaslane sinu igap&auml","breadcrumb":{"@id":"https:\/\/beebipood.ee\/ru\/produkt\/maxi-cosi-soho-jalutuskaru-essential-graphite\/#breadcrumb"},"inLanguage":"ru-RU","potentialAction":[{"@type":"ReadAction","target":["https:\/\/beebipood.ee\/ru\/produkt\/maxi-cosi-soho-jalutuskaru-essential-graphite\/"]}]},{"@type":"ImageObject","inLanguage":"ru-RU","@id":"https:\/\/beebipood.ee\/ru\/produkt\/maxi-cosi-soho-jalutuskaru-essential-graphite\/#primaryimage","url":"https:\/\/beebipood.ee\/wp-content\/uploads\/2018\/11\/MaxiCosi-Soho-jalutuskaru-Essential-Graphite-UUED-TOOTED-Lastevankrid-ja-karud-Jalutuskarud_3-20e.jpg","contentUrl":"https:\/\/beebipood.ee\/wp-content\/uploads\/2018\/11\/MaxiCosi-Soho-jalutuskaru-Essential-Graphite-UUED-TOOTED-Lastevankrid-ja-karud-Jalutuskarud_3-20e.jpg","width":900,"height":1200},{"@type":"BreadcrumbList","@id":"https:\/\/beebipood.ee\/ru\/produkt\/maxi-cosi-soho-jalutuskaru-essential-graphite\/#breadcrumb","itemListElement":[{"@type":"ListItem","position":1,"name":"Home","item":"https:\/\/beebipood.ee\/ru\/"},{"@type":"ListItem","position":2,"name":"\u041a\u0430\u0442\u0430\u043b\u043e\u0433 \u0442\u043e\u0432\u0430\u0440\u043e\u0432","item":"https:\/\/beebipood.ee\/tooted\/"},{"@type":"ListItem","position":3,"name":"Maxi-Cosi Soho jalutusk\u00e4ru, Essential Graphite"}]},{"@type":"WebSite","@id":"https:\/\/beebipood.ee\/ru\/#website","url":"https:\/\/beebipood.ee\/ru\/","name":"Beebipood","description":"Lastekaubad, beebikaubad, m\u00e4nguasjad","publisher":{"@id":"https:\/\/beebipood.ee\/ru\/#organization"},"potentialAction":[{"@type":"SearchAction","target":{"@type":"EntryPoint","urlTemplate":"https:\/\/beebipood.ee\/ru\/?s={search_term_string}"},"query-input":{"@type":"PropertyValueSpecification","valueRequired":true,"valueName":"search_term_string"}}],"inLanguage":"ru-RU"},{"@type":"Organization","@id":"https:\/\/beebipood.ee\/ru\/#organization","name":"Beebipood","url":"https:\/\/beebipood.ee\/ru\/","logo":{"@type":"ImageObject","inLanguage":"ru-RU","@id":"https:\/\/beebipood.ee\/ru\/#\/schema\/logo\/image\/","url":"https:\/\/beebipood.ee\/wp-content\/uploads\/2025\/03\/beebipood.ee-logo-1.svg","contentUrl":"https:\/\/beebipood.ee\/wp-content\/uploads\/2025\/03\/beebipood.ee-logo-1.svg","caption":"Beebipood"},"image":{"@id":"https:\/\/beebipood.ee\/ru\/#\/schema\/logo\/image\/"}}]}},"brands":[{"id":11961,"name":"Maxi-Cosi","slug":"maxi-cosi-ru"}],"_links":{"self":[{"href":"https:\/\/beebipood.ee\/ru\/wp-json\/wp\/v2\/product\/458347","targetHints":{"allow":["GET"]}}],"collection":[{"href":"https:\/\/beebipood.ee\/ru\/wp-json\/wp\/v2\/product"}],"about":[{"href":"https:\/\/beebipood.ee\/ru\/wp-json\/wp\/v2\/types\/product"}],"wp:featuredmedia":[{"embeddable":true,"href":"https:\/\/beebipood.ee\/ru\/wp-json\/wp\/v2\/media\/126530"}],"wp:attachment":[{"href":"https:\/\/beebipood.ee\/ru\/wp-json\/wp\/v2\/media?parent=458347"}],"wp:term":[{"taxonomy":"pwb-brand","embeddable":true,"href":"https:\/\/beebipood.ee\/ru\/wp-json\/wp\/v2\/pwb-brand?post=458347"},{"taxonomy":"product_brand","embeddable":true,"href":"https:\/\/beebipood.ee\/ru\/wp-json\/wp\/v2\/product_brand?post=458347"},{"taxonomy":"product_cat","embeddable":true,"href":"https:\/\/beebipood.ee\/ru\/wp-json\/wp\/v2\/product_cat?post=458347"},{"taxonomy":"product_tag","embeddable":true,"href":"https:\/\/beebipood.ee\/ru\/wp-json\/wp\/v2\/product_tag?post=458347"}],"curies":[{"name":"wp","href":"https:\/\/api.w.org\/{rel}","templated":true}]}}