{"id":458353,"date":"2026-03-25T11:58:46","date_gmt":"2026-03-25T09:58:46","guid":{"rendered":"https:\/\/beebipood.ee\/toode\/axkid-premium-istmekaitse-autosse\/"},"modified":"2026-03-25T12:20:22","modified_gmt":"2026-03-25T10:20:22","slug":"axkid-premium-istmekaitse-autosse","status":"publish","type":"product","link":"https:\/\/beebipood.ee\/ru\/produkt\/axkid-premium-istmekaitse-autosse\/","title":{"rendered":"Axkid Premium 3-in-1 istmekaitse autosse"},"content":{"rendered":"<h2 data-section-id=\"zmnmet\" data-start=\"0\" data-end=\"81\">Axkid Premium 3-in-1 istmekaitse \u2013 nutikas kaitse ja mugavus igaks autos\u00f5iduks<\/h2>\n<p data-start=\"83\" data-end=\"318\">Axkid Premium 3-in-1 istmekaitse on mitmek\u00fclgne ja vastupidav lahendus, mis aitab hoida auto salongi puhtana ning tagab samal ajal lapse turvalise ja mugava s\u00f5idu. Sobib kasutamiseks nii seljaga kui ka n\u00e4oga s\u00f5idusuunas turvatoolidega.<\/p>\n<hr data-start=\"320\" data-end=\"323\" \/>\n<h3 data-section-id=\"1yczqpg\" data-start=\"325\" data-end=\"367\"><span role=\"text\"><strong data-start=\"329\" data-end=\"367\">Maksimaalne turvalisus igal s\u00f5idul<\/strong><\/span><\/h3>\n<p data-start=\"368\" data-end=\"587\">See istmekaitse on <strong data-start=\"387\" data-end=\"405\">testitud<\/strong>, et tagada turvatooli stabiilsus ka kokkup\u00f5rke korral. Lisaks on v\u00f5imalik turvaliselt kinnitada tahvelarvuti, et laps saaks s\u00f5idu ajal meelt lahutada ilma ohutust kompromiteerimata.<\/p>\n<hr data-start=\"589\" data-end=\"592\" \/>\n<h3 data-section-id=\"1m1381n\" data-start=\"594\" data-end=\"641\"><span role=\"text\"><strong data-start=\"598\" data-end=\"641\">3-in-1 lahendus igap\u00e4evaseks mugavuseks<\/strong><\/span><\/h3>\n<ul data-start=\"642\" data-end=\"788\">\n<li data-section-id=\"1g1efl6\" data-start=\"642\" data-end=\"691\">Kaitseb auto istmeid mustuse ja kulumise eest<\/li>\n<li data-section-id=\"1gvzhjm\" data-start=\"692\" data-end=\"734\">Sisseehitatud tahvlitasku (nt iPadile)<\/li>\n<li data-section-id=\"7kohxy\" data-start=\"735\" data-end=\"788\">Kaks praktilist panipaika v\u00e4iksemate asjade jaoks<\/li>\n<\/ul>\n<hr data-start=\"790\" data-end=\"793\" \/>\n<h3 data-section-id=\"1vrznk8\" data-start=\"795\" data-end=\"835\"><span role=\"text\"><strong data-start=\"799\" data-end=\"835\">Paindlik ja universaalne kasutus<\/strong><\/span><\/h3>\n<ul data-start=\"836\" data-end=\"979\">\n<li data-section-id=\"aycwtm\" data-start=\"836\" data-end=\"870\">Sobib nii esi- kui tagaistmele<\/li>\n<li data-section-id=\"i1n2b8\" data-start=\"871\" data-end=\"926\">\u00dchilduv autodega nii ISOFIX kinnitusega kui ka ilma<\/li>\n<li data-section-id=\"17iyu8h\" data-start=\"927\" data-end=\"979\">Kasutatav erinevate turvatoolide ja paigutustega<\/li>\n<\/ul>\n<hr data-start=\"981\" data-end=\"984\" \/>\n<h3 data-section-id=\"1gnno65\" data-start=\"986\" data-end=\"1026\"><span role=\"text\"><strong data-start=\"990\" data-end=\"1026\">L\u00e4bim\u00f5eldud ja vastupidav disain<\/strong><\/span><\/h3>\n<ul data-start=\"1027\" data-end=\"1193\">\n<li data-section-id=\"17k4luq\" data-start=\"1027\" data-end=\"1089\">Libisemisvastane materjal hoiab turvatooli kindlalt paigal<\/li>\n<li data-section-id=\"d6s07u\" data-start=\"1090\" data-end=\"1146\">Vastupidav konstruktsioon kogu lapse kasvuperioodiks<\/li>\n<li data-section-id=\"b9ch7c\" data-start=\"1147\" data-end=\"1193\">Lihtne paigaldada ja igap\u00e4evaselt kasutada<\/li>\n<\/ul>\n<hr data-start=\"1195\" data-end=\"1198\" \/>\n<h3 data-section-id=\"1s2u894\" data-start=\"1200\" data-end=\"1225\"><span role=\"text\"><strong data-start=\"1204\" data-end=\"1225\">Tehnilised andmed<\/strong><\/span><\/h3>\n<ul data-start=\"1226\" data-end=\"1348\">\n<li data-section-id=\"1rwb9do\" data-start=\"1226\" data-end=\"1242\">Laius: 46 cm<\/li>\n<li data-section-id=\"1i3jvgg\" data-start=\"1243\" data-end=\"1261\">K\u00f5rgus: 100 cm<\/li>\n<li data-section-id=\"c61j6f\" data-start=\"1262\" data-end=\"1279\">S\u00fcgavus: 2 cm<\/li>\n<li data-section-id=\"19d7pil\" data-start=\"1280\" data-end=\"1315\">Lisad: tahvlitasku, 2 panipaika<\/li>\n<li data-section-id=\"3sk8o2\" data-start=\"1316\" data-end=\"1348\">Hooldus: k\u00e4sipesu alla 30 \u00b0C<\/li>\n<\/ul>\n<hr data-start=\"1350\" data-end=\"1353\" \/>\n<p data-start=\"1355\" data-end=\"1538\" data-is-last-node=\"\" data-is-only-node=\"\"><strong data-start=\"1355\" data-end=\"1391\">Axkid Premium 3-in-1 istmekaitse<\/strong> on ideaalne valik peredele, kes soovivad \u00fchendada turvalisuse, praktilisuse ja mugavuse \u2013 et iga autos\u00f5it oleks puhas, korras ja lapsele nauditav.<\/p>\n","protected":false},"excerpt":{"rendered":"<p>Axkid Premium 3-in-1 istmekaitse \u2013 nutikas kaitse ja mugavus igaks autos\u00f5iduks Axkid Premium 3-in-1 istmekaitse on mitmek\u00fclgne ja vastupidav lahendus, mis aitab hoida auto salongi puhtana ning tagab samal ajal lapse turvalise ja mugava s\u00f5idu. Sobib kasutamiseks nii seljaga kui ka n\u00e4oga s\u00f5idusuunas turvatoolidega. Maksimaalne turvalisus igal s\u00f5idul See istmekaitse on testitud, et tagada turvatooli [&hellip;]<\/p>\n","protected":false},"featured_media":512680,"template":"","meta":{"_acf_changed":false},"pwb-brand":[11955],"product_brand":[],"product_cat":[11813,11727,11871,11797,11791],"product_tag":[],"class_list":{"0":"post-458353","1":"product","2":"type-product","3":"status-publish","4":"has-post-thumbnail","6":"pwb-brand-axkid-ru","7":"product_cat-axkid-ru","8":"product_cat-turvatoolid-hallid-ru","9":"product_cat-axkid-lisavarustus-ru","10":"product_cat-lisatarvikud-ru-1","11":"product_cat-turvavarustus-ru","13":"first","14":"instock","15":"taxable","16":"shipping-taxable","17":"purchasable","18":"product-type-simple"},"exclude_global_add_ons":[],"addons":[],"acf":[],"yoast_head":"<!-- This site is optimized with the Yoast SEO plugin v27.1.1 - https:\/\/yoast.com\/product\/yoast-seo-wordpress\/ -->\n<title>Axkid Premium istmekaitse autosse, \u0410\u0432\u0442\u043e\u043a\u0440\u0435\u0441\u043b\u0430, \u043b\u044e\u043b\u044c\u043a\u0438, \u0421\u043d\u0430\u0440\u044f\u0436\u0435\u043d\u0438\u044f \u0431\u0435\u0437\u043e\u043f\u0430\u0441\u043d\u043e\u0441\u0442\u0438, Ha c\u043a\u043b\u0430\u0434\u0435, \u0410\u043a\u0441\u0435\u0441\u0441\u0443\u0430\u0440\u044b, Axkid, Axkid laos, Axkid a\u043a\u0441\u0435\u0441\u0441\u0443\u0430\u0440\u044b, Beebipood<\/title>\n<meta name=\"description\" content=\"Axkid Premium istmekaitse autosse, Axkid istmekaitse eesm\u00e4rk on kaitsta istmepolstrit mustade kingade ja kriimustuste eestT\u00e4nu unikaalsele di\" \/>\n<meta name=\"robots\" content=\"index, follow, max-snippet:-1, max-image-preview:large, max-video-preview:-1\" \/>\n<link rel=\"canonical\" href=\"https:\/\/beebipood.ee\/ru\/produkt\/axkid-premium-istmekaitse-autosse\/\" \/>\n<meta property=\"og:locale\" content=\"ru_RU\" \/>\n<meta property=\"og:type\" content=\"article\" \/>\n<meta property=\"og:title\" content=\"Axkid Premium istmekaitse autosse, \u0410\u0432\u0442\u043e\u043a\u0440\u0435\u0441\u043b\u0430, \u043b\u044e\u043b\u044c\u043a\u0438, \u0421\u043d\u0430\u0440\u044f\u0436\u0435\u043d\u0438\u044f \u0431\u0435\u0437\u043e\u043f\u0430\u0441\u043d\u043e\u0441\u0442\u0438, Ha c\u043a\u043b\u0430\u0434\u0435, \u0410\u043a\u0441\u0435\u0441\u0441\u0443\u0430\u0440\u044b, Axkid, Axkid laos, Axkid a\u043a\u0441\u0435\u0441\u0441\u0443\u0430\u0440\u044b, Beebipood\" \/>\n<meta property=\"og:description\" content=\"Axkid Premium istmekaitse autosse, Axkid istmekaitse eesm\u00e4rk on kaitsta istmepolstrit mustade kingade ja kriimustuste eestT\u00e4nu unikaalsele di\" \/>\n<meta property=\"og:url\" content=\"https:\/\/beebipood.ee\/ru\/produkt\/axkid-premium-istmekaitse-autosse\/\" \/>\n<meta property=\"og:site_name\" content=\"Beebipood\" \/>\n<meta property=\"article:modified_time\" content=\"2026-03-25T10:20:22+00:00\" \/>\n<meta property=\"og:image\" content=\"https:\/\/beebipood.ee\/wp-content\/uploads\/2018\/11\/axkid-istmekaitse-premium1.jpg\" \/>\n\t<meta property=\"og:image:width\" content=\"2000\" \/>\n\t<meta property=\"og:image:height\" content=\"2000\" \/>\n\t<meta property=\"og:image:type\" content=\"image\/jpeg\" \/>\n<meta name=\"twitter:card\" content=\"summary_large_image\" \/>\n<meta name=\"twitter:label1\" content=\"\u041f\u0440\u0438\u043c\u0435\u0440\u043d\u043e\u0435 \u0432\u0440\u0435\u043c\u044f \u0434\u043b\u044f \u0447\u0442\u0435\u043d\u0438\u044f\" \/>\n\t<meta name=\"twitter:data1\" content=\"2 \u043c\u0438\u043d\u0443\u0442\u044b\" \/>\n<script type=\"application\/ld+json\" class=\"yoast-schema-graph\">{\"@context\":\"https:\/\/schema.org\",\"@graph\":[{\"@type\":\"WebPage\",\"@id\":\"https:\/\/beebipood.ee\/ru\/produkt\/axkid-premium-istmekaitse-autosse\/\",\"url\":\"https:\/\/beebipood.ee\/ru\/produkt\/axkid-premium-istmekaitse-autosse\/\",\"name\":\"Axkid Premium istmekaitse autosse, \u0410\u0432\u0442\u043e\u043a\u0440\u0435\u0441\u043b\u0430, \u043b\u044e\u043b\u044c\u043a\u0438, \u0421\u043d\u0430\u0440\u044f\u0436\u0435\u043d\u0438\u044f \u0431\u0435\u0437\u043e\u043f\u0430\u0441\u043d\u043e\u0441\u0442\u0438, Ha c\u043a\u043b\u0430\u0434\u0435, \u0410\u043a\u0441\u0435\u0441\u0441\u0443\u0430\u0440\u044b, Axkid, Axkid laos, Axkid a\u043a\u0441\u0435\u0441\u0441\u0443\u0430\u0440\u044b, Beebipood\",\"isPartOf\":{\"@id\":\"https:\/\/beebipood.ee\/ru\/#website\"},\"primaryImageOfPage\":{\"@id\":\"https:\/\/beebipood.ee\/ru\/produkt\/axkid-premium-istmekaitse-autosse\/#primaryimage\"},\"image\":{\"@id\":\"https:\/\/beebipood.ee\/ru\/produkt\/axkid-premium-istmekaitse-autosse\/#primaryimage\"},\"thumbnailUrl\":\"https:\/\/beebipood.ee\/wp-content\/uploads\/2018\/11\/axkid-istmekaitse-premium1.jpg\",\"datePublished\":\"2026-03-25T09:58:46+00:00\",\"dateModified\":\"2026-03-25T10:20:22+00:00\",\"description\":\"Axkid Premium istmekaitse autosse, Axkid istmekaitse eesm\u00e4rk on kaitsta istmepolstrit mustade kingade ja kriimustuste eestT\u00e4nu unikaalsele di\",\"breadcrumb\":{\"@id\":\"https:\/\/beebipood.ee\/ru\/produkt\/axkid-premium-istmekaitse-autosse\/#breadcrumb\"},\"inLanguage\":\"ru-RU\",\"potentialAction\":[{\"@type\":\"ReadAction\",\"target\":[\"https:\/\/beebipood.ee\/ru\/produkt\/axkid-premium-istmekaitse-autosse\/\"]}]},{\"@type\":\"ImageObject\",\"inLanguage\":\"ru-RU\",\"@id\":\"https:\/\/beebipood.ee\/ru\/produkt\/axkid-premium-istmekaitse-autosse\/#primaryimage\",\"url\":\"https:\/\/beebipood.ee\/wp-content\/uploads\/2018\/11\/axkid-istmekaitse-premium1.jpg\",\"contentUrl\":\"https:\/\/beebipood.ee\/wp-content\/uploads\/2018\/11\/axkid-istmekaitse-premium1.jpg\",\"width\":2000,\"height\":2000},{\"@type\":\"BreadcrumbList\",\"@id\":\"https:\/\/beebipood.ee\/ru\/produkt\/axkid-premium-istmekaitse-autosse\/#breadcrumb\",\"itemListElement\":[{\"@type\":\"ListItem\",\"position\":1,\"name\":\"Home\",\"item\":\"https:\/\/beebipood.ee\/ru\/\"},{\"@type\":\"ListItem\",\"position\":2,\"name\":\"\u041a\u0430\u0442\u0430\u043b\u043e\u0433 \u0442\u043e\u0432\u0430\u0440\u043e\u0432\",\"item\":\"https:\/\/beebipood.ee\/tooted\/\"},{\"@type\":\"ListItem\",\"position\":3,\"name\":\"Axkid Premium 3-in-1 istmekaitse autosse\"}]},{\"@type\":\"WebSite\",\"@id\":\"https:\/\/beebipood.ee\/ru\/#website\",\"url\":\"https:\/\/beebipood.ee\/ru\/\",\"name\":\"Beebipood\",\"description\":\"Lastekaubad, beebikaubad, m\u00e4nguasjad\",\"publisher\":{\"@id\":\"https:\/\/beebipood.ee\/ru\/#organization\"},\"potentialAction\":[{\"@type\":\"SearchAction\",\"target\":{\"@type\":\"EntryPoint\",\"urlTemplate\":\"https:\/\/beebipood.ee\/ru\/?s={search_term_string}\"},\"query-input\":{\"@type\":\"PropertyValueSpecification\",\"valueRequired\":true,\"valueName\":\"search_term_string\"}}],\"inLanguage\":\"ru-RU\"},{\"@type\":\"Organization\",\"@id\":\"https:\/\/beebipood.ee\/ru\/#organization\",\"name\":\"Beebipood\",\"url\":\"https:\/\/beebipood.ee\/ru\/\",\"logo\":{\"@type\":\"ImageObject\",\"inLanguage\":\"ru-RU\",\"@id\":\"https:\/\/beebipood.ee\/ru\/#\/schema\/logo\/image\/\",\"url\":\"https:\/\/beebipood.ee\/wp-content\/uploads\/2025\/03\/beebipood.ee-logo-1.svg\",\"contentUrl\":\"https:\/\/beebipood.ee\/wp-content\/uploads\/2025\/03\/beebipood.ee-logo-1.svg\",\"caption\":\"Beebipood\"},\"image\":{\"@id\":\"https:\/\/beebipood.ee\/ru\/#\/schema\/logo\/image\/\"}}]}<\/script>\n<!-- \/ Yoast SEO plugin. -->","yoast_head_json":{"title":"Axkid Premium istmekaitse autosse, \u0410\u0432\u0442\u043e\u043a\u0440\u0435\u0441\u043b\u0430, \u043b\u044e\u043b\u044c\u043a\u0438, \u0421\u043d\u0430\u0440\u044f\u0436\u0435\u043d\u0438\u044f \u0431\u0435\u0437\u043e\u043f\u0430\u0441\u043d\u043e\u0441\u0442\u0438, Ha c\u043a\u043b\u0430\u0434\u0435, \u0410\u043a\u0441\u0435\u0441\u0441\u0443\u0430\u0440\u044b, Axkid, Axkid laos, Axkid a\u043a\u0441\u0435\u0441\u0441\u0443\u0430\u0440\u044b, Beebipood","description":"Axkid Premium istmekaitse autosse, Axkid istmekaitse eesm\u00e4rk on kaitsta istmepolstrit mustade kingade ja kriimustuste eestT\u00e4nu unikaalsele di","robots":{"index":"index","follow":"follow","max-snippet":"max-snippet:-1","max-image-preview":"max-image-preview:large","max-video-preview":"max-video-preview:-1"},"canonical":"https:\/\/beebipood.ee\/ru\/produkt\/axkid-premium-istmekaitse-autosse\/","og_locale":"ru_RU","og_type":"article","og_title":"Axkid Premium istmekaitse autosse, \u0410\u0432\u0442\u043e\u043a\u0440\u0435\u0441\u043b\u0430, \u043b\u044e\u043b\u044c\u043a\u0438, \u0421\u043d\u0430\u0440\u044f\u0436\u0435\u043d\u0438\u044f \u0431\u0435\u0437\u043e\u043f\u0430\u0441\u043d\u043e\u0441\u0442\u0438, Ha c\u043a\u043b\u0430\u0434\u0435, \u0410\u043a\u0441\u0435\u0441\u0441\u0443\u0430\u0440\u044b, Axkid, Axkid laos, Axkid a\u043a\u0441\u0435\u0441\u0441\u0443\u0430\u0440\u044b, Beebipood","og_description":"Axkid Premium istmekaitse autosse, Axkid istmekaitse eesm\u00e4rk on kaitsta istmepolstrit mustade kingade ja kriimustuste eestT\u00e4nu unikaalsele di","og_url":"https:\/\/beebipood.ee\/ru\/produkt\/axkid-premium-istmekaitse-autosse\/","og_site_name":"Beebipood","article_modified_time":"2026-03-25T10:20:22+00:00","og_image":[{"width":2000,"height":2000,"url":"https:\/\/beebipood.ee\/wp-content\/uploads\/2018\/11\/axkid-istmekaitse-premium1.jpg","type":"image\/jpeg"}],"twitter_card":"summary_large_image","twitter_misc":{"\u041f\u0440\u0438\u043c\u0435\u0440\u043d\u043e\u0435 \u0432\u0440\u0435\u043c\u044f \u0434\u043b\u044f \u0447\u0442\u0435\u043d\u0438\u044f":"2 \u043c\u0438\u043d\u0443\u0442\u044b"},"schema":{"@context":"https:\/\/schema.org","@graph":[{"@type":"WebPage","@id":"https:\/\/beebipood.ee\/ru\/produkt\/axkid-premium-istmekaitse-autosse\/","url":"https:\/\/beebipood.ee\/ru\/produkt\/axkid-premium-istmekaitse-autosse\/","name":"Axkid Premium istmekaitse autosse, \u0410\u0432\u0442\u043e\u043a\u0440\u0435\u0441\u043b\u0430, \u043b\u044e\u043b\u044c\u043a\u0438, \u0421\u043d\u0430\u0440\u044f\u0436\u0435\u043d\u0438\u044f \u0431\u0435\u0437\u043e\u043f\u0430\u0441\u043d\u043e\u0441\u0442\u0438, Ha c\u043a\u043b\u0430\u0434\u0435, \u0410\u043a\u0441\u0435\u0441\u0441\u0443\u0430\u0440\u044b, Axkid, Axkid laos, Axkid a\u043a\u0441\u0435\u0441\u0441\u0443\u0430\u0440\u044b, Beebipood","isPartOf":{"@id":"https:\/\/beebipood.ee\/ru\/#website"},"primaryImageOfPage":{"@id":"https:\/\/beebipood.ee\/ru\/produkt\/axkid-premium-istmekaitse-autosse\/#primaryimage"},"image":{"@id":"https:\/\/beebipood.ee\/ru\/produkt\/axkid-premium-istmekaitse-autosse\/#primaryimage"},"thumbnailUrl":"https:\/\/beebipood.ee\/wp-content\/uploads\/2018\/11\/axkid-istmekaitse-premium1.jpg","datePublished":"2026-03-25T09:58:46+00:00","dateModified":"2026-03-25T10:20:22+00:00","description":"Axkid Premium istmekaitse autosse, Axkid istmekaitse eesm\u00e4rk on kaitsta istmepolstrit mustade kingade ja kriimustuste eestT\u00e4nu unikaalsele di","breadcrumb":{"@id":"https:\/\/beebipood.ee\/ru\/produkt\/axkid-premium-istmekaitse-autosse\/#breadcrumb"},"inLanguage":"ru-RU","potentialAction":[{"@type":"ReadAction","target":["https:\/\/beebipood.ee\/ru\/produkt\/axkid-premium-istmekaitse-autosse\/"]}]},{"@type":"ImageObject","inLanguage":"ru-RU","@id":"https:\/\/beebipood.ee\/ru\/produkt\/axkid-premium-istmekaitse-autosse\/#primaryimage","url":"https:\/\/beebipood.ee\/wp-content\/uploads\/2018\/11\/axkid-istmekaitse-premium1.jpg","contentUrl":"https:\/\/beebipood.ee\/wp-content\/uploads\/2018\/11\/axkid-istmekaitse-premium1.jpg","width":2000,"height":2000},{"@type":"BreadcrumbList","@id":"https:\/\/beebipood.ee\/ru\/produkt\/axkid-premium-istmekaitse-autosse\/#breadcrumb","itemListElement":[{"@type":"ListItem","position":1,"name":"Home","item":"https:\/\/beebipood.ee\/ru\/"},{"@type":"ListItem","position":2,"name":"\u041a\u0430\u0442\u0430\u043b\u043e\u0433 \u0442\u043e\u0432\u0430\u0440\u043e\u0432","item":"https:\/\/beebipood.ee\/tooted\/"},{"@type":"ListItem","position":3,"name":"Axkid Premium 3-in-1 istmekaitse autosse"}]},{"@type":"WebSite","@id":"https:\/\/beebipood.ee\/ru\/#website","url":"https:\/\/beebipood.ee\/ru\/","name":"Beebipood","description":"Lastekaubad, beebikaubad, m\u00e4nguasjad","publisher":{"@id":"https:\/\/beebipood.ee\/ru\/#organization"},"potentialAction":[{"@type":"SearchAction","target":{"@type":"EntryPoint","urlTemplate":"https:\/\/beebipood.ee\/ru\/?s={search_term_string}"},"query-input":{"@type":"PropertyValueSpecification","valueRequired":true,"valueName":"search_term_string"}}],"inLanguage":"ru-RU"},{"@type":"Organization","@id":"https:\/\/beebipood.ee\/ru\/#organization","name":"Beebipood","url":"https:\/\/beebipood.ee\/ru\/","logo":{"@type":"ImageObject","inLanguage":"ru-RU","@id":"https:\/\/beebipood.ee\/ru\/#\/schema\/logo\/image\/","url":"https:\/\/beebipood.ee\/wp-content\/uploads\/2025\/03\/beebipood.ee-logo-1.svg","contentUrl":"https:\/\/beebipood.ee\/wp-content\/uploads\/2025\/03\/beebipood.ee-logo-1.svg","caption":"Beebipood"},"image":{"@id":"https:\/\/beebipood.ee\/ru\/#\/schema\/logo\/image\/"}}]}},"brands":[{"id":11955,"name":"Axkid","slug":"axkid-ru"}],"_links":{"self":[{"href":"https:\/\/beebipood.ee\/ru\/wp-json\/wp\/v2\/product\/458353","targetHints":{"allow":["GET"]}}],"collection":[{"href":"https:\/\/beebipood.ee\/ru\/wp-json\/wp\/v2\/product"}],"about":[{"href":"https:\/\/beebipood.ee\/ru\/wp-json\/wp\/v2\/types\/product"}],"wp:featuredmedia":[{"embeddable":true,"href":"https:\/\/beebipood.ee\/ru\/wp-json\/wp\/v2\/media\/512680"}],"wp:attachment":[{"href":"https:\/\/beebipood.ee\/ru\/wp-json\/wp\/v2\/media?parent=458353"}],"wp:term":[{"taxonomy":"pwb-brand","embeddable":true,"href":"https:\/\/beebipood.ee\/ru\/wp-json\/wp\/v2\/pwb-brand?post=458353"},{"taxonomy":"product_brand","embeddable":true,"href":"https:\/\/beebipood.ee\/ru\/wp-json\/wp\/v2\/product_brand?post=458353"},{"taxonomy":"product_cat","embeddable":true,"href":"https:\/\/beebipood.ee\/ru\/wp-json\/wp\/v2\/product_cat?post=458353"},{"taxonomy":"product_tag","embeddable":true,"href":"https:\/\/beebipood.ee\/ru\/wp-json\/wp\/v2\/product_tag?post=458353"}],"curies":[{"name":"wp","href":"https:\/\/api.w.org\/{rel}","templated":true}]}}