{"id":458357,"date":"2018-11-16T09:46:36","date_gmt":"2018-11-16T07:46:36","guid":{"rendered":"https:\/\/beebipood.ee\/toode\/klippan-wego-2-i-size-turvatool-100-150cm-freestyle\/"},"modified":"2025-01-09T10:49:03","modified_gmt":"2025-01-09T08:49:03","slug":"klippan-wego-2-i-size-turvatool-100-150cm-freestyle","status":"publish","type":"product","link":"https:\/\/beebipood.ee\/ru\/produkt\/klippan-wego-2-i-size-turvatool-100-150cm-freestyle\/","title":{"rendered":"Klippan Wego 2 i-Size turvatool 100-150cm, Freestyle"},"content":{"rendered":"<p>Klippan on 50-aastase kogemusega turvatoolide tootja.<br \/>Ettev\u00f5te asutati Soomes 1959. aastal ning on esindatud enamus Euroopa riikides.<br \/>Klippani br\u00e4nd keskendub peamiselt seljaga s\u00f5idus suunas turvatoolide tootmisel.<br \/>Klippan omab ISO 9001:2015 ja ISO 14001:2015 sertifikaate.<\/p>\n<p>Klippan Wego2 turvatool kasvab koos lapsega.<br \/>Wego2 turvatoolil on reguleeritava k\u00f5rgusega peatugi (11 astet),<br \/>t\u00e4nu millele on \u00f5larihma k\u00f5rgus alati teie lapsele sobiv.<br \/>Katted eemaldatavad ja pestavad.<br \/>Pehmed ja mugavad k\u00e4etoed.<br \/>S\u00fcgavad puusa ja k\u00fcljekaitsmed, eriti oluline k\u00fclgkokkup\u00f5rke puhul.<br \/>Isofix-kinnitused hoiavad istme autos paigal, kui laps selles ei reisi<br \/>Klippa Wego2 on R129-03 turvatool ja heaks kiidetud 100-150 cm r\u00fchmas<br \/>Klass: 100-150 cm<br \/>Kangas on vastupidav ja pestav pol\u00fcesterkangas.<br \/>Paigaldus 3P-v\u00f6\u00f6ga n\u00e4ogas\u00f5idusuunas.<br \/>Isofix kinnitused<br \/>Istme kaal 5,2 kg<br \/>Lapse selja pikkus min 30cm &#8212; max 50cm<br \/>Lapse \u00f5lgade laius min &#8212; max 34cm<br \/>Kate on kergesti eemaldatav ja pestav.<\/p>\n","protected":false},"excerpt":{"rendered":"<p>Klippan on 50-aastase kogemusega turvatoolide tootja.Ettev\u00f5te asutati Soomes 1959. aastal ning on esindatud enamus Euroopa riikides.Klippani br\u00e4nd keskendub peamiselt seljaga s\u00f5idus suunas turvatoolide tootmisel.Klippan omab ISO 9001:2015 ja ISO 14001:2015 sertifikaate. Klippan Wego2 turvatool kasvab koos lapsega.Wego2 turvatoolil on reguleeritava k\u00f5rgusega peatugi (11 astet),t\u00e4nu millele on \u00f5larihma k\u00f5rgus alati teie lapsele sobiv.Katted eemaldatavad ja pestavad.Pehmed [&hellip;]<\/p>\n","protected":false},"featured_media":170441,"template":"","meta":{"_acf_changed":false},"pwb-brand":[11963],"product_brand":[],"product_cat":[11573,11727,11857,11739,11791],"product_tag":[],"class_list":{"0":"post-458357","1":"product","2":"type-product","3":"status-publish","4":"has-post-thumbnail","6":"pwb-brand-klippan-ru","7":"product_cat-sooduspakkumised-ru","8":"product_cat-turvatoolid-hallid-ru","9":"product_cat-klippan-ru","10":"product_cat-turvatoolid-15-36-kg-ru","11":"product_cat-turvavarustus-ru","12":"pa_manufacturer-klippan-ru","14":"first","15":"onbackorder","16":"sale","17":"taxable","18":"shipping-taxable","19":"purchasable","20":"product-type-simple"},"exclude_global_add_ons":[],"addons":[],"acf":[],"yoast_head":"<!-- This site is optimized with the Yoast SEO plugin v27.1.1 - https:\/\/yoast.com\/product\/yoast-seo-wordpress\/ -->\n<title>Klippan Wego 2 i-Size turvatool 100-150cm, Freestyle, \u0421\u041a\u0418\u0414\u041a\u0418, \u0410\u0432\u0442\u043e\u043a\u0440\u0435\u0441\u043b\u0430, \u043b\u044e\u043b\u044c\u043a\u0438, \u0410\u0432\u0442\u043e\u043a\u0440\u0435\u0441\u043b\u0430 15-36 \u043a\u0433, \u0421\u043d\u0430\u0440\u044f\u0436\u0435\u043d\u0438\u044f \u0431\u0435\u0437\u043e\u043f\u0430\u0441\u043d\u043e\u0441\u0442\u0438, Klippan, Beebipood<\/title>\n<meta name=\"description\" content=\"Klippan Wego 2 i-Size turvatool 100-150cm, Freestyle, Klippan on 50-aastase kogemusega turvatoolide tootja.Ettev&otilde;te asutati Soomes 1959. aastal\" \/>\n<meta name=\"robots\" content=\"index, follow, max-snippet:-1, max-image-preview:large, max-video-preview:-1\" \/>\n<link rel=\"canonical\" href=\"https:\/\/beebipood.ee\/ru\/produkt\/klippan-wego-2-i-size-turvatool-100-150cm-freestyle\/\" \/>\n<meta property=\"og:locale\" content=\"ru_RU\" \/>\n<meta property=\"og:type\" content=\"article\" \/>\n<meta property=\"og:title\" content=\"Klippan Wego 2 i-Size turvatool 100-150cm, Freestyle, \u0421\u041a\u0418\u0414\u041a\u0418, \u0410\u0432\u0442\u043e\u043a\u0440\u0435\u0441\u043b\u0430, \u043b\u044e\u043b\u044c\u043a\u0438, \u0410\u0432\u0442\u043e\u043a\u0440\u0435\u0441\u043b\u0430 15-36 \u043a\u0433, \u0421\u043d\u0430\u0440\u044f\u0436\u0435\u043d\u0438\u044f \u0431\u0435\u0437\u043e\u043f\u0430\u0441\u043d\u043e\u0441\u0442\u0438, Klippan, Beebipood\" \/>\n<meta property=\"og:description\" content=\"Klippan Wego 2 i-Size turvatool 100-150cm, Freestyle, Klippan on 50-aastase kogemusega turvatoolide tootja.Ettev&otilde;te asutati Soomes 1959. aastal\" \/>\n<meta property=\"og:url\" content=\"https:\/\/beebipood.ee\/ru\/produkt\/klippan-wego-2-i-size-turvatool-100-150cm-freestyle\/\" \/>\n<meta property=\"og:site_name\" content=\"Beebipood\" \/>\n<meta property=\"article:modified_time\" content=\"2025-01-09T08:49:03+00:00\" \/>\n<meta property=\"og:image\" content=\"https:\/\/beebipood.ee\/wp-content\/uploads\/2018\/11\/Klippan-Wego-2-iSize-turvatool-100150cm-Freestyle-SOODUSPAKKUMISED-Turvatoolid-hallid-Turvatoolid-1536-kg-Turvavarustus-Klippan_1-5a8.jpg\" \/>\n\t<meta property=\"og:image:width\" content=\"980\" \/>\n\t<meta property=\"og:image:height\" content=\"987\" \/>\n\t<meta property=\"og:image:type\" content=\"image\/jpeg\" \/>\n<meta name=\"twitter:card\" content=\"summary_large_image\" \/>\n<meta name=\"twitter:label1\" content=\"\u041f\u0440\u0438\u043c\u0435\u0440\u043d\u043e\u0435 \u0432\u0440\u0435\u043c\u044f \u0434\u043b\u044f \u0447\u0442\u0435\u043d\u0438\u044f\" \/>\n\t<meta name=\"twitter:data1\" content=\"1 \u043c\u0438\u043d\u0443\u0442\u0430\" \/>\n<script type=\"application\/ld+json\" class=\"yoast-schema-graph\">{\"@context\":\"https:\/\/schema.org\",\"@graph\":[{\"@type\":\"WebPage\",\"@id\":\"https:\/\/beebipood.ee\/ru\/produkt\/klippan-wego-2-i-size-turvatool-100-150cm-freestyle\/\",\"url\":\"https:\/\/beebipood.ee\/ru\/produkt\/klippan-wego-2-i-size-turvatool-100-150cm-freestyle\/\",\"name\":\"Klippan Wego 2 i-Size turvatool 100-150cm, Freestyle, \u0421\u041a\u0418\u0414\u041a\u0418, \u0410\u0432\u0442\u043e\u043a\u0440\u0435\u0441\u043b\u0430, \u043b\u044e\u043b\u044c\u043a\u0438, \u0410\u0432\u0442\u043e\u043a\u0440\u0435\u0441\u043b\u0430 15-36 \u043a\u0433, \u0421\u043d\u0430\u0440\u044f\u0436\u0435\u043d\u0438\u044f \u0431\u0435\u0437\u043e\u043f\u0430\u0441\u043d\u043e\u0441\u0442\u0438, Klippan, Beebipood\",\"isPartOf\":{\"@id\":\"https:\/\/beebipood.ee\/ru\/#website\"},\"primaryImageOfPage\":{\"@id\":\"https:\/\/beebipood.ee\/ru\/produkt\/klippan-wego-2-i-size-turvatool-100-150cm-freestyle\/#primaryimage\"},\"image\":{\"@id\":\"https:\/\/beebipood.ee\/ru\/produkt\/klippan-wego-2-i-size-turvatool-100-150cm-freestyle\/#primaryimage\"},\"thumbnailUrl\":\"https:\/\/beebipood.ee\/wp-content\/uploads\/2018\/11\/Klippan-Wego-2-iSize-turvatool-100150cm-Freestyle-SOODUSPAKKUMISED-Turvatoolid-hallid-Turvatoolid-1536-kg-Turvavarustus-Klippan_1-5a8.jpg\",\"datePublished\":\"2018-11-16T07:46:36+00:00\",\"dateModified\":\"2025-01-09T08:49:03+00:00\",\"description\":\"Klippan Wego 2 i-Size turvatool 100-150cm, Freestyle, Klippan on 50-aastase kogemusega turvatoolide tootja.Ettev&otilde;te asutati Soomes 1959. aastal\",\"breadcrumb\":{\"@id\":\"https:\/\/beebipood.ee\/ru\/produkt\/klippan-wego-2-i-size-turvatool-100-150cm-freestyle\/#breadcrumb\"},\"inLanguage\":\"ru-RU\",\"potentialAction\":[{\"@type\":\"ReadAction\",\"target\":[\"https:\/\/beebipood.ee\/ru\/produkt\/klippan-wego-2-i-size-turvatool-100-150cm-freestyle\/\"]}]},{\"@type\":\"ImageObject\",\"inLanguage\":\"ru-RU\",\"@id\":\"https:\/\/beebipood.ee\/ru\/produkt\/klippan-wego-2-i-size-turvatool-100-150cm-freestyle\/#primaryimage\",\"url\":\"https:\/\/beebipood.ee\/wp-content\/uploads\/2018\/11\/Klippan-Wego-2-iSize-turvatool-100150cm-Freestyle-SOODUSPAKKUMISED-Turvatoolid-hallid-Turvatoolid-1536-kg-Turvavarustus-Klippan_1-5a8.jpg\",\"contentUrl\":\"https:\/\/beebipood.ee\/wp-content\/uploads\/2018\/11\/Klippan-Wego-2-iSize-turvatool-100150cm-Freestyle-SOODUSPAKKUMISED-Turvatoolid-hallid-Turvatoolid-1536-kg-Turvavarustus-Klippan_1-5a8.jpg\",\"width\":980,\"height\":987},{\"@type\":\"BreadcrumbList\",\"@id\":\"https:\/\/beebipood.ee\/ru\/produkt\/klippan-wego-2-i-size-turvatool-100-150cm-freestyle\/#breadcrumb\",\"itemListElement\":[{\"@type\":\"ListItem\",\"position\":1,\"name\":\"Home\",\"item\":\"https:\/\/beebipood.ee\/ru\/\"},{\"@type\":\"ListItem\",\"position\":2,\"name\":\"\u041a\u0430\u0442\u0430\u043b\u043e\u0433 \u0442\u043e\u0432\u0430\u0440\u043e\u0432\",\"item\":\"https:\/\/beebipood.ee\/tooted\/\"},{\"@type\":\"ListItem\",\"position\":3,\"name\":\"Klippan Wego 2 i-Size turvatool 100-150cm, Freestyle\"}]},{\"@type\":\"WebSite\",\"@id\":\"https:\/\/beebipood.ee\/ru\/#website\",\"url\":\"https:\/\/beebipood.ee\/ru\/\",\"name\":\"Beebipood\",\"description\":\"Lastekaubad, beebikaubad, m\u00e4nguasjad\",\"publisher\":{\"@id\":\"https:\/\/beebipood.ee\/ru\/#organization\"},\"potentialAction\":[{\"@type\":\"SearchAction\",\"target\":{\"@type\":\"EntryPoint\",\"urlTemplate\":\"https:\/\/beebipood.ee\/ru\/?s={search_term_string}\"},\"query-input\":{\"@type\":\"PropertyValueSpecification\",\"valueRequired\":true,\"valueName\":\"search_term_string\"}}],\"inLanguage\":\"ru-RU\"},{\"@type\":\"Organization\",\"@id\":\"https:\/\/beebipood.ee\/ru\/#organization\",\"name\":\"Beebipood\",\"url\":\"https:\/\/beebipood.ee\/ru\/\",\"logo\":{\"@type\":\"ImageObject\",\"inLanguage\":\"ru-RU\",\"@id\":\"https:\/\/beebipood.ee\/ru\/#\/schema\/logo\/image\/\",\"url\":\"https:\/\/beebipood.ee\/wp-content\/uploads\/2025\/03\/beebipood.ee-logo-1.svg\",\"contentUrl\":\"https:\/\/beebipood.ee\/wp-content\/uploads\/2025\/03\/beebipood.ee-logo-1.svg\",\"caption\":\"Beebipood\"},\"image\":{\"@id\":\"https:\/\/beebipood.ee\/ru\/#\/schema\/logo\/image\/\"}}]}<\/script>\n<!-- \/ Yoast SEO plugin. -->","yoast_head_json":{"title":"Klippan Wego 2 i-Size turvatool 100-150cm, Freestyle, \u0421\u041a\u0418\u0414\u041a\u0418, \u0410\u0432\u0442\u043e\u043a\u0440\u0435\u0441\u043b\u0430, \u043b\u044e\u043b\u044c\u043a\u0438, \u0410\u0432\u0442\u043e\u043a\u0440\u0435\u0441\u043b\u0430 15-36 \u043a\u0433, \u0421\u043d\u0430\u0440\u044f\u0436\u0435\u043d\u0438\u044f \u0431\u0435\u0437\u043e\u043f\u0430\u0441\u043d\u043e\u0441\u0442\u0438, Klippan, Beebipood","description":"Klippan Wego 2 i-Size turvatool 100-150cm, Freestyle, Klippan on 50-aastase kogemusega turvatoolide tootja.Ettev&otilde;te asutati Soomes 1959. aastal","robots":{"index":"index","follow":"follow","max-snippet":"max-snippet:-1","max-image-preview":"max-image-preview:large","max-video-preview":"max-video-preview:-1"},"canonical":"https:\/\/beebipood.ee\/ru\/produkt\/klippan-wego-2-i-size-turvatool-100-150cm-freestyle\/","og_locale":"ru_RU","og_type":"article","og_title":"Klippan Wego 2 i-Size turvatool 100-150cm, Freestyle, \u0421\u041a\u0418\u0414\u041a\u0418, \u0410\u0432\u0442\u043e\u043a\u0440\u0435\u0441\u043b\u0430, \u043b\u044e\u043b\u044c\u043a\u0438, \u0410\u0432\u0442\u043e\u043a\u0440\u0435\u0441\u043b\u0430 15-36 \u043a\u0433, \u0421\u043d\u0430\u0440\u044f\u0436\u0435\u043d\u0438\u044f \u0431\u0435\u0437\u043e\u043f\u0430\u0441\u043d\u043e\u0441\u0442\u0438, Klippan, Beebipood","og_description":"Klippan Wego 2 i-Size turvatool 100-150cm, Freestyle, Klippan on 50-aastase kogemusega turvatoolide tootja.Ettev&otilde;te asutati Soomes 1959. aastal","og_url":"https:\/\/beebipood.ee\/ru\/produkt\/klippan-wego-2-i-size-turvatool-100-150cm-freestyle\/","og_site_name":"Beebipood","article_modified_time":"2025-01-09T08:49:03+00:00","og_image":[{"width":980,"height":987,"url":"https:\/\/beebipood.ee\/wp-content\/uploads\/2018\/11\/Klippan-Wego-2-iSize-turvatool-100150cm-Freestyle-SOODUSPAKKUMISED-Turvatoolid-hallid-Turvatoolid-1536-kg-Turvavarustus-Klippan_1-5a8.jpg","type":"image\/jpeg"}],"twitter_card":"summary_large_image","twitter_misc":{"\u041f\u0440\u0438\u043c\u0435\u0440\u043d\u043e\u0435 \u0432\u0440\u0435\u043c\u044f \u0434\u043b\u044f \u0447\u0442\u0435\u043d\u0438\u044f":"1 \u043c\u0438\u043d\u0443\u0442\u0430"},"schema":{"@context":"https:\/\/schema.org","@graph":[{"@type":"WebPage","@id":"https:\/\/beebipood.ee\/ru\/produkt\/klippan-wego-2-i-size-turvatool-100-150cm-freestyle\/","url":"https:\/\/beebipood.ee\/ru\/produkt\/klippan-wego-2-i-size-turvatool-100-150cm-freestyle\/","name":"Klippan Wego 2 i-Size turvatool 100-150cm, Freestyle, \u0421\u041a\u0418\u0414\u041a\u0418, \u0410\u0432\u0442\u043e\u043a\u0440\u0435\u0441\u043b\u0430, \u043b\u044e\u043b\u044c\u043a\u0438, \u0410\u0432\u0442\u043e\u043a\u0440\u0435\u0441\u043b\u0430 15-36 \u043a\u0433, \u0421\u043d\u0430\u0440\u044f\u0436\u0435\u043d\u0438\u044f \u0431\u0435\u0437\u043e\u043f\u0430\u0441\u043d\u043e\u0441\u0442\u0438, Klippan, Beebipood","isPartOf":{"@id":"https:\/\/beebipood.ee\/ru\/#website"},"primaryImageOfPage":{"@id":"https:\/\/beebipood.ee\/ru\/produkt\/klippan-wego-2-i-size-turvatool-100-150cm-freestyle\/#primaryimage"},"image":{"@id":"https:\/\/beebipood.ee\/ru\/produkt\/klippan-wego-2-i-size-turvatool-100-150cm-freestyle\/#primaryimage"},"thumbnailUrl":"https:\/\/beebipood.ee\/wp-content\/uploads\/2018\/11\/Klippan-Wego-2-iSize-turvatool-100150cm-Freestyle-SOODUSPAKKUMISED-Turvatoolid-hallid-Turvatoolid-1536-kg-Turvavarustus-Klippan_1-5a8.jpg","datePublished":"2018-11-16T07:46:36+00:00","dateModified":"2025-01-09T08:49:03+00:00","description":"Klippan Wego 2 i-Size turvatool 100-150cm, Freestyle, Klippan on 50-aastase kogemusega turvatoolide tootja.Ettev&otilde;te asutati Soomes 1959. aastal","breadcrumb":{"@id":"https:\/\/beebipood.ee\/ru\/produkt\/klippan-wego-2-i-size-turvatool-100-150cm-freestyle\/#breadcrumb"},"inLanguage":"ru-RU","potentialAction":[{"@type":"ReadAction","target":["https:\/\/beebipood.ee\/ru\/produkt\/klippan-wego-2-i-size-turvatool-100-150cm-freestyle\/"]}]},{"@type":"ImageObject","inLanguage":"ru-RU","@id":"https:\/\/beebipood.ee\/ru\/produkt\/klippan-wego-2-i-size-turvatool-100-150cm-freestyle\/#primaryimage","url":"https:\/\/beebipood.ee\/wp-content\/uploads\/2018\/11\/Klippan-Wego-2-iSize-turvatool-100150cm-Freestyle-SOODUSPAKKUMISED-Turvatoolid-hallid-Turvatoolid-1536-kg-Turvavarustus-Klippan_1-5a8.jpg","contentUrl":"https:\/\/beebipood.ee\/wp-content\/uploads\/2018\/11\/Klippan-Wego-2-iSize-turvatool-100150cm-Freestyle-SOODUSPAKKUMISED-Turvatoolid-hallid-Turvatoolid-1536-kg-Turvavarustus-Klippan_1-5a8.jpg","width":980,"height":987},{"@type":"BreadcrumbList","@id":"https:\/\/beebipood.ee\/ru\/produkt\/klippan-wego-2-i-size-turvatool-100-150cm-freestyle\/#breadcrumb","itemListElement":[{"@type":"ListItem","position":1,"name":"Home","item":"https:\/\/beebipood.ee\/ru\/"},{"@type":"ListItem","position":2,"name":"\u041a\u0430\u0442\u0430\u043b\u043e\u0433 \u0442\u043e\u0432\u0430\u0440\u043e\u0432","item":"https:\/\/beebipood.ee\/tooted\/"},{"@type":"ListItem","position":3,"name":"Klippan Wego 2 i-Size turvatool 100-150cm, Freestyle"}]},{"@type":"WebSite","@id":"https:\/\/beebipood.ee\/ru\/#website","url":"https:\/\/beebipood.ee\/ru\/","name":"Beebipood","description":"Lastekaubad, beebikaubad, m\u00e4nguasjad","publisher":{"@id":"https:\/\/beebipood.ee\/ru\/#organization"},"potentialAction":[{"@type":"SearchAction","target":{"@type":"EntryPoint","urlTemplate":"https:\/\/beebipood.ee\/ru\/?s={search_term_string}"},"query-input":{"@type":"PropertyValueSpecification","valueRequired":true,"valueName":"search_term_string"}}],"inLanguage":"ru-RU"},{"@type":"Organization","@id":"https:\/\/beebipood.ee\/ru\/#organization","name":"Beebipood","url":"https:\/\/beebipood.ee\/ru\/","logo":{"@type":"ImageObject","inLanguage":"ru-RU","@id":"https:\/\/beebipood.ee\/ru\/#\/schema\/logo\/image\/","url":"https:\/\/beebipood.ee\/wp-content\/uploads\/2025\/03\/beebipood.ee-logo-1.svg","contentUrl":"https:\/\/beebipood.ee\/wp-content\/uploads\/2025\/03\/beebipood.ee-logo-1.svg","caption":"Beebipood"},"image":{"@id":"https:\/\/beebipood.ee\/ru\/#\/schema\/logo\/image\/"}}]}},"brands":[{"id":11963,"name":"Klippan","slug":"klippan-ru"}],"_links":{"self":[{"href":"https:\/\/beebipood.ee\/ru\/wp-json\/wp\/v2\/product\/458357","targetHints":{"allow":["GET"]}}],"collection":[{"href":"https:\/\/beebipood.ee\/ru\/wp-json\/wp\/v2\/product"}],"about":[{"href":"https:\/\/beebipood.ee\/ru\/wp-json\/wp\/v2\/types\/product"}],"wp:featuredmedia":[{"embeddable":true,"href":"https:\/\/beebipood.ee\/ru\/wp-json\/wp\/v2\/media\/170441"}],"wp:attachment":[{"href":"https:\/\/beebipood.ee\/ru\/wp-json\/wp\/v2\/media?parent=458357"}],"wp:term":[{"taxonomy":"pwb-brand","embeddable":true,"href":"https:\/\/beebipood.ee\/ru\/wp-json\/wp\/v2\/pwb-brand?post=458357"},{"taxonomy":"product_brand","embeddable":true,"href":"https:\/\/beebipood.ee\/ru\/wp-json\/wp\/v2\/product_brand?post=458357"},{"taxonomy":"product_cat","embeddable":true,"href":"https:\/\/beebipood.ee\/ru\/wp-json\/wp\/v2\/product_cat?post=458357"},{"taxonomy":"product_tag","embeddable":true,"href":"https:\/\/beebipood.ee\/ru\/wp-json\/wp\/v2\/product_tag?post=458357"}],"curies":[{"name":"wp","href":"https:\/\/api.w.org\/{rel}","templated":true}]}}