{"id":458361,"date":"2018-11-29T09:41:24","date_gmt":"2018-11-29T07:41:24","guid":{"rendered":"https:\/\/beebipood.ee\/toode\/hauck-jalutuskaru-saturn-r-duoset-melange-black\/"},"modified":"2025-03-04T11:54:38","modified_gmt":"2025-03-04T09:54:38","slug":"hauck-jalutuskaru-saturn-r-duoset-melange-black","status":"publish","type":"product","link":"https:\/\/beebipood.ee\/ru\/produkt\/hauck-jalutuskaru-saturn-r-duoset-melange-black\/","title":{"rendered":"Hauck jalutusk\u00e4ru Saturn R Duoset, Melange Black"},"content":{"rendered":"<p>Sportlik ja kerge, hea man\u00f6\u00f6verdamisv\u00f5imega k\u00e4ru.<br \/>Saturn R on ideaalne kaaslane, mis sobib igal maastikul &#8212;\u00a0<br \/>olgu see siis linnas jalutamine v\u00f5i maastikul r\u00e4ndamine.<br \/>Saturn R Duoset komplekti kuulub jalutusk\u00e4ru ja vankrikorv.<\/p>\n<p>Kerge alumiiniumraamiga<br \/>Kangas on vastupidav ja vetth\u00fclgav<br \/>K\u00e4epide on reguleeritava k\u00f5rgusega 3 x 98 -105 cm<br \/>Pikendatav kaarvari\u00a0<br \/>Polsterdatud 5-punkti turvarihmad<br \/>Mugav polsterdatud iste\u00a0<br \/>Allalastav seljatugi\u00a0<br \/>Seljatuge on v\u00f5imalik lasta alla moodustades peaaegu horisontaalse tasapinna\u00a0<br \/>Reguleeritav jalgade tugi ei j\u00e4ta magava lapse jalgu rippuma<br \/>Turvakaar eemadatav<br \/>Suur ostukorv<br \/>Katted eemaldatavad<br \/>K\u00f5rgkvaliteetsed kummirattad<br \/>P\u00f6\u00f6rlevad (360\u02da) ja lukustatavad esirattad<br \/>K\u00f5igil 4 rattal on vedrustus, mis tagab sujuva liikumise<br \/>K\u00f5ik kiireemaldatavad rattad.\u00a0<br \/>Jalutusk\u00e4ru rattad on eemaldatavad hoolduseks v\u00f5i eraldi ladustamiseks.<br \/>Jalaga seisupidur<br \/>Kasutatav s\u00fcnnist 0 kuni 25kg<br \/>Easy-Fix s\u00fcsteem vankrikorvi ja turvah\u00e4lli paigaldamiseks<br \/>Kompletis on jalakate\/footmuff<br \/>M\u00f5\u00f5dud lahtiselt 87 x 59 x 105 cm\u00a0<br \/>M\u00f5\u00f5dud kokkupandult 85 x 59 x 39 cm\u00a0<br \/>Istme laius 30 cm<br \/>Istme s\u00fcgavus 22 cm\u00a0<br \/>Seljatoe k\u00f5rgus 49 cm<br \/>Lamamisosa pikkus 90 cm<br \/>Lamamiskalle 114 &#8212; 165 \u00b0<br \/>Esiratta l\u00e4bim\u00f5\u00f5t 17,5 cm\u00a0<br \/>Tagumiste rataste l\u00e4bim\u00f5\u00f5t 26 cm<br \/>Jalutusk\u00e4ru kaal 11,10kg<br \/>Kandev\u00f5ime: 25kg<br \/><span><span style=\"text-decoration: underline;\">Vankrikorv\u00a0<\/span><br \/><\/span>Saturn R vankrikorv sobib alates s\u00fcnnist<br \/>Saturn R vankrikorvil on pehme polsterdus ja mugav madrats pakuvad maksimaalset mugavust.<br \/>Vankrikorv kaitseb teie pisikest p\u00e4ikese, tuule ja vihma eest.<br \/>Lihtne puhastada.<br \/>M\u00f5\u00f5dud:\u00a0<br \/>Lamamisosa pikkus: 77cm<\/p>\n<p>Sobitub HAUCK iPro SERIES iPro Baby turvah\u00e4lliga ja\u00a0i-Size iPro isofix p\u00f5hjaga<\/p>\n","protected":false},"excerpt":{"rendered":"<p>Sportlik ja kerge, hea man\u00f6\u00f6verdamisv\u00f5imega k\u00e4ru.Saturn R on ideaalne kaaslane, mis sobib igal maastikul &#8212;\u00a0olgu see siis linnas jalutamine v\u00f5i maastikul r\u00e4ndamine.Saturn R Duoset komplekti kuulub jalutusk\u00e4ru ja vankrikorv. Kerge alumiiniumraamigaKangas on vastupidav ja vetth\u00fclgavK\u00e4epide on reguleeritava k\u00f5rgusega 3 x 98 -105 cmPikendatav kaarvari\u00a0Polsterdatud 5-punkti turvarihmadMugav polsterdatud iste\u00a0Allalastav seljatugi\u00a0Seljatuge on v\u00f5imalik lasta alla moodustades peaaegu [&hellip;]<\/p>\n","protected":false},"featured_media":126892,"template":"","meta":{"_acf_changed":false},"pwb-brand":[11952],"product_brand":[],"product_cat":[11721,11717],"product_tag":[],"class_list":{"0":"post-458361","1":"product","2":"type-product","3":"status-publish","4":"has-post-thumbnail","6":"pwb-brand-hauck-ru","7":"product_cat-jalutuskarud-ru","8":"product_cat-lastevankrid-ja-karud-ru","9":"pa_manufacturer-hauck-ru","11":"first","12":"onbackorder","13":"taxable","14":"shipping-taxable","15":"purchasable","16":"product-type-simple"},"exclude_global_add_ons":[],"addons":[],"acf":[],"yoast_head":"<!-- This site is optimized with the Yoast SEO plugin v27.1.1 - https:\/\/yoast.com\/product\/yoast-seo-wordpress\/ -->\n<title>Hauck jalutusk\u00e4ru Saturn R Duoset, Melange Black, \u041a\u043e\u043b\u044f\u0441\u043a\u0438, \u041f\u0440\u043e\u0433\u0443\u043b\u043e\u0447\u043d\u044b\u0435 \u043a\u043e\u043b\u044f\u0441\u043a\u0438, Beebipood<\/title>\n<meta name=\"description\" content=\"Hauck jalutusk\u00e4ru Saturn R Duoset, Melange Black, Sportlik ja kerge, hea man&ouml;&ouml;verdamisv&otilde;imega k&auml;ru.Saturn R on ideaalne kaaslane\" \/>\n<meta name=\"robots\" content=\"index, follow, max-snippet:-1, max-image-preview:large, max-video-preview:-1\" \/>\n<link rel=\"canonical\" href=\"https:\/\/beebipood.ee\/ru\/produkt\/hauck-jalutuskaru-saturn-r-duoset-melange-black\/\" \/>\n<meta property=\"og:locale\" content=\"ru_RU\" \/>\n<meta property=\"og:type\" content=\"article\" \/>\n<meta property=\"og:title\" content=\"Hauck jalutusk\u00e4ru Saturn R Duoset, Melange Black, \u041a\u043e\u043b\u044f\u0441\u043a\u0438, \u041f\u0440\u043e\u0433\u0443\u043b\u043e\u0447\u043d\u044b\u0435 \u043a\u043e\u043b\u044f\u0441\u043a\u0438, Beebipood\" \/>\n<meta property=\"og:description\" content=\"Hauck jalutusk\u00e4ru Saturn R Duoset, Melange Black, Sportlik ja kerge, hea man&ouml;&ouml;verdamisv&otilde;imega k&auml;ru.Saturn R on ideaalne kaaslane\" \/>\n<meta property=\"og:url\" content=\"https:\/\/beebipood.ee\/ru\/produkt\/hauck-jalutuskaru-saturn-r-duoset-melange-black\/\" \/>\n<meta property=\"og:site_name\" content=\"Beebipood\" \/>\n<meta property=\"article:modified_time\" content=\"2025-03-04T09:54:38+00:00\" \/>\n<meta property=\"og:image\" content=\"https:\/\/beebipood.ee\/wp-content\/uploads\/2018\/11\/Hauck-jalutuskaru-Saturn-R-Duoset-Melange-Black-Lastevankrid-ja-karud-Jalutuskarud_2-c44.jpg\" \/>\n\t<meta property=\"og:image:width\" content=\"1500\" \/>\n\t<meta property=\"og:image:height\" content=\"1500\" \/>\n\t<meta property=\"og:image:type\" content=\"image\/jpeg\" \/>\n<meta name=\"twitter:card\" content=\"summary_large_image\" \/>\n<meta name=\"twitter:label1\" content=\"\u041f\u0440\u0438\u043c\u0435\u0440\u043d\u043e\u0435 \u0432\u0440\u0435\u043c\u044f \u0434\u043b\u044f \u0447\u0442\u0435\u043d\u0438\u044f\" \/>\n\t<meta name=\"twitter:data1\" content=\"1 \u043c\u0438\u043d\u0443\u0442\u0430\" \/>\n<script type=\"application\/ld+json\" class=\"yoast-schema-graph\">{\"@context\":\"https:\/\/schema.org\",\"@graph\":[{\"@type\":\"WebPage\",\"@id\":\"https:\/\/beebipood.ee\/ru\/produkt\/hauck-jalutuskaru-saturn-r-duoset-melange-black\/\",\"url\":\"https:\/\/beebipood.ee\/ru\/produkt\/hauck-jalutuskaru-saturn-r-duoset-melange-black\/\",\"name\":\"Hauck jalutusk\u00e4ru Saturn R Duoset, Melange Black, \u041a\u043e\u043b\u044f\u0441\u043a\u0438, \u041f\u0440\u043e\u0433\u0443\u043b\u043e\u0447\u043d\u044b\u0435 \u043a\u043e\u043b\u044f\u0441\u043a\u0438, Beebipood\",\"isPartOf\":{\"@id\":\"https:\/\/beebipood.ee\/ru\/#website\"},\"primaryImageOfPage\":{\"@id\":\"https:\/\/beebipood.ee\/ru\/produkt\/hauck-jalutuskaru-saturn-r-duoset-melange-black\/#primaryimage\"},\"image\":{\"@id\":\"https:\/\/beebipood.ee\/ru\/produkt\/hauck-jalutuskaru-saturn-r-duoset-melange-black\/#primaryimage\"},\"thumbnailUrl\":\"https:\/\/beebipood.ee\/wp-content\/uploads\/2018\/11\/Hauck-jalutuskaru-Saturn-R-Duoset-Melange-Black-Lastevankrid-ja-karud-Jalutuskarud_2-c44.jpg\",\"datePublished\":\"2018-11-29T07:41:24+00:00\",\"dateModified\":\"2025-03-04T09:54:38+00:00\",\"description\":\"Hauck jalutusk\u00e4ru Saturn R Duoset, Melange Black, Sportlik ja kerge, hea man&ouml;&ouml;verdamisv&otilde;imega k&auml;ru.Saturn R on ideaalne kaaslane\",\"breadcrumb\":{\"@id\":\"https:\/\/beebipood.ee\/ru\/produkt\/hauck-jalutuskaru-saturn-r-duoset-melange-black\/#breadcrumb\"},\"inLanguage\":\"ru-RU\",\"potentialAction\":[{\"@type\":\"ReadAction\",\"target\":[\"https:\/\/beebipood.ee\/ru\/produkt\/hauck-jalutuskaru-saturn-r-duoset-melange-black\/\"]}]},{\"@type\":\"ImageObject\",\"inLanguage\":\"ru-RU\",\"@id\":\"https:\/\/beebipood.ee\/ru\/produkt\/hauck-jalutuskaru-saturn-r-duoset-melange-black\/#primaryimage\",\"url\":\"https:\/\/beebipood.ee\/wp-content\/uploads\/2018\/11\/Hauck-jalutuskaru-Saturn-R-Duoset-Melange-Black-Lastevankrid-ja-karud-Jalutuskarud_2-c44.jpg\",\"contentUrl\":\"https:\/\/beebipood.ee\/wp-content\/uploads\/2018\/11\/Hauck-jalutuskaru-Saturn-R-Duoset-Melange-Black-Lastevankrid-ja-karud-Jalutuskarud_2-c44.jpg\",\"width\":1500,\"height\":1500},{\"@type\":\"BreadcrumbList\",\"@id\":\"https:\/\/beebipood.ee\/ru\/produkt\/hauck-jalutuskaru-saturn-r-duoset-melange-black\/#breadcrumb\",\"itemListElement\":[{\"@type\":\"ListItem\",\"position\":1,\"name\":\"Home\",\"item\":\"https:\/\/beebipood.ee\/ru\/\"},{\"@type\":\"ListItem\",\"position\":2,\"name\":\"\u041a\u0430\u0442\u0430\u043b\u043e\u0433 \u0442\u043e\u0432\u0430\u0440\u043e\u0432\",\"item\":\"https:\/\/beebipood.ee\/tooted\/\"},{\"@type\":\"ListItem\",\"position\":3,\"name\":\"Hauck jalutusk\u00e4ru Saturn R Duoset, Melange Black\"}]},{\"@type\":\"WebSite\",\"@id\":\"https:\/\/beebipood.ee\/ru\/#website\",\"url\":\"https:\/\/beebipood.ee\/ru\/\",\"name\":\"Beebipood\",\"description\":\"Lastekaubad, beebikaubad, m\u00e4nguasjad\",\"publisher\":{\"@id\":\"https:\/\/beebipood.ee\/ru\/#organization\"},\"potentialAction\":[{\"@type\":\"SearchAction\",\"target\":{\"@type\":\"EntryPoint\",\"urlTemplate\":\"https:\/\/beebipood.ee\/ru\/?s={search_term_string}\"},\"query-input\":{\"@type\":\"PropertyValueSpecification\",\"valueRequired\":true,\"valueName\":\"search_term_string\"}}],\"inLanguage\":\"ru-RU\"},{\"@type\":\"Organization\",\"@id\":\"https:\/\/beebipood.ee\/ru\/#organization\",\"name\":\"Beebipood\",\"url\":\"https:\/\/beebipood.ee\/ru\/\",\"logo\":{\"@type\":\"ImageObject\",\"inLanguage\":\"ru-RU\",\"@id\":\"https:\/\/beebipood.ee\/ru\/#\/schema\/logo\/image\/\",\"url\":\"https:\/\/beebipood.ee\/wp-content\/uploads\/2025\/03\/beebipood.ee-logo-1.svg\",\"contentUrl\":\"https:\/\/beebipood.ee\/wp-content\/uploads\/2025\/03\/beebipood.ee-logo-1.svg\",\"caption\":\"Beebipood\"},\"image\":{\"@id\":\"https:\/\/beebipood.ee\/ru\/#\/schema\/logo\/image\/\"}}]}<\/script>\n<!-- \/ Yoast SEO plugin. -->","yoast_head_json":{"title":"Hauck jalutusk\u00e4ru Saturn R Duoset, Melange Black, \u041a\u043e\u043b\u044f\u0441\u043a\u0438, \u041f\u0440\u043e\u0433\u0443\u043b\u043e\u0447\u043d\u044b\u0435 \u043a\u043e\u043b\u044f\u0441\u043a\u0438, Beebipood","description":"Hauck jalutusk\u00e4ru Saturn R Duoset, Melange Black, Sportlik ja kerge, hea man&ouml;&ouml;verdamisv&otilde;imega k&auml;ru.Saturn R on ideaalne kaaslane","robots":{"index":"index","follow":"follow","max-snippet":"max-snippet:-1","max-image-preview":"max-image-preview:large","max-video-preview":"max-video-preview:-1"},"canonical":"https:\/\/beebipood.ee\/ru\/produkt\/hauck-jalutuskaru-saturn-r-duoset-melange-black\/","og_locale":"ru_RU","og_type":"article","og_title":"Hauck jalutusk\u00e4ru Saturn R Duoset, Melange Black, \u041a\u043e\u043b\u044f\u0441\u043a\u0438, \u041f\u0440\u043e\u0433\u0443\u043b\u043e\u0447\u043d\u044b\u0435 \u043a\u043e\u043b\u044f\u0441\u043a\u0438, Beebipood","og_description":"Hauck jalutusk\u00e4ru Saturn R Duoset, Melange Black, Sportlik ja kerge, hea man&ouml;&ouml;verdamisv&otilde;imega k&auml;ru.Saturn R on ideaalne kaaslane","og_url":"https:\/\/beebipood.ee\/ru\/produkt\/hauck-jalutuskaru-saturn-r-duoset-melange-black\/","og_site_name":"Beebipood","article_modified_time":"2025-03-04T09:54:38+00:00","og_image":[{"width":1500,"height":1500,"url":"https:\/\/beebipood.ee\/wp-content\/uploads\/2018\/11\/Hauck-jalutuskaru-Saturn-R-Duoset-Melange-Black-Lastevankrid-ja-karud-Jalutuskarud_2-c44.jpg","type":"image\/jpeg"}],"twitter_card":"summary_large_image","twitter_misc":{"\u041f\u0440\u0438\u043c\u0435\u0440\u043d\u043e\u0435 \u0432\u0440\u0435\u043c\u044f \u0434\u043b\u044f \u0447\u0442\u0435\u043d\u0438\u044f":"1 \u043c\u0438\u043d\u0443\u0442\u0430"},"schema":{"@context":"https:\/\/schema.org","@graph":[{"@type":"WebPage","@id":"https:\/\/beebipood.ee\/ru\/produkt\/hauck-jalutuskaru-saturn-r-duoset-melange-black\/","url":"https:\/\/beebipood.ee\/ru\/produkt\/hauck-jalutuskaru-saturn-r-duoset-melange-black\/","name":"Hauck jalutusk\u00e4ru Saturn R Duoset, Melange Black, \u041a\u043e\u043b\u044f\u0441\u043a\u0438, \u041f\u0440\u043e\u0433\u0443\u043b\u043e\u0447\u043d\u044b\u0435 \u043a\u043e\u043b\u044f\u0441\u043a\u0438, Beebipood","isPartOf":{"@id":"https:\/\/beebipood.ee\/ru\/#website"},"primaryImageOfPage":{"@id":"https:\/\/beebipood.ee\/ru\/produkt\/hauck-jalutuskaru-saturn-r-duoset-melange-black\/#primaryimage"},"image":{"@id":"https:\/\/beebipood.ee\/ru\/produkt\/hauck-jalutuskaru-saturn-r-duoset-melange-black\/#primaryimage"},"thumbnailUrl":"https:\/\/beebipood.ee\/wp-content\/uploads\/2018\/11\/Hauck-jalutuskaru-Saturn-R-Duoset-Melange-Black-Lastevankrid-ja-karud-Jalutuskarud_2-c44.jpg","datePublished":"2018-11-29T07:41:24+00:00","dateModified":"2025-03-04T09:54:38+00:00","description":"Hauck jalutusk\u00e4ru Saturn R Duoset, Melange Black, Sportlik ja kerge, hea man&ouml;&ouml;verdamisv&otilde;imega k&auml;ru.Saturn R on ideaalne kaaslane","breadcrumb":{"@id":"https:\/\/beebipood.ee\/ru\/produkt\/hauck-jalutuskaru-saturn-r-duoset-melange-black\/#breadcrumb"},"inLanguage":"ru-RU","potentialAction":[{"@type":"ReadAction","target":["https:\/\/beebipood.ee\/ru\/produkt\/hauck-jalutuskaru-saturn-r-duoset-melange-black\/"]}]},{"@type":"ImageObject","inLanguage":"ru-RU","@id":"https:\/\/beebipood.ee\/ru\/produkt\/hauck-jalutuskaru-saturn-r-duoset-melange-black\/#primaryimage","url":"https:\/\/beebipood.ee\/wp-content\/uploads\/2018\/11\/Hauck-jalutuskaru-Saturn-R-Duoset-Melange-Black-Lastevankrid-ja-karud-Jalutuskarud_2-c44.jpg","contentUrl":"https:\/\/beebipood.ee\/wp-content\/uploads\/2018\/11\/Hauck-jalutuskaru-Saturn-R-Duoset-Melange-Black-Lastevankrid-ja-karud-Jalutuskarud_2-c44.jpg","width":1500,"height":1500},{"@type":"BreadcrumbList","@id":"https:\/\/beebipood.ee\/ru\/produkt\/hauck-jalutuskaru-saturn-r-duoset-melange-black\/#breadcrumb","itemListElement":[{"@type":"ListItem","position":1,"name":"Home","item":"https:\/\/beebipood.ee\/ru\/"},{"@type":"ListItem","position":2,"name":"\u041a\u0430\u0442\u0430\u043b\u043e\u0433 \u0442\u043e\u0432\u0430\u0440\u043e\u0432","item":"https:\/\/beebipood.ee\/tooted\/"},{"@type":"ListItem","position":3,"name":"Hauck jalutusk\u00e4ru Saturn R Duoset, Melange Black"}]},{"@type":"WebSite","@id":"https:\/\/beebipood.ee\/ru\/#website","url":"https:\/\/beebipood.ee\/ru\/","name":"Beebipood","description":"Lastekaubad, beebikaubad, m\u00e4nguasjad","publisher":{"@id":"https:\/\/beebipood.ee\/ru\/#organization"},"potentialAction":[{"@type":"SearchAction","target":{"@type":"EntryPoint","urlTemplate":"https:\/\/beebipood.ee\/ru\/?s={search_term_string}"},"query-input":{"@type":"PropertyValueSpecification","valueRequired":true,"valueName":"search_term_string"}}],"inLanguage":"ru-RU"},{"@type":"Organization","@id":"https:\/\/beebipood.ee\/ru\/#organization","name":"Beebipood","url":"https:\/\/beebipood.ee\/ru\/","logo":{"@type":"ImageObject","inLanguage":"ru-RU","@id":"https:\/\/beebipood.ee\/ru\/#\/schema\/logo\/image\/","url":"https:\/\/beebipood.ee\/wp-content\/uploads\/2025\/03\/beebipood.ee-logo-1.svg","contentUrl":"https:\/\/beebipood.ee\/wp-content\/uploads\/2025\/03\/beebipood.ee-logo-1.svg","caption":"Beebipood"},"image":{"@id":"https:\/\/beebipood.ee\/ru\/#\/schema\/logo\/image\/"}}]}},"brands":[{"id":11952,"name":"Hauck","slug":"hauck-ru"}],"_links":{"self":[{"href":"https:\/\/beebipood.ee\/ru\/wp-json\/wp\/v2\/product\/458361","targetHints":{"allow":["GET"]}}],"collection":[{"href":"https:\/\/beebipood.ee\/ru\/wp-json\/wp\/v2\/product"}],"about":[{"href":"https:\/\/beebipood.ee\/ru\/wp-json\/wp\/v2\/types\/product"}],"wp:featuredmedia":[{"embeddable":true,"href":"https:\/\/beebipood.ee\/ru\/wp-json\/wp\/v2\/media\/126892"}],"wp:attachment":[{"href":"https:\/\/beebipood.ee\/ru\/wp-json\/wp\/v2\/media?parent=458361"}],"wp:term":[{"taxonomy":"pwb-brand","embeddable":true,"href":"https:\/\/beebipood.ee\/ru\/wp-json\/wp\/v2\/pwb-brand?post=458361"},{"taxonomy":"product_brand","embeddable":true,"href":"https:\/\/beebipood.ee\/ru\/wp-json\/wp\/v2\/product_brand?post=458361"},{"taxonomy":"product_cat","embeddable":true,"href":"https:\/\/beebipood.ee\/ru\/wp-json\/wp\/v2\/product_cat?post=458361"},{"taxonomy":"product_tag","embeddable":true,"href":"https:\/\/beebipood.ee\/ru\/wp-json\/wp\/v2\/product_tag?post=458361"}],"curies":[{"name":"wp","href":"https:\/\/api.w.org\/{rel}","templated":true}]}}