{"id":458363,"date":"2018-11-30T08:10:22","date_gmt":"2018-11-30T06:10:22","guid":{"rendered":"https:\/\/beebipood.ee\/toode\/pesukastiga-voodid-hilton-120x200-roheline\/"},"modified":"2025-01-09T10:49:03","modified_gmt":"2025-01-09T08:49:03","slug":"pesukastiga-voodid-hilton-120x200-roheline","status":"publish","type":"product","link":"https:\/\/beebipood.ee\/ru\/produkt\/pesukastiga-voodid-hilton-120x200-roheline\/","title":{"rendered":"Pesukastiga voodid Hilton 120&#215;200, Roheline"},"content":{"rendered":"<p>Konstruktsioon on valmistatud kvaliteetsest m\u00f6\u00f6bliplaadist, <br \/>mida iseloomustab vastupidavus ning mida on lihtne puhastada. <br \/>Voodipeats ja voodiraam on polsterdatud. <br \/>Polstrimaterjali erip\u00e4raks on \u00f5rn struktuur ja peene kohev pind<br \/>ning see on astupidav h\u00f5\u00f5rdumisele, koorumusele ja valgusele.<br \/>Kangal on vedelikku h\u00fclgavad omadused, <br \/>mis avaldab positiivset m\u00f5ju selle puhtana hoidmisele.<br \/>Voodip\u00f5hi on metallraamil kus vahel on puidust lipid.<br \/>\u00dclesse t\u00f5stetav voodiraam on koos metallvedru ja amortidega, <br \/>mis teeb p\u00f5hja ning madratsi \u00fclest\u00f5stmise \u00e4\u00e4retult lihtsaks<br \/>Suur ja mahukas pesukast, mis on jagatud vaheseinaga<br \/>Pesukast eesotsast on tugeva p\u00f5hjaga<br \/>ning pesukasti tagumises osas kastil p\u00f5hi puudub, et oleks rohkem ruumi<br \/>Lihtne ja kergesti kokkupandav konstruktsioon<br \/>Kandev\u00f5ime 400 kg.<br \/>Lisaks on v\u00f5imalik tellida poroloonmadrats m\u00f5\u00f5dus 9x120x200<\/p>\n","protected":false},"excerpt":{"rendered":"<p>Konstruktsioon on valmistatud kvaliteetsest m\u00f6\u00f6bliplaadist, mida iseloomustab vastupidavus ning mida on lihtne puhastada. Voodipeats ja voodiraam on polsterdatud. Polstrimaterjali erip\u00e4raks on \u00f5rn struktuur ja peene kohev pindning see on astupidav h\u00f5\u00f5rdumisele, koorumusele ja valgusele.Kangal on vedelikku h\u00fclgavad omadused, mis avaldab positiivset m\u00f5ju selle puhtana hoidmisele.Voodip\u00f5hi on metallraamil kus vahel on puidust lipid.\u00dclesse t\u00f5stetav voodiraam on [&hellip;]<\/p>\n","protected":false},"featured_media":126911,"template":"","meta":{"_acf_changed":false},"pwb-brand":[],"product_brand":[],"product_cat":[11749,11559,11789],"product_tag":[],"class_list":{"0":"post-458363","1":"product","2":"type-product","3":"status-publish","4":"has-post-thumbnail","6":"product_cat-120cm-laiused-ru","7":"product_cat-laste-ja-noortevoodid-ru","8":"product_cat-lastemoobel-ja-sisustus-ru","10":"first","11":"onbackorder","12":"sale","13":"taxable","14":"shipping-taxable","15":"purchasable","16":"product-type-simple"},"exclude_global_add_ons":false,"addons":[{"name":"VALI MADRATS","type":"multiple_choice","position":0,"required":true,"title_format":"heading","default":"","description_enable":false,"description":"","placeholder_enable":false,"placeholder":"","display":"select","restrictions_type":"any_text","adjust_price":false,"price":"","price_type":"flat_fee","restrictions":false,"min":"0","max":"0","options":[{"label":"Ei soovi madratsit","price":"","price_type":"quantity_based","image":0,"visibility":true},{"label":"Soovin madratsit","price":"30.0000","price_type":"quantity_based","image":0,"visibility":true}]}],"acf":[],"yoast_head":"<!-- This site is optimized with the Yoast SEO plugin v27.1.1 - https:\/\/yoast.com\/product\/yoast-seo-wordpress\/ -->\n<title>Pesukastiga voodid Hilton 120x200, Roheline, \u041a\u0440\u043e\u0432\u0430\u0442\u0438 \u0434\u043b\u044f \u0434\u0435\u0442\u0435\u0439 \u0438 \u043f\u043e\u0434\u0440\u043e\u0441\u0442\u043a\u043e\u0432, \u041d\u041e\u0412\u042b\u0415 \u0422\u041e\u0412\u0410\u0420\u042b, \u0428\u0438\u0440\u0438\u043d\u0430 120c\u043c, M\u0435\u0431\u0435\u043b\u044c, Beebipood<\/title>\n<meta name=\"description\" content=\"Pesukastiga voodid Hilton 120x200, Roheline, Konstruktsioon on valmistatud kvaliteetsest m&ouml;&ouml;bliplaadist, mida iseloomustab vastupidavus ning\" \/>\n<meta name=\"robots\" content=\"index, follow, max-snippet:-1, max-image-preview:large, max-video-preview:-1\" \/>\n<link rel=\"canonical\" href=\"https:\/\/beebipood.ee\/ru\/produkt\/pesukastiga-voodid-hilton-120x200-roheline\/\" \/>\n<meta property=\"og:locale\" content=\"ru_RU\" \/>\n<meta property=\"og:type\" content=\"article\" \/>\n<meta property=\"og:title\" content=\"Pesukastiga voodid Hilton 120x200, Roheline, \u041a\u0440\u043e\u0432\u0430\u0442\u0438 \u0434\u043b\u044f \u0434\u0435\u0442\u0435\u0439 \u0438 \u043f\u043e\u0434\u0440\u043e\u0441\u0442\u043a\u043e\u0432, \u041d\u041e\u0412\u042b\u0415 \u0422\u041e\u0412\u0410\u0420\u042b, \u0428\u0438\u0440\u0438\u043d\u0430 120c\u043c, M\u0435\u0431\u0435\u043b\u044c, Beebipood\" \/>\n<meta property=\"og:description\" content=\"Pesukastiga voodid Hilton 120x200, Roheline, Konstruktsioon on valmistatud kvaliteetsest m&ouml;&ouml;bliplaadist, mida iseloomustab vastupidavus ning\" \/>\n<meta property=\"og:url\" content=\"https:\/\/beebipood.ee\/ru\/produkt\/pesukastiga-voodid-hilton-120x200-roheline\/\" \/>\n<meta property=\"og:site_name\" content=\"Beebipood\" \/>\n<meta property=\"article:modified_time\" content=\"2025-01-09T08:49:03+00:00\" \/>\n<meta property=\"og:image\" content=\"https:\/\/beebipood.ee\/wp-content\/uploads\/2018\/11\/Pesukastiga-voodid-Hilton-120x200-Roheline-Laste-ja-noortevoodid-UUED-TOOTED-120cm-laiused-Lastemoobel-ja-sisustus_4-f38-scaled.jpg\" \/>\n\t<meta property=\"og:image:width\" content=\"2560\" \/>\n\t<meta property=\"og:image:height\" content=\"1705\" \/>\n\t<meta property=\"og:image:type\" content=\"image\/jpeg\" \/>\n<meta name=\"twitter:card\" content=\"summary_large_image\" \/>\n<meta name=\"twitter:label1\" content=\"\u041f\u0440\u0438\u043c\u0435\u0440\u043d\u043e\u0435 \u0432\u0440\u0435\u043c\u044f \u0434\u043b\u044f \u0447\u0442\u0435\u043d\u0438\u044f\" \/>\n\t<meta name=\"twitter:data1\" content=\"1 \u043c\u0438\u043d\u0443\u0442\u0430\" \/>\n<script type=\"application\/ld+json\" class=\"yoast-schema-graph\">{\"@context\":\"https:\/\/schema.org\",\"@graph\":[{\"@type\":\"WebPage\",\"@id\":\"https:\/\/beebipood.ee\/ru\/produkt\/pesukastiga-voodid-hilton-120x200-roheline\/\",\"url\":\"https:\/\/beebipood.ee\/ru\/produkt\/pesukastiga-voodid-hilton-120x200-roheline\/\",\"name\":\"Pesukastiga voodid Hilton 120x200, Roheline, \u041a\u0440\u043e\u0432\u0430\u0442\u0438 \u0434\u043b\u044f \u0434\u0435\u0442\u0435\u0439 \u0438 \u043f\u043e\u0434\u0440\u043e\u0441\u0442\u043a\u043e\u0432, \u041d\u041e\u0412\u042b\u0415 \u0422\u041e\u0412\u0410\u0420\u042b, \u0428\u0438\u0440\u0438\u043d\u0430 120c\u043c, M\u0435\u0431\u0435\u043b\u044c, Beebipood\",\"isPartOf\":{\"@id\":\"https:\/\/beebipood.ee\/ru\/#website\"},\"primaryImageOfPage\":{\"@id\":\"https:\/\/beebipood.ee\/ru\/produkt\/pesukastiga-voodid-hilton-120x200-roheline\/#primaryimage\"},\"image\":{\"@id\":\"https:\/\/beebipood.ee\/ru\/produkt\/pesukastiga-voodid-hilton-120x200-roheline\/#primaryimage\"},\"thumbnailUrl\":\"https:\/\/beebipood.ee\/wp-content\/uploads\/2018\/11\/Pesukastiga-voodid-Hilton-120x200-Roheline-Laste-ja-noortevoodid-UUED-TOOTED-120cm-laiused-Lastemoobel-ja-sisustus_4-f38-scaled.jpg\",\"datePublished\":\"2018-11-30T06:10:22+00:00\",\"dateModified\":\"2025-01-09T08:49:03+00:00\",\"description\":\"Pesukastiga voodid Hilton 120x200, Roheline, Konstruktsioon on valmistatud kvaliteetsest m&ouml;&ouml;bliplaadist, mida iseloomustab vastupidavus ning\",\"breadcrumb\":{\"@id\":\"https:\/\/beebipood.ee\/ru\/produkt\/pesukastiga-voodid-hilton-120x200-roheline\/#breadcrumb\"},\"inLanguage\":\"ru-RU\",\"potentialAction\":[{\"@type\":\"ReadAction\",\"target\":[\"https:\/\/beebipood.ee\/ru\/produkt\/pesukastiga-voodid-hilton-120x200-roheline\/\"]}]},{\"@type\":\"ImageObject\",\"inLanguage\":\"ru-RU\",\"@id\":\"https:\/\/beebipood.ee\/ru\/produkt\/pesukastiga-voodid-hilton-120x200-roheline\/#primaryimage\",\"url\":\"https:\/\/beebipood.ee\/wp-content\/uploads\/2018\/11\/Pesukastiga-voodid-Hilton-120x200-Roheline-Laste-ja-noortevoodid-UUED-TOOTED-120cm-laiused-Lastemoobel-ja-sisustus_4-f38-scaled.jpg\",\"contentUrl\":\"https:\/\/beebipood.ee\/wp-content\/uploads\/2018\/11\/Pesukastiga-voodid-Hilton-120x200-Roheline-Laste-ja-noortevoodid-UUED-TOOTED-120cm-laiused-Lastemoobel-ja-sisustus_4-f38-scaled.jpg\",\"width\":2560,\"height\":1705},{\"@type\":\"BreadcrumbList\",\"@id\":\"https:\/\/beebipood.ee\/ru\/produkt\/pesukastiga-voodid-hilton-120x200-roheline\/#breadcrumb\",\"itemListElement\":[{\"@type\":\"ListItem\",\"position\":1,\"name\":\"Home\",\"item\":\"https:\/\/beebipood.ee\/ru\/\"},{\"@type\":\"ListItem\",\"position\":2,\"name\":\"\u041a\u0430\u0442\u0430\u043b\u043e\u0433 \u0442\u043e\u0432\u0430\u0440\u043e\u0432\",\"item\":\"https:\/\/beebipood.ee\/tooted\/\"},{\"@type\":\"ListItem\",\"position\":3,\"name\":\"Pesukastiga voodid Hilton 120&#215;200, Roheline\"}]},{\"@type\":\"WebSite\",\"@id\":\"https:\/\/beebipood.ee\/ru\/#website\",\"url\":\"https:\/\/beebipood.ee\/ru\/\",\"name\":\"Beebipood\",\"description\":\"Lastekaubad, beebikaubad, m\u00e4nguasjad\",\"publisher\":{\"@id\":\"https:\/\/beebipood.ee\/ru\/#organization\"},\"potentialAction\":[{\"@type\":\"SearchAction\",\"target\":{\"@type\":\"EntryPoint\",\"urlTemplate\":\"https:\/\/beebipood.ee\/ru\/?s={search_term_string}\"},\"query-input\":{\"@type\":\"PropertyValueSpecification\",\"valueRequired\":true,\"valueName\":\"search_term_string\"}}],\"inLanguage\":\"ru-RU\"},{\"@type\":\"Organization\",\"@id\":\"https:\/\/beebipood.ee\/ru\/#organization\",\"name\":\"Beebipood\",\"url\":\"https:\/\/beebipood.ee\/ru\/\",\"logo\":{\"@type\":\"ImageObject\",\"inLanguage\":\"ru-RU\",\"@id\":\"https:\/\/beebipood.ee\/ru\/#\/schema\/logo\/image\/\",\"url\":\"https:\/\/beebipood.ee\/wp-content\/uploads\/2025\/03\/beebipood.ee-logo-1.svg\",\"contentUrl\":\"https:\/\/beebipood.ee\/wp-content\/uploads\/2025\/03\/beebipood.ee-logo-1.svg\",\"caption\":\"Beebipood\"},\"image\":{\"@id\":\"https:\/\/beebipood.ee\/ru\/#\/schema\/logo\/image\/\"}}]}<\/script>\n<!-- \/ Yoast SEO plugin. -->","yoast_head_json":{"title":"Pesukastiga voodid Hilton 120x200, Roheline, \u041a\u0440\u043e\u0432\u0430\u0442\u0438 \u0434\u043b\u044f \u0434\u0435\u0442\u0435\u0439 \u0438 \u043f\u043e\u0434\u0440\u043e\u0441\u0442\u043a\u043e\u0432, \u041d\u041e\u0412\u042b\u0415 \u0422\u041e\u0412\u0410\u0420\u042b, \u0428\u0438\u0440\u0438\u043d\u0430 120c\u043c, M\u0435\u0431\u0435\u043b\u044c, Beebipood","description":"Pesukastiga voodid Hilton 120x200, Roheline, Konstruktsioon on valmistatud kvaliteetsest m&ouml;&ouml;bliplaadist, mida iseloomustab vastupidavus ning","robots":{"index":"index","follow":"follow","max-snippet":"max-snippet:-1","max-image-preview":"max-image-preview:large","max-video-preview":"max-video-preview:-1"},"canonical":"https:\/\/beebipood.ee\/ru\/produkt\/pesukastiga-voodid-hilton-120x200-roheline\/","og_locale":"ru_RU","og_type":"article","og_title":"Pesukastiga voodid Hilton 120x200, Roheline, \u041a\u0440\u043e\u0432\u0430\u0442\u0438 \u0434\u043b\u044f \u0434\u0435\u0442\u0435\u0439 \u0438 \u043f\u043e\u0434\u0440\u043e\u0441\u0442\u043a\u043e\u0432, \u041d\u041e\u0412\u042b\u0415 \u0422\u041e\u0412\u0410\u0420\u042b, \u0428\u0438\u0440\u0438\u043d\u0430 120c\u043c, M\u0435\u0431\u0435\u043b\u044c, Beebipood","og_description":"Pesukastiga voodid Hilton 120x200, Roheline, Konstruktsioon on valmistatud kvaliteetsest m&ouml;&ouml;bliplaadist, mida iseloomustab vastupidavus ning","og_url":"https:\/\/beebipood.ee\/ru\/produkt\/pesukastiga-voodid-hilton-120x200-roheline\/","og_site_name":"Beebipood","article_modified_time":"2025-01-09T08:49:03+00:00","og_image":[{"width":2560,"height":1705,"url":"https:\/\/beebipood.ee\/wp-content\/uploads\/2018\/11\/Pesukastiga-voodid-Hilton-120x200-Roheline-Laste-ja-noortevoodid-UUED-TOOTED-120cm-laiused-Lastemoobel-ja-sisustus_4-f38-scaled.jpg","type":"image\/jpeg"}],"twitter_card":"summary_large_image","twitter_misc":{"\u041f\u0440\u0438\u043c\u0435\u0440\u043d\u043e\u0435 \u0432\u0440\u0435\u043c\u044f \u0434\u043b\u044f \u0447\u0442\u0435\u043d\u0438\u044f":"1 \u043c\u0438\u043d\u0443\u0442\u0430"},"schema":{"@context":"https:\/\/schema.org","@graph":[{"@type":"WebPage","@id":"https:\/\/beebipood.ee\/ru\/produkt\/pesukastiga-voodid-hilton-120x200-roheline\/","url":"https:\/\/beebipood.ee\/ru\/produkt\/pesukastiga-voodid-hilton-120x200-roheline\/","name":"Pesukastiga voodid Hilton 120x200, Roheline, \u041a\u0440\u043e\u0432\u0430\u0442\u0438 \u0434\u043b\u044f \u0434\u0435\u0442\u0435\u0439 \u0438 \u043f\u043e\u0434\u0440\u043e\u0441\u0442\u043a\u043e\u0432, \u041d\u041e\u0412\u042b\u0415 \u0422\u041e\u0412\u0410\u0420\u042b, \u0428\u0438\u0440\u0438\u043d\u0430 120c\u043c, M\u0435\u0431\u0435\u043b\u044c, Beebipood","isPartOf":{"@id":"https:\/\/beebipood.ee\/ru\/#website"},"primaryImageOfPage":{"@id":"https:\/\/beebipood.ee\/ru\/produkt\/pesukastiga-voodid-hilton-120x200-roheline\/#primaryimage"},"image":{"@id":"https:\/\/beebipood.ee\/ru\/produkt\/pesukastiga-voodid-hilton-120x200-roheline\/#primaryimage"},"thumbnailUrl":"https:\/\/beebipood.ee\/wp-content\/uploads\/2018\/11\/Pesukastiga-voodid-Hilton-120x200-Roheline-Laste-ja-noortevoodid-UUED-TOOTED-120cm-laiused-Lastemoobel-ja-sisustus_4-f38-scaled.jpg","datePublished":"2018-11-30T06:10:22+00:00","dateModified":"2025-01-09T08:49:03+00:00","description":"Pesukastiga voodid Hilton 120x200, Roheline, Konstruktsioon on valmistatud kvaliteetsest m&ouml;&ouml;bliplaadist, mida iseloomustab vastupidavus ning","breadcrumb":{"@id":"https:\/\/beebipood.ee\/ru\/produkt\/pesukastiga-voodid-hilton-120x200-roheline\/#breadcrumb"},"inLanguage":"ru-RU","potentialAction":[{"@type":"ReadAction","target":["https:\/\/beebipood.ee\/ru\/produkt\/pesukastiga-voodid-hilton-120x200-roheline\/"]}]},{"@type":"ImageObject","inLanguage":"ru-RU","@id":"https:\/\/beebipood.ee\/ru\/produkt\/pesukastiga-voodid-hilton-120x200-roheline\/#primaryimage","url":"https:\/\/beebipood.ee\/wp-content\/uploads\/2018\/11\/Pesukastiga-voodid-Hilton-120x200-Roheline-Laste-ja-noortevoodid-UUED-TOOTED-120cm-laiused-Lastemoobel-ja-sisustus_4-f38-scaled.jpg","contentUrl":"https:\/\/beebipood.ee\/wp-content\/uploads\/2018\/11\/Pesukastiga-voodid-Hilton-120x200-Roheline-Laste-ja-noortevoodid-UUED-TOOTED-120cm-laiused-Lastemoobel-ja-sisustus_4-f38-scaled.jpg","width":2560,"height":1705},{"@type":"BreadcrumbList","@id":"https:\/\/beebipood.ee\/ru\/produkt\/pesukastiga-voodid-hilton-120x200-roheline\/#breadcrumb","itemListElement":[{"@type":"ListItem","position":1,"name":"Home","item":"https:\/\/beebipood.ee\/ru\/"},{"@type":"ListItem","position":2,"name":"\u041a\u0430\u0442\u0430\u043b\u043e\u0433 \u0442\u043e\u0432\u0430\u0440\u043e\u0432","item":"https:\/\/beebipood.ee\/tooted\/"},{"@type":"ListItem","position":3,"name":"Pesukastiga voodid Hilton 120&#215;200, Roheline"}]},{"@type":"WebSite","@id":"https:\/\/beebipood.ee\/ru\/#website","url":"https:\/\/beebipood.ee\/ru\/","name":"Beebipood","description":"Lastekaubad, beebikaubad, m\u00e4nguasjad","publisher":{"@id":"https:\/\/beebipood.ee\/ru\/#organization"},"potentialAction":[{"@type":"SearchAction","target":{"@type":"EntryPoint","urlTemplate":"https:\/\/beebipood.ee\/ru\/?s={search_term_string}"},"query-input":{"@type":"PropertyValueSpecification","valueRequired":true,"valueName":"search_term_string"}}],"inLanguage":"ru-RU"},{"@type":"Organization","@id":"https:\/\/beebipood.ee\/ru\/#organization","name":"Beebipood","url":"https:\/\/beebipood.ee\/ru\/","logo":{"@type":"ImageObject","inLanguage":"ru-RU","@id":"https:\/\/beebipood.ee\/ru\/#\/schema\/logo\/image\/","url":"https:\/\/beebipood.ee\/wp-content\/uploads\/2025\/03\/beebipood.ee-logo-1.svg","contentUrl":"https:\/\/beebipood.ee\/wp-content\/uploads\/2025\/03\/beebipood.ee-logo-1.svg","caption":"Beebipood"},"image":{"@id":"https:\/\/beebipood.ee\/ru\/#\/schema\/logo\/image\/"}}]}},"brands":[],"_links":{"self":[{"href":"https:\/\/beebipood.ee\/ru\/wp-json\/wp\/v2\/product\/458363","targetHints":{"allow":["GET"]}}],"collection":[{"href":"https:\/\/beebipood.ee\/ru\/wp-json\/wp\/v2\/product"}],"about":[{"href":"https:\/\/beebipood.ee\/ru\/wp-json\/wp\/v2\/types\/product"}],"wp:featuredmedia":[{"embeddable":true,"href":"https:\/\/beebipood.ee\/ru\/wp-json\/wp\/v2\/media\/126911"}],"wp:attachment":[{"href":"https:\/\/beebipood.ee\/ru\/wp-json\/wp\/v2\/media?parent=458363"}],"wp:term":[{"taxonomy":"pwb-brand","embeddable":true,"href":"https:\/\/beebipood.ee\/ru\/wp-json\/wp\/v2\/pwb-brand?post=458363"},{"taxonomy":"product_brand","embeddable":true,"href":"https:\/\/beebipood.ee\/ru\/wp-json\/wp\/v2\/product_brand?post=458363"},{"taxonomy":"product_cat","embeddable":true,"href":"https:\/\/beebipood.ee\/ru\/wp-json\/wp\/v2\/product_cat?post=458363"},{"taxonomy":"product_tag","embeddable":true,"href":"https:\/\/beebipood.ee\/ru\/wp-json\/wp\/v2\/product_tag?post=458363"}],"curies":[{"name":"wp","href":"https:\/\/api.w.org\/{rel}","templated":true}]}}