{"id":458375,"date":"2018-11-30T08:37:21","date_gmt":"2018-11-30T06:37:21","guid":{"rendered":"https:\/\/beebipood.ee\/toode\/yappylux-noortevoodi-160x80-valge\/"},"modified":"2025-01-09T10:49:03","modified_gmt":"2025-01-09T08:49:03","slug":"yappylux-noortevoodi-160x80-valge","status":"publish","type":"product","link":"https:\/\/beebipood.ee\/ru\/produkt\/yappylux-noortevoodi-160x80-valge\/","title":{"rendered":"YappyLux noortevoodi 80&#215;160, valge"},"content":{"rendered":"<p>YappyLux teismeliste voodi ilusa Skandinaavia disainiga on suurep\u00e4rane lahendus vanematele, <br \/>kes otsivad magamisaset beebile kui ta on kasvanud v\u00e4ikesest v\u00f5revoodist v\u00e4lja.<br \/>Lapse turvalisuse jaoks on v\u00f5imalik kinnitada voodi k\u00fclge kaitse <br \/>(komplektiga kaasas) lukustades selle \u00fchele v\u00f5i teisele YappyLux voodi k\u00fcljele.<br \/>Komplekti kuulub ka mahukas sahtel, mis mahutab nii m\u00e4nguasju kui voodipesu. <br \/>Voodisuurus on piisavalt mugav vanemale lapse k\u00f5rvale istumiseks <br \/>ja talle \u00f5htul muinasjutu lugemiseks, kuid samas ei v\u00f5ta voodi v\u00e4ga palju ruumi.<br \/>Voodisse sobib madrats m\u00f5\u00f5duga 80x160cm<br \/>Voodi on valmistatud m\u00e4nnipuust ja puitkiudplaadist.<\/p>\n","protected":false},"excerpt":{"rendered":"<p>YappyLux teismeliste voodi ilusa Skandinaavia disainiga on suurep\u00e4rane lahendus vanematele, kes otsivad magamisaset beebile kui ta on kasvanud v\u00e4ikesest v\u00f5revoodist v\u00e4lja.Lapse turvalisuse jaoks on v\u00f5imalik kinnitada voodi k\u00fclge kaitse (komplektiga kaasas) lukustades selle \u00fchele v\u00f5i teisele YappyLux voodi k\u00fcljele.Komplekti kuulub ka mahukas sahtel, mis mahutab nii m\u00e4nguasju kui voodipesu. Voodisuurus on piisavalt mugav vanemale lapse [&hellip;]<\/p>\n","protected":false},"featured_media":126963,"template":"","meta":{"_acf_changed":false},"pwb-brand":[11969],"product_brand":[],"product_cat":[11587,11559,11789],"product_tag":[],"class_list":{"0":"post-458375","1":"product","2":"type-product","3":"status-publish","4":"has-post-thumbnail","6":"pwb-brand-yappykids-ru","7":"product_cat-70cm-laiused-ru","8":"product_cat-laste-ja-noortevoodid-ru","9":"product_cat-lastemoobel-ja-sisustus-ru","10":"pa_manufacturer-yappykids-ru","12":"first","13":"onbackorder","14":"sale","15":"taxable","16":"shipping-taxable","17":"purchasable","18":"product-type-simple"},"exclude_global_add_ons":[],"addons":[],"acf":[],"yoast_head":"<!-- This site is optimized with the Yoast SEO plugin v27.1.1 - https:\/\/yoast.com\/product\/yoast-seo-wordpress\/ -->\n<title>YappyLux noortevoodi 80x160, valge, \u041a\u0440\u043e\u0432\u0430\u0442\u0438 \u0434\u043b\u044f \u0434\u0435\u0442\u0435\u0439 \u0438 \u043f\u043e\u0434\u0440\u043e\u0441\u0442\u043a\u043e\u0432, \u0428\u0438\u0440\u0438\u043d\u0430 70c\u043c, M\u0435\u0431\u0435\u043b\u044c, YappyKids -20%, Beebipood<\/title>\n<meta name=\"description\" content=\"YappyLux noortevoodi 80x160, valge, YappyLux teismeliste voodi ilusa Skandinaavia disainiga on suurep&auml;rane lahendus vanematele, kes otsivad magami\" \/>\n<meta name=\"robots\" content=\"index, follow, max-snippet:-1, max-image-preview:large, max-video-preview:-1\" \/>\n<link rel=\"canonical\" href=\"https:\/\/beebipood.ee\/ru\/produkt\/yappylux-noortevoodi-160x80-valge\/\" \/>\n<meta property=\"og:locale\" content=\"ru_RU\" \/>\n<meta property=\"og:type\" content=\"article\" \/>\n<meta property=\"og:title\" content=\"YappyLux noortevoodi 80x160, valge, \u041a\u0440\u043e\u0432\u0430\u0442\u0438 \u0434\u043b\u044f \u0434\u0435\u0442\u0435\u0439 \u0438 \u043f\u043e\u0434\u0440\u043e\u0441\u0442\u043a\u043e\u0432, \u0428\u0438\u0440\u0438\u043d\u0430 70c\u043c, M\u0435\u0431\u0435\u043b\u044c, YappyKids -20%, Beebipood\" \/>\n<meta property=\"og:description\" content=\"YappyLux noortevoodi 80x160, valge, YappyLux teismeliste voodi ilusa Skandinaavia disainiga on suurep&auml;rane lahendus vanematele, kes otsivad magami\" \/>\n<meta property=\"og:url\" content=\"https:\/\/beebipood.ee\/ru\/produkt\/yappylux-noortevoodi-160x80-valge\/\" \/>\n<meta property=\"og:site_name\" content=\"Beebipood\" \/>\n<meta property=\"article:modified_time\" content=\"2025-01-09T08:49:03+00:00\" \/>\n<meta property=\"og:image\" content=\"https:\/\/beebipood.ee\/wp-content\/uploads\/2018\/11\/YappyLux-noortevoodi-160x80-valge-Laste-ja-noortevoodid-UUED-TOOTED-70cm-laiused-Lastemoobel-ja-sisustus_2-914.jpg\" \/>\n\t<meta property=\"og:image:width\" content=\"1200\" \/>\n\t<meta property=\"og:image:height\" content=\"1134\" \/>\n\t<meta property=\"og:image:type\" content=\"image\/jpeg\" \/>\n<meta name=\"twitter:card\" content=\"summary_large_image\" \/>\n<script type=\"application\/ld+json\" class=\"yoast-schema-graph\">{\"@context\":\"https:\/\/schema.org\",\"@graph\":[{\"@type\":\"WebPage\",\"@id\":\"https:\/\/beebipood.ee\/ru\/produkt\/yappylux-noortevoodi-160x80-valge\/\",\"url\":\"https:\/\/beebipood.ee\/ru\/produkt\/yappylux-noortevoodi-160x80-valge\/\",\"name\":\"YappyLux noortevoodi 80x160, valge, \u041a\u0440\u043e\u0432\u0430\u0442\u0438 \u0434\u043b\u044f \u0434\u0435\u0442\u0435\u0439 \u0438 \u043f\u043e\u0434\u0440\u043e\u0441\u0442\u043a\u043e\u0432, \u0428\u0438\u0440\u0438\u043d\u0430 70c\u043c, M\u0435\u0431\u0435\u043b\u044c, YappyKids -20%, Beebipood\",\"isPartOf\":{\"@id\":\"https:\/\/beebipood.ee\/ru\/#website\"},\"primaryImageOfPage\":{\"@id\":\"https:\/\/beebipood.ee\/ru\/produkt\/yappylux-noortevoodi-160x80-valge\/#primaryimage\"},\"image\":{\"@id\":\"https:\/\/beebipood.ee\/ru\/produkt\/yappylux-noortevoodi-160x80-valge\/#primaryimage\"},\"thumbnailUrl\":\"https:\/\/beebipood.ee\/wp-content\/uploads\/2018\/11\/YappyLux-noortevoodi-160x80-valge-Laste-ja-noortevoodid-UUED-TOOTED-70cm-laiused-Lastemoobel-ja-sisustus_2-914.jpg\",\"datePublished\":\"2018-11-30T06:37:21+00:00\",\"dateModified\":\"2025-01-09T08:49:03+00:00\",\"description\":\"YappyLux noortevoodi 80x160, valge, YappyLux teismeliste voodi ilusa Skandinaavia disainiga on suurep&auml;rane lahendus vanematele, kes otsivad magami\",\"breadcrumb\":{\"@id\":\"https:\/\/beebipood.ee\/ru\/produkt\/yappylux-noortevoodi-160x80-valge\/#breadcrumb\"},\"inLanguage\":\"ru-RU\",\"potentialAction\":[{\"@type\":\"ReadAction\",\"target\":[\"https:\/\/beebipood.ee\/ru\/produkt\/yappylux-noortevoodi-160x80-valge\/\"]}]},{\"@type\":\"ImageObject\",\"inLanguage\":\"ru-RU\",\"@id\":\"https:\/\/beebipood.ee\/ru\/produkt\/yappylux-noortevoodi-160x80-valge\/#primaryimage\",\"url\":\"https:\/\/beebipood.ee\/wp-content\/uploads\/2018\/11\/YappyLux-noortevoodi-160x80-valge-Laste-ja-noortevoodid-UUED-TOOTED-70cm-laiused-Lastemoobel-ja-sisustus_2-914.jpg\",\"contentUrl\":\"https:\/\/beebipood.ee\/wp-content\/uploads\/2018\/11\/YappyLux-noortevoodi-160x80-valge-Laste-ja-noortevoodid-UUED-TOOTED-70cm-laiused-Lastemoobel-ja-sisustus_2-914.jpg\",\"width\":1200,\"height\":1134},{\"@type\":\"BreadcrumbList\",\"@id\":\"https:\/\/beebipood.ee\/ru\/produkt\/yappylux-noortevoodi-160x80-valge\/#breadcrumb\",\"itemListElement\":[{\"@type\":\"ListItem\",\"position\":1,\"name\":\"Home\",\"item\":\"https:\/\/beebipood.ee\/ru\/\"},{\"@type\":\"ListItem\",\"position\":2,\"name\":\"\u041a\u0430\u0442\u0430\u043b\u043e\u0433 \u0442\u043e\u0432\u0430\u0440\u043e\u0432\",\"item\":\"https:\/\/beebipood.ee\/tooted\/\"},{\"@type\":\"ListItem\",\"position\":3,\"name\":\"YappyLux noortevoodi 80&#215;160, valge\"}]},{\"@type\":\"WebSite\",\"@id\":\"https:\/\/beebipood.ee\/ru\/#website\",\"url\":\"https:\/\/beebipood.ee\/ru\/\",\"name\":\"Beebipood\",\"description\":\"Lastekaubad, beebikaubad, m\u00e4nguasjad\",\"publisher\":{\"@id\":\"https:\/\/beebipood.ee\/ru\/#organization\"},\"potentialAction\":[{\"@type\":\"SearchAction\",\"target\":{\"@type\":\"EntryPoint\",\"urlTemplate\":\"https:\/\/beebipood.ee\/ru\/?s={search_term_string}\"},\"query-input\":{\"@type\":\"PropertyValueSpecification\",\"valueRequired\":true,\"valueName\":\"search_term_string\"}}],\"inLanguage\":\"ru-RU\"},{\"@type\":\"Organization\",\"@id\":\"https:\/\/beebipood.ee\/ru\/#organization\",\"name\":\"Beebipood\",\"url\":\"https:\/\/beebipood.ee\/ru\/\",\"logo\":{\"@type\":\"ImageObject\",\"inLanguage\":\"ru-RU\",\"@id\":\"https:\/\/beebipood.ee\/ru\/#\/schema\/logo\/image\/\",\"url\":\"https:\/\/beebipood.ee\/wp-content\/uploads\/2025\/03\/beebipood.ee-logo-1.svg\",\"contentUrl\":\"https:\/\/beebipood.ee\/wp-content\/uploads\/2025\/03\/beebipood.ee-logo-1.svg\",\"caption\":\"Beebipood\"},\"image\":{\"@id\":\"https:\/\/beebipood.ee\/ru\/#\/schema\/logo\/image\/\"}}]}<\/script>\n<!-- \/ Yoast SEO plugin. -->","yoast_head_json":{"title":"YappyLux noortevoodi 80x160, valge, \u041a\u0440\u043e\u0432\u0430\u0442\u0438 \u0434\u043b\u044f \u0434\u0435\u0442\u0435\u0439 \u0438 \u043f\u043e\u0434\u0440\u043e\u0441\u0442\u043a\u043e\u0432, \u0428\u0438\u0440\u0438\u043d\u0430 70c\u043c, M\u0435\u0431\u0435\u043b\u044c, YappyKids -20%, Beebipood","description":"YappyLux noortevoodi 80x160, valge, YappyLux teismeliste voodi ilusa Skandinaavia disainiga on suurep&auml;rane lahendus vanematele, kes otsivad magami","robots":{"index":"index","follow":"follow","max-snippet":"max-snippet:-1","max-image-preview":"max-image-preview:large","max-video-preview":"max-video-preview:-1"},"canonical":"https:\/\/beebipood.ee\/ru\/produkt\/yappylux-noortevoodi-160x80-valge\/","og_locale":"ru_RU","og_type":"article","og_title":"YappyLux noortevoodi 80x160, valge, \u041a\u0440\u043e\u0432\u0430\u0442\u0438 \u0434\u043b\u044f \u0434\u0435\u0442\u0435\u0439 \u0438 \u043f\u043e\u0434\u0440\u043e\u0441\u0442\u043a\u043e\u0432, \u0428\u0438\u0440\u0438\u043d\u0430 70c\u043c, M\u0435\u0431\u0435\u043b\u044c, YappyKids -20%, Beebipood","og_description":"YappyLux noortevoodi 80x160, valge, YappyLux teismeliste voodi ilusa Skandinaavia disainiga on suurep&auml;rane lahendus vanematele, kes otsivad magami","og_url":"https:\/\/beebipood.ee\/ru\/produkt\/yappylux-noortevoodi-160x80-valge\/","og_site_name":"Beebipood","article_modified_time":"2025-01-09T08:49:03+00:00","og_image":[{"width":1200,"height":1134,"url":"https:\/\/beebipood.ee\/wp-content\/uploads\/2018\/11\/YappyLux-noortevoodi-160x80-valge-Laste-ja-noortevoodid-UUED-TOOTED-70cm-laiused-Lastemoobel-ja-sisustus_2-914.jpg","type":"image\/jpeg"}],"twitter_card":"summary_large_image","schema":{"@context":"https:\/\/schema.org","@graph":[{"@type":"WebPage","@id":"https:\/\/beebipood.ee\/ru\/produkt\/yappylux-noortevoodi-160x80-valge\/","url":"https:\/\/beebipood.ee\/ru\/produkt\/yappylux-noortevoodi-160x80-valge\/","name":"YappyLux noortevoodi 80x160, valge, \u041a\u0440\u043e\u0432\u0430\u0442\u0438 \u0434\u043b\u044f \u0434\u0435\u0442\u0435\u0439 \u0438 \u043f\u043e\u0434\u0440\u043e\u0441\u0442\u043a\u043e\u0432, \u0428\u0438\u0440\u0438\u043d\u0430 70c\u043c, M\u0435\u0431\u0435\u043b\u044c, YappyKids -20%, Beebipood","isPartOf":{"@id":"https:\/\/beebipood.ee\/ru\/#website"},"primaryImageOfPage":{"@id":"https:\/\/beebipood.ee\/ru\/produkt\/yappylux-noortevoodi-160x80-valge\/#primaryimage"},"image":{"@id":"https:\/\/beebipood.ee\/ru\/produkt\/yappylux-noortevoodi-160x80-valge\/#primaryimage"},"thumbnailUrl":"https:\/\/beebipood.ee\/wp-content\/uploads\/2018\/11\/YappyLux-noortevoodi-160x80-valge-Laste-ja-noortevoodid-UUED-TOOTED-70cm-laiused-Lastemoobel-ja-sisustus_2-914.jpg","datePublished":"2018-11-30T06:37:21+00:00","dateModified":"2025-01-09T08:49:03+00:00","description":"YappyLux noortevoodi 80x160, valge, YappyLux teismeliste voodi ilusa Skandinaavia disainiga on suurep&auml;rane lahendus vanematele, kes otsivad magami","breadcrumb":{"@id":"https:\/\/beebipood.ee\/ru\/produkt\/yappylux-noortevoodi-160x80-valge\/#breadcrumb"},"inLanguage":"ru-RU","potentialAction":[{"@type":"ReadAction","target":["https:\/\/beebipood.ee\/ru\/produkt\/yappylux-noortevoodi-160x80-valge\/"]}]},{"@type":"ImageObject","inLanguage":"ru-RU","@id":"https:\/\/beebipood.ee\/ru\/produkt\/yappylux-noortevoodi-160x80-valge\/#primaryimage","url":"https:\/\/beebipood.ee\/wp-content\/uploads\/2018\/11\/YappyLux-noortevoodi-160x80-valge-Laste-ja-noortevoodid-UUED-TOOTED-70cm-laiused-Lastemoobel-ja-sisustus_2-914.jpg","contentUrl":"https:\/\/beebipood.ee\/wp-content\/uploads\/2018\/11\/YappyLux-noortevoodi-160x80-valge-Laste-ja-noortevoodid-UUED-TOOTED-70cm-laiused-Lastemoobel-ja-sisustus_2-914.jpg","width":1200,"height":1134},{"@type":"BreadcrumbList","@id":"https:\/\/beebipood.ee\/ru\/produkt\/yappylux-noortevoodi-160x80-valge\/#breadcrumb","itemListElement":[{"@type":"ListItem","position":1,"name":"Home","item":"https:\/\/beebipood.ee\/ru\/"},{"@type":"ListItem","position":2,"name":"\u041a\u0430\u0442\u0430\u043b\u043e\u0433 \u0442\u043e\u0432\u0430\u0440\u043e\u0432","item":"https:\/\/beebipood.ee\/tooted\/"},{"@type":"ListItem","position":3,"name":"YappyLux noortevoodi 80&#215;160, valge"}]},{"@type":"WebSite","@id":"https:\/\/beebipood.ee\/ru\/#website","url":"https:\/\/beebipood.ee\/ru\/","name":"Beebipood","description":"Lastekaubad, beebikaubad, m\u00e4nguasjad","publisher":{"@id":"https:\/\/beebipood.ee\/ru\/#organization"},"potentialAction":[{"@type":"SearchAction","target":{"@type":"EntryPoint","urlTemplate":"https:\/\/beebipood.ee\/ru\/?s={search_term_string}"},"query-input":{"@type":"PropertyValueSpecification","valueRequired":true,"valueName":"search_term_string"}}],"inLanguage":"ru-RU"},{"@type":"Organization","@id":"https:\/\/beebipood.ee\/ru\/#organization","name":"Beebipood","url":"https:\/\/beebipood.ee\/ru\/","logo":{"@type":"ImageObject","inLanguage":"ru-RU","@id":"https:\/\/beebipood.ee\/ru\/#\/schema\/logo\/image\/","url":"https:\/\/beebipood.ee\/wp-content\/uploads\/2025\/03\/beebipood.ee-logo-1.svg","contentUrl":"https:\/\/beebipood.ee\/wp-content\/uploads\/2025\/03\/beebipood.ee-logo-1.svg","caption":"Beebipood"},"image":{"@id":"https:\/\/beebipood.ee\/ru\/#\/schema\/logo\/image\/"}}]}},"brands":[{"id":11969,"name":"YappyKids","slug":"yappykids-ru"}],"_links":{"self":[{"href":"https:\/\/beebipood.ee\/ru\/wp-json\/wp\/v2\/product\/458375","targetHints":{"allow":["GET"]}}],"collection":[{"href":"https:\/\/beebipood.ee\/ru\/wp-json\/wp\/v2\/product"}],"about":[{"href":"https:\/\/beebipood.ee\/ru\/wp-json\/wp\/v2\/types\/product"}],"wp:featuredmedia":[{"embeddable":true,"href":"https:\/\/beebipood.ee\/ru\/wp-json\/wp\/v2\/media\/126963"}],"wp:attachment":[{"href":"https:\/\/beebipood.ee\/ru\/wp-json\/wp\/v2\/media?parent=458375"}],"wp:term":[{"taxonomy":"pwb-brand","embeddable":true,"href":"https:\/\/beebipood.ee\/ru\/wp-json\/wp\/v2\/pwb-brand?post=458375"},{"taxonomy":"product_brand","embeddable":true,"href":"https:\/\/beebipood.ee\/ru\/wp-json\/wp\/v2\/product_brand?post=458375"},{"taxonomy":"product_cat","embeddable":true,"href":"https:\/\/beebipood.ee\/ru\/wp-json\/wp\/v2\/product_cat?post=458375"},{"taxonomy":"product_tag","embeddable":true,"href":"https:\/\/beebipood.ee\/ru\/wp-json\/wp\/v2\/product_tag?post=458375"}],"curies":[{"name":"wp","href":"https:\/\/api.w.org\/{rel}","templated":true}]}}