{"id":458391,"date":"2018-12-18T09:40:00","date_gmt":"2018-12-18T07:40:00","guid":{"rendered":"https:\/\/beebipood.ee\/toode\/narivoodi-komplekt-max-3-basic-roheline\/"},"modified":"2025-01-09T10:49:02","modified_gmt":"2025-01-09T08:49:02","slug":"narivoodi-komplekt-max-3-basic-roheline","status":"publish","type":"product","link":"https:\/\/beebipood.ee\/ru\/produkt\/narivoodi-komplekt-max-3-basic-roheline\/","title":{"rendered":"Narivoodi komplekt MAX 3 basic, roheline"},"content":{"rendered":"<p>*\u00a0MAX 3 on inimestele, kes hindavad funktsionaalsust, kaasaegset disaini ning t\u00e4psust ja kvaliteeti<br \/>* nari k\u00f5rval on\u00a0<strong>sahtlitega trepp,<\/strong>\u00a0mis mahutab k\u00f5ik vajaliku<br \/>* treppi saab paigutada nii\u00a0<strong>paremale<\/strong>\u00a0kui\u00a0<strong>vasakule<\/strong>\u00a0poole\u00a0<br \/>* narivoodi on valmistatud kvaliteetsest MDF m\u00f6\u00f6bliplaadist<br \/>* m\u00f5lemad voodid on koos voodip\u00f5hjaga<br \/>* sahtelvoodi m\u00f5\u00f5t on\u00a0<strong>80&#215;190<\/strong>,\u00a0allumise voodi m\u00f5\u00f5t on\u00a0<strong>120&#215;200<\/strong>\u00a0cm ja \u00fclemise voodi m\u00f5\u00f5t on \u00a0<strong>80&#215;200<\/strong><br \/>* komplektis on kolm poroloonmadratsit: sahtlis\u00a0<strong>80&#215;190<\/strong>, all\u00a0<strong>120&#215;200<\/strong>\u00a0cm ja \u00fcleval\u00a0<strong>80&#215;200<\/strong><br \/>*\u00a0sahtelvoodit\u00a0saab kasutada ka pesukastina<br \/>* ei k\u00e4i eraldi vooditeks<\/p>\n","protected":false},"excerpt":{"rendered":"<p>*\u00a0MAX 3 on inimestele, kes hindavad funktsionaalsust, kaasaegset disaini ning t\u00e4psust ja kvaliteeti* nari k\u00f5rval on\u00a0sahtlitega trepp,\u00a0mis mahutab k\u00f5ik vajaliku* treppi saab paigutada nii\u00a0paremale\u00a0kui\u00a0vasakule\u00a0poole\u00a0* narivoodi on valmistatud kvaliteetsest MDF m\u00f6\u00f6bliplaadist* m\u00f5lemad voodid on koos voodip\u00f5hjaga* sahtelvoodi m\u00f5\u00f5t on\u00a080&#215;190,\u00a0allumise voodi m\u00f5\u00f5t on\u00a0120&#215;200\u00a0cm ja \u00fclemise voodi m\u00f5\u00f5t on \u00a080&#215;200* komplektis on kolm poroloonmadratsit: sahtlis\u00a080&#215;190, all\u00a0120&#215;200\u00a0cm ja \u00fcleval\u00a080&#215;200*\u00a0sahtelvoodit\u00a0saab [&hellip;]<\/p>\n","protected":false},"featured_media":127106,"template":"","meta":{"_acf_changed":false},"pwb-brand":[],"product_brand":[],"product_cat":[11583,11557,11585,11789],"product_tag":[],"class_list":{"0":"post-458391","1":"product","2":"type-product","3":"status-publish","4":"has-post-thumbnail","6":"product_cat-narid-laiusega-90cm-ru","7":"product_cat-narid-ru","8":"product_cat-erilahendused-ru","9":"product_cat-lastemoobel-ja-sisustus-ru","11":"first","12":"onbackorder","13":"taxable","14":"shipping-taxable","15":"purchasable","16":"product-type-simple"},"exclude_global_add_ons":[],"addons":[],"acf":[],"yoast_head":"<!-- This site is optimized with the Yoast SEO plugin v27.3 - https:\/\/yoast.com\/product\/yoast-seo-wordpress\/ -->\n<title>Narivoodi komplekt MAX 3 basic, roheline, \u041d\u0430\u0440\u044b, \u041d\u0430\u0440\u044b \u0448\u0438\u0440\u0438\u043d\u043e\u0439 90c\u043c, \u041e\u0441\u043e\u0431\u043e\u0435 \u0440\u0435\u0448\u0435\u043d\u0438\u0435, M\u0435\u0431\u0435\u043b\u044c, Beebipood<\/title>\n<meta name=\"description\" content=\"Narivoodi komplekt MAX 3 basic, roheline, *&nbsp;MAX 3 on inimestele, kes hindavad funktsionaalsust, kaasaegset disaini ning t&auml;psust ja kvaliteeti\" \/>\n<meta name=\"robots\" content=\"index, follow, max-snippet:-1, max-image-preview:large, max-video-preview:-1\" \/>\n<link rel=\"canonical\" href=\"https:\/\/beebipood.ee\/ru\/produkt\/narivoodi-komplekt-max-3-basic-roheline\/\" \/>\n<meta property=\"og:locale\" content=\"ru_RU\" \/>\n<meta property=\"og:type\" content=\"article\" \/>\n<meta property=\"og:title\" content=\"Narivoodi komplekt MAX 3 basic, roheline, \u041d\u0430\u0440\u044b, \u041d\u0430\u0440\u044b \u0448\u0438\u0440\u0438\u043d\u043e\u0439 90c\u043c, \u041e\u0441\u043e\u0431\u043e\u0435 \u0440\u0435\u0448\u0435\u043d\u0438\u0435, M\u0435\u0431\u0435\u043b\u044c, Beebipood\" \/>\n<meta property=\"og:description\" content=\"Narivoodi komplekt MAX 3 basic, roheline, *&nbsp;MAX 3 on inimestele, kes hindavad funktsionaalsust, kaasaegset disaini ning t&auml;psust ja kvaliteeti\" \/>\n<meta property=\"og:url\" content=\"https:\/\/beebipood.ee\/ru\/produkt\/narivoodi-komplekt-max-3-basic-roheline\/\" \/>\n<meta property=\"og:site_name\" content=\"Beebipood\" \/>\n<meta property=\"article:modified_time\" content=\"2025-01-09T08:49:02+00:00\" \/>\n<meta property=\"og:image\" content=\"https:\/\/beebipood.ee\/wp-content\/uploads\/2018\/12\/Narivoodi-komplekt-MAX-3-basic-roheline-Narid-SOODUSPAKKUMISED-UUED-TOOTED-Narid-laiusega-90cm-Erilahendused-Lastemoobel-ja-sisustus_1-c34.jpg\" \/>\n\t<meta property=\"og:image:width\" content=\"1024\" \/>\n\t<meta property=\"og:image:height\" content=\"682\" \/>\n\t<meta property=\"og:image:type\" content=\"image\/jpeg\" \/>\n<meta name=\"twitter:card\" content=\"summary_large_image\" \/>\n<script type=\"application\/ld+json\" class=\"yoast-schema-graph\">{\"@context\":\"https:\\\/\\\/schema.org\",\"@graph\":[{\"@type\":\"WebPage\",\"@id\":\"https:\\\/\\\/beebipood.ee\\\/ru\\\/produkt\\\/narivoodi-komplekt-max-3-basic-roheline\\\/\",\"url\":\"https:\\\/\\\/beebipood.ee\\\/ru\\\/produkt\\\/narivoodi-komplekt-max-3-basic-roheline\\\/\",\"name\":\"Narivoodi komplekt MAX 3 basic, roheline, \u041d\u0430\u0440\u044b, \u041d\u0430\u0440\u044b \u0448\u0438\u0440\u0438\u043d\u043e\u0439 90c\u043c, \u041e\u0441\u043e\u0431\u043e\u0435 \u0440\u0435\u0448\u0435\u043d\u0438\u0435, M\u0435\u0431\u0435\u043b\u044c, Beebipood\",\"isPartOf\":{\"@id\":\"https:\\\/\\\/beebipood.ee\\\/ru\\\/#website\"},\"primaryImageOfPage\":{\"@id\":\"https:\\\/\\\/beebipood.ee\\\/ru\\\/produkt\\\/narivoodi-komplekt-max-3-basic-roheline\\\/#primaryimage\"},\"image\":{\"@id\":\"https:\\\/\\\/beebipood.ee\\\/ru\\\/produkt\\\/narivoodi-komplekt-max-3-basic-roheline\\\/#primaryimage\"},\"thumbnailUrl\":\"https:\\\/\\\/beebipood.ee\\\/wp-content\\\/uploads\\\/2018\\\/12\\\/Narivoodi-komplekt-MAX-3-basic-roheline-Narid-SOODUSPAKKUMISED-UUED-TOOTED-Narid-laiusega-90cm-Erilahendused-Lastemoobel-ja-sisustus_1-c34.jpg\",\"datePublished\":\"2018-12-18T07:40:00+00:00\",\"dateModified\":\"2025-01-09T08:49:02+00:00\",\"description\":\"Narivoodi komplekt MAX 3 basic, roheline, *&nbsp;MAX 3 on inimestele, kes hindavad funktsionaalsust, kaasaegset disaini ning t&auml;psust ja kvaliteeti\",\"breadcrumb\":{\"@id\":\"https:\\\/\\\/beebipood.ee\\\/ru\\\/produkt\\\/narivoodi-komplekt-max-3-basic-roheline\\\/#breadcrumb\"},\"inLanguage\":\"ru-RU\",\"potentialAction\":[{\"@type\":\"ReadAction\",\"target\":[\"https:\\\/\\\/beebipood.ee\\\/ru\\\/produkt\\\/narivoodi-komplekt-max-3-basic-roheline\\\/\"]}]},{\"@type\":\"ImageObject\",\"inLanguage\":\"ru-RU\",\"@id\":\"https:\\\/\\\/beebipood.ee\\\/ru\\\/produkt\\\/narivoodi-komplekt-max-3-basic-roheline\\\/#primaryimage\",\"url\":\"https:\\\/\\\/beebipood.ee\\\/wp-content\\\/uploads\\\/2018\\\/12\\\/Narivoodi-komplekt-MAX-3-basic-roheline-Narid-SOODUSPAKKUMISED-UUED-TOOTED-Narid-laiusega-90cm-Erilahendused-Lastemoobel-ja-sisustus_1-c34.jpg\",\"contentUrl\":\"https:\\\/\\\/beebipood.ee\\\/wp-content\\\/uploads\\\/2018\\\/12\\\/Narivoodi-komplekt-MAX-3-basic-roheline-Narid-SOODUSPAKKUMISED-UUED-TOOTED-Narid-laiusega-90cm-Erilahendused-Lastemoobel-ja-sisustus_1-c34.jpg\",\"width\":1024,\"height\":682},{\"@type\":\"BreadcrumbList\",\"@id\":\"https:\\\/\\\/beebipood.ee\\\/ru\\\/produkt\\\/narivoodi-komplekt-max-3-basic-roheline\\\/#breadcrumb\",\"itemListElement\":[{\"@type\":\"ListItem\",\"position\":1,\"name\":\"Home\",\"item\":\"https:\\\/\\\/beebipood.ee\\\/ru\\\/\"},{\"@type\":\"ListItem\",\"position\":2,\"name\":\"\u041a\u0430\u0442\u0430\u043b\u043e\u0433 \u0442\u043e\u0432\u0430\u0440\u043e\u0432\",\"item\":\"https:\\\/\\\/beebipood.ee\\\/tooted\\\/\"},{\"@type\":\"ListItem\",\"position\":3,\"name\":\"Narivoodi komplekt MAX 3 basic, roheline\"}]},{\"@type\":\"WebSite\",\"@id\":\"https:\\\/\\\/beebipood.ee\\\/ru\\\/#website\",\"url\":\"https:\\\/\\\/beebipood.ee\\\/ru\\\/\",\"name\":\"Beebipood\",\"description\":\"Lastekaubad, beebikaubad, m\u00e4nguasjad\",\"publisher\":{\"@id\":\"https:\\\/\\\/beebipood.ee\\\/ru\\\/#organization\"},\"potentialAction\":[{\"@type\":\"SearchAction\",\"target\":{\"@type\":\"EntryPoint\",\"urlTemplate\":\"https:\\\/\\\/beebipood.ee\\\/ru\\\/?s={search_term_string}\"},\"query-input\":{\"@type\":\"PropertyValueSpecification\",\"valueRequired\":true,\"valueName\":\"search_term_string\"}}],\"inLanguage\":\"ru-RU\"},{\"@type\":\"Organization\",\"@id\":\"https:\\\/\\\/beebipood.ee\\\/ru\\\/#organization\",\"name\":\"Beebipood\",\"url\":\"https:\\\/\\\/beebipood.ee\\\/ru\\\/\",\"logo\":{\"@type\":\"ImageObject\",\"inLanguage\":\"ru-RU\",\"@id\":\"https:\\\/\\\/beebipood.ee\\\/ru\\\/#\\\/schema\\\/logo\\\/image\\\/\",\"url\":\"https:\\\/\\\/beebipood.ee\\\/wp-content\\\/uploads\\\/2025\\\/03\\\/beebipood.ee-logo-1.svg\",\"contentUrl\":\"https:\\\/\\\/beebipood.ee\\\/wp-content\\\/uploads\\\/2025\\\/03\\\/beebipood.ee-logo-1.svg\",\"caption\":\"Beebipood\"},\"image\":{\"@id\":\"https:\\\/\\\/beebipood.ee\\\/ru\\\/#\\\/schema\\\/logo\\\/image\\\/\"}}]}<\/script>\n<!-- \/ Yoast SEO plugin. -->","yoast_head_json":{"title":"Narivoodi komplekt MAX 3 basic, roheline, \u041d\u0430\u0440\u044b, \u041d\u0430\u0440\u044b \u0448\u0438\u0440\u0438\u043d\u043e\u0439 90c\u043c, \u041e\u0441\u043e\u0431\u043e\u0435 \u0440\u0435\u0448\u0435\u043d\u0438\u0435, M\u0435\u0431\u0435\u043b\u044c, Beebipood","description":"Narivoodi komplekt MAX 3 basic, roheline, *&nbsp;MAX 3 on inimestele, kes hindavad funktsionaalsust, kaasaegset disaini ning t&auml;psust ja kvaliteeti","robots":{"index":"index","follow":"follow","max-snippet":"max-snippet:-1","max-image-preview":"max-image-preview:large","max-video-preview":"max-video-preview:-1"},"canonical":"https:\/\/beebipood.ee\/ru\/produkt\/narivoodi-komplekt-max-3-basic-roheline\/","og_locale":"ru_RU","og_type":"article","og_title":"Narivoodi komplekt MAX 3 basic, roheline, \u041d\u0430\u0440\u044b, \u041d\u0430\u0440\u044b \u0448\u0438\u0440\u0438\u043d\u043e\u0439 90c\u043c, \u041e\u0441\u043e\u0431\u043e\u0435 \u0440\u0435\u0448\u0435\u043d\u0438\u0435, M\u0435\u0431\u0435\u043b\u044c, Beebipood","og_description":"Narivoodi komplekt MAX 3 basic, roheline, *&nbsp;MAX 3 on inimestele, kes hindavad funktsionaalsust, kaasaegset disaini ning t&auml;psust ja kvaliteeti","og_url":"https:\/\/beebipood.ee\/ru\/produkt\/narivoodi-komplekt-max-3-basic-roheline\/","og_site_name":"Beebipood","article_modified_time":"2025-01-09T08:49:02+00:00","og_image":[{"width":1024,"height":682,"url":"https:\/\/beebipood.ee\/wp-content\/uploads\/2018\/12\/Narivoodi-komplekt-MAX-3-basic-roheline-Narid-SOODUSPAKKUMISED-UUED-TOOTED-Narid-laiusega-90cm-Erilahendused-Lastemoobel-ja-sisustus_1-c34.jpg","type":"image\/jpeg"}],"twitter_card":"summary_large_image","schema":{"@context":"https:\/\/schema.org","@graph":[{"@type":"WebPage","@id":"https:\/\/beebipood.ee\/ru\/produkt\/narivoodi-komplekt-max-3-basic-roheline\/","url":"https:\/\/beebipood.ee\/ru\/produkt\/narivoodi-komplekt-max-3-basic-roheline\/","name":"Narivoodi komplekt MAX 3 basic, roheline, \u041d\u0430\u0440\u044b, \u041d\u0430\u0440\u044b \u0448\u0438\u0440\u0438\u043d\u043e\u0439 90c\u043c, \u041e\u0441\u043e\u0431\u043e\u0435 \u0440\u0435\u0448\u0435\u043d\u0438\u0435, M\u0435\u0431\u0435\u043b\u044c, Beebipood","isPartOf":{"@id":"https:\/\/beebipood.ee\/ru\/#website"},"primaryImageOfPage":{"@id":"https:\/\/beebipood.ee\/ru\/produkt\/narivoodi-komplekt-max-3-basic-roheline\/#primaryimage"},"image":{"@id":"https:\/\/beebipood.ee\/ru\/produkt\/narivoodi-komplekt-max-3-basic-roheline\/#primaryimage"},"thumbnailUrl":"https:\/\/beebipood.ee\/wp-content\/uploads\/2018\/12\/Narivoodi-komplekt-MAX-3-basic-roheline-Narid-SOODUSPAKKUMISED-UUED-TOOTED-Narid-laiusega-90cm-Erilahendused-Lastemoobel-ja-sisustus_1-c34.jpg","datePublished":"2018-12-18T07:40:00+00:00","dateModified":"2025-01-09T08:49:02+00:00","description":"Narivoodi komplekt MAX 3 basic, roheline, *&nbsp;MAX 3 on inimestele, kes hindavad funktsionaalsust, kaasaegset disaini ning t&auml;psust ja kvaliteeti","breadcrumb":{"@id":"https:\/\/beebipood.ee\/ru\/produkt\/narivoodi-komplekt-max-3-basic-roheline\/#breadcrumb"},"inLanguage":"ru-RU","potentialAction":[{"@type":"ReadAction","target":["https:\/\/beebipood.ee\/ru\/produkt\/narivoodi-komplekt-max-3-basic-roheline\/"]}]},{"@type":"ImageObject","inLanguage":"ru-RU","@id":"https:\/\/beebipood.ee\/ru\/produkt\/narivoodi-komplekt-max-3-basic-roheline\/#primaryimage","url":"https:\/\/beebipood.ee\/wp-content\/uploads\/2018\/12\/Narivoodi-komplekt-MAX-3-basic-roheline-Narid-SOODUSPAKKUMISED-UUED-TOOTED-Narid-laiusega-90cm-Erilahendused-Lastemoobel-ja-sisustus_1-c34.jpg","contentUrl":"https:\/\/beebipood.ee\/wp-content\/uploads\/2018\/12\/Narivoodi-komplekt-MAX-3-basic-roheline-Narid-SOODUSPAKKUMISED-UUED-TOOTED-Narid-laiusega-90cm-Erilahendused-Lastemoobel-ja-sisustus_1-c34.jpg","width":1024,"height":682},{"@type":"BreadcrumbList","@id":"https:\/\/beebipood.ee\/ru\/produkt\/narivoodi-komplekt-max-3-basic-roheline\/#breadcrumb","itemListElement":[{"@type":"ListItem","position":1,"name":"Home","item":"https:\/\/beebipood.ee\/ru\/"},{"@type":"ListItem","position":2,"name":"\u041a\u0430\u0442\u0430\u043b\u043e\u0433 \u0442\u043e\u0432\u0430\u0440\u043e\u0432","item":"https:\/\/beebipood.ee\/tooted\/"},{"@type":"ListItem","position":3,"name":"Narivoodi komplekt MAX 3 basic, roheline"}]},{"@type":"WebSite","@id":"https:\/\/beebipood.ee\/ru\/#website","url":"https:\/\/beebipood.ee\/ru\/","name":"Beebipood","description":"Lastekaubad, beebikaubad, m\u00e4nguasjad","publisher":{"@id":"https:\/\/beebipood.ee\/ru\/#organization"},"potentialAction":[{"@type":"SearchAction","target":{"@type":"EntryPoint","urlTemplate":"https:\/\/beebipood.ee\/ru\/?s={search_term_string}"},"query-input":{"@type":"PropertyValueSpecification","valueRequired":true,"valueName":"search_term_string"}}],"inLanguage":"ru-RU"},{"@type":"Organization","@id":"https:\/\/beebipood.ee\/ru\/#organization","name":"Beebipood","url":"https:\/\/beebipood.ee\/ru\/","logo":{"@type":"ImageObject","inLanguage":"ru-RU","@id":"https:\/\/beebipood.ee\/ru\/#\/schema\/logo\/image\/","url":"https:\/\/beebipood.ee\/wp-content\/uploads\/2025\/03\/beebipood.ee-logo-1.svg","contentUrl":"https:\/\/beebipood.ee\/wp-content\/uploads\/2025\/03\/beebipood.ee-logo-1.svg","caption":"Beebipood"},"image":{"@id":"https:\/\/beebipood.ee\/ru\/#\/schema\/logo\/image\/"}}]}},"brands":[],"_links":{"self":[{"href":"https:\/\/beebipood.ee\/ru\/wp-json\/wp\/v2\/product\/458391","targetHints":{"allow":["GET"]}}],"collection":[{"href":"https:\/\/beebipood.ee\/ru\/wp-json\/wp\/v2\/product"}],"about":[{"href":"https:\/\/beebipood.ee\/ru\/wp-json\/wp\/v2\/types\/product"}],"wp:featuredmedia":[{"embeddable":true,"href":"https:\/\/beebipood.ee\/ru\/wp-json\/wp\/v2\/media\/127106"}],"wp:attachment":[{"href":"https:\/\/beebipood.ee\/ru\/wp-json\/wp\/v2\/media?parent=458391"}],"wp:term":[{"taxonomy":"pwb-brand","embeddable":true,"href":"https:\/\/beebipood.ee\/ru\/wp-json\/wp\/v2\/pwb-brand?post=458391"},{"taxonomy":"product_brand","embeddable":true,"href":"https:\/\/beebipood.ee\/ru\/wp-json\/wp\/v2\/product_brand?post=458391"},{"taxonomy":"product_cat","embeddable":true,"href":"https:\/\/beebipood.ee\/ru\/wp-json\/wp\/v2\/product_cat?post=458391"},{"taxonomy":"product_tag","embeddable":true,"href":"https:\/\/beebipood.ee\/ru\/wp-json\/wp\/v2\/product_tag?post=458391"}],"curies":[{"name":"wp","href":"https:\/\/api.w.org\/{rel}","templated":true}]}}