{"id":458413,"date":"2019-01-04T11:56:24","date_gmt":"2019-01-04T09:56:24","guid":{"rendered":"https:\/\/beebipood.ee\/toode\/alecto-smartbaby5-wifi-videomonitor-valge\/"},"modified":"2025-01-09T10:49:02","modified_gmt":"2025-01-09T08:49:02","slug":"alecto-smartbaby5-wifi-videomonitor-valge","status":"publish","type":"product","link":"https:\/\/beebipood.ee\/ru\/produkt\/alecto-smartbaby5-wifi-videomonitor-valge\/","title":{"rendered":"Alecto Smartbaby5 wifi-videomonitor, valge"},"content":{"rendered":"<p>Praktiline beebimonitor Smartbaby5 v\u00f5imaldab sul j\u00e4lgida oma last k\u00f5ikjalt, <br \/>\u00fchendudes sinu nutiseadmega. Videomonitor saadab sinu nutiseadmele m\u00e4rguande, <br \/>kui kaamera ees toimub liikumine v\u00f5i kostub heli. <br \/>Nutikas videomonitor Smartbaby5 pakub suurep\u00e4rast pildikvaliteeti ka pimedas.<br \/><span style=\"text-decoration: underline;\"><br \/>Omadused<\/span><br \/>Kaameraga wifi-monitor<br \/>J\u00e4lgi oma last kodus v\u00f5i \u00fcksk\u00f5ik kus maailmas<br \/>\u00dchildub nii nutitelefoni kui ka tahvelarvutiga<br \/>Liikumis- ja heliandurid m\u00e4rguandega<br \/>Infrapuna kaamera &#8212; selge pilt ka pimedas<br \/>Kvaliteetne pilt ja heli<br \/>Kahepoolne suhtlus (v\u00f5imalik lapsele vastu r\u00e4\u00e4kida)<br \/>Tasuta Smart Life rakendus (Android ja iOS)<br \/>Pildi v\u00f5i video salvestamine rakenduse abil<br \/>HD kvaliteediga kaamera (1920x1080p)<br \/>Digitaalne suum<br \/>3M kleepsuga kinnitus, mille abil saate kaamera kinnitada seina v\u00f5i muu pinna k\u00fclge<br \/><span style=\"text-decoration: underline;\">Komplektis<\/span><br \/>SMARTBABY5 kaamera<br \/>Adapter ja mikro-usb kaabel<br \/>Kleepsuga seinakinnitus<br \/>Kasutusjuhend<\/p>\n","protected":false},"excerpt":{"rendered":"<p>Praktiline beebimonitor Smartbaby5 v\u00f5imaldab sul j\u00e4lgida oma last k\u00f5ikjalt, \u00fchendudes sinu nutiseadmega. Videomonitor saadab sinu nutiseadmele m\u00e4rguande, kui kaamera ees toimub liikumine v\u00f5i kostub heli. Nutikas videomonitor Smartbaby5 pakub suurep\u00e4rast pildikvaliteeti ka pimedas.OmadusedKaameraga wifi-monitorJ\u00e4lgi oma last kodus v\u00f5i \u00fcksk\u00f5ik kus maailmas\u00dchildub nii nutitelefoni kui ka tahvelarvutigaLiikumis- ja heliandurid m\u00e4rguandegaInfrapuna kaamera &#8212; selge pilt ka pimedasKvaliteetne [&hellip;]<\/p>\n","protected":false},"featured_media":127211,"template":"","meta":{"_acf_changed":false},"pwb-brand":[11968],"product_brand":[],"product_cat":[11707,11791],"product_tag":[],"class_list":{"0":"post-458413","1":"product","2":"type-product","3":"status-publish","4":"has-post-thumbnail","6":"pwb-brand-alecto-ru","7":"product_cat-beebimonitorid-ru","8":"product_cat-turvavarustus-ru","9":"pa_manufacturer-maxi_cosi-ru","11":"first","12":"instock","13":"taxable","14":"shipping-taxable","15":"purchasable","16":"product-type-simple"},"exclude_global_add_ons":[],"addons":[],"acf":[],"yoast_head":"<!-- This site is optimized with the Yoast SEO plugin v27.1.1 - https:\/\/yoast.com\/product\/yoast-seo-wordpress\/ -->\n<title>Alecto Smartbaby5 wifi-videomonitor, valge, \u0420\u0430\u0434\u0438\u043e\u043d\u044f\u043d\u0438, \u0421\u043d\u0430\u0440\u044f\u0436\u0435\u043d\u0438\u044f \u0431\u0435\u0437\u043e\u043f\u0430\u0441\u043d\u043e\u0441\u0442\u0438, Beebipood<\/title>\n<meta name=\"description\" content=\"Alecto Smartbaby5 wifi-videomonitor, valge, Praktiline beebimonitor Smartbaby5 v&otilde;imaldab sul j&auml;lgida oma last k&otilde;ikjalt, &uuml;hendud\" \/>\n<meta name=\"robots\" content=\"index, follow, max-snippet:-1, max-image-preview:large, max-video-preview:-1\" \/>\n<link rel=\"canonical\" href=\"https:\/\/beebipood.ee\/ru\/produkt\/alecto-smartbaby5-wifi-videomonitor-valge\/\" \/>\n<meta property=\"og:locale\" content=\"ru_RU\" \/>\n<meta property=\"og:type\" content=\"article\" \/>\n<meta property=\"og:title\" content=\"Alecto Smartbaby5 wifi-videomonitor, valge, \u0420\u0430\u0434\u0438\u043e\u043d\u044f\u043d\u0438, \u0421\u043d\u0430\u0440\u044f\u0436\u0435\u043d\u0438\u044f \u0431\u0435\u0437\u043e\u043f\u0430\u0441\u043d\u043e\u0441\u0442\u0438, Beebipood\" \/>\n<meta property=\"og:description\" content=\"Alecto Smartbaby5 wifi-videomonitor, valge, Praktiline beebimonitor Smartbaby5 v&otilde;imaldab sul j&auml;lgida oma last k&otilde;ikjalt, &uuml;hendud\" \/>\n<meta property=\"og:url\" content=\"https:\/\/beebipood.ee\/ru\/produkt\/alecto-smartbaby5-wifi-videomonitor-valge\/\" \/>\n<meta property=\"og:site_name\" content=\"Beebipood\" \/>\n<meta property=\"article:modified_time\" content=\"2025-01-09T08:49:02+00:00\" \/>\n<meta property=\"og:image\" content=\"https:\/\/beebipood.ee\/wp-content\/uploads\/2019\/01\/Alecto-Smartbaby5-wifivideomonitor-valge-UUED-TOOTED-Beebimonitorid-Turvavarustus_3-fa5.jpg\" \/>\n\t<meta property=\"og:image:width\" content=\"600\" \/>\n\t<meta property=\"og:image:height\" content=\"600\" \/>\n\t<meta property=\"og:image:type\" content=\"image\/jpeg\" \/>\n<meta name=\"twitter:card\" content=\"summary_large_image\" \/>\n<meta name=\"twitter:label1\" content=\"\u041f\u0440\u0438\u043c\u0435\u0440\u043d\u043e\u0435 \u0432\u0440\u0435\u043c\u044f \u0434\u043b\u044f \u0447\u0442\u0435\u043d\u0438\u044f\" \/>\n\t<meta name=\"twitter:data1\" content=\"1 \u043c\u0438\u043d\u0443\u0442\u0430\" \/>\n<script type=\"application\/ld+json\" class=\"yoast-schema-graph\">{\"@context\":\"https:\/\/schema.org\",\"@graph\":[{\"@type\":\"WebPage\",\"@id\":\"https:\/\/beebipood.ee\/ru\/produkt\/alecto-smartbaby5-wifi-videomonitor-valge\/\",\"url\":\"https:\/\/beebipood.ee\/ru\/produkt\/alecto-smartbaby5-wifi-videomonitor-valge\/\",\"name\":\"Alecto Smartbaby5 wifi-videomonitor, valge, \u0420\u0430\u0434\u0438\u043e\u043d\u044f\u043d\u0438, \u0421\u043d\u0430\u0440\u044f\u0436\u0435\u043d\u0438\u044f \u0431\u0435\u0437\u043e\u043f\u0430\u0441\u043d\u043e\u0441\u0442\u0438, Beebipood\",\"isPartOf\":{\"@id\":\"https:\/\/beebipood.ee\/ru\/#website\"},\"primaryImageOfPage\":{\"@id\":\"https:\/\/beebipood.ee\/ru\/produkt\/alecto-smartbaby5-wifi-videomonitor-valge\/#primaryimage\"},\"image\":{\"@id\":\"https:\/\/beebipood.ee\/ru\/produkt\/alecto-smartbaby5-wifi-videomonitor-valge\/#primaryimage\"},\"thumbnailUrl\":\"https:\/\/beebipood.ee\/wp-content\/uploads\/2019\/01\/Alecto-Smartbaby5-wifivideomonitor-valge-UUED-TOOTED-Beebimonitorid-Turvavarustus_3-fa5.jpg\",\"datePublished\":\"2019-01-04T09:56:24+00:00\",\"dateModified\":\"2025-01-09T08:49:02+00:00\",\"description\":\"Alecto Smartbaby5 wifi-videomonitor, valge, Praktiline beebimonitor Smartbaby5 v&otilde;imaldab sul j&auml;lgida oma last k&otilde;ikjalt, &uuml;hendud\",\"breadcrumb\":{\"@id\":\"https:\/\/beebipood.ee\/ru\/produkt\/alecto-smartbaby5-wifi-videomonitor-valge\/#breadcrumb\"},\"inLanguage\":\"ru-RU\",\"potentialAction\":[{\"@type\":\"ReadAction\",\"target\":[\"https:\/\/beebipood.ee\/ru\/produkt\/alecto-smartbaby5-wifi-videomonitor-valge\/\"]}]},{\"@type\":\"ImageObject\",\"inLanguage\":\"ru-RU\",\"@id\":\"https:\/\/beebipood.ee\/ru\/produkt\/alecto-smartbaby5-wifi-videomonitor-valge\/#primaryimage\",\"url\":\"https:\/\/beebipood.ee\/wp-content\/uploads\/2019\/01\/Alecto-Smartbaby5-wifivideomonitor-valge-UUED-TOOTED-Beebimonitorid-Turvavarustus_3-fa5.jpg\",\"contentUrl\":\"https:\/\/beebipood.ee\/wp-content\/uploads\/2019\/01\/Alecto-Smartbaby5-wifivideomonitor-valge-UUED-TOOTED-Beebimonitorid-Turvavarustus_3-fa5.jpg\",\"width\":600,\"height\":600},{\"@type\":\"BreadcrumbList\",\"@id\":\"https:\/\/beebipood.ee\/ru\/produkt\/alecto-smartbaby5-wifi-videomonitor-valge\/#breadcrumb\",\"itemListElement\":[{\"@type\":\"ListItem\",\"position\":1,\"name\":\"Home\",\"item\":\"https:\/\/beebipood.ee\/ru\/\"},{\"@type\":\"ListItem\",\"position\":2,\"name\":\"\u041a\u0430\u0442\u0430\u043b\u043e\u0433 \u0442\u043e\u0432\u0430\u0440\u043e\u0432\",\"item\":\"https:\/\/beebipood.ee\/tooted\/\"},{\"@type\":\"ListItem\",\"position\":3,\"name\":\"Alecto Smartbaby5 wifi-videomonitor, valge\"}]},{\"@type\":\"WebSite\",\"@id\":\"https:\/\/beebipood.ee\/ru\/#website\",\"url\":\"https:\/\/beebipood.ee\/ru\/\",\"name\":\"Beebipood\",\"description\":\"Lastekaubad, beebikaubad, m\u00e4nguasjad\",\"publisher\":{\"@id\":\"https:\/\/beebipood.ee\/ru\/#organization\"},\"potentialAction\":[{\"@type\":\"SearchAction\",\"target\":{\"@type\":\"EntryPoint\",\"urlTemplate\":\"https:\/\/beebipood.ee\/ru\/?s={search_term_string}\"},\"query-input\":{\"@type\":\"PropertyValueSpecification\",\"valueRequired\":true,\"valueName\":\"search_term_string\"}}],\"inLanguage\":\"ru-RU\"},{\"@type\":\"Organization\",\"@id\":\"https:\/\/beebipood.ee\/ru\/#organization\",\"name\":\"Beebipood\",\"url\":\"https:\/\/beebipood.ee\/ru\/\",\"logo\":{\"@type\":\"ImageObject\",\"inLanguage\":\"ru-RU\",\"@id\":\"https:\/\/beebipood.ee\/ru\/#\/schema\/logo\/image\/\",\"url\":\"https:\/\/beebipood.ee\/wp-content\/uploads\/2025\/03\/beebipood.ee-logo-1.svg\",\"contentUrl\":\"https:\/\/beebipood.ee\/wp-content\/uploads\/2025\/03\/beebipood.ee-logo-1.svg\",\"caption\":\"Beebipood\"},\"image\":{\"@id\":\"https:\/\/beebipood.ee\/ru\/#\/schema\/logo\/image\/\"}}]}<\/script>\n<!-- \/ Yoast SEO plugin. -->","yoast_head_json":{"title":"Alecto Smartbaby5 wifi-videomonitor, valge, \u0420\u0430\u0434\u0438\u043e\u043d\u044f\u043d\u0438, \u0421\u043d\u0430\u0440\u044f\u0436\u0435\u043d\u0438\u044f \u0431\u0435\u0437\u043e\u043f\u0430\u0441\u043d\u043e\u0441\u0442\u0438, Beebipood","description":"Alecto Smartbaby5 wifi-videomonitor, valge, Praktiline beebimonitor Smartbaby5 v&otilde;imaldab sul j&auml;lgida oma last k&otilde;ikjalt, &uuml;hendud","robots":{"index":"index","follow":"follow","max-snippet":"max-snippet:-1","max-image-preview":"max-image-preview:large","max-video-preview":"max-video-preview:-1"},"canonical":"https:\/\/beebipood.ee\/ru\/produkt\/alecto-smartbaby5-wifi-videomonitor-valge\/","og_locale":"ru_RU","og_type":"article","og_title":"Alecto Smartbaby5 wifi-videomonitor, valge, \u0420\u0430\u0434\u0438\u043e\u043d\u044f\u043d\u0438, \u0421\u043d\u0430\u0440\u044f\u0436\u0435\u043d\u0438\u044f \u0431\u0435\u0437\u043e\u043f\u0430\u0441\u043d\u043e\u0441\u0442\u0438, Beebipood","og_description":"Alecto Smartbaby5 wifi-videomonitor, valge, Praktiline beebimonitor Smartbaby5 v&otilde;imaldab sul j&auml;lgida oma last k&otilde;ikjalt, &uuml;hendud","og_url":"https:\/\/beebipood.ee\/ru\/produkt\/alecto-smartbaby5-wifi-videomonitor-valge\/","og_site_name":"Beebipood","article_modified_time":"2025-01-09T08:49:02+00:00","og_image":[{"width":600,"height":600,"url":"https:\/\/beebipood.ee\/wp-content\/uploads\/2019\/01\/Alecto-Smartbaby5-wifivideomonitor-valge-UUED-TOOTED-Beebimonitorid-Turvavarustus_3-fa5.jpg","type":"image\/jpeg"}],"twitter_card":"summary_large_image","twitter_misc":{"\u041f\u0440\u0438\u043c\u0435\u0440\u043d\u043e\u0435 \u0432\u0440\u0435\u043c\u044f \u0434\u043b\u044f \u0447\u0442\u0435\u043d\u0438\u044f":"1 \u043c\u0438\u043d\u0443\u0442\u0430"},"schema":{"@context":"https:\/\/schema.org","@graph":[{"@type":"WebPage","@id":"https:\/\/beebipood.ee\/ru\/produkt\/alecto-smartbaby5-wifi-videomonitor-valge\/","url":"https:\/\/beebipood.ee\/ru\/produkt\/alecto-smartbaby5-wifi-videomonitor-valge\/","name":"Alecto Smartbaby5 wifi-videomonitor, valge, \u0420\u0430\u0434\u0438\u043e\u043d\u044f\u043d\u0438, \u0421\u043d\u0430\u0440\u044f\u0436\u0435\u043d\u0438\u044f \u0431\u0435\u0437\u043e\u043f\u0430\u0441\u043d\u043e\u0441\u0442\u0438, Beebipood","isPartOf":{"@id":"https:\/\/beebipood.ee\/ru\/#website"},"primaryImageOfPage":{"@id":"https:\/\/beebipood.ee\/ru\/produkt\/alecto-smartbaby5-wifi-videomonitor-valge\/#primaryimage"},"image":{"@id":"https:\/\/beebipood.ee\/ru\/produkt\/alecto-smartbaby5-wifi-videomonitor-valge\/#primaryimage"},"thumbnailUrl":"https:\/\/beebipood.ee\/wp-content\/uploads\/2019\/01\/Alecto-Smartbaby5-wifivideomonitor-valge-UUED-TOOTED-Beebimonitorid-Turvavarustus_3-fa5.jpg","datePublished":"2019-01-04T09:56:24+00:00","dateModified":"2025-01-09T08:49:02+00:00","description":"Alecto Smartbaby5 wifi-videomonitor, valge, Praktiline beebimonitor Smartbaby5 v&otilde;imaldab sul j&auml;lgida oma last k&otilde;ikjalt, &uuml;hendud","breadcrumb":{"@id":"https:\/\/beebipood.ee\/ru\/produkt\/alecto-smartbaby5-wifi-videomonitor-valge\/#breadcrumb"},"inLanguage":"ru-RU","potentialAction":[{"@type":"ReadAction","target":["https:\/\/beebipood.ee\/ru\/produkt\/alecto-smartbaby5-wifi-videomonitor-valge\/"]}]},{"@type":"ImageObject","inLanguage":"ru-RU","@id":"https:\/\/beebipood.ee\/ru\/produkt\/alecto-smartbaby5-wifi-videomonitor-valge\/#primaryimage","url":"https:\/\/beebipood.ee\/wp-content\/uploads\/2019\/01\/Alecto-Smartbaby5-wifivideomonitor-valge-UUED-TOOTED-Beebimonitorid-Turvavarustus_3-fa5.jpg","contentUrl":"https:\/\/beebipood.ee\/wp-content\/uploads\/2019\/01\/Alecto-Smartbaby5-wifivideomonitor-valge-UUED-TOOTED-Beebimonitorid-Turvavarustus_3-fa5.jpg","width":600,"height":600},{"@type":"BreadcrumbList","@id":"https:\/\/beebipood.ee\/ru\/produkt\/alecto-smartbaby5-wifi-videomonitor-valge\/#breadcrumb","itemListElement":[{"@type":"ListItem","position":1,"name":"Home","item":"https:\/\/beebipood.ee\/ru\/"},{"@type":"ListItem","position":2,"name":"\u041a\u0430\u0442\u0430\u043b\u043e\u0433 \u0442\u043e\u0432\u0430\u0440\u043e\u0432","item":"https:\/\/beebipood.ee\/tooted\/"},{"@type":"ListItem","position":3,"name":"Alecto Smartbaby5 wifi-videomonitor, valge"}]},{"@type":"WebSite","@id":"https:\/\/beebipood.ee\/ru\/#website","url":"https:\/\/beebipood.ee\/ru\/","name":"Beebipood","description":"Lastekaubad, beebikaubad, m\u00e4nguasjad","publisher":{"@id":"https:\/\/beebipood.ee\/ru\/#organization"},"potentialAction":[{"@type":"SearchAction","target":{"@type":"EntryPoint","urlTemplate":"https:\/\/beebipood.ee\/ru\/?s={search_term_string}"},"query-input":{"@type":"PropertyValueSpecification","valueRequired":true,"valueName":"search_term_string"}}],"inLanguage":"ru-RU"},{"@type":"Organization","@id":"https:\/\/beebipood.ee\/ru\/#organization","name":"Beebipood","url":"https:\/\/beebipood.ee\/ru\/","logo":{"@type":"ImageObject","inLanguage":"ru-RU","@id":"https:\/\/beebipood.ee\/ru\/#\/schema\/logo\/image\/","url":"https:\/\/beebipood.ee\/wp-content\/uploads\/2025\/03\/beebipood.ee-logo-1.svg","contentUrl":"https:\/\/beebipood.ee\/wp-content\/uploads\/2025\/03\/beebipood.ee-logo-1.svg","caption":"Beebipood"},"image":{"@id":"https:\/\/beebipood.ee\/ru\/#\/schema\/logo\/image\/"}}]}},"brands":[{"id":11968,"name":"Alecto","slug":"alecto-ru"}],"_links":{"self":[{"href":"https:\/\/beebipood.ee\/ru\/wp-json\/wp\/v2\/product\/458413","targetHints":{"allow":["GET"]}}],"collection":[{"href":"https:\/\/beebipood.ee\/ru\/wp-json\/wp\/v2\/product"}],"about":[{"href":"https:\/\/beebipood.ee\/ru\/wp-json\/wp\/v2\/types\/product"}],"wp:featuredmedia":[{"embeddable":true,"href":"https:\/\/beebipood.ee\/ru\/wp-json\/wp\/v2\/media\/127211"}],"wp:attachment":[{"href":"https:\/\/beebipood.ee\/ru\/wp-json\/wp\/v2\/media?parent=458413"}],"wp:term":[{"taxonomy":"pwb-brand","embeddable":true,"href":"https:\/\/beebipood.ee\/ru\/wp-json\/wp\/v2\/pwb-brand?post=458413"},{"taxonomy":"product_brand","embeddable":true,"href":"https:\/\/beebipood.ee\/ru\/wp-json\/wp\/v2\/product_brand?post=458413"},{"taxonomy":"product_cat","embeddable":true,"href":"https:\/\/beebipood.ee\/ru\/wp-json\/wp\/v2\/product_cat?post=458413"},{"taxonomy":"product_tag","embeddable":true,"href":"https:\/\/beebipood.ee\/ru\/wp-json\/wp\/v2\/product_tag?post=458413"}],"curies":[{"name":"wp","href":"https:\/\/api.w.org\/{rel}","templated":true}]}}