{"id":458463,"date":"2019-01-29T08:34:00","date_gmt":"2019-01-29T06:34:00","guid":{"rendered":"https:\/\/beebipood.ee\/toode\/hauck-dryk-duo-jalgrattahaagise-vihmakaile\/"},"modified":"2025-01-09T10:49:00","modified_gmt":"2025-01-09T08:49:00","slug":"hauck-dryk-duo-jalgrattahaagise-vihmakaile","status":"publish","type":"product","link":"https:\/\/beebipood.ee\/ru\/produkt\/hauck-dryk-duo-jalgrattahaagise-vihmakaile\/","title":{"rendered":"Hauck Dryk Duo jalgrattahaagise vihmakaile"},"content":{"rendered":"<p>Vihmakaile on kiiresti \u00fcle haagise visatav ja takjakinnitustega <br \/>T\u00e4pne sobivus ja kindel kinnitus t\u00e4hendab, et vihmakate p\u00fcsib paigal.<br \/>Sobib Hauck Dryk Duo jalgrattahaagisele<br \/>Hoiab sisemuse ja teie lapsed kuivana <br \/>Kiire ja lihtne kinnitada v\u00f5i eemaldada <br \/>T\u00e4nu suurtele tuulutusavadele v\u00e4ga hea \u00f5huringlus ei l\u00e4he uduseks<br \/>Ideaalne kaasa v\u00f5tmiseks: ruumis\u00e4\u00e4stlik ja kokkupandav<\/p>\n","protected":false},"excerpt":{"rendered":"<p>Vihmakaile on kiiresti \u00fcle haagise visatav ja takjakinnitustega T\u00e4pne sobivus ja kindel kinnitus t\u00e4hendab, et vihmakate p\u00fcsib paigal.Sobib Hauck Dryk Duo jalgrattahaagiseleHoiab sisemuse ja teie lapsed kuivana Kiire ja lihtne kinnitada v\u00f5i eemaldada T\u00e4nu suurtele tuulutusavadele v\u00e4ga hea \u00f5huringlus ei l\u00e4he uduseksIdeaalne kaasa v\u00f5tmiseks: ruumis\u00e4\u00e4stlik ja kokkupandav<\/p>\n","protected":false},"featured_media":127493,"template":"","meta":{"_acf_changed":false},"pwb-brand":[11952],"product_brand":[],"product_cat":[11841,11721,11723,11725,11717],"product_tag":[],"class_list":{"0":"post-458463","1":"product","2":"type-product","3":"status-publish","4":"has-post-thumbnail","6":"pwb-brand-hauck-ru","7":"product_cat-jalgrattahaagised-ru","8":"product_cat-jalutuskarud-ru","9":"product_cat-kaksikutele-ru","10":"product_cat-lisatarvikud-ru","11":"product_cat-lastevankrid-ja-karud-ru","12":"pa_manufacturer-hauck-ru","14":"first","15":"instock","16":"taxable","17":"shipping-taxable","18":"purchasable","19":"product-type-simple"},"exclude_global_add_ons":[],"addons":[],"acf":[],"yoast_head":"<!-- This site is optimized with the Yoast SEO plugin v27.1.1 - https:\/\/yoast.com\/product\/yoast-seo-wordpress\/ -->\n<title>Hauck Dryk Duo jalgrattahaagise vihmakaile, \u041a\u043e\u043b\u044f\u0441\u043a\u0438, \u041f\u0440\u043e\u0433\u0443\u043b\u043e\u0447\u043d\u044b\u0435 \u043a\u043e\u043b\u044f\u0441\u043a\u0438, \u0414\u043b\u044f \u0434\u0432\u043e\u0439\u043d\u044f\u0448\u0435\u043a, \u041f\u0440\u0438\u043d\u0430\u0434\u043b\u0435\u0436\u043d\u043e\u0441\u0442\u0438, Beebipood<\/title>\n<meta name=\"description\" content=\"Hauck Dryk Duo jalgrattahaagise vihmakaile, Vihmakaile on kiiresti &uuml;le haagise visatav ja takjakinnitustega T&auml;pne sobivus ja kindel kinnitus\" \/>\n<meta name=\"robots\" content=\"index, follow, max-snippet:-1, max-image-preview:large, max-video-preview:-1\" \/>\n<link rel=\"canonical\" href=\"https:\/\/beebipood.ee\/ru\/produkt\/hauck-dryk-duo-jalgrattahaagise-vihmakaile\/\" \/>\n<meta property=\"og:locale\" content=\"ru_RU\" \/>\n<meta property=\"og:type\" content=\"article\" \/>\n<meta property=\"og:title\" content=\"Hauck Dryk Duo jalgrattahaagise vihmakaile, \u041a\u043e\u043b\u044f\u0441\u043a\u0438, \u041f\u0440\u043e\u0433\u0443\u043b\u043e\u0447\u043d\u044b\u0435 \u043a\u043e\u043b\u044f\u0441\u043a\u0438, \u0414\u043b\u044f \u0434\u0432\u043e\u0439\u043d\u044f\u0448\u0435\u043a, \u041f\u0440\u0438\u043d\u0430\u0434\u043b\u0435\u0436\u043d\u043e\u0441\u0442\u0438, Beebipood\" \/>\n<meta property=\"og:description\" content=\"Hauck Dryk Duo jalgrattahaagise vihmakaile, Vihmakaile on kiiresti &uuml;le haagise visatav ja takjakinnitustega T&auml;pne sobivus ja kindel kinnitus\" \/>\n<meta property=\"og:url\" content=\"https:\/\/beebipood.ee\/ru\/produkt\/hauck-dryk-duo-jalgrattahaagise-vihmakaile\/\" \/>\n<meta property=\"og:site_name\" content=\"Beebipood\" \/>\n<meta property=\"article:modified_time\" content=\"2025-01-09T08:49:00+00:00\" \/>\n<meta property=\"og:image\" content=\"https:\/\/beebipood.ee\/wp-content\/uploads\/2019\/01\/Hauck-Dryk-Duo-jalgrattahaagise-vihmakaile-Lastevankrid-ja-karud-Jalutuskarud-Kaksikutele-Lisavarustus-_3-1e3.jpg\" \/>\n\t<meta property=\"og:image:width\" content=\"1500\" \/>\n\t<meta property=\"og:image:height\" content=\"1500\" \/>\n\t<meta property=\"og:image:type\" content=\"image\/jpeg\" \/>\n<meta name=\"twitter:card\" content=\"summary_large_image\" \/>\n<script type=\"application\/ld+json\" class=\"yoast-schema-graph\">{\"@context\":\"https:\/\/schema.org\",\"@graph\":[{\"@type\":\"WebPage\",\"@id\":\"https:\/\/beebipood.ee\/ru\/produkt\/hauck-dryk-duo-jalgrattahaagise-vihmakaile\/\",\"url\":\"https:\/\/beebipood.ee\/ru\/produkt\/hauck-dryk-duo-jalgrattahaagise-vihmakaile\/\",\"name\":\"Hauck Dryk Duo jalgrattahaagise vihmakaile, \u041a\u043e\u043b\u044f\u0441\u043a\u0438, \u041f\u0440\u043e\u0433\u0443\u043b\u043e\u0447\u043d\u044b\u0435 \u043a\u043e\u043b\u044f\u0441\u043a\u0438, \u0414\u043b\u044f \u0434\u0432\u043e\u0439\u043d\u044f\u0448\u0435\u043a, \u041f\u0440\u0438\u043d\u0430\u0434\u043b\u0435\u0436\u043d\u043e\u0441\u0442\u0438, Beebipood\",\"isPartOf\":{\"@id\":\"https:\/\/beebipood.ee\/ru\/#website\"},\"primaryImageOfPage\":{\"@id\":\"https:\/\/beebipood.ee\/ru\/produkt\/hauck-dryk-duo-jalgrattahaagise-vihmakaile\/#primaryimage\"},\"image\":{\"@id\":\"https:\/\/beebipood.ee\/ru\/produkt\/hauck-dryk-duo-jalgrattahaagise-vihmakaile\/#primaryimage\"},\"thumbnailUrl\":\"https:\/\/beebipood.ee\/wp-content\/uploads\/2019\/01\/Hauck-Dryk-Duo-jalgrattahaagise-vihmakaile-Lastevankrid-ja-karud-Jalutuskarud-Kaksikutele-Lisavarustus-_3-1e3.jpg\",\"datePublished\":\"2019-01-29T06:34:00+00:00\",\"dateModified\":\"2025-01-09T08:49:00+00:00\",\"description\":\"Hauck Dryk Duo jalgrattahaagise vihmakaile, Vihmakaile on kiiresti &uuml;le haagise visatav ja takjakinnitustega T&auml;pne sobivus ja kindel kinnitus\",\"breadcrumb\":{\"@id\":\"https:\/\/beebipood.ee\/ru\/produkt\/hauck-dryk-duo-jalgrattahaagise-vihmakaile\/#breadcrumb\"},\"inLanguage\":\"ru-RU\",\"potentialAction\":[{\"@type\":\"ReadAction\",\"target\":[\"https:\/\/beebipood.ee\/ru\/produkt\/hauck-dryk-duo-jalgrattahaagise-vihmakaile\/\"]}]},{\"@type\":\"ImageObject\",\"inLanguage\":\"ru-RU\",\"@id\":\"https:\/\/beebipood.ee\/ru\/produkt\/hauck-dryk-duo-jalgrattahaagise-vihmakaile\/#primaryimage\",\"url\":\"https:\/\/beebipood.ee\/wp-content\/uploads\/2019\/01\/Hauck-Dryk-Duo-jalgrattahaagise-vihmakaile-Lastevankrid-ja-karud-Jalutuskarud-Kaksikutele-Lisavarustus-_3-1e3.jpg\",\"contentUrl\":\"https:\/\/beebipood.ee\/wp-content\/uploads\/2019\/01\/Hauck-Dryk-Duo-jalgrattahaagise-vihmakaile-Lastevankrid-ja-karud-Jalutuskarud-Kaksikutele-Lisavarustus-_3-1e3.jpg\",\"width\":1500,\"height\":1500},{\"@type\":\"BreadcrumbList\",\"@id\":\"https:\/\/beebipood.ee\/ru\/produkt\/hauck-dryk-duo-jalgrattahaagise-vihmakaile\/#breadcrumb\",\"itemListElement\":[{\"@type\":\"ListItem\",\"position\":1,\"name\":\"Home\",\"item\":\"https:\/\/beebipood.ee\/ru\/\"},{\"@type\":\"ListItem\",\"position\":2,\"name\":\"\u041a\u0430\u0442\u0430\u043b\u043e\u0433 \u0442\u043e\u0432\u0430\u0440\u043e\u0432\",\"item\":\"https:\/\/beebipood.ee\/tooted\/\"},{\"@type\":\"ListItem\",\"position\":3,\"name\":\"Hauck Dryk Duo jalgrattahaagise vihmakaile\"}]},{\"@type\":\"WebSite\",\"@id\":\"https:\/\/beebipood.ee\/ru\/#website\",\"url\":\"https:\/\/beebipood.ee\/ru\/\",\"name\":\"Beebipood\",\"description\":\"Lastekaubad, beebikaubad, m\u00e4nguasjad\",\"publisher\":{\"@id\":\"https:\/\/beebipood.ee\/ru\/#organization\"},\"potentialAction\":[{\"@type\":\"SearchAction\",\"target\":{\"@type\":\"EntryPoint\",\"urlTemplate\":\"https:\/\/beebipood.ee\/ru\/?s={search_term_string}\"},\"query-input\":{\"@type\":\"PropertyValueSpecification\",\"valueRequired\":true,\"valueName\":\"search_term_string\"}}],\"inLanguage\":\"ru-RU\"},{\"@type\":\"Organization\",\"@id\":\"https:\/\/beebipood.ee\/ru\/#organization\",\"name\":\"Beebipood\",\"url\":\"https:\/\/beebipood.ee\/ru\/\",\"logo\":{\"@type\":\"ImageObject\",\"inLanguage\":\"ru-RU\",\"@id\":\"https:\/\/beebipood.ee\/ru\/#\/schema\/logo\/image\/\",\"url\":\"https:\/\/beebipood.ee\/wp-content\/uploads\/2025\/03\/beebipood.ee-logo-1.svg\",\"contentUrl\":\"https:\/\/beebipood.ee\/wp-content\/uploads\/2025\/03\/beebipood.ee-logo-1.svg\",\"caption\":\"Beebipood\"},\"image\":{\"@id\":\"https:\/\/beebipood.ee\/ru\/#\/schema\/logo\/image\/\"}}]}<\/script>\n<!-- \/ Yoast SEO plugin. -->","yoast_head_json":{"title":"Hauck Dryk Duo jalgrattahaagise vihmakaile, \u041a\u043e\u043b\u044f\u0441\u043a\u0438, \u041f\u0440\u043e\u0433\u0443\u043b\u043e\u0447\u043d\u044b\u0435 \u043a\u043e\u043b\u044f\u0441\u043a\u0438, \u0414\u043b\u044f \u0434\u0432\u043e\u0439\u043d\u044f\u0448\u0435\u043a, \u041f\u0440\u0438\u043d\u0430\u0434\u043b\u0435\u0436\u043d\u043e\u0441\u0442\u0438, Beebipood","description":"Hauck Dryk Duo jalgrattahaagise vihmakaile, Vihmakaile on kiiresti &uuml;le haagise visatav ja takjakinnitustega T&auml;pne sobivus ja kindel kinnitus","robots":{"index":"index","follow":"follow","max-snippet":"max-snippet:-1","max-image-preview":"max-image-preview:large","max-video-preview":"max-video-preview:-1"},"canonical":"https:\/\/beebipood.ee\/ru\/produkt\/hauck-dryk-duo-jalgrattahaagise-vihmakaile\/","og_locale":"ru_RU","og_type":"article","og_title":"Hauck Dryk Duo jalgrattahaagise vihmakaile, \u041a\u043e\u043b\u044f\u0441\u043a\u0438, \u041f\u0440\u043e\u0433\u0443\u043b\u043e\u0447\u043d\u044b\u0435 \u043a\u043e\u043b\u044f\u0441\u043a\u0438, \u0414\u043b\u044f \u0434\u0432\u043e\u0439\u043d\u044f\u0448\u0435\u043a, \u041f\u0440\u0438\u043d\u0430\u0434\u043b\u0435\u0436\u043d\u043e\u0441\u0442\u0438, Beebipood","og_description":"Hauck Dryk Duo jalgrattahaagise vihmakaile, Vihmakaile on kiiresti &uuml;le haagise visatav ja takjakinnitustega T&auml;pne sobivus ja kindel kinnitus","og_url":"https:\/\/beebipood.ee\/ru\/produkt\/hauck-dryk-duo-jalgrattahaagise-vihmakaile\/","og_site_name":"Beebipood","article_modified_time":"2025-01-09T08:49:00+00:00","og_image":[{"width":1500,"height":1500,"url":"https:\/\/beebipood.ee\/wp-content\/uploads\/2019\/01\/Hauck-Dryk-Duo-jalgrattahaagise-vihmakaile-Lastevankrid-ja-karud-Jalutuskarud-Kaksikutele-Lisavarustus-_3-1e3.jpg","type":"image\/jpeg"}],"twitter_card":"summary_large_image","schema":{"@context":"https:\/\/schema.org","@graph":[{"@type":"WebPage","@id":"https:\/\/beebipood.ee\/ru\/produkt\/hauck-dryk-duo-jalgrattahaagise-vihmakaile\/","url":"https:\/\/beebipood.ee\/ru\/produkt\/hauck-dryk-duo-jalgrattahaagise-vihmakaile\/","name":"Hauck Dryk Duo jalgrattahaagise vihmakaile, \u041a\u043e\u043b\u044f\u0441\u043a\u0438, \u041f\u0440\u043e\u0433\u0443\u043b\u043e\u0447\u043d\u044b\u0435 \u043a\u043e\u043b\u044f\u0441\u043a\u0438, \u0414\u043b\u044f \u0434\u0432\u043e\u0439\u043d\u044f\u0448\u0435\u043a, \u041f\u0440\u0438\u043d\u0430\u0434\u043b\u0435\u0436\u043d\u043e\u0441\u0442\u0438, Beebipood","isPartOf":{"@id":"https:\/\/beebipood.ee\/ru\/#website"},"primaryImageOfPage":{"@id":"https:\/\/beebipood.ee\/ru\/produkt\/hauck-dryk-duo-jalgrattahaagise-vihmakaile\/#primaryimage"},"image":{"@id":"https:\/\/beebipood.ee\/ru\/produkt\/hauck-dryk-duo-jalgrattahaagise-vihmakaile\/#primaryimage"},"thumbnailUrl":"https:\/\/beebipood.ee\/wp-content\/uploads\/2019\/01\/Hauck-Dryk-Duo-jalgrattahaagise-vihmakaile-Lastevankrid-ja-karud-Jalutuskarud-Kaksikutele-Lisavarustus-_3-1e3.jpg","datePublished":"2019-01-29T06:34:00+00:00","dateModified":"2025-01-09T08:49:00+00:00","description":"Hauck Dryk Duo jalgrattahaagise vihmakaile, Vihmakaile on kiiresti &uuml;le haagise visatav ja takjakinnitustega T&auml;pne sobivus ja kindel kinnitus","breadcrumb":{"@id":"https:\/\/beebipood.ee\/ru\/produkt\/hauck-dryk-duo-jalgrattahaagise-vihmakaile\/#breadcrumb"},"inLanguage":"ru-RU","potentialAction":[{"@type":"ReadAction","target":["https:\/\/beebipood.ee\/ru\/produkt\/hauck-dryk-duo-jalgrattahaagise-vihmakaile\/"]}]},{"@type":"ImageObject","inLanguage":"ru-RU","@id":"https:\/\/beebipood.ee\/ru\/produkt\/hauck-dryk-duo-jalgrattahaagise-vihmakaile\/#primaryimage","url":"https:\/\/beebipood.ee\/wp-content\/uploads\/2019\/01\/Hauck-Dryk-Duo-jalgrattahaagise-vihmakaile-Lastevankrid-ja-karud-Jalutuskarud-Kaksikutele-Lisavarustus-_3-1e3.jpg","contentUrl":"https:\/\/beebipood.ee\/wp-content\/uploads\/2019\/01\/Hauck-Dryk-Duo-jalgrattahaagise-vihmakaile-Lastevankrid-ja-karud-Jalutuskarud-Kaksikutele-Lisavarustus-_3-1e3.jpg","width":1500,"height":1500},{"@type":"BreadcrumbList","@id":"https:\/\/beebipood.ee\/ru\/produkt\/hauck-dryk-duo-jalgrattahaagise-vihmakaile\/#breadcrumb","itemListElement":[{"@type":"ListItem","position":1,"name":"Home","item":"https:\/\/beebipood.ee\/ru\/"},{"@type":"ListItem","position":2,"name":"\u041a\u0430\u0442\u0430\u043b\u043e\u0433 \u0442\u043e\u0432\u0430\u0440\u043e\u0432","item":"https:\/\/beebipood.ee\/tooted\/"},{"@type":"ListItem","position":3,"name":"Hauck Dryk Duo jalgrattahaagise vihmakaile"}]},{"@type":"WebSite","@id":"https:\/\/beebipood.ee\/ru\/#website","url":"https:\/\/beebipood.ee\/ru\/","name":"Beebipood","description":"Lastekaubad, beebikaubad, m\u00e4nguasjad","publisher":{"@id":"https:\/\/beebipood.ee\/ru\/#organization"},"potentialAction":[{"@type":"SearchAction","target":{"@type":"EntryPoint","urlTemplate":"https:\/\/beebipood.ee\/ru\/?s={search_term_string}"},"query-input":{"@type":"PropertyValueSpecification","valueRequired":true,"valueName":"search_term_string"}}],"inLanguage":"ru-RU"},{"@type":"Organization","@id":"https:\/\/beebipood.ee\/ru\/#organization","name":"Beebipood","url":"https:\/\/beebipood.ee\/ru\/","logo":{"@type":"ImageObject","inLanguage":"ru-RU","@id":"https:\/\/beebipood.ee\/ru\/#\/schema\/logo\/image\/","url":"https:\/\/beebipood.ee\/wp-content\/uploads\/2025\/03\/beebipood.ee-logo-1.svg","contentUrl":"https:\/\/beebipood.ee\/wp-content\/uploads\/2025\/03\/beebipood.ee-logo-1.svg","caption":"Beebipood"},"image":{"@id":"https:\/\/beebipood.ee\/ru\/#\/schema\/logo\/image\/"}}]}},"brands":[{"id":11952,"name":"Hauck","slug":"hauck-ru"}],"_links":{"self":[{"href":"https:\/\/beebipood.ee\/ru\/wp-json\/wp\/v2\/product\/458463","targetHints":{"allow":["GET"]}}],"collection":[{"href":"https:\/\/beebipood.ee\/ru\/wp-json\/wp\/v2\/product"}],"about":[{"href":"https:\/\/beebipood.ee\/ru\/wp-json\/wp\/v2\/types\/product"}],"wp:featuredmedia":[{"embeddable":true,"href":"https:\/\/beebipood.ee\/ru\/wp-json\/wp\/v2\/media\/127493"}],"wp:attachment":[{"href":"https:\/\/beebipood.ee\/ru\/wp-json\/wp\/v2\/media?parent=458463"}],"wp:term":[{"taxonomy":"pwb-brand","embeddable":true,"href":"https:\/\/beebipood.ee\/ru\/wp-json\/wp\/v2\/pwb-brand?post=458463"},{"taxonomy":"product_brand","embeddable":true,"href":"https:\/\/beebipood.ee\/ru\/wp-json\/wp\/v2\/product_brand?post=458463"},{"taxonomy":"product_cat","embeddable":true,"href":"https:\/\/beebipood.ee\/ru\/wp-json\/wp\/v2\/product_cat?post=458463"},{"taxonomy":"product_tag","embeddable":true,"href":"https:\/\/beebipood.ee\/ru\/wp-json\/wp\/v2\/product_tag?post=458463"}],"curies":[{"name":"wp","href":"https:\/\/api.w.org\/{rel}","templated":true}]}}