{"id":458477,"date":"2025-10-13T07:36:26","date_gmt":"2025-10-13T04:36:26","guid":{"rendered":"https:\/\/beebipood.ee\/toode\/muuvo-quick-4-0-jalutuskaru-2in1-azure-blue\/"},"modified":"2025-10-13T12:51:09","modified_gmt":"2025-10-13T09:51:09","slug":"muuvo-one-jalutuskaru-2in1-negro","status":"publish","type":"product","link":"https:\/\/beebipood.ee\/ru\/produkt\/muuvo-one-jalutuskaru-2in1-negro\/","title":{"rendered":"Muuvo ONE jalutusk\u00e4ru 2in1, Negro"},"content":{"rendered":"<h3 data-start=\"146\" data-end=\"182\"><strong data-start=\"150\" data-end=\"182\">Muuvo One \u2013 2-\u00fches jalutusk\u00e4ru<\/strong><\/h3>\n<p data-start=\"184\" data-end=\"514\"><strong data-start=\"184\" data-end=\"197\">Muuvo One<\/strong>\u00a0on mitmek\u00fclgne 2in1 jalutusk\u00e4ru, mis sobib lastele s\u00fcnnist kuni 4. eluaastani v\u00f5i kuni 22 kg kaaluni. See \u00fchendab ajatu disaini ja funktsionaalsuse, mida hindavad t\u00e4nap\u00e4evased lapsevanemad.<br data-start=\"387\" data-end=\"390\" \/>T\u00e4nu\u00a0<strong data-start=\"395\" data-end=\"421\">autofolding-s\u00fcsteemile<\/strong>\u00a0saad jalutusk\u00e4ru kokku panna \u00fche k\u00e4ega \u2013 ideaalne valik nii linnas liiklemiseks kui ka reisimiseks.<\/p>\n<hr data-start=\"516\" data-end=\"519\" \/>\n<h3 data-start=\"521\" data-end=\"553\"><strong data-start=\"525\" data-end=\"553\">Muuvo One vankrikorv ja istumisosa<\/strong><\/h3>\n<p data-start=\"555\" data-end=\"776\">Vankrikorv on valmistatud kergest ja vastupidavast\u00a0<strong data-start=\"602\" data-end=\"621\">EPP-materjalist<\/strong>, mis summutab l\u00f6\u00f6ke ning pakub lapsele ruumikust ja mugavust.<br data-start=\"683\" data-end=\"686\" \/>Kolm\u00a0<strong data-start=\"691\" data-end=\"705\">Airflow 3D<\/strong>\u00a0ventilatsioonipaneeli tagavad pideva \u00f5huringluse ja m\u00f5nusa sisekliima.<\/p>\n<p data-start=\"778\" data-end=\"999\">Praktiline\u00a0<strong data-start=\"789\" data-end=\"806\">tasku vankrikorvl\u00a0<\/strong>aitab hoida vajalikke pisiasju k\u00e4ep\u00e4rast, ning\u00a0<strong data-start=\"854\" data-end=\"876\">kahepoolne madrats<\/strong>\u00a0pakub lisamugavust.<br data-start=\"896\" data-end=\"899\" \/>Jalutusk\u00e4ru on valmistatud\u00a0<strong data-start=\"924\" data-end=\"955\">veekindlast UPF 50+ kangast<\/strong>, mis kaitseb nii vihma kui ka p\u00e4ikese eest.<\/p>\n<p data-start=\"1001\" data-end=\"1250\"><strong data-start=\"1001\" data-end=\"1027\">Reguleeritav vedrustus<\/strong>\u00a0v\u00f5imaldab kohandada amortisatsiooni vastavalt maastikule, samas kui\u00a0<strong data-start=\"1096\" data-end=\"1115\">helkurelemendid<\/strong>\u00a0suurendavad n\u00e4htavust ja turvalisust pimedal ajal.<br data-start=\"1166\" data-end=\"1169\" \/><strong data-start=\"1169\" data-end=\"1196\">Hooldusvabad vahtrehvid<\/strong>\u00a0tagavad sujuva s\u00f5idu ja hea haarduvuse igal pinnasel.<\/p>\n<hr data-start=\"1252\" data-end=\"1255\" \/>\n<h3 data-start=\"1257\" data-end=\"1291\"><strong data-start=\"1261\" data-end=\"1291\">Komplektis olevad tarvikud<\/strong><\/h3>\n<ul data-start=\"1293\" data-end=\"1470\">\n<li data-start=\"1293\" data-end=\"1306\">\n<p data-start=\"1295\" data-end=\"1306\">S\u00e4\u00e4sev\u00f5rk<\/p>\n<\/li>\n<li data-start=\"1307\" data-end=\"1320\">\n<p data-start=\"1309\" data-end=\"1320\">Vihmakate<\/p>\n<\/li>\n<li data-start=\"1321\" data-end=\"1342\">\n<p data-start=\"1323\" data-end=\"1342\">Jalgade soojakott<\/p>\n<\/li>\n<li data-start=\"1343\" data-end=\"1367\">\n<p data-start=\"1345\" data-end=\"1367\">P\u00e4ikesvari vankrikorvile<\/p>\n<\/li>\n<li data-start=\"1368\" data-end=\"1406\">\n<p data-start=\"1370\" data-end=\"1406\">Mahukas beebitarvetekott koos telefoni taskuga<\/p>\n<\/li>\n<li data-start=\"1407\" data-end=\"1427\">\n<p data-start=\"1409\" data-end=\"1427\">Lutikarp hoidikuga<\/p>\n<\/li>\n<li data-start=\"1428\" data-end=\"1470\">\n<p data-start=\"1430\" data-end=\"1470\">M\u00e4luvahust (memory foam) istepehmendus<\/p>\n<\/li>\n<\/ul>\n<hr data-start=\"1472\" data-end=\"1475\" \/>\n<h3 data-start=\"1477\" data-end=\"1502\"><strong data-start=\"1481\" data-end=\"1502\">Peamised omadused<\/strong><\/h3>\n<h4 data-start=\"1504\" data-end=\"1534\"><strong data-start=\"1509\" data-end=\"1534\">Premium-klassi disain<\/strong><\/h4>\n<p data-start=\"1535\" data-end=\"1791\">Muuvo One on br\u00e4ndi tippmudel, loodud vanematele, kes ootavad rohkem kui lihtsalt k\u00e4ru.<br data-start=\"1622\" data-end=\"1625\" \/>See \u00fchendab ajatu stiili ja nutikad lahendused \u2013 reguleeritava vedrustuse, automaatse kokkupaneku ja rikkaliku standardvarustuse.<br data-start=\"1754\" data-end=\"1757\" \/>Saadaval neljas elegantses toonis.<\/p>\n<h4 data-start=\"1793\" data-end=\"1832\"><strong data-start=\"1798\" data-end=\"1832\">Kaasaegne ja praktiline vankrikorvi<\/strong><\/h4>\n<p data-start=\"1833\" data-end=\"2079\">Aerod\u00fcnaamiline kuju tagab stiilse v\u00e4limuse ning piisava ruumi ja mugavuse lapsele.<br data-start=\"1916\" data-end=\"1919\" \/>EPP-poroloonist p\u00f5hi on kerge, kuid vastupidav ja h\u00e4sti isoleeriv \u2013 kaitseb last k\u00fclma ja kuuma eest.<br data-start=\"2020\" data-end=\"2023\" \/>Veeh\u00fclgav kangas on\u00a0<strong>lihtne<\/strong>\u00a0puhastada ja ei ima niiskust.<\/p>\n<h4 data-start=\"2081\" data-end=\"2114\"><strong data-start=\"2086\" data-end=\"2114\">3D-ventilatsioonis\u00fcsteem<\/strong><\/h4>\n<p data-start=\"2115\" data-end=\"2289\">Kolm Airflow 3D paneeli tagavad pideva \u00f5huringluse, hoides gondlis m\u00f5nusat temperatuuri nii suvel kui talvel.<br data-start=\"2224\" data-end=\"2227\" \/>Lisaks on olemas praktiline tasku v\u00e4ikeste esemete hoidmiseks.<\/p>\n<h4 data-start=\"2291\" data-end=\"2318\"><strong data-start=\"2296\" data-end=\"2318\">Kahepoolne madrats<\/strong><\/h4>\n<p data-start=\"2319\" data-end=\"2392\">\u00dcks k\u00fclg sobib ideaalselt suveks, teine annab lisasoojust talveperioodil.<\/p>\n<h4 data-start=\"2394\" data-end=\"2424\"><strong data-start=\"2399\" data-end=\"2424\">Automaatne kokkupanek<\/strong><\/h4>\n<p data-start=\"2425\" data-end=\"2500\">K\u00e4ru saab kokku panna \u00fche k\u00e4ega \u2013 kiirelt ja lihtsalt, \u00fcksk\u00f5ik kus sa oled.<\/p>\n<h4 data-start=\"2502\" data-end=\"2552\"><strong data-start=\"2507\" data-end=\"2552\">M\u00e4lu-funktsiooniga nupud ja magnetklamber<\/strong><\/h4>\n<p data-start=\"2553\" data-end=\"2712\">Nutikad \u201cmemory\u201d-nupud lihtsustavad vankrikorvi ja isteosa eemaldamist.<br data-start=\"2619\" data-end=\"2622\" \/>Magnetkinnitusega turvav\u00f6\u00f6 klamber teeb kinnitamise mugavaks ja kiireks \u2013 isegi \u00fche k\u00e4ega.<\/p>\n<h4 data-start=\"2714\" data-end=\"2772\"><strong data-start=\"2719\" data-end=\"2772\">Uuenduslikud vahtrehvid ja reguleeritav vedrustus<\/strong><\/h4>\n<p data-start=\"2773\" data-end=\"2936\">Suured, kerged ja torkekindlad rattad tagavad stabiilsuse ja mugava s\u00f5idu igal pinnasel.<br data-start=\"2861\" data-end=\"2864\" \/>Vedrustuse saab seadistada pehmemaks v\u00f5i j\u00e4igemaks vastavalt vajadusele.<\/p>\n<h4 data-start=\"2938\" data-end=\"2978\"><strong data-start=\"2943\" data-end=\"2978\">Stiilsed ja turvalised detailid<\/strong><\/h4>\n<p data-start=\"2979\" data-end=\"3174\">Helkurelemendid parandavad n\u00e4htavust pimedal ajal.<br data-start=\"3029\" data-end=\"3032\" \/>N\u00e4haolevad vedrud lisavad disainile iseloomu ja tagavad s\u00f5idumugavuse.<br data-start=\"3102\" data-end=\"3105\" \/>Materjal on viimistletud elegantse mustriga ja metallist logom\u00e4rgiga.<\/p>\n<h4 data-start=\"3176\" data-end=\"3209\"><strong data-start=\"3181\" data-end=\"3209\">Mahukas suletav ostukorv<\/strong><\/h4>\n<p data-start=\"3210\" data-end=\"3350\">Kuni 10 kg kandev\u00f5imega suur korv annab rohkelt ruumi nii igap\u00e4evasteks ostudeks kui ka suuremateks asjadeks.<br data-start=\"3319\" data-end=\"3322\" \/>Hea ligip\u00e4\u00e4s m\u00f5lemalt poolt.<\/p>\n<hr data-start=\"3352\" data-end=\"3355\" \/>\n<h3 data-start=\"3357\" data-end=\"3375\"><strong data-start=\"3361\" data-end=\"3375\">V\u00e4rvivalik<\/strong><\/h3>\n<p data-start=\"3377\" data-end=\"3426\"><strong data-start=\"3377\" data-end=\"3390\">Muuvo One<\/strong>\u00a0on saadaval neljas stiilses toonis:<\/p>\n<ul data-start=\"3427\" data-end=\"3481\">\n<li data-start=\"3427\" data-end=\"3442\">\n<p data-start=\"3429\" data-end=\"3442\"><strong data-start=\"3429\" data-end=\"3440\">Praline<\/strong><\/p>\n<\/li>\n<li data-start=\"3443\" data-end=\"3456\">\n<p data-start=\"3445\" data-end=\"3456\"><strong data-start=\"3445\" data-end=\"3454\">Olive<\/strong><\/p>\n<\/li>\n<li data-start=\"3457\" data-end=\"3469\">\n<p data-start=\"3459\" data-end=\"3469\"><strong data-start=\"3459\" data-end=\"3467\">Gris<\/strong><\/p>\n<\/li>\n<li data-start=\"3470\" data-end=\"3481\">\n<p data-start=\"3472\" data-end=\"3481\"><strong data-start=\"3472\" data-end=\"3481\">Negro<\/strong><\/p>\n<\/li>\n<\/ul>\n<p data-start=\"3483\" data-end=\"3566\">K\u00f5ik v\u00e4rvitoonid on ajatud ja sobivad suurep\u00e4raselt vanemate kaasaegse elustiiliga.<\/p>\n<hr \/>\n<p data-start=\"3483\" data-end=\"3566\"><strong>MUUVO ONE tehnilised andmed<\/strong><br \/>\nKokkuklapituna: Pikkus 78cm, Laius 58cm, k\u00f5rgus 29cm<br \/>\nAvatuna: Pikkus 78-105cm, Laius 58cm, k\u00f5rgus 101-110cm<br \/>\nJalutusk\u00e4ru kaal koos istumisosaga: 12,6kg<br \/>\nJalutusk\u00e4ru kaal koos vankrikorviga: 12.1kg<br \/>\nVankrikorvi kaal 4,5kg<br \/>\nJalutusk\u00e4ru isumisosa kaal 5kg<br \/>\nVanuser\u00fchmast alates: 0+<br \/>\nKandev\u00f5ime: 22 kg + 10 kg (kaubakorv)<br \/>\nEsirattad: 20,32 cm<br \/>\nTagumised rattad: 29,21 cm<\/p>\n","protected":false},"excerpt":{"rendered":"<p>Muuvo One \u2013 2-\u00fches jalutusk\u00e4ru Muuvo One\u00a0on mitmek\u00fclgne 2in1 jalutusk\u00e4ru, mis sobib lastele s\u00fcnnist kuni 4. eluaastani v\u00f5i kuni 22 kg kaaluni. See \u00fchendab ajatu disaini ja funktsionaalsuse, mida hindavad t\u00e4nap\u00e4evased lapsevanemad.T\u00e4nu\u00a0autofolding-s\u00fcsteemile\u00a0saad jalutusk\u00e4ru kokku panna \u00fche k\u00e4ega \u2013 ideaalne valik nii linnas liiklemiseks kui ka reisimiseks. Muuvo One vankrikorv ja istumisosa Vankrikorv on valmistatud kergest [&hellip;]<\/p>\n","protected":false},"featured_media":507872,"template":"","meta":{"_acf_changed":false},"pwb-brand":[11964],"product_brand":[],"product_cat":[11573,11719,11831,11889,11721,11717],"product_tag":[],"class_list":{"0":"post-458477","1":"product","2":"type-product","3":"status-publish","4":"has-post-thumbnail","6":"pwb-brand-muuvo-ru","7":"product_cat-sooduspakkumised-ru","8":"product_cat-vankrid-ru","9":"product_cat-muuvo-one","10":"product_cat-muuvo-ru","11":"product_cat-jalutuskarud-ru","12":"product_cat-lastevankrid-ja-karud-ru","13":"pa_manufacturer-muuvo-ru","15":"first","16":"onbackorder","17":"sale","18":"taxable","19":"shipping-taxable","20":"purchasable","21":"product-type-simple"},"exclude_global_add_ons":[],"addons":[],"acf":[],"yoast_head":"<!-- This site is optimized with the Yoast SEO plugin v27.1.1 - https:\/\/yoast.com\/product\/yoast-seo-wordpress\/ -->\n<title>Muuvo Quick 4.0 jalutusk\u00e4ru 2in1, Azure Blue, \u0421\u041a\u0418\u0414\u041a\u0418, \u041a\u043e\u043b\u044f\u0441\u043a\u0438, \u041f\u0440\u043e\u0433\u0443\u043b\u043e\u0447\u043d\u044b\u0435 \u043a\u043e\u043b\u044f\u0441\u043a\u0438, Muuvo Quick 4.0, Muuvo, Beebipood<\/title>\n<meta name=\"description\" content=\"Muuvo Quick 4.0 jalutusk\u00e4ru 2in1, Azure Blue, Muuvo QUICK 4.0 on MUUVO perekonna enimm\u00fc\u00fcdud k\u00e4ru uus mudel.Quick 4.0\" \/>\n<meta name=\"robots\" content=\"index, follow, max-snippet:-1, max-image-preview:large, max-video-preview:-1\" \/>\n<link rel=\"canonical\" href=\"https:\/\/beebipood.ee\/ru\/produkt\/muuvo-one-jalutuskaru-2in1-negro\/\" \/>\n<meta property=\"og:locale\" content=\"ru_RU\" \/>\n<meta property=\"og:type\" content=\"article\" \/>\n<meta property=\"og:title\" content=\"Muuvo Quick 4.0 jalutusk\u00e4ru 2in1, Azure Blue, \u0421\u041a\u0418\u0414\u041a\u0418, \u041a\u043e\u043b\u044f\u0441\u043a\u0438, \u041f\u0440\u043e\u0433\u0443\u043b\u043e\u0447\u043d\u044b\u0435 \u043a\u043e\u043b\u044f\u0441\u043a\u0438, Muuvo Quick 4.0, Muuvo, Beebipood\" \/>\n<meta property=\"og:description\" content=\"Muuvo Quick 4.0 jalutusk\u00e4ru 2in1, Azure Blue, Muuvo QUICK 4.0 on MUUVO perekonna enimm\u00fc\u00fcdud k\u00e4ru uus mudel.Quick 4.0\" \/>\n<meta property=\"og:url\" content=\"https:\/\/beebipood.ee\/ru\/produkt\/muuvo-one-jalutuskaru-2in1-negro\/\" \/>\n<meta property=\"og:site_name\" content=\"Beebipood\" \/>\n<meta property=\"article:modified_time\" content=\"2025-10-13T09:51:09+00:00\" \/>\n<meta property=\"og:image\" content=\"https:\/\/beebipood.ee\/wp-content\/uploads\/2019\/02\/negro-muuvop-one-wozek-dzieciecy-zestaw-5904261050840-1x-scaled.jpg\" \/>\n\t<meta property=\"og:image:width\" content=\"2560\" \/>\n\t<meta property=\"og:image:height\" content=\"2560\" \/>\n\t<meta property=\"og:image:type\" content=\"image\/jpeg\" \/>\n<meta name=\"twitter:card\" content=\"summary_large_image\" \/>\n<meta name=\"twitter:label1\" content=\"\u041f\u0440\u0438\u043c\u0435\u0440\u043d\u043e\u0435 \u0432\u0440\u0435\u043c\u044f \u0434\u043b\u044f \u0447\u0442\u0435\u043d\u0438\u044f\" \/>\n\t<meta name=\"twitter:data1\" content=\"3 \u043c\u0438\u043d\u0443\u0442\u044b\" \/>\n<script type=\"application\/ld+json\" class=\"yoast-schema-graph\">{\"@context\":\"https:\/\/schema.org\",\"@graph\":[{\"@type\":\"WebPage\",\"@id\":\"https:\/\/beebipood.ee\/ru\/produkt\/muuvo-one-jalutuskaru-2in1-negro\/\",\"url\":\"https:\/\/beebipood.ee\/ru\/produkt\/muuvo-one-jalutuskaru-2in1-negro\/\",\"name\":\"Muuvo Quick 4.0 jalutusk\u00e4ru 2in1, Azure Blue, \u0421\u041a\u0418\u0414\u041a\u0418, \u041a\u043e\u043b\u044f\u0441\u043a\u0438, \u041f\u0440\u043e\u0433\u0443\u043b\u043e\u0447\u043d\u044b\u0435 \u043a\u043e\u043b\u044f\u0441\u043a\u0438, Muuvo Quick 4.0, Muuvo, Beebipood\",\"isPartOf\":{\"@id\":\"https:\/\/beebipood.ee\/ru\/#website\"},\"primaryImageOfPage\":{\"@id\":\"https:\/\/beebipood.ee\/ru\/produkt\/muuvo-one-jalutuskaru-2in1-negro\/#primaryimage\"},\"image\":{\"@id\":\"https:\/\/beebipood.ee\/ru\/produkt\/muuvo-one-jalutuskaru-2in1-negro\/#primaryimage\"},\"thumbnailUrl\":\"https:\/\/beebipood.ee\/wp-content\/uploads\/2019\/02\/negro-muuvop-one-wozek-dzieciecy-zestaw-5904261050840-1x-scaled.jpg\",\"datePublished\":\"2025-10-13T04:36:26+00:00\",\"dateModified\":\"2025-10-13T09:51:09+00:00\",\"description\":\"Muuvo Quick 4.0 jalutusk\u00e4ru 2in1, Azure Blue, Muuvo QUICK 4.0 on MUUVO perekonna enimm\u00fc\u00fcdud k\u00e4ru uus mudel.Quick 4.0\",\"breadcrumb\":{\"@id\":\"https:\/\/beebipood.ee\/ru\/produkt\/muuvo-one-jalutuskaru-2in1-negro\/#breadcrumb\"},\"inLanguage\":\"ru-RU\",\"potentialAction\":[{\"@type\":\"ReadAction\",\"target\":[\"https:\/\/beebipood.ee\/ru\/produkt\/muuvo-one-jalutuskaru-2in1-negro\/\"]}]},{\"@type\":\"ImageObject\",\"inLanguage\":\"ru-RU\",\"@id\":\"https:\/\/beebipood.ee\/ru\/produkt\/muuvo-one-jalutuskaru-2in1-negro\/#primaryimage\",\"url\":\"https:\/\/beebipood.ee\/wp-content\/uploads\/2019\/02\/negro-muuvop-one-wozek-dzieciecy-zestaw-5904261050840-1x-scaled.jpg\",\"contentUrl\":\"https:\/\/beebipood.ee\/wp-content\/uploads\/2019\/02\/negro-muuvop-one-wozek-dzieciecy-zestaw-5904261050840-1x-scaled.jpg\",\"width\":2560,\"height\":2560},{\"@type\":\"BreadcrumbList\",\"@id\":\"https:\/\/beebipood.ee\/ru\/produkt\/muuvo-one-jalutuskaru-2in1-negro\/#breadcrumb\",\"itemListElement\":[{\"@type\":\"ListItem\",\"position\":1,\"name\":\"Home\",\"item\":\"https:\/\/beebipood.ee\/ru\/\"},{\"@type\":\"ListItem\",\"position\":2,\"name\":\"\u041a\u0430\u0442\u0430\u043b\u043e\u0433 \u0442\u043e\u0432\u0430\u0440\u043e\u0432\",\"item\":\"https:\/\/beebipood.ee\/tooted\/\"},{\"@type\":\"ListItem\",\"position\":3,\"name\":\"Muuvo ONE jalutusk\u00e4ru 2in1, Negro\"}]},{\"@type\":\"WebSite\",\"@id\":\"https:\/\/beebipood.ee\/ru\/#website\",\"url\":\"https:\/\/beebipood.ee\/ru\/\",\"name\":\"Beebipood\",\"description\":\"Lastekaubad, beebikaubad, m\u00e4nguasjad\",\"publisher\":{\"@id\":\"https:\/\/beebipood.ee\/ru\/#organization\"},\"potentialAction\":[{\"@type\":\"SearchAction\",\"target\":{\"@type\":\"EntryPoint\",\"urlTemplate\":\"https:\/\/beebipood.ee\/ru\/?s={search_term_string}\"},\"query-input\":{\"@type\":\"PropertyValueSpecification\",\"valueRequired\":true,\"valueName\":\"search_term_string\"}}],\"inLanguage\":\"ru-RU\"},{\"@type\":\"Organization\",\"@id\":\"https:\/\/beebipood.ee\/ru\/#organization\",\"name\":\"Beebipood\",\"url\":\"https:\/\/beebipood.ee\/ru\/\",\"logo\":{\"@type\":\"ImageObject\",\"inLanguage\":\"ru-RU\",\"@id\":\"https:\/\/beebipood.ee\/ru\/#\/schema\/logo\/image\/\",\"url\":\"https:\/\/beebipood.ee\/wp-content\/uploads\/2025\/03\/beebipood.ee-logo-1.svg\",\"contentUrl\":\"https:\/\/beebipood.ee\/wp-content\/uploads\/2025\/03\/beebipood.ee-logo-1.svg\",\"caption\":\"Beebipood\"},\"image\":{\"@id\":\"https:\/\/beebipood.ee\/ru\/#\/schema\/logo\/image\/\"}}]}<\/script>\n<!-- \/ Yoast SEO plugin. -->","yoast_head_json":{"title":"Muuvo Quick 4.0 jalutusk\u00e4ru 2in1, Azure Blue, \u0421\u041a\u0418\u0414\u041a\u0418, \u041a\u043e\u043b\u044f\u0441\u043a\u0438, \u041f\u0440\u043e\u0433\u0443\u043b\u043e\u0447\u043d\u044b\u0435 \u043a\u043e\u043b\u044f\u0441\u043a\u0438, Muuvo Quick 4.0, Muuvo, Beebipood","description":"Muuvo Quick 4.0 jalutusk\u00e4ru 2in1, Azure Blue, Muuvo QUICK 4.0 on MUUVO perekonna enimm\u00fc\u00fcdud k\u00e4ru uus mudel.Quick 4.0","robots":{"index":"index","follow":"follow","max-snippet":"max-snippet:-1","max-image-preview":"max-image-preview:large","max-video-preview":"max-video-preview:-1"},"canonical":"https:\/\/beebipood.ee\/ru\/produkt\/muuvo-one-jalutuskaru-2in1-negro\/","og_locale":"ru_RU","og_type":"article","og_title":"Muuvo Quick 4.0 jalutusk\u00e4ru 2in1, Azure Blue, \u0421\u041a\u0418\u0414\u041a\u0418, \u041a\u043e\u043b\u044f\u0441\u043a\u0438, \u041f\u0440\u043e\u0433\u0443\u043b\u043e\u0447\u043d\u044b\u0435 \u043a\u043e\u043b\u044f\u0441\u043a\u0438, Muuvo Quick 4.0, Muuvo, Beebipood","og_description":"Muuvo Quick 4.0 jalutusk\u00e4ru 2in1, Azure Blue, Muuvo QUICK 4.0 on MUUVO perekonna enimm\u00fc\u00fcdud k\u00e4ru uus mudel.Quick 4.0","og_url":"https:\/\/beebipood.ee\/ru\/produkt\/muuvo-one-jalutuskaru-2in1-negro\/","og_site_name":"Beebipood","article_modified_time":"2025-10-13T09:51:09+00:00","og_image":[{"width":2560,"height":2560,"url":"https:\/\/beebipood.ee\/wp-content\/uploads\/2019\/02\/negro-muuvop-one-wozek-dzieciecy-zestaw-5904261050840-1x-scaled.jpg","type":"image\/jpeg"}],"twitter_card":"summary_large_image","twitter_misc":{"\u041f\u0440\u0438\u043c\u0435\u0440\u043d\u043e\u0435 \u0432\u0440\u0435\u043c\u044f \u0434\u043b\u044f \u0447\u0442\u0435\u043d\u0438\u044f":"3 \u043c\u0438\u043d\u0443\u0442\u044b"},"schema":{"@context":"https:\/\/schema.org","@graph":[{"@type":"WebPage","@id":"https:\/\/beebipood.ee\/ru\/produkt\/muuvo-one-jalutuskaru-2in1-negro\/","url":"https:\/\/beebipood.ee\/ru\/produkt\/muuvo-one-jalutuskaru-2in1-negro\/","name":"Muuvo Quick 4.0 jalutusk\u00e4ru 2in1, Azure Blue, \u0421\u041a\u0418\u0414\u041a\u0418, \u041a\u043e\u043b\u044f\u0441\u043a\u0438, \u041f\u0440\u043e\u0433\u0443\u043b\u043e\u0447\u043d\u044b\u0435 \u043a\u043e\u043b\u044f\u0441\u043a\u0438, Muuvo Quick 4.0, Muuvo, Beebipood","isPartOf":{"@id":"https:\/\/beebipood.ee\/ru\/#website"},"primaryImageOfPage":{"@id":"https:\/\/beebipood.ee\/ru\/produkt\/muuvo-one-jalutuskaru-2in1-negro\/#primaryimage"},"image":{"@id":"https:\/\/beebipood.ee\/ru\/produkt\/muuvo-one-jalutuskaru-2in1-negro\/#primaryimage"},"thumbnailUrl":"https:\/\/beebipood.ee\/wp-content\/uploads\/2019\/02\/negro-muuvop-one-wozek-dzieciecy-zestaw-5904261050840-1x-scaled.jpg","datePublished":"2025-10-13T04:36:26+00:00","dateModified":"2025-10-13T09:51:09+00:00","description":"Muuvo Quick 4.0 jalutusk\u00e4ru 2in1, Azure Blue, Muuvo QUICK 4.0 on MUUVO perekonna enimm\u00fc\u00fcdud k\u00e4ru uus mudel.Quick 4.0","breadcrumb":{"@id":"https:\/\/beebipood.ee\/ru\/produkt\/muuvo-one-jalutuskaru-2in1-negro\/#breadcrumb"},"inLanguage":"ru-RU","potentialAction":[{"@type":"ReadAction","target":["https:\/\/beebipood.ee\/ru\/produkt\/muuvo-one-jalutuskaru-2in1-negro\/"]}]},{"@type":"ImageObject","inLanguage":"ru-RU","@id":"https:\/\/beebipood.ee\/ru\/produkt\/muuvo-one-jalutuskaru-2in1-negro\/#primaryimage","url":"https:\/\/beebipood.ee\/wp-content\/uploads\/2019\/02\/negro-muuvop-one-wozek-dzieciecy-zestaw-5904261050840-1x-scaled.jpg","contentUrl":"https:\/\/beebipood.ee\/wp-content\/uploads\/2019\/02\/negro-muuvop-one-wozek-dzieciecy-zestaw-5904261050840-1x-scaled.jpg","width":2560,"height":2560},{"@type":"BreadcrumbList","@id":"https:\/\/beebipood.ee\/ru\/produkt\/muuvo-one-jalutuskaru-2in1-negro\/#breadcrumb","itemListElement":[{"@type":"ListItem","position":1,"name":"Home","item":"https:\/\/beebipood.ee\/ru\/"},{"@type":"ListItem","position":2,"name":"\u041a\u0430\u0442\u0430\u043b\u043e\u0433 \u0442\u043e\u0432\u0430\u0440\u043e\u0432","item":"https:\/\/beebipood.ee\/tooted\/"},{"@type":"ListItem","position":3,"name":"Muuvo ONE jalutusk\u00e4ru 2in1, Negro"}]},{"@type":"WebSite","@id":"https:\/\/beebipood.ee\/ru\/#website","url":"https:\/\/beebipood.ee\/ru\/","name":"Beebipood","description":"Lastekaubad, beebikaubad, m\u00e4nguasjad","publisher":{"@id":"https:\/\/beebipood.ee\/ru\/#organization"},"potentialAction":[{"@type":"SearchAction","target":{"@type":"EntryPoint","urlTemplate":"https:\/\/beebipood.ee\/ru\/?s={search_term_string}"},"query-input":{"@type":"PropertyValueSpecification","valueRequired":true,"valueName":"search_term_string"}}],"inLanguage":"ru-RU"},{"@type":"Organization","@id":"https:\/\/beebipood.ee\/ru\/#organization","name":"Beebipood","url":"https:\/\/beebipood.ee\/ru\/","logo":{"@type":"ImageObject","inLanguage":"ru-RU","@id":"https:\/\/beebipood.ee\/ru\/#\/schema\/logo\/image\/","url":"https:\/\/beebipood.ee\/wp-content\/uploads\/2025\/03\/beebipood.ee-logo-1.svg","contentUrl":"https:\/\/beebipood.ee\/wp-content\/uploads\/2025\/03\/beebipood.ee-logo-1.svg","caption":"Beebipood"},"image":{"@id":"https:\/\/beebipood.ee\/ru\/#\/schema\/logo\/image\/"}}]}},"brands":[{"id":11964,"name":"Muuvo","slug":"muuvo-ru"}],"_links":{"self":[{"href":"https:\/\/beebipood.ee\/ru\/wp-json\/wp\/v2\/product\/458477","targetHints":{"allow":["GET"]}}],"collection":[{"href":"https:\/\/beebipood.ee\/ru\/wp-json\/wp\/v2\/product"}],"about":[{"href":"https:\/\/beebipood.ee\/ru\/wp-json\/wp\/v2\/types\/product"}],"wp:featuredmedia":[{"embeddable":true,"href":"https:\/\/beebipood.ee\/ru\/wp-json\/wp\/v2\/media\/507872"}],"wp:attachment":[{"href":"https:\/\/beebipood.ee\/ru\/wp-json\/wp\/v2\/media?parent=458477"}],"wp:term":[{"taxonomy":"pwb-brand","embeddable":true,"href":"https:\/\/beebipood.ee\/ru\/wp-json\/wp\/v2\/pwb-brand?post=458477"},{"taxonomy":"product_brand","embeddable":true,"href":"https:\/\/beebipood.ee\/ru\/wp-json\/wp\/v2\/product_brand?post=458477"},{"taxonomy":"product_cat","embeddable":true,"href":"https:\/\/beebipood.ee\/ru\/wp-json\/wp\/v2\/product_cat?post=458477"},{"taxonomy":"product_tag","embeddable":true,"href":"https:\/\/beebipood.ee\/ru\/wp-json\/wp\/v2\/product_tag?post=458477"}],"curies":[{"name":"wp","href":"https:\/\/api.w.org\/{rel}","templated":true}]}}