{"id":458493,"date":"2025-10-20T12:10:05","date_gmt":"2025-10-20T09:10:05","guid":{"rendered":"https:\/\/beebipood.ee\/toode\/kummut-snap-kolme-sahtliga-tumehall\/"},"modified":"2025-10-20T15:45:20","modified_gmt":"2025-10-20T12:45:20","slug":"beebivoodi-pure-60x120-natural","status":"publish","type":"product","link":"https:\/\/beebipood.ee\/ru\/produkt\/beebivoodi-pure-60x120-natural\/","title":{"rendered":"Beebivoodi Pure 60\u00d7120, natural"},"content":{"rendered":"<h2 data-start=\"321\" data-end=\"370\">\ud83c\udf3f <strong data-start=\"327\" data-end=\"370\">Disainiv\u00f5revoodi Pure 60\u00d7 120cm<\/strong><\/h2>\n<p data-start=\"372\" data-end=\"616\"><strong data-start=\"372\" data-end=\"427\">Kaasaegne, turvaline ja stiilne valik sinu beebile!<\/strong><br data-start=\"427\" data-end=\"430\" \/>See elegantne v\u00f5revoodi \u00fchendab k\u00f5rge kvaliteedi, l\u00e4bim\u00f5eldud disaini ja lapse turvalisuse. Ideaalne perele, kes hindab <strong data-start=\"550\" data-end=\"616\">ehedat k\u00e4sit\u00f6\u00f6d, esmaklassilisi materjale ja unikaalset ilmet.<\/strong><\/p>\n<hr data-start=\"618\" data-end=\"621\" \/>\n<h3 data-start=\"623\" data-end=\"651\">\ud83d\udc8e <strong data-start=\"630\" data-end=\"651\">Peamised omadused<\/strong><\/h3>\n<ul data-start=\"652\" data-end=\"1246\">\n<li data-start=\"652\" data-end=\"697\">\n<p data-start=\"654\" data-end=\"697\">Valmistatud <strong data-start=\"666\" data-end=\"695\">tugevast t\u00e4isp\u00f6\u00f6gipuidust<\/strong><\/p>\n<\/li>\n<li data-start=\"698\" data-end=\"753\">\n<p data-start=\"700\" data-end=\"753\"><strong data-start=\"700\" data-end=\"713\">Voodip\u00f5hi<\/strong> on vastupidavast <strong data-start=\"731\" data-end=\"751\">t\u00e4ism\u00e4nnipuidust<\/strong><\/p>\n<\/li>\n<li data-start=\"754\" data-end=\"828\">\n<p data-start=\"756\" data-end=\"828\">Kasutatud on <strong data-start=\"769\" data-end=\"826\">A-klassi furnituure ja kaasaegset tootmistehnoloogiat<\/strong><\/p>\n<\/li>\n<li data-start=\"829\" data-end=\"888\">\n<p data-start=\"831\" data-end=\"888\">K\u00f5ik <strong data-start=\"836\" data-end=\"866\">nurgad ja servad on \u00fcmarad<\/strong> \u2013 lapsele turvaline<\/p>\n<\/li>\n<li data-start=\"970\" data-end=\"1016\">\n<p data-start=\"972\" data-end=\"1016\"><strong data-start=\"972\" data-end=\"1014\">Voodip\u00f5hi reguleeritav kolmel k\u00f5rgusel<\/strong><\/p>\n<\/li>\n<li data-start=\"1017\" data-end=\"1079\">\n<p data-start=\"1019\" data-end=\"1079\"><strong data-start=\"1019\" data-end=\"1045\">\u00dcks k\u00fclg on eemaldatav<\/strong>, muutes voodi v\u00e4ikelapsevoodiks<\/p>\n<\/li>\n<li data-start=\"1080\" data-end=\"1168\">\n<p data-start=\"1082\" data-end=\"1168\"><strong data-start=\"1082\" data-end=\"1137\">Viimistletud ainult vee baasil v\u00e4rvide ja lakkidega<\/strong> \u2013 ohutu ja keskkonnas\u00f5bralik<\/p>\n<\/li>\n<li data-start=\"1169\" data-end=\"1213\">\n<p data-start=\"1171\" data-end=\"1213\"><strong data-start=\"1171\" data-end=\"1211\">Sobib madratsile m\u00f5\u00f5duga 120 \u00d7 60 cm<\/strong><\/p>\n<\/li>\n<li data-start=\"1214\" data-end=\"1246\">\n<p data-start=\"1216\" data-end=\"1246\"><em data-start=\"1216\" data-end=\"1244\">Madrats ei kuulu komplekti<\/em><\/p>\n<\/li>\n<\/ul>\n<hr data-start=\"1248\" data-end=\"1251\" \/>\n<h3 data-start=\"1253\" data-end=\"1289\">\ud83e\uddf8 <strong data-start=\"1260\" data-end=\"1289\">Lisavarustus (valikuline)<\/strong><\/h3>\n<ul data-start=\"1290\" data-end=\"1378\">\n<li data-start=\"1290\" data-end=\"1304\">\n<p data-start=\"1292\" data-end=\"1304\">Turvapiire<\/p>\n<\/li>\n<li data-start=\"1305\" data-end=\"1315\">\n<p data-start=\"1307\" data-end=\"1315\">Sahtel<\/p>\n<\/li>\n<li data-start=\"1316\" data-end=\"1378\">\n<p data-start=\"1318\" data-end=\"1378\"><b>M\u00e4hkimislaud<\/b><\/p>\n<\/li>\n<\/ul>\n<hr data-start=\"1380\" data-end=\"1383\" \/>\n<h3 data-start=\"1385\" data-end=\"1417\">\u2705 <strong data-start=\"1391\" data-end=\"1417\">Miks valida see voodi?<\/strong><\/h3>\n<ul data-start=\"1418\" data-end=\"1598\">\n<li data-start=\"1418\" data-end=\"1479\">\n<p data-start=\"1420\" data-end=\"1479\">Ideaalne <strong data-start=\"1429\" data-end=\"1477\">perele, kes v\u00e4\u00e4rtustab kvaliteeti ja disaini<\/strong><\/p>\n<\/li>\n<li data-start=\"1480\" data-end=\"1543\">\n<p data-start=\"1482\" data-end=\"1543\"><strong data-start=\"1482\" data-end=\"1521\">Turvaline, praktiline ja vastupidav<\/strong> lahendus beebituppa<\/p>\n<\/li>\n<li data-start=\"1544\" data-end=\"1598\">\n<p data-start=\"1546\" data-end=\"1598\">Vastab k\u00f5igile <strong data-start=\"1561\" data-end=\"1598\">EN-716 Euroopa turvastandarditele<\/strong><\/p>\n<\/li>\n<\/ul>\n<hr data-start=\"1600\" data-end=\"1603\" \/>\n<p data-start=\"1605\" data-end=\"1754\">\ud83c\udf7c <strong data-start=\"1608\" data-end=\"1623\">Materjalid:<\/strong> t\u00e4isp\u00f6\u00f6gipuit, t\u00e4ism\u00e4nnipuit<br data-start=\"1652\" data-end=\"1655\" \/>\ud83c\udfa8 <strong data-start=\"1658\" data-end=\"1669\">V\u00e4rvid:<\/strong> vee baasil lakid ja v\u00e4rvid<br data-start=\"1696\" data-end=\"1699\" \/>\ud83d\udccf <strong data-start=\"1702\" data-end=\"1713\">M\u00f5\u00f5dud:<\/strong> 120 \u00d7 60 cm madrats (ei kuulu komplekti)<\/p>\n","protected":false},"excerpt":{"rendered":"<p>\ud83c\udf3f Disainiv\u00f5revoodi Pure 60\u00d7 120cm Kaasaegne, turvaline ja stiilne valik sinu beebile!See elegantne v\u00f5revoodi \u00fchendab k\u00f5rge kvaliteedi, l\u00e4bim\u00f5eldud disaini ja lapse turvalisuse. Ideaalne perele, kes hindab ehedat k\u00e4sit\u00f6\u00f6d, esmaklassilisi materjale ja unikaalset ilmet. \ud83d\udc8e Peamised omadused Valmistatud tugevast t\u00e4isp\u00f6\u00f6gipuidust Voodip\u00f5hi on vastupidavast t\u00e4ism\u00e4nnipuidust Kasutatud on A-klassi furnituure ja kaasaegset tootmistehnoloogiat K\u00f5ik nurgad ja servad on [&hellip;]<\/p>\n","protected":false},"featured_media":508323,"template":"","meta":{"_acf_changed":false},"pwb-brand":[],"product_brand":[],"product_cat":[11567,11745,11553,11789],"product_tag":[],"class_list":{"0":"post-458493","1":"product","2":"type-product","3":"status-publish","4":"has-post-thumbnail","6":"product_cat-vorevoodid-ru","7":"product_cat-madratsile-60x120-ru","8":"product_cat-beebivoodid-reisivoodid-hallid-ru","9":"product_cat-lastemoobel-ja-sisustus-ru","11":"first","12":"onbackorder","13":"sale","14":"taxable","15":"shipping-taxable","16":"purchasable","17":"product-type-simple"},"exclude_global_add_ons":false,"addons":[{"name":"Vali m\u00e4hkimisalus","type":"multiple_choice","position":0,"required":true,"title_format":"label","default":"","description_enable":false,"description":"","placeholder_enable":false,"placeholder":"","display":"images","restrictions_type":"any_text","adjust_price":false,"price":"","price_type":"flat_fee","restrictions":false,"min":"0","max":"0","options":[{"label":"M\u00e4hkimisalus","price":"75","price_type":"quantity_based","image":508333,"visibility":true},{"label":"Ei soovi m\u00e4hkimisalust","price":"","price_type":"quantity_based","image":508343,"visibility":true}],"id":1760975121},{"name":"Vali turvapiire","type":"multiple_choice","position":1,"required":true,"title_format":"label","default":"","description_enable":false,"description":"","placeholder_enable":false,"placeholder":"","display":"images","restrictions_type":"any_text","adjust_price":false,"price":"","price_type":"flat_fee","restrictions":false,"min":"0","max":"0","options":[{"label":"Turvapiire","price":"59","price_type":"quantity_based","image":508337,"visibility":true},{"label":"Ei soovi turvapiiret","price":"","price_type":"quantity_based","image":508339,"visibility":true}],"id":1760975122},{"name":"Vali voodikast","type":"multiple_choice","position":2,"required":true,"title_format":"label","default":"","description_enable":false,"description":"","placeholder_enable":false,"placeholder":"","display":"images","restrictions_type":"any_text","adjust_price":false,"price":"","price_type":"flat_fee","restrictions":false,"min":"0","max":"0","options":[{"label":"Voodikast","price":"149","price_type":"quantity_based","image":508335,"visibility":true},{"label":"Ei soovi voodikasti","price":"","price_type":"quantity_based","image":508341,"visibility":true}],"id":1760975123}],"acf":[],"yoast_head":"<!-- This site is optimized with the Yoast SEO plugin v27.3 - https:\/\/yoast.com\/product\/yoast-seo-wordpress\/ -->\n<title>Kummut Snap kolme sahtliga, tumehall, K\u043e\u043c\u043e\u0434\u044b, \u044f\u0449\u0438\u043a\u0438, K\u043e\u043c\u043e\u0434\u044b, M\u0435\u0431\u0435\u043b\u044c, Beebipood<\/title>\n<meta name=\"description\" content=\"Kummut Snap kolme sahtliga, tumehall, valmistatud p\u00f6\u00f6gi puidust, MDF&#039;st ja\u00a0melamiinist sisemised komponendid on\u00a0va\" \/>\n<meta name=\"robots\" content=\"index, follow, max-snippet:-1, max-image-preview:large, max-video-preview:-1\" \/>\n<link rel=\"canonical\" href=\"https:\/\/beebipood.ee\/ru\/produkt\/beebivoodi-pure-60x120-natural\/\" \/>\n<meta property=\"og:locale\" content=\"ru_RU\" \/>\n<meta property=\"og:type\" content=\"article\" \/>\n<meta property=\"og:title\" content=\"Kummut Snap kolme sahtliga, tumehall, K\u043e\u043c\u043e\u0434\u044b, \u044f\u0449\u0438\u043a\u0438, K\u043e\u043c\u043e\u0434\u044b, M\u0435\u0431\u0435\u043b\u044c, Beebipood\" \/>\n<meta property=\"og:description\" content=\"Kummut Snap kolme sahtliga, tumehall, valmistatud p\u00f6\u00f6gi puidust, MDF&#039;st ja\u00a0melamiinist sisemised komponendid on\u00a0va\" \/>\n<meta property=\"og:url\" content=\"https:\/\/beebipood.ee\/ru\/produkt\/beebivoodi-pure-60x120-natural\/\" \/>\n<meta property=\"og:site_name\" content=\"Beebipood\" \/>\n<meta property=\"article:modified_time\" content=\"2025-10-20T12:45:20+00:00\" \/>\n<meta property=\"og:image\" content=\"https:\/\/beebipood.ee\/wp-content\/uploads\/2019\/02\/pure_natural_cot120x60_1.webp\" \/>\n\t<meta property=\"og:image:width\" content=\"1920\" \/>\n\t<meta property=\"og:image:height\" content=\"2082\" \/>\n\t<meta property=\"og:image:type\" content=\"image\/webp\" \/>\n<meta name=\"twitter:card\" content=\"summary_large_image\" \/>\n<meta name=\"twitter:label1\" content=\"\u041f\u0440\u0438\u043c\u0435\u0440\u043d\u043e\u0435 \u0432\u0440\u0435\u043c\u044f \u0434\u043b\u044f \u0447\u0442\u0435\u043d\u0438\u044f\" \/>\n\t<meta name=\"twitter:data1\" content=\"1 \u043c\u0438\u043d\u0443\u0442\u0430\" \/>\n<script type=\"application\/ld+json\" class=\"yoast-schema-graph\">{\"@context\":\"https:\\\/\\\/schema.org\",\"@graph\":[{\"@type\":\"WebPage\",\"@id\":\"https:\\\/\\\/beebipood.ee\\\/ru\\\/produkt\\\/beebivoodi-pure-60x120-natural\\\/\",\"url\":\"https:\\\/\\\/beebipood.ee\\\/ru\\\/produkt\\\/beebivoodi-pure-60x120-natural\\\/\",\"name\":\"Kummut Snap kolme sahtliga, tumehall, K\u043e\u043c\u043e\u0434\u044b, \u044f\u0449\u0438\u043a\u0438, K\u043e\u043c\u043e\u0434\u044b, M\u0435\u0431\u0435\u043b\u044c, Beebipood\",\"isPartOf\":{\"@id\":\"https:\\\/\\\/beebipood.ee\\\/ru\\\/#website\"},\"primaryImageOfPage\":{\"@id\":\"https:\\\/\\\/beebipood.ee\\\/ru\\\/produkt\\\/beebivoodi-pure-60x120-natural\\\/#primaryimage\"},\"image\":{\"@id\":\"https:\\\/\\\/beebipood.ee\\\/ru\\\/produkt\\\/beebivoodi-pure-60x120-natural\\\/#primaryimage\"},\"thumbnailUrl\":\"https:\\\/\\\/beebipood.ee\\\/wp-content\\\/uploads\\\/2019\\\/02\\\/pure_natural_cot120x60_1.webp\",\"datePublished\":\"2025-10-20T09:10:05+00:00\",\"dateModified\":\"2025-10-20T12:45:20+00:00\",\"description\":\"Kummut Snap kolme sahtliga, tumehall, valmistatud p\u00f6\u00f6gi puidust, MDF'st ja\u00a0melamiinist sisemised komponendid on\u00a0va\",\"breadcrumb\":{\"@id\":\"https:\\\/\\\/beebipood.ee\\\/ru\\\/produkt\\\/beebivoodi-pure-60x120-natural\\\/#breadcrumb\"},\"inLanguage\":\"ru-RU\",\"potentialAction\":[{\"@type\":\"ReadAction\",\"target\":[\"https:\\\/\\\/beebipood.ee\\\/ru\\\/produkt\\\/beebivoodi-pure-60x120-natural\\\/\"]}]},{\"@type\":\"ImageObject\",\"inLanguage\":\"ru-RU\",\"@id\":\"https:\\\/\\\/beebipood.ee\\\/ru\\\/produkt\\\/beebivoodi-pure-60x120-natural\\\/#primaryimage\",\"url\":\"https:\\\/\\\/beebipood.ee\\\/wp-content\\\/uploads\\\/2019\\\/02\\\/pure_natural_cot120x60_1.webp\",\"contentUrl\":\"https:\\\/\\\/beebipood.ee\\\/wp-content\\\/uploads\\\/2019\\\/02\\\/pure_natural_cot120x60_1.webp\",\"width\":1920,\"height\":2082},{\"@type\":\"BreadcrumbList\",\"@id\":\"https:\\\/\\\/beebipood.ee\\\/ru\\\/produkt\\\/beebivoodi-pure-60x120-natural\\\/#breadcrumb\",\"itemListElement\":[{\"@type\":\"ListItem\",\"position\":1,\"name\":\"Home\",\"item\":\"https:\\\/\\\/beebipood.ee\\\/ru\\\/\"},{\"@type\":\"ListItem\",\"position\":2,\"name\":\"\u041a\u0430\u0442\u0430\u043b\u043e\u0433 \u0442\u043e\u0432\u0430\u0440\u043e\u0432\",\"item\":\"https:\\\/\\\/beebipood.ee\\\/tooted\\\/\"},{\"@type\":\"ListItem\",\"position\":3,\"name\":\"Beebivoodi Pure 60\u00d7120, natural\"}]},{\"@type\":\"WebSite\",\"@id\":\"https:\\\/\\\/beebipood.ee\\\/ru\\\/#website\",\"url\":\"https:\\\/\\\/beebipood.ee\\\/ru\\\/\",\"name\":\"Beebipood\",\"description\":\"Lastekaubad, beebikaubad, m\u00e4nguasjad\",\"publisher\":{\"@id\":\"https:\\\/\\\/beebipood.ee\\\/ru\\\/#organization\"},\"potentialAction\":[{\"@type\":\"SearchAction\",\"target\":{\"@type\":\"EntryPoint\",\"urlTemplate\":\"https:\\\/\\\/beebipood.ee\\\/ru\\\/?s={search_term_string}\"},\"query-input\":{\"@type\":\"PropertyValueSpecification\",\"valueRequired\":true,\"valueName\":\"search_term_string\"}}],\"inLanguage\":\"ru-RU\"},{\"@type\":\"Organization\",\"@id\":\"https:\\\/\\\/beebipood.ee\\\/ru\\\/#organization\",\"name\":\"Beebipood\",\"url\":\"https:\\\/\\\/beebipood.ee\\\/ru\\\/\",\"logo\":{\"@type\":\"ImageObject\",\"inLanguage\":\"ru-RU\",\"@id\":\"https:\\\/\\\/beebipood.ee\\\/ru\\\/#\\\/schema\\\/logo\\\/image\\\/\",\"url\":\"https:\\\/\\\/beebipood.ee\\\/wp-content\\\/uploads\\\/2025\\\/03\\\/beebipood.ee-logo-1.svg\",\"contentUrl\":\"https:\\\/\\\/beebipood.ee\\\/wp-content\\\/uploads\\\/2025\\\/03\\\/beebipood.ee-logo-1.svg\",\"caption\":\"Beebipood\"},\"image\":{\"@id\":\"https:\\\/\\\/beebipood.ee\\\/ru\\\/#\\\/schema\\\/logo\\\/image\\\/\"}}]}<\/script>\n<!-- \/ Yoast SEO plugin. -->","yoast_head_json":{"title":"Kummut Snap kolme sahtliga, tumehall, K\u043e\u043c\u043e\u0434\u044b, \u044f\u0449\u0438\u043a\u0438, K\u043e\u043c\u043e\u0434\u044b, M\u0435\u0431\u0435\u043b\u044c, Beebipood","description":"Kummut Snap kolme sahtliga, tumehall, valmistatud p\u00f6\u00f6gi puidust, MDF'st ja\u00a0melamiinist sisemised komponendid on\u00a0va","robots":{"index":"index","follow":"follow","max-snippet":"max-snippet:-1","max-image-preview":"max-image-preview:large","max-video-preview":"max-video-preview:-1"},"canonical":"https:\/\/beebipood.ee\/ru\/produkt\/beebivoodi-pure-60x120-natural\/","og_locale":"ru_RU","og_type":"article","og_title":"Kummut Snap kolme sahtliga, tumehall, K\u043e\u043c\u043e\u0434\u044b, \u044f\u0449\u0438\u043a\u0438, K\u043e\u043c\u043e\u0434\u044b, M\u0435\u0431\u0435\u043b\u044c, Beebipood","og_description":"Kummut Snap kolme sahtliga, tumehall, valmistatud p\u00f6\u00f6gi puidust, MDF'st ja\u00a0melamiinist sisemised komponendid on\u00a0va","og_url":"https:\/\/beebipood.ee\/ru\/produkt\/beebivoodi-pure-60x120-natural\/","og_site_name":"Beebipood","article_modified_time":"2025-10-20T12:45:20+00:00","og_image":[{"width":1920,"height":2082,"url":"https:\/\/beebipood.ee\/wp-content\/uploads\/2019\/02\/pure_natural_cot120x60_1.webp","type":"image\/webp"}],"twitter_card":"summary_large_image","twitter_misc":{"\u041f\u0440\u0438\u043c\u0435\u0440\u043d\u043e\u0435 \u0432\u0440\u0435\u043c\u044f \u0434\u043b\u044f \u0447\u0442\u0435\u043d\u0438\u044f":"1 \u043c\u0438\u043d\u0443\u0442\u0430"},"schema":{"@context":"https:\/\/schema.org","@graph":[{"@type":"WebPage","@id":"https:\/\/beebipood.ee\/ru\/produkt\/beebivoodi-pure-60x120-natural\/","url":"https:\/\/beebipood.ee\/ru\/produkt\/beebivoodi-pure-60x120-natural\/","name":"Kummut Snap kolme sahtliga, tumehall, K\u043e\u043c\u043e\u0434\u044b, \u044f\u0449\u0438\u043a\u0438, K\u043e\u043c\u043e\u0434\u044b, M\u0435\u0431\u0435\u043b\u044c, Beebipood","isPartOf":{"@id":"https:\/\/beebipood.ee\/ru\/#website"},"primaryImageOfPage":{"@id":"https:\/\/beebipood.ee\/ru\/produkt\/beebivoodi-pure-60x120-natural\/#primaryimage"},"image":{"@id":"https:\/\/beebipood.ee\/ru\/produkt\/beebivoodi-pure-60x120-natural\/#primaryimage"},"thumbnailUrl":"https:\/\/beebipood.ee\/wp-content\/uploads\/2019\/02\/pure_natural_cot120x60_1.webp","datePublished":"2025-10-20T09:10:05+00:00","dateModified":"2025-10-20T12:45:20+00:00","description":"Kummut Snap kolme sahtliga, tumehall, valmistatud p\u00f6\u00f6gi puidust, MDF'st ja\u00a0melamiinist sisemised komponendid on\u00a0va","breadcrumb":{"@id":"https:\/\/beebipood.ee\/ru\/produkt\/beebivoodi-pure-60x120-natural\/#breadcrumb"},"inLanguage":"ru-RU","potentialAction":[{"@type":"ReadAction","target":["https:\/\/beebipood.ee\/ru\/produkt\/beebivoodi-pure-60x120-natural\/"]}]},{"@type":"ImageObject","inLanguage":"ru-RU","@id":"https:\/\/beebipood.ee\/ru\/produkt\/beebivoodi-pure-60x120-natural\/#primaryimage","url":"https:\/\/beebipood.ee\/wp-content\/uploads\/2019\/02\/pure_natural_cot120x60_1.webp","contentUrl":"https:\/\/beebipood.ee\/wp-content\/uploads\/2019\/02\/pure_natural_cot120x60_1.webp","width":1920,"height":2082},{"@type":"BreadcrumbList","@id":"https:\/\/beebipood.ee\/ru\/produkt\/beebivoodi-pure-60x120-natural\/#breadcrumb","itemListElement":[{"@type":"ListItem","position":1,"name":"Home","item":"https:\/\/beebipood.ee\/ru\/"},{"@type":"ListItem","position":2,"name":"\u041a\u0430\u0442\u0430\u043b\u043e\u0433 \u0442\u043e\u0432\u0430\u0440\u043e\u0432","item":"https:\/\/beebipood.ee\/tooted\/"},{"@type":"ListItem","position":3,"name":"Beebivoodi Pure 60\u00d7120, natural"}]},{"@type":"WebSite","@id":"https:\/\/beebipood.ee\/ru\/#website","url":"https:\/\/beebipood.ee\/ru\/","name":"Beebipood","description":"Lastekaubad, beebikaubad, m\u00e4nguasjad","publisher":{"@id":"https:\/\/beebipood.ee\/ru\/#organization"},"potentialAction":[{"@type":"SearchAction","target":{"@type":"EntryPoint","urlTemplate":"https:\/\/beebipood.ee\/ru\/?s={search_term_string}"},"query-input":{"@type":"PropertyValueSpecification","valueRequired":true,"valueName":"search_term_string"}}],"inLanguage":"ru-RU"},{"@type":"Organization","@id":"https:\/\/beebipood.ee\/ru\/#organization","name":"Beebipood","url":"https:\/\/beebipood.ee\/ru\/","logo":{"@type":"ImageObject","inLanguage":"ru-RU","@id":"https:\/\/beebipood.ee\/ru\/#\/schema\/logo\/image\/","url":"https:\/\/beebipood.ee\/wp-content\/uploads\/2025\/03\/beebipood.ee-logo-1.svg","contentUrl":"https:\/\/beebipood.ee\/wp-content\/uploads\/2025\/03\/beebipood.ee-logo-1.svg","caption":"Beebipood"},"image":{"@id":"https:\/\/beebipood.ee\/ru\/#\/schema\/logo\/image\/"}}]}},"brands":[],"_links":{"self":[{"href":"https:\/\/beebipood.ee\/ru\/wp-json\/wp\/v2\/product\/458493","targetHints":{"allow":["GET"]}}],"collection":[{"href":"https:\/\/beebipood.ee\/ru\/wp-json\/wp\/v2\/product"}],"about":[{"href":"https:\/\/beebipood.ee\/ru\/wp-json\/wp\/v2\/types\/product"}],"wp:featuredmedia":[{"embeddable":true,"href":"https:\/\/beebipood.ee\/ru\/wp-json\/wp\/v2\/media\/508323"}],"wp:attachment":[{"href":"https:\/\/beebipood.ee\/ru\/wp-json\/wp\/v2\/media?parent=458493"}],"wp:term":[{"taxonomy":"pwb-brand","embeddable":true,"href":"https:\/\/beebipood.ee\/ru\/wp-json\/wp\/v2\/pwb-brand?post=458493"},{"taxonomy":"product_brand","embeddable":true,"href":"https:\/\/beebipood.ee\/ru\/wp-json\/wp\/v2\/product_brand?post=458493"},{"taxonomy":"product_cat","embeddable":true,"href":"https:\/\/beebipood.ee\/ru\/wp-json\/wp\/v2\/product_cat?post=458493"},{"taxonomy":"product_tag","embeddable":true,"href":"https:\/\/beebipood.ee\/ru\/wp-json\/wp\/v2\/product_tag?post=458493"}],"curies":[{"name":"wp","href":"https:\/\/api.w.org\/{rel}","templated":true}]}}