{"id":458513,"date":"2019-02-27T05:59:29","date_gmt":"2019-02-27T03:59:29","guid":{"rendered":"https:\/\/beebipood.ee\/toode\/hauck-universaalne-saasevork-grey\/"},"modified":"2025-01-09T10:48:57","modified_gmt":"2025-01-09T08:48:57","slug":"hauck-universaalne-saasevork-grey","status":"publish","type":"product","link":"https:\/\/beebipood.ee\/ru\/produkt\/hauck-universaalne-saasevork-grey\/","title":{"rendered":"Hauck Universaalne s\u00e4\u00e4sev\u00f5rk, Grey"},"content":{"rendered":"<p>Hauck kvaliteetne s\u00e4\u00e4sev\u00f5rk<br \/>Universaalne putukav\u00f5rk vankrikorvile ja jalutusk\u00e4rule<br \/>Usaldusv\u00e4\u00e4rne kaitse putukate eest v\u00e4ljas olles<br \/>S\u00e4\u00e4sev\u00f5rgu peen v\u00f5rkkangas ja elastne \u00e4\u00e4ris sulgeb k\u00f5ik avad<br \/>ning kaitseb teie last isegi k\u00f5ige v\u00e4iksemate putukate, s\u00e4\u00e4skede ja k\u00e4rbeste eest<br \/>T\u00e4nu venitavale elastsele \u00e4\u00e4rele <br \/>kohandub see erineva suuruse ja tootjate vankrite ja jalutusk\u00e4rudega<br \/>Igal ajal kasutamiseks valmis, lihtne transportida ja rebenemiskindel<br \/>Reisi-s\u00e4\u00e4sev\u00f5rk on v\u00e4ga mugava suurusega <br \/>ning seda saab h\u00f5lpsasti kaasasolevas kotis hoida, <br \/>et see mahuks pakikorvi, m\u00e4hkimiskotti v\u00f5i seljakotti.<br \/>Putukav\u00f5rk on valmistatud rebenemiskindlast kangast, <br \/>et saaksite seda pikka aega kasutada.<br \/>T\u00e4nu kvaliteetsele materjalile saate s\u00e4\u00e4sev\u00f5rku h\u00f5lpsasti pesta 30 \u00b0C juures<\/p>\n","protected":false},"excerpt":{"rendered":"<p>Hauck kvaliteetne s\u00e4\u00e4sev\u00f5rkUniversaalne putukav\u00f5rk vankrikorvile ja jalutusk\u00e4ruleUsaldusv\u00e4\u00e4rne kaitse putukate eest v\u00e4ljas ollesS\u00e4\u00e4sev\u00f5rgu peen v\u00f5rkkangas ja elastne \u00e4\u00e4ris sulgeb k\u00f5ik avadning kaitseb teie last isegi k\u00f5ige v\u00e4iksemate putukate, s\u00e4\u00e4skede ja k\u00e4rbeste eestT\u00e4nu venitavale elastsele \u00e4\u00e4rele kohandub see erineva suuruse ja tootjate vankrite ja jalutusk\u00e4rudegaIgal ajal kasutamiseks valmis, lihtne transportida ja rebenemiskindelReisi-s\u00e4\u00e4sev\u00f5rk on v\u00e4ga mugava suurusega ning [&hellip;]<\/p>\n","protected":false},"featured_media":170741,"template":"","meta":{"_acf_changed":false},"pwb-brand":[11952],"product_brand":[],"product_cat":[11725,11717],"product_tag":[],"class_list":{"0":"post-458513","1":"product","2":"type-product","3":"status-publish","4":"has-post-thumbnail","6":"pwb-brand-hauck-ru","7":"product_cat-lisatarvikud-ru","8":"product_cat-lastevankrid-ja-karud-ru","9":"pa_manufacturer-hauck-ru","11":"first","12":"instock","13":"taxable","14":"shipping-taxable","15":"purchasable","16":"product-type-simple"},"exclude_global_add_ons":[],"addons":[],"acf":[],"yoast_head":"<!-- This site is optimized with the Yoast SEO plugin v27.1.1 - https:\/\/yoast.com\/product\/yoast-seo-wordpress\/ -->\n<title>Hauck Universaalne s\u00e4\u00e4sev\u00f5rk, Grey, \u041a\u043e\u043b\u044f\u0441\u043a\u0438, \u041f\u0440\u0438\u043d\u0430\u0434\u043b\u0435\u0436\u043d\u043e\u0441\u0442\u0438, Beebipood<\/title>\n<meta name=\"description\" content=\"Hauck Universaalne s\u00e4\u00e4sev\u00f5rk, Grey, Hauck kvaliteetne s&auml;&auml;sev&otilde;rkUniversaalne putukav&otilde;rk vankrikorvile ja jalutusk&auml;rule&lt;b\" \/>\n<meta name=\"robots\" content=\"index, follow, max-snippet:-1, max-image-preview:large, max-video-preview:-1\" \/>\n<link rel=\"canonical\" href=\"https:\/\/beebipood.ee\/ru\/produkt\/hauck-universaalne-saasevork-grey\/\" \/>\n<meta property=\"og:locale\" content=\"ru_RU\" \/>\n<meta property=\"og:type\" content=\"article\" \/>\n<meta property=\"og:title\" content=\"Hauck Universaalne s\u00e4\u00e4sev\u00f5rk, Grey, \u041a\u043e\u043b\u044f\u0441\u043a\u0438, \u041f\u0440\u0438\u043d\u0430\u0434\u043b\u0435\u0436\u043d\u043e\u0441\u0442\u0438, Beebipood\" \/>\n<meta property=\"og:description\" content=\"Hauck Universaalne s\u00e4\u00e4sev\u00f5rk, Grey, Hauck kvaliteetne s&auml;&auml;sev&otilde;rkUniversaalne putukav&otilde;rk vankrikorvile ja jalutusk&auml;rule&lt;b\" \/>\n<meta property=\"og:url\" content=\"https:\/\/beebipood.ee\/ru\/produkt\/hauck-universaalne-saasevork-grey\/\" \/>\n<meta property=\"og:site_name\" content=\"Beebipood\" \/>\n<meta property=\"article:modified_time\" content=\"2025-01-09T08:48:57+00:00\" \/>\n<meta property=\"og:image\" content=\"https:\/\/beebipood.ee\/wp-content\/uploads\/2019\/02\/Hauck-Universaalne-saasevork-Grey-SOODUSPAKKUMISED-Lastevankrid-ja-karud-Jalutuskarud-Ladu-tuhjaks-Baby-Jogger-Baby-Jogger-lisad_2-c71.jpg\" \/>\n\t<meta property=\"og:image:width\" content=\"1500\" \/>\n\t<meta property=\"og:image:height\" content=\"1500\" \/>\n\t<meta property=\"og:image:type\" content=\"image\/jpeg\" \/>\n<meta name=\"twitter:card\" content=\"summary_large_image\" \/>\n<meta name=\"twitter:label1\" content=\"\u041f\u0440\u0438\u043c\u0435\u0440\u043d\u043e\u0435 \u0432\u0440\u0435\u043c\u044f \u0434\u043b\u044f \u0447\u0442\u0435\u043d\u0438\u044f\" \/>\n\t<meta name=\"twitter:data1\" content=\"1 \u043c\u0438\u043d\u0443\u0442\u0430\" \/>\n<script type=\"application\/ld+json\" class=\"yoast-schema-graph\">{\"@context\":\"https:\/\/schema.org\",\"@graph\":[{\"@type\":\"WebPage\",\"@id\":\"https:\/\/beebipood.ee\/ru\/produkt\/hauck-universaalne-saasevork-grey\/\",\"url\":\"https:\/\/beebipood.ee\/ru\/produkt\/hauck-universaalne-saasevork-grey\/\",\"name\":\"Hauck Universaalne s\u00e4\u00e4sev\u00f5rk, Grey, \u041a\u043e\u043b\u044f\u0441\u043a\u0438, \u041f\u0440\u0438\u043d\u0430\u0434\u043b\u0435\u0436\u043d\u043e\u0441\u0442\u0438, Beebipood\",\"isPartOf\":{\"@id\":\"https:\/\/beebipood.ee\/ru\/#website\"},\"primaryImageOfPage\":{\"@id\":\"https:\/\/beebipood.ee\/ru\/produkt\/hauck-universaalne-saasevork-grey\/#primaryimage\"},\"image\":{\"@id\":\"https:\/\/beebipood.ee\/ru\/produkt\/hauck-universaalne-saasevork-grey\/#primaryimage\"},\"thumbnailUrl\":\"https:\/\/beebipood.ee\/wp-content\/uploads\/2019\/02\/Hauck-Universaalne-saasevork-Grey-SOODUSPAKKUMISED-Lastevankrid-ja-karud-Jalutuskarud-Ladu-tuhjaks-Baby-Jogger-Baby-Jogger-lisad_2-c71.jpg\",\"datePublished\":\"2019-02-27T03:59:29+00:00\",\"dateModified\":\"2025-01-09T08:48:57+00:00\",\"description\":\"Hauck Universaalne s\u00e4\u00e4sev\u00f5rk, Grey, Hauck kvaliteetne s&auml;&auml;sev&otilde;rkUniversaalne putukav&otilde;rk vankrikorvile ja jalutusk&auml;rule&lt;b\",\"breadcrumb\":{\"@id\":\"https:\/\/beebipood.ee\/ru\/produkt\/hauck-universaalne-saasevork-grey\/#breadcrumb\"},\"inLanguage\":\"ru-RU\",\"potentialAction\":[{\"@type\":\"ReadAction\",\"target\":[\"https:\/\/beebipood.ee\/ru\/produkt\/hauck-universaalne-saasevork-grey\/\"]}]},{\"@type\":\"ImageObject\",\"inLanguage\":\"ru-RU\",\"@id\":\"https:\/\/beebipood.ee\/ru\/produkt\/hauck-universaalne-saasevork-grey\/#primaryimage\",\"url\":\"https:\/\/beebipood.ee\/wp-content\/uploads\/2019\/02\/Hauck-Universaalne-saasevork-Grey-SOODUSPAKKUMISED-Lastevankrid-ja-karud-Jalutuskarud-Ladu-tuhjaks-Baby-Jogger-Baby-Jogger-lisad_2-c71.jpg\",\"contentUrl\":\"https:\/\/beebipood.ee\/wp-content\/uploads\/2019\/02\/Hauck-Universaalne-saasevork-Grey-SOODUSPAKKUMISED-Lastevankrid-ja-karud-Jalutuskarud-Ladu-tuhjaks-Baby-Jogger-Baby-Jogger-lisad_2-c71.jpg\",\"width\":1500,\"height\":1500},{\"@type\":\"BreadcrumbList\",\"@id\":\"https:\/\/beebipood.ee\/ru\/produkt\/hauck-universaalne-saasevork-grey\/#breadcrumb\",\"itemListElement\":[{\"@type\":\"ListItem\",\"position\":1,\"name\":\"Home\",\"item\":\"https:\/\/beebipood.ee\/ru\/\"},{\"@type\":\"ListItem\",\"position\":2,\"name\":\"\u041a\u0430\u0442\u0430\u043b\u043e\u0433 \u0442\u043e\u0432\u0430\u0440\u043e\u0432\",\"item\":\"https:\/\/beebipood.ee\/tooted\/\"},{\"@type\":\"ListItem\",\"position\":3,\"name\":\"Hauck Universaalne s\u00e4\u00e4sev\u00f5rk, Grey\"}]},{\"@type\":\"WebSite\",\"@id\":\"https:\/\/beebipood.ee\/ru\/#website\",\"url\":\"https:\/\/beebipood.ee\/ru\/\",\"name\":\"Beebipood\",\"description\":\"Lastekaubad, beebikaubad, m\u00e4nguasjad\",\"publisher\":{\"@id\":\"https:\/\/beebipood.ee\/ru\/#organization\"},\"potentialAction\":[{\"@type\":\"SearchAction\",\"target\":{\"@type\":\"EntryPoint\",\"urlTemplate\":\"https:\/\/beebipood.ee\/ru\/?s={search_term_string}\"},\"query-input\":{\"@type\":\"PropertyValueSpecification\",\"valueRequired\":true,\"valueName\":\"search_term_string\"}}],\"inLanguage\":\"ru-RU\"},{\"@type\":\"Organization\",\"@id\":\"https:\/\/beebipood.ee\/ru\/#organization\",\"name\":\"Beebipood\",\"url\":\"https:\/\/beebipood.ee\/ru\/\",\"logo\":{\"@type\":\"ImageObject\",\"inLanguage\":\"ru-RU\",\"@id\":\"https:\/\/beebipood.ee\/ru\/#\/schema\/logo\/image\/\",\"url\":\"https:\/\/beebipood.ee\/wp-content\/uploads\/2025\/03\/beebipood.ee-logo-1.svg\",\"contentUrl\":\"https:\/\/beebipood.ee\/wp-content\/uploads\/2025\/03\/beebipood.ee-logo-1.svg\",\"caption\":\"Beebipood\"},\"image\":{\"@id\":\"https:\/\/beebipood.ee\/ru\/#\/schema\/logo\/image\/\"}}]}<\/script>\n<!-- \/ Yoast SEO plugin. -->","yoast_head_json":{"title":"Hauck Universaalne s\u00e4\u00e4sev\u00f5rk, Grey, \u041a\u043e\u043b\u044f\u0441\u043a\u0438, \u041f\u0440\u0438\u043d\u0430\u0434\u043b\u0435\u0436\u043d\u043e\u0441\u0442\u0438, Beebipood","description":"Hauck Universaalne s\u00e4\u00e4sev\u00f5rk, Grey, Hauck kvaliteetne s&auml;&auml;sev&otilde;rkUniversaalne putukav&otilde;rk vankrikorvile ja jalutusk&auml;rule&lt;b","robots":{"index":"index","follow":"follow","max-snippet":"max-snippet:-1","max-image-preview":"max-image-preview:large","max-video-preview":"max-video-preview:-1"},"canonical":"https:\/\/beebipood.ee\/ru\/produkt\/hauck-universaalne-saasevork-grey\/","og_locale":"ru_RU","og_type":"article","og_title":"Hauck Universaalne s\u00e4\u00e4sev\u00f5rk, Grey, \u041a\u043e\u043b\u044f\u0441\u043a\u0438, \u041f\u0440\u0438\u043d\u0430\u0434\u043b\u0435\u0436\u043d\u043e\u0441\u0442\u0438, Beebipood","og_description":"Hauck Universaalne s\u00e4\u00e4sev\u00f5rk, Grey, Hauck kvaliteetne s&auml;&auml;sev&otilde;rkUniversaalne putukav&otilde;rk vankrikorvile ja jalutusk&auml;rule&lt;b","og_url":"https:\/\/beebipood.ee\/ru\/produkt\/hauck-universaalne-saasevork-grey\/","og_site_name":"Beebipood","article_modified_time":"2025-01-09T08:48:57+00:00","og_image":[{"width":1500,"height":1500,"url":"https:\/\/beebipood.ee\/wp-content\/uploads\/2019\/02\/Hauck-Universaalne-saasevork-Grey-SOODUSPAKKUMISED-Lastevankrid-ja-karud-Jalutuskarud-Ladu-tuhjaks-Baby-Jogger-Baby-Jogger-lisad_2-c71.jpg","type":"image\/jpeg"}],"twitter_card":"summary_large_image","twitter_misc":{"\u041f\u0440\u0438\u043c\u0435\u0440\u043d\u043e\u0435 \u0432\u0440\u0435\u043c\u044f \u0434\u043b\u044f \u0447\u0442\u0435\u043d\u0438\u044f":"1 \u043c\u0438\u043d\u0443\u0442\u0430"},"schema":{"@context":"https:\/\/schema.org","@graph":[{"@type":"WebPage","@id":"https:\/\/beebipood.ee\/ru\/produkt\/hauck-universaalne-saasevork-grey\/","url":"https:\/\/beebipood.ee\/ru\/produkt\/hauck-universaalne-saasevork-grey\/","name":"Hauck Universaalne s\u00e4\u00e4sev\u00f5rk, Grey, \u041a\u043e\u043b\u044f\u0441\u043a\u0438, \u041f\u0440\u0438\u043d\u0430\u0434\u043b\u0435\u0436\u043d\u043e\u0441\u0442\u0438, Beebipood","isPartOf":{"@id":"https:\/\/beebipood.ee\/ru\/#website"},"primaryImageOfPage":{"@id":"https:\/\/beebipood.ee\/ru\/produkt\/hauck-universaalne-saasevork-grey\/#primaryimage"},"image":{"@id":"https:\/\/beebipood.ee\/ru\/produkt\/hauck-universaalne-saasevork-grey\/#primaryimage"},"thumbnailUrl":"https:\/\/beebipood.ee\/wp-content\/uploads\/2019\/02\/Hauck-Universaalne-saasevork-Grey-SOODUSPAKKUMISED-Lastevankrid-ja-karud-Jalutuskarud-Ladu-tuhjaks-Baby-Jogger-Baby-Jogger-lisad_2-c71.jpg","datePublished":"2019-02-27T03:59:29+00:00","dateModified":"2025-01-09T08:48:57+00:00","description":"Hauck Universaalne s\u00e4\u00e4sev\u00f5rk, Grey, Hauck kvaliteetne s&auml;&auml;sev&otilde;rkUniversaalne putukav&otilde;rk vankrikorvile ja jalutusk&auml;rule&lt;b","breadcrumb":{"@id":"https:\/\/beebipood.ee\/ru\/produkt\/hauck-universaalne-saasevork-grey\/#breadcrumb"},"inLanguage":"ru-RU","potentialAction":[{"@type":"ReadAction","target":["https:\/\/beebipood.ee\/ru\/produkt\/hauck-universaalne-saasevork-grey\/"]}]},{"@type":"ImageObject","inLanguage":"ru-RU","@id":"https:\/\/beebipood.ee\/ru\/produkt\/hauck-universaalne-saasevork-grey\/#primaryimage","url":"https:\/\/beebipood.ee\/wp-content\/uploads\/2019\/02\/Hauck-Universaalne-saasevork-Grey-SOODUSPAKKUMISED-Lastevankrid-ja-karud-Jalutuskarud-Ladu-tuhjaks-Baby-Jogger-Baby-Jogger-lisad_2-c71.jpg","contentUrl":"https:\/\/beebipood.ee\/wp-content\/uploads\/2019\/02\/Hauck-Universaalne-saasevork-Grey-SOODUSPAKKUMISED-Lastevankrid-ja-karud-Jalutuskarud-Ladu-tuhjaks-Baby-Jogger-Baby-Jogger-lisad_2-c71.jpg","width":1500,"height":1500},{"@type":"BreadcrumbList","@id":"https:\/\/beebipood.ee\/ru\/produkt\/hauck-universaalne-saasevork-grey\/#breadcrumb","itemListElement":[{"@type":"ListItem","position":1,"name":"Home","item":"https:\/\/beebipood.ee\/ru\/"},{"@type":"ListItem","position":2,"name":"\u041a\u0430\u0442\u0430\u043b\u043e\u0433 \u0442\u043e\u0432\u0430\u0440\u043e\u0432","item":"https:\/\/beebipood.ee\/tooted\/"},{"@type":"ListItem","position":3,"name":"Hauck Universaalne s\u00e4\u00e4sev\u00f5rk, Grey"}]},{"@type":"WebSite","@id":"https:\/\/beebipood.ee\/ru\/#website","url":"https:\/\/beebipood.ee\/ru\/","name":"Beebipood","description":"Lastekaubad, beebikaubad, m\u00e4nguasjad","publisher":{"@id":"https:\/\/beebipood.ee\/ru\/#organization"},"potentialAction":[{"@type":"SearchAction","target":{"@type":"EntryPoint","urlTemplate":"https:\/\/beebipood.ee\/ru\/?s={search_term_string}"},"query-input":{"@type":"PropertyValueSpecification","valueRequired":true,"valueName":"search_term_string"}}],"inLanguage":"ru-RU"},{"@type":"Organization","@id":"https:\/\/beebipood.ee\/ru\/#organization","name":"Beebipood","url":"https:\/\/beebipood.ee\/ru\/","logo":{"@type":"ImageObject","inLanguage":"ru-RU","@id":"https:\/\/beebipood.ee\/ru\/#\/schema\/logo\/image\/","url":"https:\/\/beebipood.ee\/wp-content\/uploads\/2025\/03\/beebipood.ee-logo-1.svg","contentUrl":"https:\/\/beebipood.ee\/wp-content\/uploads\/2025\/03\/beebipood.ee-logo-1.svg","caption":"Beebipood"},"image":{"@id":"https:\/\/beebipood.ee\/ru\/#\/schema\/logo\/image\/"}}]}},"brands":[{"id":11952,"name":"Hauck","slug":"hauck-ru"}],"_links":{"self":[{"href":"https:\/\/beebipood.ee\/ru\/wp-json\/wp\/v2\/product\/458513","targetHints":{"allow":["GET"]}}],"collection":[{"href":"https:\/\/beebipood.ee\/ru\/wp-json\/wp\/v2\/product"}],"about":[{"href":"https:\/\/beebipood.ee\/ru\/wp-json\/wp\/v2\/types\/product"}],"wp:featuredmedia":[{"embeddable":true,"href":"https:\/\/beebipood.ee\/ru\/wp-json\/wp\/v2\/media\/170741"}],"wp:attachment":[{"href":"https:\/\/beebipood.ee\/ru\/wp-json\/wp\/v2\/media?parent=458513"}],"wp:term":[{"taxonomy":"pwb-brand","embeddable":true,"href":"https:\/\/beebipood.ee\/ru\/wp-json\/wp\/v2\/pwb-brand?post=458513"},{"taxonomy":"product_brand","embeddable":true,"href":"https:\/\/beebipood.ee\/ru\/wp-json\/wp\/v2\/product_brand?post=458513"},{"taxonomy":"product_cat","embeddable":true,"href":"https:\/\/beebipood.ee\/ru\/wp-json\/wp\/v2\/product_cat?post=458513"},{"taxonomy":"product_tag","embeddable":true,"href":"https:\/\/beebipood.ee\/ru\/wp-json\/wp\/v2\/product_tag?post=458513"}],"curies":[{"name":"wp","href":"https:\/\/api.w.org\/{rel}","templated":true}]}}