{"id":458541,"date":"2019-03-20T13:36:59","date_gmt":"2019-03-20T11:36:59","guid":{"rendered":"https:\/\/beebipood.ee\/toode\/axkid-x-geggamoja-turvatooli-kate-one-dreamer\/"},"modified":"2025-01-09T10:48:56","modified_gmt":"2025-01-09T08:48:56","slug":"axkid-x-geggamoja-turvatooli-kate-one-dreamer","status":"publish","type":"product","link":"https:\/\/beebipood.ee\/ru\/produkt\/axkid-x-geggamoja-turvatooli-kate-one-dreamer\/","title":{"rendered":"Axkid x Geggamoja turvatooli kate One, Dreamer"},"content":{"rendered":"<p>Turvatooli kate kaitseb turvatooli ja muudab turvatoolis s\u00f5itmise l\u00f5busaks <br \/>ning aitab samal ajal lapsel kuumadel suvep\u00e4evadel jahedana p\u00fcsida. <br \/>Pehme ja jahe bambus-viskooskangas v\u00e4hendab p\u00e4ikesesoojuse imendumist <br \/>ning samal ajal kaitseb turvatooli mustuse ja plekkide eest.<br \/>M\u00e4ngulise kujundusega katet saab h\u00f5lpsasti turvatooli peale t\u00f5mmata, <br \/>et luua lapsele m\u00e4nguline, pehme ja mugavam tunne.<br \/>Geggamoja kollektsioon on Axkid ja Rootsi laster\u00f5ivaste firma Geggamoja koost\u00f6\u00f6, <br \/>mis on tuntud oma ainulaadse disaini ja kvaliteedi poolest.<br \/>Antud kollektsioon on midagi uut ja midagi, mis meeldiks lastele <br \/>ning mis julgustaks autos\u00f5itu nautima kui ka v\u00f5imalikult <br \/>kaua seljaga s\u00f5idusuunas turvatoolis viibima. <br \/>Parimate tulemuste saamiseks peske suvekatted enne kasutamist l\u00e4bi<br \/>Valmistatud: 70% bambusviskoos, 25% puuvill, 5% spandex.<br \/><strong><span style=\"text-decoration: underline;\">Sobib:<\/span> <\/strong>Axkid ONE, Axkid ONE+, Axkid ONE 2, Axkid ONE+ 2<\/p>\n","protected":false},"excerpt":{"rendered":"<p>Turvatooli kate kaitseb turvatooli ja muudab turvatoolis s\u00f5itmise l\u00f5busaks ning aitab samal ajal lapsel kuumadel suvep\u00e4evadel jahedana p\u00fcsida. Pehme ja jahe bambus-viskooskangas v\u00e4hendab p\u00e4ikesesoojuse imendumist ning samal ajal kaitseb turvatooli mustuse ja plekkide eest.M\u00e4ngulise kujundusega katet saab h\u00f5lpsasti turvatooli peale t\u00f5mmata, et luua lapsele m\u00e4nguline, pehme ja mugavam tunne.Geggamoja kollektsioon on Axkid ja Rootsi laster\u00f5ivaste [&hellip;]<\/p>\n","protected":false},"featured_media":128466,"template":"","meta":{"_acf_changed":false},"pwb-brand":[11955],"product_brand":[],"product_cat":[11813,11727,11871,11887,11797,11791],"product_tag":[],"class_list":{"0":"post-458541","1":"product","2":"type-product","3":"status-publish","4":"has-post-thumbnail","6":"pwb-brand-axkid-ru","7":"product_cat-axkid-ru","8":"product_cat-turvatoolid-hallid-ru","9":"product_cat-axkid-lisavarustus-ru","10":"product_cat-axkid-one-3-ru","11":"product_cat-lisatarvikud-ru-1","12":"product_cat-turvavarustus-ru","13":"pa_manufacturer-axkid-ru","15":"first","16":"instock","17":"taxable","18":"shipping-taxable","19":"purchasable","20":"product-type-simple"},"exclude_global_add_ons":[],"addons":[],"acf":[],"yoast_head":"<!-- This site is optimized with the Yoast SEO plugin v27.3 - https:\/\/yoast.com\/product\/yoast-seo-wordpress\/ -->\n<title>Axkid x Geggamoja turvatooli kate One, Dreamer, \u041d\u041e\u0412\u042b\u0415 \u0422\u041e\u0412\u0410\u0420\u042b, \u0410\u0432\u0442\u043e\u043a\u0440\u0435\u0441\u043b\u0430, \u043b\u044e\u043b\u044c\u043a\u0438, \u0421\u043d\u0430\u0440\u044f\u0436\u0435\u043d\u0438\u044f \u0431\u0435\u0437\u043e\u043f\u0430\u0441\u043d\u043e\u0441\u0442\u0438, \u0410\u043a\u0441\u0435\u0441\u0441\u0443\u0430\u0440\u044b, Axkid, Axkid One 2 turvatool, Axkid a\u043a\u0441\u0435\u0441\u0441\u0443\u0430\u0440\u044b, Axkid One turvatool, Beebipood<\/title>\n<meta name=\"description\" content=\"Axkid x Geggamoja turvatooli kate One, Dreamer, Turvatooli kate kaitseb turvatooli ja muudab turvatoolis s&otilde;itmise l&otilde;busaks ning aitab sam\" \/>\n<meta name=\"robots\" content=\"index, follow, max-snippet:-1, max-image-preview:large, max-video-preview:-1\" \/>\n<link rel=\"canonical\" href=\"https:\/\/beebipood.ee\/ru\/produkt\/axkid-x-geggamoja-turvatooli-kate-one-dreamer\/\" \/>\n<meta property=\"og:locale\" content=\"ru_RU\" \/>\n<meta property=\"og:type\" content=\"article\" \/>\n<meta property=\"og:title\" content=\"Axkid x Geggamoja turvatooli kate One, Dreamer, \u041d\u041e\u0412\u042b\u0415 \u0422\u041e\u0412\u0410\u0420\u042b, \u0410\u0432\u0442\u043e\u043a\u0440\u0435\u0441\u043b\u0430, \u043b\u044e\u043b\u044c\u043a\u0438, \u0421\u043d\u0430\u0440\u044f\u0436\u0435\u043d\u0438\u044f \u0431\u0435\u0437\u043e\u043f\u0430\u0441\u043d\u043e\u0441\u0442\u0438, \u0410\u043a\u0441\u0435\u0441\u0441\u0443\u0430\u0440\u044b, Axkid, Axkid One 2 turvatool, Axkid a\u043a\u0441\u0435\u0441\u0441\u0443\u0430\u0440\u044b, Axkid One turvatool, Beebipood\" \/>\n<meta property=\"og:description\" content=\"Axkid x Geggamoja turvatooli kate One, Dreamer, Turvatooli kate kaitseb turvatooli ja muudab turvatoolis s&otilde;itmise l&otilde;busaks ning aitab sam\" \/>\n<meta property=\"og:url\" content=\"https:\/\/beebipood.ee\/ru\/produkt\/axkid-x-geggamoja-turvatooli-kate-one-dreamer\/\" \/>\n<meta property=\"og:site_name\" content=\"Beebipood\" \/>\n<meta property=\"article:modified_time\" content=\"2025-01-09T08:48:56+00:00\" \/>\n<meta property=\"og:image\" content=\"https:\/\/beebipood.ee\/wp-content\/uploads\/2019\/03\/Axkid-x-Geggamoja-turvatooli-kate-One-Dreamer-UUED-TOOTED-Turvatoolid-hallid-Turvavarustus-Lisatarvikud-Axkid-Axkid-One-2-turvatool-Axkid-lisavarustus-Axkid-One-turvatool_2-e0d-scaled.jpg\" \/>\n\t<meta property=\"og:image:width\" content=\"2560\" \/>\n\t<meta property=\"og:image:height\" content=\"2560\" \/>\n\t<meta property=\"og:image:type\" content=\"image\/jpeg\" \/>\n<meta name=\"twitter:card\" content=\"summary_large_image\" \/>\n<meta name=\"twitter:label1\" content=\"\u041f\u0440\u0438\u043c\u0435\u0440\u043d\u043e\u0435 \u0432\u0440\u0435\u043c\u044f \u0434\u043b\u044f \u0447\u0442\u0435\u043d\u0438\u044f\" \/>\n\t<meta name=\"twitter:data1\" content=\"1 \u043c\u0438\u043d\u0443\u0442\u0430\" \/>\n<script type=\"application\/ld+json\" class=\"yoast-schema-graph\">{\"@context\":\"https:\\\/\\\/schema.org\",\"@graph\":[{\"@type\":\"WebPage\",\"@id\":\"https:\\\/\\\/beebipood.ee\\\/ru\\\/produkt\\\/axkid-x-geggamoja-turvatooli-kate-one-dreamer\\\/\",\"url\":\"https:\\\/\\\/beebipood.ee\\\/ru\\\/produkt\\\/axkid-x-geggamoja-turvatooli-kate-one-dreamer\\\/\",\"name\":\"Axkid x Geggamoja turvatooli kate One, Dreamer, \u041d\u041e\u0412\u042b\u0415 \u0422\u041e\u0412\u0410\u0420\u042b, \u0410\u0432\u0442\u043e\u043a\u0440\u0435\u0441\u043b\u0430, \u043b\u044e\u043b\u044c\u043a\u0438, \u0421\u043d\u0430\u0440\u044f\u0436\u0435\u043d\u0438\u044f \u0431\u0435\u0437\u043e\u043f\u0430\u0441\u043d\u043e\u0441\u0442\u0438, \u0410\u043a\u0441\u0435\u0441\u0441\u0443\u0430\u0440\u044b, Axkid, Axkid One 2 turvatool, Axkid a\u043a\u0441\u0435\u0441\u0441\u0443\u0430\u0440\u044b, Axkid One turvatool, Beebipood\",\"isPartOf\":{\"@id\":\"https:\\\/\\\/beebipood.ee\\\/ru\\\/#website\"},\"primaryImageOfPage\":{\"@id\":\"https:\\\/\\\/beebipood.ee\\\/ru\\\/produkt\\\/axkid-x-geggamoja-turvatooli-kate-one-dreamer\\\/#primaryimage\"},\"image\":{\"@id\":\"https:\\\/\\\/beebipood.ee\\\/ru\\\/produkt\\\/axkid-x-geggamoja-turvatooli-kate-one-dreamer\\\/#primaryimage\"},\"thumbnailUrl\":\"https:\\\/\\\/beebipood.ee\\\/wp-content\\\/uploads\\\/2019\\\/03\\\/Axkid-x-Geggamoja-turvatooli-kate-One-Dreamer-UUED-TOOTED-Turvatoolid-hallid-Turvavarustus-Lisatarvikud-Axkid-Axkid-One-2-turvatool-Axkid-lisavarustus-Axkid-One-turvatool_2-e0d-scaled.jpg\",\"datePublished\":\"2019-03-20T11:36:59+00:00\",\"dateModified\":\"2025-01-09T08:48:56+00:00\",\"description\":\"Axkid x Geggamoja turvatooli kate One, Dreamer, Turvatooli kate kaitseb turvatooli ja muudab turvatoolis s&otilde;itmise l&otilde;busaks ning aitab sam\",\"breadcrumb\":{\"@id\":\"https:\\\/\\\/beebipood.ee\\\/ru\\\/produkt\\\/axkid-x-geggamoja-turvatooli-kate-one-dreamer\\\/#breadcrumb\"},\"inLanguage\":\"ru-RU\",\"potentialAction\":[{\"@type\":\"ReadAction\",\"target\":[\"https:\\\/\\\/beebipood.ee\\\/ru\\\/produkt\\\/axkid-x-geggamoja-turvatooli-kate-one-dreamer\\\/\"]}]},{\"@type\":\"ImageObject\",\"inLanguage\":\"ru-RU\",\"@id\":\"https:\\\/\\\/beebipood.ee\\\/ru\\\/produkt\\\/axkid-x-geggamoja-turvatooli-kate-one-dreamer\\\/#primaryimage\",\"url\":\"https:\\\/\\\/beebipood.ee\\\/wp-content\\\/uploads\\\/2019\\\/03\\\/Axkid-x-Geggamoja-turvatooli-kate-One-Dreamer-UUED-TOOTED-Turvatoolid-hallid-Turvavarustus-Lisatarvikud-Axkid-Axkid-One-2-turvatool-Axkid-lisavarustus-Axkid-One-turvatool_2-e0d-scaled.jpg\",\"contentUrl\":\"https:\\\/\\\/beebipood.ee\\\/wp-content\\\/uploads\\\/2019\\\/03\\\/Axkid-x-Geggamoja-turvatooli-kate-One-Dreamer-UUED-TOOTED-Turvatoolid-hallid-Turvavarustus-Lisatarvikud-Axkid-Axkid-One-2-turvatool-Axkid-lisavarustus-Axkid-One-turvatool_2-e0d-scaled.jpg\",\"width\":2560,\"height\":2560},{\"@type\":\"BreadcrumbList\",\"@id\":\"https:\\\/\\\/beebipood.ee\\\/ru\\\/produkt\\\/axkid-x-geggamoja-turvatooli-kate-one-dreamer\\\/#breadcrumb\",\"itemListElement\":[{\"@type\":\"ListItem\",\"position\":1,\"name\":\"Home\",\"item\":\"https:\\\/\\\/beebipood.ee\\\/ru\\\/\"},{\"@type\":\"ListItem\",\"position\":2,\"name\":\"\u041a\u0430\u0442\u0430\u043b\u043e\u0433 \u0442\u043e\u0432\u0430\u0440\u043e\u0432\",\"item\":\"https:\\\/\\\/beebipood.ee\\\/tooted\\\/\"},{\"@type\":\"ListItem\",\"position\":3,\"name\":\"Axkid x Geggamoja turvatooli kate One, Dreamer\"}]},{\"@type\":\"WebSite\",\"@id\":\"https:\\\/\\\/beebipood.ee\\\/ru\\\/#website\",\"url\":\"https:\\\/\\\/beebipood.ee\\\/ru\\\/\",\"name\":\"Beebipood\",\"description\":\"Lastekaubad, beebikaubad, m\u00e4nguasjad\",\"publisher\":{\"@id\":\"https:\\\/\\\/beebipood.ee\\\/ru\\\/#organization\"},\"potentialAction\":[{\"@type\":\"SearchAction\",\"target\":{\"@type\":\"EntryPoint\",\"urlTemplate\":\"https:\\\/\\\/beebipood.ee\\\/ru\\\/?s={search_term_string}\"},\"query-input\":{\"@type\":\"PropertyValueSpecification\",\"valueRequired\":true,\"valueName\":\"search_term_string\"}}],\"inLanguage\":\"ru-RU\"},{\"@type\":\"Organization\",\"@id\":\"https:\\\/\\\/beebipood.ee\\\/ru\\\/#organization\",\"name\":\"Beebipood\",\"url\":\"https:\\\/\\\/beebipood.ee\\\/ru\\\/\",\"logo\":{\"@type\":\"ImageObject\",\"inLanguage\":\"ru-RU\",\"@id\":\"https:\\\/\\\/beebipood.ee\\\/ru\\\/#\\\/schema\\\/logo\\\/image\\\/\",\"url\":\"https:\\\/\\\/beebipood.ee\\\/wp-content\\\/uploads\\\/2025\\\/03\\\/beebipood.ee-logo-1.svg\",\"contentUrl\":\"https:\\\/\\\/beebipood.ee\\\/wp-content\\\/uploads\\\/2025\\\/03\\\/beebipood.ee-logo-1.svg\",\"caption\":\"Beebipood\"},\"image\":{\"@id\":\"https:\\\/\\\/beebipood.ee\\\/ru\\\/#\\\/schema\\\/logo\\\/image\\\/\"}}]}<\/script>\n<!-- \/ Yoast SEO plugin. -->","yoast_head_json":{"title":"Axkid x Geggamoja turvatooli kate One, Dreamer, \u041d\u041e\u0412\u042b\u0415 \u0422\u041e\u0412\u0410\u0420\u042b, \u0410\u0432\u0442\u043e\u043a\u0440\u0435\u0441\u043b\u0430, \u043b\u044e\u043b\u044c\u043a\u0438, \u0421\u043d\u0430\u0440\u044f\u0436\u0435\u043d\u0438\u044f \u0431\u0435\u0437\u043e\u043f\u0430\u0441\u043d\u043e\u0441\u0442\u0438, \u0410\u043a\u0441\u0435\u0441\u0441\u0443\u0430\u0440\u044b, Axkid, Axkid One 2 turvatool, Axkid a\u043a\u0441\u0435\u0441\u0441\u0443\u0430\u0440\u044b, Axkid One turvatool, Beebipood","description":"Axkid x Geggamoja turvatooli kate One, Dreamer, Turvatooli kate kaitseb turvatooli ja muudab turvatoolis s&otilde;itmise l&otilde;busaks ning aitab sam","robots":{"index":"index","follow":"follow","max-snippet":"max-snippet:-1","max-image-preview":"max-image-preview:large","max-video-preview":"max-video-preview:-1"},"canonical":"https:\/\/beebipood.ee\/ru\/produkt\/axkid-x-geggamoja-turvatooli-kate-one-dreamer\/","og_locale":"ru_RU","og_type":"article","og_title":"Axkid x Geggamoja turvatooli kate One, Dreamer, \u041d\u041e\u0412\u042b\u0415 \u0422\u041e\u0412\u0410\u0420\u042b, \u0410\u0432\u0442\u043e\u043a\u0440\u0435\u0441\u043b\u0430, \u043b\u044e\u043b\u044c\u043a\u0438, \u0421\u043d\u0430\u0440\u044f\u0436\u0435\u043d\u0438\u044f \u0431\u0435\u0437\u043e\u043f\u0430\u0441\u043d\u043e\u0441\u0442\u0438, \u0410\u043a\u0441\u0435\u0441\u0441\u0443\u0430\u0440\u044b, Axkid, Axkid One 2 turvatool, Axkid a\u043a\u0441\u0435\u0441\u0441\u0443\u0430\u0440\u044b, Axkid One turvatool, Beebipood","og_description":"Axkid x Geggamoja turvatooli kate One, Dreamer, Turvatooli kate kaitseb turvatooli ja muudab turvatoolis s&otilde;itmise l&otilde;busaks ning aitab sam","og_url":"https:\/\/beebipood.ee\/ru\/produkt\/axkid-x-geggamoja-turvatooli-kate-one-dreamer\/","og_site_name":"Beebipood","article_modified_time":"2025-01-09T08:48:56+00:00","og_image":[{"width":2560,"height":2560,"url":"https:\/\/beebipood.ee\/wp-content\/uploads\/2019\/03\/Axkid-x-Geggamoja-turvatooli-kate-One-Dreamer-UUED-TOOTED-Turvatoolid-hallid-Turvavarustus-Lisatarvikud-Axkid-Axkid-One-2-turvatool-Axkid-lisavarustus-Axkid-One-turvatool_2-e0d-scaled.jpg","type":"image\/jpeg"}],"twitter_card":"summary_large_image","twitter_misc":{"\u041f\u0440\u0438\u043c\u0435\u0440\u043d\u043e\u0435 \u0432\u0440\u0435\u043c\u044f \u0434\u043b\u044f \u0447\u0442\u0435\u043d\u0438\u044f":"1 \u043c\u0438\u043d\u0443\u0442\u0430"},"schema":{"@context":"https:\/\/schema.org","@graph":[{"@type":"WebPage","@id":"https:\/\/beebipood.ee\/ru\/produkt\/axkid-x-geggamoja-turvatooli-kate-one-dreamer\/","url":"https:\/\/beebipood.ee\/ru\/produkt\/axkid-x-geggamoja-turvatooli-kate-one-dreamer\/","name":"Axkid x Geggamoja turvatooli kate One, Dreamer, \u041d\u041e\u0412\u042b\u0415 \u0422\u041e\u0412\u0410\u0420\u042b, \u0410\u0432\u0442\u043e\u043a\u0440\u0435\u0441\u043b\u0430, \u043b\u044e\u043b\u044c\u043a\u0438, \u0421\u043d\u0430\u0440\u044f\u0436\u0435\u043d\u0438\u044f \u0431\u0435\u0437\u043e\u043f\u0430\u0441\u043d\u043e\u0441\u0442\u0438, \u0410\u043a\u0441\u0435\u0441\u0441\u0443\u0430\u0440\u044b, Axkid, Axkid One 2 turvatool, Axkid a\u043a\u0441\u0435\u0441\u0441\u0443\u0430\u0440\u044b, Axkid One turvatool, Beebipood","isPartOf":{"@id":"https:\/\/beebipood.ee\/ru\/#website"},"primaryImageOfPage":{"@id":"https:\/\/beebipood.ee\/ru\/produkt\/axkid-x-geggamoja-turvatooli-kate-one-dreamer\/#primaryimage"},"image":{"@id":"https:\/\/beebipood.ee\/ru\/produkt\/axkid-x-geggamoja-turvatooli-kate-one-dreamer\/#primaryimage"},"thumbnailUrl":"https:\/\/beebipood.ee\/wp-content\/uploads\/2019\/03\/Axkid-x-Geggamoja-turvatooli-kate-One-Dreamer-UUED-TOOTED-Turvatoolid-hallid-Turvavarustus-Lisatarvikud-Axkid-Axkid-One-2-turvatool-Axkid-lisavarustus-Axkid-One-turvatool_2-e0d-scaled.jpg","datePublished":"2019-03-20T11:36:59+00:00","dateModified":"2025-01-09T08:48:56+00:00","description":"Axkid x Geggamoja turvatooli kate One, Dreamer, Turvatooli kate kaitseb turvatooli ja muudab turvatoolis s&otilde;itmise l&otilde;busaks ning aitab sam","breadcrumb":{"@id":"https:\/\/beebipood.ee\/ru\/produkt\/axkid-x-geggamoja-turvatooli-kate-one-dreamer\/#breadcrumb"},"inLanguage":"ru-RU","potentialAction":[{"@type":"ReadAction","target":["https:\/\/beebipood.ee\/ru\/produkt\/axkid-x-geggamoja-turvatooli-kate-one-dreamer\/"]}]},{"@type":"ImageObject","inLanguage":"ru-RU","@id":"https:\/\/beebipood.ee\/ru\/produkt\/axkid-x-geggamoja-turvatooli-kate-one-dreamer\/#primaryimage","url":"https:\/\/beebipood.ee\/wp-content\/uploads\/2019\/03\/Axkid-x-Geggamoja-turvatooli-kate-One-Dreamer-UUED-TOOTED-Turvatoolid-hallid-Turvavarustus-Lisatarvikud-Axkid-Axkid-One-2-turvatool-Axkid-lisavarustus-Axkid-One-turvatool_2-e0d-scaled.jpg","contentUrl":"https:\/\/beebipood.ee\/wp-content\/uploads\/2019\/03\/Axkid-x-Geggamoja-turvatooli-kate-One-Dreamer-UUED-TOOTED-Turvatoolid-hallid-Turvavarustus-Lisatarvikud-Axkid-Axkid-One-2-turvatool-Axkid-lisavarustus-Axkid-One-turvatool_2-e0d-scaled.jpg","width":2560,"height":2560},{"@type":"BreadcrumbList","@id":"https:\/\/beebipood.ee\/ru\/produkt\/axkid-x-geggamoja-turvatooli-kate-one-dreamer\/#breadcrumb","itemListElement":[{"@type":"ListItem","position":1,"name":"Home","item":"https:\/\/beebipood.ee\/ru\/"},{"@type":"ListItem","position":2,"name":"\u041a\u0430\u0442\u0430\u043b\u043e\u0433 \u0442\u043e\u0432\u0430\u0440\u043e\u0432","item":"https:\/\/beebipood.ee\/tooted\/"},{"@type":"ListItem","position":3,"name":"Axkid x Geggamoja turvatooli kate One, Dreamer"}]},{"@type":"WebSite","@id":"https:\/\/beebipood.ee\/ru\/#website","url":"https:\/\/beebipood.ee\/ru\/","name":"Beebipood","description":"Lastekaubad, beebikaubad, m\u00e4nguasjad","publisher":{"@id":"https:\/\/beebipood.ee\/ru\/#organization"},"potentialAction":[{"@type":"SearchAction","target":{"@type":"EntryPoint","urlTemplate":"https:\/\/beebipood.ee\/ru\/?s={search_term_string}"},"query-input":{"@type":"PropertyValueSpecification","valueRequired":true,"valueName":"search_term_string"}}],"inLanguage":"ru-RU"},{"@type":"Organization","@id":"https:\/\/beebipood.ee\/ru\/#organization","name":"Beebipood","url":"https:\/\/beebipood.ee\/ru\/","logo":{"@type":"ImageObject","inLanguage":"ru-RU","@id":"https:\/\/beebipood.ee\/ru\/#\/schema\/logo\/image\/","url":"https:\/\/beebipood.ee\/wp-content\/uploads\/2025\/03\/beebipood.ee-logo-1.svg","contentUrl":"https:\/\/beebipood.ee\/wp-content\/uploads\/2025\/03\/beebipood.ee-logo-1.svg","caption":"Beebipood"},"image":{"@id":"https:\/\/beebipood.ee\/ru\/#\/schema\/logo\/image\/"}}]}},"brands":[{"id":11955,"name":"Axkid","slug":"axkid-ru"}],"_links":{"self":[{"href":"https:\/\/beebipood.ee\/ru\/wp-json\/wp\/v2\/product\/458541","targetHints":{"allow":["GET"]}}],"collection":[{"href":"https:\/\/beebipood.ee\/ru\/wp-json\/wp\/v2\/product"}],"about":[{"href":"https:\/\/beebipood.ee\/ru\/wp-json\/wp\/v2\/types\/product"}],"wp:featuredmedia":[{"embeddable":true,"href":"https:\/\/beebipood.ee\/ru\/wp-json\/wp\/v2\/media\/128466"}],"wp:attachment":[{"href":"https:\/\/beebipood.ee\/ru\/wp-json\/wp\/v2\/media?parent=458541"}],"wp:term":[{"taxonomy":"pwb-brand","embeddable":true,"href":"https:\/\/beebipood.ee\/ru\/wp-json\/wp\/v2\/pwb-brand?post=458541"},{"taxonomy":"product_brand","embeddable":true,"href":"https:\/\/beebipood.ee\/ru\/wp-json\/wp\/v2\/product_brand?post=458541"},{"taxonomy":"product_cat","embeddable":true,"href":"https:\/\/beebipood.ee\/ru\/wp-json\/wp\/v2\/product_cat?post=458541"},{"taxonomy":"product_tag","embeddable":true,"href":"https:\/\/beebipood.ee\/ru\/wp-json\/wp\/v2\/product_tag?post=458541"}],"curies":[{"name":"wp","href":"https:\/\/api.w.org\/{rel}","templated":true}]}}