{"id":458553,"date":"2019-03-27T12:53:42","date_gmt":"2019-03-27T10:53:42","guid":{"rendered":"https:\/\/beebipood.ee\/toode\/beebitoakomplekt-nati\/"},"modified":"2025-01-09T10:48:56","modified_gmt":"2025-01-09T08:48:56","slug":"beebitoakomplekt-nati","status":"publish","type":"product","link":"https:\/\/beebipood.ee\/ru\/produkt\/beebitoakomplekt-nati\/","title":{"rendered":"Beebitoakomplekt Nati"},"content":{"rendered":"<p><span style=\"text-decoration: underline;\">BEEBIVOODI<\/span><br \/>* m\u00e4nnipuidust, MDF&#8217;st ja fooliumkattega laminaadist valmistatud beebivoodi <br \/>* viimistlus:\u00a0<span>valge \/ hall<\/span><br \/>* toode on kaunistatud puidust v\u00e4ljal\u00f5igatud ornamendiga<br \/>* voodi k\u00fcljelt v\u00f5imalik \u00e4ra v\u00f5tta 3 pulka<br \/>* p\u00f5hi on reguleeritav kolmele(3) k\u00f5rgusele <br \/>* madrats ei ole hinna sees<br \/>* sobivat m\u00f5\u00f5tu madrats voodisse: laius 60 cm, pikkus 120 cm<br \/>* viimistlemisel on kasutatud ainult vee baasil v\u00e4rve ja lakke<br \/>* toodetud EL&#8217;s<br \/>* toode vastab k\u00f5ikidele EN turvastandarditele<\/p>\n<p><span style=\"text-decoration: underline;\">KUMMUT<\/span><br \/>* uue ja huvitava disainiga kummut<br \/>* kummut on valmistatud tugevast fooliumkattega laminaadist<br \/>* viimistlus:\u00a0<span>valge \/ hall<\/span><br \/>* toode on kaunistatud puidust v\u00e4ljal\u00f5igatud ornamendiga<br \/>* enam ei pea kartma teravaid servi, sest k\u00f5ikide toodete nurgad on \u00fcmarad<br \/>* kummutil on kolm suurt sahtlit, mis mahutab k\u00f5ik vajaliku<br \/>* kummutil on m\u00e4hkimisalus, mida saab kergesti eemaldada <br \/>* kummutit saab hiljem kasutada ilma m\u00e4hkimisaluseta<br \/>* viimistlemisel on kasutatud ainult vee baasil v\u00e4rve ja lakke<br \/>* toodetud EL&#8217;s<br \/>* toode vastab k\u00f5ikidele EN turvastandarditele<\/p>\n","protected":false},"excerpt":{"rendered":"<p>BEEBIVOODI* m\u00e4nnipuidust, MDF&#8217;st ja fooliumkattega laminaadist valmistatud beebivoodi * viimistlus:\u00a0valge \/ hall* toode on kaunistatud puidust v\u00e4ljal\u00f5igatud ornamendiga* voodi k\u00fcljelt v\u00f5imalik \u00e4ra v\u00f5tta 3 pulka* p\u00f5hi on reguleeritav kolmele(3) k\u00f5rgusele * madrats ei ole hinna sees* sobivat m\u00f5\u00f5tu madrats voodisse: laius 60 cm, pikkus 120 cm* viimistlemisel on kasutatud ainult vee baasil v\u00e4rve ja lakke* [&hellip;]<\/p>\n","protected":false},"featured_media":128646,"template":"","meta":{"_acf_changed":false},"pwb-brand":[11946],"product_brand":[],"product_cat":[11573,11711,11561,11789],"product_tag":[],"class_list":{"0":"post-458553","1":"product","2":"type-product","3":"status-publish","4":"has-post-thumbnail","6":"pwb-brand-klups-ru","7":"product_cat-sooduspakkumised-ru","8":"product_cat-mahkimisalused-ja-riiulid-ru","9":"product_cat-tubade-komplektid-ru","10":"product_cat-lastemoobel-ja-sisustus-ru","11":"pa_manufacturer-klups-ru","13":"first","14":"onbackorder","15":"sale","16":"taxable","17":"shipping-taxable","18":"purchasable","19":"product-type-simple"},"exclude_global_add_ons":[],"addons":[],"acf":[],"yoast_head":"<!-- This site is optimized with the Yoast SEO plugin v27.1.1 - https:\/\/yoast.com\/product\/yoast-seo-wordpress\/ -->\n<title>Beebitoakomplekt Nati, \u041a\u043e\u043c\u043f\u043b\u0435\u043a\u0442\u044b \u0434\u043b\u044f \u043a\u043e\u043c\u043d\u0430\u0442, \u0421\u041a\u0418\u0414\u041a\u0418, \u041f\u0435\u043b\u0435\u043d\u0430\u043b\u044c\u043d\u044b\u0435 \u0441\u0442\u043e\u043b\u0438\u043a\u0438 \u0438 \u043f\u043e\u043b\u043a\u0438, M\u0435\u0431\u0435\u043b\u044c, Ha c\u043a\u043b\u0430\u0434\u0435, Beebipood<\/title>\n<meta name=\"description\" content=\"Beebitoakomplekt Nati, BEEBIVOODI* m&auml;nnipuidust, MDF&#039;st ja fooliumkattega laminaadist valmistatud\" \/>\n<meta name=\"robots\" content=\"index, follow, max-snippet:-1, max-image-preview:large, max-video-preview:-1\" \/>\n<link rel=\"canonical\" href=\"https:\/\/beebipood.ee\/ru\/produkt\/beebitoakomplekt-nati\/\" \/>\n<meta property=\"og:locale\" content=\"ru_RU\" \/>\n<meta property=\"og:type\" content=\"article\" \/>\n<meta property=\"og:title\" content=\"Beebitoakomplekt Nati, \u041a\u043e\u043c\u043f\u043b\u0435\u043a\u0442\u044b \u0434\u043b\u044f \u043a\u043e\u043c\u043d\u0430\u0442, \u0421\u041a\u0418\u0414\u041a\u0418, \u041f\u0435\u043b\u0435\u043d\u0430\u043b\u044c\u043d\u044b\u0435 \u0441\u0442\u043e\u043b\u0438\u043a\u0438 \u0438 \u043f\u043e\u043b\u043a\u0438, M\u0435\u0431\u0435\u043b\u044c, Ha c\u043a\u043b\u0430\u0434\u0435, Beebipood\" \/>\n<meta property=\"og:description\" content=\"Beebitoakomplekt Nati, BEEBIVOODI* m&auml;nnipuidust, MDF&#039;st ja fooliumkattega laminaadist valmistatud\" \/>\n<meta property=\"og:url\" content=\"https:\/\/beebipood.ee\/ru\/produkt\/beebitoakomplekt-nati\/\" \/>\n<meta property=\"og:site_name\" content=\"Beebipood\" \/>\n<meta property=\"article:modified_time\" content=\"2025-01-09T08:48:56+00:00\" \/>\n<meta property=\"og:image\" content=\"https:\/\/beebipood.ee\/wp-content\/uploads\/2019\/03\/Beebitoakomplekt-Nati-Tubade-komplektid-SOODUSPAKKUMISED-UUED-TOOTED-Mahkimisalused-ja-riiulid-Lastemoobel-ja-sisustus_3-413-scaled.jpg\" \/>\n\t<meta property=\"og:image:width\" content=\"2560\" \/>\n\t<meta property=\"og:image:height\" content=\"1822\" \/>\n\t<meta property=\"og:image:type\" content=\"image\/jpeg\" \/>\n<meta name=\"twitter:card\" content=\"summary_large_image\" \/>\n<meta name=\"twitter:label1\" content=\"\u041f\u0440\u0438\u043c\u0435\u0440\u043d\u043e\u0435 \u0432\u0440\u0435\u043c\u044f \u0434\u043b\u044f \u0447\u0442\u0435\u043d\u0438\u044f\" \/>\n\t<meta name=\"twitter:data1\" content=\"1 \u043c\u0438\u043d\u0443\u0442\u0430\" \/>\n<script type=\"application\/ld+json\" class=\"yoast-schema-graph\">{\"@context\":\"https:\/\/schema.org\",\"@graph\":[{\"@type\":\"WebPage\",\"@id\":\"https:\/\/beebipood.ee\/ru\/produkt\/beebitoakomplekt-nati\/\",\"url\":\"https:\/\/beebipood.ee\/ru\/produkt\/beebitoakomplekt-nati\/\",\"name\":\"Beebitoakomplekt Nati, \u041a\u043e\u043c\u043f\u043b\u0435\u043a\u0442\u044b \u0434\u043b\u044f \u043a\u043e\u043c\u043d\u0430\u0442, \u0421\u041a\u0418\u0414\u041a\u0418, \u041f\u0435\u043b\u0435\u043d\u0430\u043b\u044c\u043d\u044b\u0435 \u0441\u0442\u043e\u043b\u0438\u043a\u0438 \u0438 \u043f\u043e\u043b\u043a\u0438, M\u0435\u0431\u0435\u043b\u044c, Ha c\u043a\u043b\u0430\u0434\u0435, Beebipood\",\"isPartOf\":{\"@id\":\"https:\/\/beebipood.ee\/ru\/#website\"},\"primaryImageOfPage\":{\"@id\":\"https:\/\/beebipood.ee\/ru\/produkt\/beebitoakomplekt-nati\/#primaryimage\"},\"image\":{\"@id\":\"https:\/\/beebipood.ee\/ru\/produkt\/beebitoakomplekt-nati\/#primaryimage\"},\"thumbnailUrl\":\"https:\/\/beebipood.ee\/wp-content\/uploads\/2019\/03\/Beebitoakomplekt-Nati-Tubade-komplektid-SOODUSPAKKUMISED-UUED-TOOTED-Mahkimisalused-ja-riiulid-Lastemoobel-ja-sisustus_3-413-scaled.jpg\",\"datePublished\":\"2019-03-27T10:53:42+00:00\",\"dateModified\":\"2025-01-09T08:48:56+00:00\",\"description\":\"Beebitoakomplekt Nati, BEEBIVOODI* m&auml;nnipuidust, MDF'st ja fooliumkattega laminaadist valmistatud\",\"breadcrumb\":{\"@id\":\"https:\/\/beebipood.ee\/ru\/produkt\/beebitoakomplekt-nati\/#breadcrumb\"},\"inLanguage\":\"ru-RU\",\"potentialAction\":[{\"@type\":\"ReadAction\",\"target\":[\"https:\/\/beebipood.ee\/ru\/produkt\/beebitoakomplekt-nati\/\"]}]},{\"@type\":\"ImageObject\",\"inLanguage\":\"ru-RU\",\"@id\":\"https:\/\/beebipood.ee\/ru\/produkt\/beebitoakomplekt-nati\/#primaryimage\",\"url\":\"https:\/\/beebipood.ee\/wp-content\/uploads\/2019\/03\/Beebitoakomplekt-Nati-Tubade-komplektid-SOODUSPAKKUMISED-UUED-TOOTED-Mahkimisalused-ja-riiulid-Lastemoobel-ja-sisustus_3-413-scaled.jpg\",\"contentUrl\":\"https:\/\/beebipood.ee\/wp-content\/uploads\/2019\/03\/Beebitoakomplekt-Nati-Tubade-komplektid-SOODUSPAKKUMISED-UUED-TOOTED-Mahkimisalused-ja-riiulid-Lastemoobel-ja-sisustus_3-413-scaled.jpg\",\"width\":2560,\"height\":1822},{\"@type\":\"BreadcrumbList\",\"@id\":\"https:\/\/beebipood.ee\/ru\/produkt\/beebitoakomplekt-nati\/#breadcrumb\",\"itemListElement\":[{\"@type\":\"ListItem\",\"position\":1,\"name\":\"Home\",\"item\":\"https:\/\/beebipood.ee\/ru\/\"},{\"@type\":\"ListItem\",\"position\":2,\"name\":\"\u041a\u0430\u0442\u0430\u043b\u043e\u0433 \u0442\u043e\u0432\u0430\u0440\u043e\u0432\",\"item\":\"https:\/\/beebipood.ee\/tooted\/\"},{\"@type\":\"ListItem\",\"position\":3,\"name\":\"Beebitoakomplekt Nati\"}]},{\"@type\":\"WebSite\",\"@id\":\"https:\/\/beebipood.ee\/ru\/#website\",\"url\":\"https:\/\/beebipood.ee\/ru\/\",\"name\":\"Beebipood\",\"description\":\"Lastekaubad, beebikaubad, m\u00e4nguasjad\",\"publisher\":{\"@id\":\"https:\/\/beebipood.ee\/ru\/#organization\"},\"potentialAction\":[{\"@type\":\"SearchAction\",\"target\":{\"@type\":\"EntryPoint\",\"urlTemplate\":\"https:\/\/beebipood.ee\/ru\/?s={search_term_string}\"},\"query-input\":{\"@type\":\"PropertyValueSpecification\",\"valueRequired\":true,\"valueName\":\"search_term_string\"}}],\"inLanguage\":\"ru-RU\"},{\"@type\":\"Organization\",\"@id\":\"https:\/\/beebipood.ee\/ru\/#organization\",\"name\":\"Beebipood\",\"url\":\"https:\/\/beebipood.ee\/ru\/\",\"logo\":{\"@type\":\"ImageObject\",\"inLanguage\":\"ru-RU\",\"@id\":\"https:\/\/beebipood.ee\/ru\/#\/schema\/logo\/image\/\",\"url\":\"https:\/\/beebipood.ee\/wp-content\/uploads\/2025\/03\/beebipood.ee-logo-1.svg\",\"contentUrl\":\"https:\/\/beebipood.ee\/wp-content\/uploads\/2025\/03\/beebipood.ee-logo-1.svg\",\"caption\":\"Beebipood\"},\"image\":{\"@id\":\"https:\/\/beebipood.ee\/ru\/#\/schema\/logo\/image\/\"}}]}<\/script>\n<!-- \/ Yoast SEO plugin. -->","yoast_head_json":{"title":"Beebitoakomplekt Nati, \u041a\u043e\u043c\u043f\u043b\u0435\u043a\u0442\u044b \u0434\u043b\u044f \u043a\u043e\u043c\u043d\u0430\u0442, \u0421\u041a\u0418\u0414\u041a\u0418, \u041f\u0435\u043b\u0435\u043d\u0430\u043b\u044c\u043d\u044b\u0435 \u0441\u0442\u043e\u043b\u0438\u043a\u0438 \u0438 \u043f\u043e\u043b\u043a\u0438, M\u0435\u0431\u0435\u043b\u044c, Ha c\u043a\u043b\u0430\u0434\u0435, Beebipood","description":"Beebitoakomplekt Nati, BEEBIVOODI* m&auml;nnipuidust, MDF'st ja fooliumkattega laminaadist valmistatud","robots":{"index":"index","follow":"follow","max-snippet":"max-snippet:-1","max-image-preview":"max-image-preview:large","max-video-preview":"max-video-preview:-1"},"canonical":"https:\/\/beebipood.ee\/ru\/produkt\/beebitoakomplekt-nati\/","og_locale":"ru_RU","og_type":"article","og_title":"Beebitoakomplekt Nati, \u041a\u043e\u043c\u043f\u043b\u0435\u043a\u0442\u044b \u0434\u043b\u044f \u043a\u043e\u043c\u043d\u0430\u0442, \u0421\u041a\u0418\u0414\u041a\u0418, \u041f\u0435\u043b\u0435\u043d\u0430\u043b\u044c\u043d\u044b\u0435 \u0441\u0442\u043e\u043b\u0438\u043a\u0438 \u0438 \u043f\u043e\u043b\u043a\u0438, M\u0435\u0431\u0435\u043b\u044c, Ha c\u043a\u043b\u0430\u0434\u0435, Beebipood","og_description":"Beebitoakomplekt Nati, BEEBIVOODI* m&auml;nnipuidust, MDF'st ja fooliumkattega laminaadist valmistatud","og_url":"https:\/\/beebipood.ee\/ru\/produkt\/beebitoakomplekt-nati\/","og_site_name":"Beebipood","article_modified_time":"2025-01-09T08:48:56+00:00","og_image":[{"width":2560,"height":1822,"url":"https:\/\/beebipood.ee\/wp-content\/uploads\/2019\/03\/Beebitoakomplekt-Nati-Tubade-komplektid-SOODUSPAKKUMISED-UUED-TOOTED-Mahkimisalused-ja-riiulid-Lastemoobel-ja-sisustus_3-413-scaled.jpg","type":"image\/jpeg"}],"twitter_card":"summary_large_image","twitter_misc":{"\u041f\u0440\u0438\u043c\u0435\u0440\u043d\u043e\u0435 \u0432\u0440\u0435\u043c\u044f \u0434\u043b\u044f \u0447\u0442\u0435\u043d\u0438\u044f":"1 \u043c\u0438\u043d\u0443\u0442\u0430"},"schema":{"@context":"https:\/\/schema.org","@graph":[{"@type":"WebPage","@id":"https:\/\/beebipood.ee\/ru\/produkt\/beebitoakomplekt-nati\/","url":"https:\/\/beebipood.ee\/ru\/produkt\/beebitoakomplekt-nati\/","name":"Beebitoakomplekt Nati, \u041a\u043e\u043c\u043f\u043b\u0435\u043a\u0442\u044b \u0434\u043b\u044f \u043a\u043e\u043c\u043d\u0430\u0442, \u0421\u041a\u0418\u0414\u041a\u0418, \u041f\u0435\u043b\u0435\u043d\u0430\u043b\u044c\u043d\u044b\u0435 \u0441\u0442\u043e\u043b\u0438\u043a\u0438 \u0438 \u043f\u043e\u043b\u043a\u0438, M\u0435\u0431\u0435\u043b\u044c, Ha c\u043a\u043b\u0430\u0434\u0435, Beebipood","isPartOf":{"@id":"https:\/\/beebipood.ee\/ru\/#website"},"primaryImageOfPage":{"@id":"https:\/\/beebipood.ee\/ru\/produkt\/beebitoakomplekt-nati\/#primaryimage"},"image":{"@id":"https:\/\/beebipood.ee\/ru\/produkt\/beebitoakomplekt-nati\/#primaryimage"},"thumbnailUrl":"https:\/\/beebipood.ee\/wp-content\/uploads\/2019\/03\/Beebitoakomplekt-Nati-Tubade-komplektid-SOODUSPAKKUMISED-UUED-TOOTED-Mahkimisalused-ja-riiulid-Lastemoobel-ja-sisustus_3-413-scaled.jpg","datePublished":"2019-03-27T10:53:42+00:00","dateModified":"2025-01-09T08:48:56+00:00","description":"Beebitoakomplekt Nati, BEEBIVOODI* m&auml;nnipuidust, MDF'st ja fooliumkattega laminaadist valmistatud","breadcrumb":{"@id":"https:\/\/beebipood.ee\/ru\/produkt\/beebitoakomplekt-nati\/#breadcrumb"},"inLanguage":"ru-RU","potentialAction":[{"@type":"ReadAction","target":["https:\/\/beebipood.ee\/ru\/produkt\/beebitoakomplekt-nati\/"]}]},{"@type":"ImageObject","inLanguage":"ru-RU","@id":"https:\/\/beebipood.ee\/ru\/produkt\/beebitoakomplekt-nati\/#primaryimage","url":"https:\/\/beebipood.ee\/wp-content\/uploads\/2019\/03\/Beebitoakomplekt-Nati-Tubade-komplektid-SOODUSPAKKUMISED-UUED-TOOTED-Mahkimisalused-ja-riiulid-Lastemoobel-ja-sisustus_3-413-scaled.jpg","contentUrl":"https:\/\/beebipood.ee\/wp-content\/uploads\/2019\/03\/Beebitoakomplekt-Nati-Tubade-komplektid-SOODUSPAKKUMISED-UUED-TOOTED-Mahkimisalused-ja-riiulid-Lastemoobel-ja-sisustus_3-413-scaled.jpg","width":2560,"height":1822},{"@type":"BreadcrumbList","@id":"https:\/\/beebipood.ee\/ru\/produkt\/beebitoakomplekt-nati\/#breadcrumb","itemListElement":[{"@type":"ListItem","position":1,"name":"Home","item":"https:\/\/beebipood.ee\/ru\/"},{"@type":"ListItem","position":2,"name":"\u041a\u0430\u0442\u0430\u043b\u043e\u0433 \u0442\u043e\u0432\u0430\u0440\u043e\u0432","item":"https:\/\/beebipood.ee\/tooted\/"},{"@type":"ListItem","position":3,"name":"Beebitoakomplekt Nati"}]},{"@type":"WebSite","@id":"https:\/\/beebipood.ee\/ru\/#website","url":"https:\/\/beebipood.ee\/ru\/","name":"Beebipood","description":"Lastekaubad, beebikaubad, m\u00e4nguasjad","publisher":{"@id":"https:\/\/beebipood.ee\/ru\/#organization"},"potentialAction":[{"@type":"SearchAction","target":{"@type":"EntryPoint","urlTemplate":"https:\/\/beebipood.ee\/ru\/?s={search_term_string}"},"query-input":{"@type":"PropertyValueSpecification","valueRequired":true,"valueName":"search_term_string"}}],"inLanguage":"ru-RU"},{"@type":"Organization","@id":"https:\/\/beebipood.ee\/ru\/#organization","name":"Beebipood","url":"https:\/\/beebipood.ee\/ru\/","logo":{"@type":"ImageObject","inLanguage":"ru-RU","@id":"https:\/\/beebipood.ee\/ru\/#\/schema\/logo\/image\/","url":"https:\/\/beebipood.ee\/wp-content\/uploads\/2025\/03\/beebipood.ee-logo-1.svg","contentUrl":"https:\/\/beebipood.ee\/wp-content\/uploads\/2025\/03\/beebipood.ee-logo-1.svg","caption":"Beebipood"},"image":{"@id":"https:\/\/beebipood.ee\/ru\/#\/schema\/logo\/image\/"}}]}},"brands":[{"id":11946,"name":"Klups","slug":"klups-ru"}],"_links":{"self":[{"href":"https:\/\/beebipood.ee\/ru\/wp-json\/wp\/v2\/product\/458553","targetHints":{"allow":["GET"]}}],"collection":[{"href":"https:\/\/beebipood.ee\/ru\/wp-json\/wp\/v2\/product"}],"about":[{"href":"https:\/\/beebipood.ee\/ru\/wp-json\/wp\/v2\/types\/product"}],"wp:featuredmedia":[{"embeddable":true,"href":"https:\/\/beebipood.ee\/ru\/wp-json\/wp\/v2\/media\/128646"}],"wp:attachment":[{"href":"https:\/\/beebipood.ee\/ru\/wp-json\/wp\/v2\/media?parent=458553"}],"wp:term":[{"taxonomy":"pwb-brand","embeddable":true,"href":"https:\/\/beebipood.ee\/ru\/wp-json\/wp\/v2\/pwb-brand?post=458553"},{"taxonomy":"product_brand","embeddable":true,"href":"https:\/\/beebipood.ee\/ru\/wp-json\/wp\/v2\/product_brand?post=458553"},{"taxonomy":"product_cat","embeddable":true,"href":"https:\/\/beebipood.ee\/ru\/wp-json\/wp\/v2\/product_cat?post=458553"},{"taxonomy":"product_tag","embeddable":true,"href":"https:\/\/beebipood.ee\/ru\/wp-json\/wp\/v2\/product_tag?post=458553"}],"curies":[{"name":"wp","href":"https:\/\/api.w.org\/{rel}","templated":true}]}}