{"id":458557,"date":"2019-03-27T13:32:23","date_gmt":"2019-03-27T11:32:23","guid":{"rendered":"https:\/\/beebipood.ee\/toode\/beebivoodi-amelia-60x120-tamm\/"},"modified":"2025-07-18T18:50:52","modified_gmt":"2025-07-18T15:50:52","slug":"beebivoodi-amelia-60x120-tamm","status":"publish","type":"product","link":"https:\/\/beebipood.ee\/ru\/produkt\/beebivoodi-amelia-60x120-tamm\/","title":{"rendered":"Beebivoodi Amelia 60&#215;120, tamm"},"content":{"rendered":"<p><span>* m\u00e4nnipuidust, MDF&#8217;st ja m\u00f6\u00f6bliplaadist beebivoodi\u00a0<\/span><br \/><span>* viimistlus: tamm<\/span><br \/><span>* huvitav disain\u00a0<\/span><br \/><span>* tugev voodip\u00f5hi<\/span><br \/><span>* vajadusel \u00fcks voodi k\u00fclgedest eemaldatav<br \/><\/span>* sofa funktsiooniga<br \/><span>* voodi p\u00f5hja v\u00f5imalik t\u00f5sta kolm (3) erinevat k\u00f5rgust<\/span><br \/><span>* sobivat m\u00f5\u00f5tu madrats voodisse: laius 60 cm, pikkus 120 cm<\/span><br \/><span>* madrats ei ole komplektis<\/span><br \/><span>* toode vastab k\u00f5ikidele EN turvastandarditele<\/span><br \/><span>* valmistamisel kasutatud antiallergilisei materjale<\/span><\/p>\n","protected":false},"excerpt":{"rendered":"<p>* m\u00e4nnipuidust, MDF&#8217;st ja m\u00f6\u00f6bliplaadist beebivoodi\u00a0* viimistlus: tamm* huvitav disain\u00a0* tugev voodip\u00f5hi* vajadusel \u00fcks voodi k\u00fclgedest eemaldatav* sofa funktsiooniga* voodi p\u00f5hja v\u00f5imalik t\u00f5sta kolm (3) erinevat k\u00f5rgust* sobivat m\u00f5\u00f5tu madrats voodisse: laius 60 cm, pikkus 120 cm* madrats ei ole komplektis* toode vastab k\u00f5ikidele EN turvastandarditele* valmistamisel kasutatud antiallergilisei materjale<\/p>\n","protected":false},"featured_media":128660,"template":"","meta":{"_acf_changed":false},"pwb-brand":[11946],"product_brand":[],"product_cat":[11745,11795,11567,11553,11789],"product_tag":[],"class_list":{"0":"post-458557","1":"product","2":"type-product","3":"status-publish","4":"has-post-thumbnail","6":"pwb-brand-klups-ru","7":"product_cat-madratsile-60x120-ru","8":"product_cat-ladu-tuhjaks-ru","9":"product_cat-vorevoodid-ru","10":"product_cat-beebivoodid-reisivoodid-hallid-ru","11":"product_cat-lastemoobel-ja-sisustus-ru","12":"pa_manufacturer-klups-ru","14":"first","15":"instock","16":"sale","17":"taxable","18":"shipping-taxable","19":"purchasable","20":"product-type-simple"},"exclude_global_add_ons":[],"addons":[],"acf":[],"yoast_head":"<!-- This site is optimized with the Yoast SEO plugin v27.1.1 - https:\/\/yoast.com\/product\/yoast-seo-wordpress\/ -->\n<title>Beebivoodi Amelia 60x120, tamm, \u0414\u0435\u0442\u0441\u043a\u0438e \u043a\u0440\u043e\u0432\u0430\u0442\u043a\u0438, \u043f\u0435\u0440\u0435\u043d\u043e\u0441\u043d\u044b\u0435 \u043a\u0440\u043e\u0432\u0430\u0442\u043a\u0438, \u043b\u044e\u043b\u044c\u043a\u0438, \u0414\u0435\u0442\u0441\u043a\u0438e \u043a\u0440\u043e\u0432\u0430\u0442\u043a\u0438, \u043c\u0430\u0442\u0440\u0430\u0441 60x120, M\u0435\u0431\u0435\u043b\u044c, Beebipood<\/title>\n<meta name=\"description\" content=\"Beebivoodi Amelia 60x120, tamm, * m&auml;nnipuidust, MDF&#039;st ja m&ouml;&ouml;bliplaadist beebivoodi&nbsp;* viimistlus: tamm&lt;br\" \/>\n<meta name=\"robots\" content=\"index, follow, max-snippet:-1, max-image-preview:large, max-video-preview:-1\" \/>\n<link rel=\"canonical\" href=\"https:\/\/beebipood.ee\/ru\/produkt\/beebivoodi-amelia-60x120-tamm\/\" \/>\n<meta property=\"og:locale\" content=\"ru_RU\" \/>\n<meta property=\"og:type\" content=\"article\" \/>\n<meta property=\"og:title\" content=\"Beebivoodi Amelia 60x120, tamm, \u0414\u0435\u0442\u0441\u043a\u0438e \u043a\u0440\u043e\u0432\u0430\u0442\u043a\u0438, \u043f\u0435\u0440\u0435\u043d\u043e\u0441\u043d\u044b\u0435 \u043a\u0440\u043e\u0432\u0430\u0442\u043a\u0438, \u043b\u044e\u043b\u044c\u043a\u0438, \u0414\u0435\u0442\u0441\u043a\u0438e \u043a\u0440\u043e\u0432\u0430\u0442\u043a\u0438, \u043c\u0430\u0442\u0440\u0430\u0441 60x120, M\u0435\u0431\u0435\u043b\u044c, Beebipood\" \/>\n<meta property=\"og:description\" content=\"Beebivoodi Amelia 60x120, tamm, * m&auml;nnipuidust, MDF&#039;st ja m&ouml;&ouml;bliplaadist beebivoodi&nbsp;* viimistlus: tamm&lt;br\" \/>\n<meta property=\"og:url\" content=\"https:\/\/beebipood.ee\/ru\/produkt\/beebivoodi-amelia-60x120-tamm\/\" \/>\n<meta property=\"og:site_name\" content=\"Beebipood\" \/>\n<meta property=\"article:modified_time\" content=\"2025-07-18T15:50:52+00:00\" \/>\n<meta property=\"og:image\" content=\"https:\/\/beebipood.ee\/wp-content\/uploads\/2019\/03\/Beebivoodi-Amelia-60x120-tamm-Beebivoodid-reisivoodid-hallid-Vorevoodid-UUED-TOOTED-madratsile-60x120-Lastemoobel-ja-sisustus_2-7c8.jpg\" \/>\n\t<meta property=\"og:image:width\" content=\"1000\" \/>\n\t<meta property=\"og:image:height\" content=\"1000\" \/>\n\t<meta property=\"og:image:type\" content=\"image\/jpeg\" \/>\n<meta name=\"twitter:card\" content=\"summary_large_image\" \/>\n<script type=\"application\/ld+json\" class=\"yoast-schema-graph\">{\"@context\":\"https:\/\/schema.org\",\"@graph\":[{\"@type\":\"WebPage\",\"@id\":\"https:\/\/beebipood.ee\/ru\/produkt\/beebivoodi-amelia-60x120-tamm\/\",\"url\":\"https:\/\/beebipood.ee\/ru\/produkt\/beebivoodi-amelia-60x120-tamm\/\",\"name\":\"Beebivoodi Amelia 60x120, tamm, \u0414\u0435\u0442\u0441\u043a\u0438e \u043a\u0440\u043e\u0432\u0430\u0442\u043a\u0438, \u043f\u0435\u0440\u0435\u043d\u043e\u0441\u043d\u044b\u0435 \u043a\u0440\u043e\u0432\u0430\u0442\u043a\u0438, \u043b\u044e\u043b\u044c\u043a\u0438, \u0414\u0435\u0442\u0441\u043a\u0438e \u043a\u0440\u043e\u0432\u0430\u0442\u043a\u0438, \u043c\u0430\u0442\u0440\u0430\u0441 60x120, M\u0435\u0431\u0435\u043b\u044c, Beebipood\",\"isPartOf\":{\"@id\":\"https:\/\/beebipood.ee\/ru\/#website\"},\"primaryImageOfPage\":{\"@id\":\"https:\/\/beebipood.ee\/ru\/produkt\/beebivoodi-amelia-60x120-tamm\/#primaryimage\"},\"image\":{\"@id\":\"https:\/\/beebipood.ee\/ru\/produkt\/beebivoodi-amelia-60x120-tamm\/#primaryimage\"},\"thumbnailUrl\":\"https:\/\/beebipood.ee\/wp-content\/uploads\/2019\/03\/Beebivoodi-Amelia-60x120-tamm-Beebivoodid-reisivoodid-hallid-Vorevoodid-UUED-TOOTED-madratsile-60x120-Lastemoobel-ja-sisustus_2-7c8.jpg\",\"datePublished\":\"2019-03-27T11:32:23+00:00\",\"dateModified\":\"2025-07-18T15:50:52+00:00\",\"description\":\"Beebivoodi Amelia 60x120, tamm, * m&auml;nnipuidust, MDF'st ja m&ouml;&ouml;bliplaadist beebivoodi&nbsp;* viimistlus: tamm&lt;br\",\"breadcrumb\":{\"@id\":\"https:\/\/beebipood.ee\/ru\/produkt\/beebivoodi-amelia-60x120-tamm\/#breadcrumb\"},\"inLanguage\":\"ru-RU\",\"potentialAction\":[{\"@type\":\"ReadAction\",\"target\":[\"https:\/\/beebipood.ee\/ru\/produkt\/beebivoodi-amelia-60x120-tamm\/\"]}]},{\"@type\":\"ImageObject\",\"inLanguage\":\"ru-RU\",\"@id\":\"https:\/\/beebipood.ee\/ru\/produkt\/beebivoodi-amelia-60x120-tamm\/#primaryimage\",\"url\":\"https:\/\/beebipood.ee\/wp-content\/uploads\/2019\/03\/Beebivoodi-Amelia-60x120-tamm-Beebivoodid-reisivoodid-hallid-Vorevoodid-UUED-TOOTED-madratsile-60x120-Lastemoobel-ja-sisustus_2-7c8.jpg\",\"contentUrl\":\"https:\/\/beebipood.ee\/wp-content\/uploads\/2019\/03\/Beebivoodi-Amelia-60x120-tamm-Beebivoodid-reisivoodid-hallid-Vorevoodid-UUED-TOOTED-madratsile-60x120-Lastemoobel-ja-sisustus_2-7c8.jpg\",\"width\":1000,\"height\":1000},{\"@type\":\"BreadcrumbList\",\"@id\":\"https:\/\/beebipood.ee\/ru\/produkt\/beebivoodi-amelia-60x120-tamm\/#breadcrumb\",\"itemListElement\":[{\"@type\":\"ListItem\",\"position\":1,\"name\":\"Home\",\"item\":\"https:\/\/beebipood.ee\/ru\/\"},{\"@type\":\"ListItem\",\"position\":2,\"name\":\"\u041a\u0430\u0442\u0430\u043b\u043e\u0433 \u0442\u043e\u0432\u0430\u0440\u043e\u0432\",\"item\":\"https:\/\/beebipood.ee\/tooted\/\"},{\"@type\":\"ListItem\",\"position\":3,\"name\":\"Beebivoodi Amelia 60&#215;120, tamm\"}]},{\"@type\":\"WebSite\",\"@id\":\"https:\/\/beebipood.ee\/ru\/#website\",\"url\":\"https:\/\/beebipood.ee\/ru\/\",\"name\":\"Beebipood\",\"description\":\"Lastekaubad, beebikaubad, m\u00e4nguasjad\",\"publisher\":{\"@id\":\"https:\/\/beebipood.ee\/ru\/#organization\"},\"potentialAction\":[{\"@type\":\"SearchAction\",\"target\":{\"@type\":\"EntryPoint\",\"urlTemplate\":\"https:\/\/beebipood.ee\/ru\/?s={search_term_string}\"},\"query-input\":{\"@type\":\"PropertyValueSpecification\",\"valueRequired\":true,\"valueName\":\"search_term_string\"}}],\"inLanguage\":\"ru-RU\"},{\"@type\":\"Organization\",\"@id\":\"https:\/\/beebipood.ee\/ru\/#organization\",\"name\":\"Beebipood\",\"url\":\"https:\/\/beebipood.ee\/ru\/\",\"logo\":{\"@type\":\"ImageObject\",\"inLanguage\":\"ru-RU\",\"@id\":\"https:\/\/beebipood.ee\/ru\/#\/schema\/logo\/image\/\",\"url\":\"https:\/\/beebipood.ee\/wp-content\/uploads\/2025\/03\/beebipood.ee-logo-1.svg\",\"contentUrl\":\"https:\/\/beebipood.ee\/wp-content\/uploads\/2025\/03\/beebipood.ee-logo-1.svg\",\"caption\":\"Beebipood\"},\"image\":{\"@id\":\"https:\/\/beebipood.ee\/ru\/#\/schema\/logo\/image\/\"}}]}<\/script>\n<!-- \/ Yoast SEO plugin. -->","yoast_head_json":{"title":"Beebivoodi Amelia 60x120, tamm, \u0414\u0435\u0442\u0441\u043a\u0438e \u043a\u0440\u043e\u0432\u0430\u0442\u043a\u0438, \u043f\u0435\u0440\u0435\u043d\u043e\u0441\u043d\u044b\u0435 \u043a\u0440\u043e\u0432\u0430\u0442\u043a\u0438, \u043b\u044e\u043b\u044c\u043a\u0438, \u0414\u0435\u0442\u0441\u043a\u0438e \u043a\u0440\u043e\u0432\u0430\u0442\u043a\u0438, \u043c\u0430\u0442\u0440\u0430\u0441 60x120, M\u0435\u0431\u0435\u043b\u044c, Beebipood","description":"Beebivoodi Amelia 60x120, tamm, * m&auml;nnipuidust, MDF'st ja m&ouml;&ouml;bliplaadist beebivoodi&nbsp;* viimistlus: tamm&lt;br","robots":{"index":"index","follow":"follow","max-snippet":"max-snippet:-1","max-image-preview":"max-image-preview:large","max-video-preview":"max-video-preview:-1"},"canonical":"https:\/\/beebipood.ee\/ru\/produkt\/beebivoodi-amelia-60x120-tamm\/","og_locale":"ru_RU","og_type":"article","og_title":"Beebivoodi Amelia 60x120, tamm, \u0414\u0435\u0442\u0441\u043a\u0438e \u043a\u0440\u043e\u0432\u0430\u0442\u043a\u0438, \u043f\u0435\u0440\u0435\u043d\u043e\u0441\u043d\u044b\u0435 \u043a\u0440\u043e\u0432\u0430\u0442\u043a\u0438, \u043b\u044e\u043b\u044c\u043a\u0438, \u0414\u0435\u0442\u0441\u043a\u0438e \u043a\u0440\u043e\u0432\u0430\u0442\u043a\u0438, \u043c\u0430\u0442\u0440\u0430\u0441 60x120, M\u0435\u0431\u0435\u043b\u044c, Beebipood","og_description":"Beebivoodi Amelia 60x120, tamm, * m&auml;nnipuidust, MDF'st ja m&ouml;&ouml;bliplaadist beebivoodi&nbsp;* viimistlus: tamm&lt;br","og_url":"https:\/\/beebipood.ee\/ru\/produkt\/beebivoodi-amelia-60x120-tamm\/","og_site_name":"Beebipood","article_modified_time":"2025-07-18T15:50:52+00:00","og_image":[{"width":1000,"height":1000,"url":"https:\/\/beebipood.ee\/wp-content\/uploads\/2019\/03\/Beebivoodi-Amelia-60x120-tamm-Beebivoodid-reisivoodid-hallid-Vorevoodid-UUED-TOOTED-madratsile-60x120-Lastemoobel-ja-sisustus_2-7c8.jpg","type":"image\/jpeg"}],"twitter_card":"summary_large_image","schema":{"@context":"https:\/\/schema.org","@graph":[{"@type":"WebPage","@id":"https:\/\/beebipood.ee\/ru\/produkt\/beebivoodi-amelia-60x120-tamm\/","url":"https:\/\/beebipood.ee\/ru\/produkt\/beebivoodi-amelia-60x120-tamm\/","name":"Beebivoodi Amelia 60x120, tamm, \u0414\u0435\u0442\u0441\u043a\u0438e \u043a\u0440\u043e\u0432\u0430\u0442\u043a\u0438, \u043f\u0435\u0440\u0435\u043d\u043e\u0441\u043d\u044b\u0435 \u043a\u0440\u043e\u0432\u0430\u0442\u043a\u0438, \u043b\u044e\u043b\u044c\u043a\u0438, \u0414\u0435\u0442\u0441\u043a\u0438e \u043a\u0440\u043e\u0432\u0430\u0442\u043a\u0438, \u043c\u0430\u0442\u0440\u0430\u0441 60x120, M\u0435\u0431\u0435\u043b\u044c, Beebipood","isPartOf":{"@id":"https:\/\/beebipood.ee\/ru\/#website"},"primaryImageOfPage":{"@id":"https:\/\/beebipood.ee\/ru\/produkt\/beebivoodi-amelia-60x120-tamm\/#primaryimage"},"image":{"@id":"https:\/\/beebipood.ee\/ru\/produkt\/beebivoodi-amelia-60x120-tamm\/#primaryimage"},"thumbnailUrl":"https:\/\/beebipood.ee\/wp-content\/uploads\/2019\/03\/Beebivoodi-Amelia-60x120-tamm-Beebivoodid-reisivoodid-hallid-Vorevoodid-UUED-TOOTED-madratsile-60x120-Lastemoobel-ja-sisustus_2-7c8.jpg","datePublished":"2019-03-27T11:32:23+00:00","dateModified":"2025-07-18T15:50:52+00:00","description":"Beebivoodi Amelia 60x120, tamm, * m&auml;nnipuidust, MDF'st ja m&ouml;&ouml;bliplaadist beebivoodi&nbsp;* viimistlus: tamm&lt;br","breadcrumb":{"@id":"https:\/\/beebipood.ee\/ru\/produkt\/beebivoodi-amelia-60x120-tamm\/#breadcrumb"},"inLanguage":"ru-RU","potentialAction":[{"@type":"ReadAction","target":["https:\/\/beebipood.ee\/ru\/produkt\/beebivoodi-amelia-60x120-tamm\/"]}]},{"@type":"ImageObject","inLanguage":"ru-RU","@id":"https:\/\/beebipood.ee\/ru\/produkt\/beebivoodi-amelia-60x120-tamm\/#primaryimage","url":"https:\/\/beebipood.ee\/wp-content\/uploads\/2019\/03\/Beebivoodi-Amelia-60x120-tamm-Beebivoodid-reisivoodid-hallid-Vorevoodid-UUED-TOOTED-madratsile-60x120-Lastemoobel-ja-sisustus_2-7c8.jpg","contentUrl":"https:\/\/beebipood.ee\/wp-content\/uploads\/2019\/03\/Beebivoodi-Amelia-60x120-tamm-Beebivoodid-reisivoodid-hallid-Vorevoodid-UUED-TOOTED-madratsile-60x120-Lastemoobel-ja-sisustus_2-7c8.jpg","width":1000,"height":1000},{"@type":"BreadcrumbList","@id":"https:\/\/beebipood.ee\/ru\/produkt\/beebivoodi-amelia-60x120-tamm\/#breadcrumb","itemListElement":[{"@type":"ListItem","position":1,"name":"Home","item":"https:\/\/beebipood.ee\/ru\/"},{"@type":"ListItem","position":2,"name":"\u041a\u0430\u0442\u0430\u043b\u043e\u0433 \u0442\u043e\u0432\u0430\u0440\u043e\u0432","item":"https:\/\/beebipood.ee\/tooted\/"},{"@type":"ListItem","position":3,"name":"Beebivoodi Amelia 60&#215;120, tamm"}]},{"@type":"WebSite","@id":"https:\/\/beebipood.ee\/ru\/#website","url":"https:\/\/beebipood.ee\/ru\/","name":"Beebipood","description":"Lastekaubad, beebikaubad, m\u00e4nguasjad","publisher":{"@id":"https:\/\/beebipood.ee\/ru\/#organization"},"potentialAction":[{"@type":"SearchAction","target":{"@type":"EntryPoint","urlTemplate":"https:\/\/beebipood.ee\/ru\/?s={search_term_string}"},"query-input":{"@type":"PropertyValueSpecification","valueRequired":true,"valueName":"search_term_string"}}],"inLanguage":"ru-RU"},{"@type":"Organization","@id":"https:\/\/beebipood.ee\/ru\/#organization","name":"Beebipood","url":"https:\/\/beebipood.ee\/ru\/","logo":{"@type":"ImageObject","inLanguage":"ru-RU","@id":"https:\/\/beebipood.ee\/ru\/#\/schema\/logo\/image\/","url":"https:\/\/beebipood.ee\/wp-content\/uploads\/2025\/03\/beebipood.ee-logo-1.svg","contentUrl":"https:\/\/beebipood.ee\/wp-content\/uploads\/2025\/03\/beebipood.ee-logo-1.svg","caption":"Beebipood"},"image":{"@id":"https:\/\/beebipood.ee\/ru\/#\/schema\/logo\/image\/"}}]}},"brands":[{"id":11946,"name":"Klups","slug":"klups-ru"}],"_links":{"self":[{"href":"https:\/\/beebipood.ee\/ru\/wp-json\/wp\/v2\/product\/458557","targetHints":{"allow":["GET"]}}],"collection":[{"href":"https:\/\/beebipood.ee\/ru\/wp-json\/wp\/v2\/product"}],"about":[{"href":"https:\/\/beebipood.ee\/ru\/wp-json\/wp\/v2\/types\/product"}],"wp:featuredmedia":[{"embeddable":true,"href":"https:\/\/beebipood.ee\/ru\/wp-json\/wp\/v2\/media\/128660"}],"wp:attachment":[{"href":"https:\/\/beebipood.ee\/ru\/wp-json\/wp\/v2\/media?parent=458557"}],"wp:term":[{"taxonomy":"pwb-brand","embeddable":true,"href":"https:\/\/beebipood.ee\/ru\/wp-json\/wp\/v2\/pwb-brand?post=458557"},{"taxonomy":"product_brand","embeddable":true,"href":"https:\/\/beebipood.ee\/ru\/wp-json\/wp\/v2\/product_brand?post=458557"},{"taxonomy":"product_cat","embeddable":true,"href":"https:\/\/beebipood.ee\/ru\/wp-json\/wp\/v2\/product_cat?post=458557"},{"taxonomy":"product_tag","embeddable":true,"href":"https:\/\/beebipood.ee\/ru\/wp-json\/wp\/v2\/product_tag?post=458557"}],"curies":[{"name":"wp","href":"https:\/\/api.w.org\/{rel}","templated":true}]}}