{"id":458571,"date":"2025-06-06T10:49:29","date_gmt":"2025-06-06T07:49:29","guid":{"rendered":"https:\/\/beebipood.ee\/toode\/raamaturiiul-lydia\/"},"modified":"2026-01-25T12:40:04","modified_gmt":"2026-01-25T10:40:04","slug":"kummut-laura-mahkimisalusega","status":"publish","type":"product","link":"https:\/\/beebipood.ee\/ru\/produkt\/kummut-laura-mahkimisalusega\/","title":{"rendered":"Kummut Laura m\u00e4hkimisalusega"},"content":{"rendered":"<p>\u0160ampanjav\u00e4rvi LAURA kummut on elegantne ja funktsionaalne t\u00e4iendus igale interj\u00f6\u00f6rile.<br \/>\nKolme avara sahtliga ja soft close sulguriga kummut<br \/>\npakub lisaks rohkelt hoiuruumile ka mugavust igap\u00e4evasel kasutamisel.<br \/>\nP\u00f6\u00f6gipuidust k\u00e4epidemed lisavad sellele loomulikku v\u00f5lu<br \/>\nning k\u00f5rged jalad muudavad puhtana hoidmise lihtsaks,<br \/>\nv\u00f5imaldades puhastamise ajal h\u00f5lpsat juurdep\u00e4\u00e4su.<br \/>\nLisaks muudab m\u00e4hkimisaluse kinnitamise v\u00f5imalus<br \/>\nselle ideaalseks lahenduseks v\u00e4ikelaste vanematele, \u00fchendades stiili praktilisusega.<br \/>\nLAURA kummut on suurep\u00e4rane valik neile,<br \/>\nkes hindavad nii m\u00f6\u00f6bli esteetikat kui ka funktsionaalsust.<\/p>\n<p>* kummut on valmistatud p\u00f6\u00f6gipuidust, MDF\u2019st ja m\u00f6\u00f6bliplaadist<br \/>\n* viimistlus: \u0161ampanja<br \/>\n* ruumikas ja v\u00e4ga funktsionaalne kummut<br \/>\n* kolm mahukat sahtlit<br \/>\n* sahtlitel on soft close sulgurid<br \/>\n* komplektis on m\u00e4hkimisalus, mille saab hiljem eemaldada<br \/>\n*\u00a0valmistamisel kasutatud antiallergilisei materjale<br \/>\n* toodetud EL\u2019s<br \/>\n* toode vastab k\u00f5ikidele EN turvastandarditel<\/p>\n<p>&nbsp;<\/p>\n","protected":false},"excerpt":{"rendered":"<p>\u0160ampanjav\u00e4rvi LAURA kummut on elegantne ja funktsionaalne t\u00e4iendus igale interj\u00f6\u00f6rile. Kolme avara sahtliga ja soft close sulguriga kummut pakub lisaks rohkelt hoiuruumile ka mugavust igap\u00e4evasel kasutamisel. P\u00f6\u00f6gipuidust k\u00e4epidemed lisavad sellele loomulikku v\u00f5lu ning k\u00f5rged jalad muudavad puhtana hoidmise lihtsaks, v\u00f5imaldades puhastamise ajal h\u00f5lpsat juurdep\u00e4\u00e4su. Lisaks muudab m\u00e4hkimisaluse kinnitamise v\u00f5imalus selle ideaalseks lahenduseks v\u00e4ikelaste vanematele, \u00fchendades [&hellip;]<\/p>\n","protected":false},"featured_media":505047,"template":"","meta":{"_acf_changed":false},"pwb-brand":[11946],"product_brand":[],"product_cat":[11711,11623,11789],"product_tag":[],"class_list":{"0":"post-458571","1":"product","2":"type-product","3":"status-publish","4":"has-post-thumbnail","6":"pwb-brand-klups-ru","7":"product_cat-mahkimisalused-ja-riiulid-ru","8":"product_cat-kummutid-kastid-ru","9":"product_cat-lastemoobel-ja-sisustus-ru","10":"pa_manufacturer-klups-ru","12":"first","13":"onbackorder","14":"sale","15":"taxable","16":"shipping-taxable","17":"purchasable","18":"product-type-simple"},"exclude_global_add_ons":[],"addons":[],"acf":[],"yoast_head":"<!-- This site is optimized with the Yoast SEO plugin v27.1.1 - https:\/\/yoast.com\/product\/yoast-seo-wordpress\/ -->\n<title>Raamaturiiul Lydia, \u0428\u043a\u0430\u0444\u044b, \u043f\u043e\u043b\u043a\u0438, \u041a\u043d\u0438\u0436\u043d\u044b\u0435 \u043f\u043e\u043b\u043a\u0438, M\u0435\u0431\u0435\u043b\u044c, Beebipood<\/title>\n<meta name=\"description\" content=\"Raamaturiiul Lydia, * riiul on valmistatud m\u00e4nnipuidust, MDF&#039;st ja m\u00f6\u00f6bliplaadist* viimistlus: valge\/naturaalne&lt;\/span\" \/>\n<meta name=\"robots\" content=\"index, follow, max-snippet:-1, max-image-preview:large, max-video-preview:-1\" \/>\n<link rel=\"canonical\" href=\"https:\/\/beebipood.ee\/ru\/produkt\/kummut-laura-mahkimisalusega\/\" \/>\n<meta property=\"og:locale\" content=\"ru_RU\" \/>\n<meta property=\"og:type\" content=\"article\" \/>\n<meta property=\"og:title\" content=\"Raamaturiiul Lydia, \u0428\u043a\u0430\u0444\u044b, \u043f\u043e\u043b\u043a\u0438, \u041a\u043d\u0438\u0436\u043d\u044b\u0435 \u043f\u043e\u043b\u043a\u0438, M\u0435\u0431\u0435\u043b\u044c, Beebipood\" \/>\n<meta property=\"og:description\" content=\"Raamaturiiul Lydia, * riiul on valmistatud m\u00e4nnipuidust, MDF&#039;st ja m\u00f6\u00f6bliplaadist* viimistlus: valge\/naturaalne&lt;\/span\" \/>\n<meta property=\"og:url\" content=\"https:\/\/beebipood.ee\/ru\/produkt\/kummut-laura-mahkimisalusega\/\" \/>\n<meta property=\"og:site_name\" content=\"Beebipood\" \/>\n<meta property=\"article:modified_time\" content=\"2026-01-25T10:40:04+00:00\" \/>\n<meta property=\"og:image\" content=\"https:\/\/beebipood.ee\/wp-content\/uploads\/2019\/04\/kummut-laura2.jpg\" \/>\n\t<meta property=\"og:image:width\" content=\"1000\" \/>\n\t<meta property=\"og:image:height\" content=\"1000\" \/>\n\t<meta property=\"og:image:type\" content=\"image\/jpeg\" \/>\n<meta name=\"twitter:card\" content=\"summary_large_image\" \/>\n<meta name=\"twitter:label1\" content=\"\u041f\u0440\u0438\u043c\u0435\u0440\u043d\u043e\u0435 \u0432\u0440\u0435\u043c\u044f \u0434\u043b\u044f \u0447\u0442\u0435\u043d\u0438\u044f\" \/>\n\t<meta name=\"twitter:data1\" content=\"1 \u043c\u0438\u043d\u0443\u0442\u0430\" \/>\n<script type=\"application\/ld+json\" class=\"yoast-schema-graph\">{\"@context\":\"https:\/\/schema.org\",\"@graph\":[{\"@type\":\"WebPage\",\"@id\":\"https:\/\/beebipood.ee\/ru\/produkt\/kummut-laura-mahkimisalusega\/\",\"url\":\"https:\/\/beebipood.ee\/ru\/produkt\/kummut-laura-mahkimisalusega\/\",\"name\":\"Raamaturiiul Lydia, \u0428\u043a\u0430\u0444\u044b, \u043f\u043e\u043b\u043a\u0438, \u041a\u043d\u0438\u0436\u043d\u044b\u0435 \u043f\u043e\u043b\u043a\u0438, M\u0435\u0431\u0435\u043b\u044c, Beebipood\",\"isPartOf\":{\"@id\":\"https:\/\/beebipood.ee\/ru\/#website\"},\"primaryImageOfPage\":{\"@id\":\"https:\/\/beebipood.ee\/ru\/produkt\/kummut-laura-mahkimisalusega\/#primaryimage\"},\"image\":{\"@id\":\"https:\/\/beebipood.ee\/ru\/produkt\/kummut-laura-mahkimisalusega\/#primaryimage\"},\"thumbnailUrl\":\"https:\/\/beebipood.ee\/wp-content\/uploads\/2019\/04\/kummut-laura2.jpg\",\"datePublished\":\"2025-06-06T07:49:29+00:00\",\"dateModified\":\"2026-01-25T10:40:04+00:00\",\"description\":\"Raamaturiiul Lydia, * riiul on valmistatud m\u00e4nnipuidust, MDF'st ja m\u00f6\u00f6bliplaadist* viimistlus: valge\/naturaalne&lt;\/span\",\"breadcrumb\":{\"@id\":\"https:\/\/beebipood.ee\/ru\/produkt\/kummut-laura-mahkimisalusega\/#breadcrumb\"},\"inLanguage\":\"ru-RU\",\"potentialAction\":[{\"@type\":\"ReadAction\",\"target\":[\"https:\/\/beebipood.ee\/ru\/produkt\/kummut-laura-mahkimisalusega\/\"]}]},{\"@type\":\"ImageObject\",\"inLanguage\":\"ru-RU\",\"@id\":\"https:\/\/beebipood.ee\/ru\/produkt\/kummut-laura-mahkimisalusega\/#primaryimage\",\"url\":\"https:\/\/beebipood.ee\/wp-content\/uploads\/2019\/04\/kummut-laura2.jpg\",\"contentUrl\":\"https:\/\/beebipood.ee\/wp-content\/uploads\/2019\/04\/kummut-laura2.jpg\",\"width\":1000,\"height\":1000},{\"@type\":\"BreadcrumbList\",\"@id\":\"https:\/\/beebipood.ee\/ru\/produkt\/kummut-laura-mahkimisalusega\/#breadcrumb\",\"itemListElement\":[{\"@type\":\"ListItem\",\"position\":1,\"name\":\"Home\",\"item\":\"https:\/\/beebipood.ee\/ru\/\"},{\"@type\":\"ListItem\",\"position\":2,\"name\":\"\u041a\u0430\u0442\u0430\u043b\u043e\u0433 \u0442\u043e\u0432\u0430\u0440\u043e\u0432\",\"item\":\"https:\/\/beebipood.ee\/tooted\/\"},{\"@type\":\"ListItem\",\"position\":3,\"name\":\"Kummut Laura m\u00e4hkimisalusega\"}]},{\"@type\":\"WebSite\",\"@id\":\"https:\/\/beebipood.ee\/ru\/#website\",\"url\":\"https:\/\/beebipood.ee\/ru\/\",\"name\":\"Beebipood\",\"description\":\"Lastekaubad, beebikaubad, m\u00e4nguasjad\",\"publisher\":{\"@id\":\"https:\/\/beebipood.ee\/ru\/#organization\"},\"potentialAction\":[{\"@type\":\"SearchAction\",\"target\":{\"@type\":\"EntryPoint\",\"urlTemplate\":\"https:\/\/beebipood.ee\/ru\/?s={search_term_string}\"},\"query-input\":{\"@type\":\"PropertyValueSpecification\",\"valueRequired\":true,\"valueName\":\"search_term_string\"}}],\"inLanguage\":\"ru-RU\"},{\"@type\":\"Organization\",\"@id\":\"https:\/\/beebipood.ee\/ru\/#organization\",\"name\":\"Beebipood\",\"url\":\"https:\/\/beebipood.ee\/ru\/\",\"logo\":{\"@type\":\"ImageObject\",\"inLanguage\":\"ru-RU\",\"@id\":\"https:\/\/beebipood.ee\/ru\/#\/schema\/logo\/image\/\",\"url\":\"https:\/\/beebipood.ee\/wp-content\/uploads\/2025\/03\/beebipood.ee-logo-1.svg\",\"contentUrl\":\"https:\/\/beebipood.ee\/wp-content\/uploads\/2025\/03\/beebipood.ee-logo-1.svg\",\"caption\":\"Beebipood\"},\"image\":{\"@id\":\"https:\/\/beebipood.ee\/ru\/#\/schema\/logo\/image\/\"}}]}<\/script>\n<!-- \/ Yoast SEO plugin. -->","yoast_head_json":{"title":"Raamaturiiul Lydia, \u0428\u043a\u0430\u0444\u044b, \u043f\u043e\u043b\u043a\u0438, \u041a\u043d\u0438\u0436\u043d\u044b\u0435 \u043f\u043e\u043b\u043a\u0438, M\u0435\u0431\u0435\u043b\u044c, Beebipood","description":"Raamaturiiul Lydia, * riiul on valmistatud m\u00e4nnipuidust, MDF'st ja m\u00f6\u00f6bliplaadist* viimistlus: valge\/naturaalne&lt;\/span","robots":{"index":"index","follow":"follow","max-snippet":"max-snippet:-1","max-image-preview":"max-image-preview:large","max-video-preview":"max-video-preview:-1"},"canonical":"https:\/\/beebipood.ee\/ru\/produkt\/kummut-laura-mahkimisalusega\/","og_locale":"ru_RU","og_type":"article","og_title":"Raamaturiiul Lydia, \u0428\u043a\u0430\u0444\u044b, \u043f\u043e\u043b\u043a\u0438, \u041a\u043d\u0438\u0436\u043d\u044b\u0435 \u043f\u043e\u043b\u043a\u0438, M\u0435\u0431\u0435\u043b\u044c, Beebipood","og_description":"Raamaturiiul Lydia, * riiul on valmistatud m\u00e4nnipuidust, MDF'st ja m\u00f6\u00f6bliplaadist* viimistlus: valge\/naturaalne&lt;\/span","og_url":"https:\/\/beebipood.ee\/ru\/produkt\/kummut-laura-mahkimisalusega\/","og_site_name":"Beebipood","article_modified_time":"2026-01-25T10:40:04+00:00","og_image":[{"width":1000,"height":1000,"url":"https:\/\/beebipood.ee\/wp-content\/uploads\/2019\/04\/kummut-laura2.jpg","type":"image\/jpeg"}],"twitter_card":"summary_large_image","twitter_misc":{"\u041f\u0440\u0438\u043c\u0435\u0440\u043d\u043e\u0435 \u0432\u0440\u0435\u043c\u044f \u0434\u043b\u044f \u0447\u0442\u0435\u043d\u0438\u044f":"1 \u043c\u0438\u043d\u0443\u0442\u0430"},"schema":{"@context":"https:\/\/schema.org","@graph":[{"@type":"WebPage","@id":"https:\/\/beebipood.ee\/ru\/produkt\/kummut-laura-mahkimisalusega\/","url":"https:\/\/beebipood.ee\/ru\/produkt\/kummut-laura-mahkimisalusega\/","name":"Raamaturiiul Lydia, \u0428\u043a\u0430\u0444\u044b, \u043f\u043e\u043b\u043a\u0438, \u041a\u043d\u0438\u0436\u043d\u044b\u0435 \u043f\u043e\u043b\u043a\u0438, M\u0435\u0431\u0435\u043b\u044c, Beebipood","isPartOf":{"@id":"https:\/\/beebipood.ee\/ru\/#website"},"primaryImageOfPage":{"@id":"https:\/\/beebipood.ee\/ru\/produkt\/kummut-laura-mahkimisalusega\/#primaryimage"},"image":{"@id":"https:\/\/beebipood.ee\/ru\/produkt\/kummut-laura-mahkimisalusega\/#primaryimage"},"thumbnailUrl":"https:\/\/beebipood.ee\/wp-content\/uploads\/2019\/04\/kummut-laura2.jpg","datePublished":"2025-06-06T07:49:29+00:00","dateModified":"2026-01-25T10:40:04+00:00","description":"Raamaturiiul Lydia, * riiul on valmistatud m\u00e4nnipuidust, MDF'st ja m\u00f6\u00f6bliplaadist* viimistlus: valge\/naturaalne&lt;\/span","breadcrumb":{"@id":"https:\/\/beebipood.ee\/ru\/produkt\/kummut-laura-mahkimisalusega\/#breadcrumb"},"inLanguage":"ru-RU","potentialAction":[{"@type":"ReadAction","target":["https:\/\/beebipood.ee\/ru\/produkt\/kummut-laura-mahkimisalusega\/"]}]},{"@type":"ImageObject","inLanguage":"ru-RU","@id":"https:\/\/beebipood.ee\/ru\/produkt\/kummut-laura-mahkimisalusega\/#primaryimage","url":"https:\/\/beebipood.ee\/wp-content\/uploads\/2019\/04\/kummut-laura2.jpg","contentUrl":"https:\/\/beebipood.ee\/wp-content\/uploads\/2019\/04\/kummut-laura2.jpg","width":1000,"height":1000},{"@type":"BreadcrumbList","@id":"https:\/\/beebipood.ee\/ru\/produkt\/kummut-laura-mahkimisalusega\/#breadcrumb","itemListElement":[{"@type":"ListItem","position":1,"name":"Home","item":"https:\/\/beebipood.ee\/ru\/"},{"@type":"ListItem","position":2,"name":"\u041a\u0430\u0442\u0430\u043b\u043e\u0433 \u0442\u043e\u0432\u0430\u0440\u043e\u0432","item":"https:\/\/beebipood.ee\/tooted\/"},{"@type":"ListItem","position":3,"name":"Kummut Laura m\u00e4hkimisalusega"}]},{"@type":"WebSite","@id":"https:\/\/beebipood.ee\/ru\/#website","url":"https:\/\/beebipood.ee\/ru\/","name":"Beebipood","description":"Lastekaubad, beebikaubad, m\u00e4nguasjad","publisher":{"@id":"https:\/\/beebipood.ee\/ru\/#organization"},"potentialAction":[{"@type":"SearchAction","target":{"@type":"EntryPoint","urlTemplate":"https:\/\/beebipood.ee\/ru\/?s={search_term_string}"},"query-input":{"@type":"PropertyValueSpecification","valueRequired":true,"valueName":"search_term_string"}}],"inLanguage":"ru-RU"},{"@type":"Organization","@id":"https:\/\/beebipood.ee\/ru\/#organization","name":"Beebipood","url":"https:\/\/beebipood.ee\/ru\/","logo":{"@type":"ImageObject","inLanguage":"ru-RU","@id":"https:\/\/beebipood.ee\/ru\/#\/schema\/logo\/image\/","url":"https:\/\/beebipood.ee\/wp-content\/uploads\/2025\/03\/beebipood.ee-logo-1.svg","contentUrl":"https:\/\/beebipood.ee\/wp-content\/uploads\/2025\/03\/beebipood.ee-logo-1.svg","caption":"Beebipood"},"image":{"@id":"https:\/\/beebipood.ee\/ru\/#\/schema\/logo\/image\/"}}]}},"brands":[{"id":11946,"name":"Klups","slug":"klups-ru"}],"_links":{"self":[{"href":"https:\/\/beebipood.ee\/ru\/wp-json\/wp\/v2\/product\/458571","targetHints":{"allow":["GET"]}}],"collection":[{"href":"https:\/\/beebipood.ee\/ru\/wp-json\/wp\/v2\/product"}],"about":[{"href":"https:\/\/beebipood.ee\/ru\/wp-json\/wp\/v2\/types\/product"}],"wp:featuredmedia":[{"embeddable":true,"href":"https:\/\/beebipood.ee\/ru\/wp-json\/wp\/v2\/media\/505047"}],"wp:attachment":[{"href":"https:\/\/beebipood.ee\/ru\/wp-json\/wp\/v2\/media?parent=458571"}],"wp:term":[{"taxonomy":"pwb-brand","embeddable":true,"href":"https:\/\/beebipood.ee\/ru\/wp-json\/wp\/v2\/pwb-brand?post=458571"},{"taxonomy":"product_brand","embeddable":true,"href":"https:\/\/beebipood.ee\/ru\/wp-json\/wp\/v2\/product_brand?post=458571"},{"taxonomy":"product_cat","embeddable":true,"href":"https:\/\/beebipood.ee\/ru\/wp-json\/wp\/v2\/product_cat?post=458571"},{"taxonomy":"product_tag","embeddable":true,"href":"https:\/\/beebipood.ee\/ru\/wp-json\/wp\/v2\/product_tag?post=458571"}],"curies":[{"name":"wp","href":"https:\/\/api.w.org\/{rel}","templated":true}]}}