{"id":458573,"date":"2025-06-06T10:52:03","date_gmt":"2025-06-06T07:52:03","guid":{"rendered":"https:\/\/beebipood.ee\/toode\/riidekapp-lydia\/"},"modified":"2025-06-06T14:09:21","modified_gmt":"2025-06-06T11:09:21","slug":"riidekapp-laura","status":"publish","type":"product","link":"https:\/\/beebipood.ee\/ru\/produkt\/riidekapp-laura\/","title":{"rendered":"Riidekapp Laura"},"content":{"rendered":"<p>Elegantse \u0161ampanjav\u00e4rvi 3-uksega LAURA garderoob,<br \/>\nmis toob igasse interj\u00f6\u00f6ri soojust ja stiili.<br \/>\nAinulaadne disain \u00fchendab funktsionaalsuse ja esteetika,<br \/>\nmuutes selle ideaalseks nii beebi kui ka vanema lapse tuppa.<br \/>\nGarderoob on valmistatud k\u00f5rgeima kvaliteediga materjalidest<br \/>\nning p\u00f6\u00f6gipuidust k\u00e4epidemed ja k\u00f5rged jalad lisavad sellele klassikalist v\u00f5lu.<br \/>\nGarderoobi sisemus on \u00e4\u00e4rmiselt avar ja l\u00e4bim\u00f5eldud &#8212; sealt leiate 3 funktsionaalset sahtlit,<br \/>\nriidepuutoru ja arvukalt riiuleid, mis mahutavad k\u00f5ik vajalikud asjad.<br \/>\nPraktiliseks lahenduseks on v\u00f5imalus eemaldada riiulitoru all olev riiul,<br \/>\nmis v\u00f5imaldab teil ruumi lapse kasvavate vajadustega kohandada.<br \/>\nLAURA garderoob on suurep\u00e4rane valik vanematele,<br \/>\nkes hindavad kvaliteeti, mugavust ja ilu \u00fches.<\/p>\n<p>* riidekapp on valmistatud p\u00f6\u00f6gipuidust ja m\u00f6\u00f6bliplaadist<br \/>\n* viimistlus: \u0161ampanja<br \/>\n* ruumikas ja v\u00e4ga funktsionaalne<br \/>\n*\u00a0valmistamisel kasutatud antiallergilisei materjale<br \/>\n* toodetud EL&#8217;s<br \/>\n* toode vastab k\u00f5ikidele EN turvastandarditele<\/p>\n<p>&nbsp;<\/p>\n","protected":false},"excerpt":{"rendered":"<p>Elegantse \u0161ampanjav\u00e4rvi 3-uksega LAURA garderoob, mis toob igasse interj\u00f6\u00f6ri soojust ja stiili. Ainulaadne disain \u00fchendab funktsionaalsuse ja esteetika, muutes selle ideaalseks nii beebi kui ka vanema lapse tuppa. Garderoob on valmistatud k\u00f5rgeima kvaliteediga materjalidest ning p\u00f6\u00f6gipuidust k\u00e4epidemed ja k\u00f5rged jalad lisavad sellele klassikalist v\u00f5lu. Garderoobi sisemus on \u00e4\u00e4rmiselt avar ja l\u00e4bim\u00f5eldud &#8212; sealt leiate 3 [&hellip;]<\/p>\n","protected":false},"featured_media":505050,"template":"","meta":{"_acf_changed":false},"pwb-brand":[11946],"product_brand":[],"product_cat":[11633,11631,11789],"product_tag":[],"class_list":{"0":"post-458573","1":"product","2":"type-product","3":"status-publish","4":"has-post-thumbnail","6":"pwb-brand-klups-ru","7":"product_cat-riidekapid-ru","8":"product_cat-kapid-riiulid-ru","9":"product_cat-lastemoobel-ja-sisustus-ru","10":"pa_manufacturer-klups-ru","12":"first","13":"onbackorder","14":"sale","15":"taxable","16":"shipping-taxable","17":"purchasable","18":"product-type-simple"},"exclude_global_add_ons":[],"addons":[],"acf":[],"yoast_head":"<!-- This site is optimized with the Yoast SEO plugin v27.1.1 - https:\/\/yoast.com\/product\/yoast-seo-wordpress\/ -->\n<title>Riidekapp Lydia, \u0428\u043a\u0430\u0444\u044b, \u043f\u043e\u043b\u043a\u0438, \u041f\u043b\u0430\u0442\u044f\u043d\u044b\u0435 \u0448\u043a\u0430\u0444\u044b, M\u0435\u0431\u0435\u043b\u044c, Beebipood<\/title>\n<meta name=\"description\" content=\"Riidekapp Lydia, * riidekapp on valmistatud m\u00e4nnipuidust, MDF&#039;st ja m\u00f6\u00f6bliplaadist* viimistlus: valge\/naturaalne&lt;\/spa\" \/>\n<meta name=\"robots\" content=\"index, follow, max-snippet:-1, max-image-preview:large, max-video-preview:-1\" \/>\n<link rel=\"canonical\" href=\"https:\/\/beebipood.ee\/ru\/produkt\/riidekapp-laura\/\" \/>\n<meta property=\"og:locale\" content=\"ru_RU\" \/>\n<meta property=\"og:type\" content=\"article\" \/>\n<meta property=\"og:title\" content=\"Riidekapp Lydia, \u0428\u043a\u0430\u0444\u044b, \u043f\u043e\u043b\u043a\u0438, \u041f\u043b\u0430\u0442\u044f\u043d\u044b\u0435 \u0448\u043a\u0430\u0444\u044b, M\u0435\u0431\u0435\u043b\u044c, Beebipood\" \/>\n<meta property=\"og:description\" content=\"Riidekapp Lydia, * riidekapp on valmistatud m\u00e4nnipuidust, MDF&#039;st ja m\u00f6\u00f6bliplaadist* viimistlus: valge\/naturaalne&lt;\/spa\" \/>\n<meta property=\"og:url\" content=\"https:\/\/beebipood.ee\/ru\/produkt\/riidekapp-laura\/\" \/>\n<meta property=\"og:site_name\" content=\"Beebipood\" \/>\n<meta property=\"article:modified_time\" content=\"2025-06-06T11:09:21+00:00\" \/>\n<meta property=\"og:image\" content=\"https:\/\/beebipood.ee\/wp-content\/uploads\/2019\/04\/laura-riidekapp.jpg\" \/>\n\t<meta property=\"og:image:width\" content=\"1000\" \/>\n\t<meta property=\"og:image:height\" content=\"1000\" \/>\n\t<meta property=\"og:image:type\" content=\"image\/jpeg\" \/>\n<meta name=\"twitter:card\" content=\"summary_large_image\" \/>\n<meta name=\"twitter:label1\" content=\"\u041f\u0440\u0438\u043c\u0435\u0440\u043d\u043e\u0435 \u0432\u0440\u0435\u043c\u044f \u0434\u043b\u044f \u0447\u0442\u0435\u043d\u0438\u044f\" \/>\n\t<meta name=\"twitter:data1\" content=\"1 \u043c\u0438\u043d\u0443\u0442\u0430\" \/>\n<script type=\"application\/ld+json\" class=\"yoast-schema-graph\">{\"@context\":\"https:\/\/schema.org\",\"@graph\":[{\"@type\":\"WebPage\",\"@id\":\"https:\/\/beebipood.ee\/ru\/produkt\/riidekapp-laura\/\",\"url\":\"https:\/\/beebipood.ee\/ru\/produkt\/riidekapp-laura\/\",\"name\":\"Riidekapp Lydia, \u0428\u043a\u0430\u0444\u044b, \u043f\u043e\u043b\u043a\u0438, \u041f\u043b\u0430\u0442\u044f\u043d\u044b\u0435 \u0448\u043a\u0430\u0444\u044b, M\u0435\u0431\u0435\u043b\u044c, Beebipood\",\"isPartOf\":{\"@id\":\"https:\/\/beebipood.ee\/ru\/#website\"},\"primaryImageOfPage\":{\"@id\":\"https:\/\/beebipood.ee\/ru\/produkt\/riidekapp-laura\/#primaryimage\"},\"image\":{\"@id\":\"https:\/\/beebipood.ee\/ru\/produkt\/riidekapp-laura\/#primaryimage\"},\"thumbnailUrl\":\"https:\/\/beebipood.ee\/wp-content\/uploads\/2019\/04\/laura-riidekapp.jpg\",\"datePublished\":\"2025-06-06T07:52:03+00:00\",\"dateModified\":\"2025-06-06T11:09:21+00:00\",\"description\":\"Riidekapp Lydia, * riidekapp on valmistatud m\u00e4nnipuidust, MDF'st ja m\u00f6\u00f6bliplaadist* viimistlus: valge\/naturaalne&lt;\/spa\",\"breadcrumb\":{\"@id\":\"https:\/\/beebipood.ee\/ru\/produkt\/riidekapp-laura\/#breadcrumb\"},\"inLanguage\":\"ru-RU\",\"potentialAction\":[{\"@type\":\"ReadAction\",\"target\":[\"https:\/\/beebipood.ee\/ru\/produkt\/riidekapp-laura\/\"]}]},{\"@type\":\"ImageObject\",\"inLanguage\":\"ru-RU\",\"@id\":\"https:\/\/beebipood.ee\/ru\/produkt\/riidekapp-laura\/#primaryimage\",\"url\":\"https:\/\/beebipood.ee\/wp-content\/uploads\/2019\/04\/laura-riidekapp.jpg\",\"contentUrl\":\"https:\/\/beebipood.ee\/wp-content\/uploads\/2019\/04\/laura-riidekapp.jpg\",\"width\":1000,\"height\":1000},{\"@type\":\"BreadcrumbList\",\"@id\":\"https:\/\/beebipood.ee\/ru\/produkt\/riidekapp-laura\/#breadcrumb\",\"itemListElement\":[{\"@type\":\"ListItem\",\"position\":1,\"name\":\"Home\",\"item\":\"https:\/\/beebipood.ee\/ru\/\"},{\"@type\":\"ListItem\",\"position\":2,\"name\":\"\u041a\u0430\u0442\u0430\u043b\u043e\u0433 \u0442\u043e\u0432\u0430\u0440\u043e\u0432\",\"item\":\"https:\/\/beebipood.ee\/tooted\/\"},{\"@type\":\"ListItem\",\"position\":3,\"name\":\"Riidekapp Laura\"}]},{\"@type\":\"WebSite\",\"@id\":\"https:\/\/beebipood.ee\/ru\/#website\",\"url\":\"https:\/\/beebipood.ee\/ru\/\",\"name\":\"Beebipood\",\"description\":\"Lastekaubad, beebikaubad, m\u00e4nguasjad\",\"publisher\":{\"@id\":\"https:\/\/beebipood.ee\/ru\/#organization\"},\"potentialAction\":[{\"@type\":\"SearchAction\",\"target\":{\"@type\":\"EntryPoint\",\"urlTemplate\":\"https:\/\/beebipood.ee\/ru\/?s={search_term_string}\"},\"query-input\":{\"@type\":\"PropertyValueSpecification\",\"valueRequired\":true,\"valueName\":\"search_term_string\"}}],\"inLanguage\":\"ru-RU\"},{\"@type\":\"Organization\",\"@id\":\"https:\/\/beebipood.ee\/ru\/#organization\",\"name\":\"Beebipood\",\"url\":\"https:\/\/beebipood.ee\/ru\/\",\"logo\":{\"@type\":\"ImageObject\",\"inLanguage\":\"ru-RU\",\"@id\":\"https:\/\/beebipood.ee\/ru\/#\/schema\/logo\/image\/\",\"url\":\"https:\/\/beebipood.ee\/wp-content\/uploads\/2025\/03\/beebipood.ee-logo-1.svg\",\"contentUrl\":\"https:\/\/beebipood.ee\/wp-content\/uploads\/2025\/03\/beebipood.ee-logo-1.svg\",\"caption\":\"Beebipood\"},\"image\":{\"@id\":\"https:\/\/beebipood.ee\/ru\/#\/schema\/logo\/image\/\"}}]}<\/script>\n<!-- \/ Yoast SEO plugin. -->","yoast_head_json":{"title":"Riidekapp Lydia, \u0428\u043a\u0430\u0444\u044b, \u043f\u043e\u043b\u043a\u0438, \u041f\u043b\u0430\u0442\u044f\u043d\u044b\u0435 \u0448\u043a\u0430\u0444\u044b, M\u0435\u0431\u0435\u043b\u044c, Beebipood","description":"Riidekapp Lydia, * riidekapp on valmistatud m\u00e4nnipuidust, MDF'st ja m\u00f6\u00f6bliplaadist* viimistlus: valge\/naturaalne&lt;\/spa","robots":{"index":"index","follow":"follow","max-snippet":"max-snippet:-1","max-image-preview":"max-image-preview:large","max-video-preview":"max-video-preview:-1"},"canonical":"https:\/\/beebipood.ee\/ru\/produkt\/riidekapp-laura\/","og_locale":"ru_RU","og_type":"article","og_title":"Riidekapp Lydia, \u0428\u043a\u0430\u0444\u044b, \u043f\u043e\u043b\u043a\u0438, \u041f\u043b\u0430\u0442\u044f\u043d\u044b\u0435 \u0448\u043a\u0430\u0444\u044b, M\u0435\u0431\u0435\u043b\u044c, Beebipood","og_description":"Riidekapp Lydia, * riidekapp on valmistatud m\u00e4nnipuidust, MDF'st ja m\u00f6\u00f6bliplaadist* viimistlus: valge\/naturaalne&lt;\/spa","og_url":"https:\/\/beebipood.ee\/ru\/produkt\/riidekapp-laura\/","og_site_name":"Beebipood","article_modified_time":"2025-06-06T11:09:21+00:00","og_image":[{"width":1000,"height":1000,"url":"https:\/\/beebipood.ee\/wp-content\/uploads\/2019\/04\/laura-riidekapp.jpg","type":"image\/jpeg"}],"twitter_card":"summary_large_image","twitter_misc":{"\u041f\u0440\u0438\u043c\u0435\u0440\u043d\u043e\u0435 \u0432\u0440\u0435\u043c\u044f \u0434\u043b\u044f \u0447\u0442\u0435\u043d\u0438\u044f":"1 \u043c\u0438\u043d\u0443\u0442\u0430"},"schema":{"@context":"https:\/\/schema.org","@graph":[{"@type":"WebPage","@id":"https:\/\/beebipood.ee\/ru\/produkt\/riidekapp-laura\/","url":"https:\/\/beebipood.ee\/ru\/produkt\/riidekapp-laura\/","name":"Riidekapp Lydia, \u0428\u043a\u0430\u0444\u044b, \u043f\u043e\u043b\u043a\u0438, \u041f\u043b\u0430\u0442\u044f\u043d\u044b\u0435 \u0448\u043a\u0430\u0444\u044b, M\u0435\u0431\u0435\u043b\u044c, Beebipood","isPartOf":{"@id":"https:\/\/beebipood.ee\/ru\/#website"},"primaryImageOfPage":{"@id":"https:\/\/beebipood.ee\/ru\/produkt\/riidekapp-laura\/#primaryimage"},"image":{"@id":"https:\/\/beebipood.ee\/ru\/produkt\/riidekapp-laura\/#primaryimage"},"thumbnailUrl":"https:\/\/beebipood.ee\/wp-content\/uploads\/2019\/04\/laura-riidekapp.jpg","datePublished":"2025-06-06T07:52:03+00:00","dateModified":"2025-06-06T11:09:21+00:00","description":"Riidekapp Lydia, * riidekapp on valmistatud m\u00e4nnipuidust, MDF'st ja m\u00f6\u00f6bliplaadist* viimistlus: valge\/naturaalne&lt;\/spa","breadcrumb":{"@id":"https:\/\/beebipood.ee\/ru\/produkt\/riidekapp-laura\/#breadcrumb"},"inLanguage":"ru-RU","potentialAction":[{"@type":"ReadAction","target":["https:\/\/beebipood.ee\/ru\/produkt\/riidekapp-laura\/"]}]},{"@type":"ImageObject","inLanguage":"ru-RU","@id":"https:\/\/beebipood.ee\/ru\/produkt\/riidekapp-laura\/#primaryimage","url":"https:\/\/beebipood.ee\/wp-content\/uploads\/2019\/04\/laura-riidekapp.jpg","contentUrl":"https:\/\/beebipood.ee\/wp-content\/uploads\/2019\/04\/laura-riidekapp.jpg","width":1000,"height":1000},{"@type":"BreadcrumbList","@id":"https:\/\/beebipood.ee\/ru\/produkt\/riidekapp-laura\/#breadcrumb","itemListElement":[{"@type":"ListItem","position":1,"name":"Home","item":"https:\/\/beebipood.ee\/ru\/"},{"@type":"ListItem","position":2,"name":"\u041a\u0430\u0442\u0430\u043b\u043e\u0433 \u0442\u043e\u0432\u0430\u0440\u043e\u0432","item":"https:\/\/beebipood.ee\/tooted\/"},{"@type":"ListItem","position":3,"name":"Riidekapp Laura"}]},{"@type":"WebSite","@id":"https:\/\/beebipood.ee\/ru\/#website","url":"https:\/\/beebipood.ee\/ru\/","name":"Beebipood","description":"Lastekaubad, beebikaubad, m\u00e4nguasjad","publisher":{"@id":"https:\/\/beebipood.ee\/ru\/#organization"},"potentialAction":[{"@type":"SearchAction","target":{"@type":"EntryPoint","urlTemplate":"https:\/\/beebipood.ee\/ru\/?s={search_term_string}"},"query-input":{"@type":"PropertyValueSpecification","valueRequired":true,"valueName":"search_term_string"}}],"inLanguage":"ru-RU"},{"@type":"Organization","@id":"https:\/\/beebipood.ee\/ru\/#organization","name":"Beebipood","url":"https:\/\/beebipood.ee\/ru\/","logo":{"@type":"ImageObject","inLanguage":"ru-RU","@id":"https:\/\/beebipood.ee\/ru\/#\/schema\/logo\/image\/","url":"https:\/\/beebipood.ee\/wp-content\/uploads\/2025\/03\/beebipood.ee-logo-1.svg","contentUrl":"https:\/\/beebipood.ee\/wp-content\/uploads\/2025\/03\/beebipood.ee-logo-1.svg","caption":"Beebipood"},"image":{"@id":"https:\/\/beebipood.ee\/ru\/#\/schema\/logo\/image\/"}}]}},"brands":[{"id":11946,"name":"Klups","slug":"klups-ru"}],"_links":{"self":[{"href":"https:\/\/beebipood.ee\/ru\/wp-json\/wp\/v2\/product\/458573","targetHints":{"allow":["GET"]}}],"collection":[{"href":"https:\/\/beebipood.ee\/ru\/wp-json\/wp\/v2\/product"}],"about":[{"href":"https:\/\/beebipood.ee\/ru\/wp-json\/wp\/v2\/types\/product"}],"wp:featuredmedia":[{"embeddable":true,"href":"https:\/\/beebipood.ee\/ru\/wp-json\/wp\/v2\/media\/505050"}],"wp:attachment":[{"href":"https:\/\/beebipood.ee\/ru\/wp-json\/wp\/v2\/media?parent=458573"}],"wp:term":[{"taxonomy":"pwb-brand","embeddable":true,"href":"https:\/\/beebipood.ee\/ru\/wp-json\/wp\/v2\/pwb-brand?post=458573"},{"taxonomy":"product_brand","embeddable":true,"href":"https:\/\/beebipood.ee\/ru\/wp-json\/wp\/v2\/product_brand?post=458573"},{"taxonomy":"product_cat","embeddable":true,"href":"https:\/\/beebipood.ee\/ru\/wp-json\/wp\/v2\/product_cat?post=458573"},{"taxonomy":"product_tag","embeddable":true,"href":"https:\/\/beebipood.ee\/ru\/wp-json\/wp\/v2\/product_tag?post=458573"}],"curies":[{"name":"wp","href":"https:\/\/api.w.org\/{rel}","templated":true}]}}