{"id":458579,"date":"2019-04-05T06:41:02","date_gmt":"2019-04-05T03:41:02","guid":{"rendered":"https:\/\/beebipood.ee\/toode\/kummut-blanka\/"},"modified":"2025-01-09T10:48:55","modified_gmt":"2025-01-09T08:48:55","slug":"kummut-blanka","status":"publish","type":"product","link":"https:\/\/beebipood.ee\/ru\/produkt\/kummut-blanka\/","title":{"rendered":"Kummut Blanka"},"content":{"rendered":"<p><span>* kummut on valmistatud MDF&#8217;st ja m\u00f6\u00f6bliplaadist<\/span><br \/><span>* viimistlus: valge<br \/><\/span>* metallist jalad<br \/><span>* ruumikas ja v\u00e4ga funktsionaalne kummut\u00a0<\/span><br \/><span>* kolm sahtlit<\/span><br \/><span>* sahtlid on metallsiinidel\u00a0<\/span><br \/><span>*\u00a0valmistamisel kasutatud antiallergilisei materjale<\/span><br \/><span>* toodetud EL&#8217;s<\/span><br \/><span>* toode vastab k\u00f5ikidele EN turvastandarditele<\/span><br \/><span><br \/><\/span><\/p>\n","protected":false},"excerpt":{"rendered":"<p>* kummut on valmistatud MDF&#8217;st ja m\u00f6\u00f6bliplaadist* viimistlus: valge* metallist jalad* ruumikas ja v\u00e4ga funktsionaalne kummut\u00a0* kolm sahtlit* sahtlid on metallsiinidel\u00a0*\u00a0valmistamisel kasutatud antiallergilisei materjale* toodetud EL&#8217;s* toode vastab k\u00f5ikidele EN turvastandarditele<\/p>\n","protected":false},"featured_media":128836,"template":"","meta":{"_acf_changed":false},"pwb-brand":[11946],"product_brand":[],"product_cat":[11627,11623,11789],"product_tag":[],"class_list":{"0":"post-458579","1":"product","2":"type-product","3":"status-publish","4":"has-post-thumbnail","6":"pwb-brand-klups-ru","7":"product_cat-kummutid-ru","8":"product_cat-kummutid-kastid-ru","9":"product_cat-lastemoobel-ja-sisustus-ru","10":"pa_manufacturer-klups-ru","12":"first","13":"onbackorder","14":"sale","15":"taxable","16":"shipping-taxable","17":"purchasable","18":"product-type-simple"},"exclude_global_add_ons":[],"addons":[],"acf":[],"yoast_head":"<!-- This site is optimized with the Yoast SEO plugin v27.1.1 - https:\/\/yoast.com\/product\/yoast-seo-wordpress\/ -->\n<title>Kummut Blanka, K\u043e\u043c\u043e\u0434\u044b, \u044f\u0449\u0438\u043a\u0438, K\u043e\u043c\u043e\u0434\u044b, M\u0435\u0431\u0435\u043b\u044c, Beebipood<\/title>\n<meta name=\"description\" content=\"Kummut Blanka, * kummut on valmistatud MDF&#039;st ja m&ouml;&ouml;bliplaadist* viimistlus: valge* metallist jalad&lt;spa\" \/>\n<meta name=\"robots\" content=\"index, follow, max-snippet:-1, max-image-preview:large, max-video-preview:-1\" \/>\n<link rel=\"canonical\" href=\"https:\/\/beebipood.ee\/ru\/produkt\/kummut-blanka\/\" \/>\n<meta property=\"og:locale\" content=\"ru_RU\" \/>\n<meta property=\"og:type\" content=\"article\" \/>\n<meta property=\"og:title\" content=\"Kummut Blanka, K\u043e\u043c\u043e\u0434\u044b, \u044f\u0449\u0438\u043a\u0438, K\u043e\u043c\u043e\u0434\u044b, M\u0435\u0431\u0435\u043b\u044c, Beebipood\" \/>\n<meta property=\"og:description\" content=\"Kummut Blanka, * kummut on valmistatud MDF&#039;st ja m&ouml;&ouml;bliplaadist* viimistlus: valge* metallist jalad&lt;spa\" \/>\n<meta property=\"og:url\" content=\"https:\/\/beebipood.ee\/ru\/produkt\/kummut-blanka\/\" \/>\n<meta property=\"og:site_name\" content=\"Beebipood\" \/>\n<meta property=\"article:modified_time\" content=\"2025-01-09T08:48:55+00:00\" \/>\n<meta property=\"og:image\" content=\"https:\/\/beebipood.ee\/wp-content\/uploads\/2019\/04\/Kummut-Blanka-UUED-TOOTED-Kummutid-kastid-Kummutid-Lastemoobel-ja-sisustus_1-9cd.jpg\" \/>\n\t<meta property=\"og:image:width\" content=\"1000\" \/>\n\t<meta property=\"og:image:height\" content=\"1000\" \/>\n\t<meta property=\"og:image:type\" content=\"image\/jpeg\" \/>\n<meta name=\"twitter:card\" content=\"summary_large_image\" \/>\n<script type=\"application\/ld+json\" class=\"yoast-schema-graph\">{\"@context\":\"https:\/\/schema.org\",\"@graph\":[{\"@type\":\"WebPage\",\"@id\":\"https:\/\/beebipood.ee\/ru\/produkt\/kummut-blanka\/\",\"url\":\"https:\/\/beebipood.ee\/ru\/produkt\/kummut-blanka\/\",\"name\":\"Kummut Blanka, K\u043e\u043c\u043e\u0434\u044b, \u044f\u0449\u0438\u043a\u0438, K\u043e\u043c\u043e\u0434\u044b, M\u0435\u0431\u0435\u043b\u044c, Beebipood\",\"isPartOf\":{\"@id\":\"https:\/\/beebipood.ee\/ru\/#website\"},\"primaryImageOfPage\":{\"@id\":\"https:\/\/beebipood.ee\/ru\/produkt\/kummut-blanka\/#primaryimage\"},\"image\":{\"@id\":\"https:\/\/beebipood.ee\/ru\/produkt\/kummut-blanka\/#primaryimage\"},\"thumbnailUrl\":\"https:\/\/beebipood.ee\/wp-content\/uploads\/2019\/04\/Kummut-Blanka-UUED-TOOTED-Kummutid-kastid-Kummutid-Lastemoobel-ja-sisustus_1-9cd.jpg\",\"datePublished\":\"2019-04-05T03:41:02+00:00\",\"dateModified\":\"2025-01-09T08:48:55+00:00\",\"description\":\"Kummut Blanka, * kummut on valmistatud MDF'st ja m&ouml;&ouml;bliplaadist* viimistlus: valge* metallist jalad&lt;spa\",\"breadcrumb\":{\"@id\":\"https:\/\/beebipood.ee\/ru\/produkt\/kummut-blanka\/#breadcrumb\"},\"inLanguage\":\"ru-RU\",\"potentialAction\":[{\"@type\":\"ReadAction\",\"target\":[\"https:\/\/beebipood.ee\/ru\/produkt\/kummut-blanka\/\"]}]},{\"@type\":\"ImageObject\",\"inLanguage\":\"ru-RU\",\"@id\":\"https:\/\/beebipood.ee\/ru\/produkt\/kummut-blanka\/#primaryimage\",\"url\":\"https:\/\/beebipood.ee\/wp-content\/uploads\/2019\/04\/Kummut-Blanka-UUED-TOOTED-Kummutid-kastid-Kummutid-Lastemoobel-ja-sisustus_1-9cd.jpg\",\"contentUrl\":\"https:\/\/beebipood.ee\/wp-content\/uploads\/2019\/04\/Kummut-Blanka-UUED-TOOTED-Kummutid-kastid-Kummutid-Lastemoobel-ja-sisustus_1-9cd.jpg\",\"width\":1000,\"height\":1000},{\"@type\":\"BreadcrumbList\",\"@id\":\"https:\/\/beebipood.ee\/ru\/produkt\/kummut-blanka\/#breadcrumb\",\"itemListElement\":[{\"@type\":\"ListItem\",\"position\":1,\"name\":\"Home\",\"item\":\"https:\/\/beebipood.ee\/ru\/\"},{\"@type\":\"ListItem\",\"position\":2,\"name\":\"\u041a\u0430\u0442\u0430\u043b\u043e\u0433 \u0442\u043e\u0432\u0430\u0440\u043e\u0432\",\"item\":\"https:\/\/beebipood.ee\/tooted\/\"},{\"@type\":\"ListItem\",\"position\":3,\"name\":\"Kummut Blanka\"}]},{\"@type\":\"WebSite\",\"@id\":\"https:\/\/beebipood.ee\/ru\/#website\",\"url\":\"https:\/\/beebipood.ee\/ru\/\",\"name\":\"Beebipood\",\"description\":\"Lastekaubad, beebikaubad, m\u00e4nguasjad\",\"publisher\":{\"@id\":\"https:\/\/beebipood.ee\/ru\/#organization\"},\"potentialAction\":[{\"@type\":\"SearchAction\",\"target\":{\"@type\":\"EntryPoint\",\"urlTemplate\":\"https:\/\/beebipood.ee\/ru\/?s={search_term_string}\"},\"query-input\":{\"@type\":\"PropertyValueSpecification\",\"valueRequired\":true,\"valueName\":\"search_term_string\"}}],\"inLanguage\":\"ru-RU\"},{\"@type\":\"Organization\",\"@id\":\"https:\/\/beebipood.ee\/ru\/#organization\",\"name\":\"Beebipood\",\"url\":\"https:\/\/beebipood.ee\/ru\/\",\"logo\":{\"@type\":\"ImageObject\",\"inLanguage\":\"ru-RU\",\"@id\":\"https:\/\/beebipood.ee\/ru\/#\/schema\/logo\/image\/\",\"url\":\"https:\/\/beebipood.ee\/wp-content\/uploads\/2025\/03\/beebipood.ee-logo-1.svg\",\"contentUrl\":\"https:\/\/beebipood.ee\/wp-content\/uploads\/2025\/03\/beebipood.ee-logo-1.svg\",\"caption\":\"Beebipood\"},\"image\":{\"@id\":\"https:\/\/beebipood.ee\/ru\/#\/schema\/logo\/image\/\"}}]}<\/script>\n<!-- \/ Yoast SEO plugin. -->","yoast_head_json":{"title":"Kummut Blanka, K\u043e\u043c\u043e\u0434\u044b, \u044f\u0449\u0438\u043a\u0438, K\u043e\u043c\u043e\u0434\u044b, M\u0435\u0431\u0435\u043b\u044c, Beebipood","description":"Kummut Blanka, * kummut on valmistatud MDF'st ja m&ouml;&ouml;bliplaadist* viimistlus: valge* metallist jalad&lt;spa","robots":{"index":"index","follow":"follow","max-snippet":"max-snippet:-1","max-image-preview":"max-image-preview:large","max-video-preview":"max-video-preview:-1"},"canonical":"https:\/\/beebipood.ee\/ru\/produkt\/kummut-blanka\/","og_locale":"ru_RU","og_type":"article","og_title":"Kummut Blanka, K\u043e\u043c\u043e\u0434\u044b, \u044f\u0449\u0438\u043a\u0438, K\u043e\u043c\u043e\u0434\u044b, M\u0435\u0431\u0435\u043b\u044c, Beebipood","og_description":"Kummut Blanka, * kummut on valmistatud MDF'st ja m&ouml;&ouml;bliplaadist* viimistlus: valge* metallist jalad&lt;spa","og_url":"https:\/\/beebipood.ee\/ru\/produkt\/kummut-blanka\/","og_site_name":"Beebipood","article_modified_time":"2025-01-09T08:48:55+00:00","og_image":[{"width":1000,"height":1000,"url":"https:\/\/beebipood.ee\/wp-content\/uploads\/2019\/04\/Kummut-Blanka-UUED-TOOTED-Kummutid-kastid-Kummutid-Lastemoobel-ja-sisustus_1-9cd.jpg","type":"image\/jpeg"}],"twitter_card":"summary_large_image","schema":{"@context":"https:\/\/schema.org","@graph":[{"@type":"WebPage","@id":"https:\/\/beebipood.ee\/ru\/produkt\/kummut-blanka\/","url":"https:\/\/beebipood.ee\/ru\/produkt\/kummut-blanka\/","name":"Kummut Blanka, K\u043e\u043c\u043e\u0434\u044b, \u044f\u0449\u0438\u043a\u0438, K\u043e\u043c\u043e\u0434\u044b, M\u0435\u0431\u0435\u043b\u044c, Beebipood","isPartOf":{"@id":"https:\/\/beebipood.ee\/ru\/#website"},"primaryImageOfPage":{"@id":"https:\/\/beebipood.ee\/ru\/produkt\/kummut-blanka\/#primaryimage"},"image":{"@id":"https:\/\/beebipood.ee\/ru\/produkt\/kummut-blanka\/#primaryimage"},"thumbnailUrl":"https:\/\/beebipood.ee\/wp-content\/uploads\/2019\/04\/Kummut-Blanka-UUED-TOOTED-Kummutid-kastid-Kummutid-Lastemoobel-ja-sisustus_1-9cd.jpg","datePublished":"2019-04-05T03:41:02+00:00","dateModified":"2025-01-09T08:48:55+00:00","description":"Kummut Blanka, * kummut on valmistatud MDF'st ja m&ouml;&ouml;bliplaadist* viimistlus: valge* metallist jalad&lt;spa","breadcrumb":{"@id":"https:\/\/beebipood.ee\/ru\/produkt\/kummut-blanka\/#breadcrumb"},"inLanguage":"ru-RU","potentialAction":[{"@type":"ReadAction","target":["https:\/\/beebipood.ee\/ru\/produkt\/kummut-blanka\/"]}]},{"@type":"ImageObject","inLanguage":"ru-RU","@id":"https:\/\/beebipood.ee\/ru\/produkt\/kummut-blanka\/#primaryimage","url":"https:\/\/beebipood.ee\/wp-content\/uploads\/2019\/04\/Kummut-Blanka-UUED-TOOTED-Kummutid-kastid-Kummutid-Lastemoobel-ja-sisustus_1-9cd.jpg","contentUrl":"https:\/\/beebipood.ee\/wp-content\/uploads\/2019\/04\/Kummut-Blanka-UUED-TOOTED-Kummutid-kastid-Kummutid-Lastemoobel-ja-sisustus_1-9cd.jpg","width":1000,"height":1000},{"@type":"BreadcrumbList","@id":"https:\/\/beebipood.ee\/ru\/produkt\/kummut-blanka\/#breadcrumb","itemListElement":[{"@type":"ListItem","position":1,"name":"Home","item":"https:\/\/beebipood.ee\/ru\/"},{"@type":"ListItem","position":2,"name":"\u041a\u0430\u0442\u0430\u043b\u043e\u0433 \u0442\u043e\u0432\u0430\u0440\u043e\u0432","item":"https:\/\/beebipood.ee\/tooted\/"},{"@type":"ListItem","position":3,"name":"Kummut Blanka"}]},{"@type":"WebSite","@id":"https:\/\/beebipood.ee\/ru\/#website","url":"https:\/\/beebipood.ee\/ru\/","name":"Beebipood","description":"Lastekaubad, beebikaubad, m\u00e4nguasjad","publisher":{"@id":"https:\/\/beebipood.ee\/ru\/#organization"},"potentialAction":[{"@type":"SearchAction","target":{"@type":"EntryPoint","urlTemplate":"https:\/\/beebipood.ee\/ru\/?s={search_term_string}"},"query-input":{"@type":"PropertyValueSpecification","valueRequired":true,"valueName":"search_term_string"}}],"inLanguage":"ru-RU"},{"@type":"Organization","@id":"https:\/\/beebipood.ee\/ru\/#organization","name":"Beebipood","url":"https:\/\/beebipood.ee\/ru\/","logo":{"@type":"ImageObject","inLanguage":"ru-RU","@id":"https:\/\/beebipood.ee\/ru\/#\/schema\/logo\/image\/","url":"https:\/\/beebipood.ee\/wp-content\/uploads\/2025\/03\/beebipood.ee-logo-1.svg","contentUrl":"https:\/\/beebipood.ee\/wp-content\/uploads\/2025\/03\/beebipood.ee-logo-1.svg","caption":"Beebipood"},"image":{"@id":"https:\/\/beebipood.ee\/ru\/#\/schema\/logo\/image\/"}}]}},"brands":[{"id":11946,"name":"Klups","slug":"klups-ru"}],"_links":{"self":[{"href":"https:\/\/beebipood.ee\/ru\/wp-json\/wp\/v2\/product\/458579","targetHints":{"allow":["GET"]}}],"collection":[{"href":"https:\/\/beebipood.ee\/ru\/wp-json\/wp\/v2\/product"}],"about":[{"href":"https:\/\/beebipood.ee\/ru\/wp-json\/wp\/v2\/types\/product"}],"wp:featuredmedia":[{"embeddable":true,"href":"https:\/\/beebipood.ee\/ru\/wp-json\/wp\/v2\/media\/128836"}],"wp:attachment":[{"href":"https:\/\/beebipood.ee\/ru\/wp-json\/wp\/v2\/media?parent=458579"}],"wp:term":[{"taxonomy":"pwb-brand","embeddable":true,"href":"https:\/\/beebipood.ee\/ru\/wp-json\/wp\/v2\/pwb-brand?post=458579"},{"taxonomy":"product_brand","embeddable":true,"href":"https:\/\/beebipood.ee\/ru\/wp-json\/wp\/v2\/product_brand?post=458579"},{"taxonomy":"product_cat","embeddable":true,"href":"https:\/\/beebipood.ee\/ru\/wp-json\/wp\/v2\/product_cat?post=458579"},{"taxonomy":"product_tag","embeddable":true,"href":"https:\/\/beebipood.ee\/ru\/wp-json\/wp\/v2\/product_tag?post=458579"}],"curies":[{"name":"wp","href":"https:\/\/api.w.org\/{rel}","templated":true}]}}