{"id":458607,"date":"2025-07-15T09:45:45","date_gmt":"2025-07-15T06:45:45","guid":{"rendered":"https:\/\/beebipood.ee\/toode\/maxi-cosi-pebble-360-turvahall-familyfix-360-pro-alus-twillic-truffle\/"},"modified":"2025-07-15T20:22:32","modified_gmt":"2025-07-15T17:22:32","slug":"maxi-cosi-hop-on-istmega-seisulaud","status":"publish","type":"product","link":"https:\/\/beebipood.ee\/ru\/produkt\/maxi-cosi-hop-on-istmega-seisulaud\/","title":{"rendered":"Maxi-Cosi Hop On istmega seisulaud"},"content":{"rendered":"<p>Maxi-Cosi Hop\u2011on Board seisulaud on ideaalne kaaslane vanemale lapsele,<br \/>\nkes soovib s\u00f5idu ajal jalgu puhata v\u00f5i p\u00f5nevust kogeda.<br \/>\nSee 2\u2011\u00fches disainiga tasapind pakub v\u00f5imalust nii seista kui mugavalt istuda..<br \/>\nLihtne paigaldada ja kompaktselt kokkupandav,<br \/>\nsobib see enamiku Maxi\u2011Cosi ja muude br\u00e4ndide vankritega.<br \/>\n\u2022 2\u2011\u00fches lahendus \u2013 stabiilne lauapind ja eemaldatav iste<br \/>\n\u2022 Lihtne t\u00f6\u00f6riistavaba paigaldus ja kokkupandav disain<br \/>\n\u2022 Vastupidav konstruktsioon, mis kannatab kuni 22\u202fkg kaaluvat last<br \/>\n<strong>Miks valida see toode?<\/strong><br \/>\n\u2022 Mahutab korraga nii vanema kui noorema lapse \u2013 \u201croom for two\u201d funktsioon<br \/>\n\u2022 Pakub kahte kasutusviisi: p\u00fcstiseismiseks ja istumiseks (lapse valikus)<br \/>\n\u2022 Kokkupandav ning varustatud riputusrihmaga mugavaks hoiustamiseks<br \/>\n\u2022 Sobib enamikule Maxi\u2011Cosi jalutusk\u00e4rudele \u2013 kohandatav k\u00f5rguse, pikkuse ja laiusega<br \/>\n<strong>M\u00f5eldud mugavuseks<\/strong><br \/>\n\u2022 Eemaldatav iste turvaliseks istumiseks<br \/>\n\u2022 Libisemiskindel tasapind \u2013 kindel jalgealune lapsele<br \/>\n\u2022 Kompaktne kokkupandav disain \u2013 riputusrihmaga, nutikas hoiustamiseks<br \/>\n\u2022 Kiire paigaldamine ja eemaldamine kiireteks jalutusk\u00e4ikudeks<br \/>\n<strong>Komplektis<\/strong><br \/>\n\u2022 Maxi\u2011Cosi Hop\u2011on Board (tahvel ja iste)<br \/>\n\u2022 Kiirkinnitused vankrile<br \/>\n\u2022 Riputusrihm hoiustamiseks<\/p>\n","protected":false},"excerpt":{"rendered":"<p>Maxi-Cosi Hop\u2011on Board seisulaud on ideaalne kaaslane vanemale lapsele, kes soovib s\u00f5idu ajal jalgu puhata v\u00f5i p\u00f5nevust kogeda. See 2\u2011\u00fches disainiga tasapind pakub v\u00f5imalust nii seista kui mugavalt istuda.. Lihtne paigaldada ja kompaktselt kokkupandav, sobib see enamiku Maxi\u2011Cosi ja muude br\u00e4ndide vankritega. \u2022 2\u2011\u00fches lahendus \u2013 stabiilne lauapind ja eemaldatav iste \u2022 Lihtne t\u00f6\u00f6riistavaba paigaldus [&hellip;]<\/p>\n","protected":false},"featured_media":505688,"template":"","meta":{"_acf_changed":false},"pwb-brand":[11961],"product_brand":[],"product_cat":[11725,11717],"product_tag":[],"class_list":{"0":"post-458607","1":"product","2":"type-product","3":"status-publish","4":"has-post-thumbnail","6":"pwb-brand-maxi-cosi-ru","7":"product_cat-lisatarvikud-ru","8":"product_cat-lastevankrid-ja-karud-ru","10":"first","11":"onbackorder","12":"taxable","13":"shipping-taxable","14":"purchasable","15":"product-type-simple"},"exclude_global_add_ons":[],"addons":[],"acf":[],"yoast_head":"<!-- This site is optimized with the Yoast SEO plugin v27.1.1 - https:\/\/yoast.com\/product\/yoast-seo-wordpress\/ -->\n<title>Maxi-Cosi Pebble 360 turvah\u00e4ll + FamilyFix 360 Pro alus, Twillic Truffle, \u0421\u041a\u0418\u0414\u041a\u0418, \u0410\u0432\u0442\u043e\u043a\u0440\u0435\u0441\u043b\u0430, \u043b\u044e\u043b\u044c\u043a\u0438, \u0410\u0432\u0442\u043e\u043b\u044e\u043b\u044c\u043a\u0430, \u0421\u043d\u0430\u0440\u044f\u0436\u0435\u043d\u0438\u044f \u0431\u0435\u0437\u043e\u043f\u0430\u0441\u043d\u043e\u0441\u0442\u0438, Beebipood<\/title>\n<meta name=\"description\" content=\"Maxi-Cosi Pebble 360 turvah\u00e4ll + FamilyFix 360 Pro alus, Twillic Truffle, Maxi-Cosi turvah\u00e4lli ja aluse komplekt on p\u00f6\u00f6ratav ja revolut\" \/>\n<meta name=\"robots\" content=\"index, follow, max-snippet:-1, max-image-preview:large, max-video-preview:-1\" \/>\n<link rel=\"canonical\" href=\"https:\/\/beebipood.ee\/ru\/produkt\/maxi-cosi-hop-on-istmega-seisulaud\/\" \/>\n<meta property=\"og:locale\" content=\"ru_RU\" \/>\n<meta property=\"og:type\" content=\"article\" \/>\n<meta property=\"og:title\" content=\"Maxi-Cosi Pebble 360 turvah\u00e4ll + FamilyFix 360 Pro alus, Twillic Truffle, \u0421\u041a\u0418\u0414\u041a\u0418, \u0410\u0432\u0442\u043e\u043a\u0440\u0435\u0441\u043b\u0430, \u043b\u044e\u043b\u044c\u043a\u0438, \u0410\u0432\u0442\u043e\u043b\u044e\u043b\u044c\u043a\u0430, \u0421\u043d\u0430\u0440\u044f\u0436\u0435\u043d\u0438\u044f \u0431\u0435\u0437\u043e\u043f\u0430\u0441\u043d\u043e\u0441\u0442\u0438, Beebipood\" \/>\n<meta property=\"og:description\" content=\"Maxi-Cosi Pebble 360 turvah\u00e4ll + FamilyFix 360 Pro alus, Twillic Truffle, Maxi-Cosi turvah\u00e4lli ja aluse komplekt on p\u00f6\u00f6ratav ja revolut\" \/>\n<meta property=\"og:url\" content=\"https:\/\/beebipood.ee\/ru\/produkt\/maxi-cosi-hop-on-istmega-seisulaud\/\" \/>\n<meta property=\"og:site_name\" content=\"Beebipood\" \/>\n<meta property=\"article:modified_time\" content=\"2025-07-15T17:22:32+00:00\" \/>\n<meta property=\"og:image\" content=\"https:\/\/beebipood.ee\/wp-content\/uploads\/2019\/04\/maxi-cosi-hop-on-istmega-seisulaud.jpg\" \/>\n\t<meta property=\"og:image:width\" content=\"930\" \/>\n\t<meta property=\"og:image:height\" content=\"1050\" \/>\n\t<meta property=\"og:image:type\" content=\"image\/jpeg\" \/>\n<meta name=\"twitter:card\" content=\"summary_large_image\" \/>\n<meta name=\"twitter:label1\" content=\"\u041f\u0440\u0438\u043c\u0435\u0440\u043d\u043e\u0435 \u0432\u0440\u0435\u043c\u044f \u0434\u043b\u044f \u0447\u0442\u0435\u043d\u0438\u044f\" \/>\n\t<meta name=\"twitter:data1\" content=\"2 \u043c\u0438\u043d\u0443\u0442\u044b\" \/>\n<script type=\"application\/ld+json\" class=\"yoast-schema-graph\">{\"@context\":\"https:\/\/schema.org\",\"@graph\":[{\"@type\":\"WebPage\",\"@id\":\"https:\/\/beebipood.ee\/ru\/produkt\/maxi-cosi-hop-on-istmega-seisulaud\/\",\"url\":\"https:\/\/beebipood.ee\/ru\/produkt\/maxi-cosi-hop-on-istmega-seisulaud\/\",\"name\":\"Maxi-Cosi Pebble 360 turvah\u00e4ll + FamilyFix 360 Pro alus, Twillic Truffle, \u0421\u041a\u0418\u0414\u041a\u0418, \u0410\u0432\u0442\u043e\u043a\u0440\u0435\u0441\u043b\u0430, \u043b\u044e\u043b\u044c\u043a\u0438, \u0410\u0432\u0442\u043e\u043b\u044e\u043b\u044c\u043a\u0430, \u0421\u043d\u0430\u0440\u044f\u0436\u0435\u043d\u0438\u044f \u0431\u0435\u0437\u043e\u043f\u0430\u0441\u043d\u043e\u0441\u0442\u0438, Beebipood\",\"isPartOf\":{\"@id\":\"https:\/\/beebipood.ee\/ru\/#website\"},\"primaryImageOfPage\":{\"@id\":\"https:\/\/beebipood.ee\/ru\/produkt\/maxi-cosi-hop-on-istmega-seisulaud\/#primaryimage\"},\"image\":{\"@id\":\"https:\/\/beebipood.ee\/ru\/produkt\/maxi-cosi-hop-on-istmega-seisulaud\/#primaryimage\"},\"thumbnailUrl\":\"https:\/\/beebipood.ee\/wp-content\/uploads\/2019\/04\/maxi-cosi-hop-on-istmega-seisulaud.jpg\",\"datePublished\":\"2025-07-15T06:45:45+00:00\",\"dateModified\":\"2025-07-15T17:22:32+00:00\",\"description\":\"Maxi-Cosi Pebble 360 turvah\u00e4ll + FamilyFix 360 Pro alus, Twillic Truffle, Maxi-Cosi turvah\u00e4lli ja aluse komplekt on p\u00f6\u00f6ratav ja revolut\",\"breadcrumb\":{\"@id\":\"https:\/\/beebipood.ee\/ru\/produkt\/maxi-cosi-hop-on-istmega-seisulaud\/#breadcrumb\"},\"inLanguage\":\"ru-RU\",\"potentialAction\":[{\"@type\":\"ReadAction\",\"target\":[\"https:\/\/beebipood.ee\/ru\/produkt\/maxi-cosi-hop-on-istmega-seisulaud\/\"]}]},{\"@type\":\"ImageObject\",\"inLanguage\":\"ru-RU\",\"@id\":\"https:\/\/beebipood.ee\/ru\/produkt\/maxi-cosi-hop-on-istmega-seisulaud\/#primaryimage\",\"url\":\"https:\/\/beebipood.ee\/wp-content\/uploads\/2019\/04\/maxi-cosi-hop-on-istmega-seisulaud.jpg\",\"contentUrl\":\"https:\/\/beebipood.ee\/wp-content\/uploads\/2019\/04\/maxi-cosi-hop-on-istmega-seisulaud.jpg\",\"width\":930,\"height\":1050},{\"@type\":\"BreadcrumbList\",\"@id\":\"https:\/\/beebipood.ee\/ru\/produkt\/maxi-cosi-hop-on-istmega-seisulaud\/#breadcrumb\",\"itemListElement\":[{\"@type\":\"ListItem\",\"position\":1,\"name\":\"Home\",\"item\":\"https:\/\/beebipood.ee\/ru\/\"},{\"@type\":\"ListItem\",\"position\":2,\"name\":\"\u041a\u0430\u0442\u0430\u043b\u043e\u0433 \u0442\u043e\u0432\u0430\u0440\u043e\u0432\",\"item\":\"https:\/\/beebipood.ee\/tooted\/\"},{\"@type\":\"ListItem\",\"position\":3,\"name\":\"Maxi-Cosi Hop On istmega seisulaud\"}]},{\"@type\":\"WebSite\",\"@id\":\"https:\/\/beebipood.ee\/ru\/#website\",\"url\":\"https:\/\/beebipood.ee\/ru\/\",\"name\":\"Beebipood\",\"description\":\"Lastekaubad, beebikaubad, m\u00e4nguasjad\",\"publisher\":{\"@id\":\"https:\/\/beebipood.ee\/ru\/#organization\"},\"potentialAction\":[{\"@type\":\"SearchAction\",\"target\":{\"@type\":\"EntryPoint\",\"urlTemplate\":\"https:\/\/beebipood.ee\/ru\/?s={search_term_string}\"},\"query-input\":{\"@type\":\"PropertyValueSpecification\",\"valueRequired\":true,\"valueName\":\"search_term_string\"}}],\"inLanguage\":\"ru-RU\"},{\"@type\":\"Organization\",\"@id\":\"https:\/\/beebipood.ee\/ru\/#organization\",\"name\":\"Beebipood\",\"url\":\"https:\/\/beebipood.ee\/ru\/\",\"logo\":{\"@type\":\"ImageObject\",\"inLanguage\":\"ru-RU\",\"@id\":\"https:\/\/beebipood.ee\/ru\/#\/schema\/logo\/image\/\",\"url\":\"https:\/\/beebipood.ee\/wp-content\/uploads\/2025\/03\/beebipood.ee-logo-1.svg\",\"contentUrl\":\"https:\/\/beebipood.ee\/wp-content\/uploads\/2025\/03\/beebipood.ee-logo-1.svg\",\"caption\":\"Beebipood\"},\"image\":{\"@id\":\"https:\/\/beebipood.ee\/ru\/#\/schema\/logo\/image\/\"}}]}<\/script>\n<!-- \/ Yoast SEO plugin. -->","yoast_head_json":{"title":"Maxi-Cosi Pebble 360 turvah\u00e4ll + FamilyFix 360 Pro alus, Twillic Truffle, \u0421\u041a\u0418\u0414\u041a\u0418, \u0410\u0432\u0442\u043e\u043a\u0440\u0435\u0441\u043b\u0430, \u043b\u044e\u043b\u044c\u043a\u0438, \u0410\u0432\u0442\u043e\u043b\u044e\u043b\u044c\u043a\u0430, \u0421\u043d\u0430\u0440\u044f\u0436\u0435\u043d\u0438\u044f \u0431\u0435\u0437\u043e\u043f\u0430\u0441\u043d\u043e\u0441\u0442\u0438, Beebipood","description":"Maxi-Cosi Pebble 360 turvah\u00e4ll + FamilyFix 360 Pro alus, Twillic Truffle, Maxi-Cosi turvah\u00e4lli ja aluse komplekt on p\u00f6\u00f6ratav ja revolut","robots":{"index":"index","follow":"follow","max-snippet":"max-snippet:-1","max-image-preview":"max-image-preview:large","max-video-preview":"max-video-preview:-1"},"canonical":"https:\/\/beebipood.ee\/ru\/produkt\/maxi-cosi-hop-on-istmega-seisulaud\/","og_locale":"ru_RU","og_type":"article","og_title":"Maxi-Cosi Pebble 360 turvah\u00e4ll + FamilyFix 360 Pro alus, Twillic Truffle, \u0421\u041a\u0418\u0414\u041a\u0418, \u0410\u0432\u0442\u043e\u043a\u0440\u0435\u0441\u043b\u0430, \u043b\u044e\u043b\u044c\u043a\u0438, \u0410\u0432\u0442\u043e\u043b\u044e\u043b\u044c\u043a\u0430, \u0421\u043d\u0430\u0440\u044f\u0436\u0435\u043d\u0438\u044f \u0431\u0435\u0437\u043e\u043f\u0430\u0441\u043d\u043e\u0441\u0442\u0438, Beebipood","og_description":"Maxi-Cosi Pebble 360 turvah\u00e4ll + FamilyFix 360 Pro alus, Twillic Truffle, Maxi-Cosi turvah\u00e4lli ja aluse komplekt on p\u00f6\u00f6ratav ja revolut","og_url":"https:\/\/beebipood.ee\/ru\/produkt\/maxi-cosi-hop-on-istmega-seisulaud\/","og_site_name":"Beebipood","article_modified_time":"2025-07-15T17:22:32+00:00","og_image":[{"width":930,"height":1050,"url":"https:\/\/beebipood.ee\/wp-content\/uploads\/2019\/04\/maxi-cosi-hop-on-istmega-seisulaud.jpg","type":"image\/jpeg"}],"twitter_card":"summary_large_image","twitter_misc":{"\u041f\u0440\u0438\u043c\u0435\u0440\u043d\u043e\u0435 \u0432\u0440\u0435\u043c\u044f \u0434\u043b\u044f \u0447\u0442\u0435\u043d\u0438\u044f":"2 \u043c\u0438\u043d\u0443\u0442\u044b"},"schema":{"@context":"https:\/\/schema.org","@graph":[{"@type":"WebPage","@id":"https:\/\/beebipood.ee\/ru\/produkt\/maxi-cosi-hop-on-istmega-seisulaud\/","url":"https:\/\/beebipood.ee\/ru\/produkt\/maxi-cosi-hop-on-istmega-seisulaud\/","name":"Maxi-Cosi Pebble 360 turvah\u00e4ll + FamilyFix 360 Pro alus, Twillic Truffle, \u0421\u041a\u0418\u0414\u041a\u0418, \u0410\u0432\u0442\u043e\u043a\u0440\u0435\u0441\u043b\u0430, \u043b\u044e\u043b\u044c\u043a\u0438, \u0410\u0432\u0442\u043e\u043b\u044e\u043b\u044c\u043a\u0430, \u0421\u043d\u0430\u0440\u044f\u0436\u0435\u043d\u0438\u044f \u0431\u0435\u0437\u043e\u043f\u0430\u0441\u043d\u043e\u0441\u0442\u0438, Beebipood","isPartOf":{"@id":"https:\/\/beebipood.ee\/ru\/#website"},"primaryImageOfPage":{"@id":"https:\/\/beebipood.ee\/ru\/produkt\/maxi-cosi-hop-on-istmega-seisulaud\/#primaryimage"},"image":{"@id":"https:\/\/beebipood.ee\/ru\/produkt\/maxi-cosi-hop-on-istmega-seisulaud\/#primaryimage"},"thumbnailUrl":"https:\/\/beebipood.ee\/wp-content\/uploads\/2019\/04\/maxi-cosi-hop-on-istmega-seisulaud.jpg","datePublished":"2025-07-15T06:45:45+00:00","dateModified":"2025-07-15T17:22:32+00:00","description":"Maxi-Cosi Pebble 360 turvah\u00e4ll + FamilyFix 360 Pro alus, Twillic Truffle, Maxi-Cosi turvah\u00e4lli ja aluse komplekt on p\u00f6\u00f6ratav ja revolut","breadcrumb":{"@id":"https:\/\/beebipood.ee\/ru\/produkt\/maxi-cosi-hop-on-istmega-seisulaud\/#breadcrumb"},"inLanguage":"ru-RU","potentialAction":[{"@type":"ReadAction","target":["https:\/\/beebipood.ee\/ru\/produkt\/maxi-cosi-hop-on-istmega-seisulaud\/"]}]},{"@type":"ImageObject","inLanguage":"ru-RU","@id":"https:\/\/beebipood.ee\/ru\/produkt\/maxi-cosi-hop-on-istmega-seisulaud\/#primaryimage","url":"https:\/\/beebipood.ee\/wp-content\/uploads\/2019\/04\/maxi-cosi-hop-on-istmega-seisulaud.jpg","contentUrl":"https:\/\/beebipood.ee\/wp-content\/uploads\/2019\/04\/maxi-cosi-hop-on-istmega-seisulaud.jpg","width":930,"height":1050},{"@type":"BreadcrumbList","@id":"https:\/\/beebipood.ee\/ru\/produkt\/maxi-cosi-hop-on-istmega-seisulaud\/#breadcrumb","itemListElement":[{"@type":"ListItem","position":1,"name":"Home","item":"https:\/\/beebipood.ee\/ru\/"},{"@type":"ListItem","position":2,"name":"\u041a\u0430\u0442\u0430\u043b\u043e\u0433 \u0442\u043e\u0432\u0430\u0440\u043e\u0432","item":"https:\/\/beebipood.ee\/tooted\/"},{"@type":"ListItem","position":3,"name":"Maxi-Cosi Hop On istmega seisulaud"}]},{"@type":"WebSite","@id":"https:\/\/beebipood.ee\/ru\/#website","url":"https:\/\/beebipood.ee\/ru\/","name":"Beebipood","description":"Lastekaubad, beebikaubad, m\u00e4nguasjad","publisher":{"@id":"https:\/\/beebipood.ee\/ru\/#organization"},"potentialAction":[{"@type":"SearchAction","target":{"@type":"EntryPoint","urlTemplate":"https:\/\/beebipood.ee\/ru\/?s={search_term_string}"},"query-input":{"@type":"PropertyValueSpecification","valueRequired":true,"valueName":"search_term_string"}}],"inLanguage":"ru-RU"},{"@type":"Organization","@id":"https:\/\/beebipood.ee\/ru\/#organization","name":"Beebipood","url":"https:\/\/beebipood.ee\/ru\/","logo":{"@type":"ImageObject","inLanguage":"ru-RU","@id":"https:\/\/beebipood.ee\/ru\/#\/schema\/logo\/image\/","url":"https:\/\/beebipood.ee\/wp-content\/uploads\/2025\/03\/beebipood.ee-logo-1.svg","contentUrl":"https:\/\/beebipood.ee\/wp-content\/uploads\/2025\/03\/beebipood.ee-logo-1.svg","caption":"Beebipood"},"image":{"@id":"https:\/\/beebipood.ee\/ru\/#\/schema\/logo\/image\/"}}]}},"brands":[{"id":11961,"name":"Maxi-Cosi","slug":"maxi-cosi-ru"}],"_links":{"self":[{"href":"https:\/\/beebipood.ee\/ru\/wp-json\/wp\/v2\/product\/458607","targetHints":{"allow":["GET"]}}],"collection":[{"href":"https:\/\/beebipood.ee\/ru\/wp-json\/wp\/v2\/product"}],"about":[{"href":"https:\/\/beebipood.ee\/ru\/wp-json\/wp\/v2\/types\/product"}],"wp:featuredmedia":[{"embeddable":true,"href":"https:\/\/beebipood.ee\/ru\/wp-json\/wp\/v2\/media\/505688"}],"wp:attachment":[{"href":"https:\/\/beebipood.ee\/ru\/wp-json\/wp\/v2\/media?parent=458607"}],"wp:term":[{"taxonomy":"pwb-brand","embeddable":true,"href":"https:\/\/beebipood.ee\/ru\/wp-json\/wp\/v2\/pwb-brand?post=458607"},{"taxonomy":"product_brand","embeddable":true,"href":"https:\/\/beebipood.ee\/ru\/wp-json\/wp\/v2\/product_brand?post=458607"},{"taxonomy":"product_cat","embeddable":true,"href":"https:\/\/beebipood.ee\/ru\/wp-json\/wp\/v2\/product_cat?post=458607"},{"taxonomy":"product_tag","embeddable":true,"href":"https:\/\/beebipood.ee\/ru\/wp-json\/wp\/v2\/product_tag?post=458607"}],"curies":[{"name":"wp","href":"https:\/\/api.w.org\/{rel}","templated":true}]}}