{"id":458609,"date":"2019-04-16T07:48:10","date_gmt":"2019-04-16T04:48:10","guid":{"rendered":"https:\/\/beebipood.ee\/toode\/majavoodi-pino-house-70x160\/"},"modified":"2025-01-09T10:48:53","modified_gmt":"2025-01-09T08:48:53","slug":"majavoodi-pino-house-70x160","status":"publish","type":"product","link":"https:\/\/beebipood.ee\/ru\/produkt\/majavoodi-pino-house-70x160\/","title":{"rendered":"Majavoodi Pino House 70&#215;160"},"content":{"rendered":"<p>*Majavoodi koos korstnaga<br \/>*Majavoodi sobib nii poiste kui t\u00fcdrukute tuppa<br \/>*Valmistatud liimitud m\u00e4nnipuidust, mis tagab voodile k\u00f5rge kvaliteedi<br \/>*Monteerimise juures kasutatakse Saksa firma H\u00e4fele furnituure <br \/>*Voodil on kaks madratsi k\u00f5rgust &#8212; m\u00f5lemad valikud on alati standardis olemas<br \/>*Voodip\u00f5hi on komplektis<br \/>*V\u00f5imalik kohandada voodi k\u00f5rgust vastavalt lapse vajadustele.<br \/>*Kui voodi on paigaldatud k\u00f5rgemale tasemele, on voodi alla v\u00f5imalik lisada sahtel, <br \/>\u00a0 mida saab kasutada voodikastina v\u00f5i s\u00f5bra lisavoodina. <br \/>*Sahtlisse on v\u00f5imalik panna ka madrats<br \/>*Madrats ei kuulu komplekti<br \/>*Voodisse sobib madrats m\u00f5\u00f5duga 70x160cm\u00a0<br \/><span>*Maja voodile on v\u00f5imalik<span style=\"text-decoration: underline;\">\u00a0<\/span><\/span><span style=\"text-decoration: underline;\">juurde osta<\/span><span>\u00a0turvapiirded (ei ole kompletis)<\/span><br \/><span>*Piirdeid on saadaval paari kaupa (<\/span><span>m\u00f5\u00f5dud:\u00a0<\/span><span>pikkus 58,6 cm ja k\u00f5rgus 25)<\/span><br \/>*Turvapiirdeid saab vabalt konfigureerida, kokku panna, lahti v\u00f5tta jne&#8230;<br \/>*S\u00f5ltuvalt vajadusest saab \u00fchte voodisse paigaldada kuni 6 piirdeosa<br \/>*Turvapiirdeid on erineva disaini ja v\u00e4rvitooniga<br \/>*Majavoodi on saadaval ainult lakitud kujul<br \/>*<span style=\"text-decoration: underline;\">M\u00f5\u00f5dud:<\/span> Pikkus \/ Laius \/ K\u00f5rgus cm: 166\/77\/141<\/p>\n","protected":false},"excerpt":{"rendered":"<p>*Majavoodi koos korstnaga*Majavoodi sobib nii poiste kui t\u00fcdrukute tuppa*Valmistatud liimitud m\u00e4nnipuidust, mis tagab voodile k\u00f5rge kvaliteedi*Monteerimise juures kasutatakse Saksa firma H\u00e4fele furnituure *Voodil on kaks madratsi k\u00f5rgust &#8212; m\u00f5lemad valikud on alati standardis olemas*Voodip\u00f5hi on komplektis*V\u00f5imalik kohandada voodi k\u00f5rgust vastavalt lapse vajadustele.*Kui voodi on paigaldatud k\u00f5rgemale tasemele, on voodi alla v\u00f5imalik lisada sahtel, \u00a0 mida [&hellip;]<\/p>\n","protected":false},"featured_media":129114,"template":"","meta":{"_acf_changed":false},"pwb-brand":[],"product_brand":[],"product_cat":[11587,11559,11789],"product_tag":[],"class_list":{"0":"post-458609","1":"product","2":"type-product","3":"status-publish","4":"has-post-thumbnail","6":"product_cat-70cm-laiused-ru","7":"product_cat-laste-ja-noortevoodid-ru","8":"product_cat-lastemoobel-ja-sisustus-ru","10":"first","11":"onbackorder","12":"sale","13":"taxable","14":"shipping-taxable","15":"purchasable","16":"product-type-simple"},"exclude_global_add_ons":false,"addons":[{"name":"VALI PIIDE T\u00dc\u00dcP JA V\u00c4RV","type":"multiple_choice","position":0,"required":true,"title_format":"heading","default":"","description_enable":false,"description":"","placeholder_enable":false,"placeholder":"","display":"images","restrictions_type":"any_text","adjust_price":false,"price":"","price_type":"flat_fee","restrictions":false,"min":"0","max":"0","options":[{"label":"Ilma piireteta","price":"","price_type":"quantity_based","image":0,"visibility":true},{"label":"Piire CLASSIC (2tk) valge","price":"45.0000","price_type":"quantity_based","image":502285,"visibility":true},{"label":"Piire CLASSIC (2tk) lakk","price":"45.0000","price_type":"quantity_based","image":502287,"visibility":true},{"label":"Piire BASIC (2tk) valge","price":"50.0000","price_type":"quantity_based","image":502289,"visibility":true},{"label":"Piire BASIC (2tk) hall","price":"50.0000","price_type":"quantity_based","image":502291,"visibility":true},{"label":"Piire CLASSIC (4tk) valge","price":"90.0000","price_type":"quantity_based","image":502293,"visibility":true},{"label":"Piire CLASSIC (4tk) lakk","price":"90.0000","price_type":"quantity_based","image":502295,"visibility":true},{"label":"Piire BASIC (4tk) valge","price":"100.0000","price_type":"quantity_based","image":502297,"visibility":true},{"label":"Piire BASIC (4tk) hall","price":"100.0000","price_type":"quantity_based","image":502299,"visibility":true}]}],"acf":[],"yoast_head":"<!-- This site is optimized with the Yoast SEO plugin v27.3 - https:\/\/yoast.com\/product\/yoast-seo-wordpress\/ -->\n<title>Majavoodi Pino House 70x160, \u041a\u0440\u043e\u0432\u0430\u0442\u0438 \u0434\u043b\u044f \u0434\u0435\u0442\u0435\u0439 \u0438 \u043f\u043e\u0434\u0440\u043e\u0441\u0442\u043a\u043e\u0432, \u0428\u0438\u0440\u0438\u043d\u0430 70c\u043c, M\u0435\u0431\u0435\u043b\u044c, Beebipood<\/title>\n<meta name=\"description\" content=\"Majavoodi Pino House 70x160, *Majavoodi koos korstnaga*Majavoodi sobib nii poiste kui t&uuml;drukute tuppa*Valmistatud liimitud m&auml;nnipuidust\" \/>\n<meta name=\"robots\" content=\"index, follow, max-snippet:-1, max-image-preview:large, max-video-preview:-1\" \/>\n<link rel=\"canonical\" href=\"https:\/\/beebipood.ee\/ru\/produkt\/majavoodi-pino-house-70x160\/\" \/>\n<meta property=\"og:locale\" content=\"ru_RU\" \/>\n<meta property=\"og:type\" content=\"article\" \/>\n<meta property=\"og:title\" content=\"Majavoodi Pino House 70x160, \u041a\u0440\u043e\u0432\u0430\u0442\u0438 \u0434\u043b\u044f \u0434\u0435\u0442\u0435\u0439 \u0438 \u043f\u043e\u0434\u0440\u043e\u0441\u0442\u043a\u043e\u0432, \u0428\u0438\u0440\u0438\u043d\u0430 70c\u043c, M\u0435\u0431\u0435\u043b\u044c, Beebipood\" \/>\n<meta property=\"og:description\" content=\"Majavoodi Pino House 70x160, *Majavoodi koos korstnaga*Majavoodi sobib nii poiste kui t&uuml;drukute tuppa*Valmistatud liimitud m&auml;nnipuidust\" \/>\n<meta property=\"og:url\" content=\"https:\/\/beebipood.ee\/ru\/produkt\/majavoodi-pino-house-70x160\/\" \/>\n<meta property=\"og:site_name\" content=\"Beebipood\" \/>\n<meta property=\"article:modified_time\" content=\"2025-01-09T08:48:53+00:00\" \/>\n<meta property=\"og:image\" content=\"https:\/\/beebipood.ee\/wp-content\/uploads\/2019\/04\/Majavoodi-Pino-House-70x160-Laste-ja-noortevoodid-UUED-TOOTED-70cm-laiused-Lastemoobel-ja-sisustus_4-5c3.jpg\" \/>\n\t<meta property=\"og:image:width\" content=\"2000\" \/>\n\t<meta property=\"og:image:height\" content=\"1468\" \/>\n\t<meta property=\"og:image:type\" content=\"image\/jpeg\" \/>\n<meta name=\"twitter:card\" content=\"summary_large_image\" \/>\n<meta name=\"twitter:label1\" content=\"\u041f\u0440\u0438\u043c\u0435\u0440\u043d\u043e\u0435 \u0432\u0440\u0435\u043c\u044f \u0434\u043b\u044f \u0447\u0442\u0435\u043d\u0438\u044f\" \/>\n\t<meta name=\"twitter:data1\" content=\"1 \u043c\u0438\u043d\u0443\u0442\u0430\" \/>\n<script type=\"application\/ld+json\" class=\"yoast-schema-graph\">{\"@context\":\"https:\\\/\\\/schema.org\",\"@graph\":[{\"@type\":\"WebPage\",\"@id\":\"https:\\\/\\\/beebipood.ee\\\/ru\\\/produkt\\\/majavoodi-pino-house-70x160\\\/\",\"url\":\"https:\\\/\\\/beebipood.ee\\\/ru\\\/produkt\\\/majavoodi-pino-house-70x160\\\/\",\"name\":\"Majavoodi Pino House 70x160, \u041a\u0440\u043e\u0432\u0430\u0442\u0438 \u0434\u043b\u044f \u0434\u0435\u0442\u0435\u0439 \u0438 \u043f\u043e\u0434\u0440\u043e\u0441\u0442\u043a\u043e\u0432, \u0428\u0438\u0440\u0438\u043d\u0430 70c\u043c, M\u0435\u0431\u0435\u043b\u044c, Beebipood\",\"isPartOf\":{\"@id\":\"https:\\\/\\\/beebipood.ee\\\/ru\\\/#website\"},\"primaryImageOfPage\":{\"@id\":\"https:\\\/\\\/beebipood.ee\\\/ru\\\/produkt\\\/majavoodi-pino-house-70x160\\\/#primaryimage\"},\"image\":{\"@id\":\"https:\\\/\\\/beebipood.ee\\\/ru\\\/produkt\\\/majavoodi-pino-house-70x160\\\/#primaryimage\"},\"thumbnailUrl\":\"https:\\\/\\\/beebipood.ee\\\/wp-content\\\/uploads\\\/2019\\\/04\\\/Majavoodi-Pino-House-70x160-Laste-ja-noortevoodid-UUED-TOOTED-70cm-laiused-Lastemoobel-ja-sisustus_4-5c3.jpg\",\"datePublished\":\"2019-04-16T04:48:10+00:00\",\"dateModified\":\"2025-01-09T08:48:53+00:00\",\"description\":\"Majavoodi Pino House 70x160, *Majavoodi koos korstnaga*Majavoodi sobib nii poiste kui t&uuml;drukute tuppa*Valmistatud liimitud m&auml;nnipuidust\",\"breadcrumb\":{\"@id\":\"https:\\\/\\\/beebipood.ee\\\/ru\\\/produkt\\\/majavoodi-pino-house-70x160\\\/#breadcrumb\"},\"inLanguage\":\"ru-RU\",\"potentialAction\":[{\"@type\":\"ReadAction\",\"target\":[\"https:\\\/\\\/beebipood.ee\\\/ru\\\/produkt\\\/majavoodi-pino-house-70x160\\\/\"]}]},{\"@type\":\"ImageObject\",\"inLanguage\":\"ru-RU\",\"@id\":\"https:\\\/\\\/beebipood.ee\\\/ru\\\/produkt\\\/majavoodi-pino-house-70x160\\\/#primaryimage\",\"url\":\"https:\\\/\\\/beebipood.ee\\\/wp-content\\\/uploads\\\/2019\\\/04\\\/Majavoodi-Pino-House-70x160-Laste-ja-noortevoodid-UUED-TOOTED-70cm-laiused-Lastemoobel-ja-sisustus_4-5c3.jpg\",\"contentUrl\":\"https:\\\/\\\/beebipood.ee\\\/wp-content\\\/uploads\\\/2019\\\/04\\\/Majavoodi-Pino-House-70x160-Laste-ja-noortevoodid-UUED-TOOTED-70cm-laiused-Lastemoobel-ja-sisustus_4-5c3.jpg\",\"width\":2000,\"height\":1468},{\"@type\":\"BreadcrumbList\",\"@id\":\"https:\\\/\\\/beebipood.ee\\\/ru\\\/produkt\\\/majavoodi-pino-house-70x160\\\/#breadcrumb\",\"itemListElement\":[{\"@type\":\"ListItem\",\"position\":1,\"name\":\"Home\",\"item\":\"https:\\\/\\\/beebipood.ee\\\/ru\\\/\"},{\"@type\":\"ListItem\",\"position\":2,\"name\":\"\u041a\u0430\u0442\u0430\u043b\u043e\u0433 \u0442\u043e\u0432\u0430\u0440\u043e\u0432\",\"item\":\"https:\\\/\\\/beebipood.ee\\\/tooted\\\/\"},{\"@type\":\"ListItem\",\"position\":3,\"name\":\"Majavoodi Pino House 70&#215;160\"}]},{\"@type\":\"WebSite\",\"@id\":\"https:\\\/\\\/beebipood.ee\\\/ru\\\/#website\",\"url\":\"https:\\\/\\\/beebipood.ee\\\/ru\\\/\",\"name\":\"Beebipood\",\"description\":\"Lastekaubad, beebikaubad, m\u00e4nguasjad\",\"publisher\":{\"@id\":\"https:\\\/\\\/beebipood.ee\\\/ru\\\/#organization\"},\"potentialAction\":[{\"@type\":\"SearchAction\",\"target\":{\"@type\":\"EntryPoint\",\"urlTemplate\":\"https:\\\/\\\/beebipood.ee\\\/ru\\\/?s={search_term_string}\"},\"query-input\":{\"@type\":\"PropertyValueSpecification\",\"valueRequired\":true,\"valueName\":\"search_term_string\"}}],\"inLanguage\":\"ru-RU\"},{\"@type\":\"Organization\",\"@id\":\"https:\\\/\\\/beebipood.ee\\\/ru\\\/#organization\",\"name\":\"Beebipood\",\"url\":\"https:\\\/\\\/beebipood.ee\\\/ru\\\/\",\"logo\":{\"@type\":\"ImageObject\",\"inLanguage\":\"ru-RU\",\"@id\":\"https:\\\/\\\/beebipood.ee\\\/ru\\\/#\\\/schema\\\/logo\\\/image\\\/\",\"url\":\"https:\\\/\\\/beebipood.ee\\\/wp-content\\\/uploads\\\/2025\\\/03\\\/beebipood.ee-logo-1.svg\",\"contentUrl\":\"https:\\\/\\\/beebipood.ee\\\/wp-content\\\/uploads\\\/2025\\\/03\\\/beebipood.ee-logo-1.svg\",\"caption\":\"Beebipood\"},\"image\":{\"@id\":\"https:\\\/\\\/beebipood.ee\\\/ru\\\/#\\\/schema\\\/logo\\\/image\\\/\"}}]}<\/script>\n<!-- \/ Yoast SEO plugin. -->","yoast_head_json":{"title":"Majavoodi Pino House 70x160, \u041a\u0440\u043e\u0432\u0430\u0442\u0438 \u0434\u043b\u044f \u0434\u0435\u0442\u0435\u0439 \u0438 \u043f\u043e\u0434\u0440\u043e\u0441\u0442\u043a\u043e\u0432, \u0428\u0438\u0440\u0438\u043d\u0430 70c\u043c, M\u0435\u0431\u0435\u043b\u044c, Beebipood","description":"Majavoodi Pino House 70x160, *Majavoodi koos korstnaga*Majavoodi sobib nii poiste kui t&uuml;drukute tuppa*Valmistatud liimitud m&auml;nnipuidust","robots":{"index":"index","follow":"follow","max-snippet":"max-snippet:-1","max-image-preview":"max-image-preview:large","max-video-preview":"max-video-preview:-1"},"canonical":"https:\/\/beebipood.ee\/ru\/produkt\/majavoodi-pino-house-70x160\/","og_locale":"ru_RU","og_type":"article","og_title":"Majavoodi Pino House 70x160, \u041a\u0440\u043e\u0432\u0430\u0442\u0438 \u0434\u043b\u044f \u0434\u0435\u0442\u0435\u0439 \u0438 \u043f\u043e\u0434\u0440\u043e\u0441\u0442\u043a\u043e\u0432, \u0428\u0438\u0440\u0438\u043d\u0430 70c\u043c, M\u0435\u0431\u0435\u043b\u044c, Beebipood","og_description":"Majavoodi Pino House 70x160, *Majavoodi koos korstnaga*Majavoodi sobib nii poiste kui t&uuml;drukute tuppa*Valmistatud liimitud m&auml;nnipuidust","og_url":"https:\/\/beebipood.ee\/ru\/produkt\/majavoodi-pino-house-70x160\/","og_site_name":"Beebipood","article_modified_time":"2025-01-09T08:48:53+00:00","og_image":[{"width":2000,"height":1468,"url":"https:\/\/beebipood.ee\/wp-content\/uploads\/2019\/04\/Majavoodi-Pino-House-70x160-Laste-ja-noortevoodid-UUED-TOOTED-70cm-laiused-Lastemoobel-ja-sisustus_4-5c3.jpg","type":"image\/jpeg"}],"twitter_card":"summary_large_image","twitter_misc":{"\u041f\u0440\u0438\u043c\u0435\u0440\u043d\u043e\u0435 \u0432\u0440\u0435\u043c\u044f \u0434\u043b\u044f \u0447\u0442\u0435\u043d\u0438\u044f":"1 \u043c\u0438\u043d\u0443\u0442\u0430"},"schema":{"@context":"https:\/\/schema.org","@graph":[{"@type":"WebPage","@id":"https:\/\/beebipood.ee\/ru\/produkt\/majavoodi-pino-house-70x160\/","url":"https:\/\/beebipood.ee\/ru\/produkt\/majavoodi-pino-house-70x160\/","name":"Majavoodi Pino House 70x160, \u041a\u0440\u043e\u0432\u0430\u0442\u0438 \u0434\u043b\u044f \u0434\u0435\u0442\u0435\u0439 \u0438 \u043f\u043e\u0434\u0440\u043e\u0441\u0442\u043a\u043e\u0432, \u0428\u0438\u0440\u0438\u043d\u0430 70c\u043c, M\u0435\u0431\u0435\u043b\u044c, Beebipood","isPartOf":{"@id":"https:\/\/beebipood.ee\/ru\/#website"},"primaryImageOfPage":{"@id":"https:\/\/beebipood.ee\/ru\/produkt\/majavoodi-pino-house-70x160\/#primaryimage"},"image":{"@id":"https:\/\/beebipood.ee\/ru\/produkt\/majavoodi-pino-house-70x160\/#primaryimage"},"thumbnailUrl":"https:\/\/beebipood.ee\/wp-content\/uploads\/2019\/04\/Majavoodi-Pino-House-70x160-Laste-ja-noortevoodid-UUED-TOOTED-70cm-laiused-Lastemoobel-ja-sisustus_4-5c3.jpg","datePublished":"2019-04-16T04:48:10+00:00","dateModified":"2025-01-09T08:48:53+00:00","description":"Majavoodi Pino House 70x160, *Majavoodi koos korstnaga*Majavoodi sobib nii poiste kui t&uuml;drukute tuppa*Valmistatud liimitud m&auml;nnipuidust","breadcrumb":{"@id":"https:\/\/beebipood.ee\/ru\/produkt\/majavoodi-pino-house-70x160\/#breadcrumb"},"inLanguage":"ru-RU","potentialAction":[{"@type":"ReadAction","target":["https:\/\/beebipood.ee\/ru\/produkt\/majavoodi-pino-house-70x160\/"]}]},{"@type":"ImageObject","inLanguage":"ru-RU","@id":"https:\/\/beebipood.ee\/ru\/produkt\/majavoodi-pino-house-70x160\/#primaryimage","url":"https:\/\/beebipood.ee\/wp-content\/uploads\/2019\/04\/Majavoodi-Pino-House-70x160-Laste-ja-noortevoodid-UUED-TOOTED-70cm-laiused-Lastemoobel-ja-sisustus_4-5c3.jpg","contentUrl":"https:\/\/beebipood.ee\/wp-content\/uploads\/2019\/04\/Majavoodi-Pino-House-70x160-Laste-ja-noortevoodid-UUED-TOOTED-70cm-laiused-Lastemoobel-ja-sisustus_4-5c3.jpg","width":2000,"height":1468},{"@type":"BreadcrumbList","@id":"https:\/\/beebipood.ee\/ru\/produkt\/majavoodi-pino-house-70x160\/#breadcrumb","itemListElement":[{"@type":"ListItem","position":1,"name":"Home","item":"https:\/\/beebipood.ee\/ru\/"},{"@type":"ListItem","position":2,"name":"\u041a\u0430\u0442\u0430\u043b\u043e\u0433 \u0442\u043e\u0432\u0430\u0440\u043e\u0432","item":"https:\/\/beebipood.ee\/tooted\/"},{"@type":"ListItem","position":3,"name":"Majavoodi Pino House 70&#215;160"}]},{"@type":"WebSite","@id":"https:\/\/beebipood.ee\/ru\/#website","url":"https:\/\/beebipood.ee\/ru\/","name":"Beebipood","description":"Lastekaubad, beebikaubad, m\u00e4nguasjad","publisher":{"@id":"https:\/\/beebipood.ee\/ru\/#organization"},"potentialAction":[{"@type":"SearchAction","target":{"@type":"EntryPoint","urlTemplate":"https:\/\/beebipood.ee\/ru\/?s={search_term_string}"},"query-input":{"@type":"PropertyValueSpecification","valueRequired":true,"valueName":"search_term_string"}}],"inLanguage":"ru-RU"},{"@type":"Organization","@id":"https:\/\/beebipood.ee\/ru\/#organization","name":"Beebipood","url":"https:\/\/beebipood.ee\/ru\/","logo":{"@type":"ImageObject","inLanguage":"ru-RU","@id":"https:\/\/beebipood.ee\/ru\/#\/schema\/logo\/image\/","url":"https:\/\/beebipood.ee\/wp-content\/uploads\/2025\/03\/beebipood.ee-logo-1.svg","contentUrl":"https:\/\/beebipood.ee\/wp-content\/uploads\/2025\/03\/beebipood.ee-logo-1.svg","caption":"Beebipood"},"image":{"@id":"https:\/\/beebipood.ee\/ru\/#\/schema\/logo\/image\/"}}]}},"brands":[],"_links":{"self":[{"href":"https:\/\/beebipood.ee\/ru\/wp-json\/wp\/v2\/product\/458609","targetHints":{"allow":["GET"]}}],"collection":[{"href":"https:\/\/beebipood.ee\/ru\/wp-json\/wp\/v2\/product"}],"about":[{"href":"https:\/\/beebipood.ee\/ru\/wp-json\/wp\/v2\/types\/product"}],"wp:featuredmedia":[{"embeddable":true,"href":"https:\/\/beebipood.ee\/ru\/wp-json\/wp\/v2\/media\/129114"}],"wp:attachment":[{"href":"https:\/\/beebipood.ee\/ru\/wp-json\/wp\/v2\/media?parent=458609"}],"wp:term":[{"taxonomy":"pwb-brand","embeddable":true,"href":"https:\/\/beebipood.ee\/ru\/wp-json\/wp\/v2\/pwb-brand?post=458609"},{"taxonomy":"product_brand","embeddable":true,"href":"https:\/\/beebipood.ee\/ru\/wp-json\/wp\/v2\/product_brand?post=458609"},{"taxonomy":"product_cat","embeddable":true,"href":"https:\/\/beebipood.ee\/ru\/wp-json\/wp\/v2\/product_cat?post=458609"},{"taxonomy":"product_tag","embeddable":true,"href":"https:\/\/beebipood.ee\/ru\/wp-json\/wp\/v2\/product_tag?post=458609"}],"curies":[{"name":"wp","href":"https:\/\/api.w.org\/{rel}","templated":true}]}}