{"id":458623,"date":"2019-04-18T09:19:55","date_gmt":"2019-04-18T06:19:55","guid":{"rendered":"https:\/\/beebipood.ee\/toode\/baby-jogger-tour-2-vihmakile\/"},"modified":"2025-01-09T10:48:53","modified_gmt":"2025-01-09T08:48:53","slug":"baby-jogger-tour-2-vihmakile","status":"publish","type":"product","link":"https:\/\/beebipood.ee\/ru\/produkt\/baby-jogger-tour-2-vihmakile\/","title":{"rendered":"Baby Jogger Tour 2 vihmakile"},"content":{"rendered":"<p>Valmistatud lastele ohutust materjalist. <br \/>J\u00e4tab lapse kuivaks ka tugevamas vihmasajus ventileerides eeskujulikult k\u00e4ru sisemust<br \/>Sobib jalutusk\u00e4rule City Tour 2<\/p>\n","protected":false},"excerpt":{"rendered":"<p>Valmistatud lastele ohutust materjalist. J\u00e4tab lapse kuivaks ka tugevamas vihmasajus ventileerides eeskujulikult k\u00e4ru sisemustSobib jalutusk\u00e4rule City Tour 2<\/p>\n","protected":false},"featured_media":129238,"template":"","meta":{"_acf_changed":false},"pwb-brand":[11959],"product_brand":[],"product_cat":[11823,11839,11829,11717],"product_tag":[],"class_list":{"0":"post-458623","1":"product","2":"type-product","3":"status-publish","4":"has-post-thumbnail","6":"pwb-brand-baby-jogger-ru","7":"product_cat-baby-jogger-ru","8":"product_cat-baby-jogger-lisad-ru","9":"product_cat-city-tour-ru","10":"product_cat-lastevankrid-ja-karud-ru","11":"pa_manufacturer-babyjogger-ru","13":"first","14":"onbackorder","15":"taxable","16":"shipping-taxable","17":"purchasable","18":"product-type-simple"},"exclude_global_add_ons":[],"addons":[],"acf":[],"yoast_head":"<!-- This site is optimized with the Yoast SEO plugin v27.1.1 - https:\/\/yoast.com\/product\/yoast-seo-wordpress\/ -->\n<title>Baby Jogger Tour 2 vihmakile , \u041a\u043e\u043b\u044f\u0441\u043a\u0438, Baby Jogger, City Tour 2, Baby Jogger lisad, Beebipood<\/title>\n<meta name=\"description\" content=\"Baby Jogger Tour 2 vihmakile , Valmistatud lastele ohutust materjalist. J&auml;tab lapse kuivaks ka tugevamas vihmasajus ventileerides eeskujulikult k&amp;\" \/>\n<meta name=\"robots\" content=\"index, follow, max-snippet:-1, max-image-preview:large, max-video-preview:-1\" \/>\n<link rel=\"canonical\" href=\"https:\/\/beebipood.ee\/ru\/produkt\/baby-jogger-tour-2-vihmakile\/\" \/>\n<meta property=\"og:locale\" content=\"ru_RU\" \/>\n<meta property=\"og:type\" content=\"article\" \/>\n<meta property=\"og:title\" content=\"Baby Jogger Tour 2 vihmakile , \u041a\u043e\u043b\u044f\u0441\u043a\u0438, Baby Jogger, City Tour 2, Baby Jogger lisad, Beebipood\" \/>\n<meta property=\"og:description\" content=\"Baby Jogger Tour 2 vihmakile , Valmistatud lastele ohutust materjalist. J&auml;tab lapse kuivaks ka tugevamas vihmasajus ventileerides eeskujulikult k&amp;\" \/>\n<meta property=\"og:url\" content=\"https:\/\/beebipood.ee\/ru\/produkt\/baby-jogger-tour-2-vihmakile\/\" \/>\n<meta property=\"og:site_name\" content=\"Beebipood\" \/>\n<meta property=\"article:modified_time\" content=\"2025-01-09T08:48:53+00:00\" \/>\n<meta property=\"og:image\" content=\"https:\/\/beebipood.ee\/wp-content\/uploads\/2019\/04\/Baby-Jogger-Tour-2-vihmakile-Lastevankrid-ja-karud-Laos-Baby-Jogger-City-Tour-Baby-Jogger-lisad_1-ce6.jpeg\" \/>\n\t<meta property=\"og:image:width\" content=\"852\" \/>\n\t<meta property=\"og:image:height\" content=\"1200\" \/>\n\t<meta property=\"og:image:type\" content=\"image\/jpeg\" \/>\n<meta name=\"twitter:card\" content=\"summary_large_image\" \/>\n<script type=\"application\/ld+json\" class=\"yoast-schema-graph\">{\"@context\":\"https:\/\/schema.org\",\"@graph\":[{\"@type\":\"WebPage\",\"@id\":\"https:\/\/beebipood.ee\/ru\/produkt\/baby-jogger-tour-2-vihmakile\/\",\"url\":\"https:\/\/beebipood.ee\/ru\/produkt\/baby-jogger-tour-2-vihmakile\/\",\"name\":\"Baby Jogger Tour 2 vihmakile , \u041a\u043e\u043b\u044f\u0441\u043a\u0438, Baby Jogger, City Tour 2, Baby Jogger lisad, Beebipood\",\"isPartOf\":{\"@id\":\"https:\/\/beebipood.ee\/ru\/#website\"},\"primaryImageOfPage\":{\"@id\":\"https:\/\/beebipood.ee\/ru\/produkt\/baby-jogger-tour-2-vihmakile\/#primaryimage\"},\"image\":{\"@id\":\"https:\/\/beebipood.ee\/ru\/produkt\/baby-jogger-tour-2-vihmakile\/#primaryimage\"},\"thumbnailUrl\":\"https:\/\/beebipood.ee\/wp-content\/uploads\/2019\/04\/Baby-Jogger-Tour-2-vihmakile-Lastevankrid-ja-karud-Laos-Baby-Jogger-City-Tour-Baby-Jogger-lisad_1-ce6.jpeg\",\"datePublished\":\"2019-04-18T06:19:55+00:00\",\"dateModified\":\"2025-01-09T08:48:53+00:00\",\"description\":\"Baby Jogger Tour 2 vihmakile , Valmistatud lastele ohutust materjalist. J&auml;tab lapse kuivaks ka tugevamas vihmasajus ventileerides eeskujulikult k&\",\"breadcrumb\":{\"@id\":\"https:\/\/beebipood.ee\/ru\/produkt\/baby-jogger-tour-2-vihmakile\/#breadcrumb\"},\"inLanguage\":\"ru-RU\",\"potentialAction\":[{\"@type\":\"ReadAction\",\"target\":[\"https:\/\/beebipood.ee\/ru\/produkt\/baby-jogger-tour-2-vihmakile\/\"]}]},{\"@type\":\"ImageObject\",\"inLanguage\":\"ru-RU\",\"@id\":\"https:\/\/beebipood.ee\/ru\/produkt\/baby-jogger-tour-2-vihmakile\/#primaryimage\",\"url\":\"https:\/\/beebipood.ee\/wp-content\/uploads\/2019\/04\/Baby-Jogger-Tour-2-vihmakile-Lastevankrid-ja-karud-Laos-Baby-Jogger-City-Tour-Baby-Jogger-lisad_1-ce6.jpeg\",\"contentUrl\":\"https:\/\/beebipood.ee\/wp-content\/uploads\/2019\/04\/Baby-Jogger-Tour-2-vihmakile-Lastevankrid-ja-karud-Laos-Baby-Jogger-City-Tour-Baby-Jogger-lisad_1-ce6.jpeg\",\"width\":852,\"height\":1200},{\"@type\":\"BreadcrumbList\",\"@id\":\"https:\/\/beebipood.ee\/ru\/produkt\/baby-jogger-tour-2-vihmakile\/#breadcrumb\",\"itemListElement\":[{\"@type\":\"ListItem\",\"position\":1,\"name\":\"Home\",\"item\":\"https:\/\/beebipood.ee\/ru\/\"},{\"@type\":\"ListItem\",\"position\":2,\"name\":\"\u041a\u0430\u0442\u0430\u043b\u043e\u0433 \u0442\u043e\u0432\u0430\u0440\u043e\u0432\",\"item\":\"https:\/\/beebipood.ee\/tooted\/\"},{\"@type\":\"ListItem\",\"position\":3,\"name\":\"Baby Jogger Tour 2 vihmakile\"}]},{\"@type\":\"WebSite\",\"@id\":\"https:\/\/beebipood.ee\/ru\/#website\",\"url\":\"https:\/\/beebipood.ee\/ru\/\",\"name\":\"Beebipood\",\"description\":\"Lastekaubad, beebikaubad, m\u00e4nguasjad\",\"publisher\":{\"@id\":\"https:\/\/beebipood.ee\/ru\/#organization\"},\"potentialAction\":[{\"@type\":\"SearchAction\",\"target\":{\"@type\":\"EntryPoint\",\"urlTemplate\":\"https:\/\/beebipood.ee\/ru\/?s={search_term_string}\"},\"query-input\":{\"@type\":\"PropertyValueSpecification\",\"valueRequired\":true,\"valueName\":\"search_term_string\"}}],\"inLanguage\":\"ru-RU\"},{\"@type\":\"Organization\",\"@id\":\"https:\/\/beebipood.ee\/ru\/#organization\",\"name\":\"Beebipood\",\"url\":\"https:\/\/beebipood.ee\/ru\/\",\"logo\":{\"@type\":\"ImageObject\",\"inLanguage\":\"ru-RU\",\"@id\":\"https:\/\/beebipood.ee\/ru\/#\/schema\/logo\/image\/\",\"url\":\"https:\/\/beebipood.ee\/wp-content\/uploads\/2025\/03\/beebipood.ee-logo-1.svg\",\"contentUrl\":\"https:\/\/beebipood.ee\/wp-content\/uploads\/2025\/03\/beebipood.ee-logo-1.svg\",\"caption\":\"Beebipood\"},\"image\":{\"@id\":\"https:\/\/beebipood.ee\/ru\/#\/schema\/logo\/image\/\"}}]}<\/script>\n<!-- \/ Yoast SEO plugin. -->","yoast_head_json":{"title":"Baby Jogger Tour 2 vihmakile , \u041a\u043e\u043b\u044f\u0441\u043a\u0438, Baby Jogger, City Tour 2, Baby Jogger lisad, Beebipood","description":"Baby Jogger Tour 2 vihmakile , Valmistatud lastele ohutust materjalist. J&auml;tab lapse kuivaks ka tugevamas vihmasajus ventileerides eeskujulikult k&","robots":{"index":"index","follow":"follow","max-snippet":"max-snippet:-1","max-image-preview":"max-image-preview:large","max-video-preview":"max-video-preview:-1"},"canonical":"https:\/\/beebipood.ee\/ru\/produkt\/baby-jogger-tour-2-vihmakile\/","og_locale":"ru_RU","og_type":"article","og_title":"Baby Jogger Tour 2 vihmakile , \u041a\u043e\u043b\u044f\u0441\u043a\u0438, Baby Jogger, City Tour 2, Baby Jogger lisad, Beebipood","og_description":"Baby Jogger Tour 2 vihmakile , Valmistatud lastele ohutust materjalist. J&auml;tab lapse kuivaks ka tugevamas vihmasajus ventileerides eeskujulikult k&","og_url":"https:\/\/beebipood.ee\/ru\/produkt\/baby-jogger-tour-2-vihmakile\/","og_site_name":"Beebipood","article_modified_time":"2025-01-09T08:48:53+00:00","og_image":[{"width":852,"height":1200,"url":"https:\/\/beebipood.ee\/wp-content\/uploads\/2019\/04\/Baby-Jogger-Tour-2-vihmakile-Lastevankrid-ja-karud-Laos-Baby-Jogger-City-Tour-Baby-Jogger-lisad_1-ce6.jpeg","type":"image\/jpeg"}],"twitter_card":"summary_large_image","schema":{"@context":"https:\/\/schema.org","@graph":[{"@type":"WebPage","@id":"https:\/\/beebipood.ee\/ru\/produkt\/baby-jogger-tour-2-vihmakile\/","url":"https:\/\/beebipood.ee\/ru\/produkt\/baby-jogger-tour-2-vihmakile\/","name":"Baby Jogger Tour 2 vihmakile , \u041a\u043e\u043b\u044f\u0441\u043a\u0438, Baby Jogger, City Tour 2, Baby Jogger lisad, Beebipood","isPartOf":{"@id":"https:\/\/beebipood.ee\/ru\/#website"},"primaryImageOfPage":{"@id":"https:\/\/beebipood.ee\/ru\/produkt\/baby-jogger-tour-2-vihmakile\/#primaryimage"},"image":{"@id":"https:\/\/beebipood.ee\/ru\/produkt\/baby-jogger-tour-2-vihmakile\/#primaryimage"},"thumbnailUrl":"https:\/\/beebipood.ee\/wp-content\/uploads\/2019\/04\/Baby-Jogger-Tour-2-vihmakile-Lastevankrid-ja-karud-Laos-Baby-Jogger-City-Tour-Baby-Jogger-lisad_1-ce6.jpeg","datePublished":"2019-04-18T06:19:55+00:00","dateModified":"2025-01-09T08:48:53+00:00","description":"Baby Jogger Tour 2 vihmakile , Valmistatud lastele ohutust materjalist. J&auml;tab lapse kuivaks ka tugevamas vihmasajus ventileerides eeskujulikult k&","breadcrumb":{"@id":"https:\/\/beebipood.ee\/ru\/produkt\/baby-jogger-tour-2-vihmakile\/#breadcrumb"},"inLanguage":"ru-RU","potentialAction":[{"@type":"ReadAction","target":["https:\/\/beebipood.ee\/ru\/produkt\/baby-jogger-tour-2-vihmakile\/"]}]},{"@type":"ImageObject","inLanguage":"ru-RU","@id":"https:\/\/beebipood.ee\/ru\/produkt\/baby-jogger-tour-2-vihmakile\/#primaryimage","url":"https:\/\/beebipood.ee\/wp-content\/uploads\/2019\/04\/Baby-Jogger-Tour-2-vihmakile-Lastevankrid-ja-karud-Laos-Baby-Jogger-City-Tour-Baby-Jogger-lisad_1-ce6.jpeg","contentUrl":"https:\/\/beebipood.ee\/wp-content\/uploads\/2019\/04\/Baby-Jogger-Tour-2-vihmakile-Lastevankrid-ja-karud-Laos-Baby-Jogger-City-Tour-Baby-Jogger-lisad_1-ce6.jpeg","width":852,"height":1200},{"@type":"BreadcrumbList","@id":"https:\/\/beebipood.ee\/ru\/produkt\/baby-jogger-tour-2-vihmakile\/#breadcrumb","itemListElement":[{"@type":"ListItem","position":1,"name":"Home","item":"https:\/\/beebipood.ee\/ru\/"},{"@type":"ListItem","position":2,"name":"\u041a\u0430\u0442\u0430\u043b\u043e\u0433 \u0442\u043e\u0432\u0430\u0440\u043e\u0432","item":"https:\/\/beebipood.ee\/tooted\/"},{"@type":"ListItem","position":3,"name":"Baby Jogger Tour 2 vihmakile"}]},{"@type":"WebSite","@id":"https:\/\/beebipood.ee\/ru\/#website","url":"https:\/\/beebipood.ee\/ru\/","name":"Beebipood","description":"Lastekaubad, beebikaubad, m\u00e4nguasjad","publisher":{"@id":"https:\/\/beebipood.ee\/ru\/#organization"},"potentialAction":[{"@type":"SearchAction","target":{"@type":"EntryPoint","urlTemplate":"https:\/\/beebipood.ee\/ru\/?s={search_term_string}"},"query-input":{"@type":"PropertyValueSpecification","valueRequired":true,"valueName":"search_term_string"}}],"inLanguage":"ru-RU"},{"@type":"Organization","@id":"https:\/\/beebipood.ee\/ru\/#organization","name":"Beebipood","url":"https:\/\/beebipood.ee\/ru\/","logo":{"@type":"ImageObject","inLanguage":"ru-RU","@id":"https:\/\/beebipood.ee\/ru\/#\/schema\/logo\/image\/","url":"https:\/\/beebipood.ee\/wp-content\/uploads\/2025\/03\/beebipood.ee-logo-1.svg","contentUrl":"https:\/\/beebipood.ee\/wp-content\/uploads\/2025\/03\/beebipood.ee-logo-1.svg","caption":"Beebipood"},"image":{"@id":"https:\/\/beebipood.ee\/ru\/#\/schema\/logo\/image\/"}}]}},"brands":[{"id":11959,"name":"Baby Jogger","slug":"baby-jogger-ru"}],"_links":{"self":[{"href":"https:\/\/beebipood.ee\/ru\/wp-json\/wp\/v2\/product\/458623","targetHints":{"allow":["GET"]}}],"collection":[{"href":"https:\/\/beebipood.ee\/ru\/wp-json\/wp\/v2\/product"}],"about":[{"href":"https:\/\/beebipood.ee\/ru\/wp-json\/wp\/v2\/types\/product"}],"wp:featuredmedia":[{"embeddable":true,"href":"https:\/\/beebipood.ee\/ru\/wp-json\/wp\/v2\/media\/129238"}],"wp:attachment":[{"href":"https:\/\/beebipood.ee\/ru\/wp-json\/wp\/v2\/media?parent=458623"}],"wp:term":[{"taxonomy":"pwb-brand","embeddable":true,"href":"https:\/\/beebipood.ee\/ru\/wp-json\/wp\/v2\/pwb-brand?post=458623"},{"taxonomy":"product_brand","embeddable":true,"href":"https:\/\/beebipood.ee\/ru\/wp-json\/wp\/v2\/product_brand?post=458623"},{"taxonomy":"product_cat","embeddable":true,"href":"https:\/\/beebipood.ee\/ru\/wp-json\/wp\/v2\/product_cat?post=458623"},{"taxonomy":"product_tag","embeddable":true,"href":"https:\/\/beebipood.ee\/ru\/wp-json\/wp\/v2\/product_tag?post=458623"}],"curies":[{"name":"wp","href":"https:\/\/api.w.org\/{rel}","templated":true}]}}