{"id":458625,"date":"2019-04-22T06:21:14","date_gmt":"2019-04-22T03:21:14","guid":{"rendered":"https:\/\/beebipood.ee\/toode\/cam-cullami-beebihall-voodi-korvale-col163\/"},"modified":"2025-01-09T10:48:53","modified_gmt":"2025-01-09T08:48:53","slug":"cam-cullami-beebihall-voodi-korvale-col163","status":"publish","type":"product","link":"https:\/\/beebipood.ee\/ru\/produkt\/cam-cullami-beebihall-voodi-korvale-col163\/","title":{"rendered":"Cam Cullami beebih\u00e4ll voodi k\u00f5rvale, col163"},"content":{"rendered":"<p><span>Lihtsasti kasutatav beebih\u00e4ll, mida saab hoida oma voodi k\u00f5rval<\/span><br \/><span>v\u00f5i kasutada eraldiseisva beebih\u00e4llina.<\/span><br \/><span>Madratsi m\u00f5\u00f5dud 50x85cm.<\/span><br \/><span>Moodsa ja unikaalse disainiga vooditasku.<\/span><br \/><span>M\u00f5eldud kasutamiseks lastele kaaluga 0-9kg.<\/span><\/p>\n<p><span style=\"text-decoration: underline;\">Omadused<\/span><br \/><span>Unikaalne ja kaasaegne disain<\/span><br \/><span>8 erinevat k\u00f5rgust<\/span><br \/><span>\u00dcks k\u00fclg avatav ning allalastav &#8212; selliselt saab beebih\u00e4lli kasutada oma voodi k\u00f5rvale<\/span><br \/><span>Anti-refulksi asend &#8212; peaosa k\u00f5rgemal kui jalad<\/span><br \/><span>Beebih\u00e4lli asend on reguleeritav ka horisontaalselt (kuni 16cm)<\/span><br \/><span>&#8212; v\u00f5imaldab liigutada vastu enda voodit<\/span><br \/><span>Kiigutamise funktsioon<\/span><br \/><span>4 p\u00f6\u00f6rlevat ratast, millest 2 on piduritega<\/span><br \/><span>Turvarihm, mille abil on v\u00f5imalik beebih\u00e4ll kinnitada \u00fcmber oma voodiraami<\/span><br \/><span>Eemaldatav katteriie (k\u00e4sitsi pestav 30\u00b0C juures)<\/span><br \/><span>Vastab EU turvastandarditele EN1130, EN16890<\/span><br \/><span>N\u00e4itajad<\/span><br \/><span>M\u00f5\u00f5dud 105 x 59 x 82-134cm (pikkus, laius, k\u00f5rgus)<\/span><br \/><span>Kaal 10,9kg<\/span><br \/><span>Komplektis<\/span><br \/><span>Beebih\u00e4ll<\/span><br \/><span>Metallist kaar, kuhu k\u00fclge saab kinnitada kardina v\u00f5i muusikalise karusselli<\/span><br \/><span>Pehme madrats (85 x 50 x 3cm)<\/span><\/p>\n","protected":false},"excerpt":{"rendered":"<p>Lihtsasti kasutatav beebih\u00e4ll, mida saab hoida oma voodi k\u00f5rvalv\u00f5i kasutada eraldiseisva beebih\u00e4llina.Madratsi m\u00f5\u00f5dud 50x85cm.Moodsa ja unikaalse disainiga vooditasku.M\u00f5eldud kasutamiseks lastele kaaluga 0-9kg. OmadusedUnikaalne ja kaasaegne disain8 erinevat k\u00f5rgust\u00dcks k\u00fclg avatav ning allalastav &#8212; selliselt saab beebih\u00e4lli kasutada oma voodi k\u00f5rvaleAnti-refulksi asend &#8212; peaosa k\u00f5rgemal kui jaladBeebih\u00e4lli asend on reguleeritav ka horisontaalselt (kuni 16cm)&#8212; v\u00f5imaldab liigutada [&hellip;]<\/p>\n","protected":false},"featured_media":129240,"template":"","meta":{"_acf_changed":false},"pwb-brand":[11970],"product_brand":[],"product_cat":[11573,11571],"product_tag":[],"class_list":{"0":"post-458625","1":"product","2":"type-product","3":"status-publish","4":"has-post-thumbnail","6":"pwb-brand-cam-ru","7":"product_cat-sooduspakkumised-ru","8":"product_cat-hallid-ja-vooditaskud-ru","9":"pa_manufacturer-cam-ru","11":"first","12":"instock","13":"sale","14":"purchasable","15":"product-type-simple"},"exclude_global_add_ons":[],"addons":[],"acf":[],"yoast_head":"<!-- This site is optimized with the Yoast SEO plugin v27.1.1 - https:\/\/yoast.com\/product\/yoast-seo-wordpress\/ -->\n<title>Cam Cullami beebih\u00e4ll voodi k\u00f5rvale, col163, \u041b\u044e\u043b\u044c\u043a\u0438 \u0438 \u043a\u0430\u0440\u043c\u0430\u0448\u043a\u0438 \u0434\u043b\u044f \u043a\u0440\u043e\u0432\u0430\u0442\u043a\u0438, \u0421\u041a\u0418\u0414\u041a\u0418, Beebipood<\/title>\n<meta name=\"description\" content=\"Cam Cullami beebih\u00e4ll voodi k\u00f5rvale, col163, Lihtsasti kasutatav beebih&auml;ll, mida saab hoida oma voodi k&otilde;rvalv&otilde;i\" \/>\n<meta name=\"robots\" content=\"index, follow, max-snippet:-1, max-image-preview:large, max-video-preview:-1\" \/>\n<link rel=\"canonical\" href=\"https:\/\/beebipood.ee\/ru\/produkt\/cam-cullami-beebihall-voodi-korvale-col163\/\" \/>\n<meta property=\"og:locale\" content=\"ru_RU\" \/>\n<meta property=\"og:type\" content=\"article\" \/>\n<meta property=\"og:title\" content=\"Cam Cullami beebih\u00e4ll voodi k\u00f5rvale, col163, \u041b\u044e\u043b\u044c\u043a\u0438 \u0438 \u043a\u0430\u0440\u043c\u0430\u0448\u043a\u0438 \u0434\u043b\u044f \u043a\u0440\u043e\u0432\u0430\u0442\u043a\u0438, \u0421\u041a\u0418\u0414\u041a\u0418, Beebipood\" \/>\n<meta property=\"og:description\" content=\"Cam Cullami beebih\u00e4ll voodi k\u00f5rvale, col163, Lihtsasti kasutatav beebih&auml;ll, mida saab hoida oma voodi k&otilde;rvalv&otilde;i\" \/>\n<meta property=\"og:url\" content=\"https:\/\/beebipood.ee\/ru\/produkt\/cam-cullami-beebihall-voodi-korvale-col163\/\" \/>\n<meta property=\"og:site_name\" content=\"Beebipood\" \/>\n<meta property=\"article:modified_time\" content=\"2025-01-09T08:48:53+00:00\" \/>\n<meta property=\"og:image\" content=\"https:\/\/beebipood.ee\/wp-content\/uploads\/2019\/04\/Cam-Cullami-beebihall-voodi-korvale-col163-Beebivoodid-reisivoodid-hallid-Hallid-ja-vooditaskud-Lastemoobel-ja-sisustus_2-aac.jpg\" \/>\n\t<meta property=\"og:image:width\" content=\"980\" \/>\n\t<meta property=\"og:image:height\" content=\"899\" \/>\n\t<meta property=\"og:image:type\" content=\"image\/jpeg\" \/>\n<meta name=\"twitter:card\" content=\"summary_large_image\" \/>\n<meta name=\"twitter:label1\" content=\"\u041f\u0440\u0438\u043c\u0435\u0440\u043d\u043e\u0435 \u0432\u0440\u0435\u043c\u044f \u0434\u043b\u044f \u0447\u0442\u0435\u043d\u0438\u044f\" \/>\n\t<meta name=\"twitter:data1\" content=\"1 \u043c\u0438\u043d\u0443\u0442\u0430\" \/>\n<script type=\"application\/ld+json\" class=\"yoast-schema-graph\">{\"@context\":\"https:\/\/schema.org\",\"@graph\":[{\"@type\":\"WebPage\",\"@id\":\"https:\/\/beebipood.ee\/ru\/produkt\/cam-cullami-beebihall-voodi-korvale-col163\/\",\"url\":\"https:\/\/beebipood.ee\/ru\/produkt\/cam-cullami-beebihall-voodi-korvale-col163\/\",\"name\":\"Cam Cullami beebih\u00e4ll voodi k\u00f5rvale, col163, \u041b\u044e\u043b\u044c\u043a\u0438 \u0438 \u043a\u0430\u0440\u043c\u0430\u0448\u043a\u0438 \u0434\u043b\u044f \u043a\u0440\u043e\u0432\u0430\u0442\u043a\u0438, \u0421\u041a\u0418\u0414\u041a\u0418, Beebipood\",\"isPartOf\":{\"@id\":\"https:\/\/beebipood.ee\/ru\/#website\"},\"primaryImageOfPage\":{\"@id\":\"https:\/\/beebipood.ee\/ru\/produkt\/cam-cullami-beebihall-voodi-korvale-col163\/#primaryimage\"},\"image\":{\"@id\":\"https:\/\/beebipood.ee\/ru\/produkt\/cam-cullami-beebihall-voodi-korvale-col163\/#primaryimage\"},\"thumbnailUrl\":\"https:\/\/beebipood.ee\/wp-content\/uploads\/2019\/04\/Cam-Cullami-beebihall-voodi-korvale-col163-Beebivoodid-reisivoodid-hallid-Hallid-ja-vooditaskud-Lastemoobel-ja-sisustus_2-aac.jpg\",\"datePublished\":\"2019-04-22T03:21:14+00:00\",\"dateModified\":\"2025-01-09T08:48:53+00:00\",\"description\":\"Cam Cullami beebih\u00e4ll voodi k\u00f5rvale, col163, Lihtsasti kasutatav beebih&auml;ll, mida saab hoida oma voodi k&otilde;rvalv&otilde;i\",\"breadcrumb\":{\"@id\":\"https:\/\/beebipood.ee\/ru\/produkt\/cam-cullami-beebihall-voodi-korvale-col163\/#breadcrumb\"},\"inLanguage\":\"ru-RU\",\"potentialAction\":[{\"@type\":\"ReadAction\",\"target\":[\"https:\/\/beebipood.ee\/ru\/produkt\/cam-cullami-beebihall-voodi-korvale-col163\/\"]}]},{\"@type\":\"ImageObject\",\"inLanguage\":\"ru-RU\",\"@id\":\"https:\/\/beebipood.ee\/ru\/produkt\/cam-cullami-beebihall-voodi-korvale-col163\/#primaryimage\",\"url\":\"https:\/\/beebipood.ee\/wp-content\/uploads\/2019\/04\/Cam-Cullami-beebihall-voodi-korvale-col163-Beebivoodid-reisivoodid-hallid-Hallid-ja-vooditaskud-Lastemoobel-ja-sisustus_2-aac.jpg\",\"contentUrl\":\"https:\/\/beebipood.ee\/wp-content\/uploads\/2019\/04\/Cam-Cullami-beebihall-voodi-korvale-col163-Beebivoodid-reisivoodid-hallid-Hallid-ja-vooditaskud-Lastemoobel-ja-sisustus_2-aac.jpg\",\"width\":980,\"height\":899},{\"@type\":\"BreadcrumbList\",\"@id\":\"https:\/\/beebipood.ee\/ru\/produkt\/cam-cullami-beebihall-voodi-korvale-col163\/#breadcrumb\",\"itemListElement\":[{\"@type\":\"ListItem\",\"position\":1,\"name\":\"Home\",\"item\":\"https:\/\/beebipood.ee\/ru\/\"},{\"@type\":\"ListItem\",\"position\":2,\"name\":\"\u041a\u0430\u0442\u0430\u043b\u043e\u0433 \u0442\u043e\u0432\u0430\u0440\u043e\u0432\",\"item\":\"https:\/\/beebipood.ee\/tooted\/\"},{\"@type\":\"ListItem\",\"position\":3,\"name\":\"Cam Cullami beebih\u00e4ll voodi k\u00f5rvale, col163\"}]},{\"@type\":\"WebSite\",\"@id\":\"https:\/\/beebipood.ee\/ru\/#website\",\"url\":\"https:\/\/beebipood.ee\/ru\/\",\"name\":\"Beebipood\",\"description\":\"Lastekaubad, beebikaubad, m\u00e4nguasjad\",\"publisher\":{\"@id\":\"https:\/\/beebipood.ee\/ru\/#organization\"},\"potentialAction\":[{\"@type\":\"SearchAction\",\"target\":{\"@type\":\"EntryPoint\",\"urlTemplate\":\"https:\/\/beebipood.ee\/ru\/?s={search_term_string}\"},\"query-input\":{\"@type\":\"PropertyValueSpecification\",\"valueRequired\":true,\"valueName\":\"search_term_string\"}}],\"inLanguage\":\"ru-RU\"},{\"@type\":\"Organization\",\"@id\":\"https:\/\/beebipood.ee\/ru\/#organization\",\"name\":\"Beebipood\",\"url\":\"https:\/\/beebipood.ee\/ru\/\",\"logo\":{\"@type\":\"ImageObject\",\"inLanguage\":\"ru-RU\",\"@id\":\"https:\/\/beebipood.ee\/ru\/#\/schema\/logo\/image\/\",\"url\":\"https:\/\/beebipood.ee\/wp-content\/uploads\/2025\/03\/beebipood.ee-logo-1.svg\",\"contentUrl\":\"https:\/\/beebipood.ee\/wp-content\/uploads\/2025\/03\/beebipood.ee-logo-1.svg\",\"caption\":\"Beebipood\"},\"image\":{\"@id\":\"https:\/\/beebipood.ee\/ru\/#\/schema\/logo\/image\/\"}}]}<\/script>\n<!-- \/ Yoast SEO plugin. -->","yoast_head_json":{"title":"Cam Cullami beebih\u00e4ll voodi k\u00f5rvale, col163, \u041b\u044e\u043b\u044c\u043a\u0438 \u0438 \u043a\u0430\u0440\u043c\u0430\u0448\u043a\u0438 \u0434\u043b\u044f \u043a\u0440\u043e\u0432\u0430\u0442\u043a\u0438, \u0421\u041a\u0418\u0414\u041a\u0418, Beebipood","description":"Cam Cullami beebih\u00e4ll voodi k\u00f5rvale, col163, Lihtsasti kasutatav beebih&auml;ll, mida saab hoida oma voodi k&otilde;rvalv&otilde;i","robots":{"index":"index","follow":"follow","max-snippet":"max-snippet:-1","max-image-preview":"max-image-preview:large","max-video-preview":"max-video-preview:-1"},"canonical":"https:\/\/beebipood.ee\/ru\/produkt\/cam-cullami-beebihall-voodi-korvale-col163\/","og_locale":"ru_RU","og_type":"article","og_title":"Cam Cullami beebih\u00e4ll voodi k\u00f5rvale, col163, \u041b\u044e\u043b\u044c\u043a\u0438 \u0438 \u043a\u0430\u0440\u043c\u0430\u0448\u043a\u0438 \u0434\u043b\u044f \u043a\u0440\u043e\u0432\u0430\u0442\u043a\u0438, \u0421\u041a\u0418\u0414\u041a\u0418, Beebipood","og_description":"Cam Cullami beebih\u00e4ll voodi k\u00f5rvale, col163, Lihtsasti kasutatav beebih&auml;ll, mida saab hoida oma voodi k&otilde;rvalv&otilde;i","og_url":"https:\/\/beebipood.ee\/ru\/produkt\/cam-cullami-beebihall-voodi-korvale-col163\/","og_site_name":"Beebipood","article_modified_time":"2025-01-09T08:48:53+00:00","og_image":[{"width":980,"height":899,"url":"https:\/\/beebipood.ee\/wp-content\/uploads\/2019\/04\/Cam-Cullami-beebihall-voodi-korvale-col163-Beebivoodid-reisivoodid-hallid-Hallid-ja-vooditaskud-Lastemoobel-ja-sisustus_2-aac.jpg","type":"image\/jpeg"}],"twitter_card":"summary_large_image","twitter_misc":{"\u041f\u0440\u0438\u043c\u0435\u0440\u043d\u043e\u0435 \u0432\u0440\u0435\u043c\u044f \u0434\u043b\u044f \u0447\u0442\u0435\u043d\u0438\u044f":"1 \u043c\u0438\u043d\u0443\u0442\u0430"},"schema":{"@context":"https:\/\/schema.org","@graph":[{"@type":"WebPage","@id":"https:\/\/beebipood.ee\/ru\/produkt\/cam-cullami-beebihall-voodi-korvale-col163\/","url":"https:\/\/beebipood.ee\/ru\/produkt\/cam-cullami-beebihall-voodi-korvale-col163\/","name":"Cam Cullami beebih\u00e4ll voodi k\u00f5rvale, col163, \u041b\u044e\u043b\u044c\u043a\u0438 \u0438 \u043a\u0430\u0440\u043c\u0430\u0448\u043a\u0438 \u0434\u043b\u044f \u043a\u0440\u043e\u0432\u0430\u0442\u043a\u0438, \u0421\u041a\u0418\u0414\u041a\u0418, Beebipood","isPartOf":{"@id":"https:\/\/beebipood.ee\/ru\/#website"},"primaryImageOfPage":{"@id":"https:\/\/beebipood.ee\/ru\/produkt\/cam-cullami-beebihall-voodi-korvale-col163\/#primaryimage"},"image":{"@id":"https:\/\/beebipood.ee\/ru\/produkt\/cam-cullami-beebihall-voodi-korvale-col163\/#primaryimage"},"thumbnailUrl":"https:\/\/beebipood.ee\/wp-content\/uploads\/2019\/04\/Cam-Cullami-beebihall-voodi-korvale-col163-Beebivoodid-reisivoodid-hallid-Hallid-ja-vooditaskud-Lastemoobel-ja-sisustus_2-aac.jpg","datePublished":"2019-04-22T03:21:14+00:00","dateModified":"2025-01-09T08:48:53+00:00","description":"Cam Cullami beebih\u00e4ll voodi k\u00f5rvale, col163, Lihtsasti kasutatav beebih&auml;ll, mida saab hoida oma voodi k&otilde;rvalv&otilde;i","breadcrumb":{"@id":"https:\/\/beebipood.ee\/ru\/produkt\/cam-cullami-beebihall-voodi-korvale-col163\/#breadcrumb"},"inLanguage":"ru-RU","potentialAction":[{"@type":"ReadAction","target":["https:\/\/beebipood.ee\/ru\/produkt\/cam-cullami-beebihall-voodi-korvale-col163\/"]}]},{"@type":"ImageObject","inLanguage":"ru-RU","@id":"https:\/\/beebipood.ee\/ru\/produkt\/cam-cullami-beebihall-voodi-korvale-col163\/#primaryimage","url":"https:\/\/beebipood.ee\/wp-content\/uploads\/2019\/04\/Cam-Cullami-beebihall-voodi-korvale-col163-Beebivoodid-reisivoodid-hallid-Hallid-ja-vooditaskud-Lastemoobel-ja-sisustus_2-aac.jpg","contentUrl":"https:\/\/beebipood.ee\/wp-content\/uploads\/2019\/04\/Cam-Cullami-beebihall-voodi-korvale-col163-Beebivoodid-reisivoodid-hallid-Hallid-ja-vooditaskud-Lastemoobel-ja-sisustus_2-aac.jpg","width":980,"height":899},{"@type":"BreadcrumbList","@id":"https:\/\/beebipood.ee\/ru\/produkt\/cam-cullami-beebihall-voodi-korvale-col163\/#breadcrumb","itemListElement":[{"@type":"ListItem","position":1,"name":"Home","item":"https:\/\/beebipood.ee\/ru\/"},{"@type":"ListItem","position":2,"name":"\u041a\u0430\u0442\u0430\u043b\u043e\u0433 \u0442\u043e\u0432\u0430\u0440\u043e\u0432","item":"https:\/\/beebipood.ee\/tooted\/"},{"@type":"ListItem","position":3,"name":"Cam Cullami beebih\u00e4ll voodi k\u00f5rvale, col163"}]},{"@type":"WebSite","@id":"https:\/\/beebipood.ee\/ru\/#website","url":"https:\/\/beebipood.ee\/ru\/","name":"Beebipood","description":"Lastekaubad, beebikaubad, m\u00e4nguasjad","publisher":{"@id":"https:\/\/beebipood.ee\/ru\/#organization"},"potentialAction":[{"@type":"SearchAction","target":{"@type":"EntryPoint","urlTemplate":"https:\/\/beebipood.ee\/ru\/?s={search_term_string}"},"query-input":{"@type":"PropertyValueSpecification","valueRequired":true,"valueName":"search_term_string"}}],"inLanguage":"ru-RU"},{"@type":"Organization","@id":"https:\/\/beebipood.ee\/ru\/#organization","name":"Beebipood","url":"https:\/\/beebipood.ee\/ru\/","logo":{"@type":"ImageObject","inLanguage":"ru-RU","@id":"https:\/\/beebipood.ee\/ru\/#\/schema\/logo\/image\/","url":"https:\/\/beebipood.ee\/wp-content\/uploads\/2025\/03\/beebipood.ee-logo-1.svg","contentUrl":"https:\/\/beebipood.ee\/wp-content\/uploads\/2025\/03\/beebipood.ee-logo-1.svg","caption":"Beebipood"},"image":{"@id":"https:\/\/beebipood.ee\/ru\/#\/schema\/logo\/image\/"}}]}},"brands":[{"id":11970,"name":"CAM","slug":"cam-ru"}],"_links":{"self":[{"href":"https:\/\/beebipood.ee\/ru\/wp-json\/wp\/v2\/product\/458625","targetHints":{"allow":["GET"]}}],"collection":[{"href":"https:\/\/beebipood.ee\/ru\/wp-json\/wp\/v2\/product"}],"about":[{"href":"https:\/\/beebipood.ee\/ru\/wp-json\/wp\/v2\/types\/product"}],"wp:featuredmedia":[{"embeddable":true,"href":"https:\/\/beebipood.ee\/ru\/wp-json\/wp\/v2\/media\/129240"}],"wp:attachment":[{"href":"https:\/\/beebipood.ee\/ru\/wp-json\/wp\/v2\/media?parent=458625"}],"wp:term":[{"taxonomy":"pwb-brand","embeddable":true,"href":"https:\/\/beebipood.ee\/ru\/wp-json\/wp\/v2\/pwb-brand?post=458625"},{"taxonomy":"product_brand","embeddable":true,"href":"https:\/\/beebipood.ee\/ru\/wp-json\/wp\/v2\/product_brand?post=458625"},{"taxonomy":"product_cat","embeddable":true,"href":"https:\/\/beebipood.ee\/ru\/wp-json\/wp\/v2\/product_cat?post=458625"},{"taxonomy":"product_tag","embeddable":true,"href":"https:\/\/beebipood.ee\/ru\/wp-json\/wp\/v2\/product_tag?post=458625"}],"curies":[{"name":"wp","href":"https:\/\/api.w.org\/{rel}","templated":true}]}}