{"id":458639,"date":"2019-05-08T07:52:54","date_gmt":"2019-05-08T04:52:54","guid":{"rendered":"https:\/\/beebipood.ee\/toode\/majavoodi-live-voodikastiga-80x160-valge\/"},"modified":"2025-01-09T10:48:52","modified_gmt":"2025-01-09T08:48:52","slug":"majavoodi-live-voodikastiga-80x160-valge","status":"publish","type":"product","link":"https:\/\/beebipood.ee\/ru\/produkt\/majavoodi-live-voodikastiga-80x160-valge\/","title":{"rendered":"Majavoodi Live voodikastiga 80&#215;160, valge"},"content":{"rendered":"<p>valmistatud m\u00e4nnipuidust, MDF&#8217;st ja m\u00f6\u00f6bliplaadist<br \/>viimistluses on kasutatud vee baasil \u00f6koloogiliselt puhtaid ja ohutuid v\u00e4rve<br \/>iga voodi on v\u00e4rvitud kolm korda, mis tagab v\u00e4rvi p\u00fcsivuse<br \/>m\u00f5eldes lapse ohutusele on voodi k\u00f5ik servad \u00fcmardatud<br \/>kvaliteetne ja vastupidav, lihtne kokku panna, kergesti puhastatav<br \/>voodit on v\u00f5imalik kokku panna peegelpildis<br \/>voodikast liigub ratastel<br \/>sahtlit on v\u00f5imalik kasutada nii voodikastina kui ka lisavoodina<br \/>Komplekti kuulub: voodi, voodisahtel\/lisavoodi, voodip\u00f5hi,\u00a0turvapiirded<br \/>madrats ei ole hinna sees<br \/>voodisse ja voodikasti sobib madrats m\u00f5\u00f5duga 80x160cm<br \/>Voodi kandev\u00f5ime: 100kg<\/p>\n","protected":false},"excerpt":{"rendered":"<p>valmistatud m\u00e4nnipuidust, MDF&#8217;st ja m\u00f6\u00f6bliplaadistviimistluses on kasutatud vee baasil \u00f6koloogiliselt puhtaid ja ohutuid v\u00e4rveiga voodi on v\u00e4rvitud kolm korda, mis tagab v\u00e4rvi p\u00fcsivusem\u00f5eldes lapse ohutusele on voodi k\u00f5ik servad \u00fcmardatudkvaliteetne ja vastupidav, lihtne kokku panna, kergesti puhastatavvoodit on v\u00f5imalik kokku panna peegelpildisvoodikast liigub ratastelsahtlit on v\u00f5imalik kasutada nii voodikastina kui ka lisavoodinaKomplekti kuulub: voodi, voodisahtel\/lisavoodi, [&hellip;]<\/p>\n","protected":false},"featured_media":129447,"template":"","meta":{"_acf_changed":false},"pwb-brand":[11946],"product_brand":[],"product_cat":[11589,11559,11789],"product_tag":[],"class_list":{"0":"post-458639","1":"product","2":"type-product","3":"status-publish","4":"has-post-thumbnail","6":"pwb-brand-klups-ru","7":"product_cat-80cm-laiused-ru","8":"product_cat-laste-ja-noortevoodid-ru","9":"product_cat-lastemoobel-ja-sisustus-ru","10":"pa_manufacturer-klups-ru","12":"first","13":"onbackorder","14":"sale","15":"taxable","16":"shipping-taxable","17":"purchasable","18":"product-type-simple"},"exclude_global_add_ons":[],"addons":[],"acf":[],"yoast_head":"<!-- This site is optimized with the Yoast SEO plugin v27.1.1 - https:\/\/yoast.com\/product\/yoast-seo-wordpress\/ -->\n<title>Majavoodi Live voodikastiga 80x160, valge, \u041a\u0440\u043e\u0432\u0430\u0442\u0438 \u0434\u043b\u044f \u0434\u0435\u0442\u0435\u0439 \u0438 \u043f\u043e\u0434\u0440\u043e\u0441\u0442\u043a\u043e\u0432, \u0428\u0438\u0440\u0438\u043d\u0430 80c\u043c, M\u0435\u0431\u0435\u043b\u044c, Beebipood<\/title>\n<meta name=\"description\" content=\"Majavoodi Live voodikastiga 80x160, valge, valmistatud m&auml;nnipuidust, MDF&#039;st ja m&ouml;&ouml;bliplaadistviimistluses on kasutatud vee baasil &ouml;\" \/>\n<meta name=\"robots\" content=\"index, follow, max-snippet:-1, max-image-preview:large, max-video-preview:-1\" \/>\n<link rel=\"canonical\" href=\"https:\/\/beebipood.ee\/ru\/produkt\/majavoodi-live-voodikastiga-80x160-valge\/\" \/>\n<meta property=\"og:locale\" content=\"ru_RU\" \/>\n<meta property=\"og:type\" content=\"article\" \/>\n<meta property=\"og:title\" content=\"Majavoodi Live voodikastiga 80x160, valge, \u041a\u0440\u043e\u0432\u0430\u0442\u0438 \u0434\u043b\u044f \u0434\u0435\u0442\u0435\u0439 \u0438 \u043f\u043e\u0434\u0440\u043e\u0441\u0442\u043a\u043e\u0432, \u0428\u0438\u0440\u0438\u043d\u0430 80c\u043c, M\u0435\u0431\u0435\u043b\u044c, Beebipood\" \/>\n<meta property=\"og:description\" content=\"Majavoodi Live voodikastiga 80x160, valge, valmistatud m&auml;nnipuidust, MDF&#039;st ja m&ouml;&ouml;bliplaadistviimistluses on kasutatud vee baasil &ouml;\" \/>\n<meta property=\"og:url\" content=\"https:\/\/beebipood.ee\/ru\/produkt\/majavoodi-live-voodikastiga-80x160-valge\/\" \/>\n<meta property=\"og:site_name\" content=\"Beebipood\" \/>\n<meta property=\"article:modified_time\" content=\"2025-01-09T08:48:52+00:00\" \/>\n<meta property=\"og:image\" content=\"https:\/\/beebipood.ee\/wp-content\/uploads\/2019\/05\/Majavoodi-Live-voodikastiga-80x160-valge-Laste-ja-noortevoodid-UUED-TOOTED-70cm-laiused-Lastemoobel-ja-sisustus_2-29e.jpg\" \/>\n\t<meta property=\"og:image:width\" content=\"1000\" \/>\n\t<meta property=\"og:image:height\" content=\"1000\" \/>\n\t<meta property=\"og:image:type\" content=\"image\/jpeg\" \/>\n<meta name=\"twitter:card\" content=\"summary_large_image\" \/>\n<script type=\"application\/ld+json\" class=\"yoast-schema-graph\">{\"@context\":\"https:\/\/schema.org\",\"@graph\":[{\"@type\":\"WebPage\",\"@id\":\"https:\/\/beebipood.ee\/ru\/produkt\/majavoodi-live-voodikastiga-80x160-valge\/\",\"url\":\"https:\/\/beebipood.ee\/ru\/produkt\/majavoodi-live-voodikastiga-80x160-valge\/\",\"name\":\"Majavoodi Live voodikastiga 80x160, valge, \u041a\u0440\u043e\u0432\u0430\u0442\u0438 \u0434\u043b\u044f \u0434\u0435\u0442\u0435\u0439 \u0438 \u043f\u043e\u0434\u0440\u043e\u0441\u0442\u043a\u043e\u0432, \u0428\u0438\u0440\u0438\u043d\u0430 80c\u043c, M\u0435\u0431\u0435\u043b\u044c, Beebipood\",\"isPartOf\":{\"@id\":\"https:\/\/beebipood.ee\/ru\/#website\"},\"primaryImageOfPage\":{\"@id\":\"https:\/\/beebipood.ee\/ru\/produkt\/majavoodi-live-voodikastiga-80x160-valge\/#primaryimage\"},\"image\":{\"@id\":\"https:\/\/beebipood.ee\/ru\/produkt\/majavoodi-live-voodikastiga-80x160-valge\/#primaryimage\"},\"thumbnailUrl\":\"https:\/\/beebipood.ee\/wp-content\/uploads\/2019\/05\/Majavoodi-Live-voodikastiga-80x160-valge-Laste-ja-noortevoodid-UUED-TOOTED-70cm-laiused-Lastemoobel-ja-sisustus_2-29e.jpg\",\"datePublished\":\"2019-05-08T04:52:54+00:00\",\"dateModified\":\"2025-01-09T08:48:52+00:00\",\"description\":\"Majavoodi Live voodikastiga 80x160, valge, valmistatud m&auml;nnipuidust, MDF'st ja m&ouml;&ouml;bliplaadistviimistluses on kasutatud vee baasil &ouml;\",\"breadcrumb\":{\"@id\":\"https:\/\/beebipood.ee\/ru\/produkt\/majavoodi-live-voodikastiga-80x160-valge\/#breadcrumb\"},\"inLanguage\":\"ru-RU\",\"potentialAction\":[{\"@type\":\"ReadAction\",\"target\":[\"https:\/\/beebipood.ee\/ru\/produkt\/majavoodi-live-voodikastiga-80x160-valge\/\"]}]},{\"@type\":\"ImageObject\",\"inLanguage\":\"ru-RU\",\"@id\":\"https:\/\/beebipood.ee\/ru\/produkt\/majavoodi-live-voodikastiga-80x160-valge\/#primaryimage\",\"url\":\"https:\/\/beebipood.ee\/wp-content\/uploads\/2019\/05\/Majavoodi-Live-voodikastiga-80x160-valge-Laste-ja-noortevoodid-UUED-TOOTED-70cm-laiused-Lastemoobel-ja-sisustus_2-29e.jpg\",\"contentUrl\":\"https:\/\/beebipood.ee\/wp-content\/uploads\/2019\/05\/Majavoodi-Live-voodikastiga-80x160-valge-Laste-ja-noortevoodid-UUED-TOOTED-70cm-laiused-Lastemoobel-ja-sisustus_2-29e.jpg\",\"width\":1000,\"height\":1000},{\"@type\":\"BreadcrumbList\",\"@id\":\"https:\/\/beebipood.ee\/ru\/produkt\/majavoodi-live-voodikastiga-80x160-valge\/#breadcrumb\",\"itemListElement\":[{\"@type\":\"ListItem\",\"position\":1,\"name\":\"Home\",\"item\":\"https:\/\/beebipood.ee\/ru\/\"},{\"@type\":\"ListItem\",\"position\":2,\"name\":\"\u041a\u0430\u0442\u0430\u043b\u043e\u0433 \u0442\u043e\u0432\u0430\u0440\u043e\u0432\",\"item\":\"https:\/\/beebipood.ee\/tooted\/\"},{\"@type\":\"ListItem\",\"position\":3,\"name\":\"Majavoodi Live voodikastiga 80&#215;160, valge\"}]},{\"@type\":\"WebSite\",\"@id\":\"https:\/\/beebipood.ee\/ru\/#website\",\"url\":\"https:\/\/beebipood.ee\/ru\/\",\"name\":\"Beebipood\",\"description\":\"Lastekaubad, beebikaubad, m\u00e4nguasjad\",\"publisher\":{\"@id\":\"https:\/\/beebipood.ee\/ru\/#organization\"},\"potentialAction\":[{\"@type\":\"SearchAction\",\"target\":{\"@type\":\"EntryPoint\",\"urlTemplate\":\"https:\/\/beebipood.ee\/ru\/?s={search_term_string}\"},\"query-input\":{\"@type\":\"PropertyValueSpecification\",\"valueRequired\":true,\"valueName\":\"search_term_string\"}}],\"inLanguage\":\"ru-RU\"},{\"@type\":\"Organization\",\"@id\":\"https:\/\/beebipood.ee\/ru\/#organization\",\"name\":\"Beebipood\",\"url\":\"https:\/\/beebipood.ee\/ru\/\",\"logo\":{\"@type\":\"ImageObject\",\"inLanguage\":\"ru-RU\",\"@id\":\"https:\/\/beebipood.ee\/ru\/#\/schema\/logo\/image\/\",\"url\":\"https:\/\/beebipood.ee\/wp-content\/uploads\/2025\/03\/beebipood.ee-logo-1.svg\",\"contentUrl\":\"https:\/\/beebipood.ee\/wp-content\/uploads\/2025\/03\/beebipood.ee-logo-1.svg\",\"caption\":\"Beebipood\"},\"image\":{\"@id\":\"https:\/\/beebipood.ee\/ru\/#\/schema\/logo\/image\/\"}}]}<\/script>\n<!-- \/ Yoast SEO plugin. -->","yoast_head_json":{"title":"Majavoodi Live voodikastiga 80x160, valge, \u041a\u0440\u043e\u0432\u0430\u0442\u0438 \u0434\u043b\u044f \u0434\u0435\u0442\u0435\u0439 \u0438 \u043f\u043e\u0434\u0440\u043e\u0441\u0442\u043a\u043e\u0432, \u0428\u0438\u0440\u0438\u043d\u0430 80c\u043c, M\u0435\u0431\u0435\u043b\u044c, Beebipood","description":"Majavoodi Live voodikastiga 80x160, valge, valmistatud m&auml;nnipuidust, MDF'st ja m&ouml;&ouml;bliplaadistviimistluses on kasutatud vee baasil &ouml;","robots":{"index":"index","follow":"follow","max-snippet":"max-snippet:-1","max-image-preview":"max-image-preview:large","max-video-preview":"max-video-preview:-1"},"canonical":"https:\/\/beebipood.ee\/ru\/produkt\/majavoodi-live-voodikastiga-80x160-valge\/","og_locale":"ru_RU","og_type":"article","og_title":"Majavoodi Live voodikastiga 80x160, valge, \u041a\u0440\u043e\u0432\u0430\u0442\u0438 \u0434\u043b\u044f \u0434\u0435\u0442\u0435\u0439 \u0438 \u043f\u043e\u0434\u0440\u043e\u0441\u0442\u043a\u043e\u0432, \u0428\u0438\u0440\u0438\u043d\u0430 80c\u043c, M\u0435\u0431\u0435\u043b\u044c, Beebipood","og_description":"Majavoodi Live voodikastiga 80x160, valge, valmistatud m&auml;nnipuidust, MDF'st ja m&ouml;&ouml;bliplaadistviimistluses on kasutatud vee baasil &ouml;","og_url":"https:\/\/beebipood.ee\/ru\/produkt\/majavoodi-live-voodikastiga-80x160-valge\/","og_site_name":"Beebipood","article_modified_time":"2025-01-09T08:48:52+00:00","og_image":[{"width":1000,"height":1000,"url":"https:\/\/beebipood.ee\/wp-content\/uploads\/2019\/05\/Majavoodi-Live-voodikastiga-80x160-valge-Laste-ja-noortevoodid-UUED-TOOTED-70cm-laiused-Lastemoobel-ja-sisustus_2-29e.jpg","type":"image\/jpeg"}],"twitter_card":"summary_large_image","schema":{"@context":"https:\/\/schema.org","@graph":[{"@type":"WebPage","@id":"https:\/\/beebipood.ee\/ru\/produkt\/majavoodi-live-voodikastiga-80x160-valge\/","url":"https:\/\/beebipood.ee\/ru\/produkt\/majavoodi-live-voodikastiga-80x160-valge\/","name":"Majavoodi Live voodikastiga 80x160, valge, \u041a\u0440\u043e\u0432\u0430\u0442\u0438 \u0434\u043b\u044f \u0434\u0435\u0442\u0435\u0439 \u0438 \u043f\u043e\u0434\u0440\u043e\u0441\u0442\u043a\u043e\u0432, \u0428\u0438\u0440\u0438\u043d\u0430 80c\u043c, M\u0435\u0431\u0435\u043b\u044c, Beebipood","isPartOf":{"@id":"https:\/\/beebipood.ee\/ru\/#website"},"primaryImageOfPage":{"@id":"https:\/\/beebipood.ee\/ru\/produkt\/majavoodi-live-voodikastiga-80x160-valge\/#primaryimage"},"image":{"@id":"https:\/\/beebipood.ee\/ru\/produkt\/majavoodi-live-voodikastiga-80x160-valge\/#primaryimage"},"thumbnailUrl":"https:\/\/beebipood.ee\/wp-content\/uploads\/2019\/05\/Majavoodi-Live-voodikastiga-80x160-valge-Laste-ja-noortevoodid-UUED-TOOTED-70cm-laiused-Lastemoobel-ja-sisustus_2-29e.jpg","datePublished":"2019-05-08T04:52:54+00:00","dateModified":"2025-01-09T08:48:52+00:00","description":"Majavoodi Live voodikastiga 80x160, valge, valmistatud m&auml;nnipuidust, MDF'st ja m&ouml;&ouml;bliplaadistviimistluses on kasutatud vee baasil &ouml;","breadcrumb":{"@id":"https:\/\/beebipood.ee\/ru\/produkt\/majavoodi-live-voodikastiga-80x160-valge\/#breadcrumb"},"inLanguage":"ru-RU","potentialAction":[{"@type":"ReadAction","target":["https:\/\/beebipood.ee\/ru\/produkt\/majavoodi-live-voodikastiga-80x160-valge\/"]}]},{"@type":"ImageObject","inLanguage":"ru-RU","@id":"https:\/\/beebipood.ee\/ru\/produkt\/majavoodi-live-voodikastiga-80x160-valge\/#primaryimage","url":"https:\/\/beebipood.ee\/wp-content\/uploads\/2019\/05\/Majavoodi-Live-voodikastiga-80x160-valge-Laste-ja-noortevoodid-UUED-TOOTED-70cm-laiused-Lastemoobel-ja-sisustus_2-29e.jpg","contentUrl":"https:\/\/beebipood.ee\/wp-content\/uploads\/2019\/05\/Majavoodi-Live-voodikastiga-80x160-valge-Laste-ja-noortevoodid-UUED-TOOTED-70cm-laiused-Lastemoobel-ja-sisustus_2-29e.jpg","width":1000,"height":1000},{"@type":"BreadcrumbList","@id":"https:\/\/beebipood.ee\/ru\/produkt\/majavoodi-live-voodikastiga-80x160-valge\/#breadcrumb","itemListElement":[{"@type":"ListItem","position":1,"name":"Home","item":"https:\/\/beebipood.ee\/ru\/"},{"@type":"ListItem","position":2,"name":"\u041a\u0430\u0442\u0430\u043b\u043e\u0433 \u0442\u043e\u0432\u0430\u0440\u043e\u0432","item":"https:\/\/beebipood.ee\/tooted\/"},{"@type":"ListItem","position":3,"name":"Majavoodi Live voodikastiga 80&#215;160, valge"}]},{"@type":"WebSite","@id":"https:\/\/beebipood.ee\/ru\/#website","url":"https:\/\/beebipood.ee\/ru\/","name":"Beebipood","description":"Lastekaubad, beebikaubad, m\u00e4nguasjad","publisher":{"@id":"https:\/\/beebipood.ee\/ru\/#organization"},"potentialAction":[{"@type":"SearchAction","target":{"@type":"EntryPoint","urlTemplate":"https:\/\/beebipood.ee\/ru\/?s={search_term_string}"},"query-input":{"@type":"PropertyValueSpecification","valueRequired":true,"valueName":"search_term_string"}}],"inLanguage":"ru-RU"},{"@type":"Organization","@id":"https:\/\/beebipood.ee\/ru\/#organization","name":"Beebipood","url":"https:\/\/beebipood.ee\/ru\/","logo":{"@type":"ImageObject","inLanguage":"ru-RU","@id":"https:\/\/beebipood.ee\/ru\/#\/schema\/logo\/image\/","url":"https:\/\/beebipood.ee\/wp-content\/uploads\/2025\/03\/beebipood.ee-logo-1.svg","contentUrl":"https:\/\/beebipood.ee\/wp-content\/uploads\/2025\/03\/beebipood.ee-logo-1.svg","caption":"Beebipood"},"image":{"@id":"https:\/\/beebipood.ee\/ru\/#\/schema\/logo\/image\/"}}]}},"brands":[{"id":11946,"name":"Klups","slug":"klups-ru"}],"_links":{"self":[{"href":"https:\/\/beebipood.ee\/ru\/wp-json\/wp\/v2\/product\/458639","targetHints":{"allow":["GET"]}}],"collection":[{"href":"https:\/\/beebipood.ee\/ru\/wp-json\/wp\/v2\/product"}],"about":[{"href":"https:\/\/beebipood.ee\/ru\/wp-json\/wp\/v2\/types\/product"}],"wp:featuredmedia":[{"embeddable":true,"href":"https:\/\/beebipood.ee\/ru\/wp-json\/wp\/v2\/media\/129447"}],"wp:attachment":[{"href":"https:\/\/beebipood.ee\/ru\/wp-json\/wp\/v2\/media?parent=458639"}],"wp:term":[{"taxonomy":"pwb-brand","embeddable":true,"href":"https:\/\/beebipood.ee\/ru\/wp-json\/wp\/v2\/pwb-brand?post=458639"},{"taxonomy":"product_brand","embeddable":true,"href":"https:\/\/beebipood.ee\/ru\/wp-json\/wp\/v2\/product_brand?post=458639"},{"taxonomy":"product_cat","embeddable":true,"href":"https:\/\/beebipood.ee\/ru\/wp-json\/wp\/v2\/product_cat?post=458639"},{"taxonomy":"product_tag","embeddable":true,"href":"https:\/\/beebipood.ee\/ru\/wp-json\/wp\/v2\/product_tag?post=458639"}],"curies":[{"name":"wp","href":"https:\/\/api.w.org\/{rel}","templated":true}]}}