{"id":458647,"date":"2025-07-07T08:14:40","date_gmt":"2025-07-07T05:14:40","guid":{"rendered":"https:\/\/beebipood.ee\/toode\/maxi-cosi-pebble-360-pro-turvahall-essential-black\/"},"modified":"2025-07-07T12:06:56","modified_gmt":"2025-07-07T09:06:56","slug":"maxi-cosi-nomad-xl-plus-i-size-turvatool-76-150cm-authentic-black","status":"publish","type":"product","link":"https:\/\/beebipood.ee\/ru\/produkt\/maxi-cosi-nomad-xl-plus-i-size-turvatool-76-150cm-authentic-black\/","title":{"rendered":"Maxi-Cosi Nomad XL Plus i-Size turvatool 76-150cm, Authentic Black"},"content":{"rendered":"<p>Maxi-Cosi Nomad XL Plus turvatool on ideaalne reisikaaslane lapsele,<br \/>\nkes vajab tavalisest rohkem ruumi.<br \/>\nSee on kerge, lihtsalt kokkupandav ja mugav kaasas kanda.<br \/>\nT\u00e4nu kiirele v\u00f6\u00f6paigaldusele sobib Nomad XL Plus kasutamiseks igas autos<br \/>\nolgu see takso, rendiauto v\u00f5i vanavanemate s\u00f5iduk.<br \/>\nXL-versioon pakub lisaruumi ja suuremat istumismugavust pikemateks reisideks.<br \/>\nXL-m\u00f5\u00f5dus iste suuremale lapsele<br \/>\nKerge ja kompaktne \u2013 ideaalne reisidele<br \/>\nLihtne v\u00f6\u00f6paigaldus igas autos<br \/>\n<strong>Kasutusmugavus<\/strong><br \/>\nKaalub 6kg \u2013 kerge kaasa v\u00f5tta v\u00f5rreldes tavalise turvatooliga<br \/>\nKokkuvolditav ja komplektis kaasas praktiline kandekott<br \/>\nKiire ja lihtne paigaldus auto turvav\u00f6\u00f6ga \u2013 pole vaja Isofixi<br \/>\nSobib kasutamiseks k\u00f5ikides s\u00f5idukites<br \/>\nKatte saab lihtsalt eemaldada ja masinas pesta<br \/>\n<strong>Mugavus<\/strong><br \/>\nXL-suuruses iste \u2013 rohkem ruumi kasvavale lapsele<br \/>\nPlus-versioonis veelgi pehmem polsterdus<br \/>\nLaiem istumisala ja s\u00fcgavam seljatugi (5 seljatoe asendit)<br \/>\nReguleeritav peatoe ja rihmas\u00fcsteemi k\u00f5rgus lapse kasvades<br \/>\nPehme kangas ja ergonoomiline disain pikaajaliseks kasutamiseks<br \/>\n<strong>Turvalisus<\/strong><br \/>\nKasutamiseks n\u00e4oga s\u00f5idusuunas<br \/>\n5-punkti turvarihmad hoiavad lapse kindlalt paigal<br \/>\nL\u00f6\u00f6ke neelav konstruktsioon pakub t\u00e4iendavat k\u00fclgkaitset<br \/>\nVastab uusimatele turvastandarditele i-Size (R129\/04)<br \/>\nPaigaldatav kindlalt auto turvav\u00f6\u00f6 abil<br \/>\n(kuni 4. eluaastani vajalik kinnitada ka Top-Tether ankur)<br \/>\n<strong>\u00dcldine<\/strong><br \/>\nSobib lastele vanuses ca 15 kuud kuni 4 aastat (76-150cm | 9\u201322kg)<br \/>\nM\u00f5\u00f5dud kokkupanduna: 52 x 46 x 25cm<br \/>\nKaal: 6kg<br \/>\nV\u00e4rvus: Authentic Black<br \/>\nDisainitud spetsiaalselt reisimiseks \u2013 autos\u00f5idud, taksod, rendiautod, lennureisid<\/p>\n","protected":false},"excerpt":{"rendered":"<p>Maxi-Cosi Nomad XL Plus turvatool on ideaalne reisikaaslane lapsele, kes vajab tavalisest rohkem ruumi. See on kerge, lihtsalt kokkupandav ja mugav kaasas kanda. T\u00e4nu kiirele v\u00f6\u00f6paigaldusele sobib Nomad XL Plus kasutamiseks igas autos olgu see takso, rendiauto v\u00f5i vanavanemate s\u00f5iduk. XL-versioon pakub lisaruumi ja suuremat istumismugavust pikemateks reisideks. XL-m\u00f5\u00f5dus iste suuremale lapsele Kerge ja kompaktne [&hellip;]<\/p>\n","protected":false},"featured_media":505500,"template":"","meta":{"_acf_changed":false},"pwb-brand":[11961],"product_brand":[],"product_cat":[11727,11739,11791],"product_tag":[],"class_list":{"0":"post-458647","1":"product","2":"type-product","3":"status-publish","4":"has-post-thumbnail","6":"pwb-brand-maxi-cosi-ru","7":"product_cat-turvatoolid-hallid-ru","8":"product_cat-turvatoolid-15-36-kg-ru","9":"product_cat-turvavarustus-ru","10":"pa_manufacturer-maxi_cosi-ru","12":"first","13":"onbackorder","14":"taxable","15":"shipping-taxable","16":"purchasable","17":"product-type-simple"},"exclude_global_add_ons":[],"addons":[],"acf":[],"yoast_head":"<!-- This site is optimized with the Yoast SEO plugin v27.1.1 - https:\/\/yoast.com\/product\/yoast-seo-wordpress\/ -->\n<title>Maxi-Cosi Pebble 360 Pro\u00b2 turvah\u00e4ll, Essential Black, \u0410\u0432\u0442\u043e\u043a\u0440\u0435\u0441\u043b\u0430, \u043b\u044e\u043b\u044c\u043a\u0438, \u0410\u0432\u0442\u043e\u043b\u044e\u043b\u044c\u043a\u0430, \u0421\u043d\u0430\u0440\u044f\u0436\u0435\u043d\u0438\u044f \u0431\u0435\u0437\u043e\u043f\u0430\u0441\u043d\u043e\u0441\u0442\u0438, Beebipood<\/title>\n<meta name=\"description\" content=\"Maxi-Cosi Pebble 360 Pro\u00b2 turvah\u00e4ll, Essential Black, Maxi-Cosi 360 Pro s\u00fcsteemi kuuluv Pebble 360 Pro\u00b2 turvah\u00e4ll on juba t\u00e4iusta\" \/>\n<meta name=\"robots\" content=\"index, follow, max-snippet:-1, max-image-preview:large, max-video-preview:-1\" \/>\n<link rel=\"canonical\" href=\"https:\/\/beebipood.ee\/ru\/produkt\/maxi-cosi-nomad-xl-plus-i-size-turvatool-76-150cm-authentic-black\/\" \/>\n<meta property=\"og:locale\" content=\"ru_RU\" \/>\n<meta property=\"og:type\" content=\"article\" \/>\n<meta property=\"og:title\" content=\"Maxi-Cosi Pebble 360 Pro\u00b2 turvah\u00e4ll, Essential Black, \u0410\u0432\u0442\u043e\u043a\u0440\u0435\u0441\u043b\u0430, \u043b\u044e\u043b\u044c\u043a\u0438, \u0410\u0432\u0442\u043e\u043b\u044e\u043b\u044c\u043a\u0430, \u0421\u043d\u0430\u0440\u044f\u0436\u0435\u043d\u0438\u044f \u0431\u0435\u0437\u043e\u043f\u0430\u0441\u043d\u043e\u0441\u0442\u0438, Beebipood\" \/>\n<meta property=\"og:description\" content=\"Maxi-Cosi Pebble 360 Pro\u00b2 turvah\u00e4ll, Essential Black, Maxi-Cosi 360 Pro s\u00fcsteemi kuuluv Pebble 360 Pro\u00b2 turvah\u00e4ll on juba t\u00e4iusta\" \/>\n<meta property=\"og:url\" content=\"https:\/\/beebipood.ee\/ru\/produkt\/maxi-cosi-nomad-xl-plus-i-size-turvatool-76-150cm-authentic-black\/\" \/>\n<meta property=\"og:site_name\" content=\"Beebipood\" \/>\n<meta property=\"article:modified_time\" content=\"2025-07-07T09:06:56+00:00\" \/>\n<meta property=\"og:image\" content=\"https:\/\/beebipood.ee\/wp-content\/uploads\/2019\/05\/maxi-cosi-nomad-xl-plus-turvatool.jpg\" \/>\n\t<meta property=\"og:image:width\" content=\"930\" \/>\n\t<meta property=\"og:image:height\" content=\"1050\" \/>\n\t<meta property=\"og:image:type\" content=\"image\/jpeg\" \/>\n<meta name=\"twitter:card\" content=\"summary_large_image\" \/>\n<meta name=\"twitter:label1\" content=\"\u041f\u0440\u0438\u043c\u0435\u0440\u043d\u043e\u0435 \u0432\u0440\u0435\u043c\u044f \u0434\u043b\u044f \u0447\u0442\u0435\u043d\u0438\u044f\" \/>\n\t<meta name=\"twitter:data1\" content=\"2 \u043c\u0438\u043d\u0443\u0442\u044b\" \/>\n<script type=\"application\/ld+json\" class=\"yoast-schema-graph\">{\"@context\":\"https:\/\/schema.org\",\"@graph\":[{\"@type\":\"WebPage\",\"@id\":\"https:\/\/beebipood.ee\/ru\/produkt\/maxi-cosi-nomad-xl-plus-i-size-turvatool-76-150cm-authentic-black\/\",\"url\":\"https:\/\/beebipood.ee\/ru\/produkt\/maxi-cosi-nomad-xl-plus-i-size-turvatool-76-150cm-authentic-black\/\",\"name\":\"Maxi-Cosi Pebble 360 Pro\u00b2 turvah\u00e4ll, Essential Black, \u0410\u0432\u0442\u043e\u043a\u0440\u0435\u0441\u043b\u0430, \u043b\u044e\u043b\u044c\u043a\u0438, \u0410\u0432\u0442\u043e\u043b\u044e\u043b\u044c\u043a\u0430, \u0421\u043d\u0430\u0440\u044f\u0436\u0435\u043d\u0438\u044f \u0431\u0435\u0437\u043e\u043f\u0430\u0441\u043d\u043e\u0441\u0442\u0438, Beebipood\",\"isPartOf\":{\"@id\":\"https:\/\/beebipood.ee\/ru\/#website\"},\"primaryImageOfPage\":{\"@id\":\"https:\/\/beebipood.ee\/ru\/produkt\/maxi-cosi-nomad-xl-plus-i-size-turvatool-76-150cm-authentic-black\/#primaryimage\"},\"image\":{\"@id\":\"https:\/\/beebipood.ee\/ru\/produkt\/maxi-cosi-nomad-xl-plus-i-size-turvatool-76-150cm-authentic-black\/#primaryimage\"},\"thumbnailUrl\":\"https:\/\/beebipood.ee\/wp-content\/uploads\/2019\/05\/maxi-cosi-nomad-xl-plus-turvatool.jpg\",\"datePublished\":\"2025-07-07T05:14:40+00:00\",\"dateModified\":\"2025-07-07T09:06:56+00:00\",\"description\":\"Maxi-Cosi Pebble 360 Pro\u00b2 turvah\u00e4ll, Essential Black, Maxi-Cosi 360 Pro s\u00fcsteemi kuuluv Pebble 360 Pro\u00b2 turvah\u00e4ll on juba t\u00e4iusta\",\"breadcrumb\":{\"@id\":\"https:\/\/beebipood.ee\/ru\/produkt\/maxi-cosi-nomad-xl-plus-i-size-turvatool-76-150cm-authentic-black\/#breadcrumb\"},\"inLanguage\":\"ru-RU\",\"potentialAction\":[{\"@type\":\"ReadAction\",\"target\":[\"https:\/\/beebipood.ee\/ru\/produkt\/maxi-cosi-nomad-xl-plus-i-size-turvatool-76-150cm-authentic-black\/\"]}]},{\"@type\":\"ImageObject\",\"inLanguage\":\"ru-RU\",\"@id\":\"https:\/\/beebipood.ee\/ru\/produkt\/maxi-cosi-nomad-xl-plus-i-size-turvatool-76-150cm-authentic-black\/#primaryimage\",\"url\":\"https:\/\/beebipood.ee\/wp-content\/uploads\/2019\/05\/maxi-cosi-nomad-xl-plus-turvatool.jpg\",\"contentUrl\":\"https:\/\/beebipood.ee\/wp-content\/uploads\/2019\/05\/maxi-cosi-nomad-xl-plus-turvatool.jpg\",\"width\":930,\"height\":1050},{\"@type\":\"BreadcrumbList\",\"@id\":\"https:\/\/beebipood.ee\/ru\/produkt\/maxi-cosi-nomad-xl-plus-i-size-turvatool-76-150cm-authentic-black\/#breadcrumb\",\"itemListElement\":[{\"@type\":\"ListItem\",\"position\":1,\"name\":\"Home\",\"item\":\"https:\/\/beebipood.ee\/ru\/\"},{\"@type\":\"ListItem\",\"position\":2,\"name\":\"\u041a\u0430\u0442\u0430\u043b\u043e\u0433 \u0442\u043e\u0432\u0430\u0440\u043e\u0432\",\"item\":\"https:\/\/beebipood.ee\/tooted\/\"},{\"@type\":\"ListItem\",\"position\":3,\"name\":\"Maxi-Cosi Nomad XL Plus i-Size turvatool 76-150cm, Authentic Black\"}]},{\"@type\":\"WebSite\",\"@id\":\"https:\/\/beebipood.ee\/ru\/#website\",\"url\":\"https:\/\/beebipood.ee\/ru\/\",\"name\":\"Beebipood\",\"description\":\"Lastekaubad, beebikaubad, m\u00e4nguasjad\",\"publisher\":{\"@id\":\"https:\/\/beebipood.ee\/ru\/#organization\"},\"potentialAction\":[{\"@type\":\"SearchAction\",\"target\":{\"@type\":\"EntryPoint\",\"urlTemplate\":\"https:\/\/beebipood.ee\/ru\/?s={search_term_string}\"},\"query-input\":{\"@type\":\"PropertyValueSpecification\",\"valueRequired\":true,\"valueName\":\"search_term_string\"}}],\"inLanguage\":\"ru-RU\"},{\"@type\":\"Organization\",\"@id\":\"https:\/\/beebipood.ee\/ru\/#organization\",\"name\":\"Beebipood\",\"url\":\"https:\/\/beebipood.ee\/ru\/\",\"logo\":{\"@type\":\"ImageObject\",\"inLanguage\":\"ru-RU\",\"@id\":\"https:\/\/beebipood.ee\/ru\/#\/schema\/logo\/image\/\",\"url\":\"https:\/\/beebipood.ee\/wp-content\/uploads\/2025\/03\/beebipood.ee-logo-1.svg\",\"contentUrl\":\"https:\/\/beebipood.ee\/wp-content\/uploads\/2025\/03\/beebipood.ee-logo-1.svg\",\"caption\":\"Beebipood\"},\"image\":{\"@id\":\"https:\/\/beebipood.ee\/ru\/#\/schema\/logo\/image\/\"}}]}<\/script>\n<!-- \/ Yoast SEO plugin. -->","yoast_head_json":{"title":"Maxi-Cosi Pebble 360 Pro\u00b2 turvah\u00e4ll, Essential Black, \u0410\u0432\u0442\u043e\u043a\u0440\u0435\u0441\u043b\u0430, \u043b\u044e\u043b\u044c\u043a\u0438, \u0410\u0432\u0442\u043e\u043b\u044e\u043b\u044c\u043a\u0430, \u0421\u043d\u0430\u0440\u044f\u0436\u0435\u043d\u0438\u044f \u0431\u0435\u0437\u043e\u043f\u0430\u0441\u043d\u043e\u0441\u0442\u0438, Beebipood","description":"Maxi-Cosi Pebble 360 Pro\u00b2 turvah\u00e4ll, Essential Black, Maxi-Cosi 360 Pro s\u00fcsteemi kuuluv Pebble 360 Pro\u00b2 turvah\u00e4ll on juba t\u00e4iusta","robots":{"index":"index","follow":"follow","max-snippet":"max-snippet:-1","max-image-preview":"max-image-preview:large","max-video-preview":"max-video-preview:-1"},"canonical":"https:\/\/beebipood.ee\/ru\/produkt\/maxi-cosi-nomad-xl-plus-i-size-turvatool-76-150cm-authentic-black\/","og_locale":"ru_RU","og_type":"article","og_title":"Maxi-Cosi Pebble 360 Pro\u00b2 turvah\u00e4ll, Essential Black, \u0410\u0432\u0442\u043e\u043a\u0440\u0435\u0441\u043b\u0430, \u043b\u044e\u043b\u044c\u043a\u0438, \u0410\u0432\u0442\u043e\u043b\u044e\u043b\u044c\u043a\u0430, \u0421\u043d\u0430\u0440\u044f\u0436\u0435\u043d\u0438\u044f \u0431\u0435\u0437\u043e\u043f\u0430\u0441\u043d\u043e\u0441\u0442\u0438, Beebipood","og_description":"Maxi-Cosi Pebble 360 Pro\u00b2 turvah\u00e4ll, Essential Black, Maxi-Cosi 360 Pro s\u00fcsteemi kuuluv Pebble 360 Pro\u00b2 turvah\u00e4ll on juba t\u00e4iusta","og_url":"https:\/\/beebipood.ee\/ru\/produkt\/maxi-cosi-nomad-xl-plus-i-size-turvatool-76-150cm-authentic-black\/","og_site_name":"Beebipood","article_modified_time":"2025-07-07T09:06:56+00:00","og_image":[{"width":930,"height":1050,"url":"https:\/\/beebipood.ee\/wp-content\/uploads\/2019\/05\/maxi-cosi-nomad-xl-plus-turvatool.jpg","type":"image\/jpeg"}],"twitter_card":"summary_large_image","twitter_misc":{"\u041f\u0440\u0438\u043c\u0435\u0440\u043d\u043e\u0435 \u0432\u0440\u0435\u043c\u044f \u0434\u043b\u044f \u0447\u0442\u0435\u043d\u0438\u044f":"2 \u043c\u0438\u043d\u0443\u0442\u044b"},"schema":{"@context":"https:\/\/schema.org","@graph":[{"@type":"WebPage","@id":"https:\/\/beebipood.ee\/ru\/produkt\/maxi-cosi-nomad-xl-plus-i-size-turvatool-76-150cm-authentic-black\/","url":"https:\/\/beebipood.ee\/ru\/produkt\/maxi-cosi-nomad-xl-plus-i-size-turvatool-76-150cm-authentic-black\/","name":"Maxi-Cosi Pebble 360 Pro\u00b2 turvah\u00e4ll, Essential Black, \u0410\u0432\u0442\u043e\u043a\u0440\u0435\u0441\u043b\u0430, \u043b\u044e\u043b\u044c\u043a\u0438, \u0410\u0432\u0442\u043e\u043b\u044e\u043b\u044c\u043a\u0430, \u0421\u043d\u0430\u0440\u044f\u0436\u0435\u043d\u0438\u044f \u0431\u0435\u0437\u043e\u043f\u0430\u0441\u043d\u043e\u0441\u0442\u0438, Beebipood","isPartOf":{"@id":"https:\/\/beebipood.ee\/ru\/#website"},"primaryImageOfPage":{"@id":"https:\/\/beebipood.ee\/ru\/produkt\/maxi-cosi-nomad-xl-plus-i-size-turvatool-76-150cm-authentic-black\/#primaryimage"},"image":{"@id":"https:\/\/beebipood.ee\/ru\/produkt\/maxi-cosi-nomad-xl-plus-i-size-turvatool-76-150cm-authentic-black\/#primaryimage"},"thumbnailUrl":"https:\/\/beebipood.ee\/wp-content\/uploads\/2019\/05\/maxi-cosi-nomad-xl-plus-turvatool.jpg","datePublished":"2025-07-07T05:14:40+00:00","dateModified":"2025-07-07T09:06:56+00:00","description":"Maxi-Cosi Pebble 360 Pro\u00b2 turvah\u00e4ll, Essential Black, Maxi-Cosi 360 Pro s\u00fcsteemi kuuluv Pebble 360 Pro\u00b2 turvah\u00e4ll on juba t\u00e4iusta","breadcrumb":{"@id":"https:\/\/beebipood.ee\/ru\/produkt\/maxi-cosi-nomad-xl-plus-i-size-turvatool-76-150cm-authentic-black\/#breadcrumb"},"inLanguage":"ru-RU","potentialAction":[{"@type":"ReadAction","target":["https:\/\/beebipood.ee\/ru\/produkt\/maxi-cosi-nomad-xl-plus-i-size-turvatool-76-150cm-authentic-black\/"]}]},{"@type":"ImageObject","inLanguage":"ru-RU","@id":"https:\/\/beebipood.ee\/ru\/produkt\/maxi-cosi-nomad-xl-plus-i-size-turvatool-76-150cm-authentic-black\/#primaryimage","url":"https:\/\/beebipood.ee\/wp-content\/uploads\/2019\/05\/maxi-cosi-nomad-xl-plus-turvatool.jpg","contentUrl":"https:\/\/beebipood.ee\/wp-content\/uploads\/2019\/05\/maxi-cosi-nomad-xl-plus-turvatool.jpg","width":930,"height":1050},{"@type":"BreadcrumbList","@id":"https:\/\/beebipood.ee\/ru\/produkt\/maxi-cosi-nomad-xl-plus-i-size-turvatool-76-150cm-authentic-black\/#breadcrumb","itemListElement":[{"@type":"ListItem","position":1,"name":"Home","item":"https:\/\/beebipood.ee\/ru\/"},{"@type":"ListItem","position":2,"name":"\u041a\u0430\u0442\u0430\u043b\u043e\u0433 \u0442\u043e\u0432\u0430\u0440\u043e\u0432","item":"https:\/\/beebipood.ee\/tooted\/"},{"@type":"ListItem","position":3,"name":"Maxi-Cosi Nomad XL Plus i-Size turvatool 76-150cm, Authentic Black"}]},{"@type":"WebSite","@id":"https:\/\/beebipood.ee\/ru\/#website","url":"https:\/\/beebipood.ee\/ru\/","name":"Beebipood","description":"Lastekaubad, beebikaubad, m\u00e4nguasjad","publisher":{"@id":"https:\/\/beebipood.ee\/ru\/#organization"},"potentialAction":[{"@type":"SearchAction","target":{"@type":"EntryPoint","urlTemplate":"https:\/\/beebipood.ee\/ru\/?s={search_term_string}"},"query-input":{"@type":"PropertyValueSpecification","valueRequired":true,"valueName":"search_term_string"}}],"inLanguage":"ru-RU"},{"@type":"Organization","@id":"https:\/\/beebipood.ee\/ru\/#organization","name":"Beebipood","url":"https:\/\/beebipood.ee\/ru\/","logo":{"@type":"ImageObject","inLanguage":"ru-RU","@id":"https:\/\/beebipood.ee\/ru\/#\/schema\/logo\/image\/","url":"https:\/\/beebipood.ee\/wp-content\/uploads\/2025\/03\/beebipood.ee-logo-1.svg","contentUrl":"https:\/\/beebipood.ee\/wp-content\/uploads\/2025\/03\/beebipood.ee-logo-1.svg","caption":"Beebipood"},"image":{"@id":"https:\/\/beebipood.ee\/ru\/#\/schema\/logo\/image\/"}}]}},"brands":[{"id":11961,"name":"Maxi-Cosi","slug":"maxi-cosi-ru"}],"_links":{"self":[{"href":"https:\/\/beebipood.ee\/ru\/wp-json\/wp\/v2\/product\/458647","targetHints":{"allow":["GET"]}}],"collection":[{"href":"https:\/\/beebipood.ee\/ru\/wp-json\/wp\/v2\/product"}],"about":[{"href":"https:\/\/beebipood.ee\/ru\/wp-json\/wp\/v2\/types\/product"}],"wp:featuredmedia":[{"embeddable":true,"href":"https:\/\/beebipood.ee\/ru\/wp-json\/wp\/v2\/media\/505500"}],"wp:attachment":[{"href":"https:\/\/beebipood.ee\/ru\/wp-json\/wp\/v2\/media?parent=458647"}],"wp:term":[{"taxonomy":"pwb-brand","embeddable":true,"href":"https:\/\/beebipood.ee\/ru\/wp-json\/wp\/v2\/pwb-brand?post=458647"},{"taxonomy":"product_brand","embeddable":true,"href":"https:\/\/beebipood.ee\/ru\/wp-json\/wp\/v2\/product_brand?post=458647"},{"taxonomy":"product_cat","embeddable":true,"href":"https:\/\/beebipood.ee\/ru\/wp-json\/wp\/v2\/product_cat?post=458647"},{"taxonomy":"product_tag","embeddable":true,"href":"https:\/\/beebipood.ee\/ru\/wp-json\/wp\/v2\/product_tag?post=458647"}],"curies":[{"name":"wp","href":"https:\/\/api.w.org\/{rel}","templated":true}]}}