{"id":458659,"date":"2019-05-15T09:38:03","date_gmt":"2019-05-15T06:38:03","guid":{"rendered":"https:\/\/beebipood.ee\/toode\/maxi-cosi-oxford-jalutuskaru-essential-black\/"},"modified":"2026-01-29T11:06:30","modified_gmt":"2026-01-29T09:06:30","slug":"maxi-cosi-oxford-jalutuskaru-twillic-black","status":"publish","type":"product","link":"https:\/\/beebipood.ee\/ru\/produkt\/maxi-cosi-oxford-jalutuskaru-twillic-black\/","title":{"rendered":"Maxi-Cosi Oxford jalutusk\u00e4ru, Twillic Black"},"content":{"rendered":"<p>Maxi-Cosi Oxford \u00fchendab endas stiili ja funktsionaalsuse,<br \/>\net saaksite vastu v\u00f5tta nii linnas kui ka kaugemal esinevaid v\u00e4ljakutseid.<br \/>\nPole t\u00e4htis, kuhu seiklused teid viivad, Oxfordi ruumikas iste<br \/>\nja ergonoomiline lamamisasend tagavad teie lapsele parima mugavuse.<br \/>\nNautige k\u00f5ige sujuvamaid jalutusk\u00e4ike selle jalutusk\u00e4ru<br \/>\ntorkekindlate rataste ja tipptasemel vedrustusega.<br \/>\nOxfordi jalutusk\u00e4ru k\u00fclge on v\u00f5imalik kinnitada<br \/>\nka Maxi-Cosi turvah\u00e4ll v\u00f5i vankrikorv.<\/p>\n<p><span style=\"text-decoration: underline;\">Kasutajamugavus<\/span><br \/>\n\u00dche k\u00e4ega lihtsasti reguleeritav seljatugi<br \/>\n5-punkti kinnitusega turvarihmad koos magnetilise kiirlukustusega<br \/>\nP\u00f6\u00f6ratav turvakaar<br \/>\nM\u00e4lunupud, mille abil on \u00fclimalt lihtne isteosa ja vankrikorvi raamilt eemaldada<br \/>\n\u00dclimalt pehme mugavus, mis tagab sujuva s\u00f5idu igal maastikul<br \/>\nTorkekindlad t\u00e4iskummrehvidel rattad<br \/>\n<span style=\"text-decoration: underline;\">Mugavus<\/span><br \/>\nPikendatav UPF 50+ kaarvari p\u00e4ikesesirmi<br \/>\nja l\u00e4bipaistva tuulutusaknaga optimaalse kaitse,<br \/>\n\u00f5huvoolu ja mugavuse tagamiseks teie lapsele<br \/>\nErgonoomiline t\u00e4isnahast l\u00fckkesang, millel on 5 erinevat k\u00f5rgust<br \/>\nSuure tihedusega poroloonist valmistatud pehme polsterdatud iste<br \/>\n<span style=\"text-decoration: underline;\">\u00dcldine<\/span><br \/>\nMahukas pakikorv kandev\u00f5imega 10kg<br \/>\nV\u00e4ikene tasku lapsevanemate asjade hoiustamiseks<br \/>\nValmistatud Eco Care 100% taast\u00f6\u00f6deldud kangast.<br \/>\nS\u00f5bralik nii beebi naha vastu kui ka keskkonna<br \/>\n<span style=\"text-decoration: underline;\">N\u00e4itajad<\/span><br \/>\nJalutusk\u00e4ru kaal 11,5kg<br \/>\nIsteosa kaal 4,05kg<br \/>\nRaami kaal 7,45kg<br \/>\nM\u00f5\u00f5dud 84-95,5 x 99 &#8212; 110 x 58cm (pikkus, k\u00f5rgus ,laius)<br \/>\nM\u00f5\u00f5dud kokkupandult 58 x 30 x 68cm (laius, pikkus, k\u00f5rgus)<br \/>\nEsiratta l\u00e4bim\u00f5\u00f5t 20cm<br \/>\nTagaratta l\u00e4bim\u00f5\u00f5t 28cm<br \/>\nT\u00e4islamavas asendis istmekalle 156 kraadi<br \/>\n<span style=\"text-decoration: underline;\">Komplektis<\/span><br \/>\nJalutusk\u00e4ru<br \/>\nTurvakaar<br \/>\nVankrikorvi adapterid<br \/>\n<strong><span style=\"color: #ff0000;\">Turvah\u00e4lli adapterid ei kuulu komplekti<\/span><\/strong><\/p>\n","protected":false},"excerpt":{"rendered":"<p>Maxi-Cosi Oxford \u00fchendab endas stiili ja funktsionaalsuse, et saaksite vastu v\u00f5tta nii linnas kui ka kaugemal esinevaid v\u00e4ljakutseid. Pole t\u00e4htis, kuhu seiklused teid viivad, Oxfordi ruumikas iste ja ergonoomiline lamamisasend tagavad teie lapsele parima mugavuse. Nautige k\u00f5ige sujuvamaid jalutusk\u00e4ike selle jalutusk\u00e4ru torkekindlate rataste ja tipptasemel vedrustusega. Oxfordi jalutusk\u00e4ru k\u00fclge on v\u00f5imalik kinnitada ka Maxi-Cosi turvah\u00e4ll [&hellip;]<\/p>\n","protected":false},"featured_media":510600,"template":"","meta":{"_acf_changed":false},"pwb-brand":[11961],"product_brand":[],"product_cat":[11721,11717],"product_tag":[],"class_list":{"0":"post-458659","1":"product","2":"type-product","3":"status-publish","4":"has-post-thumbnail","6":"pwb-brand-maxi-cosi-ru","7":"product_cat-jalutuskarud-ru","8":"product_cat-lastevankrid-ja-karud-ru","9":"pa_manufacturer-maxi_cosi-ru","11":"first","12":"onbackorder","13":"taxable","14":"shipping-taxable","15":"purchasable","16":"product-type-simple"},"exclude_global_add_ons":[],"addons":[],"acf":[],"yoast_head":"<!-- This site is optimized with the Yoast SEO plugin v27.1.1 - https:\/\/yoast.com\/product\/yoast-seo-wordpress\/ -->\n<title>Maxi-Cosi Oxford jalutusk\u00e4ru, Essential Black, \u0421\u041a\u0418\u0414\u041a\u0418, \u041a\u043e\u043b\u044f\u0441\u043a\u0438, \u041f\u0440\u043e\u0433\u0443\u043b\u043e\u0447\u043d\u044b\u0435 \u043a\u043e\u043b\u044f\u0441\u043a\u0438, Beebipood<\/title>\n<meta name=\"description\" content=\"Maxi-Cosi Oxford jalutusk\u00e4ru, Essential Black, Maxi-Cosi Oxford \u00fchendab endas stiili ja funktsionaalsuse, et saaksite vastu v\u00f5tta nii linn\" \/>\n<meta name=\"robots\" content=\"index, follow, max-snippet:-1, max-image-preview:large, max-video-preview:-1\" \/>\n<link rel=\"canonical\" href=\"https:\/\/beebipood.ee\/ru\/produkt\/maxi-cosi-oxford-jalutuskaru-twillic-black\/\" \/>\n<meta property=\"og:locale\" content=\"ru_RU\" \/>\n<meta property=\"og:type\" content=\"article\" \/>\n<meta property=\"og:title\" content=\"Maxi-Cosi Oxford jalutusk\u00e4ru, Essential Black, \u0421\u041a\u0418\u0414\u041a\u0418, \u041a\u043e\u043b\u044f\u0441\u043a\u0438, \u041f\u0440\u043e\u0433\u0443\u043b\u043e\u0447\u043d\u044b\u0435 \u043a\u043e\u043b\u044f\u0441\u043a\u0438, Beebipood\" \/>\n<meta property=\"og:description\" content=\"Maxi-Cosi Oxford jalutusk\u00e4ru, Essential Black, Maxi-Cosi Oxford \u00fchendab endas stiili ja funktsionaalsuse, et saaksite vastu v\u00f5tta nii linn\" \/>\n<meta property=\"og:url\" content=\"https:\/\/beebipood.ee\/ru\/produkt\/maxi-cosi-oxford-jalutuskaru-twillic-black\/\" \/>\n<meta property=\"og:site_name\" content=\"Beebipood\" \/>\n<meta property=\"article:modified_time\" content=\"2026-01-29T09:06:30+00:00\" \/>\n<meta property=\"og:image\" content=\"https:\/\/beebipood.ee\/wp-content\/uploads\/2019\/05\/maxi-cosi-oxford-jalutuskaru-black.jpg\" \/>\n\t<meta property=\"og:image:width\" content=\"1062\" \/>\n\t<meta property=\"og:image:height\" content=\"1200\" \/>\n\t<meta property=\"og:image:type\" content=\"image\/jpeg\" \/>\n<meta name=\"twitter:card\" content=\"summary_large_image\" \/>\n<meta name=\"twitter:label1\" content=\"\u041f\u0440\u0438\u043c\u0435\u0440\u043d\u043e\u0435 \u0432\u0440\u0435\u043c\u044f \u0434\u043b\u044f \u0447\u0442\u0435\u043d\u0438\u044f\" \/>\n\t<meta name=\"twitter:data1\" content=\"2 \u043c\u0438\u043d\u0443\u0442\u044b\" \/>\n<script type=\"application\/ld+json\" class=\"yoast-schema-graph\">{\"@context\":\"https:\/\/schema.org\",\"@graph\":[{\"@type\":\"WebPage\",\"@id\":\"https:\/\/beebipood.ee\/ru\/produkt\/maxi-cosi-oxford-jalutuskaru-twillic-black\/\",\"url\":\"https:\/\/beebipood.ee\/ru\/produkt\/maxi-cosi-oxford-jalutuskaru-twillic-black\/\",\"name\":\"Maxi-Cosi Oxford jalutusk\u00e4ru, Essential Black, \u0421\u041a\u0418\u0414\u041a\u0418, \u041a\u043e\u043b\u044f\u0441\u043a\u0438, \u041f\u0440\u043e\u0433\u0443\u043b\u043e\u0447\u043d\u044b\u0435 \u043a\u043e\u043b\u044f\u0441\u043a\u0438, Beebipood\",\"isPartOf\":{\"@id\":\"https:\/\/beebipood.ee\/ru\/#website\"},\"primaryImageOfPage\":{\"@id\":\"https:\/\/beebipood.ee\/ru\/produkt\/maxi-cosi-oxford-jalutuskaru-twillic-black\/#primaryimage\"},\"image\":{\"@id\":\"https:\/\/beebipood.ee\/ru\/produkt\/maxi-cosi-oxford-jalutuskaru-twillic-black\/#primaryimage\"},\"thumbnailUrl\":\"https:\/\/beebipood.ee\/wp-content\/uploads\/2019\/05\/maxi-cosi-oxford-jalutuskaru-black.jpg\",\"datePublished\":\"2019-05-15T06:38:03+00:00\",\"dateModified\":\"2026-01-29T09:06:30+00:00\",\"description\":\"Maxi-Cosi Oxford jalutusk\u00e4ru, Essential Black, Maxi-Cosi Oxford \u00fchendab endas stiili ja funktsionaalsuse, et saaksite vastu v\u00f5tta nii linn\",\"breadcrumb\":{\"@id\":\"https:\/\/beebipood.ee\/ru\/produkt\/maxi-cosi-oxford-jalutuskaru-twillic-black\/#breadcrumb\"},\"inLanguage\":\"ru-RU\",\"potentialAction\":[{\"@type\":\"ReadAction\",\"target\":[\"https:\/\/beebipood.ee\/ru\/produkt\/maxi-cosi-oxford-jalutuskaru-twillic-black\/\"]}]},{\"@type\":\"ImageObject\",\"inLanguage\":\"ru-RU\",\"@id\":\"https:\/\/beebipood.ee\/ru\/produkt\/maxi-cosi-oxford-jalutuskaru-twillic-black\/#primaryimage\",\"url\":\"https:\/\/beebipood.ee\/wp-content\/uploads\/2019\/05\/maxi-cosi-oxford-jalutuskaru-black.jpg\",\"contentUrl\":\"https:\/\/beebipood.ee\/wp-content\/uploads\/2019\/05\/maxi-cosi-oxford-jalutuskaru-black.jpg\",\"width\":1062,\"height\":1200},{\"@type\":\"BreadcrumbList\",\"@id\":\"https:\/\/beebipood.ee\/ru\/produkt\/maxi-cosi-oxford-jalutuskaru-twillic-black\/#breadcrumb\",\"itemListElement\":[{\"@type\":\"ListItem\",\"position\":1,\"name\":\"Home\",\"item\":\"https:\/\/beebipood.ee\/ru\/\"},{\"@type\":\"ListItem\",\"position\":2,\"name\":\"\u041a\u0430\u0442\u0430\u043b\u043e\u0433 \u0442\u043e\u0432\u0430\u0440\u043e\u0432\",\"item\":\"https:\/\/beebipood.ee\/tooted\/\"},{\"@type\":\"ListItem\",\"position\":3,\"name\":\"Maxi-Cosi Oxford jalutusk\u00e4ru, Twillic Black\"}]},{\"@type\":\"WebSite\",\"@id\":\"https:\/\/beebipood.ee\/ru\/#website\",\"url\":\"https:\/\/beebipood.ee\/ru\/\",\"name\":\"Beebipood\",\"description\":\"Lastekaubad, beebikaubad, m\u00e4nguasjad\",\"publisher\":{\"@id\":\"https:\/\/beebipood.ee\/ru\/#organization\"},\"potentialAction\":[{\"@type\":\"SearchAction\",\"target\":{\"@type\":\"EntryPoint\",\"urlTemplate\":\"https:\/\/beebipood.ee\/ru\/?s={search_term_string}\"},\"query-input\":{\"@type\":\"PropertyValueSpecification\",\"valueRequired\":true,\"valueName\":\"search_term_string\"}}],\"inLanguage\":\"ru-RU\"},{\"@type\":\"Organization\",\"@id\":\"https:\/\/beebipood.ee\/ru\/#organization\",\"name\":\"Beebipood\",\"url\":\"https:\/\/beebipood.ee\/ru\/\",\"logo\":{\"@type\":\"ImageObject\",\"inLanguage\":\"ru-RU\",\"@id\":\"https:\/\/beebipood.ee\/ru\/#\/schema\/logo\/image\/\",\"url\":\"https:\/\/beebipood.ee\/wp-content\/uploads\/2025\/03\/beebipood.ee-logo-1.svg\",\"contentUrl\":\"https:\/\/beebipood.ee\/wp-content\/uploads\/2025\/03\/beebipood.ee-logo-1.svg\",\"caption\":\"Beebipood\"},\"image\":{\"@id\":\"https:\/\/beebipood.ee\/ru\/#\/schema\/logo\/image\/\"}}]}<\/script>\n<!-- \/ Yoast SEO plugin. -->","yoast_head_json":{"title":"Maxi-Cosi Oxford jalutusk\u00e4ru, Essential Black, \u0421\u041a\u0418\u0414\u041a\u0418, \u041a\u043e\u043b\u044f\u0441\u043a\u0438, \u041f\u0440\u043e\u0433\u0443\u043b\u043e\u0447\u043d\u044b\u0435 \u043a\u043e\u043b\u044f\u0441\u043a\u0438, Beebipood","description":"Maxi-Cosi Oxford jalutusk\u00e4ru, Essential Black, Maxi-Cosi Oxford \u00fchendab endas stiili ja funktsionaalsuse, et saaksite vastu v\u00f5tta nii linn","robots":{"index":"index","follow":"follow","max-snippet":"max-snippet:-1","max-image-preview":"max-image-preview:large","max-video-preview":"max-video-preview:-1"},"canonical":"https:\/\/beebipood.ee\/ru\/produkt\/maxi-cosi-oxford-jalutuskaru-twillic-black\/","og_locale":"ru_RU","og_type":"article","og_title":"Maxi-Cosi Oxford jalutusk\u00e4ru, Essential Black, \u0421\u041a\u0418\u0414\u041a\u0418, \u041a\u043e\u043b\u044f\u0441\u043a\u0438, \u041f\u0440\u043e\u0433\u0443\u043b\u043e\u0447\u043d\u044b\u0435 \u043a\u043e\u043b\u044f\u0441\u043a\u0438, Beebipood","og_description":"Maxi-Cosi Oxford jalutusk\u00e4ru, Essential Black, Maxi-Cosi Oxford \u00fchendab endas stiili ja funktsionaalsuse, et saaksite vastu v\u00f5tta nii linn","og_url":"https:\/\/beebipood.ee\/ru\/produkt\/maxi-cosi-oxford-jalutuskaru-twillic-black\/","og_site_name":"Beebipood","article_modified_time":"2026-01-29T09:06:30+00:00","og_image":[{"width":1062,"height":1200,"url":"https:\/\/beebipood.ee\/wp-content\/uploads\/2019\/05\/maxi-cosi-oxford-jalutuskaru-black.jpg","type":"image\/jpeg"}],"twitter_card":"summary_large_image","twitter_misc":{"\u041f\u0440\u0438\u043c\u0435\u0440\u043d\u043e\u0435 \u0432\u0440\u0435\u043c\u044f \u0434\u043b\u044f \u0447\u0442\u0435\u043d\u0438\u044f":"2 \u043c\u0438\u043d\u0443\u0442\u044b"},"schema":{"@context":"https:\/\/schema.org","@graph":[{"@type":"WebPage","@id":"https:\/\/beebipood.ee\/ru\/produkt\/maxi-cosi-oxford-jalutuskaru-twillic-black\/","url":"https:\/\/beebipood.ee\/ru\/produkt\/maxi-cosi-oxford-jalutuskaru-twillic-black\/","name":"Maxi-Cosi Oxford jalutusk\u00e4ru, Essential Black, \u0421\u041a\u0418\u0414\u041a\u0418, \u041a\u043e\u043b\u044f\u0441\u043a\u0438, \u041f\u0440\u043e\u0433\u0443\u043b\u043e\u0447\u043d\u044b\u0435 \u043a\u043e\u043b\u044f\u0441\u043a\u0438, Beebipood","isPartOf":{"@id":"https:\/\/beebipood.ee\/ru\/#website"},"primaryImageOfPage":{"@id":"https:\/\/beebipood.ee\/ru\/produkt\/maxi-cosi-oxford-jalutuskaru-twillic-black\/#primaryimage"},"image":{"@id":"https:\/\/beebipood.ee\/ru\/produkt\/maxi-cosi-oxford-jalutuskaru-twillic-black\/#primaryimage"},"thumbnailUrl":"https:\/\/beebipood.ee\/wp-content\/uploads\/2019\/05\/maxi-cosi-oxford-jalutuskaru-black.jpg","datePublished":"2019-05-15T06:38:03+00:00","dateModified":"2026-01-29T09:06:30+00:00","description":"Maxi-Cosi Oxford jalutusk\u00e4ru, Essential Black, Maxi-Cosi Oxford \u00fchendab endas stiili ja funktsionaalsuse, et saaksite vastu v\u00f5tta nii linn","breadcrumb":{"@id":"https:\/\/beebipood.ee\/ru\/produkt\/maxi-cosi-oxford-jalutuskaru-twillic-black\/#breadcrumb"},"inLanguage":"ru-RU","potentialAction":[{"@type":"ReadAction","target":["https:\/\/beebipood.ee\/ru\/produkt\/maxi-cosi-oxford-jalutuskaru-twillic-black\/"]}]},{"@type":"ImageObject","inLanguage":"ru-RU","@id":"https:\/\/beebipood.ee\/ru\/produkt\/maxi-cosi-oxford-jalutuskaru-twillic-black\/#primaryimage","url":"https:\/\/beebipood.ee\/wp-content\/uploads\/2019\/05\/maxi-cosi-oxford-jalutuskaru-black.jpg","contentUrl":"https:\/\/beebipood.ee\/wp-content\/uploads\/2019\/05\/maxi-cosi-oxford-jalutuskaru-black.jpg","width":1062,"height":1200},{"@type":"BreadcrumbList","@id":"https:\/\/beebipood.ee\/ru\/produkt\/maxi-cosi-oxford-jalutuskaru-twillic-black\/#breadcrumb","itemListElement":[{"@type":"ListItem","position":1,"name":"Home","item":"https:\/\/beebipood.ee\/ru\/"},{"@type":"ListItem","position":2,"name":"\u041a\u0430\u0442\u0430\u043b\u043e\u0433 \u0442\u043e\u0432\u0430\u0440\u043e\u0432","item":"https:\/\/beebipood.ee\/tooted\/"},{"@type":"ListItem","position":3,"name":"Maxi-Cosi Oxford jalutusk\u00e4ru, Twillic Black"}]},{"@type":"WebSite","@id":"https:\/\/beebipood.ee\/ru\/#website","url":"https:\/\/beebipood.ee\/ru\/","name":"Beebipood","description":"Lastekaubad, beebikaubad, m\u00e4nguasjad","publisher":{"@id":"https:\/\/beebipood.ee\/ru\/#organization"},"potentialAction":[{"@type":"SearchAction","target":{"@type":"EntryPoint","urlTemplate":"https:\/\/beebipood.ee\/ru\/?s={search_term_string}"},"query-input":{"@type":"PropertyValueSpecification","valueRequired":true,"valueName":"search_term_string"}}],"inLanguage":"ru-RU"},{"@type":"Organization","@id":"https:\/\/beebipood.ee\/ru\/#organization","name":"Beebipood","url":"https:\/\/beebipood.ee\/ru\/","logo":{"@type":"ImageObject","inLanguage":"ru-RU","@id":"https:\/\/beebipood.ee\/ru\/#\/schema\/logo\/image\/","url":"https:\/\/beebipood.ee\/wp-content\/uploads\/2025\/03\/beebipood.ee-logo-1.svg","contentUrl":"https:\/\/beebipood.ee\/wp-content\/uploads\/2025\/03\/beebipood.ee-logo-1.svg","caption":"Beebipood"},"image":{"@id":"https:\/\/beebipood.ee\/ru\/#\/schema\/logo\/image\/"}}]}},"brands":[{"id":11961,"name":"Maxi-Cosi","slug":"maxi-cosi-ru"}],"_links":{"self":[{"href":"https:\/\/beebipood.ee\/ru\/wp-json\/wp\/v2\/product\/458659","targetHints":{"allow":["GET"]}}],"collection":[{"href":"https:\/\/beebipood.ee\/ru\/wp-json\/wp\/v2\/product"}],"about":[{"href":"https:\/\/beebipood.ee\/ru\/wp-json\/wp\/v2\/types\/product"}],"wp:featuredmedia":[{"embeddable":true,"href":"https:\/\/beebipood.ee\/ru\/wp-json\/wp\/v2\/media\/510600"}],"wp:attachment":[{"href":"https:\/\/beebipood.ee\/ru\/wp-json\/wp\/v2\/media?parent=458659"}],"wp:term":[{"taxonomy":"pwb-brand","embeddable":true,"href":"https:\/\/beebipood.ee\/ru\/wp-json\/wp\/v2\/pwb-brand?post=458659"},{"taxonomy":"product_brand","embeddable":true,"href":"https:\/\/beebipood.ee\/ru\/wp-json\/wp\/v2\/product_brand?post=458659"},{"taxonomy":"product_cat","embeddable":true,"href":"https:\/\/beebipood.ee\/ru\/wp-json\/wp\/v2\/product_cat?post=458659"},{"taxonomy":"product_tag","embeddable":true,"href":"https:\/\/beebipood.ee\/ru\/wp-json\/wp\/v2\/product_tag?post=458659"}],"curies":[{"name":"wp","href":"https:\/\/api.w.org\/{rel}","templated":true}]}}