{"id":458667,"date":"2019-05-24T08:08:35","date_gmt":"2019-05-24T05:08:35","guid":{"rendered":"https:\/\/beebipood.ee\/toode\/lastevoodi-calmo-daybed-90x200-valge\/"},"modified":"2025-01-09T10:48:51","modified_gmt":"2025-01-09T08:48:51","slug":"lastevoodi-calmo-daybed-90x200-valge","status":"publish","type":"product","link":"https:\/\/beebipood.ee\/ru\/produkt\/lastevoodi-calmo-daybed-90x200-valge\/","title":{"rendered":"Sahtelvoodi Calmo Daybed 90&#215;200, valge"},"content":{"rendered":"<p>Calmo kollektsiooni lastevoodi on suurep\u00e4rane valik nii poisile kui t\u00fcdrukule. <br \/>Voodi on suur ja mugav, mis tagab teie lapsele mugavuse ja ohutuse. <br \/>Antud tootes on suurep\u00e4raselt \u00fchendatud p\u00e4evase diivani <br \/>ja \u00f6\u00f6ise \u00fcheinimesevoodi funktsioonid, mille saab vajadusel kiiresti kahekohaliseks muuta <br \/>ning kaks sahtlit v\u00f5imaldavad teil tuba korrastada. <br \/>Klassikaline ja stiilne disain muudab selle voodi ajatuks!<br \/>T\u00e4nu oma lihtsusele ja kvaliteetsete materjalide kasutamisele <br \/>kestab Calmo kollektsiooni m\u00f6\u00f6bel pikki aastaid ja on alati moes.<br \/><span style=\"text-decoration: underline;\">Spetsifikatsioon:<\/span><br \/>Viimistlemisel on kasutatud ainult sertifitseeritud orgaanilisi v\u00e4rve<br \/>Toode vastab k\u00f5ikidele EN turvastandarditele<br \/>Materjal: MDF plaat ja m\u00e4nnipuit <br \/>V\u00e4rv: valge (keskkonnas\u00f5bralik vesiv\u00e4rv)<br \/>P\u00f5himadrats: 90 x 200cm (ei kuulu komplekti)<br \/>Lisavoodi madrats: 90 x 190 190x90cm (ei kuulu komplekti)<br \/>V\u00f5imalus osta juurde turvapiire<br \/>Pikkus: 205 cm<br \/>Laius: 97 cm<br \/>K\u00f5rgus: 88 cm<\/p>\n","protected":false},"excerpt":{"rendered":"<p>Calmo kollektsiooni lastevoodi on suurep\u00e4rane valik nii poisile kui t\u00fcdrukule. Voodi on suur ja mugav, mis tagab teie lapsele mugavuse ja ohutuse. Antud tootes on suurep\u00e4raselt \u00fchendatud p\u00e4evase diivani ja \u00f6\u00f6ise \u00fcheinimesevoodi funktsioonid, mille saab vajadusel kiiresti kahekohaliseks muuta ning kaks sahtlit v\u00f5imaldavad teil tuba korrastada. Klassikaline ja stiilne disain muudab selle voodi ajatuks!T\u00e4nu oma [&hellip;]<\/p>\n","protected":false},"featured_media":129777,"template":"","meta":{"_acf_changed":false},"pwb-brand":[],"product_brand":[],"product_cat":[11591,11559,11789],"product_tag":[],"class_list":{"0":"post-458667","1":"product","2":"type-product","3":"status-publish","4":"has-post-thumbnail","6":"product_cat-90cm-laiused-ru","7":"product_cat-laste-ja-noortevoodid-ru","8":"product_cat-lastemoobel-ja-sisustus-ru","10":"first","11":"onbackorder","12":"sale","13":"taxable","14":"shipping-taxable","15":"purchasable","16":"product-type-simple"},"exclude_global_add_ons":false,"addons":[{"name":"Vali piire","type":"multiple_choice","position":0,"required":true,"title_format":"heading","default":"","description_enable":false,"description":"","placeholder_enable":false,"placeholder":"","display":"images","restrictions_type":"any_text","adjust_price":false,"price":"","price_type":"flat_fee","restrictions":false,"min":"0","max":"0","options":[{"label":"Ei soovi turvapiiret","price":"","price_type":"quantity_based","image":502337,"visibility":true},{"label":"Lisa turvapiire","price":"40.0000","price_type":"quantity_based","image":502339,"visibility":true}]}],"acf":[],"yoast_head":"<!-- This site is optimized with the Yoast SEO plugin v27.1.1 - https:\/\/yoast.com\/product\/yoast-seo-wordpress\/ -->\n<title>Sahtelvoodi Calmo Daybed 90x200, valge, \u041a\u0440\u043e\u0432\u0430\u0442\u0438 \u0434\u043b\u044f \u0434\u0435\u0442\u0435\u0439 \u0438 \u043f\u043e\u0434\u0440\u043e\u0441\u0442\u043a\u043e\u0432, \u0428\u0438\u0440\u0438\u043d\u0430 90c\u043c, M\u0435\u0431\u0435\u043b\u044c, Beebipood<\/title>\n<meta name=\"description\" content=\"Sahtelvoodi Calmo Daybed 90x200, valge, Calmo kollektsiooni lastevoodi on suurep&auml;rane valik nii poisile kui t&uuml;drukule. Voodi on suur ja mugav\" \/>\n<meta name=\"robots\" content=\"index, follow, max-snippet:-1, max-image-preview:large, max-video-preview:-1\" \/>\n<link rel=\"canonical\" href=\"https:\/\/beebipood.ee\/ru\/produkt\/lastevoodi-calmo-daybed-90x200-valge\/\" \/>\n<meta property=\"og:locale\" content=\"ru_RU\" \/>\n<meta property=\"og:type\" content=\"article\" \/>\n<meta property=\"og:title\" content=\"Sahtelvoodi Calmo Daybed 90x200, valge, \u041a\u0440\u043e\u0432\u0430\u0442\u0438 \u0434\u043b\u044f \u0434\u0435\u0442\u0435\u0439 \u0438 \u043f\u043e\u0434\u0440\u043e\u0441\u0442\u043a\u043e\u0432, \u0428\u0438\u0440\u0438\u043d\u0430 90c\u043c, M\u0435\u0431\u0435\u043b\u044c, Beebipood\" \/>\n<meta property=\"og:description\" content=\"Sahtelvoodi Calmo Daybed 90x200, valge, Calmo kollektsiooni lastevoodi on suurep&auml;rane valik nii poisile kui t&uuml;drukule. Voodi on suur ja mugav\" \/>\n<meta property=\"og:url\" content=\"https:\/\/beebipood.ee\/ru\/produkt\/lastevoodi-calmo-daybed-90x200-valge\/\" \/>\n<meta property=\"og:site_name\" content=\"Beebipood\" \/>\n<meta property=\"article:modified_time\" content=\"2025-01-09T08:48:51+00:00\" \/>\n<meta property=\"og:image\" content=\"https:\/\/beebipood.ee\/wp-content\/uploads\/2019\/05\/Lastevoodi-Calmo-Daybed-90x200-valge-Laste-ja-noortevoodid-UUED-TOOTED-90cm-laiused-Lastemoobel-ja-sisustus_3-6a8.jpg\" \/>\n\t<meta property=\"og:image:width\" content=\"1984\" \/>\n\t<meta property=\"og:image:height\" content=\"1900\" \/>\n\t<meta property=\"og:image:type\" content=\"image\/jpeg\" \/>\n<meta name=\"twitter:card\" content=\"summary_large_image\" \/>\n<meta name=\"twitter:label1\" content=\"\u041f\u0440\u0438\u043c\u0435\u0440\u043d\u043e\u0435 \u0432\u0440\u0435\u043c\u044f \u0434\u043b\u044f \u0447\u0442\u0435\u043d\u0438\u044f\" \/>\n\t<meta name=\"twitter:data1\" content=\"1 \u043c\u0438\u043d\u0443\u0442\u0430\" \/>\n<script type=\"application\/ld+json\" class=\"yoast-schema-graph\">{\"@context\":\"https:\/\/schema.org\",\"@graph\":[{\"@type\":\"WebPage\",\"@id\":\"https:\/\/beebipood.ee\/ru\/produkt\/lastevoodi-calmo-daybed-90x200-valge\/\",\"url\":\"https:\/\/beebipood.ee\/ru\/produkt\/lastevoodi-calmo-daybed-90x200-valge\/\",\"name\":\"Sahtelvoodi Calmo Daybed 90x200, valge, \u041a\u0440\u043e\u0432\u0430\u0442\u0438 \u0434\u043b\u044f \u0434\u0435\u0442\u0435\u0439 \u0438 \u043f\u043e\u0434\u0440\u043e\u0441\u0442\u043a\u043e\u0432, \u0428\u0438\u0440\u0438\u043d\u0430 90c\u043c, M\u0435\u0431\u0435\u043b\u044c, Beebipood\",\"isPartOf\":{\"@id\":\"https:\/\/beebipood.ee\/ru\/#website\"},\"primaryImageOfPage\":{\"@id\":\"https:\/\/beebipood.ee\/ru\/produkt\/lastevoodi-calmo-daybed-90x200-valge\/#primaryimage\"},\"image\":{\"@id\":\"https:\/\/beebipood.ee\/ru\/produkt\/lastevoodi-calmo-daybed-90x200-valge\/#primaryimage\"},\"thumbnailUrl\":\"https:\/\/beebipood.ee\/wp-content\/uploads\/2019\/05\/Lastevoodi-Calmo-Daybed-90x200-valge-Laste-ja-noortevoodid-UUED-TOOTED-90cm-laiused-Lastemoobel-ja-sisustus_3-6a8.jpg\",\"datePublished\":\"2019-05-24T05:08:35+00:00\",\"dateModified\":\"2025-01-09T08:48:51+00:00\",\"description\":\"Sahtelvoodi Calmo Daybed 90x200, valge, Calmo kollektsiooni lastevoodi on suurep&auml;rane valik nii poisile kui t&uuml;drukule. Voodi on suur ja mugav\",\"breadcrumb\":{\"@id\":\"https:\/\/beebipood.ee\/ru\/produkt\/lastevoodi-calmo-daybed-90x200-valge\/#breadcrumb\"},\"inLanguage\":\"ru-RU\",\"potentialAction\":[{\"@type\":\"ReadAction\",\"target\":[\"https:\/\/beebipood.ee\/ru\/produkt\/lastevoodi-calmo-daybed-90x200-valge\/\"]}]},{\"@type\":\"ImageObject\",\"inLanguage\":\"ru-RU\",\"@id\":\"https:\/\/beebipood.ee\/ru\/produkt\/lastevoodi-calmo-daybed-90x200-valge\/#primaryimage\",\"url\":\"https:\/\/beebipood.ee\/wp-content\/uploads\/2019\/05\/Lastevoodi-Calmo-Daybed-90x200-valge-Laste-ja-noortevoodid-UUED-TOOTED-90cm-laiused-Lastemoobel-ja-sisustus_3-6a8.jpg\",\"contentUrl\":\"https:\/\/beebipood.ee\/wp-content\/uploads\/2019\/05\/Lastevoodi-Calmo-Daybed-90x200-valge-Laste-ja-noortevoodid-UUED-TOOTED-90cm-laiused-Lastemoobel-ja-sisustus_3-6a8.jpg\",\"width\":1984,\"height\":1900},{\"@type\":\"BreadcrumbList\",\"@id\":\"https:\/\/beebipood.ee\/ru\/produkt\/lastevoodi-calmo-daybed-90x200-valge\/#breadcrumb\",\"itemListElement\":[{\"@type\":\"ListItem\",\"position\":1,\"name\":\"Home\",\"item\":\"https:\/\/beebipood.ee\/ru\/\"},{\"@type\":\"ListItem\",\"position\":2,\"name\":\"\u041a\u0430\u0442\u0430\u043b\u043e\u0433 \u0442\u043e\u0432\u0430\u0440\u043e\u0432\",\"item\":\"https:\/\/beebipood.ee\/tooted\/\"},{\"@type\":\"ListItem\",\"position\":3,\"name\":\"Sahtelvoodi Calmo Daybed 90&#215;200, valge\"}]},{\"@type\":\"WebSite\",\"@id\":\"https:\/\/beebipood.ee\/ru\/#website\",\"url\":\"https:\/\/beebipood.ee\/ru\/\",\"name\":\"Beebipood\",\"description\":\"Lastekaubad, beebikaubad, m\u00e4nguasjad\",\"publisher\":{\"@id\":\"https:\/\/beebipood.ee\/ru\/#organization\"},\"potentialAction\":[{\"@type\":\"SearchAction\",\"target\":{\"@type\":\"EntryPoint\",\"urlTemplate\":\"https:\/\/beebipood.ee\/ru\/?s={search_term_string}\"},\"query-input\":{\"@type\":\"PropertyValueSpecification\",\"valueRequired\":true,\"valueName\":\"search_term_string\"}}],\"inLanguage\":\"ru-RU\"},{\"@type\":\"Organization\",\"@id\":\"https:\/\/beebipood.ee\/ru\/#organization\",\"name\":\"Beebipood\",\"url\":\"https:\/\/beebipood.ee\/ru\/\",\"logo\":{\"@type\":\"ImageObject\",\"inLanguage\":\"ru-RU\",\"@id\":\"https:\/\/beebipood.ee\/ru\/#\/schema\/logo\/image\/\",\"url\":\"https:\/\/beebipood.ee\/wp-content\/uploads\/2025\/03\/beebipood.ee-logo-1.svg\",\"contentUrl\":\"https:\/\/beebipood.ee\/wp-content\/uploads\/2025\/03\/beebipood.ee-logo-1.svg\",\"caption\":\"Beebipood\"},\"image\":{\"@id\":\"https:\/\/beebipood.ee\/ru\/#\/schema\/logo\/image\/\"}}]}<\/script>\n<!-- \/ Yoast SEO plugin. -->","yoast_head_json":{"title":"Sahtelvoodi Calmo Daybed 90x200, valge, \u041a\u0440\u043e\u0432\u0430\u0442\u0438 \u0434\u043b\u044f \u0434\u0435\u0442\u0435\u0439 \u0438 \u043f\u043e\u0434\u0440\u043e\u0441\u0442\u043a\u043e\u0432, \u0428\u0438\u0440\u0438\u043d\u0430 90c\u043c, M\u0435\u0431\u0435\u043b\u044c, Beebipood","description":"Sahtelvoodi Calmo Daybed 90x200, valge, Calmo kollektsiooni lastevoodi on suurep&auml;rane valik nii poisile kui t&uuml;drukule. Voodi on suur ja mugav","robots":{"index":"index","follow":"follow","max-snippet":"max-snippet:-1","max-image-preview":"max-image-preview:large","max-video-preview":"max-video-preview:-1"},"canonical":"https:\/\/beebipood.ee\/ru\/produkt\/lastevoodi-calmo-daybed-90x200-valge\/","og_locale":"ru_RU","og_type":"article","og_title":"Sahtelvoodi Calmo Daybed 90x200, valge, \u041a\u0440\u043e\u0432\u0430\u0442\u0438 \u0434\u043b\u044f \u0434\u0435\u0442\u0435\u0439 \u0438 \u043f\u043e\u0434\u0440\u043e\u0441\u0442\u043a\u043e\u0432, \u0428\u0438\u0440\u0438\u043d\u0430 90c\u043c, M\u0435\u0431\u0435\u043b\u044c, Beebipood","og_description":"Sahtelvoodi Calmo Daybed 90x200, valge, Calmo kollektsiooni lastevoodi on suurep&auml;rane valik nii poisile kui t&uuml;drukule. Voodi on suur ja mugav","og_url":"https:\/\/beebipood.ee\/ru\/produkt\/lastevoodi-calmo-daybed-90x200-valge\/","og_site_name":"Beebipood","article_modified_time":"2025-01-09T08:48:51+00:00","og_image":[{"width":1984,"height":1900,"url":"https:\/\/beebipood.ee\/wp-content\/uploads\/2019\/05\/Lastevoodi-Calmo-Daybed-90x200-valge-Laste-ja-noortevoodid-UUED-TOOTED-90cm-laiused-Lastemoobel-ja-sisustus_3-6a8.jpg","type":"image\/jpeg"}],"twitter_card":"summary_large_image","twitter_misc":{"\u041f\u0440\u0438\u043c\u0435\u0440\u043d\u043e\u0435 \u0432\u0440\u0435\u043c\u044f \u0434\u043b\u044f \u0447\u0442\u0435\u043d\u0438\u044f":"1 \u043c\u0438\u043d\u0443\u0442\u0430"},"schema":{"@context":"https:\/\/schema.org","@graph":[{"@type":"WebPage","@id":"https:\/\/beebipood.ee\/ru\/produkt\/lastevoodi-calmo-daybed-90x200-valge\/","url":"https:\/\/beebipood.ee\/ru\/produkt\/lastevoodi-calmo-daybed-90x200-valge\/","name":"Sahtelvoodi Calmo Daybed 90x200, valge, \u041a\u0440\u043e\u0432\u0430\u0442\u0438 \u0434\u043b\u044f \u0434\u0435\u0442\u0435\u0439 \u0438 \u043f\u043e\u0434\u0440\u043e\u0441\u0442\u043a\u043e\u0432, \u0428\u0438\u0440\u0438\u043d\u0430 90c\u043c, M\u0435\u0431\u0435\u043b\u044c, Beebipood","isPartOf":{"@id":"https:\/\/beebipood.ee\/ru\/#website"},"primaryImageOfPage":{"@id":"https:\/\/beebipood.ee\/ru\/produkt\/lastevoodi-calmo-daybed-90x200-valge\/#primaryimage"},"image":{"@id":"https:\/\/beebipood.ee\/ru\/produkt\/lastevoodi-calmo-daybed-90x200-valge\/#primaryimage"},"thumbnailUrl":"https:\/\/beebipood.ee\/wp-content\/uploads\/2019\/05\/Lastevoodi-Calmo-Daybed-90x200-valge-Laste-ja-noortevoodid-UUED-TOOTED-90cm-laiused-Lastemoobel-ja-sisustus_3-6a8.jpg","datePublished":"2019-05-24T05:08:35+00:00","dateModified":"2025-01-09T08:48:51+00:00","description":"Sahtelvoodi Calmo Daybed 90x200, valge, Calmo kollektsiooni lastevoodi on suurep&auml;rane valik nii poisile kui t&uuml;drukule. Voodi on suur ja mugav","breadcrumb":{"@id":"https:\/\/beebipood.ee\/ru\/produkt\/lastevoodi-calmo-daybed-90x200-valge\/#breadcrumb"},"inLanguage":"ru-RU","potentialAction":[{"@type":"ReadAction","target":["https:\/\/beebipood.ee\/ru\/produkt\/lastevoodi-calmo-daybed-90x200-valge\/"]}]},{"@type":"ImageObject","inLanguage":"ru-RU","@id":"https:\/\/beebipood.ee\/ru\/produkt\/lastevoodi-calmo-daybed-90x200-valge\/#primaryimage","url":"https:\/\/beebipood.ee\/wp-content\/uploads\/2019\/05\/Lastevoodi-Calmo-Daybed-90x200-valge-Laste-ja-noortevoodid-UUED-TOOTED-90cm-laiused-Lastemoobel-ja-sisustus_3-6a8.jpg","contentUrl":"https:\/\/beebipood.ee\/wp-content\/uploads\/2019\/05\/Lastevoodi-Calmo-Daybed-90x200-valge-Laste-ja-noortevoodid-UUED-TOOTED-90cm-laiused-Lastemoobel-ja-sisustus_3-6a8.jpg","width":1984,"height":1900},{"@type":"BreadcrumbList","@id":"https:\/\/beebipood.ee\/ru\/produkt\/lastevoodi-calmo-daybed-90x200-valge\/#breadcrumb","itemListElement":[{"@type":"ListItem","position":1,"name":"Home","item":"https:\/\/beebipood.ee\/ru\/"},{"@type":"ListItem","position":2,"name":"\u041a\u0430\u0442\u0430\u043b\u043e\u0433 \u0442\u043e\u0432\u0430\u0440\u043e\u0432","item":"https:\/\/beebipood.ee\/tooted\/"},{"@type":"ListItem","position":3,"name":"Sahtelvoodi Calmo Daybed 90&#215;200, valge"}]},{"@type":"WebSite","@id":"https:\/\/beebipood.ee\/ru\/#website","url":"https:\/\/beebipood.ee\/ru\/","name":"Beebipood","description":"Lastekaubad, beebikaubad, m\u00e4nguasjad","publisher":{"@id":"https:\/\/beebipood.ee\/ru\/#organization"},"potentialAction":[{"@type":"SearchAction","target":{"@type":"EntryPoint","urlTemplate":"https:\/\/beebipood.ee\/ru\/?s={search_term_string}"},"query-input":{"@type":"PropertyValueSpecification","valueRequired":true,"valueName":"search_term_string"}}],"inLanguage":"ru-RU"},{"@type":"Organization","@id":"https:\/\/beebipood.ee\/ru\/#organization","name":"Beebipood","url":"https:\/\/beebipood.ee\/ru\/","logo":{"@type":"ImageObject","inLanguage":"ru-RU","@id":"https:\/\/beebipood.ee\/ru\/#\/schema\/logo\/image\/","url":"https:\/\/beebipood.ee\/wp-content\/uploads\/2025\/03\/beebipood.ee-logo-1.svg","contentUrl":"https:\/\/beebipood.ee\/wp-content\/uploads\/2025\/03\/beebipood.ee-logo-1.svg","caption":"Beebipood"},"image":{"@id":"https:\/\/beebipood.ee\/ru\/#\/schema\/logo\/image\/"}}]}},"brands":[],"_links":{"self":[{"href":"https:\/\/beebipood.ee\/ru\/wp-json\/wp\/v2\/product\/458667","targetHints":{"allow":["GET"]}}],"collection":[{"href":"https:\/\/beebipood.ee\/ru\/wp-json\/wp\/v2\/product"}],"about":[{"href":"https:\/\/beebipood.ee\/ru\/wp-json\/wp\/v2\/types\/product"}],"wp:featuredmedia":[{"embeddable":true,"href":"https:\/\/beebipood.ee\/ru\/wp-json\/wp\/v2\/media\/129777"}],"wp:attachment":[{"href":"https:\/\/beebipood.ee\/ru\/wp-json\/wp\/v2\/media?parent=458667"}],"wp:term":[{"taxonomy":"pwb-brand","embeddable":true,"href":"https:\/\/beebipood.ee\/ru\/wp-json\/wp\/v2\/pwb-brand?post=458667"},{"taxonomy":"product_brand","embeddable":true,"href":"https:\/\/beebipood.ee\/ru\/wp-json\/wp\/v2\/product_brand?post=458667"},{"taxonomy":"product_cat","embeddable":true,"href":"https:\/\/beebipood.ee\/ru\/wp-json\/wp\/v2\/product_cat?post=458667"},{"taxonomy":"product_tag","embeddable":true,"href":"https:\/\/beebipood.ee\/ru\/wp-json\/wp\/v2\/product_tag?post=458667"}],"curies":[{"name":"wp","href":"https:\/\/api.w.org\/{rel}","templated":true}]}}