{"id":458675,"date":"2019-06-02T07:13:46","date_gmt":"2019-06-02T04:13:46","guid":{"rendered":"https:\/\/beebipood.ee\/toode\/maxi-cosi-jade-turvakorv-essential-black\/"},"modified":"2025-01-09T10:48:51","modified_gmt":"2025-01-09T08:48:51","slug":"maxi-cosi-jade-turvakorv-essential-black","status":"publish","type":"product","link":"https:\/\/beebipood.ee\/ru\/produkt\/maxi-cosi-jade-turvakorv-essential-black\/","title":{"rendered":"Maxi-Cosi Jade turvakorv, Essential Black"},"content":{"rendered":"<p>Maxi-Cosi Jade on esimene turvakorv, mis vastab k\u00f5ige rangemale turvastandardile (R129)<br \/>ning mida on v\u00f5imalik kasutada autos transportimiseks.<br \/>Jade \u00fchendab endas turvah\u00e4lli ohutuse ja vankrikorvi mugavuse. &#8216;<br \/>Ideaalne t\u00e4islamav asend v\u00f5imaldab vanematel s\u00f5idutada oma last autos mugavalt ja turvaliselt.<br \/>Jade turvakorvi saab sujuvalt t\u00f5sta vankriraamilt otse 3wayFix aluse peale (EI OLE KOMPLEKTIS), ilma last \u00e4ratamata.<br \/>V\u00e4ga head\u00a0ADAC testi tulemused koos\u00a03wayFix alusega.<br \/>T\u00e4nu oma t\u00e4islamavale asendile saavad beebid s\u00f5ita autos k\u00f5ige tervislikumal ja turvalisemal viisil.<\/p>\n<p><span style=\"text-decoration: underline;\">Kasutajas\u00f5bralikkus<\/span><br \/>ISOFIX kinnitus pakub turvalist ja lihtsat paigaldust Jade turvakorvile<br \/>Kinnitub unikaalsele 3wayFix alusele (EI OLE KOMPLEKTIS) ning samuti ka Maxi-Cosi jalutusk\u00e4ru raamide k\u00fclge<br \/>Uue disainiga vabastusnupud on m\u00f5lemal pool korvi<br \/>Jade turvakorvi katteriided on lihtsasti eemaldatavad ning pestavad<br \/><span style=\"text-decoration: underline;\">Mugavus<\/span><br \/>\u00dclimalt mugav ja turvaline beebisisu pakub parimat kaitset vasts\u00fcndinutele<br \/>Jade suur kaarvari pakub optimaalset kaitset p\u00e4ikese eest<br \/>Maksimaalne mugavus t\u00e4nu pehmele madratsile<br \/>Turvarihmad on v\u00f5imalik peita k\u00f5rvale, et beebil oleks veelgi mugavam magada<br \/><span style=\"text-decoration: underline;\">Turvalisus<\/span><br \/>Maxi-Cosi Jade turvakorv vastab k\u00f5ige rangemale turvastandardile i-Size (R129), <br \/>tagades parima v\u00f5imaliku kaitse lapse peale ja kaelale<br \/>Jade on disainitud tagamaks turvalisust ja mugavust, kasutades l\u00f6\u00f6kisummutavat materjali<br \/>Beebit on v\u00f5imalik kinnitada 3-punkti turvarihmadega.<br \/>V\u00e4ga head\u00a0ADAC testi tulemused koos\u00a03wayFix alusega.<br \/><span style=\"text-decoration: underline;\">\u00dcldine<\/span><br \/>Jade turvakorvi on v\u00f5imalik positsioneerida 3wayFix aluse peal, <br \/>et tagada optimaalne turvalisus<br \/>Pikaajaline tasuvus t\u00e4nu 3wayFix alusele, <br \/>kuhu saate hiljem kinnitada ka Maxi-Cosi Pearl Pro turvatooli (ka Pebble Plus v\u00f5i Rock turvah\u00e4ll)<br \/>Sobib kasutamiseks lastele vanuses 0-6 kuud (0-9kg) \/ 40-70cm.<br \/>P\u00e4rast seda on v\u00f5imalik laps asetada seljaga s\u00f5idusuunas <br \/>Pearl Pro i-Size v\u00f5i Pearl Smart i-Size turvatooli, mis on m\u00f5eldud lastele pikkusega 67-105cm<br \/><span style=\"text-decoration: underline;\">N\u00e4itajad<\/span><br \/>Kaal 6,05kg<br \/>V\u00e4lism\u00f5\u00f5dud 80,5 x 47,5 x 58cm (pikkus, laius, k\u00f5rgus)<br \/>Sisem\u00f5\u00f5dud 66,5 x 30 x 34cm (pikkus, laius, k\u00f5rgus)<br \/>Beebisisu m\u00f5\u00f5dud 53 x 33,5 x 18,5cm (pikkus, laius, k\u00f5rgus)<\/p>\n","protected":false},"excerpt":{"rendered":"<p>Maxi-Cosi Jade on esimene turvakorv, mis vastab k\u00f5ige rangemale turvastandardile (R129)ning mida on v\u00f5imalik kasutada autos transportimiseks.Jade \u00fchendab endas turvah\u00e4lli ohutuse ja vankrikorvi mugavuse. &#8216;Ideaalne t\u00e4islamav asend v\u00f5imaldab vanematel s\u00f5idutada oma last autos mugavalt ja turvaliselt.Jade turvakorvi saab sujuvalt t\u00f5sta vankriraamilt otse 3wayFix aluse peale (EI OLE KOMPLEKTIS), ilma last \u00e4ratamata.V\u00e4ga head\u00a0ADAC testi tulemused koos\u00a03wayFix [&hellip;]<\/p>\n","protected":false},"featured_media":129845,"template":"","meta":{"_acf_changed":false},"pwb-brand":[11961],"product_brand":[],"product_cat":[11743,11727,11725,11717,11791],"product_tag":[],"class_list":{"0":"post-458675","1":"product","2":"type-product","3":"status-publish","4":"has-post-thumbnail","6":"pwb-brand-maxi-cosi-ru","7":"product_cat-turvahallid-ru","8":"product_cat-turvatoolid-hallid-ru","9":"product_cat-lisatarvikud-ru","10":"product_cat-lastevankrid-ja-karud-ru","11":"product_cat-turvavarustus-ru","12":"pa_manufacturer-maxi_cosi-ru","14":"first","15":"onbackorder","16":"taxable","17":"shipping-taxable","18":"purchasable","19":"product-type-simple"},"exclude_global_add_ons":[],"addons":[],"acf":[],"yoast_head":"<!-- This site is optimized with the Yoast SEO plugin v27.1.1 - https:\/\/yoast.com\/product\/yoast-seo-wordpress\/ -->\n<title>Maxi-Cosi Jade turvakorv, Essential Black, \u041a\u043e\u043b\u044f\u0441\u043a\u0438, \u041f\u0440\u0438\u043d\u0430\u0434\u043b\u0435\u0436\u043d\u043e\u0441\u0442\u0438, \u0410\u0432\u0442\u043e\u043a\u0440\u0435\u0441\u043b\u0430, \u043b\u044e\u043b\u044c\u043a\u0438, \u0410\u0432\u0442\u043e\u043b\u044e\u043b\u044c\u043a\u0430, \u0421\u043d\u0430\u0440\u044f\u0436\u0435\u043d\u0438\u044f \u0431\u0435\u0437\u043e\u043f\u0430\u0441\u043d\u043e\u0441\u0442\u0438, Beebipood<\/title>\n<meta name=\"description\" content=\"Maxi-Cosi Jade turvakorv, Essential Black, Maxi-Cosi Jade on esimene turvakorv, mis vastab k&otilde;ige rangemale turvastandardile (R129)ning mida on v\" \/>\n<meta name=\"robots\" content=\"index, follow, max-snippet:-1, max-image-preview:large, max-video-preview:-1\" \/>\n<link rel=\"canonical\" href=\"https:\/\/beebipood.ee\/ru\/produkt\/maxi-cosi-jade-turvakorv-essential-black\/\" \/>\n<meta property=\"og:locale\" content=\"ru_RU\" \/>\n<meta property=\"og:type\" content=\"article\" \/>\n<meta property=\"og:title\" content=\"Maxi-Cosi Jade turvakorv, Essential Black, \u041a\u043e\u043b\u044f\u0441\u043a\u0438, \u041f\u0440\u0438\u043d\u0430\u0434\u043b\u0435\u0436\u043d\u043e\u0441\u0442\u0438, \u0410\u0432\u0442\u043e\u043a\u0440\u0435\u0441\u043b\u0430, \u043b\u044e\u043b\u044c\u043a\u0438, \u0410\u0432\u0442\u043e\u043b\u044e\u043b\u044c\u043a\u0430, \u0421\u043d\u0430\u0440\u044f\u0436\u0435\u043d\u0438\u044f \u0431\u0435\u0437\u043e\u043f\u0430\u0441\u043d\u043e\u0441\u0442\u0438, Beebipood\" \/>\n<meta property=\"og:description\" content=\"Maxi-Cosi Jade turvakorv, Essential Black, Maxi-Cosi Jade on esimene turvakorv, mis vastab k&otilde;ige rangemale turvastandardile (R129)ning mida on v\" \/>\n<meta property=\"og:url\" content=\"https:\/\/beebipood.ee\/ru\/produkt\/maxi-cosi-jade-turvakorv-essential-black\/\" \/>\n<meta property=\"og:site_name\" content=\"Beebipood\" \/>\n<meta property=\"article:modified_time\" content=\"2025-01-09T08:48:51+00:00\" \/>\n<meta property=\"og:image\" content=\"https:\/\/beebipood.ee\/wp-content\/uploads\/2019\/06\/MaxiCosi-Jade-turvakorv-Essential-Black-Lastevankrid-ja-karud-Lisavarustus-Turvatoolid-hallid-Turvahallid-Turvavarustus-MaxiCosi-15_1-558.jpg\" \/>\n\t<meta property=\"og:image:width\" content=\"1200\" \/>\n\t<meta property=\"og:image:height\" content=\"1200\" \/>\n\t<meta property=\"og:image:type\" content=\"image\/jpeg\" \/>\n<meta name=\"twitter:card\" content=\"summary_large_image\" \/>\n<meta name=\"twitter:label1\" content=\"\u041f\u0440\u0438\u043c\u0435\u0440\u043d\u043e\u0435 \u0432\u0440\u0435\u043c\u044f \u0434\u043b\u044f \u0447\u0442\u0435\u043d\u0438\u044f\" \/>\n\t<meta name=\"twitter:data1\" content=\"2 \u043c\u0438\u043d\u0443\u0442\u044b\" \/>\n<script type=\"application\/ld+json\" class=\"yoast-schema-graph\">{\"@context\":\"https:\/\/schema.org\",\"@graph\":[{\"@type\":\"WebPage\",\"@id\":\"https:\/\/beebipood.ee\/ru\/produkt\/maxi-cosi-jade-turvakorv-essential-black\/\",\"url\":\"https:\/\/beebipood.ee\/ru\/produkt\/maxi-cosi-jade-turvakorv-essential-black\/\",\"name\":\"Maxi-Cosi Jade turvakorv, Essential Black, \u041a\u043e\u043b\u044f\u0441\u043a\u0438, \u041f\u0440\u0438\u043d\u0430\u0434\u043b\u0435\u0436\u043d\u043e\u0441\u0442\u0438, \u0410\u0432\u0442\u043e\u043a\u0440\u0435\u0441\u043b\u0430, \u043b\u044e\u043b\u044c\u043a\u0438, \u0410\u0432\u0442\u043e\u043b\u044e\u043b\u044c\u043a\u0430, \u0421\u043d\u0430\u0440\u044f\u0436\u0435\u043d\u0438\u044f \u0431\u0435\u0437\u043e\u043f\u0430\u0441\u043d\u043e\u0441\u0442\u0438, Beebipood\",\"isPartOf\":{\"@id\":\"https:\/\/beebipood.ee\/ru\/#website\"},\"primaryImageOfPage\":{\"@id\":\"https:\/\/beebipood.ee\/ru\/produkt\/maxi-cosi-jade-turvakorv-essential-black\/#primaryimage\"},\"image\":{\"@id\":\"https:\/\/beebipood.ee\/ru\/produkt\/maxi-cosi-jade-turvakorv-essential-black\/#primaryimage\"},\"thumbnailUrl\":\"https:\/\/beebipood.ee\/wp-content\/uploads\/2019\/06\/MaxiCosi-Jade-turvakorv-Essential-Black-Lastevankrid-ja-karud-Lisavarustus-Turvatoolid-hallid-Turvahallid-Turvavarustus-MaxiCosi-15_1-558.jpg\",\"datePublished\":\"2019-06-02T04:13:46+00:00\",\"dateModified\":\"2025-01-09T08:48:51+00:00\",\"description\":\"Maxi-Cosi Jade turvakorv, Essential Black, Maxi-Cosi Jade on esimene turvakorv, mis vastab k&otilde;ige rangemale turvastandardile (R129)ning mida on v\",\"breadcrumb\":{\"@id\":\"https:\/\/beebipood.ee\/ru\/produkt\/maxi-cosi-jade-turvakorv-essential-black\/#breadcrumb\"},\"inLanguage\":\"ru-RU\",\"potentialAction\":[{\"@type\":\"ReadAction\",\"target\":[\"https:\/\/beebipood.ee\/ru\/produkt\/maxi-cosi-jade-turvakorv-essential-black\/\"]}]},{\"@type\":\"ImageObject\",\"inLanguage\":\"ru-RU\",\"@id\":\"https:\/\/beebipood.ee\/ru\/produkt\/maxi-cosi-jade-turvakorv-essential-black\/#primaryimage\",\"url\":\"https:\/\/beebipood.ee\/wp-content\/uploads\/2019\/06\/MaxiCosi-Jade-turvakorv-Essential-Black-Lastevankrid-ja-karud-Lisavarustus-Turvatoolid-hallid-Turvahallid-Turvavarustus-MaxiCosi-15_1-558.jpg\",\"contentUrl\":\"https:\/\/beebipood.ee\/wp-content\/uploads\/2019\/06\/MaxiCosi-Jade-turvakorv-Essential-Black-Lastevankrid-ja-karud-Lisavarustus-Turvatoolid-hallid-Turvahallid-Turvavarustus-MaxiCosi-15_1-558.jpg\",\"width\":1200,\"height\":1200},{\"@type\":\"BreadcrumbList\",\"@id\":\"https:\/\/beebipood.ee\/ru\/produkt\/maxi-cosi-jade-turvakorv-essential-black\/#breadcrumb\",\"itemListElement\":[{\"@type\":\"ListItem\",\"position\":1,\"name\":\"Home\",\"item\":\"https:\/\/beebipood.ee\/ru\/\"},{\"@type\":\"ListItem\",\"position\":2,\"name\":\"\u041a\u0430\u0442\u0430\u043b\u043e\u0433 \u0442\u043e\u0432\u0430\u0440\u043e\u0432\",\"item\":\"https:\/\/beebipood.ee\/tooted\/\"},{\"@type\":\"ListItem\",\"position\":3,\"name\":\"Maxi-Cosi Jade turvakorv, Essential Black\"}]},{\"@type\":\"WebSite\",\"@id\":\"https:\/\/beebipood.ee\/ru\/#website\",\"url\":\"https:\/\/beebipood.ee\/ru\/\",\"name\":\"Beebipood\",\"description\":\"Lastekaubad, beebikaubad, m\u00e4nguasjad\",\"publisher\":{\"@id\":\"https:\/\/beebipood.ee\/ru\/#organization\"},\"potentialAction\":[{\"@type\":\"SearchAction\",\"target\":{\"@type\":\"EntryPoint\",\"urlTemplate\":\"https:\/\/beebipood.ee\/ru\/?s={search_term_string}\"},\"query-input\":{\"@type\":\"PropertyValueSpecification\",\"valueRequired\":true,\"valueName\":\"search_term_string\"}}],\"inLanguage\":\"ru-RU\"},{\"@type\":\"Organization\",\"@id\":\"https:\/\/beebipood.ee\/ru\/#organization\",\"name\":\"Beebipood\",\"url\":\"https:\/\/beebipood.ee\/ru\/\",\"logo\":{\"@type\":\"ImageObject\",\"inLanguage\":\"ru-RU\",\"@id\":\"https:\/\/beebipood.ee\/ru\/#\/schema\/logo\/image\/\",\"url\":\"https:\/\/beebipood.ee\/wp-content\/uploads\/2025\/03\/beebipood.ee-logo-1.svg\",\"contentUrl\":\"https:\/\/beebipood.ee\/wp-content\/uploads\/2025\/03\/beebipood.ee-logo-1.svg\",\"caption\":\"Beebipood\"},\"image\":{\"@id\":\"https:\/\/beebipood.ee\/ru\/#\/schema\/logo\/image\/\"}}]}<\/script>\n<!-- \/ Yoast SEO plugin. -->","yoast_head_json":{"title":"Maxi-Cosi Jade turvakorv, Essential Black, \u041a\u043e\u043b\u044f\u0441\u043a\u0438, \u041f\u0440\u0438\u043d\u0430\u0434\u043b\u0435\u0436\u043d\u043e\u0441\u0442\u0438, \u0410\u0432\u0442\u043e\u043a\u0440\u0435\u0441\u043b\u0430, \u043b\u044e\u043b\u044c\u043a\u0438, \u0410\u0432\u0442\u043e\u043b\u044e\u043b\u044c\u043a\u0430, \u0421\u043d\u0430\u0440\u044f\u0436\u0435\u043d\u0438\u044f \u0431\u0435\u0437\u043e\u043f\u0430\u0441\u043d\u043e\u0441\u0442\u0438, Beebipood","description":"Maxi-Cosi Jade turvakorv, Essential Black, Maxi-Cosi Jade on esimene turvakorv, mis vastab k&otilde;ige rangemale turvastandardile (R129)ning mida on v","robots":{"index":"index","follow":"follow","max-snippet":"max-snippet:-1","max-image-preview":"max-image-preview:large","max-video-preview":"max-video-preview:-1"},"canonical":"https:\/\/beebipood.ee\/ru\/produkt\/maxi-cosi-jade-turvakorv-essential-black\/","og_locale":"ru_RU","og_type":"article","og_title":"Maxi-Cosi Jade turvakorv, Essential Black, \u041a\u043e\u043b\u044f\u0441\u043a\u0438, \u041f\u0440\u0438\u043d\u0430\u0434\u043b\u0435\u0436\u043d\u043e\u0441\u0442\u0438, \u0410\u0432\u0442\u043e\u043a\u0440\u0435\u0441\u043b\u0430, \u043b\u044e\u043b\u044c\u043a\u0438, \u0410\u0432\u0442\u043e\u043b\u044e\u043b\u044c\u043a\u0430, \u0421\u043d\u0430\u0440\u044f\u0436\u0435\u043d\u0438\u044f \u0431\u0435\u0437\u043e\u043f\u0430\u0441\u043d\u043e\u0441\u0442\u0438, Beebipood","og_description":"Maxi-Cosi Jade turvakorv, Essential Black, Maxi-Cosi Jade on esimene turvakorv, mis vastab k&otilde;ige rangemale turvastandardile (R129)ning mida on v","og_url":"https:\/\/beebipood.ee\/ru\/produkt\/maxi-cosi-jade-turvakorv-essential-black\/","og_site_name":"Beebipood","article_modified_time":"2025-01-09T08:48:51+00:00","og_image":[{"width":1200,"height":1200,"url":"https:\/\/beebipood.ee\/wp-content\/uploads\/2019\/06\/MaxiCosi-Jade-turvakorv-Essential-Black-Lastevankrid-ja-karud-Lisavarustus-Turvatoolid-hallid-Turvahallid-Turvavarustus-MaxiCosi-15_1-558.jpg","type":"image\/jpeg"}],"twitter_card":"summary_large_image","twitter_misc":{"\u041f\u0440\u0438\u043c\u0435\u0440\u043d\u043e\u0435 \u0432\u0440\u0435\u043c\u044f \u0434\u043b\u044f \u0447\u0442\u0435\u043d\u0438\u044f":"2 \u043c\u0438\u043d\u0443\u0442\u044b"},"schema":{"@context":"https:\/\/schema.org","@graph":[{"@type":"WebPage","@id":"https:\/\/beebipood.ee\/ru\/produkt\/maxi-cosi-jade-turvakorv-essential-black\/","url":"https:\/\/beebipood.ee\/ru\/produkt\/maxi-cosi-jade-turvakorv-essential-black\/","name":"Maxi-Cosi Jade turvakorv, Essential Black, \u041a\u043e\u043b\u044f\u0441\u043a\u0438, \u041f\u0440\u0438\u043d\u0430\u0434\u043b\u0435\u0436\u043d\u043e\u0441\u0442\u0438, \u0410\u0432\u0442\u043e\u043a\u0440\u0435\u0441\u043b\u0430, \u043b\u044e\u043b\u044c\u043a\u0438, \u0410\u0432\u0442\u043e\u043b\u044e\u043b\u044c\u043a\u0430, \u0421\u043d\u0430\u0440\u044f\u0436\u0435\u043d\u0438\u044f \u0431\u0435\u0437\u043e\u043f\u0430\u0441\u043d\u043e\u0441\u0442\u0438, Beebipood","isPartOf":{"@id":"https:\/\/beebipood.ee\/ru\/#website"},"primaryImageOfPage":{"@id":"https:\/\/beebipood.ee\/ru\/produkt\/maxi-cosi-jade-turvakorv-essential-black\/#primaryimage"},"image":{"@id":"https:\/\/beebipood.ee\/ru\/produkt\/maxi-cosi-jade-turvakorv-essential-black\/#primaryimage"},"thumbnailUrl":"https:\/\/beebipood.ee\/wp-content\/uploads\/2019\/06\/MaxiCosi-Jade-turvakorv-Essential-Black-Lastevankrid-ja-karud-Lisavarustus-Turvatoolid-hallid-Turvahallid-Turvavarustus-MaxiCosi-15_1-558.jpg","datePublished":"2019-06-02T04:13:46+00:00","dateModified":"2025-01-09T08:48:51+00:00","description":"Maxi-Cosi Jade turvakorv, Essential Black, Maxi-Cosi Jade on esimene turvakorv, mis vastab k&otilde;ige rangemale turvastandardile (R129)ning mida on v","breadcrumb":{"@id":"https:\/\/beebipood.ee\/ru\/produkt\/maxi-cosi-jade-turvakorv-essential-black\/#breadcrumb"},"inLanguage":"ru-RU","potentialAction":[{"@type":"ReadAction","target":["https:\/\/beebipood.ee\/ru\/produkt\/maxi-cosi-jade-turvakorv-essential-black\/"]}]},{"@type":"ImageObject","inLanguage":"ru-RU","@id":"https:\/\/beebipood.ee\/ru\/produkt\/maxi-cosi-jade-turvakorv-essential-black\/#primaryimage","url":"https:\/\/beebipood.ee\/wp-content\/uploads\/2019\/06\/MaxiCosi-Jade-turvakorv-Essential-Black-Lastevankrid-ja-karud-Lisavarustus-Turvatoolid-hallid-Turvahallid-Turvavarustus-MaxiCosi-15_1-558.jpg","contentUrl":"https:\/\/beebipood.ee\/wp-content\/uploads\/2019\/06\/MaxiCosi-Jade-turvakorv-Essential-Black-Lastevankrid-ja-karud-Lisavarustus-Turvatoolid-hallid-Turvahallid-Turvavarustus-MaxiCosi-15_1-558.jpg","width":1200,"height":1200},{"@type":"BreadcrumbList","@id":"https:\/\/beebipood.ee\/ru\/produkt\/maxi-cosi-jade-turvakorv-essential-black\/#breadcrumb","itemListElement":[{"@type":"ListItem","position":1,"name":"Home","item":"https:\/\/beebipood.ee\/ru\/"},{"@type":"ListItem","position":2,"name":"\u041a\u0430\u0442\u0430\u043b\u043e\u0433 \u0442\u043e\u0432\u0430\u0440\u043e\u0432","item":"https:\/\/beebipood.ee\/tooted\/"},{"@type":"ListItem","position":3,"name":"Maxi-Cosi Jade turvakorv, Essential Black"}]},{"@type":"WebSite","@id":"https:\/\/beebipood.ee\/ru\/#website","url":"https:\/\/beebipood.ee\/ru\/","name":"Beebipood","description":"Lastekaubad, beebikaubad, m\u00e4nguasjad","publisher":{"@id":"https:\/\/beebipood.ee\/ru\/#organization"},"potentialAction":[{"@type":"SearchAction","target":{"@type":"EntryPoint","urlTemplate":"https:\/\/beebipood.ee\/ru\/?s={search_term_string}"},"query-input":{"@type":"PropertyValueSpecification","valueRequired":true,"valueName":"search_term_string"}}],"inLanguage":"ru-RU"},{"@type":"Organization","@id":"https:\/\/beebipood.ee\/ru\/#organization","name":"Beebipood","url":"https:\/\/beebipood.ee\/ru\/","logo":{"@type":"ImageObject","inLanguage":"ru-RU","@id":"https:\/\/beebipood.ee\/ru\/#\/schema\/logo\/image\/","url":"https:\/\/beebipood.ee\/wp-content\/uploads\/2025\/03\/beebipood.ee-logo-1.svg","contentUrl":"https:\/\/beebipood.ee\/wp-content\/uploads\/2025\/03\/beebipood.ee-logo-1.svg","caption":"Beebipood"},"image":{"@id":"https:\/\/beebipood.ee\/ru\/#\/schema\/logo\/image\/"}}]}},"brands":[{"id":11961,"name":"Maxi-Cosi","slug":"maxi-cosi-ru"}],"_links":{"self":[{"href":"https:\/\/beebipood.ee\/ru\/wp-json\/wp\/v2\/product\/458675","targetHints":{"allow":["GET"]}}],"collection":[{"href":"https:\/\/beebipood.ee\/ru\/wp-json\/wp\/v2\/product"}],"about":[{"href":"https:\/\/beebipood.ee\/ru\/wp-json\/wp\/v2\/types\/product"}],"wp:featuredmedia":[{"embeddable":true,"href":"https:\/\/beebipood.ee\/ru\/wp-json\/wp\/v2\/media\/129845"}],"wp:attachment":[{"href":"https:\/\/beebipood.ee\/ru\/wp-json\/wp\/v2\/media?parent=458675"}],"wp:term":[{"taxonomy":"pwb-brand","embeddable":true,"href":"https:\/\/beebipood.ee\/ru\/wp-json\/wp\/v2\/pwb-brand?post=458675"},{"taxonomy":"product_brand","embeddable":true,"href":"https:\/\/beebipood.ee\/ru\/wp-json\/wp\/v2\/product_brand?post=458675"},{"taxonomy":"product_cat","embeddable":true,"href":"https:\/\/beebipood.ee\/ru\/wp-json\/wp\/v2\/product_cat?post=458675"},{"taxonomy":"product_tag","embeddable":true,"href":"https:\/\/beebipood.ee\/ru\/wp-json\/wp\/v2\/product_tag?post=458675"}],"curies":[{"name":"wp","href":"https:\/\/api.w.org\/{rel}","templated":true}]}}