{"id":458677,"date":"2019-06-02T07:46:59","date_gmt":"2019-06-02T04:46:59","guid":{"rendered":"https:\/\/beebipood.ee\/toode\/maxi-cosi-jade-turvakorv-familyfix3-alus-essential-black\/"},"modified":"2025-01-09T10:48:51","modified_gmt":"2025-01-09T08:48:51","slug":"maxi-cosi-jade-turvakorv-familyfix3-alus-essential-black","status":"publish","type":"product","link":"https:\/\/beebipood.ee\/ru\/produkt\/maxi-cosi-jade-turvakorv-familyfix3-alus-essential-black\/","title":{"rendered":"Maxi-Cosi Jade turvakorv + FamilyFix3 alus, Essential Black"},"content":{"rendered":"<p><span style=\"text-decoration: underline;\"><strong>Maxi-Cosi Jade<\/strong><\/span> on esimene turvakorv, mis vastab k\u00f5ige rangemale turvastandardile (R129)<br \/>ning mida on v\u00f5imalik kasutada autos transportimiseks.<br \/>Jade \u00fchendab endas turvah\u00e4lli ohutuse ja vankrikorvi mugavuse.<br \/>Ideaalne t\u00e4islamav asend v\u00f5imaldab vanematel s\u00f5idutada oma last autos mugavalt ja turvaliselt.<br \/>Jade turvakorvi saab sujuvalt t\u00f5sta vankriraamilt otse\u00a0<span>FamilyFix3<\/span> aluse peale, ilma last \u00e4ratamata.<br \/>V\u00e4ga head\u00a0<span>ADAC testi tulemused koos <span>FamilyFix3\u00a0<\/span>alusega.<\/span><br \/>T\u00e4nu oma t\u00e4islamavale asendile saavad beebid s\u00f5ita autos k\u00f5ige tervislikumal ja turvalisemal viisil.<\/p>\n<p><span style=\"text-decoration: underline;\">Kasutajas\u00f5bralikkus<\/span><br \/>ISOFIX kinnitus pakub turvalist ja lihtsat paigaldust Jade turvakorvile<br \/>Kinnitub unikaalsele <span>FamilyFix3\u00a0<\/span>alusele ning samuti ka Maxi-Cosi jalutusk\u00e4ru raamide k\u00fclge<br \/>Uue disainiga vabastusnupud on m\u00f5lemal pool korvi<br \/>Jade turvakorvi katteriided on lihtsasti eemaldatavad ning pestavad<br \/><span style=\"text-decoration: underline;\">Mugavus<\/span><br \/>\u00dclimalt mugav ja turvaline beebisisu pakub parimat kaitset vasts\u00fcndinutele<br \/>Jade suur kaarvari pakub optimaalset kaitset p\u00e4ikese eest<br \/>Maksimaalne mugavus t\u00e4nu pehmele madratsile<br \/>Turvarihmad on v\u00f5imalik peita k\u00f5rvale, et beebil oleks veelgi mugavam magada<br \/><span style=\"text-decoration: underline;\">Turvalisus<\/span><br \/>Maxi-Cosi Jade turvakorv vastab k\u00f5ige rangemale turvastandardile i-Size (R129), <br \/>tagades parima v\u00f5imaliku kaitse lapse peale ja kaelale<br \/>Jade on disainitud tagamaks turvalisust ja mugavust, kasutades l\u00f6\u00f6kisummutavat materjali<br \/>Beebit on v\u00f5imalik kinnitada 3-punkti turvarihmadega.<br \/>V\u00e4ga head\u00a0ADAC testi tulemused koos <span>FamilyFix3\u00a0<\/span>alusega.<br \/><span style=\"text-decoration: underline;\">\u00dcldine<\/span><br \/>Jade turvakorvi on v\u00f5imalik positsioneerida <span>FamilyFix3\u00a0<\/span>aluse peal, <br \/>et tagada optimaalne turvalisus<br \/>Pikaajaline tasuvus t\u00e4nu <span>FamilyFix3\u00a0<\/span>alusele, <br \/>kuhu saate hiljem kinnitada ka Maxi-Cosi Pearl Pro turvatooli (ka Pebble Plus v\u00f5i Rock turvah\u00e4ll)<br \/>Sobib kasutamiseks lastele vanuses 0-6 kuud (0-9kg) \/ 40-70cm.<br \/>P\u00e4rast seda on v\u00f5imalik laps asetada seljaga s\u00f5idusuunas <br \/>Pearl Pro i-Size v\u00f5i Pearl Smart i-Size turvatooli, mis on m\u00f5eldud lastele pikkusega 67-105cm<br \/><span style=\"text-decoration: underline;\">N\u00e4itajad<\/span><br \/>Kaal 6,05kg<br \/>V\u00e4lism\u00f5\u00f5dud 80,5 x 47,5 x 58cm (pikkus, laius, k\u00f5rgus)<br \/>Sisem\u00f5\u00f5dud 66,5 x 30 x 34cm (pikkus, laius, k\u00f5rgus)<br \/>Beebisisu m\u00f5\u00f5dud 53 x 33,5 x 18,5cm (pikkus, laius, k\u00f5rgus)<\/p>\n<p><strong><span style=\"text-decoration: underline;\">Maxi-Cosi <span>FamilyFix3\u00a0<\/span><\/span><\/strong><span><strong><span style=\"text-decoration: underline;\">alus<\/span><\/strong> pakub k\u00f5ige turvalisemat lahendust laste transportimiseks,\u00a0<\/span><br \/><span>v\u00f5imaldades s\u00f5ita seljaga s\u00f5idusuunas s\u00fcnnist kuni ca. 4. eluaastani.\u00a0<\/span><br \/><span><span>FamilyFix3\u00a0<\/span>on osa <span>FamilyFix3\u00a0<\/span>Family s\u00fcsteemist ning pakub ideaalset kinnitust Jade turvakorvile,\u00a0<\/span><br \/><span>Pebble Plus,\u00a0Pebble PRO\u00a0v\u00f5i Rock turvah\u00e4llile ning Pearl Pro i-Size ja Pearl Smart i-Size turvatoolile.\u00a0<\/span><br \/><span>K\u00f5ik need tooted vastavad rangele i-Size (R129) turvastandardile, mis t\u00e4hendab,\u00a0<\/span><br \/><span>et nad pakuvad esmaklassilist ohutust lapse transportimisel.\u00a0<\/span><br \/><span>Kasutajamugavus<\/span><br \/><span>V\u00e4ga lihtne kinnitus Jade turvakorvile, Pebble Plus,\u00a0Pebble PRO ja Rock turvah\u00e4llile\u00a0<\/span><br \/><span>ning Pearl Pro i-Size v\u00f5i Pearl Smart i-Size turvatoolile<\/span><br \/><span>Uue disainiga ergonoomilised vabastusnupud asuvad m\u00f5lemal pool alust<\/span><br \/><span>Mugavus<\/span><br \/><span>Sobib kasutamiseks koos Jade turvakorvi ja Pebble Plus,\u00a0Pebble PRO\u00a0v\u00f5i Rock turvah\u00e4lliga,\u00a0<\/span><br \/><span>kus on sees mugavad beebisisud. V\u00f5imalik kinnitada ka Pearl Pro i-Size turvatool,\u00a0<\/span><br \/><span>kus on 4 erinevat seljatoe asendit<\/span><br \/><span>Turvalisus<\/span><br \/><span>Uuenenud turvastandard (i-Size) pakub t\u00e4iendavat turvalisust lapse peale ja kaelale<\/span><br \/><span>ISOFIX kinnitused pakuvad k\u00f5ige turvalisemat,\u00a0<\/span><br \/><span>lihtsamat ja kiiremat lahendust turvah\u00e4lli\/turvatooli kinnitamiseks<\/span><br \/><span>Interaktiivsed heli- ja visuaalsignaalid annavad tagasiside korrektse kinnitamise kohta.\u00a0<\/span><br \/><span>See v\u00e4hendab v\u00f5imalust valesti paigaldamiseks.<\/span><br \/><span>\u00dcldine<\/span><br \/><span>Sobib kasutamiseks kuni ca. 4 aastat koos: Jade, Pebble Plus,\u00a0Pebble PRO, Rock,\u00a0<\/span><br \/><span>Pearl Pro i-Size ja Pearl Smart i-Size toodetega.<\/span><br \/><span><span>FamilyFix3\u00a0<\/span>alus sobib enamus autodesse, kus on ISOFIX kinnitused<\/span><br \/><span>Komplektis kaasas 2 varu tulukest, mida saab vajadusel vahetada<\/span><br \/><span>Tuli vilgub, kui aku tase langeb alla 30%. <span>FamilyFix3\u00a0<\/span>alus toimib ilusti edasi,\u00a0<\/span><br \/><span>kuid tulede vahetamine on rangelt soovituslik<\/span><br \/><span>N\u00e4itajad<\/span><br \/><span>Kaal 6,35kg<\/span><br \/><span>M\u00f5\u00f5dud: 38 x 68 x 37,5cm (laius, pikkus, k\u00f5rgus)<\/span><\/p>\n","protected":false},"excerpt":{"rendered":"<p>Maxi-Cosi Jade on esimene turvakorv, mis vastab k\u00f5ige rangemale turvastandardile (R129)ning mida on v\u00f5imalik kasutada autos transportimiseks.Jade \u00fchendab endas turvah\u00e4lli ohutuse ja vankrikorvi mugavuse.Ideaalne t\u00e4islamav asend v\u00f5imaldab vanematel s\u00f5idutada oma last autos mugavalt ja turvaliselt.Jade turvakorvi saab sujuvalt t\u00f5sta vankriraamilt otse\u00a0FamilyFix3 aluse peale, ilma last \u00e4ratamata.V\u00e4ga head\u00a0ADAC testi tulemused koos FamilyFix3\u00a0alusega.T\u00e4nu oma t\u00e4islamavale asendile saavad [&hellip;]<\/p>\n","protected":false},"featured_media":129881,"template":"","meta":{"_acf_changed":false},"pwb-brand":[11961],"product_brand":[],"product_cat":[11743,11727,11725,11717,11791],"product_tag":[],"class_list":{"0":"post-458677","1":"product","2":"type-product","3":"status-publish","4":"has-post-thumbnail","6":"pwb-brand-maxi-cosi-ru","7":"product_cat-turvahallid-ru","8":"product_cat-turvatoolid-hallid-ru","9":"product_cat-lisatarvikud-ru","10":"product_cat-lastevankrid-ja-karud-ru","11":"product_cat-turvavarustus-ru","12":"pa_manufacturer-maxi_cosi-ru","14":"first","15":"onbackorder","16":"taxable","17":"shipping-taxable","18":"purchasable","19":"product-type-simple"},"exclude_global_add_ons":[],"addons":[],"acf":[],"yoast_head":"<!-- This site is optimized with the Yoast SEO plugin v27.1.1 - https:\/\/yoast.com\/product\/yoast-seo-wordpress\/ -->\n<title>Maxi-Cosi Jade turvakorv + FamilyFix3 alus, Essential Black, \u0421\u041a\u0418\u0414\u041a\u0418, \u041a\u043e\u043b\u044f\u0441\u043a\u0438, \u041f\u0440\u0438\u043d\u0430\u0434\u043b\u0435\u0436\u043d\u043e\u0441\u0442\u0438, \u0410\u0432\u0442\u043e\u043a\u0440\u0435\u0441\u043b\u0430, \u043b\u044e\u043b\u044c\u043a\u0438, \u0410\u0432\u0442\u043e\u043b\u044e\u043b\u044c\u043a\u0430, \u0421\u043d\u0430\u0440\u044f\u0436\u0435\u043d\u0438\u044f \u0431\u0435\u0437\u043e\u043f\u0430\u0441\u043d\u043e\u0441\u0442\u0438, Beebipood<\/title>\n<meta name=\"description\" content=\"Maxi-Cosi Jade turvakorv + FamilyFix3 alus, Essential Black, Maxi-Cosi Jade on esimene turv\" \/>\n<meta name=\"robots\" content=\"index, follow, max-snippet:-1, max-image-preview:large, max-video-preview:-1\" \/>\n<link rel=\"canonical\" href=\"https:\/\/beebipood.ee\/ru\/produkt\/maxi-cosi-jade-turvakorv-familyfix3-alus-essential-black\/\" \/>\n<meta property=\"og:locale\" content=\"ru_RU\" \/>\n<meta property=\"og:type\" content=\"article\" \/>\n<meta property=\"og:title\" content=\"Maxi-Cosi Jade turvakorv + FamilyFix3 alus, Essential Black, \u0421\u041a\u0418\u0414\u041a\u0418, \u041a\u043e\u043b\u044f\u0441\u043a\u0438, \u041f\u0440\u0438\u043d\u0430\u0434\u043b\u0435\u0436\u043d\u043e\u0441\u0442\u0438, \u0410\u0432\u0442\u043e\u043a\u0440\u0435\u0441\u043b\u0430, \u043b\u044e\u043b\u044c\u043a\u0438, \u0410\u0432\u0442\u043e\u043b\u044e\u043b\u044c\u043a\u0430, \u0421\u043d\u0430\u0440\u044f\u0436\u0435\u043d\u0438\u044f \u0431\u0435\u0437\u043e\u043f\u0430\u0441\u043d\u043e\u0441\u0442\u0438, Beebipood\" \/>\n<meta property=\"og:description\" content=\"Maxi-Cosi Jade turvakorv + FamilyFix3 alus, Essential Black, Maxi-Cosi Jade on esimene turv\" \/>\n<meta property=\"og:url\" content=\"https:\/\/beebipood.ee\/ru\/produkt\/maxi-cosi-jade-turvakorv-familyfix3-alus-essential-black\/\" \/>\n<meta property=\"og:site_name\" content=\"Beebipood\" \/>\n<meta property=\"article:modified_time\" content=\"2025-01-09T08:48:51+00:00\" \/>\n<meta property=\"og:image\" content=\"https:\/\/beebipood.ee\/wp-content\/uploads\/2019\/06\/MaxiCosi-Jade-turvakorv-FamilyFix3-alus-Essential-Black-Lastevankrid-ja-karud-Lisavarustus-Turvatoolid-hallid-Turvahallid-Turvavarustus-MaxiCosi-15_2-5de.jpg\" \/>\n\t<meta property=\"og:image:width\" content=\"1200\" \/>\n\t<meta property=\"og:image:height\" content=\"1200\" \/>\n\t<meta property=\"og:image:type\" content=\"image\/jpeg\" \/>\n<meta name=\"twitter:card\" content=\"summary_large_image\" \/>\n<meta name=\"twitter:label1\" content=\"\u041f\u0440\u0438\u043c\u0435\u0440\u043d\u043e\u0435 \u0432\u0440\u0435\u043c\u044f \u0434\u043b\u044f \u0447\u0442\u0435\u043d\u0438\u044f\" \/>\n\t<meta name=\"twitter:data1\" content=\"3 \u043c\u0438\u043d\u0443\u0442\u044b\" \/>\n<script type=\"application\/ld+json\" class=\"yoast-schema-graph\">{\"@context\":\"https:\/\/schema.org\",\"@graph\":[{\"@type\":\"WebPage\",\"@id\":\"https:\/\/beebipood.ee\/ru\/produkt\/maxi-cosi-jade-turvakorv-familyfix3-alus-essential-black\/\",\"url\":\"https:\/\/beebipood.ee\/ru\/produkt\/maxi-cosi-jade-turvakorv-familyfix3-alus-essential-black\/\",\"name\":\"Maxi-Cosi Jade turvakorv + FamilyFix3 alus, Essential Black, \u0421\u041a\u0418\u0414\u041a\u0418, \u041a\u043e\u043b\u044f\u0441\u043a\u0438, \u041f\u0440\u0438\u043d\u0430\u0434\u043b\u0435\u0436\u043d\u043e\u0441\u0442\u0438, \u0410\u0432\u0442\u043e\u043a\u0440\u0435\u0441\u043b\u0430, \u043b\u044e\u043b\u044c\u043a\u0438, \u0410\u0432\u0442\u043e\u043b\u044e\u043b\u044c\u043a\u0430, \u0421\u043d\u0430\u0440\u044f\u0436\u0435\u043d\u0438\u044f \u0431\u0435\u0437\u043e\u043f\u0430\u0441\u043d\u043e\u0441\u0442\u0438, Beebipood\",\"isPartOf\":{\"@id\":\"https:\/\/beebipood.ee\/ru\/#website\"},\"primaryImageOfPage\":{\"@id\":\"https:\/\/beebipood.ee\/ru\/produkt\/maxi-cosi-jade-turvakorv-familyfix3-alus-essential-black\/#primaryimage\"},\"image\":{\"@id\":\"https:\/\/beebipood.ee\/ru\/produkt\/maxi-cosi-jade-turvakorv-familyfix3-alus-essential-black\/#primaryimage\"},\"thumbnailUrl\":\"https:\/\/beebipood.ee\/wp-content\/uploads\/2019\/06\/MaxiCosi-Jade-turvakorv-FamilyFix3-alus-Essential-Black-Lastevankrid-ja-karud-Lisavarustus-Turvatoolid-hallid-Turvahallid-Turvavarustus-MaxiCosi-15_2-5de.jpg\",\"datePublished\":\"2019-06-02T04:46:59+00:00\",\"dateModified\":\"2025-01-09T08:48:51+00:00\",\"description\":\"Maxi-Cosi Jade turvakorv + FamilyFix3 alus, Essential Black, Maxi-Cosi Jade on esimene turv\",\"breadcrumb\":{\"@id\":\"https:\/\/beebipood.ee\/ru\/produkt\/maxi-cosi-jade-turvakorv-familyfix3-alus-essential-black\/#breadcrumb\"},\"inLanguage\":\"ru-RU\",\"potentialAction\":[{\"@type\":\"ReadAction\",\"target\":[\"https:\/\/beebipood.ee\/ru\/produkt\/maxi-cosi-jade-turvakorv-familyfix3-alus-essential-black\/\"]}]},{\"@type\":\"ImageObject\",\"inLanguage\":\"ru-RU\",\"@id\":\"https:\/\/beebipood.ee\/ru\/produkt\/maxi-cosi-jade-turvakorv-familyfix3-alus-essential-black\/#primaryimage\",\"url\":\"https:\/\/beebipood.ee\/wp-content\/uploads\/2019\/06\/MaxiCosi-Jade-turvakorv-FamilyFix3-alus-Essential-Black-Lastevankrid-ja-karud-Lisavarustus-Turvatoolid-hallid-Turvahallid-Turvavarustus-MaxiCosi-15_2-5de.jpg\",\"contentUrl\":\"https:\/\/beebipood.ee\/wp-content\/uploads\/2019\/06\/MaxiCosi-Jade-turvakorv-FamilyFix3-alus-Essential-Black-Lastevankrid-ja-karud-Lisavarustus-Turvatoolid-hallid-Turvahallid-Turvavarustus-MaxiCosi-15_2-5de.jpg\",\"width\":1200,\"height\":1200},{\"@type\":\"BreadcrumbList\",\"@id\":\"https:\/\/beebipood.ee\/ru\/produkt\/maxi-cosi-jade-turvakorv-familyfix3-alus-essential-black\/#breadcrumb\",\"itemListElement\":[{\"@type\":\"ListItem\",\"position\":1,\"name\":\"Home\",\"item\":\"https:\/\/beebipood.ee\/ru\/\"},{\"@type\":\"ListItem\",\"position\":2,\"name\":\"\u041a\u0430\u0442\u0430\u043b\u043e\u0433 \u0442\u043e\u0432\u0430\u0440\u043e\u0432\",\"item\":\"https:\/\/beebipood.ee\/tooted\/\"},{\"@type\":\"ListItem\",\"position\":3,\"name\":\"Maxi-Cosi Jade turvakorv + FamilyFix3 alus, Essential Black\"}]},{\"@type\":\"WebSite\",\"@id\":\"https:\/\/beebipood.ee\/ru\/#website\",\"url\":\"https:\/\/beebipood.ee\/ru\/\",\"name\":\"Beebipood\",\"description\":\"Lastekaubad, beebikaubad, m\u00e4nguasjad\",\"publisher\":{\"@id\":\"https:\/\/beebipood.ee\/ru\/#organization\"},\"potentialAction\":[{\"@type\":\"SearchAction\",\"target\":{\"@type\":\"EntryPoint\",\"urlTemplate\":\"https:\/\/beebipood.ee\/ru\/?s={search_term_string}\"},\"query-input\":{\"@type\":\"PropertyValueSpecification\",\"valueRequired\":true,\"valueName\":\"search_term_string\"}}],\"inLanguage\":\"ru-RU\"},{\"@type\":\"Organization\",\"@id\":\"https:\/\/beebipood.ee\/ru\/#organization\",\"name\":\"Beebipood\",\"url\":\"https:\/\/beebipood.ee\/ru\/\",\"logo\":{\"@type\":\"ImageObject\",\"inLanguage\":\"ru-RU\",\"@id\":\"https:\/\/beebipood.ee\/ru\/#\/schema\/logo\/image\/\",\"url\":\"https:\/\/beebipood.ee\/wp-content\/uploads\/2025\/03\/beebipood.ee-logo-1.svg\",\"contentUrl\":\"https:\/\/beebipood.ee\/wp-content\/uploads\/2025\/03\/beebipood.ee-logo-1.svg\",\"caption\":\"Beebipood\"},\"image\":{\"@id\":\"https:\/\/beebipood.ee\/ru\/#\/schema\/logo\/image\/\"}}]}<\/script>\n<!-- \/ Yoast SEO plugin. -->","yoast_head_json":{"title":"Maxi-Cosi Jade turvakorv + FamilyFix3 alus, Essential Black, \u0421\u041a\u0418\u0414\u041a\u0418, \u041a\u043e\u043b\u044f\u0441\u043a\u0438, \u041f\u0440\u0438\u043d\u0430\u0434\u043b\u0435\u0436\u043d\u043e\u0441\u0442\u0438, \u0410\u0432\u0442\u043e\u043a\u0440\u0435\u0441\u043b\u0430, \u043b\u044e\u043b\u044c\u043a\u0438, \u0410\u0432\u0442\u043e\u043b\u044e\u043b\u044c\u043a\u0430, \u0421\u043d\u0430\u0440\u044f\u0436\u0435\u043d\u0438\u044f \u0431\u0435\u0437\u043e\u043f\u0430\u0441\u043d\u043e\u0441\u0442\u0438, Beebipood","description":"Maxi-Cosi Jade turvakorv + FamilyFix3 alus, Essential Black, Maxi-Cosi Jade on esimene turv","robots":{"index":"index","follow":"follow","max-snippet":"max-snippet:-1","max-image-preview":"max-image-preview:large","max-video-preview":"max-video-preview:-1"},"canonical":"https:\/\/beebipood.ee\/ru\/produkt\/maxi-cosi-jade-turvakorv-familyfix3-alus-essential-black\/","og_locale":"ru_RU","og_type":"article","og_title":"Maxi-Cosi Jade turvakorv + FamilyFix3 alus, Essential Black, \u0421\u041a\u0418\u0414\u041a\u0418, \u041a\u043e\u043b\u044f\u0441\u043a\u0438, \u041f\u0440\u0438\u043d\u0430\u0434\u043b\u0435\u0436\u043d\u043e\u0441\u0442\u0438, \u0410\u0432\u0442\u043e\u043a\u0440\u0435\u0441\u043b\u0430, \u043b\u044e\u043b\u044c\u043a\u0438, \u0410\u0432\u0442\u043e\u043b\u044e\u043b\u044c\u043a\u0430, \u0421\u043d\u0430\u0440\u044f\u0436\u0435\u043d\u0438\u044f \u0431\u0435\u0437\u043e\u043f\u0430\u0441\u043d\u043e\u0441\u0442\u0438, Beebipood","og_description":"Maxi-Cosi Jade turvakorv + FamilyFix3 alus, Essential Black, Maxi-Cosi Jade on esimene turv","og_url":"https:\/\/beebipood.ee\/ru\/produkt\/maxi-cosi-jade-turvakorv-familyfix3-alus-essential-black\/","og_site_name":"Beebipood","article_modified_time":"2025-01-09T08:48:51+00:00","og_image":[{"width":1200,"height":1200,"url":"https:\/\/beebipood.ee\/wp-content\/uploads\/2019\/06\/MaxiCosi-Jade-turvakorv-FamilyFix3-alus-Essential-Black-Lastevankrid-ja-karud-Lisavarustus-Turvatoolid-hallid-Turvahallid-Turvavarustus-MaxiCosi-15_2-5de.jpg","type":"image\/jpeg"}],"twitter_card":"summary_large_image","twitter_misc":{"\u041f\u0440\u0438\u043c\u0435\u0440\u043d\u043e\u0435 \u0432\u0440\u0435\u043c\u044f \u0434\u043b\u044f \u0447\u0442\u0435\u043d\u0438\u044f":"3 \u043c\u0438\u043d\u0443\u0442\u044b"},"schema":{"@context":"https:\/\/schema.org","@graph":[{"@type":"WebPage","@id":"https:\/\/beebipood.ee\/ru\/produkt\/maxi-cosi-jade-turvakorv-familyfix3-alus-essential-black\/","url":"https:\/\/beebipood.ee\/ru\/produkt\/maxi-cosi-jade-turvakorv-familyfix3-alus-essential-black\/","name":"Maxi-Cosi Jade turvakorv + FamilyFix3 alus, Essential Black, \u0421\u041a\u0418\u0414\u041a\u0418, \u041a\u043e\u043b\u044f\u0441\u043a\u0438, \u041f\u0440\u0438\u043d\u0430\u0434\u043b\u0435\u0436\u043d\u043e\u0441\u0442\u0438, \u0410\u0432\u0442\u043e\u043a\u0440\u0435\u0441\u043b\u0430, \u043b\u044e\u043b\u044c\u043a\u0438, \u0410\u0432\u0442\u043e\u043b\u044e\u043b\u044c\u043a\u0430, \u0421\u043d\u0430\u0440\u044f\u0436\u0435\u043d\u0438\u044f \u0431\u0435\u0437\u043e\u043f\u0430\u0441\u043d\u043e\u0441\u0442\u0438, Beebipood","isPartOf":{"@id":"https:\/\/beebipood.ee\/ru\/#website"},"primaryImageOfPage":{"@id":"https:\/\/beebipood.ee\/ru\/produkt\/maxi-cosi-jade-turvakorv-familyfix3-alus-essential-black\/#primaryimage"},"image":{"@id":"https:\/\/beebipood.ee\/ru\/produkt\/maxi-cosi-jade-turvakorv-familyfix3-alus-essential-black\/#primaryimage"},"thumbnailUrl":"https:\/\/beebipood.ee\/wp-content\/uploads\/2019\/06\/MaxiCosi-Jade-turvakorv-FamilyFix3-alus-Essential-Black-Lastevankrid-ja-karud-Lisavarustus-Turvatoolid-hallid-Turvahallid-Turvavarustus-MaxiCosi-15_2-5de.jpg","datePublished":"2019-06-02T04:46:59+00:00","dateModified":"2025-01-09T08:48:51+00:00","description":"Maxi-Cosi Jade turvakorv + FamilyFix3 alus, Essential Black, Maxi-Cosi Jade on esimene turv","breadcrumb":{"@id":"https:\/\/beebipood.ee\/ru\/produkt\/maxi-cosi-jade-turvakorv-familyfix3-alus-essential-black\/#breadcrumb"},"inLanguage":"ru-RU","potentialAction":[{"@type":"ReadAction","target":["https:\/\/beebipood.ee\/ru\/produkt\/maxi-cosi-jade-turvakorv-familyfix3-alus-essential-black\/"]}]},{"@type":"ImageObject","inLanguage":"ru-RU","@id":"https:\/\/beebipood.ee\/ru\/produkt\/maxi-cosi-jade-turvakorv-familyfix3-alus-essential-black\/#primaryimage","url":"https:\/\/beebipood.ee\/wp-content\/uploads\/2019\/06\/MaxiCosi-Jade-turvakorv-FamilyFix3-alus-Essential-Black-Lastevankrid-ja-karud-Lisavarustus-Turvatoolid-hallid-Turvahallid-Turvavarustus-MaxiCosi-15_2-5de.jpg","contentUrl":"https:\/\/beebipood.ee\/wp-content\/uploads\/2019\/06\/MaxiCosi-Jade-turvakorv-FamilyFix3-alus-Essential-Black-Lastevankrid-ja-karud-Lisavarustus-Turvatoolid-hallid-Turvahallid-Turvavarustus-MaxiCosi-15_2-5de.jpg","width":1200,"height":1200},{"@type":"BreadcrumbList","@id":"https:\/\/beebipood.ee\/ru\/produkt\/maxi-cosi-jade-turvakorv-familyfix3-alus-essential-black\/#breadcrumb","itemListElement":[{"@type":"ListItem","position":1,"name":"Home","item":"https:\/\/beebipood.ee\/ru\/"},{"@type":"ListItem","position":2,"name":"\u041a\u0430\u0442\u0430\u043b\u043e\u0433 \u0442\u043e\u0432\u0430\u0440\u043e\u0432","item":"https:\/\/beebipood.ee\/tooted\/"},{"@type":"ListItem","position":3,"name":"Maxi-Cosi Jade turvakorv + FamilyFix3 alus, Essential Black"}]},{"@type":"WebSite","@id":"https:\/\/beebipood.ee\/ru\/#website","url":"https:\/\/beebipood.ee\/ru\/","name":"Beebipood","description":"Lastekaubad, beebikaubad, m\u00e4nguasjad","publisher":{"@id":"https:\/\/beebipood.ee\/ru\/#organization"},"potentialAction":[{"@type":"SearchAction","target":{"@type":"EntryPoint","urlTemplate":"https:\/\/beebipood.ee\/ru\/?s={search_term_string}"},"query-input":{"@type":"PropertyValueSpecification","valueRequired":true,"valueName":"search_term_string"}}],"inLanguage":"ru-RU"},{"@type":"Organization","@id":"https:\/\/beebipood.ee\/ru\/#organization","name":"Beebipood","url":"https:\/\/beebipood.ee\/ru\/","logo":{"@type":"ImageObject","inLanguage":"ru-RU","@id":"https:\/\/beebipood.ee\/ru\/#\/schema\/logo\/image\/","url":"https:\/\/beebipood.ee\/wp-content\/uploads\/2025\/03\/beebipood.ee-logo-1.svg","contentUrl":"https:\/\/beebipood.ee\/wp-content\/uploads\/2025\/03\/beebipood.ee-logo-1.svg","caption":"Beebipood"},"image":{"@id":"https:\/\/beebipood.ee\/ru\/#\/schema\/logo\/image\/"}}]}},"brands":[{"id":11961,"name":"Maxi-Cosi","slug":"maxi-cosi-ru"}],"_links":{"self":[{"href":"https:\/\/beebipood.ee\/ru\/wp-json\/wp\/v2\/product\/458677","targetHints":{"allow":["GET"]}}],"collection":[{"href":"https:\/\/beebipood.ee\/ru\/wp-json\/wp\/v2\/product"}],"about":[{"href":"https:\/\/beebipood.ee\/ru\/wp-json\/wp\/v2\/types\/product"}],"wp:featuredmedia":[{"embeddable":true,"href":"https:\/\/beebipood.ee\/ru\/wp-json\/wp\/v2\/media\/129881"}],"wp:attachment":[{"href":"https:\/\/beebipood.ee\/ru\/wp-json\/wp\/v2\/media?parent=458677"}],"wp:term":[{"taxonomy":"pwb-brand","embeddable":true,"href":"https:\/\/beebipood.ee\/ru\/wp-json\/wp\/v2\/pwb-brand?post=458677"},{"taxonomy":"product_brand","embeddable":true,"href":"https:\/\/beebipood.ee\/ru\/wp-json\/wp\/v2\/product_brand?post=458677"},{"taxonomy":"product_cat","embeddable":true,"href":"https:\/\/beebipood.ee\/ru\/wp-json\/wp\/v2\/product_cat?post=458677"},{"taxonomy":"product_tag","embeddable":true,"href":"https:\/\/beebipood.ee\/ru\/wp-json\/wp\/v2\/product_tag?post=458677"}],"curies":[{"name":"wp","href":"https:\/\/api.w.org\/{rel}","templated":true}]}}