{"id":458687,"date":"2019-06-06T09:07:17","date_gmt":"2019-06-06T06:07:17","guid":{"rendered":"https:\/\/beebipood.ee\/toode\/maxi-cosi-pebble-360-turvahall-familyfix-360-pro-alus-essential-black\/"},"modified":"2025-03-31T01:00:41","modified_gmt":"2025-03-30T22:00:41","slug":"maxi-cosi-pebble-360-turvahall-familyfix-360-pro-alus-essential-black","status":"publish","type":"product","link":"https:\/\/beebipood.ee\/ru\/produkt\/maxi-cosi-pebble-360-turvahall-familyfix-360-pro-alus-essential-black\/","title":{"rendered":"Maxi-Cosi Pebble 360 turvah\u00e4ll + FamilyFix 360 Pro alus, Essential Black"},"content":{"rendered":"<p>Maxi-Cosi turvah\u00e4lli ja aluse komplekt on p\u00f6\u00f6ratav <br \/>ja revolutsioonilise SlideTech\u2122 tehnoloogiaga, <br \/>mis v\u00f5imaldab turvah\u00e4lli t\u00f5mmata aluse pealt ukse avasse. <br \/>Sellisel kujul liigub turvah\u00e4ll 20cm lapsevanemale l\u00e4hemale, <br \/>et seda oleks lihtsam t\u00f5sta aluse k\u00fcljest \u00e4ra v\u00f5i hiljem autosse asetada.<br \/>Maxi-Cosi Pebble 360 turvah\u00e4ll on m\u00f5eldud kasutamiseks <br \/>lastele alates s\u00fcnnist kuni pikkuseni 83cm.<br \/>Spetsiaalne ClimaFlow korpus &#8212; soodustab \u00f5huringlust <br \/>ning aitab v\u00e4ltida higistamist. Turvah\u00e4lli rihmade <br \/>ning peaosa on reguleeritav k\u00f5rgusesse (lihtsasti \u00fche k\u00e4ega)<br \/>Innovatiivne beebisisu tagab vasts\u00fcndinule parima turvalisuse ja mugavuse<br \/>Suur kaarvari, mis kaitseb last p\u00e4ikese eest.<br \/><span style=\"text-decoration: underline;\">Maxi-Cosi Pebble 360 omadused<\/span><br \/>Kasutajamugavus<br \/>FamilyFix 360 Pro alusel on v\u00f5imalik Pebble 360 turvah\u00e4lli <br \/>\u00fclimalt lihtsasti \u00fche k\u00e4ega keerata ning t\u00f5mmata ukse poole<br \/>\u00d5lav\u00f6\u00f6rihmad hoiavad avatud asendis, et last oleks lihtsam turvah\u00e4lli asetada<br \/>Kandesanga nurka on v\u00f5imalik n\u00fc\u00fcd veelgi lihtsamalt reguleerida<br \/>Kinnitub Maxi-Cosi jalutusk\u00e4rude ning enamus teiste br\u00e4ndide mudelite peale<br \/>Maxi-Cosi ja Quinny jalutusk\u00e4rude k\u00fcljest on lihtne eemaldada t\u00e4nua m\u00e4lus\u00fcsteemi nuppudele<br \/>Katteriie on eemaldatav ning masinpestav<br \/><span style=\"text-decoration: underline;\">Mugavus<\/span><br \/>Spetsiaalne ClimaFlow korpus &#8212; soodustab \u00f5huringlust ning aitab v\u00e4ltida higistamist<br \/>Turvah\u00e4lli rihmade ning peaosa on reguleeritav k\u00f5rgusesse (lihtsasti \u00fche k\u00e4ega)<br \/>Innovatiivne beebisisu tagab vasts\u00fcndinule parima turvalisuse ja mugavuse<br \/>Suur kaarvari, mis kaitseb last p\u00e4ikese eest<br \/><span style=\"text-decoration: underline;\">Turvalisus<\/span><br \/>Pebble 360 turvah\u00e4ll on t\u00e4iustatud G-CELL k\u00fclgkaitse tehnoloogiaga, <br \/>mis kaitseb lapse pead ja kaela k\u00fclgakokkup\u00f5rke korral<br \/>Vastab k\u00f5ige uuemale ning karmimale turvastandardile i-Size (R129\/03)<br \/>3-punkti kinnitusega turvarihmad<br \/><span style=\"text-decoration: underline;\">\u00dcldine<\/span><br \/>Kasutamiseks lastele alates s\u00fcnnist kuni 15. elukuuni<br \/>Pikkusele 40-83cm \/ 0-13kg<br \/><span style=\"text-decoration: underline;\">N\u00e4itajad<\/span><br \/>Kaal 4,3kg<br \/>M\u00f5\u00f5dud 44 x 67 x 35cm (laius, pikkus, k\u00f5rgus)<\/p>\n<p><span style=\"text-decoration: underline;\">FamilyFix 360 Pro alus<\/span><br \/>Kasutajamugavus<br \/>Revolutsiooniline SlideTech\u2122 s\u00fcsteem muudab lapsevanema elu lihtsamaks. <br \/>Enam pole vaja turvah\u00e4lli t\u00f5stes valutada selga, <br \/>last turvatooli paigutades tema pead \u00e4ra l\u00fc\u00fca v\u00f5i muid sarnaseid muresid<br \/>FamilyFix 360 Pro alusel on v\u00f5imalik lihtsasti \u00fche k\u00e4e abil p\u00f6\u00f6rata sobivaid turvah\u00e4lle ning turvatoole<br \/>FlexiSpin tehnoloogia v\u00f5imaldab p\u00f6\u00f6rata turvatooli <br \/>\u00fcksk\u00f5ik millise kaldenurga all (ka siis kui laps on magavas asendis)<br \/>Lihtne ja kiire kinnitus<br \/><span style=\"text-decoration: underline;\">Turvalisus<\/span><br \/>Turvaline autos\u00f5it lastele seljaga v\u00f5i n\u00e4oga s\u00f5idusuunas kuni 4. eluaastani<br \/>V\u00e4\u00e4rkasutamise vastane p\u00f6\u00f6rlemislukk annab meelerahu, teades, <br \/>et teie laps reisib alati seljaga s\u00f5idusuunas, v\u00e4hemalt kuni 15 kuud.<br \/>ISOFIX kinnitus ja tugijalg pakuvad k\u00f5ige turvalisemat, <br \/>lihtsamat ning kiiremat lahendust turvaistme kinnitamiseks<br \/>i-Size turvastandardile vastav<br \/><span style=\"text-decoration: underline;\">\u00dcldine<\/span><br \/>M\u00f5eldud kasutamiseks lastele s\u00fcnnist kuni 4. eluaastani <br \/>\/ pikkusele 40-105cm \/ kaalule 0-17,5kg<br \/><span style=\"text-decoration: underline;\">N\u00e4itajad<\/span><br \/>M\u00f5\u00f5dud 39 x 65 x 35cm (laius, pikkus, k\u00f5rgus)<br \/>Kaal 8.6kg<\/p>\n<p><span style=\"text-decoration: underline;\">Komplektis<\/span><br \/>Maxi-Cosi Pebble 360 turvah\u00e4ll<br \/>Maxi-Cosi FamilyFix 360 Pro alus<br \/>Beebisisu<br \/>Kaarvari<\/p>\n","protected":false},"excerpt":{"rendered":"<p>Maxi-Cosi turvah\u00e4lli ja aluse komplekt on p\u00f6\u00f6ratav ja revolutsioonilise SlideTech\u2122 tehnoloogiaga, mis v\u00f5imaldab turvah\u00e4lli t\u00f5mmata aluse pealt ukse avasse. Sellisel kujul liigub turvah\u00e4ll 20cm lapsevanemale l\u00e4hemale, et seda oleks lihtsam t\u00f5sta aluse k\u00fcljest \u00e4ra v\u00f5i hiljem autosse asetada.Maxi-Cosi Pebble 360 turvah\u00e4ll on m\u00f5eldud kasutamiseks lastele alates s\u00fcnnist kuni pikkuseni 83cm.Spetsiaalne ClimaFlow korpus &#8212; soodustab \u00f5huringlust [&hellip;]<\/p>\n","protected":false},"featured_media":129953,"template":"","meta":{"_acf_changed":false},"pwb-brand":[11527],"product_brand":[],"product_cat":[11743,11727,11791],"product_tag":[],"class_list":{"0":"post-458687","1":"product","2":"type-product","3":"status-publish","4":"has-post-thumbnail","6":"pwb-brand-maxi-cosi","7":"product_cat-turvahallid-ru","8":"product_cat-turvatoolid-hallid-ru","9":"product_cat-turvavarustus-ru","10":"pa_manufacturer-maxi_cosi-ru","12":"first","13":"outofstock","14":"taxable","15":"shipping-taxable","16":"purchasable","17":"product-type-simple"},"exclude_global_add_ons":[],"addons":[],"acf":[],"yoast_head":"<!-- This site is optimized with the Yoast SEO plugin v27.1.1 - https:\/\/yoast.com\/product\/yoast-seo-wordpress\/ -->\n<title>Maxi-Cosi Pebble 360 turvah\u00e4ll + FamilyFix 360 Pro alus, Essential Black , \u0421\u041a\u0418\u0414\u041a\u0418, \u0410\u0432\u0442\u043e\u043a\u0440\u0435\u0441\u043b\u0430, \u043b\u044e\u043b\u044c\u043a\u0438, \u0410\u0432\u0442\u043e\u043b\u044e\u043b\u044c\u043a\u0430, \u0421\u043d\u0430\u0440\u044f\u0436\u0435\u043d\u0438\u044f \u0431\u0435\u0437\u043e\u043f\u0430\u0441\u043d\u043e\u0441\u0442\u0438, Beebipood<\/title>\n<meta name=\"description\" content=\"Maxi-Cosi Pebble 360 turvah\u00e4ll + FamilyFix 360 Pro alus, Essential Black , Maxi-Cosi turvah&auml;lli ja aluse komplekt on p&ouml;&ouml;ratav ja revolu\" \/>\n<meta name=\"robots\" content=\"index, follow, max-snippet:-1, max-image-preview:large, max-video-preview:-1\" \/>\n<link rel=\"canonical\" href=\"https:\/\/beebipood.ee\/ru\/produkt\/maxi-cosi-pebble-360-turvahall-familyfix-360-pro-alus-essential-black\/\" \/>\n<meta property=\"og:locale\" content=\"ru_RU\" \/>\n<meta property=\"og:type\" content=\"article\" \/>\n<meta property=\"og:title\" content=\"Maxi-Cosi Pebble 360 turvah\u00e4ll + FamilyFix 360 Pro alus, Essential Black , \u0421\u041a\u0418\u0414\u041a\u0418, \u0410\u0432\u0442\u043e\u043a\u0440\u0435\u0441\u043b\u0430, \u043b\u044e\u043b\u044c\u043a\u0438, \u0410\u0432\u0442\u043e\u043b\u044e\u043b\u044c\u043a\u0430, \u0421\u043d\u0430\u0440\u044f\u0436\u0435\u043d\u0438\u044f \u0431\u0435\u0437\u043e\u043f\u0430\u0441\u043d\u043e\u0441\u0442\u0438, Beebipood\" \/>\n<meta property=\"og:description\" content=\"Maxi-Cosi Pebble 360 turvah\u00e4ll + FamilyFix 360 Pro alus, Essential Black , Maxi-Cosi turvah&auml;lli ja aluse komplekt on p&ouml;&ouml;ratav ja revolu\" \/>\n<meta property=\"og:url\" content=\"https:\/\/beebipood.ee\/ru\/produkt\/maxi-cosi-pebble-360-turvahall-familyfix-360-pro-alus-essential-black\/\" \/>\n<meta property=\"og:site_name\" content=\"Beebipood\" \/>\n<meta property=\"article:modified_time\" content=\"2025-03-30T22:00:41+00:00\" \/>\n<meta property=\"og:image\" content=\"https:\/\/beebipood.ee\/wp-content\/uploads\/2019\/06\/MaxiCosi-Pebble-360-turvahall-FamilyFix-360-Pro-alus-Essential-Black-Turvatoolid-hallid-Turvatoolid-918-kg-Turvavarustus_3-758.jpg\" \/>\n\t<meta property=\"og:image:width\" content=\"1572\" \/>\n\t<meta property=\"og:image:height\" content=\"1200\" \/>\n\t<meta property=\"og:image:type\" content=\"image\/jpeg\" \/>\n<meta name=\"twitter:card\" content=\"summary_large_image\" \/>\n<meta name=\"twitter:label1\" content=\"\u041f\u0440\u0438\u043c\u0435\u0440\u043d\u043e\u0435 \u0432\u0440\u0435\u043c\u044f \u0434\u043b\u044f \u0447\u0442\u0435\u043d\u0438\u044f\" \/>\n\t<meta name=\"twitter:data1\" content=\"2 \u043c\u0438\u043d\u0443\u0442\u044b\" \/>\n<script type=\"application\/ld+json\" class=\"yoast-schema-graph\">{\"@context\":\"https:\/\/schema.org\",\"@graph\":[{\"@type\":\"WebPage\",\"@id\":\"https:\/\/beebipood.ee\/ru\/produkt\/maxi-cosi-pebble-360-turvahall-familyfix-360-pro-alus-essential-black\/\",\"url\":\"https:\/\/beebipood.ee\/ru\/produkt\/maxi-cosi-pebble-360-turvahall-familyfix-360-pro-alus-essential-black\/\",\"name\":\"Maxi-Cosi Pebble 360 turvah\u00e4ll + FamilyFix 360 Pro alus, Essential Black , \u0421\u041a\u0418\u0414\u041a\u0418, \u0410\u0432\u0442\u043e\u043a\u0440\u0435\u0441\u043b\u0430, \u043b\u044e\u043b\u044c\u043a\u0438, \u0410\u0432\u0442\u043e\u043b\u044e\u043b\u044c\u043a\u0430, \u0421\u043d\u0430\u0440\u044f\u0436\u0435\u043d\u0438\u044f \u0431\u0435\u0437\u043e\u043f\u0430\u0441\u043d\u043e\u0441\u0442\u0438, Beebipood\",\"isPartOf\":{\"@id\":\"https:\/\/beebipood.ee\/ru\/#website\"},\"primaryImageOfPage\":{\"@id\":\"https:\/\/beebipood.ee\/ru\/produkt\/maxi-cosi-pebble-360-turvahall-familyfix-360-pro-alus-essential-black\/#primaryimage\"},\"image\":{\"@id\":\"https:\/\/beebipood.ee\/ru\/produkt\/maxi-cosi-pebble-360-turvahall-familyfix-360-pro-alus-essential-black\/#primaryimage\"},\"thumbnailUrl\":\"https:\/\/beebipood.ee\/wp-content\/uploads\/2019\/06\/MaxiCosi-Pebble-360-turvahall-FamilyFix-360-Pro-alus-Essential-Black-Turvatoolid-hallid-Turvatoolid-918-kg-Turvavarustus_3-758.jpg\",\"datePublished\":\"2019-06-06T06:07:17+00:00\",\"dateModified\":\"2025-03-30T22:00:41+00:00\",\"description\":\"Maxi-Cosi Pebble 360 turvah\u00e4ll + FamilyFix 360 Pro alus, Essential Black , Maxi-Cosi turvah&auml;lli ja aluse komplekt on p&ouml;&ouml;ratav ja revolu\",\"breadcrumb\":{\"@id\":\"https:\/\/beebipood.ee\/ru\/produkt\/maxi-cosi-pebble-360-turvahall-familyfix-360-pro-alus-essential-black\/#breadcrumb\"},\"inLanguage\":\"ru-RU\",\"potentialAction\":[{\"@type\":\"ReadAction\",\"target\":[\"https:\/\/beebipood.ee\/ru\/produkt\/maxi-cosi-pebble-360-turvahall-familyfix-360-pro-alus-essential-black\/\"]}]},{\"@type\":\"ImageObject\",\"inLanguage\":\"ru-RU\",\"@id\":\"https:\/\/beebipood.ee\/ru\/produkt\/maxi-cosi-pebble-360-turvahall-familyfix-360-pro-alus-essential-black\/#primaryimage\",\"url\":\"https:\/\/beebipood.ee\/wp-content\/uploads\/2019\/06\/MaxiCosi-Pebble-360-turvahall-FamilyFix-360-Pro-alus-Essential-Black-Turvatoolid-hallid-Turvatoolid-918-kg-Turvavarustus_3-758.jpg\",\"contentUrl\":\"https:\/\/beebipood.ee\/wp-content\/uploads\/2019\/06\/MaxiCosi-Pebble-360-turvahall-FamilyFix-360-Pro-alus-Essential-Black-Turvatoolid-hallid-Turvatoolid-918-kg-Turvavarustus_3-758.jpg\",\"width\":1572,\"height\":1200},{\"@type\":\"BreadcrumbList\",\"@id\":\"https:\/\/beebipood.ee\/ru\/produkt\/maxi-cosi-pebble-360-turvahall-familyfix-360-pro-alus-essential-black\/#breadcrumb\",\"itemListElement\":[{\"@type\":\"ListItem\",\"position\":1,\"name\":\"Home\",\"item\":\"https:\/\/beebipood.ee\/ru\/\"},{\"@type\":\"ListItem\",\"position\":2,\"name\":\"\u041a\u0430\u0442\u0430\u043b\u043e\u0433 \u0442\u043e\u0432\u0430\u0440\u043e\u0432\",\"item\":\"https:\/\/beebipood.ee\/tooted\/\"},{\"@type\":\"ListItem\",\"position\":3,\"name\":\"Maxi-Cosi Pebble 360 turvah\u00e4ll + FamilyFix 360 Pro alus, Essential Black\"}]},{\"@type\":\"WebSite\",\"@id\":\"https:\/\/beebipood.ee\/ru\/#website\",\"url\":\"https:\/\/beebipood.ee\/ru\/\",\"name\":\"Beebipood\",\"description\":\"Lastekaubad, beebikaubad, m\u00e4nguasjad\",\"publisher\":{\"@id\":\"https:\/\/beebipood.ee\/ru\/#organization\"},\"potentialAction\":[{\"@type\":\"SearchAction\",\"target\":{\"@type\":\"EntryPoint\",\"urlTemplate\":\"https:\/\/beebipood.ee\/ru\/?s={search_term_string}\"},\"query-input\":{\"@type\":\"PropertyValueSpecification\",\"valueRequired\":true,\"valueName\":\"search_term_string\"}}],\"inLanguage\":\"ru-RU\"},{\"@type\":\"Organization\",\"@id\":\"https:\/\/beebipood.ee\/ru\/#organization\",\"name\":\"Beebipood\",\"url\":\"https:\/\/beebipood.ee\/ru\/\",\"logo\":{\"@type\":\"ImageObject\",\"inLanguage\":\"ru-RU\",\"@id\":\"https:\/\/beebipood.ee\/ru\/#\/schema\/logo\/image\/\",\"url\":\"https:\/\/beebipood.ee\/wp-content\/uploads\/2025\/03\/beebipood.ee-logo-1.svg\",\"contentUrl\":\"https:\/\/beebipood.ee\/wp-content\/uploads\/2025\/03\/beebipood.ee-logo-1.svg\",\"caption\":\"Beebipood\"},\"image\":{\"@id\":\"https:\/\/beebipood.ee\/ru\/#\/schema\/logo\/image\/\"}}]}<\/script>\n<!-- \/ Yoast SEO plugin. -->","yoast_head_json":{"title":"Maxi-Cosi Pebble 360 turvah\u00e4ll + FamilyFix 360 Pro alus, Essential Black , \u0421\u041a\u0418\u0414\u041a\u0418, \u0410\u0432\u0442\u043e\u043a\u0440\u0435\u0441\u043b\u0430, \u043b\u044e\u043b\u044c\u043a\u0438, \u0410\u0432\u0442\u043e\u043b\u044e\u043b\u044c\u043a\u0430, \u0421\u043d\u0430\u0440\u044f\u0436\u0435\u043d\u0438\u044f \u0431\u0435\u0437\u043e\u043f\u0430\u0441\u043d\u043e\u0441\u0442\u0438, Beebipood","description":"Maxi-Cosi Pebble 360 turvah\u00e4ll + FamilyFix 360 Pro alus, Essential Black , Maxi-Cosi turvah&auml;lli ja aluse komplekt on p&ouml;&ouml;ratav ja revolu","robots":{"index":"index","follow":"follow","max-snippet":"max-snippet:-1","max-image-preview":"max-image-preview:large","max-video-preview":"max-video-preview:-1"},"canonical":"https:\/\/beebipood.ee\/ru\/produkt\/maxi-cosi-pebble-360-turvahall-familyfix-360-pro-alus-essential-black\/","og_locale":"ru_RU","og_type":"article","og_title":"Maxi-Cosi Pebble 360 turvah\u00e4ll + FamilyFix 360 Pro alus, Essential Black , \u0421\u041a\u0418\u0414\u041a\u0418, \u0410\u0432\u0442\u043e\u043a\u0440\u0435\u0441\u043b\u0430, \u043b\u044e\u043b\u044c\u043a\u0438, \u0410\u0432\u0442\u043e\u043b\u044e\u043b\u044c\u043a\u0430, \u0421\u043d\u0430\u0440\u044f\u0436\u0435\u043d\u0438\u044f \u0431\u0435\u0437\u043e\u043f\u0430\u0441\u043d\u043e\u0441\u0442\u0438, Beebipood","og_description":"Maxi-Cosi Pebble 360 turvah\u00e4ll + FamilyFix 360 Pro alus, Essential Black , Maxi-Cosi turvah&auml;lli ja aluse komplekt on p&ouml;&ouml;ratav ja revolu","og_url":"https:\/\/beebipood.ee\/ru\/produkt\/maxi-cosi-pebble-360-turvahall-familyfix-360-pro-alus-essential-black\/","og_site_name":"Beebipood","article_modified_time":"2025-03-30T22:00:41+00:00","og_image":[{"width":1572,"height":1200,"url":"https:\/\/beebipood.ee\/wp-content\/uploads\/2019\/06\/MaxiCosi-Pebble-360-turvahall-FamilyFix-360-Pro-alus-Essential-Black-Turvatoolid-hallid-Turvatoolid-918-kg-Turvavarustus_3-758.jpg","type":"image\/jpeg"}],"twitter_card":"summary_large_image","twitter_misc":{"\u041f\u0440\u0438\u043c\u0435\u0440\u043d\u043e\u0435 \u0432\u0440\u0435\u043c\u044f \u0434\u043b\u044f \u0447\u0442\u0435\u043d\u0438\u044f":"2 \u043c\u0438\u043d\u0443\u0442\u044b"},"schema":{"@context":"https:\/\/schema.org","@graph":[{"@type":"WebPage","@id":"https:\/\/beebipood.ee\/ru\/produkt\/maxi-cosi-pebble-360-turvahall-familyfix-360-pro-alus-essential-black\/","url":"https:\/\/beebipood.ee\/ru\/produkt\/maxi-cosi-pebble-360-turvahall-familyfix-360-pro-alus-essential-black\/","name":"Maxi-Cosi Pebble 360 turvah\u00e4ll + FamilyFix 360 Pro alus, Essential Black , \u0421\u041a\u0418\u0414\u041a\u0418, \u0410\u0432\u0442\u043e\u043a\u0440\u0435\u0441\u043b\u0430, \u043b\u044e\u043b\u044c\u043a\u0438, \u0410\u0432\u0442\u043e\u043b\u044e\u043b\u044c\u043a\u0430, \u0421\u043d\u0430\u0440\u044f\u0436\u0435\u043d\u0438\u044f \u0431\u0435\u0437\u043e\u043f\u0430\u0441\u043d\u043e\u0441\u0442\u0438, Beebipood","isPartOf":{"@id":"https:\/\/beebipood.ee\/ru\/#website"},"primaryImageOfPage":{"@id":"https:\/\/beebipood.ee\/ru\/produkt\/maxi-cosi-pebble-360-turvahall-familyfix-360-pro-alus-essential-black\/#primaryimage"},"image":{"@id":"https:\/\/beebipood.ee\/ru\/produkt\/maxi-cosi-pebble-360-turvahall-familyfix-360-pro-alus-essential-black\/#primaryimage"},"thumbnailUrl":"https:\/\/beebipood.ee\/wp-content\/uploads\/2019\/06\/MaxiCosi-Pebble-360-turvahall-FamilyFix-360-Pro-alus-Essential-Black-Turvatoolid-hallid-Turvatoolid-918-kg-Turvavarustus_3-758.jpg","datePublished":"2019-06-06T06:07:17+00:00","dateModified":"2025-03-30T22:00:41+00:00","description":"Maxi-Cosi Pebble 360 turvah\u00e4ll + FamilyFix 360 Pro alus, Essential Black , Maxi-Cosi turvah&auml;lli ja aluse komplekt on p&ouml;&ouml;ratav ja revolu","breadcrumb":{"@id":"https:\/\/beebipood.ee\/ru\/produkt\/maxi-cosi-pebble-360-turvahall-familyfix-360-pro-alus-essential-black\/#breadcrumb"},"inLanguage":"ru-RU","potentialAction":[{"@type":"ReadAction","target":["https:\/\/beebipood.ee\/ru\/produkt\/maxi-cosi-pebble-360-turvahall-familyfix-360-pro-alus-essential-black\/"]}]},{"@type":"ImageObject","inLanguage":"ru-RU","@id":"https:\/\/beebipood.ee\/ru\/produkt\/maxi-cosi-pebble-360-turvahall-familyfix-360-pro-alus-essential-black\/#primaryimage","url":"https:\/\/beebipood.ee\/wp-content\/uploads\/2019\/06\/MaxiCosi-Pebble-360-turvahall-FamilyFix-360-Pro-alus-Essential-Black-Turvatoolid-hallid-Turvatoolid-918-kg-Turvavarustus_3-758.jpg","contentUrl":"https:\/\/beebipood.ee\/wp-content\/uploads\/2019\/06\/MaxiCosi-Pebble-360-turvahall-FamilyFix-360-Pro-alus-Essential-Black-Turvatoolid-hallid-Turvatoolid-918-kg-Turvavarustus_3-758.jpg","width":1572,"height":1200},{"@type":"BreadcrumbList","@id":"https:\/\/beebipood.ee\/ru\/produkt\/maxi-cosi-pebble-360-turvahall-familyfix-360-pro-alus-essential-black\/#breadcrumb","itemListElement":[{"@type":"ListItem","position":1,"name":"Home","item":"https:\/\/beebipood.ee\/ru\/"},{"@type":"ListItem","position":2,"name":"\u041a\u0430\u0442\u0430\u043b\u043e\u0433 \u0442\u043e\u0432\u0430\u0440\u043e\u0432","item":"https:\/\/beebipood.ee\/tooted\/"},{"@type":"ListItem","position":3,"name":"Maxi-Cosi Pebble 360 turvah\u00e4ll + FamilyFix 360 Pro alus, Essential Black"}]},{"@type":"WebSite","@id":"https:\/\/beebipood.ee\/ru\/#website","url":"https:\/\/beebipood.ee\/ru\/","name":"Beebipood","description":"Lastekaubad, beebikaubad, m\u00e4nguasjad","publisher":{"@id":"https:\/\/beebipood.ee\/ru\/#organization"},"potentialAction":[{"@type":"SearchAction","target":{"@type":"EntryPoint","urlTemplate":"https:\/\/beebipood.ee\/ru\/?s={search_term_string}"},"query-input":{"@type":"PropertyValueSpecification","valueRequired":true,"valueName":"search_term_string"}}],"inLanguage":"ru-RU"},{"@type":"Organization","@id":"https:\/\/beebipood.ee\/ru\/#organization","name":"Beebipood","url":"https:\/\/beebipood.ee\/ru\/","logo":{"@type":"ImageObject","inLanguage":"ru-RU","@id":"https:\/\/beebipood.ee\/ru\/#\/schema\/logo\/image\/","url":"https:\/\/beebipood.ee\/wp-content\/uploads\/2025\/03\/beebipood.ee-logo-1.svg","contentUrl":"https:\/\/beebipood.ee\/wp-content\/uploads\/2025\/03\/beebipood.ee-logo-1.svg","caption":"Beebipood"},"image":{"@id":"https:\/\/beebipood.ee\/ru\/#\/schema\/logo\/image\/"}}]}},"brands":[{"id":11961,"name":"Maxi-Cosi","slug":"maxi-cosi-ru"}],"_links":{"self":[{"href":"https:\/\/beebipood.ee\/ru\/wp-json\/wp\/v2\/product\/458687","targetHints":{"allow":["GET"]}}],"collection":[{"href":"https:\/\/beebipood.ee\/ru\/wp-json\/wp\/v2\/product"}],"about":[{"href":"https:\/\/beebipood.ee\/ru\/wp-json\/wp\/v2\/types\/product"}],"wp:featuredmedia":[{"embeddable":true,"href":"https:\/\/beebipood.ee\/ru\/wp-json\/wp\/v2\/media\/129953"}],"wp:attachment":[{"href":"https:\/\/beebipood.ee\/ru\/wp-json\/wp\/v2\/media?parent=458687"}],"wp:term":[{"taxonomy":"pwb-brand","embeddable":true,"href":"https:\/\/beebipood.ee\/ru\/wp-json\/wp\/v2\/pwb-brand?post=458687"},{"taxonomy":"product_brand","embeddable":true,"href":"https:\/\/beebipood.ee\/ru\/wp-json\/wp\/v2\/product_brand?post=458687"},{"taxonomy":"product_cat","embeddable":true,"href":"https:\/\/beebipood.ee\/ru\/wp-json\/wp\/v2\/product_cat?post=458687"},{"taxonomy":"product_tag","embeddable":true,"href":"https:\/\/beebipood.ee\/ru\/wp-json\/wp\/v2\/product_tag?post=458687"}],"curies":[{"name":"wp","href":"https:\/\/api.w.org\/{rel}","templated":true}]}}