{"id":458701,"date":"2019-06-11T06:14:58","date_gmt":"2019-06-11T03:14:58","guid":{"rendered":"https:\/\/beebipood.ee\/toode\/maxi-cosi-pearl-360-pro-turvatool-authentic-blue\/"},"modified":"2025-01-09T10:48:50","modified_gmt":"2025-01-09T08:48:50","slug":"maxi-cosi-pearl-360-pro-turvatool-authentic-blue","status":"publish","type":"product","link":"https:\/\/beebipood.ee\/ru\/produkt\/maxi-cosi-pearl-360-pro-turvatool-authentic-blue\/","title":{"rendered":"Maxi-Cosi Pearl 360 Pro turvatool, Authentic Blue"},"content":{"rendered":"<p><span>Maxi-Cosi k\u00f5ige mugavam ja kasutajas\u00f5bralikum turvatool<\/span><br \/><span>kasutamiseks lastele pikkuses 61-105cm (kuni ca. 4 aastat).<\/span><br \/><span>V\u00f5imalik kasutada ainult koos FamilyFix 360 v\u00f5i FamilyFix 360 Pro alusega.<\/span><br \/><span>&#8212; Uus SlideTech\u2122 tehnoloogia v\u00f5imaldab FamilyFix 360 Pro alusel liigutada<\/span><br \/><span>seda turvatooli ukse avasse. Selliselt on lapse sisee ja<\/span><br \/><span>v\u00e4lja t\u00f5stmine \u00fclimalt lihtne<\/span><br \/><span>&#8212; Parim lamamisasend beebile ja suuremale lapsele<\/span><br \/><span>&#8212; G-CELL k\u00fclgkokkup\u00f5rke kaitse<\/span><br \/><span><br \/><span style=\"text-decoration: underline;\">Kasutajamugavus<\/span><\/span><br \/><span>FamilyFix 360 Pro alusel on v\u00f5imalik Pearl 360 Pro turvatooli \u00fclimalt lihtsasti<\/span><br \/><span>\u00fche k\u00e4ega keerata ning t\u00f5mmata enda poole, et last lihtsamini v\u00e4lja v\u00f5tta<\/span><br \/><span>\u00d5lav\u00f6\u00f6rihmad hoiavad avatud asendis, et last oleks lihtsam turvatooli asetada<\/span><br \/><span>Pearl 360 Pro turvatooli on v\u00f5imalik p\u00f6\u00f6rata igas asendis (ka lamavas)<\/span><br \/><span>Katteriie on lihtsasti eemaldatav ning masinpestav<\/span><br \/><span>360 Pro Family on tervishoiut\u00f6\u00f6tajate s\u00f5ltumatu \u00fchenduse (AGR) poolt<\/span><br \/><span>tunnistanud &#171;seljas\u00f5bralikuks&#187;. T\u00e4nu revolutsioonilisele SlideTech\u2122 tehnoloogiale<\/span><br \/><span>on Pearl 360 Pro turvatooli v\u00e4lja t\u00f5stmine \u00fclimalt mugav<\/span><br \/><span>Reguleeritav peatugi ja rihmad (9 asendit)<\/span><br \/><span style=\"text-decoration: underline;\">Mugavus<\/span><br \/><span>Spetsiaalne ClimaFlow korpus &#8212; soodustab \u00f5huringlust ning aitab v\u00e4ltida higistamist<\/span><br \/><span>Turvatooli rihmade ning peaosa on kergesti \u00fche k\u00e4ega reguleeritav<\/span><br \/><span>K\u00f5rgendatud istumisosa tagab lapsele hea vaate aknast v\u00e4lja<\/span><br \/><span>Innovatiivne beebisisu tagab vasts\u00fcndinule parima turvalisuse ja mugavuse (m\u00fc\u00fcgil eraldi)<\/span><br \/><span>Seljatoeasendi reguleerimine, et tagada mugavaim positsioon lapsele igal reisil<\/span><br \/><span style=\"text-decoration: underline;\">Turvalisus<\/span><br \/><span>Pearl 360 Pro turvatool on t\u00e4iustatud G-CELL k\u00fclgkaitse tehnoloogiaga,<\/span><br \/><span>mis kaitseb lapse pead ja kaela k\u00fclgakokkup\u00f5rke korral<\/span><br \/><span>Peaosa on varustatud m\u00e4luvahust sisuga, et kaitsta veelgi enam lapse pead ja kaela<\/span><br \/><span>Vastab k\u00f5ige uuemale ning karmimale turvastandardile i-Size (R129\/03)<\/span><br \/><span>V\u00e4\u00e4rkasutamise vastane p\u00f6\u00f6rlemislukk annab meelerahu, teades,<\/span><br \/><span>et teie laps reisib alati seljaga s\u00f5idusuunas, v\u00e4hemalt kuni 15 kuud<\/span><br \/><span>5-punkti kinnitusega turvarihmad<\/span><br \/><span>V\u00f5imalik kasutada seljaga s\u00f5idusuunas kuni 4. eluaastani<\/span><br \/><span style=\"text-decoration: underline;\">\u00dcldine<\/span><br \/><span>Turvaline autos\u00f5it lapsele nii seljaga kui ka n\u00e4oga s\u00f5idusuunas (kuni 4. eluaastani)<\/span><br \/><span>V\u00f5imalik kasutada alates 3. elukuust kuni 4. eluaastani (61-105cm \/ 0-17kg)<\/span><br \/><span>Valmistatud pehmest, 100% taaskasutatud pol\u00fcesterkangast.<\/span><br \/><span>EcoCare&#8217;i kangad on toodetud ilma ohtlikke kemikaale kasutamata,<\/span><br \/><span>mis t\u00e4hendab, et imikute nahk ei puutu kokku v\u00f5imalike ohtudega<\/span><br \/><span>Puhastatav niiske lapiga v\u00f5i pesumasinas kuni 30\u00b0C<\/span><br \/><span>Elegantsete tikandidetailide ja DuaLife&#8217;i kangaga Pearl Pro 360,<\/span><br \/><span>on valmistatud vastupidavast kahetoonist kootud kangast<\/span><br \/><span>ja EcoCare 100% taaskasutatud kangastest<\/span><br \/><span style=\"text-decoration: underline;\">N\u00e4itajad<\/span><br \/><span>Kaal: 7,15kg<\/span><br \/><span>M\u00f5\u00f5dud 43 x 69 x 41-50cm (laius, pikkus, k\u00f5rgus)<\/span><br \/><span>K\u00f5ige suuremad m\u00f5\u00f5dud FamilyFix 360 Pro alusel 43 x 77,3 x 62,3cm (laius, pikkus, k\u00f5rgus)<\/span><br \/><span>Sisem\u00f5\u00f5dud 28 x 31 x 50-58cm (laius, s\u00fcgavus, k\u00f5rgus)<\/span><br \/><span>Kaldenurk seljaga s\u00f5idusuunas 142\u00b0<\/span><br \/><span>Kaldenurk n\u00e4oga s\u00f5idusuunas 126\u00b0<\/span><\/p>\n","protected":false},"excerpt":{"rendered":"<p>Maxi-Cosi k\u00f5ige mugavam ja kasutajas\u00f5bralikum turvatoolkasutamiseks lastele pikkuses 61-105cm (kuni ca. 4 aastat).V\u00f5imalik kasutada ainult koos FamilyFix 360 v\u00f5i FamilyFix 360 Pro alusega.&#8212; Uus SlideTech\u2122 tehnoloogia v\u00f5imaldab FamilyFix 360 Pro alusel liigutadaseda turvatooli ukse avasse. Selliselt on lapse sisee jav\u00e4lja t\u00f5stmine \u00fclimalt lihtne&#8212; Parim lamamisasend beebile ja suuremale lapsele&#8212; G-CELL k\u00fclgkokkup\u00f5rke kaitseKasutajamugavusFamilyFix 360 Pro alusel [&hellip;]<\/p>\n","protected":false},"featured_media":171297,"template":"","meta":{"_acf_changed":false},"pwb-brand":[11961],"product_brand":[],"product_cat":[11727,11731,11791],"product_tag":[],"class_list":{"0":"post-458701","1":"product","2":"type-product","3":"status-publish","4":"has-post-thumbnail","6":"pwb-brand-maxi-cosi-ru","7":"product_cat-turvatoolid-hallid-ru","8":"product_cat-turvatoolid-9-18-kg-ru","9":"product_cat-turvavarustus-ru","10":"pa_manufacturer-maxi_cosi-ru","12":"first","13":"onbackorder","14":"taxable","15":"shipping-taxable","16":"purchasable","17":"product-type-simple"},"exclude_global_add_ons":[],"addons":[],"acf":[],"yoast_head":"<!-- This site is optimized with the Yoast SEO plugin v27.1.1 - https:\/\/yoast.com\/product\/yoast-seo-wordpress\/ -->\n<title>Maxi-Cosi Pearl 360 Pro turvatool, Authentic Blue, \u0421\u041a\u0418\u0414\u041a\u0418, \u041d\u041e\u0412\u042b\u0415 \u0422\u041e\u0412\u0410\u0420\u042b, \u0410\u0432\u0442\u043e\u043a\u0440\u0435\u0441\u043b\u0430, \u043b\u044e\u043b\u044c\u043a\u0438, \u0410\u0432\u0442\u043e\u043a\u0440\u0435\u0441\u043b\u0430 9-18 \u043a\u0433, \u0421\u043d\u0430\u0440\u044f\u0436\u0435\u043d\u0438\u044f \u0431\u0435\u0437\u043e\u043f\u0430\u0441\u043d\u043e\u0441\u0442\u0438, Beebipood<\/title>\n<meta name=\"description\" content=\"Maxi-Cosi Pearl 360 Pro turvatool, Authentic Blue, Maxi-Cosi k&otilde;ige mugavam ja kasutajas&otilde;bralikum turvatoolkasutamiseks\" \/>\n<meta name=\"robots\" content=\"index, follow, max-snippet:-1, max-image-preview:large, max-video-preview:-1\" \/>\n<link rel=\"canonical\" href=\"https:\/\/beebipood.ee\/ru\/produkt\/maxi-cosi-pearl-360-pro-turvatool-authentic-blue\/\" \/>\n<meta property=\"og:locale\" content=\"ru_RU\" \/>\n<meta property=\"og:type\" content=\"article\" \/>\n<meta property=\"og:title\" content=\"Maxi-Cosi Pearl 360 Pro turvatool, Authentic Blue, \u0421\u041a\u0418\u0414\u041a\u0418, \u041d\u041e\u0412\u042b\u0415 \u0422\u041e\u0412\u0410\u0420\u042b, \u0410\u0432\u0442\u043e\u043a\u0440\u0435\u0441\u043b\u0430, \u043b\u044e\u043b\u044c\u043a\u0438, \u0410\u0432\u0442\u043e\u043a\u0440\u0435\u0441\u043b\u0430 9-18 \u043a\u0433, \u0421\u043d\u0430\u0440\u044f\u0436\u0435\u043d\u0438\u044f \u0431\u0435\u0437\u043e\u043f\u0430\u0441\u043d\u043e\u0441\u0442\u0438, Beebipood\" \/>\n<meta property=\"og:description\" content=\"Maxi-Cosi Pearl 360 Pro turvatool, Authentic Blue, Maxi-Cosi k&otilde;ige mugavam ja kasutajas&otilde;bralikum turvatoolkasutamiseks\" \/>\n<meta property=\"og:url\" content=\"https:\/\/beebipood.ee\/ru\/produkt\/maxi-cosi-pearl-360-pro-turvatool-authentic-blue\/\" \/>\n<meta property=\"og:site_name\" content=\"Beebipood\" \/>\n<meta property=\"article:modified_time\" content=\"2025-01-09T08:48:50+00:00\" \/>\n<meta property=\"og:image\" content=\"https:\/\/beebipood.ee\/wp-content\/uploads\/2019\/06\/MaxiCosi-Pearl-360-Pro-turvatool-Authentic-Blue-SOODUSPAKKUMISED-UUED-TOOTED-Turvatoolid-hallid-Turvatoolid-918-kg-Turvavarustus_1-93a.jpg\" \/>\n\t<meta property=\"og:image:width\" content=\"1200\" \/>\n\t<meta property=\"og:image:height\" content=\"1200\" \/>\n\t<meta property=\"og:image:type\" content=\"image\/jpeg\" \/>\n<meta name=\"twitter:card\" content=\"summary_large_image\" \/>\n<meta name=\"twitter:label1\" content=\"\u041f\u0440\u0438\u043c\u0435\u0440\u043d\u043e\u0435 \u0432\u0440\u0435\u043c\u044f \u0434\u043b\u044f \u0447\u0442\u0435\u043d\u0438\u044f\" \/>\n\t<meta name=\"twitter:data1\" content=\"2 \u043c\u0438\u043d\u0443\u0442\u044b\" \/>\n<script type=\"application\/ld+json\" class=\"yoast-schema-graph\">{\"@context\":\"https:\/\/schema.org\",\"@graph\":[{\"@type\":\"WebPage\",\"@id\":\"https:\/\/beebipood.ee\/ru\/produkt\/maxi-cosi-pearl-360-pro-turvatool-authentic-blue\/\",\"url\":\"https:\/\/beebipood.ee\/ru\/produkt\/maxi-cosi-pearl-360-pro-turvatool-authentic-blue\/\",\"name\":\"Maxi-Cosi Pearl 360 Pro turvatool, Authentic Blue, \u0421\u041a\u0418\u0414\u041a\u0418, \u041d\u041e\u0412\u042b\u0415 \u0422\u041e\u0412\u0410\u0420\u042b, \u0410\u0432\u0442\u043e\u043a\u0440\u0435\u0441\u043b\u0430, \u043b\u044e\u043b\u044c\u043a\u0438, \u0410\u0432\u0442\u043e\u043a\u0440\u0435\u0441\u043b\u0430 9-18 \u043a\u0433, \u0421\u043d\u0430\u0440\u044f\u0436\u0435\u043d\u0438\u044f \u0431\u0435\u0437\u043e\u043f\u0430\u0441\u043d\u043e\u0441\u0442\u0438, Beebipood\",\"isPartOf\":{\"@id\":\"https:\/\/beebipood.ee\/ru\/#website\"},\"primaryImageOfPage\":{\"@id\":\"https:\/\/beebipood.ee\/ru\/produkt\/maxi-cosi-pearl-360-pro-turvatool-authentic-blue\/#primaryimage\"},\"image\":{\"@id\":\"https:\/\/beebipood.ee\/ru\/produkt\/maxi-cosi-pearl-360-pro-turvatool-authentic-blue\/#primaryimage\"},\"thumbnailUrl\":\"https:\/\/beebipood.ee\/wp-content\/uploads\/2019\/06\/MaxiCosi-Pearl-360-Pro-turvatool-Authentic-Blue-SOODUSPAKKUMISED-UUED-TOOTED-Turvatoolid-hallid-Turvatoolid-918-kg-Turvavarustus_1-93a.jpg\",\"datePublished\":\"2019-06-11T03:14:58+00:00\",\"dateModified\":\"2025-01-09T08:48:50+00:00\",\"description\":\"Maxi-Cosi Pearl 360 Pro turvatool, Authentic Blue, Maxi-Cosi k&otilde;ige mugavam ja kasutajas&otilde;bralikum turvatoolkasutamiseks\",\"breadcrumb\":{\"@id\":\"https:\/\/beebipood.ee\/ru\/produkt\/maxi-cosi-pearl-360-pro-turvatool-authentic-blue\/#breadcrumb\"},\"inLanguage\":\"ru-RU\",\"potentialAction\":[{\"@type\":\"ReadAction\",\"target\":[\"https:\/\/beebipood.ee\/ru\/produkt\/maxi-cosi-pearl-360-pro-turvatool-authentic-blue\/\"]}]},{\"@type\":\"ImageObject\",\"inLanguage\":\"ru-RU\",\"@id\":\"https:\/\/beebipood.ee\/ru\/produkt\/maxi-cosi-pearl-360-pro-turvatool-authentic-blue\/#primaryimage\",\"url\":\"https:\/\/beebipood.ee\/wp-content\/uploads\/2019\/06\/MaxiCosi-Pearl-360-Pro-turvatool-Authentic-Blue-SOODUSPAKKUMISED-UUED-TOOTED-Turvatoolid-hallid-Turvatoolid-918-kg-Turvavarustus_1-93a.jpg\",\"contentUrl\":\"https:\/\/beebipood.ee\/wp-content\/uploads\/2019\/06\/MaxiCosi-Pearl-360-Pro-turvatool-Authentic-Blue-SOODUSPAKKUMISED-UUED-TOOTED-Turvatoolid-hallid-Turvatoolid-918-kg-Turvavarustus_1-93a.jpg\",\"width\":1200,\"height\":1200},{\"@type\":\"BreadcrumbList\",\"@id\":\"https:\/\/beebipood.ee\/ru\/produkt\/maxi-cosi-pearl-360-pro-turvatool-authentic-blue\/#breadcrumb\",\"itemListElement\":[{\"@type\":\"ListItem\",\"position\":1,\"name\":\"Home\",\"item\":\"https:\/\/beebipood.ee\/ru\/\"},{\"@type\":\"ListItem\",\"position\":2,\"name\":\"\u041a\u0430\u0442\u0430\u043b\u043e\u0433 \u0442\u043e\u0432\u0430\u0440\u043e\u0432\",\"item\":\"https:\/\/beebipood.ee\/tooted\/\"},{\"@type\":\"ListItem\",\"position\":3,\"name\":\"Maxi-Cosi Pearl 360 Pro turvatool, Authentic Blue\"}]},{\"@type\":\"WebSite\",\"@id\":\"https:\/\/beebipood.ee\/ru\/#website\",\"url\":\"https:\/\/beebipood.ee\/ru\/\",\"name\":\"Beebipood\",\"description\":\"Lastekaubad, beebikaubad, m\u00e4nguasjad\",\"publisher\":{\"@id\":\"https:\/\/beebipood.ee\/ru\/#organization\"},\"potentialAction\":[{\"@type\":\"SearchAction\",\"target\":{\"@type\":\"EntryPoint\",\"urlTemplate\":\"https:\/\/beebipood.ee\/ru\/?s={search_term_string}\"},\"query-input\":{\"@type\":\"PropertyValueSpecification\",\"valueRequired\":true,\"valueName\":\"search_term_string\"}}],\"inLanguage\":\"ru-RU\"},{\"@type\":\"Organization\",\"@id\":\"https:\/\/beebipood.ee\/ru\/#organization\",\"name\":\"Beebipood\",\"url\":\"https:\/\/beebipood.ee\/ru\/\",\"logo\":{\"@type\":\"ImageObject\",\"inLanguage\":\"ru-RU\",\"@id\":\"https:\/\/beebipood.ee\/ru\/#\/schema\/logo\/image\/\",\"url\":\"https:\/\/beebipood.ee\/wp-content\/uploads\/2025\/03\/beebipood.ee-logo-1.svg\",\"contentUrl\":\"https:\/\/beebipood.ee\/wp-content\/uploads\/2025\/03\/beebipood.ee-logo-1.svg\",\"caption\":\"Beebipood\"},\"image\":{\"@id\":\"https:\/\/beebipood.ee\/ru\/#\/schema\/logo\/image\/\"}}]}<\/script>\n<!-- \/ Yoast SEO plugin. -->","yoast_head_json":{"title":"Maxi-Cosi Pearl 360 Pro turvatool, Authentic Blue, \u0421\u041a\u0418\u0414\u041a\u0418, \u041d\u041e\u0412\u042b\u0415 \u0422\u041e\u0412\u0410\u0420\u042b, \u0410\u0432\u0442\u043e\u043a\u0440\u0435\u0441\u043b\u0430, \u043b\u044e\u043b\u044c\u043a\u0438, \u0410\u0432\u0442\u043e\u043a\u0440\u0435\u0441\u043b\u0430 9-18 \u043a\u0433, \u0421\u043d\u0430\u0440\u044f\u0436\u0435\u043d\u0438\u044f \u0431\u0435\u0437\u043e\u043f\u0430\u0441\u043d\u043e\u0441\u0442\u0438, Beebipood","description":"Maxi-Cosi Pearl 360 Pro turvatool, Authentic Blue, Maxi-Cosi k&otilde;ige mugavam ja kasutajas&otilde;bralikum turvatoolkasutamiseks","robots":{"index":"index","follow":"follow","max-snippet":"max-snippet:-1","max-image-preview":"max-image-preview:large","max-video-preview":"max-video-preview:-1"},"canonical":"https:\/\/beebipood.ee\/ru\/produkt\/maxi-cosi-pearl-360-pro-turvatool-authentic-blue\/","og_locale":"ru_RU","og_type":"article","og_title":"Maxi-Cosi Pearl 360 Pro turvatool, Authentic Blue, \u0421\u041a\u0418\u0414\u041a\u0418, \u041d\u041e\u0412\u042b\u0415 \u0422\u041e\u0412\u0410\u0420\u042b, \u0410\u0432\u0442\u043e\u043a\u0440\u0435\u0441\u043b\u0430, \u043b\u044e\u043b\u044c\u043a\u0438, \u0410\u0432\u0442\u043e\u043a\u0440\u0435\u0441\u043b\u0430 9-18 \u043a\u0433, \u0421\u043d\u0430\u0440\u044f\u0436\u0435\u043d\u0438\u044f \u0431\u0435\u0437\u043e\u043f\u0430\u0441\u043d\u043e\u0441\u0442\u0438, Beebipood","og_description":"Maxi-Cosi Pearl 360 Pro turvatool, Authentic Blue, Maxi-Cosi k&otilde;ige mugavam ja kasutajas&otilde;bralikum turvatoolkasutamiseks","og_url":"https:\/\/beebipood.ee\/ru\/produkt\/maxi-cosi-pearl-360-pro-turvatool-authentic-blue\/","og_site_name":"Beebipood","article_modified_time":"2025-01-09T08:48:50+00:00","og_image":[{"width":1200,"height":1200,"url":"https:\/\/beebipood.ee\/wp-content\/uploads\/2019\/06\/MaxiCosi-Pearl-360-Pro-turvatool-Authentic-Blue-SOODUSPAKKUMISED-UUED-TOOTED-Turvatoolid-hallid-Turvatoolid-918-kg-Turvavarustus_1-93a.jpg","type":"image\/jpeg"}],"twitter_card":"summary_large_image","twitter_misc":{"\u041f\u0440\u0438\u043c\u0435\u0440\u043d\u043e\u0435 \u0432\u0440\u0435\u043c\u044f \u0434\u043b\u044f \u0447\u0442\u0435\u043d\u0438\u044f":"2 \u043c\u0438\u043d\u0443\u0442\u044b"},"schema":{"@context":"https:\/\/schema.org","@graph":[{"@type":"WebPage","@id":"https:\/\/beebipood.ee\/ru\/produkt\/maxi-cosi-pearl-360-pro-turvatool-authentic-blue\/","url":"https:\/\/beebipood.ee\/ru\/produkt\/maxi-cosi-pearl-360-pro-turvatool-authentic-blue\/","name":"Maxi-Cosi Pearl 360 Pro turvatool, Authentic Blue, \u0421\u041a\u0418\u0414\u041a\u0418, \u041d\u041e\u0412\u042b\u0415 \u0422\u041e\u0412\u0410\u0420\u042b, \u0410\u0432\u0442\u043e\u043a\u0440\u0435\u0441\u043b\u0430, \u043b\u044e\u043b\u044c\u043a\u0438, \u0410\u0432\u0442\u043e\u043a\u0440\u0435\u0441\u043b\u0430 9-18 \u043a\u0433, \u0421\u043d\u0430\u0440\u044f\u0436\u0435\u043d\u0438\u044f \u0431\u0435\u0437\u043e\u043f\u0430\u0441\u043d\u043e\u0441\u0442\u0438, Beebipood","isPartOf":{"@id":"https:\/\/beebipood.ee\/ru\/#website"},"primaryImageOfPage":{"@id":"https:\/\/beebipood.ee\/ru\/produkt\/maxi-cosi-pearl-360-pro-turvatool-authentic-blue\/#primaryimage"},"image":{"@id":"https:\/\/beebipood.ee\/ru\/produkt\/maxi-cosi-pearl-360-pro-turvatool-authentic-blue\/#primaryimage"},"thumbnailUrl":"https:\/\/beebipood.ee\/wp-content\/uploads\/2019\/06\/MaxiCosi-Pearl-360-Pro-turvatool-Authentic-Blue-SOODUSPAKKUMISED-UUED-TOOTED-Turvatoolid-hallid-Turvatoolid-918-kg-Turvavarustus_1-93a.jpg","datePublished":"2019-06-11T03:14:58+00:00","dateModified":"2025-01-09T08:48:50+00:00","description":"Maxi-Cosi Pearl 360 Pro turvatool, Authentic Blue, Maxi-Cosi k&otilde;ige mugavam ja kasutajas&otilde;bralikum turvatoolkasutamiseks","breadcrumb":{"@id":"https:\/\/beebipood.ee\/ru\/produkt\/maxi-cosi-pearl-360-pro-turvatool-authentic-blue\/#breadcrumb"},"inLanguage":"ru-RU","potentialAction":[{"@type":"ReadAction","target":["https:\/\/beebipood.ee\/ru\/produkt\/maxi-cosi-pearl-360-pro-turvatool-authentic-blue\/"]}]},{"@type":"ImageObject","inLanguage":"ru-RU","@id":"https:\/\/beebipood.ee\/ru\/produkt\/maxi-cosi-pearl-360-pro-turvatool-authentic-blue\/#primaryimage","url":"https:\/\/beebipood.ee\/wp-content\/uploads\/2019\/06\/MaxiCosi-Pearl-360-Pro-turvatool-Authentic-Blue-SOODUSPAKKUMISED-UUED-TOOTED-Turvatoolid-hallid-Turvatoolid-918-kg-Turvavarustus_1-93a.jpg","contentUrl":"https:\/\/beebipood.ee\/wp-content\/uploads\/2019\/06\/MaxiCosi-Pearl-360-Pro-turvatool-Authentic-Blue-SOODUSPAKKUMISED-UUED-TOOTED-Turvatoolid-hallid-Turvatoolid-918-kg-Turvavarustus_1-93a.jpg","width":1200,"height":1200},{"@type":"BreadcrumbList","@id":"https:\/\/beebipood.ee\/ru\/produkt\/maxi-cosi-pearl-360-pro-turvatool-authentic-blue\/#breadcrumb","itemListElement":[{"@type":"ListItem","position":1,"name":"Home","item":"https:\/\/beebipood.ee\/ru\/"},{"@type":"ListItem","position":2,"name":"\u041a\u0430\u0442\u0430\u043b\u043e\u0433 \u0442\u043e\u0432\u0430\u0440\u043e\u0432","item":"https:\/\/beebipood.ee\/tooted\/"},{"@type":"ListItem","position":3,"name":"Maxi-Cosi Pearl 360 Pro turvatool, Authentic Blue"}]},{"@type":"WebSite","@id":"https:\/\/beebipood.ee\/ru\/#website","url":"https:\/\/beebipood.ee\/ru\/","name":"Beebipood","description":"Lastekaubad, beebikaubad, m\u00e4nguasjad","publisher":{"@id":"https:\/\/beebipood.ee\/ru\/#organization"},"potentialAction":[{"@type":"SearchAction","target":{"@type":"EntryPoint","urlTemplate":"https:\/\/beebipood.ee\/ru\/?s={search_term_string}"},"query-input":{"@type":"PropertyValueSpecification","valueRequired":true,"valueName":"search_term_string"}}],"inLanguage":"ru-RU"},{"@type":"Organization","@id":"https:\/\/beebipood.ee\/ru\/#organization","name":"Beebipood","url":"https:\/\/beebipood.ee\/ru\/","logo":{"@type":"ImageObject","inLanguage":"ru-RU","@id":"https:\/\/beebipood.ee\/ru\/#\/schema\/logo\/image\/","url":"https:\/\/beebipood.ee\/wp-content\/uploads\/2025\/03\/beebipood.ee-logo-1.svg","contentUrl":"https:\/\/beebipood.ee\/wp-content\/uploads\/2025\/03\/beebipood.ee-logo-1.svg","caption":"Beebipood"},"image":{"@id":"https:\/\/beebipood.ee\/ru\/#\/schema\/logo\/image\/"}}]}},"brands":[{"id":11961,"name":"Maxi-Cosi","slug":"maxi-cosi-ru"}],"_links":{"self":[{"href":"https:\/\/beebipood.ee\/ru\/wp-json\/wp\/v2\/product\/458701","targetHints":{"allow":["GET"]}}],"collection":[{"href":"https:\/\/beebipood.ee\/ru\/wp-json\/wp\/v2\/product"}],"about":[{"href":"https:\/\/beebipood.ee\/ru\/wp-json\/wp\/v2\/types\/product"}],"wp:featuredmedia":[{"embeddable":true,"href":"https:\/\/beebipood.ee\/ru\/wp-json\/wp\/v2\/media\/171297"}],"wp:attachment":[{"href":"https:\/\/beebipood.ee\/ru\/wp-json\/wp\/v2\/media?parent=458701"}],"wp:term":[{"taxonomy":"pwb-brand","embeddable":true,"href":"https:\/\/beebipood.ee\/ru\/wp-json\/wp\/v2\/pwb-brand?post=458701"},{"taxonomy":"product_brand","embeddable":true,"href":"https:\/\/beebipood.ee\/ru\/wp-json\/wp\/v2\/product_brand?post=458701"},{"taxonomy":"product_cat","embeddable":true,"href":"https:\/\/beebipood.ee\/ru\/wp-json\/wp\/v2\/product_cat?post=458701"},{"taxonomy":"product_tag","embeddable":true,"href":"https:\/\/beebipood.ee\/ru\/wp-json\/wp\/v2\/product_tag?post=458701"}],"curies":[{"name":"wp","href":"https:\/\/api.w.org\/{rel}","templated":true}]}}