{"id":458725,"date":"2019-06-21T06:34:42","date_gmt":"2019-06-21T03:34:42","guid":{"rendered":"https:\/\/beebipood.ee\/toode\/narivoodi-komplekt-max-3-deluxe-sinine\/"},"modified":"2025-01-09T10:48:49","modified_gmt":"2025-01-09T08:48:49","slug":"narivoodi-komplekt-max-3-deluxe-sinine","status":"publish","type":"product","link":"https:\/\/beebipood.ee\/ru\/produkt\/narivoodi-komplekt-max-3-deluxe-sinine\/","title":{"rendered":"Narivoodi komplekt MAX 3 Deluxe, sinine"},"content":{"rendered":"<p>*\u00a0<span>MAX 3 Deluxe on inimestele, kes hindavad funktsionaalsust, kaasaegset disaini ning t\u00e4psust ja kvaliteeti<br \/>* ideaalne ja kompaktne lahendus lastetuppa<br \/>* narivoodi on valmistatud kvaliteetsest MDF, m\u00f6\u00f6bliplaadist ja m\u00e4nnipuidust<br \/><\/span>* nari k\u00f5rval on <strong>sahtlitega trepp,<\/strong> mis mahutab k\u00f5ik vajaliku<br \/>* treppi saab paigutada nii <strong>paremale<\/strong> kui <strong>vasakule<\/strong> poole\u00a0<br \/>* v\u00e4ljat\u00f5mmatav kirjutuslaud<br \/> * m\u00f5lemad voodid ja\u00a0sahtelvoodi on koos voodip\u00f5hjaga<br \/>* \u00fclemise voodi m\u00f5\u00f5t on <strong>80&#215;200,\u00a0<\/strong>alumise voodi m\u00f5\u00f5t on<strong>\u00a08<strong>0x200<\/strong><\/strong> ja<strong><strong>\u00a0<\/strong><\/strong>sahtelvoodi m\u00f5\u00f5t on <strong>80&#215;190<\/strong>,<br \/> * komplektis on kolm poroloonmadratsit: sahtlis <strong>80&#215;190<\/strong>, all <strong>80&#215;200<\/strong> cm ja \u00fcleval <strong>80&#215;200<\/strong><br \/> * sahtelvoodit saab kasutada ka pesukastina<br \/> * ei k\u00e4i eraldi vooditeks<br \/>* kummut, riidekapp ja seinariiul <span style=\"text-decoration: underline;\">ei ole komplektis<\/span><\/p>\n","protected":false},"excerpt":{"rendered":"<p>*\u00a0MAX 3 Deluxe on inimestele, kes hindavad funktsionaalsust, kaasaegset disaini ning t\u00e4psust ja kvaliteeti* ideaalne ja kompaktne lahendus lastetuppa* narivoodi on valmistatud kvaliteetsest MDF, m\u00f6\u00f6bliplaadist ja m\u00e4nnipuidust* nari k\u00f5rval on sahtlitega trepp, mis mahutab k\u00f5ik vajaliku* treppi saab paigutada nii paremale kui vasakule poole\u00a0* v\u00e4ljat\u00f5mmatav kirjutuslaud * m\u00f5lemad voodid ja\u00a0sahtelvoodi on koos voodip\u00f5hjaga* \u00fclemise voodi [&hellip;]<\/p>\n","protected":false},"featured_media":130256,"template":"","meta":{"_acf_changed":false},"pwb-brand":[],"product_brand":[],"product_cat":[11573,11581,11557,11585,11789],"product_tag":[],"class_list":{"0":"post-458725","1":"product","2":"type-product","3":"status-publish","4":"has-post-thumbnail","6":"product_cat-sooduspakkumised-ru","7":"product_cat-narid-laiusega-80cm-ru","8":"product_cat-narid-ru","9":"product_cat-erilahendused-ru","10":"product_cat-lastemoobel-ja-sisustus-ru","12":"first","13":"onbackorder","14":"sale","15":"taxable","16":"shipping-taxable","17":"purchasable","18":"product-type-simple"},"exclude_global_add_ons":[],"addons":[],"acf":[],"yoast_head":"<!-- This site is optimized with the Yoast SEO plugin v27.3 - https:\/\/yoast.com\/product\/yoast-seo-wordpress\/ -->\n<title>Narivoodi komplekt MAX 3 Deluxe, sinine, \u041d\u0430\u0440\u044b, \u0421\u041a\u0418\u0414\u041a\u0418, \u041d\u0430\u0440\u044b \u0448\u0438\u0440\u0438\u043d\u043e\u0439 80c\u043c, \u041e\u0441\u043e\u0431\u043e\u0435 \u0440\u0435\u0448\u0435\u043d\u0438\u0435, M\u0435\u0431\u0435\u043b\u044c, Beebipood<\/title>\n<meta name=\"description\" content=\"Narivoodi komplekt MAX 3 Deluxe, sinine, *&nbsp;MAX 3 Deluxe on inimestele, kes hindavad funktsionaalsust, kaasaegset disaini ning t&auml;psust ja kval\" \/>\n<meta name=\"robots\" content=\"index, follow, max-snippet:-1, max-image-preview:large, max-video-preview:-1\" \/>\n<link rel=\"canonical\" href=\"https:\/\/beebipood.ee\/ru\/produkt\/narivoodi-komplekt-max-3-deluxe-sinine\/\" \/>\n<meta property=\"og:locale\" content=\"ru_RU\" \/>\n<meta property=\"og:type\" content=\"article\" \/>\n<meta property=\"og:title\" content=\"Narivoodi komplekt MAX 3 Deluxe, sinine, \u041d\u0430\u0440\u044b, \u0421\u041a\u0418\u0414\u041a\u0418, \u041d\u0430\u0440\u044b \u0448\u0438\u0440\u0438\u043d\u043e\u0439 80c\u043c, \u041e\u0441\u043e\u0431\u043e\u0435 \u0440\u0435\u0448\u0435\u043d\u0438\u0435, M\u0435\u0431\u0435\u043b\u044c, Beebipood\" \/>\n<meta property=\"og:description\" content=\"Narivoodi komplekt MAX 3 Deluxe, sinine, *&nbsp;MAX 3 Deluxe on inimestele, kes hindavad funktsionaalsust, kaasaegset disaini ning t&auml;psust ja kval\" \/>\n<meta property=\"og:url\" content=\"https:\/\/beebipood.ee\/ru\/produkt\/narivoodi-komplekt-max-3-deluxe-sinine\/\" \/>\n<meta property=\"og:site_name\" content=\"Beebipood\" \/>\n<meta property=\"article:modified_time\" content=\"2025-01-09T08:48:49+00:00\" \/>\n<meta property=\"og:image\" content=\"https:\/\/beebipood.ee\/wp-content\/uploads\/2019\/06\/Narivoodi-komplekt-MAX-3-Deluxe-sinine-Narid-SOODUSPAKKUMISED-UUED-TOOTED-Narid-laiusega-80cm-Erilahendused-Lastemoobel-ja-sisustus_3-4de-scaled.jpg\" \/>\n\t<meta property=\"og:image:width\" content=\"2560\" \/>\n\t<meta property=\"og:image:height\" content=\"1705\" \/>\n\t<meta property=\"og:image:type\" content=\"image\/jpeg\" \/>\n<meta name=\"twitter:card\" content=\"summary_large_image\" \/>\n<meta name=\"twitter:label1\" content=\"\u041f\u0440\u0438\u043c\u0435\u0440\u043d\u043e\u0435 \u0432\u0440\u0435\u043c\u044f \u0434\u043b\u044f \u0447\u0442\u0435\u043d\u0438\u044f\" \/>\n\t<meta name=\"twitter:data1\" content=\"1 \u043c\u0438\u043d\u0443\u0442\u0430\" \/>\n<script type=\"application\/ld+json\" class=\"yoast-schema-graph\">{\"@context\":\"https:\\\/\\\/schema.org\",\"@graph\":[{\"@type\":\"WebPage\",\"@id\":\"https:\\\/\\\/beebipood.ee\\\/ru\\\/produkt\\\/narivoodi-komplekt-max-3-deluxe-sinine\\\/\",\"url\":\"https:\\\/\\\/beebipood.ee\\\/ru\\\/produkt\\\/narivoodi-komplekt-max-3-deluxe-sinine\\\/\",\"name\":\"Narivoodi komplekt MAX 3 Deluxe, sinine, \u041d\u0430\u0440\u044b, \u0421\u041a\u0418\u0414\u041a\u0418, \u041d\u0430\u0440\u044b \u0448\u0438\u0440\u0438\u043d\u043e\u0439 80c\u043c, \u041e\u0441\u043e\u0431\u043e\u0435 \u0440\u0435\u0448\u0435\u043d\u0438\u0435, M\u0435\u0431\u0435\u043b\u044c, Beebipood\",\"isPartOf\":{\"@id\":\"https:\\\/\\\/beebipood.ee\\\/ru\\\/#website\"},\"primaryImageOfPage\":{\"@id\":\"https:\\\/\\\/beebipood.ee\\\/ru\\\/produkt\\\/narivoodi-komplekt-max-3-deluxe-sinine\\\/#primaryimage\"},\"image\":{\"@id\":\"https:\\\/\\\/beebipood.ee\\\/ru\\\/produkt\\\/narivoodi-komplekt-max-3-deluxe-sinine\\\/#primaryimage\"},\"thumbnailUrl\":\"https:\\\/\\\/beebipood.ee\\\/wp-content\\\/uploads\\\/2019\\\/06\\\/Narivoodi-komplekt-MAX-3-Deluxe-sinine-Narid-SOODUSPAKKUMISED-UUED-TOOTED-Narid-laiusega-80cm-Erilahendused-Lastemoobel-ja-sisustus_3-4de-scaled.jpg\",\"datePublished\":\"2019-06-21T03:34:42+00:00\",\"dateModified\":\"2025-01-09T08:48:49+00:00\",\"description\":\"Narivoodi komplekt MAX 3 Deluxe, sinine, *&nbsp;MAX 3 Deluxe on inimestele, kes hindavad funktsionaalsust, kaasaegset disaini ning t&auml;psust ja kval\",\"breadcrumb\":{\"@id\":\"https:\\\/\\\/beebipood.ee\\\/ru\\\/produkt\\\/narivoodi-komplekt-max-3-deluxe-sinine\\\/#breadcrumb\"},\"inLanguage\":\"ru-RU\",\"potentialAction\":[{\"@type\":\"ReadAction\",\"target\":[\"https:\\\/\\\/beebipood.ee\\\/ru\\\/produkt\\\/narivoodi-komplekt-max-3-deluxe-sinine\\\/\"]}]},{\"@type\":\"ImageObject\",\"inLanguage\":\"ru-RU\",\"@id\":\"https:\\\/\\\/beebipood.ee\\\/ru\\\/produkt\\\/narivoodi-komplekt-max-3-deluxe-sinine\\\/#primaryimage\",\"url\":\"https:\\\/\\\/beebipood.ee\\\/wp-content\\\/uploads\\\/2019\\\/06\\\/Narivoodi-komplekt-MAX-3-Deluxe-sinine-Narid-SOODUSPAKKUMISED-UUED-TOOTED-Narid-laiusega-80cm-Erilahendused-Lastemoobel-ja-sisustus_3-4de-scaled.jpg\",\"contentUrl\":\"https:\\\/\\\/beebipood.ee\\\/wp-content\\\/uploads\\\/2019\\\/06\\\/Narivoodi-komplekt-MAX-3-Deluxe-sinine-Narid-SOODUSPAKKUMISED-UUED-TOOTED-Narid-laiusega-80cm-Erilahendused-Lastemoobel-ja-sisustus_3-4de-scaled.jpg\",\"width\":2560,\"height\":1705},{\"@type\":\"BreadcrumbList\",\"@id\":\"https:\\\/\\\/beebipood.ee\\\/ru\\\/produkt\\\/narivoodi-komplekt-max-3-deluxe-sinine\\\/#breadcrumb\",\"itemListElement\":[{\"@type\":\"ListItem\",\"position\":1,\"name\":\"Home\",\"item\":\"https:\\\/\\\/beebipood.ee\\\/ru\\\/\"},{\"@type\":\"ListItem\",\"position\":2,\"name\":\"\u041a\u0430\u0442\u0430\u043b\u043e\u0433 \u0442\u043e\u0432\u0430\u0440\u043e\u0432\",\"item\":\"https:\\\/\\\/beebipood.ee\\\/tooted\\\/\"},{\"@type\":\"ListItem\",\"position\":3,\"name\":\"Narivoodi komplekt MAX 3 Deluxe, sinine\"}]},{\"@type\":\"WebSite\",\"@id\":\"https:\\\/\\\/beebipood.ee\\\/ru\\\/#website\",\"url\":\"https:\\\/\\\/beebipood.ee\\\/ru\\\/\",\"name\":\"Beebipood\",\"description\":\"Lastekaubad, beebikaubad, m\u00e4nguasjad\",\"publisher\":{\"@id\":\"https:\\\/\\\/beebipood.ee\\\/ru\\\/#organization\"},\"potentialAction\":[{\"@type\":\"SearchAction\",\"target\":{\"@type\":\"EntryPoint\",\"urlTemplate\":\"https:\\\/\\\/beebipood.ee\\\/ru\\\/?s={search_term_string}\"},\"query-input\":{\"@type\":\"PropertyValueSpecification\",\"valueRequired\":true,\"valueName\":\"search_term_string\"}}],\"inLanguage\":\"ru-RU\"},{\"@type\":\"Organization\",\"@id\":\"https:\\\/\\\/beebipood.ee\\\/ru\\\/#organization\",\"name\":\"Beebipood\",\"url\":\"https:\\\/\\\/beebipood.ee\\\/ru\\\/\",\"logo\":{\"@type\":\"ImageObject\",\"inLanguage\":\"ru-RU\",\"@id\":\"https:\\\/\\\/beebipood.ee\\\/ru\\\/#\\\/schema\\\/logo\\\/image\\\/\",\"url\":\"https:\\\/\\\/beebipood.ee\\\/wp-content\\\/uploads\\\/2025\\\/03\\\/beebipood.ee-logo-1.svg\",\"contentUrl\":\"https:\\\/\\\/beebipood.ee\\\/wp-content\\\/uploads\\\/2025\\\/03\\\/beebipood.ee-logo-1.svg\",\"caption\":\"Beebipood\"},\"image\":{\"@id\":\"https:\\\/\\\/beebipood.ee\\\/ru\\\/#\\\/schema\\\/logo\\\/image\\\/\"}}]}<\/script>\n<!-- \/ Yoast SEO plugin. -->","yoast_head_json":{"title":"Narivoodi komplekt MAX 3 Deluxe, sinine, \u041d\u0430\u0440\u044b, \u0421\u041a\u0418\u0414\u041a\u0418, \u041d\u0430\u0440\u044b \u0448\u0438\u0440\u0438\u043d\u043e\u0439 80c\u043c, \u041e\u0441\u043e\u0431\u043e\u0435 \u0440\u0435\u0448\u0435\u043d\u0438\u0435, M\u0435\u0431\u0435\u043b\u044c, Beebipood","description":"Narivoodi komplekt MAX 3 Deluxe, sinine, *&nbsp;MAX 3 Deluxe on inimestele, kes hindavad funktsionaalsust, kaasaegset disaini ning t&auml;psust ja kval","robots":{"index":"index","follow":"follow","max-snippet":"max-snippet:-1","max-image-preview":"max-image-preview:large","max-video-preview":"max-video-preview:-1"},"canonical":"https:\/\/beebipood.ee\/ru\/produkt\/narivoodi-komplekt-max-3-deluxe-sinine\/","og_locale":"ru_RU","og_type":"article","og_title":"Narivoodi komplekt MAX 3 Deluxe, sinine, \u041d\u0430\u0440\u044b, \u0421\u041a\u0418\u0414\u041a\u0418, \u041d\u0430\u0440\u044b \u0448\u0438\u0440\u0438\u043d\u043e\u0439 80c\u043c, \u041e\u0441\u043e\u0431\u043e\u0435 \u0440\u0435\u0448\u0435\u043d\u0438\u0435, M\u0435\u0431\u0435\u043b\u044c, Beebipood","og_description":"Narivoodi komplekt MAX 3 Deluxe, sinine, *&nbsp;MAX 3 Deluxe on inimestele, kes hindavad funktsionaalsust, kaasaegset disaini ning t&auml;psust ja kval","og_url":"https:\/\/beebipood.ee\/ru\/produkt\/narivoodi-komplekt-max-3-deluxe-sinine\/","og_site_name":"Beebipood","article_modified_time":"2025-01-09T08:48:49+00:00","og_image":[{"width":2560,"height":1705,"url":"https:\/\/beebipood.ee\/wp-content\/uploads\/2019\/06\/Narivoodi-komplekt-MAX-3-Deluxe-sinine-Narid-SOODUSPAKKUMISED-UUED-TOOTED-Narid-laiusega-80cm-Erilahendused-Lastemoobel-ja-sisustus_3-4de-scaled.jpg","type":"image\/jpeg"}],"twitter_card":"summary_large_image","twitter_misc":{"\u041f\u0440\u0438\u043c\u0435\u0440\u043d\u043e\u0435 \u0432\u0440\u0435\u043c\u044f \u0434\u043b\u044f \u0447\u0442\u0435\u043d\u0438\u044f":"1 \u043c\u0438\u043d\u0443\u0442\u0430"},"schema":{"@context":"https:\/\/schema.org","@graph":[{"@type":"WebPage","@id":"https:\/\/beebipood.ee\/ru\/produkt\/narivoodi-komplekt-max-3-deluxe-sinine\/","url":"https:\/\/beebipood.ee\/ru\/produkt\/narivoodi-komplekt-max-3-deluxe-sinine\/","name":"Narivoodi komplekt MAX 3 Deluxe, sinine, \u041d\u0430\u0440\u044b, \u0421\u041a\u0418\u0414\u041a\u0418, \u041d\u0430\u0440\u044b \u0448\u0438\u0440\u0438\u043d\u043e\u0439 80c\u043c, \u041e\u0441\u043e\u0431\u043e\u0435 \u0440\u0435\u0448\u0435\u043d\u0438\u0435, M\u0435\u0431\u0435\u043b\u044c, Beebipood","isPartOf":{"@id":"https:\/\/beebipood.ee\/ru\/#website"},"primaryImageOfPage":{"@id":"https:\/\/beebipood.ee\/ru\/produkt\/narivoodi-komplekt-max-3-deluxe-sinine\/#primaryimage"},"image":{"@id":"https:\/\/beebipood.ee\/ru\/produkt\/narivoodi-komplekt-max-3-deluxe-sinine\/#primaryimage"},"thumbnailUrl":"https:\/\/beebipood.ee\/wp-content\/uploads\/2019\/06\/Narivoodi-komplekt-MAX-3-Deluxe-sinine-Narid-SOODUSPAKKUMISED-UUED-TOOTED-Narid-laiusega-80cm-Erilahendused-Lastemoobel-ja-sisustus_3-4de-scaled.jpg","datePublished":"2019-06-21T03:34:42+00:00","dateModified":"2025-01-09T08:48:49+00:00","description":"Narivoodi komplekt MAX 3 Deluxe, sinine, *&nbsp;MAX 3 Deluxe on inimestele, kes hindavad funktsionaalsust, kaasaegset disaini ning t&auml;psust ja kval","breadcrumb":{"@id":"https:\/\/beebipood.ee\/ru\/produkt\/narivoodi-komplekt-max-3-deluxe-sinine\/#breadcrumb"},"inLanguage":"ru-RU","potentialAction":[{"@type":"ReadAction","target":["https:\/\/beebipood.ee\/ru\/produkt\/narivoodi-komplekt-max-3-deluxe-sinine\/"]}]},{"@type":"ImageObject","inLanguage":"ru-RU","@id":"https:\/\/beebipood.ee\/ru\/produkt\/narivoodi-komplekt-max-3-deluxe-sinine\/#primaryimage","url":"https:\/\/beebipood.ee\/wp-content\/uploads\/2019\/06\/Narivoodi-komplekt-MAX-3-Deluxe-sinine-Narid-SOODUSPAKKUMISED-UUED-TOOTED-Narid-laiusega-80cm-Erilahendused-Lastemoobel-ja-sisustus_3-4de-scaled.jpg","contentUrl":"https:\/\/beebipood.ee\/wp-content\/uploads\/2019\/06\/Narivoodi-komplekt-MAX-3-Deluxe-sinine-Narid-SOODUSPAKKUMISED-UUED-TOOTED-Narid-laiusega-80cm-Erilahendused-Lastemoobel-ja-sisustus_3-4de-scaled.jpg","width":2560,"height":1705},{"@type":"BreadcrumbList","@id":"https:\/\/beebipood.ee\/ru\/produkt\/narivoodi-komplekt-max-3-deluxe-sinine\/#breadcrumb","itemListElement":[{"@type":"ListItem","position":1,"name":"Home","item":"https:\/\/beebipood.ee\/ru\/"},{"@type":"ListItem","position":2,"name":"\u041a\u0430\u0442\u0430\u043b\u043e\u0433 \u0442\u043e\u0432\u0430\u0440\u043e\u0432","item":"https:\/\/beebipood.ee\/tooted\/"},{"@type":"ListItem","position":3,"name":"Narivoodi komplekt MAX 3 Deluxe, sinine"}]},{"@type":"WebSite","@id":"https:\/\/beebipood.ee\/ru\/#website","url":"https:\/\/beebipood.ee\/ru\/","name":"Beebipood","description":"Lastekaubad, beebikaubad, m\u00e4nguasjad","publisher":{"@id":"https:\/\/beebipood.ee\/ru\/#organization"},"potentialAction":[{"@type":"SearchAction","target":{"@type":"EntryPoint","urlTemplate":"https:\/\/beebipood.ee\/ru\/?s={search_term_string}"},"query-input":{"@type":"PropertyValueSpecification","valueRequired":true,"valueName":"search_term_string"}}],"inLanguage":"ru-RU"},{"@type":"Organization","@id":"https:\/\/beebipood.ee\/ru\/#organization","name":"Beebipood","url":"https:\/\/beebipood.ee\/ru\/","logo":{"@type":"ImageObject","inLanguage":"ru-RU","@id":"https:\/\/beebipood.ee\/ru\/#\/schema\/logo\/image\/","url":"https:\/\/beebipood.ee\/wp-content\/uploads\/2025\/03\/beebipood.ee-logo-1.svg","contentUrl":"https:\/\/beebipood.ee\/wp-content\/uploads\/2025\/03\/beebipood.ee-logo-1.svg","caption":"Beebipood"},"image":{"@id":"https:\/\/beebipood.ee\/ru\/#\/schema\/logo\/image\/"}}]}},"brands":[],"_links":{"self":[{"href":"https:\/\/beebipood.ee\/ru\/wp-json\/wp\/v2\/product\/458725","targetHints":{"allow":["GET"]}}],"collection":[{"href":"https:\/\/beebipood.ee\/ru\/wp-json\/wp\/v2\/product"}],"about":[{"href":"https:\/\/beebipood.ee\/ru\/wp-json\/wp\/v2\/types\/product"}],"wp:featuredmedia":[{"embeddable":true,"href":"https:\/\/beebipood.ee\/ru\/wp-json\/wp\/v2\/media\/130256"}],"wp:attachment":[{"href":"https:\/\/beebipood.ee\/ru\/wp-json\/wp\/v2\/media?parent=458725"}],"wp:term":[{"taxonomy":"pwb-brand","embeddable":true,"href":"https:\/\/beebipood.ee\/ru\/wp-json\/wp\/v2\/pwb-brand?post=458725"},{"taxonomy":"product_brand","embeddable":true,"href":"https:\/\/beebipood.ee\/ru\/wp-json\/wp\/v2\/product_brand?post=458725"},{"taxonomy":"product_cat","embeddable":true,"href":"https:\/\/beebipood.ee\/ru\/wp-json\/wp\/v2\/product_cat?post=458725"},{"taxonomy":"product_tag","embeddable":true,"href":"https:\/\/beebipood.ee\/ru\/wp-json\/wp\/v2\/product_tag?post=458725"}],"curies":[{"name":"wp","href":"https:\/\/api.w.org\/{rel}","templated":true}]}}