{"id":458731,"date":"2019-06-21T09:00:14","date_gmt":"2019-06-21T06:00:14","guid":{"rendered":"https:\/\/beebipood.ee\/toode\/axkid-nextkid-i-size-turvatool-100-150cm-granite-melange\/"},"modified":"2025-03-05T07:10:47","modified_gmt":"2025-03-05T05:10:47","slug":"axkid-nextkid-i-size-turvatool-100-150cm-granite-melange","status":"publish","type":"product","link":"https:\/\/beebipood.ee\/ru\/produkt\/axkid-nextkid-i-size-turvatool-100-150cm-granite-melange\/","title":{"rendered":"Axkid Nextkid i-Size turvatool 100-150cm, Granite Melange"},"content":{"rendered":"<p>Axkid Nextkid on suurep\u00e4rane turvatool vanematele lastele,<br \/>mis aitab teil teekonna ette v\u00f5tta turvaliselt ja muretult.<br \/>Axkid Nextkid on loodud kasvama koos teie lapsega <br \/>ja sobib sujuvalt teie autosse.<br \/>Oma neljaastmeliselt laienevate k\u00fcljekaitsmete, reguleeritava peatoe <br \/>ja pehme esmaklassilise tekstiiliga tagab see maksimaalse mugavuse <br \/>ning ohutuse kuni 150 cm pikkustele lastele.<br \/>Axkid Nextkid on disainitud Rootsis, pidades esmat\u00e4htsaks ohutust. <br \/>Kompaktne disain tagab v\u00f5imaluse paigaldada kolm turvatooli \u00fcksteise k\u00f5rvale, <br \/>mist\u00f5ttu sobib see suurep\u00e4raselt mitmelapselistele peredele.<br \/>Axkid Nextkid on loodud kasvama koos teie lapsega <br \/>ja on heaks kiidetud kasutamiseks vahemikus 100 cm kuni 150 cm, <br \/>mis t\u00e4hendab, et turvatool sobib umbes 4\u201312 aastasa vanustele lastele.<br \/>Axkid Nextkid t\u00e4iuslik kombinatsioon ohutusest ja kohanemisv\u00f5imest,<br \/>sest tooli ainulaadne disain sisaldab neljaastmeliselt laienevaid<br \/>k\u00fcljekaitsmeid, mis pakuvad lisaruumi ja kohanduvad aja jooksul teie lapse kasvuga<br \/>K\u00f5rge seljaosa ja 8 peatoe asendit tagavad teie lapsele t\u00e4iusliku sobivuse, <br \/>olenemata tema vanusest v\u00f5i pikkusest.<br \/>Peatugi ja kaks k\u00fcljekaitset on teineteisest s\u00f5ltumatud, <br \/>mist\u00f5ttu on lihtne seda vastavalt lapse vajadustele kohandada, <br \/>et autosse teisi kaass\u00f5itjaid v\u00f5i turvaistmeid mahutada.<br \/>Axkid Nextkid turvatooli on imelihtne kasutada<br \/>ning t\u00e4nu ISOFIX kinnitustele p\u00fcsib see ka paigal, kui last pole parasjagu sees.<br \/>Axkid Nextkidi ISOFIX kinnitused volditakse samuti automaatselt v\u00e4lja, <br \/>muutes paigaldamise veelgi lihtsamaks.<br \/>Axkid Nextkidi turvav\u00f6\u00f6suunaja on loodud turvav\u00f6\u00f6 \u00f5iges asendis hoidmiseks, <br \/>et tagada selle \u00f5ige asend lapse jaoks ning <br \/>v\u00e4ltides selle \u00f5lalt maha libisemist v\u00f5i kaelale surumist.<br \/>Nextkidi turvatooli on v\u00f5imalik kasutada ainult n\u00e4oga s\u00f5idusuunas.<br \/>Laps kinnitatakse auto turvav\u00f6\u00f6ga.<br \/>Axkid Nextkidi turvatoolo saab kasutada ka ilma ISOFIX-ita autos<br \/>ning ISOFIX kinnitused saab \u00e4ra peita.<br \/><span style=\"text-decoration: underline;\">Axkid Nextkid<\/span><br \/>Heakskiidetud vastavalt I-size m\u00e4\u00e4rusele R129<br \/>Paindlik ja kergelt kohandatav disain <br \/>koos s\u00f5ltumatute k\u00fclgmiste k\u00fcljekaitsmetega<br \/>Turvaline ISOFIX-s\u00fcsteem tagab kiire paigaldamise.<br \/>Sleep Well System millel on 4 kaldenurga asendit, <br \/>mis sobivad ideaalselt teie lapsele ja autole.<br \/>Pehme esmaklassiline tekstiil, ventilatsioon turvatooli korpuses <br \/>ja tekstiil hoiavad teie lapse jahedana ja mugavalt.<br \/><span style=\"text-decoration: underline;\">N\u00e4itajad<\/span><br \/>Kaal: 7,5kg<br \/>M\u00f5\u00f5dud: laius 44cm, k\u00f5rgus 63,4cm, s\u00fcgavus 47,3cm<\/p>\n","protected":false},"excerpt":{"rendered":"<p>Axkid Nextkid on suurep\u00e4rane turvatool vanematele lastele,mis aitab teil teekonna ette v\u00f5tta turvaliselt ja muretult.Axkid Nextkid on loodud kasvama koos teie lapsega ja sobib sujuvalt teie autosse.Oma neljaastmeliselt laienevate k\u00fcljekaitsmete, reguleeritava peatoe ja pehme esmaklassilise tekstiiliga tagab see maksimaalse mugavuse ning ohutuse kuni 150 cm pikkustele lastele.Axkid Nextkid on disainitud Rootsis, pidades esmat\u00e4htsaks ohutust. Kompaktne [&hellip;]<\/p>\n","protected":false},"featured_media":130321,"template":"","meta":{"_acf_changed":false},"pwb-brand":[11955],"product_brand":[],"product_cat":[11813,11727,11739,11791],"product_tag":[],"class_list":{"0":"post-458731","1":"product","2":"type-product","3":"status-publish","4":"has-post-thumbnail","6":"pwb-brand-axkid-ru","7":"product_cat-axkid-ru","8":"product_cat-turvatoolid-hallid-ru","9":"product_cat-turvatoolid-15-36-kg-ru","10":"product_cat-turvavarustus-ru","11":"pa_manufacturer-axkid-ru","13":"first","14":"onbackorder","15":"taxable","16":"shipping-taxable","17":"purchasable","18":"product-type-simple"},"exclude_global_add_ons":[],"addons":[],"acf":[],"yoast_head":"<!-- This site is optimized with the Yoast SEO plugin v27.1.1 - https:\/\/yoast.com\/product\/yoast-seo-wordpress\/ -->\n<title>Axkid Nextkid i-Size turvatool 100-150cm, Granite Melange, \u0410\u0432\u0442\u043e\u043a\u0440\u0435\u0441\u043b\u0430, \u043b\u044e\u043b\u044c\u043a\u0438, \u0410\u0432\u0442\u043e\u043a\u0440\u0435\u0441\u043b\u0430 15-36 \u043a\u0433, \u0421\u043d\u0430\u0440\u044f\u0436\u0435\u043d\u0438\u044f \u0431\u0435\u0437\u043e\u043f\u0430\u0441\u043d\u043e\u0441\u0442\u0438, Axkid, Axkid Modukid a\u0432\u0442\u043e\u043b\u044e\u043b\u044c\u043a\u0430, Beebipood<\/title>\n<meta name=\"description\" content=\"Axkid Nextkid i-Size turvatool 100-150cm, Granite Melange, Axkid Nextkid on suurep&auml;rane turvatool vanematele lastele,mis aitab teil teekonna ette\" \/>\n<meta name=\"robots\" content=\"index, follow, max-snippet:-1, max-image-preview:large, max-video-preview:-1\" \/>\n<link rel=\"canonical\" href=\"https:\/\/beebipood.ee\/ru\/produkt\/axkid-nextkid-i-size-turvatool-100-150cm-granite-melange\/\" \/>\n<meta property=\"og:locale\" content=\"ru_RU\" \/>\n<meta property=\"og:type\" content=\"article\" \/>\n<meta property=\"og:title\" content=\"Axkid Nextkid i-Size turvatool 100-150cm, Granite Melange, \u0410\u0432\u0442\u043e\u043a\u0440\u0435\u0441\u043b\u0430, \u043b\u044e\u043b\u044c\u043a\u0438, \u0410\u0432\u0442\u043e\u043a\u0440\u0435\u0441\u043b\u0430 15-36 \u043a\u0433, \u0421\u043d\u0430\u0440\u044f\u0436\u0435\u043d\u0438\u044f \u0431\u0435\u0437\u043e\u043f\u0430\u0441\u043d\u043e\u0441\u0442\u0438, Axkid, Axkid Modukid a\u0432\u0442\u043e\u043b\u044e\u043b\u044c\u043a\u0430, Beebipood\" \/>\n<meta property=\"og:description\" content=\"Axkid Nextkid i-Size turvatool 100-150cm, Granite Melange, Axkid Nextkid on suurep&auml;rane turvatool vanematele lastele,mis aitab teil teekonna ette\" \/>\n<meta property=\"og:url\" content=\"https:\/\/beebipood.ee\/ru\/produkt\/axkid-nextkid-i-size-turvatool-100-150cm-granite-melange\/\" \/>\n<meta property=\"og:site_name\" content=\"Beebipood\" \/>\n<meta property=\"article:modified_time\" content=\"2025-03-05T05:10:47+00:00\" \/>\n<meta property=\"og:image\" content=\"https:\/\/beebipood.ee\/wp-content\/uploads\/2019\/06\/Axkid-Nextkid-iSize-turvatool-100150cm-Granite-Melange-Turvatoolid-hallid-Turvatoolid-1536-kg-Turvavarustus-Axkid-Axkid-laos-_5-0a9.jpg\" \/>\n\t<meta property=\"og:image:width\" content=\"833\" \/>\n\t<meta property=\"og:image:height\" content=\"1000\" \/>\n\t<meta property=\"og:image:type\" content=\"image\/jpeg\" \/>\n<meta name=\"twitter:card\" content=\"summary_large_image\" \/>\n<meta name=\"twitter:label1\" content=\"\u041f\u0440\u0438\u043c\u0435\u0440\u043d\u043e\u0435 \u0432\u0440\u0435\u043c\u044f \u0434\u043b\u044f \u0447\u0442\u0435\u043d\u0438\u044f\" \/>\n\t<meta name=\"twitter:data1\" content=\"2 \u043c\u0438\u043d\u0443\u0442\u044b\" \/>\n<script type=\"application\/ld+json\" class=\"yoast-schema-graph\">{\"@context\":\"https:\/\/schema.org\",\"@graph\":[{\"@type\":\"WebPage\",\"@id\":\"https:\/\/beebipood.ee\/ru\/produkt\/axkid-nextkid-i-size-turvatool-100-150cm-granite-melange\/\",\"url\":\"https:\/\/beebipood.ee\/ru\/produkt\/axkid-nextkid-i-size-turvatool-100-150cm-granite-melange\/\",\"name\":\"Axkid Nextkid i-Size turvatool 100-150cm, Granite Melange, \u0410\u0432\u0442\u043e\u043a\u0440\u0435\u0441\u043b\u0430, \u043b\u044e\u043b\u044c\u043a\u0438, \u0410\u0432\u0442\u043e\u043a\u0440\u0435\u0441\u043b\u0430 15-36 \u043a\u0433, \u0421\u043d\u0430\u0440\u044f\u0436\u0435\u043d\u0438\u044f \u0431\u0435\u0437\u043e\u043f\u0430\u0441\u043d\u043e\u0441\u0442\u0438, Axkid, Axkid Modukid a\u0432\u0442\u043e\u043b\u044e\u043b\u044c\u043a\u0430, Beebipood\",\"isPartOf\":{\"@id\":\"https:\/\/beebipood.ee\/ru\/#website\"},\"primaryImageOfPage\":{\"@id\":\"https:\/\/beebipood.ee\/ru\/produkt\/axkid-nextkid-i-size-turvatool-100-150cm-granite-melange\/#primaryimage\"},\"image\":{\"@id\":\"https:\/\/beebipood.ee\/ru\/produkt\/axkid-nextkid-i-size-turvatool-100-150cm-granite-melange\/#primaryimage\"},\"thumbnailUrl\":\"https:\/\/beebipood.ee\/wp-content\/uploads\/2019\/06\/Axkid-Nextkid-iSize-turvatool-100150cm-Granite-Melange-Turvatoolid-hallid-Turvatoolid-1536-kg-Turvavarustus-Axkid-Axkid-laos-_5-0a9.jpg\",\"datePublished\":\"2019-06-21T06:00:14+00:00\",\"dateModified\":\"2025-03-05T05:10:47+00:00\",\"description\":\"Axkid Nextkid i-Size turvatool 100-150cm, Granite Melange, Axkid Nextkid on suurep&auml;rane turvatool vanematele lastele,mis aitab teil teekonna ette\",\"breadcrumb\":{\"@id\":\"https:\/\/beebipood.ee\/ru\/produkt\/axkid-nextkid-i-size-turvatool-100-150cm-granite-melange\/#breadcrumb\"},\"inLanguage\":\"ru-RU\",\"potentialAction\":[{\"@type\":\"ReadAction\",\"target\":[\"https:\/\/beebipood.ee\/ru\/produkt\/axkid-nextkid-i-size-turvatool-100-150cm-granite-melange\/\"]}]},{\"@type\":\"ImageObject\",\"inLanguage\":\"ru-RU\",\"@id\":\"https:\/\/beebipood.ee\/ru\/produkt\/axkid-nextkid-i-size-turvatool-100-150cm-granite-melange\/#primaryimage\",\"url\":\"https:\/\/beebipood.ee\/wp-content\/uploads\/2019\/06\/Axkid-Nextkid-iSize-turvatool-100150cm-Granite-Melange-Turvatoolid-hallid-Turvatoolid-1536-kg-Turvavarustus-Axkid-Axkid-laos-_5-0a9.jpg\",\"contentUrl\":\"https:\/\/beebipood.ee\/wp-content\/uploads\/2019\/06\/Axkid-Nextkid-iSize-turvatool-100150cm-Granite-Melange-Turvatoolid-hallid-Turvatoolid-1536-kg-Turvavarustus-Axkid-Axkid-laos-_5-0a9.jpg\",\"width\":833,\"height\":1000},{\"@type\":\"BreadcrumbList\",\"@id\":\"https:\/\/beebipood.ee\/ru\/produkt\/axkid-nextkid-i-size-turvatool-100-150cm-granite-melange\/#breadcrumb\",\"itemListElement\":[{\"@type\":\"ListItem\",\"position\":1,\"name\":\"Home\",\"item\":\"https:\/\/beebipood.ee\/ru\/\"},{\"@type\":\"ListItem\",\"position\":2,\"name\":\"\u041a\u0430\u0442\u0430\u043b\u043e\u0433 \u0442\u043e\u0432\u0430\u0440\u043e\u0432\",\"item\":\"https:\/\/beebipood.ee\/tooted\/\"},{\"@type\":\"ListItem\",\"position\":3,\"name\":\"Axkid Nextkid i-Size turvatool 100-150cm, Granite Melange\"}]},{\"@type\":\"WebSite\",\"@id\":\"https:\/\/beebipood.ee\/ru\/#website\",\"url\":\"https:\/\/beebipood.ee\/ru\/\",\"name\":\"Beebipood\",\"description\":\"Lastekaubad, beebikaubad, m\u00e4nguasjad\",\"publisher\":{\"@id\":\"https:\/\/beebipood.ee\/ru\/#organization\"},\"potentialAction\":[{\"@type\":\"SearchAction\",\"target\":{\"@type\":\"EntryPoint\",\"urlTemplate\":\"https:\/\/beebipood.ee\/ru\/?s={search_term_string}\"},\"query-input\":{\"@type\":\"PropertyValueSpecification\",\"valueRequired\":true,\"valueName\":\"search_term_string\"}}],\"inLanguage\":\"ru-RU\"},{\"@type\":\"Organization\",\"@id\":\"https:\/\/beebipood.ee\/ru\/#organization\",\"name\":\"Beebipood\",\"url\":\"https:\/\/beebipood.ee\/ru\/\",\"logo\":{\"@type\":\"ImageObject\",\"inLanguage\":\"ru-RU\",\"@id\":\"https:\/\/beebipood.ee\/ru\/#\/schema\/logo\/image\/\",\"url\":\"https:\/\/beebipood.ee\/wp-content\/uploads\/2025\/03\/beebipood.ee-logo-1.svg\",\"contentUrl\":\"https:\/\/beebipood.ee\/wp-content\/uploads\/2025\/03\/beebipood.ee-logo-1.svg\",\"caption\":\"Beebipood\"},\"image\":{\"@id\":\"https:\/\/beebipood.ee\/ru\/#\/schema\/logo\/image\/\"}}]}<\/script>\n<!-- \/ Yoast SEO plugin. -->","yoast_head_json":{"title":"Axkid Nextkid i-Size turvatool 100-150cm, Granite Melange, \u0410\u0432\u0442\u043e\u043a\u0440\u0435\u0441\u043b\u0430, \u043b\u044e\u043b\u044c\u043a\u0438, \u0410\u0432\u0442\u043e\u043a\u0440\u0435\u0441\u043b\u0430 15-36 \u043a\u0433, \u0421\u043d\u0430\u0440\u044f\u0436\u0435\u043d\u0438\u044f \u0431\u0435\u0437\u043e\u043f\u0430\u0441\u043d\u043e\u0441\u0442\u0438, Axkid, Axkid Modukid a\u0432\u0442\u043e\u043b\u044e\u043b\u044c\u043a\u0430, Beebipood","description":"Axkid Nextkid i-Size turvatool 100-150cm, Granite Melange, Axkid Nextkid on suurep&auml;rane turvatool vanematele lastele,mis aitab teil teekonna ette","robots":{"index":"index","follow":"follow","max-snippet":"max-snippet:-1","max-image-preview":"max-image-preview:large","max-video-preview":"max-video-preview:-1"},"canonical":"https:\/\/beebipood.ee\/ru\/produkt\/axkid-nextkid-i-size-turvatool-100-150cm-granite-melange\/","og_locale":"ru_RU","og_type":"article","og_title":"Axkid Nextkid i-Size turvatool 100-150cm, Granite Melange, \u0410\u0432\u0442\u043e\u043a\u0440\u0435\u0441\u043b\u0430, \u043b\u044e\u043b\u044c\u043a\u0438, \u0410\u0432\u0442\u043e\u043a\u0440\u0435\u0441\u043b\u0430 15-36 \u043a\u0433, \u0421\u043d\u0430\u0440\u044f\u0436\u0435\u043d\u0438\u044f \u0431\u0435\u0437\u043e\u043f\u0430\u0441\u043d\u043e\u0441\u0442\u0438, Axkid, Axkid Modukid a\u0432\u0442\u043e\u043b\u044e\u043b\u044c\u043a\u0430, Beebipood","og_description":"Axkid Nextkid i-Size turvatool 100-150cm, Granite Melange, Axkid Nextkid on suurep&auml;rane turvatool vanematele lastele,mis aitab teil teekonna ette","og_url":"https:\/\/beebipood.ee\/ru\/produkt\/axkid-nextkid-i-size-turvatool-100-150cm-granite-melange\/","og_site_name":"Beebipood","article_modified_time":"2025-03-05T05:10:47+00:00","og_image":[{"width":833,"height":1000,"url":"https:\/\/beebipood.ee\/wp-content\/uploads\/2019\/06\/Axkid-Nextkid-iSize-turvatool-100150cm-Granite-Melange-Turvatoolid-hallid-Turvatoolid-1536-kg-Turvavarustus-Axkid-Axkid-laos-_5-0a9.jpg","type":"image\/jpeg"}],"twitter_card":"summary_large_image","twitter_misc":{"\u041f\u0440\u0438\u043c\u0435\u0440\u043d\u043e\u0435 \u0432\u0440\u0435\u043c\u044f \u0434\u043b\u044f \u0447\u0442\u0435\u043d\u0438\u044f":"2 \u043c\u0438\u043d\u0443\u0442\u044b"},"schema":{"@context":"https:\/\/schema.org","@graph":[{"@type":"WebPage","@id":"https:\/\/beebipood.ee\/ru\/produkt\/axkid-nextkid-i-size-turvatool-100-150cm-granite-melange\/","url":"https:\/\/beebipood.ee\/ru\/produkt\/axkid-nextkid-i-size-turvatool-100-150cm-granite-melange\/","name":"Axkid Nextkid i-Size turvatool 100-150cm, Granite Melange, \u0410\u0432\u0442\u043e\u043a\u0440\u0435\u0441\u043b\u0430, \u043b\u044e\u043b\u044c\u043a\u0438, \u0410\u0432\u0442\u043e\u043a\u0440\u0435\u0441\u043b\u0430 15-36 \u043a\u0433, \u0421\u043d\u0430\u0440\u044f\u0436\u0435\u043d\u0438\u044f \u0431\u0435\u0437\u043e\u043f\u0430\u0441\u043d\u043e\u0441\u0442\u0438, Axkid, Axkid Modukid a\u0432\u0442\u043e\u043b\u044e\u043b\u044c\u043a\u0430, Beebipood","isPartOf":{"@id":"https:\/\/beebipood.ee\/ru\/#website"},"primaryImageOfPage":{"@id":"https:\/\/beebipood.ee\/ru\/produkt\/axkid-nextkid-i-size-turvatool-100-150cm-granite-melange\/#primaryimage"},"image":{"@id":"https:\/\/beebipood.ee\/ru\/produkt\/axkid-nextkid-i-size-turvatool-100-150cm-granite-melange\/#primaryimage"},"thumbnailUrl":"https:\/\/beebipood.ee\/wp-content\/uploads\/2019\/06\/Axkid-Nextkid-iSize-turvatool-100150cm-Granite-Melange-Turvatoolid-hallid-Turvatoolid-1536-kg-Turvavarustus-Axkid-Axkid-laos-_5-0a9.jpg","datePublished":"2019-06-21T06:00:14+00:00","dateModified":"2025-03-05T05:10:47+00:00","description":"Axkid Nextkid i-Size turvatool 100-150cm, Granite Melange, Axkid Nextkid on suurep&auml;rane turvatool vanematele lastele,mis aitab teil teekonna ette","breadcrumb":{"@id":"https:\/\/beebipood.ee\/ru\/produkt\/axkid-nextkid-i-size-turvatool-100-150cm-granite-melange\/#breadcrumb"},"inLanguage":"ru-RU","potentialAction":[{"@type":"ReadAction","target":["https:\/\/beebipood.ee\/ru\/produkt\/axkid-nextkid-i-size-turvatool-100-150cm-granite-melange\/"]}]},{"@type":"ImageObject","inLanguage":"ru-RU","@id":"https:\/\/beebipood.ee\/ru\/produkt\/axkid-nextkid-i-size-turvatool-100-150cm-granite-melange\/#primaryimage","url":"https:\/\/beebipood.ee\/wp-content\/uploads\/2019\/06\/Axkid-Nextkid-iSize-turvatool-100150cm-Granite-Melange-Turvatoolid-hallid-Turvatoolid-1536-kg-Turvavarustus-Axkid-Axkid-laos-_5-0a9.jpg","contentUrl":"https:\/\/beebipood.ee\/wp-content\/uploads\/2019\/06\/Axkid-Nextkid-iSize-turvatool-100150cm-Granite-Melange-Turvatoolid-hallid-Turvatoolid-1536-kg-Turvavarustus-Axkid-Axkid-laos-_5-0a9.jpg","width":833,"height":1000},{"@type":"BreadcrumbList","@id":"https:\/\/beebipood.ee\/ru\/produkt\/axkid-nextkid-i-size-turvatool-100-150cm-granite-melange\/#breadcrumb","itemListElement":[{"@type":"ListItem","position":1,"name":"Home","item":"https:\/\/beebipood.ee\/ru\/"},{"@type":"ListItem","position":2,"name":"\u041a\u0430\u0442\u0430\u043b\u043e\u0433 \u0442\u043e\u0432\u0430\u0440\u043e\u0432","item":"https:\/\/beebipood.ee\/tooted\/"},{"@type":"ListItem","position":3,"name":"Axkid Nextkid i-Size turvatool 100-150cm, Granite Melange"}]},{"@type":"WebSite","@id":"https:\/\/beebipood.ee\/ru\/#website","url":"https:\/\/beebipood.ee\/ru\/","name":"Beebipood","description":"Lastekaubad, beebikaubad, m\u00e4nguasjad","publisher":{"@id":"https:\/\/beebipood.ee\/ru\/#organization"},"potentialAction":[{"@type":"SearchAction","target":{"@type":"EntryPoint","urlTemplate":"https:\/\/beebipood.ee\/ru\/?s={search_term_string}"},"query-input":{"@type":"PropertyValueSpecification","valueRequired":true,"valueName":"search_term_string"}}],"inLanguage":"ru-RU"},{"@type":"Organization","@id":"https:\/\/beebipood.ee\/ru\/#organization","name":"Beebipood","url":"https:\/\/beebipood.ee\/ru\/","logo":{"@type":"ImageObject","inLanguage":"ru-RU","@id":"https:\/\/beebipood.ee\/ru\/#\/schema\/logo\/image\/","url":"https:\/\/beebipood.ee\/wp-content\/uploads\/2025\/03\/beebipood.ee-logo-1.svg","contentUrl":"https:\/\/beebipood.ee\/wp-content\/uploads\/2025\/03\/beebipood.ee-logo-1.svg","caption":"Beebipood"},"image":{"@id":"https:\/\/beebipood.ee\/ru\/#\/schema\/logo\/image\/"}}]}},"brands":[{"id":11955,"name":"Axkid","slug":"axkid-ru"}],"_links":{"self":[{"href":"https:\/\/beebipood.ee\/ru\/wp-json\/wp\/v2\/product\/458731","targetHints":{"allow":["GET"]}}],"collection":[{"href":"https:\/\/beebipood.ee\/ru\/wp-json\/wp\/v2\/product"}],"about":[{"href":"https:\/\/beebipood.ee\/ru\/wp-json\/wp\/v2\/types\/product"}],"wp:featuredmedia":[{"embeddable":true,"href":"https:\/\/beebipood.ee\/ru\/wp-json\/wp\/v2\/media\/130321"}],"wp:attachment":[{"href":"https:\/\/beebipood.ee\/ru\/wp-json\/wp\/v2\/media?parent=458731"}],"wp:term":[{"taxonomy":"pwb-brand","embeddable":true,"href":"https:\/\/beebipood.ee\/ru\/wp-json\/wp\/v2\/pwb-brand?post=458731"},{"taxonomy":"product_brand","embeddable":true,"href":"https:\/\/beebipood.ee\/ru\/wp-json\/wp\/v2\/product_brand?post=458731"},{"taxonomy":"product_cat","embeddable":true,"href":"https:\/\/beebipood.ee\/ru\/wp-json\/wp\/v2\/product_cat?post=458731"},{"taxonomy":"product_tag","embeddable":true,"href":"https:\/\/beebipood.ee\/ru\/wp-json\/wp\/v2\/product_tag?post=458731"}],"curies":[{"name":"wp","href":"https:\/\/api.w.org\/{rel}","templated":true}]}}