{"id":458759,"date":"2019-07-01T12:47:43","date_gmt":"2019-07-01T09:47:43","guid":{"rendered":"https:\/\/beebipood.ee\/toode\/aeromoov-higistamisvastane-istmekate-jalutuskarudele-anthracite\/"},"modified":"2025-01-09T10:48:47","modified_gmt":"2025-01-09T08:48:47","slug":"aeromoov-higistamisvastane-istmekate-jalutuskarudele-anthracite","status":"publish","type":"product","link":"https:\/\/beebipood.ee\/ru\/produkt\/aeromoov-higistamisvastane-istmekate-jalutuskarudele-anthracite\/","title":{"rendered":"AeroMoov higistamisvastane istmekate jalutusk\u00e4rudele, Anthracite"},"content":{"rendered":"<p>Aeromoov higistamisvastane istmekate on spetsiaalselt v\u00e4lja t\u00f6\u00f6tatud selleks, <br \/>et sinu lapsel ei oleks liialt palav turvatoolis v\u00f5i jalutusk\u00e4rus istuda.<br \/>\u00d5hku l\u00e4bilaskev pehme vooderdus hoiab sinu lapse kogu s\u00f5idu v\u00e4ltel v\u00e4rske ja kuivana. <br \/>Isegi palavatel suvep\u00e4evadel.<\/p>\n<p>Antud istmekate pakub sinu lapsele optimaalse istumismugavuse ning hoiab istumisosa kauem uuena.<br \/>Istmekate sobib\u00a0<span>jalutusk\u00e4rule<\/span><br \/>Mis muudab AeroMoov higistamisvastase katte nii unikaalseks?<br \/>Pehme ja mugav froteeriidest istmekate, <br \/>mille sisse on lisatud ka unikaalne AeroSleepi tehnoloogia.<br \/>Aeromoovi katte pealmine kiht on k\u00e4rgjas, <br \/>mis t\u00e4nu oma tekstuurile laseb lapse nahal hingata, hoides \u00f5hu lapse ja turvatooli vahel pidevas ringluses. <br \/>K\u00e4rgjas tekstuur hoiab ka lapse kehtemperatuuri normis ning v\u00e4ldib \u00fclekuumenemist<br \/>3D k\u00e4rgjas tekstuur<br \/>Kaetud orgaanilise puuvilla kihiga.<br \/>Masinpestav 40\u00b0juures.<br \/>Varustatud turvarihmade ligip\u00e4\u00e4suga.<br \/>Sobib k\u00f5igile <span>jalutusk\u00e4ru<\/span>dele.<\/p>\n","protected":false},"excerpt":{"rendered":"<p>Aeromoov higistamisvastane istmekate on spetsiaalselt v\u00e4lja t\u00f6\u00f6tatud selleks, et sinu lapsel ei oleks liialt palav turvatoolis v\u00f5i jalutusk\u00e4rus istuda.\u00d5hku l\u00e4bilaskev pehme vooderdus hoiab sinu lapse kogu s\u00f5idu v\u00e4ltel v\u00e4rske ja kuivana. Isegi palavatel suvep\u00e4evadel. Antud istmekate pakub sinu lapsele optimaalse istumismugavuse ning hoiab istumisosa kauem uuena.Istmekate sobib\u00a0jalutusk\u00e4ruleMis muudab AeroMoov higistamisvastase katte nii unikaalseks?Pehme ja mugav [&hellip;]<\/p>\n","protected":false},"featured_media":130460,"template":"","meta":{"_acf_changed":false},"pwb-brand":[11965],"product_brand":[],"product_cat":[11725,11717],"product_tag":[],"class_list":{"0":"post-458759","1":"product","2":"type-product","3":"status-publish","4":"has-post-thumbnail","6":"pwb-brand-aeromoov-ru","7":"product_cat-lisatarvikud-ru","8":"product_cat-lastevankrid-ja-karud-ru","9":"pa_manufacturer-aeromoov-ru","11":"first","12":"onbackorder","13":"taxable","14":"shipping-taxable","15":"purchasable","16":"product-type-simple"},"exclude_global_add_ons":[],"addons":[],"acf":[],"yoast_head":"<!-- This site is optimized with the Yoast SEO plugin v27.1.1 - https:\/\/yoast.com\/product\/yoast-seo-wordpress\/ -->\n<title>AeroMoov higistamisvastane istmekate jalutusk\u00e4rudele, Anthracite, \u041a\u043e\u043b\u044f\u0441\u043a\u0438, \u041f\u0440\u0438\u043d\u0430\u0434\u043b\u0435\u0436\u043d\u043e\u0441\u0442\u0438, Beebipood<\/title>\n<meta name=\"description\" content=\"AeroMoov higistamisvastane istmekate jalutusk\u00e4rudele, Anthracite, Aeromoov higistamisvastane istmekate on spetsiaalselt v&auml;lja t&ouml;&ouml;tatud sellek\" \/>\n<meta name=\"robots\" content=\"index, follow, max-snippet:-1, max-image-preview:large, max-video-preview:-1\" \/>\n<link rel=\"canonical\" href=\"https:\/\/beebipood.ee\/ru\/produkt\/aeromoov-higistamisvastane-istmekate-jalutuskarudele-anthracite\/\" \/>\n<meta property=\"og:locale\" content=\"ru_RU\" \/>\n<meta property=\"og:type\" content=\"article\" \/>\n<meta property=\"og:title\" content=\"AeroMoov higistamisvastane istmekate jalutusk\u00e4rudele, Anthracite, \u041a\u043e\u043b\u044f\u0441\u043a\u0438, \u041f\u0440\u0438\u043d\u0430\u0434\u043b\u0435\u0436\u043d\u043e\u0441\u0442\u0438, Beebipood\" \/>\n<meta property=\"og:description\" content=\"AeroMoov higistamisvastane istmekate jalutusk\u00e4rudele, Anthracite, Aeromoov higistamisvastane istmekate on spetsiaalselt v&auml;lja t&ouml;&ouml;tatud sellek\" \/>\n<meta property=\"og:url\" content=\"https:\/\/beebipood.ee\/ru\/produkt\/aeromoov-higistamisvastane-istmekate-jalutuskarudele-anthracite\/\" \/>\n<meta property=\"og:site_name\" content=\"Beebipood\" \/>\n<meta property=\"article:modified_time\" content=\"2025-01-09T08:48:47+00:00\" \/>\n<meta property=\"og:image\" content=\"https:\/\/beebipood.ee\/wp-content\/uploads\/2019\/07\/AeroMoov-higistamisvastane-istmekate-jalutuskarudele-Anthracite-Lastevankrid-ja-karud-Lisavarustus-_1-94e.jpg\" \/>\n\t<meta property=\"og:image:width\" content=\"1200\" \/>\n\t<meta property=\"og:image:height\" content=\"1200\" \/>\n\t<meta property=\"og:image:type\" content=\"image\/jpeg\" \/>\n<meta name=\"twitter:card\" content=\"summary_large_image\" \/>\n<meta name=\"twitter:label1\" content=\"\u041f\u0440\u0438\u043c\u0435\u0440\u043d\u043e\u0435 \u0432\u0440\u0435\u043c\u044f \u0434\u043b\u044f \u0447\u0442\u0435\u043d\u0438\u044f\" \/>\n\t<meta name=\"twitter:data1\" content=\"1 \u043c\u0438\u043d\u0443\u0442\u0430\" \/>\n<script type=\"application\/ld+json\" class=\"yoast-schema-graph\">{\"@context\":\"https:\/\/schema.org\",\"@graph\":[{\"@type\":\"WebPage\",\"@id\":\"https:\/\/beebipood.ee\/ru\/produkt\/aeromoov-higistamisvastane-istmekate-jalutuskarudele-anthracite\/\",\"url\":\"https:\/\/beebipood.ee\/ru\/produkt\/aeromoov-higistamisvastane-istmekate-jalutuskarudele-anthracite\/\",\"name\":\"AeroMoov higistamisvastane istmekate jalutusk\u00e4rudele, Anthracite, \u041a\u043e\u043b\u044f\u0441\u043a\u0438, \u041f\u0440\u0438\u043d\u0430\u0434\u043b\u0435\u0436\u043d\u043e\u0441\u0442\u0438, Beebipood\",\"isPartOf\":{\"@id\":\"https:\/\/beebipood.ee\/ru\/#website\"},\"primaryImageOfPage\":{\"@id\":\"https:\/\/beebipood.ee\/ru\/produkt\/aeromoov-higistamisvastane-istmekate-jalutuskarudele-anthracite\/#primaryimage\"},\"image\":{\"@id\":\"https:\/\/beebipood.ee\/ru\/produkt\/aeromoov-higistamisvastane-istmekate-jalutuskarudele-anthracite\/#primaryimage\"},\"thumbnailUrl\":\"https:\/\/beebipood.ee\/wp-content\/uploads\/2019\/07\/AeroMoov-higistamisvastane-istmekate-jalutuskarudele-Anthracite-Lastevankrid-ja-karud-Lisavarustus-_1-94e.jpg\",\"datePublished\":\"2019-07-01T09:47:43+00:00\",\"dateModified\":\"2025-01-09T08:48:47+00:00\",\"description\":\"AeroMoov higistamisvastane istmekate jalutusk\u00e4rudele, Anthracite, Aeromoov higistamisvastane istmekate on spetsiaalselt v&auml;lja t&ouml;&ouml;tatud sellek\",\"breadcrumb\":{\"@id\":\"https:\/\/beebipood.ee\/ru\/produkt\/aeromoov-higistamisvastane-istmekate-jalutuskarudele-anthracite\/#breadcrumb\"},\"inLanguage\":\"ru-RU\",\"potentialAction\":[{\"@type\":\"ReadAction\",\"target\":[\"https:\/\/beebipood.ee\/ru\/produkt\/aeromoov-higistamisvastane-istmekate-jalutuskarudele-anthracite\/\"]}]},{\"@type\":\"ImageObject\",\"inLanguage\":\"ru-RU\",\"@id\":\"https:\/\/beebipood.ee\/ru\/produkt\/aeromoov-higistamisvastane-istmekate-jalutuskarudele-anthracite\/#primaryimage\",\"url\":\"https:\/\/beebipood.ee\/wp-content\/uploads\/2019\/07\/AeroMoov-higistamisvastane-istmekate-jalutuskarudele-Anthracite-Lastevankrid-ja-karud-Lisavarustus-_1-94e.jpg\",\"contentUrl\":\"https:\/\/beebipood.ee\/wp-content\/uploads\/2019\/07\/AeroMoov-higistamisvastane-istmekate-jalutuskarudele-Anthracite-Lastevankrid-ja-karud-Lisavarustus-_1-94e.jpg\",\"width\":1200,\"height\":1200},{\"@type\":\"BreadcrumbList\",\"@id\":\"https:\/\/beebipood.ee\/ru\/produkt\/aeromoov-higistamisvastane-istmekate-jalutuskarudele-anthracite\/#breadcrumb\",\"itemListElement\":[{\"@type\":\"ListItem\",\"position\":1,\"name\":\"Home\",\"item\":\"https:\/\/beebipood.ee\/ru\/\"},{\"@type\":\"ListItem\",\"position\":2,\"name\":\"\u041a\u0430\u0442\u0430\u043b\u043e\u0433 \u0442\u043e\u0432\u0430\u0440\u043e\u0432\",\"item\":\"https:\/\/beebipood.ee\/tooted\/\"},{\"@type\":\"ListItem\",\"position\":3,\"name\":\"AeroMoov higistamisvastane istmekate jalutusk\u00e4rudele, Anthracite\"}]},{\"@type\":\"WebSite\",\"@id\":\"https:\/\/beebipood.ee\/ru\/#website\",\"url\":\"https:\/\/beebipood.ee\/ru\/\",\"name\":\"Beebipood\",\"description\":\"Lastekaubad, beebikaubad, m\u00e4nguasjad\",\"publisher\":{\"@id\":\"https:\/\/beebipood.ee\/ru\/#organization\"},\"potentialAction\":[{\"@type\":\"SearchAction\",\"target\":{\"@type\":\"EntryPoint\",\"urlTemplate\":\"https:\/\/beebipood.ee\/ru\/?s={search_term_string}\"},\"query-input\":{\"@type\":\"PropertyValueSpecification\",\"valueRequired\":true,\"valueName\":\"search_term_string\"}}],\"inLanguage\":\"ru-RU\"},{\"@type\":\"Organization\",\"@id\":\"https:\/\/beebipood.ee\/ru\/#organization\",\"name\":\"Beebipood\",\"url\":\"https:\/\/beebipood.ee\/ru\/\",\"logo\":{\"@type\":\"ImageObject\",\"inLanguage\":\"ru-RU\",\"@id\":\"https:\/\/beebipood.ee\/ru\/#\/schema\/logo\/image\/\",\"url\":\"https:\/\/beebipood.ee\/wp-content\/uploads\/2025\/03\/beebipood.ee-logo-1.svg\",\"contentUrl\":\"https:\/\/beebipood.ee\/wp-content\/uploads\/2025\/03\/beebipood.ee-logo-1.svg\",\"caption\":\"Beebipood\"},\"image\":{\"@id\":\"https:\/\/beebipood.ee\/ru\/#\/schema\/logo\/image\/\"}}]}<\/script>\n<!-- \/ Yoast SEO plugin. -->","yoast_head_json":{"title":"AeroMoov higistamisvastane istmekate jalutusk\u00e4rudele, Anthracite, \u041a\u043e\u043b\u044f\u0441\u043a\u0438, \u041f\u0440\u0438\u043d\u0430\u0434\u043b\u0435\u0436\u043d\u043e\u0441\u0442\u0438, Beebipood","description":"AeroMoov higistamisvastane istmekate jalutusk\u00e4rudele, Anthracite, Aeromoov higistamisvastane istmekate on spetsiaalselt v&auml;lja t&ouml;&ouml;tatud sellek","robots":{"index":"index","follow":"follow","max-snippet":"max-snippet:-1","max-image-preview":"max-image-preview:large","max-video-preview":"max-video-preview:-1"},"canonical":"https:\/\/beebipood.ee\/ru\/produkt\/aeromoov-higistamisvastane-istmekate-jalutuskarudele-anthracite\/","og_locale":"ru_RU","og_type":"article","og_title":"AeroMoov higistamisvastane istmekate jalutusk\u00e4rudele, Anthracite, \u041a\u043e\u043b\u044f\u0441\u043a\u0438, \u041f\u0440\u0438\u043d\u0430\u0434\u043b\u0435\u0436\u043d\u043e\u0441\u0442\u0438, Beebipood","og_description":"AeroMoov higistamisvastane istmekate jalutusk\u00e4rudele, Anthracite, Aeromoov higistamisvastane istmekate on spetsiaalselt v&auml;lja t&ouml;&ouml;tatud sellek","og_url":"https:\/\/beebipood.ee\/ru\/produkt\/aeromoov-higistamisvastane-istmekate-jalutuskarudele-anthracite\/","og_site_name":"Beebipood","article_modified_time":"2025-01-09T08:48:47+00:00","og_image":[{"width":1200,"height":1200,"url":"https:\/\/beebipood.ee\/wp-content\/uploads\/2019\/07\/AeroMoov-higistamisvastane-istmekate-jalutuskarudele-Anthracite-Lastevankrid-ja-karud-Lisavarustus-_1-94e.jpg","type":"image\/jpeg"}],"twitter_card":"summary_large_image","twitter_misc":{"\u041f\u0440\u0438\u043c\u0435\u0440\u043d\u043e\u0435 \u0432\u0440\u0435\u043c\u044f \u0434\u043b\u044f \u0447\u0442\u0435\u043d\u0438\u044f":"1 \u043c\u0438\u043d\u0443\u0442\u0430"},"schema":{"@context":"https:\/\/schema.org","@graph":[{"@type":"WebPage","@id":"https:\/\/beebipood.ee\/ru\/produkt\/aeromoov-higistamisvastane-istmekate-jalutuskarudele-anthracite\/","url":"https:\/\/beebipood.ee\/ru\/produkt\/aeromoov-higistamisvastane-istmekate-jalutuskarudele-anthracite\/","name":"AeroMoov higistamisvastane istmekate jalutusk\u00e4rudele, Anthracite, \u041a\u043e\u043b\u044f\u0441\u043a\u0438, \u041f\u0440\u0438\u043d\u0430\u0434\u043b\u0435\u0436\u043d\u043e\u0441\u0442\u0438, Beebipood","isPartOf":{"@id":"https:\/\/beebipood.ee\/ru\/#website"},"primaryImageOfPage":{"@id":"https:\/\/beebipood.ee\/ru\/produkt\/aeromoov-higistamisvastane-istmekate-jalutuskarudele-anthracite\/#primaryimage"},"image":{"@id":"https:\/\/beebipood.ee\/ru\/produkt\/aeromoov-higistamisvastane-istmekate-jalutuskarudele-anthracite\/#primaryimage"},"thumbnailUrl":"https:\/\/beebipood.ee\/wp-content\/uploads\/2019\/07\/AeroMoov-higistamisvastane-istmekate-jalutuskarudele-Anthracite-Lastevankrid-ja-karud-Lisavarustus-_1-94e.jpg","datePublished":"2019-07-01T09:47:43+00:00","dateModified":"2025-01-09T08:48:47+00:00","description":"AeroMoov higistamisvastane istmekate jalutusk\u00e4rudele, Anthracite, Aeromoov higistamisvastane istmekate on spetsiaalselt v&auml;lja t&ouml;&ouml;tatud sellek","breadcrumb":{"@id":"https:\/\/beebipood.ee\/ru\/produkt\/aeromoov-higistamisvastane-istmekate-jalutuskarudele-anthracite\/#breadcrumb"},"inLanguage":"ru-RU","potentialAction":[{"@type":"ReadAction","target":["https:\/\/beebipood.ee\/ru\/produkt\/aeromoov-higistamisvastane-istmekate-jalutuskarudele-anthracite\/"]}]},{"@type":"ImageObject","inLanguage":"ru-RU","@id":"https:\/\/beebipood.ee\/ru\/produkt\/aeromoov-higistamisvastane-istmekate-jalutuskarudele-anthracite\/#primaryimage","url":"https:\/\/beebipood.ee\/wp-content\/uploads\/2019\/07\/AeroMoov-higistamisvastane-istmekate-jalutuskarudele-Anthracite-Lastevankrid-ja-karud-Lisavarustus-_1-94e.jpg","contentUrl":"https:\/\/beebipood.ee\/wp-content\/uploads\/2019\/07\/AeroMoov-higistamisvastane-istmekate-jalutuskarudele-Anthracite-Lastevankrid-ja-karud-Lisavarustus-_1-94e.jpg","width":1200,"height":1200},{"@type":"BreadcrumbList","@id":"https:\/\/beebipood.ee\/ru\/produkt\/aeromoov-higistamisvastane-istmekate-jalutuskarudele-anthracite\/#breadcrumb","itemListElement":[{"@type":"ListItem","position":1,"name":"Home","item":"https:\/\/beebipood.ee\/ru\/"},{"@type":"ListItem","position":2,"name":"\u041a\u0430\u0442\u0430\u043b\u043e\u0433 \u0442\u043e\u0432\u0430\u0440\u043e\u0432","item":"https:\/\/beebipood.ee\/tooted\/"},{"@type":"ListItem","position":3,"name":"AeroMoov higistamisvastane istmekate jalutusk\u00e4rudele, Anthracite"}]},{"@type":"WebSite","@id":"https:\/\/beebipood.ee\/ru\/#website","url":"https:\/\/beebipood.ee\/ru\/","name":"Beebipood","description":"Lastekaubad, beebikaubad, m\u00e4nguasjad","publisher":{"@id":"https:\/\/beebipood.ee\/ru\/#organization"},"potentialAction":[{"@type":"SearchAction","target":{"@type":"EntryPoint","urlTemplate":"https:\/\/beebipood.ee\/ru\/?s={search_term_string}"},"query-input":{"@type":"PropertyValueSpecification","valueRequired":true,"valueName":"search_term_string"}}],"inLanguage":"ru-RU"},{"@type":"Organization","@id":"https:\/\/beebipood.ee\/ru\/#organization","name":"Beebipood","url":"https:\/\/beebipood.ee\/ru\/","logo":{"@type":"ImageObject","inLanguage":"ru-RU","@id":"https:\/\/beebipood.ee\/ru\/#\/schema\/logo\/image\/","url":"https:\/\/beebipood.ee\/wp-content\/uploads\/2025\/03\/beebipood.ee-logo-1.svg","contentUrl":"https:\/\/beebipood.ee\/wp-content\/uploads\/2025\/03\/beebipood.ee-logo-1.svg","caption":"Beebipood"},"image":{"@id":"https:\/\/beebipood.ee\/ru\/#\/schema\/logo\/image\/"}}]}},"brands":[{"id":11965,"name":"AeroMoov","slug":"aeromoov-ru"}],"_links":{"self":[{"href":"https:\/\/beebipood.ee\/ru\/wp-json\/wp\/v2\/product\/458759","targetHints":{"allow":["GET"]}}],"collection":[{"href":"https:\/\/beebipood.ee\/ru\/wp-json\/wp\/v2\/product"}],"about":[{"href":"https:\/\/beebipood.ee\/ru\/wp-json\/wp\/v2\/types\/product"}],"wp:featuredmedia":[{"embeddable":true,"href":"https:\/\/beebipood.ee\/ru\/wp-json\/wp\/v2\/media\/130460"}],"wp:attachment":[{"href":"https:\/\/beebipood.ee\/ru\/wp-json\/wp\/v2\/media?parent=458759"}],"wp:term":[{"taxonomy":"pwb-brand","embeddable":true,"href":"https:\/\/beebipood.ee\/ru\/wp-json\/wp\/v2\/pwb-brand?post=458759"},{"taxonomy":"product_brand","embeddable":true,"href":"https:\/\/beebipood.ee\/ru\/wp-json\/wp\/v2\/product_brand?post=458759"},{"taxonomy":"product_cat","embeddable":true,"href":"https:\/\/beebipood.ee\/ru\/wp-json\/wp\/v2\/product_cat?post=458759"},{"taxonomy":"product_tag","embeddable":true,"href":"https:\/\/beebipood.ee\/ru\/wp-json\/wp\/v2\/product_tag?post=458759"}],"curies":[{"name":"wp","href":"https:\/\/api.w.org\/{rel}","templated":true}]}}