{"id":458769,"date":"2019-07-03T07:32:26","date_gmt":"2019-07-03T04:32:26","guid":{"rendered":"https:\/\/beebipood.ee\/toode\/quinny-vnc-jalutuskaru-graphite-twist\/"},"modified":"2025-01-09T10:48:47","modified_gmt":"2025-01-09T08:48:47","slug":"quinny-vnc-jalutuskaru-graphite-twist","status":"publish","type":"product","link":"https:\/\/beebipood.ee\/ru\/produkt\/quinny-vnc-jalutuskaru-graphite-twist\/","title":{"rendered":"Quinny VNC jalutusk\u00e4ru, Graphite Twist"},"content":{"rendered":"<p>\u00dclimalt kergesti juhitav Quinny Vancouver jalutusk\u00e4ru sobib ideaalselt <br \/>nii kitsastele linnat\u00e4navatele kui ka metsateedele.<br \/>Suure kandev\u00f5imega pakikorv (10kg) v\u00f5imaldab sul mahutada k\u00f5ik vajaliku ja rohkemgi veel.<\/p>\n<p><span style=\"text-decoration: underline;\">Omadused<\/span><br \/>Kasutamiseks alates 6. elukuust (lohuga isteosa)<br \/>Kasutamiseks alates s\u00fcnnist koos Hubb vankrikorvi, <br \/>beebikookoni v\u00f5i Maxi-Cosi turvah\u00e4lliga (vaja eraldi juurde osta)<br \/>Lihtsasti \u00fche k\u00e4ega kokkupandav<br \/>Sujuv man\u00f6\u00f6verdamine<br \/>XL pakikorv (kandev\u00f5ime 10kg)<br \/>Pikendatav kaarari (UV50+)<br \/>Tuulutusava kaarvarju k\u00fcljes<br \/>Reguleeritav jalatugi<br \/>Reguleeritav l\u00fckkesang<br \/>Reguleeritav ja eemaldatav turvakaar<br \/>P\u00f6\u00f6rlevad esirattad (v\u00f5imalik lukustada)<br \/>Salajane tasku pakikorvi k\u00fcljes (mobiili, rahakoti jms hoiustamiseks)<br \/>Lihtne piduris\u00fcsteem (peale vajutades muudab olekut)<br \/><span style=\"text-decoration: underline;\"><br \/>N\u00e4itajad<\/span><br \/>Kaal 10,8kg<br \/>Isteosa kaal 3,3kg<br \/>Raami kaal 7,5kg<br \/>M\u00f5\u00f5dud 92 x 57 x 96-107cm (pikkus, laius, k\u00f5rgus)<br \/>M\u00f5\u00f5dud kokkupandult 89 x 57 x 51cm<br \/><span style=\"text-decoration: underline;\"><br \/>Komplektis<\/span><br \/>Vankriraam<br \/>Isteosa<br \/>Turvakaar<br \/>Pakikorv<br \/>Vihmakate<br \/>P\u00e4ikesevarju kinnitus<br \/>Joogitopsihoidja kinnitus<br \/>Maxi-Cosi turvah\u00e4lli adapterid<\/p>\n","protected":false},"excerpt":{"rendered":"<p>\u00dclimalt kergesti juhitav Quinny Vancouver jalutusk\u00e4ru sobib ideaalselt nii kitsastele linnat\u00e4navatele kui ka metsateedele.Suure kandev\u00f5imega pakikorv (10kg) v\u00f5imaldab sul mahutada k\u00f5ik vajaliku ja rohkemgi veel. OmadusedKasutamiseks alates 6. elukuust (lohuga isteosa)Kasutamiseks alates s\u00fcnnist koos Hubb vankrikorvi, beebikookoni v\u00f5i Maxi-Cosi turvah\u00e4lliga (vaja eraldi juurde osta)Lihtsasti \u00fche k\u00e4ega kokkupandavSujuv man\u00f6\u00f6verdamineXL pakikorv (kandev\u00f5ime 10kg)Pikendatav kaarari (UV50+)Tuulutusava kaarvarju k\u00fcljesReguleeritav [&hellip;]<\/p>\n","protected":false},"featured_media":130530,"template":"","meta":{"_acf_changed":false},"pwb-brand":[11960],"product_brand":[],"product_cat":[11721,11717],"product_tag":[],"class_list":{"0":"post-458769","1":"product","2":"type-product","3":"status-publish","4":"has-post-thumbnail","6":"pwb-brand-quinny-ru","7":"product_cat-jalutuskarud-ru","8":"product_cat-lastevankrid-ja-karud-ru","9":"pa_manufacturer-quinny-ru","11":"first","12":"onbackorder","13":"taxable","14":"shipping-taxable","15":"purchasable","16":"product-type-simple"},"exclude_global_add_ons":[],"addons":[],"acf":[],"yoast_head":"<!-- This site is optimized with the Yoast SEO plugin v27.3 - https:\/\/yoast.com\/product\/yoast-seo-wordpress\/ -->\n<title>Quinny VNC jalutusk\u00e4ru, Graphite Twist, \u041a\u043e\u043b\u044f\u0441\u043a\u0438, \u041f\u0440\u043e\u0433\u0443\u043b\u043e\u0447\u043d\u044b\u0435 \u043a\u043e\u043b\u044f\u0441\u043a\u0438, Beebipood<\/title>\n<meta name=\"description\" content=\"Quinny VNC jalutusk\u00e4ru, Graphite Twist, &Uuml;limalt kergesti juhitav Quinny Vancouver jalutusk&auml;ru sobib ideaalselt nii kitsastele linnat&auml;na\" \/>\n<meta name=\"robots\" content=\"index, follow, max-snippet:-1, max-image-preview:large, max-video-preview:-1\" \/>\n<link rel=\"canonical\" href=\"https:\/\/beebipood.ee\/ru\/produkt\/quinny-vnc-jalutuskaru-graphite-twist\/\" \/>\n<meta property=\"og:locale\" content=\"ru_RU\" \/>\n<meta property=\"og:type\" content=\"article\" \/>\n<meta property=\"og:title\" content=\"Quinny VNC jalutusk\u00e4ru, Graphite Twist, \u041a\u043e\u043b\u044f\u0441\u043a\u0438, \u041f\u0440\u043e\u0433\u0443\u043b\u043e\u0447\u043d\u044b\u0435 \u043a\u043e\u043b\u044f\u0441\u043a\u0438, Beebipood\" \/>\n<meta property=\"og:description\" content=\"Quinny VNC jalutusk\u00e4ru, Graphite Twist, &Uuml;limalt kergesti juhitav Quinny Vancouver jalutusk&auml;ru sobib ideaalselt nii kitsastele linnat&auml;na\" \/>\n<meta property=\"og:url\" content=\"https:\/\/beebipood.ee\/ru\/produkt\/quinny-vnc-jalutuskaru-graphite-twist\/\" \/>\n<meta property=\"og:site_name\" content=\"Beebipood\" \/>\n<meta property=\"article:modified_time\" content=\"2025-01-09T08:48:47+00:00\" \/>\n<meta property=\"og:image\" content=\"https:\/\/beebipood.ee\/wp-content\/uploads\/2019\/07\/Quinny-VNC-jalutuskaru-Graphite-Twist-Lastevankrid-ja-karud-Jalutuskarud_7-7ac.jpg\" \/>\n\t<meta property=\"og:image:width\" content=\"1000\" \/>\n\t<meta property=\"og:image:height\" content=\"1000\" \/>\n\t<meta property=\"og:image:type\" content=\"image\/jpeg\" \/>\n<meta name=\"twitter:card\" content=\"summary_large_image\" \/>\n<meta name=\"twitter:label1\" content=\"\u041f\u0440\u0438\u043c\u0435\u0440\u043d\u043e\u0435 \u0432\u0440\u0435\u043c\u044f \u0434\u043b\u044f \u0447\u0442\u0435\u043d\u0438\u044f\" \/>\n\t<meta name=\"twitter:data1\" content=\"1 \u043c\u0438\u043d\u0443\u0442\u0430\" \/>\n<script type=\"application\/ld+json\" class=\"yoast-schema-graph\">{\"@context\":\"https:\\\/\\\/schema.org\",\"@graph\":[{\"@type\":\"WebPage\",\"@id\":\"https:\\\/\\\/beebipood.ee\\\/ru\\\/produkt\\\/quinny-vnc-jalutuskaru-graphite-twist\\\/\",\"url\":\"https:\\\/\\\/beebipood.ee\\\/ru\\\/produkt\\\/quinny-vnc-jalutuskaru-graphite-twist\\\/\",\"name\":\"Quinny VNC jalutusk\u00e4ru, Graphite Twist, \u041a\u043e\u043b\u044f\u0441\u043a\u0438, \u041f\u0440\u043e\u0433\u0443\u043b\u043e\u0447\u043d\u044b\u0435 \u043a\u043e\u043b\u044f\u0441\u043a\u0438, Beebipood\",\"isPartOf\":{\"@id\":\"https:\\\/\\\/beebipood.ee\\\/ru\\\/#website\"},\"primaryImageOfPage\":{\"@id\":\"https:\\\/\\\/beebipood.ee\\\/ru\\\/produkt\\\/quinny-vnc-jalutuskaru-graphite-twist\\\/#primaryimage\"},\"image\":{\"@id\":\"https:\\\/\\\/beebipood.ee\\\/ru\\\/produkt\\\/quinny-vnc-jalutuskaru-graphite-twist\\\/#primaryimage\"},\"thumbnailUrl\":\"https:\\\/\\\/beebipood.ee\\\/wp-content\\\/uploads\\\/2019\\\/07\\\/Quinny-VNC-jalutuskaru-Graphite-Twist-Lastevankrid-ja-karud-Jalutuskarud_7-7ac.jpg\",\"datePublished\":\"2019-07-03T04:32:26+00:00\",\"dateModified\":\"2025-01-09T08:48:47+00:00\",\"description\":\"Quinny VNC jalutusk\u00e4ru, Graphite Twist, &Uuml;limalt kergesti juhitav Quinny Vancouver jalutusk&auml;ru sobib ideaalselt nii kitsastele linnat&auml;na\",\"breadcrumb\":{\"@id\":\"https:\\\/\\\/beebipood.ee\\\/ru\\\/produkt\\\/quinny-vnc-jalutuskaru-graphite-twist\\\/#breadcrumb\"},\"inLanguage\":\"ru-RU\",\"potentialAction\":[{\"@type\":\"ReadAction\",\"target\":[\"https:\\\/\\\/beebipood.ee\\\/ru\\\/produkt\\\/quinny-vnc-jalutuskaru-graphite-twist\\\/\"]}]},{\"@type\":\"ImageObject\",\"inLanguage\":\"ru-RU\",\"@id\":\"https:\\\/\\\/beebipood.ee\\\/ru\\\/produkt\\\/quinny-vnc-jalutuskaru-graphite-twist\\\/#primaryimage\",\"url\":\"https:\\\/\\\/beebipood.ee\\\/wp-content\\\/uploads\\\/2019\\\/07\\\/Quinny-VNC-jalutuskaru-Graphite-Twist-Lastevankrid-ja-karud-Jalutuskarud_7-7ac.jpg\",\"contentUrl\":\"https:\\\/\\\/beebipood.ee\\\/wp-content\\\/uploads\\\/2019\\\/07\\\/Quinny-VNC-jalutuskaru-Graphite-Twist-Lastevankrid-ja-karud-Jalutuskarud_7-7ac.jpg\",\"width\":1000,\"height\":1000},{\"@type\":\"BreadcrumbList\",\"@id\":\"https:\\\/\\\/beebipood.ee\\\/ru\\\/produkt\\\/quinny-vnc-jalutuskaru-graphite-twist\\\/#breadcrumb\",\"itemListElement\":[{\"@type\":\"ListItem\",\"position\":1,\"name\":\"Home\",\"item\":\"https:\\\/\\\/beebipood.ee\\\/ru\\\/\"},{\"@type\":\"ListItem\",\"position\":2,\"name\":\"\u041a\u0430\u0442\u0430\u043b\u043e\u0433 \u0442\u043e\u0432\u0430\u0440\u043e\u0432\",\"item\":\"https:\\\/\\\/beebipood.ee\\\/tooted\\\/\"},{\"@type\":\"ListItem\",\"position\":3,\"name\":\"Quinny VNC jalutusk\u00e4ru, Graphite Twist\"}]},{\"@type\":\"WebSite\",\"@id\":\"https:\\\/\\\/beebipood.ee\\\/ru\\\/#website\",\"url\":\"https:\\\/\\\/beebipood.ee\\\/ru\\\/\",\"name\":\"Beebipood\",\"description\":\"Lastekaubad, beebikaubad, m\u00e4nguasjad\",\"publisher\":{\"@id\":\"https:\\\/\\\/beebipood.ee\\\/ru\\\/#organization\"},\"potentialAction\":[{\"@type\":\"SearchAction\",\"target\":{\"@type\":\"EntryPoint\",\"urlTemplate\":\"https:\\\/\\\/beebipood.ee\\\/ru\\\/?s={search_term_string}\"},\"query-input\":{\"@type\":\"PropertyValueSpecification\",\"valueRequired\":true,\"valueName\":\"search_term_string\"}}],\"inLanguage\":\"ru-RU\"},{\"@type\":\"Organization\",\"@id\":\"https:\\\/\\\/beebipood.ee\\\/ru\\\/#organization\",\"name\":\"Beebipood\",\"url\":\"https:\\\/\\\/beebipood.ee\\\/ru\\\/\",\"logo\":{\"@type\":\"ImageObject\",\"inLanguage\":\"ru-RU\",\"@id\":\"https:\\\/\\\/beebipood.ee\\\/ru\\\/#\\\/schema\\\/logo\\\/image\\\/\",\"url\":\"https:\\\/\\\/beebipood.ee\\\/wp-content\\\/uploads\\\/2025\\\/03\\\/beebipood.ee-logo-1.svg\",\"contentUrl\":\"https:\\\/\\\/beebipood.ee\\\/wp-content\\\/uploads\\\/2025\\\/03\\\/beebipood.ee-logo-1.svg\",\"caption\":\"Beebipood\"},\"image\":{\"@id\":\"https:\\\/\\\/beebipood.ee\\\/ru\\\/#\\\/schema\\\/logo\\\/image\\\/\"}}]}<\/script>\n<!-- \/ Yoast SEO plugin. -->","yoast_head_json":{"title":"Quinny VNC jalutusk\u00e4ru, Graphite Twist, \u041a\u043e\u043b\u044f\u0441\u043a\u0438, \u041f\u0440\u043e\u0433\u0443\u043b\u043e\u0447\u043d\u044b\u0435 \u043a\u043e\u043b\u044f\u0441\u043a\u0438, Beebipood","description":"Quinny VNC jalutusk\u00e4ru, Graphite Twist, &Uuml;limalt kergesti juhitav Quinny Vancouver jalutusk&auml;ru sobib ideaalselt nii kitsastele linnat&auml;na","robots":{"index":"index","follow":"follow","max-snippet":"max-snippet:-1","max-image-preview":"max-image-preview:large","max-video-preview":"max-video-preview:-1"},"canonical":"https:\/\/beebipood.ee\/ru\/produkt\/quinny-vnc-jalutuskaru-graphite-twist\/","og_locale":"ru_RU","og_type":"article","og_title":"Quinny VNC jalutusk\u00e4ru, Graphite Twist, \u041a\u043e\u043b\u044f\u0441\u043a\u0438, \u041f\u0440\u043e\u0433\u0443\u043b\u043e\u0447\u043d\u044b\u0435 \u043a\u043e\u043b\u044f\u0441\u043a\u0438, Beebipood","og_description":"Quinny VNC jalutusk\u00e4ru, Graphite Twist, &Uuml;limalt kergesti juhitav Quinny Vancouver jalutusk&auml;ru sobib ideaalselt nii kitsastele linnat&auml;na","og_url":"https:\/\/beebipood.ee\/ru\/produkt\/quinny-vnc-jalutuskaru-graphite-twist\/","og_site_name":"Beebipood","article_modified_time":"2025-01-09T08:48:47+00:00","og_image":[{"width":1000,"height":1000,"url":"https:\/\/beebipood.ee\/wp-content\/uploads\/2019\/07\/Quinny-VNC-jalutuskaru-Graphite-Twist-Lastevankrid-ja-karud-Jalutuskarud_7-7ac.jpg","type":"image\/jpeg"}],"twitter_card":"summary_large_image","twitter_misc":{"\u041f\u0440\u0438\u043c\u0435\u0440\u043d\u043e\u0435 \u0432\u0440\u0435\u043c\u044f \u0434\u043b\u044f \u0447\u0442\u0435\u043d\u0438\u044f":"1 \u043c\u0438\u043d\u0443\u0442\u0430"},"schema":{"@context":"https:\/\/schema.org","@graph":[{"@type":"WebPage","@id":"https:\/\/beebipood.ee\/ru\/produkt\/quinny-vnc-jalutuskaru-graphite-twist\/","url":"https:\/\/beebipood.ee\/ru\/produkt\/quinny-vnc-jalutuskaru-graphite-twist\/","name":"Quinny VNC jalutusk\u00e4ru, Graphite Twist, \u041a\u043e\u043b\u044f\u0441\u043a\u0438, \u041f\u0440\u043e\u0433\u0443\u043b\u043e\u0447\u043d\u044b\u0435 \u043a\u043e\u043b\u044f\u0441\u043a\u0438, Beebipood","isPartOf":{"@id":"https:\/\/beebipood.ee\/ru\/#website"},"primaryImageOfPage":{"@id":"https:\/\/beebipood.ee\/ru\/produkt\/quinny-vnc-jalutuskaru-graphite-twist\/#primaryimage"},"image":{"@id":"https:\/\/beebipood.ee\/ru\/produkt\/quinny-vnc-jalutuskaru-graphite-twist\/#primaryimage"},"thumbnailUrl":"https:\/\/beebipood.ee\/wp-content\/uploads\/2019\/07\/Quinny-VNC-jalutuskaru-Graphite-Twist-Lastevankrid-ja-karud-Jalutuskarud_7-7ac.jpg","datePublished":"2019-07-03T04:32:26+00:00","dateModified":"2025-01-09T08:48:47+00:00","description":"Quinny VNC jalutusk\u00e4ru, Graphite Twist, &Uuml;limalt kergesti juhitav Quinny Vancouver jalutusk&auml;ru sobib ideaalselt nii kitsastele linnat&auml;na","breadcrumb":{"@id":"https:\/\/beebipood.ee\/ru\/produkt\/quinny-vnc-jalutuskaru-graphite-twist\/#breadcrumb"},"inLanguage":"ru-RU","potentialAction":[{"@type":"ReadAction","target":["https:\/\/beebipood.ee\/ru\/produkt\/quinny-vnc-jalutuskaru-graphite-twist\/"]}]},{"@type":"ImageObject","inLanguage":"ru-RU","@id":"https:\/\/beebipood.ee\/ru\/produkt\/quinny-vnc-jalutuskaru-graphite-twist\/#primaryimage","url":"https:\/\/beebipood.ee\/wp-content\/uploads\/2019\/07\/Quinny-VNC-jalutuskaru-Graphite-Twist-Lastevankrid-ja-karud-Jalutuskarud_7-7ac.jpg","contentUrl":"https:\/\/beebipood.ee\/wp-content\/uploads\/2019\/07\/Quinny-VNC-jalutuskaru-Graphite-Twist-Lastevankrid-ja-karud-Jalutuskarud_7-7ac.jpg","width":1000,"height":1000},{"@type":"BreadcrumbList","@id":"https:\/\/beebipood.ee\/ru\/produkt\/quinny-vnc-jalutuskaru-graphite-twist\/#breadcrumb","itemListElement":[{"@type":"ListItem","position":1,"name":"Home","item":"https:\/\/beebipood.ee\/ru\/"},{"@type":"ListItem","position":2,"name":"\u041a\u0430\u0442\u0430\u043b\u043e\u0433 \u0442\u043e\u0432\u0430\u0440\u043e\u0432","item":"https:\/\/beebipood.ee\/tooted\/"},{"@type":"ListItem","position":3,"name":"Quinny VNC jalutusk\u00e4ru, Graphite Twist"}]},{"@type":"WebSite","@id":"https:\/\/beebipood.ee\/ru\/#website","url":"https:\/\/beebipood.ee\/ru\/","name":"Beebipood","description":"Lastekaubad, beebikaubad, m\u00e4nguasjad","publisher":{"@id":"https:\/\/beebipood.ee\/ru\/#organization"},"potentialAction":[{"@type":"SearchAction","target":{"@type":"EntryPoint","urlTemplate":"https:\/\/beebipood.ee\/ru\/?s={search_term_string}"},"query-input":{"@type":"PropertyValueSpecification","valueRequired":true,"valueName":"search_term_string"}}],"inLanguage":"ru-RU"},{"@type":"Organization","@id":"https:\/\/beebipood.ee\/ru\/#organization","name":"Beebipood","url":"https:\/\/beebipood.ee\/ru\/","logo":{"@type":"ImageObject","inLanguage":"ru-RU","@id":"https:\/\/beebipood.ee\/ru\/#\/schema\/logo\/image\/","url":"https:\/\/beebipood.ee\/wp-content\/uploads\/2025\/03\/beebipood.ee-logo-1.svg","contentUrl":"https:\/\/beebipood.ee\/wp-content\/uploads\/2025\/03\/beebipood.ee-logo-1.svg","caption":"Beebipood"},"image":{"@id":"https:\/\/beebipood.ee\/ru\/#\/schema\/logo\/image\/"}}]}},"brands":[{"id":11960,"name":"Quinny","slug":"quinny-ru"}],"_links":{"self":[{"href":"https:\/\/beebipood.ee\/ru\/wp-json\/wp\/v2\/product\/458769","targetHints":{"allow":["GET"]}}],"collection":[{"href":"https:\/\/beebipood.ee\/ru\/wp-json\/wp\/v2\/product"}],"about":[{"href":"https:\/\/beebipood.ee\/ru\/wp-json\/wp\/v2\/types\/product"}],"wp:featuredmedia":[{"embeddable":true,"href":"https:\/\/beebipood.ee\/ru\/wp-json\/wp\/v2\/media\/130530"}],"wp:attachment":[{"href":"https:\/\/beebipood.ee\/ru\/wp-json\/wp\/v2\/media?parent=458769"}],"wp:term":[{"taxonomy":"pwb-brand","embeddable":true,"href":"https:\/\/beebipood.ee\/ru\/wp-json\/wp\/v2\/pwb-brand?post=458769"},{"taxonomy":"product_brand","embeddable":true,"href":"https:\/\/beebipood.ee\/ru\/wp-json\/wp\/v2\/product_brand?post=458769"},{"taxonomy":"product_cat","embeddable":true,"href":"https:\/\/beebipood.ee\/ru\/wp-json\/wp\/v2\/product_cat?post=458769"},{"taxonomy":"product_tag","embeddable":true,"href":"https:\/\/beebipood.ee\/ru\/wp-json\/wp\/v2\/product_tag?post=458769"}],"curies":[{"name":"wp","href":"https:\/\/api.w.org\/{rel}","templated":true}]}}