{"id":458789,"date":"2019-07-16T08:24:37","date_gmt":"2019-07-16T05:24:37","guid":{"rendered":"https:\/\/beebipood.ee\/toode\/maxi-cosi-kore-i-size-turvatool-authentic-black\/"},"modified":"2025-01-09T10:48:46","modified_gmt":"2025-01-09T08:48:46","slug":"maxi-cosi-kore-i-size-turvatool-authentic-black","status":"publish","type":"product","link":"https:\/\/beebipood.ee\/ru\/produkt\/maxi-cosi-kore-i-size-turvatool-authentic-black\/","title":{"rendered":"Maxi-Cosi Kore i-Size turvatool, Authentic Black"},"content":{"rendered":"<p>Maxi-Cosi Kore i-Size turvatool on m\u00f5eldud lastele pikkusega 100-150cm. <br \/>T\u00e4nu muudetavale laiusele ja k\u00f5rgusele pakub see sinu lapsele parimat mugavust ning turvalisust. <br \/>Toode vastab k\u00f5ige rangemale i-Size turvastandardile, mis t\u00e4hendab, <br \/>et see on varustatud t\u00e4iustatud k\u00fclgkaitse s\u00fcsteemiga.<\/p>\n<p><span style=\"text-decoration: underline;\">Omadused<\/span><br \/>Lapsele lihtsasti kasutatav ning kinnitatav lahendus<br \/>Avatud disain muudab turvatooli sisenemise lapse jaoks \u00e4\u00e4rmiselt lihtsaks<br \/>Kerge ligip\u00e4\u00e4s turvav\u00f6\u00f6le<br \/>Vastab k\u00f5ige uuemale Euroopa turvastandardile i-Size<br \/>T\u00e4iuslik k\u00fclgkaitse<br \/>L\u00f6\u00f6ke summutav ja l\u00f6\u00f6gij\u00f5udu hajutav materjal (pea ja \u00f5lapiirkonnas)<br \/>Kasvab koos sinu lapsega, nii laiusesse kui k\u00f5rgusesse<br \/>\u00dcheaegselt reguleeritav k\u00f5rguses ja laiuses<br \/><span style=\"text-decoration: underline;\">N\u00e4itajad<\/span><br \/>Kasutamiseks lastele pikkusega 100-150cm (3,5-12 eluaastat)<br \/>Turvatooli kaal: 6kg<\/p>\n","protected":false},"excerpt":{"rendered":"<p>Maxi-Cosi Kore i-Size turvatool on m\u00f5eldud lastele pikkusega 100-150cm. T\u00e4nu muudetavale laiusele ja k\u00f5rgusele pakub see sinu lapsele parimat mugavust ning turvalisust. Toode vastab k\u00f5ige rangemale i-Size turvastandardile, mis t\u00e4hendab, et see on varustatud t\u00e4iustatud k\u00fclgkaitse s\u00fcsteemiga. OmadusedLapsele lihtsasti kasutatav ning kinnitatav lahendusAvatud disain muudab turvatooli sisenemise lapse jaoks \u00e4\u00e4rmiselt lihtsaksKerge ligip\u00e4\u00e4s turvav\u00f6\u00f6leVastab k\u00f5ige uuemale [&hellip;]<\/p>\n","protected":false},"featured_media":130621,"template":"","meta":{"_acf_changed":false},"pwb-brand":[11527],"product_brand":[],"product_cat":[11727,11739,11791],"product_tag":[],"class_list":{"0":"post-458789","1":"product","2":"type-product","3":"status-publish","4":"has-post-thumbnail","6":"pwb-brand-maxi-cosi","7":"product_cat-turvatoolid-hallid-ru","8":"product_cat-turvatoolid-15-36-kg-ru","9":"product_cat-turvavarustus-ru","10":"pa_manufacturer-maxi_cosi-ru","12":"first","13":"onbackorder","14":"taxable","15":"shipping-taxable","16":"purchasable","17":"product-type-simple"},"exclude_global_add_ons":[],"addons":[],"acf":[],"yoast_head":"<!-- This site is optimized with the Yoast SEO plugin v27.1.1 - https:\/\/yoast.com\/product\/yoast-seo-wordpress\/ -->\n<title>Maxi-Cosi Kore i-Size turvatool, Authentic Black, \u0421\u041a\u0418\u0414\u041a\u0418, \u0410\u0432\u0442\u043e\u043a\u0440\u0435\u0441\u043b\u0430, \u043b\u044e\u043b\u044c\u043a\u0438, \u0410\u0432\u0442\u043e\u043a\u0440\u0435\u0441\u043b\u0430 15-36 \u043a\u0433, \u0421\u043d\u0430\u0440\u044f\u0436\u0435\u043d\u0438\u044f \u0431\u0435\u0437\u043e\u043f\u0430\u0441\u043d\u043e\u0441\u0442\u0438, Maxi-Cosi -15%, Beebipood<\/title>\n<meta name=\"description\" content=\"Maxi-Cosi Kore i-Size turvatool, Authentic Black, Maxi-Cosi Kore i-Size turvatool on m&otilde;eldud lastele pikkusega 100-150cm. T&auml;nu muudetavale\" \/>\n<meta name=\"robots\" content=\"index, follow, max-snippet:-1, max-image-preview:large, max-video-preview:-1\" \/>\n<link rel=\"canonical\" href=\"https:\/\/beebipood.ee\/ru\/produkt\/maxi-cosi-kore-i-size-turvatool-authentic-black\/\" \/>\n<meta property=\"og:locale\" content=\"ru_RU\" \/>\n<meta property=\"og:type\" content=\"article\" \/>\n<meta property=\"og:title\" content=\"Maxi-Cosi Kore i-Size turvatool, Authentic Black, \u0421\u041a\u0418\u0414\u041a\u0418, \u0410\u0432\u0442\u043e\u043a\u0440\u0435\u0441\u043b\u0430, \u043b\u044e\u043b\u044c\u043a\u0438, \u0410\u0432\u0442\u043e\u043a\u0440\u0435\u0441\u043b\u0430 15-36 \u043a\u0433, \u0421\u043d\u0430\u0440\u044f\u0436\u0435\u043d\u0438\u044f \u0431\u0435\u0437\u043e\u043f\u0430\u0441\u043d\u043e\u0441\u0442\u0438, Maxi-Cosi -15%, Beebipood\" \/>\n<meta property=\"og:description\" content=\"Maxi-Cosi Kore i-Size turvatool, Authentic Black, Maxi-Cosi Kore i-Size turvatool on m&otilde;eldud lastele pikkusega 100-150cm. T&auml;nu muudetavale\" \/>\n<meta property=\"og:url\" content=\"https:\/\/beebipood.ee\/ru\/produkt\/maxi-cosi-kore-i-size-turvatool-authentic-black\/\" \/>\n<meta property=\"og:site_name\" content=\"Beebipood\" \/>\n<meta property=\"article:modified_time\" content=\"2025-01-09T08:48:46+00:00\" \/>\n<meta property=\"og:image\" content=\"https:\/\/beebipood.ee\/wp-content\/uploads\/2019\/07\/MaxiCosi-Kore-iSize-turvatool-Authentic-Black-UUED-TOOTED-Turvatoolid-hallid-Turvatoolid-1536-kg-Turvavarustus_5-406-scaled.jpg\" \/>\n\t<meta property=\"og:image:width\" content=\"2560\" \/>\n\t<meta property=\"og:image:height\" content=\"2560\" \/>\n\t<meta property=\"og:image:type\" content=\"image\/jpeg\" \/>\n<meta name=\"twitter:card\" content=\"summary_large_image\" \/>\n<meta name=\"twitter:label1\" content=\"\u041f\u0440\u0438\u043c\u0435\u0440\u043d\u043e\u0435 \u0432\u0440\u0435\u043c\u044f \u0434\u043b\u044f \u0447\u0442\u0435\u043d\u0438\u044f\" \/>\n\t<meta name=\"twitter:data1\" content=\"1 \u043c\u0438\u043d\u0443\u0442\u0430\" \/>\n<script type=\"application\/ld+json\" class=\"yoast-schema-graph\">{\"@context\":\"https:\/\/schema.org\",\"@graph\":[{\"@type\":\"WebPage\",\"@id\":\"https:\/\/beebipood.ee\/ru\/produkt\/maxi-cosi-kore-i-size-turvatool-authentic-black\/\",\"url\":\"https:\/\/beebipood.ee\/ru\/produkt\/maxi-cosi-kore-i-size-turvatool-authentic-black\/\",\"name\":\"Maxi-Cosi Kore i-Size turvatool, Authentic Black, \u0421\u041a\u0418\u0414\u041a\u0418, \u0410\u0432\u0442\u043e\u043a\u0440\u0435\u0441\u043b\u0430, \u043b\u044e\u043b\u044c\u043a\u0438, \u0410\u0432\u0442\u043e\u043a\u0440\u0435\u0441\u043b\u0430 15-36 \u043a\u0433, \u0421\u043d\u0430\u0440\u044f\u0436\u0435\u043d\u0438\u044f \u0431\u0435\u0437\u043e\u043f\u0430\u0441\u043d\u043e\u0441\u0442\u0438, Maxi-Cosi -15%, Beebipood\",\"isPartOf\":{\"@id\":\"https:\/\/beebipood.ee\/ru\/#website\"},\"primaryImageOfPage\":{\"@id\":\"https:\/\/beebipood.ee\/ru\/produkt\/maxi-cosi-kore-i-size-turvatool-authentic-black\/#primaryimage\"},\"image\":{\"@id\":\"https:\/\/beebipood.ee\/ru\/produkt\/maxi-cosi-kore-i-size-turvatool-authentic-black\/#primaryimage\"},\"thumbnailUrl\":\"https:\/\/beebipood.ee\/wp-content\/uploads\/2019\/07\/MaxiCosi-Kore-iSize-turvatool-Authentic-Black-UUED-TOOTED-Turvatoolid-hallid-Turvatoolid-1536-kg-Turvavarustus_5-406-scaled.jpg\",\"datePublished\":\"2019-07-16T05:24:37+00:00\",\"dateModified\":\"2025-01-09T08:48:46+00:00\",\"description\":\"Maxi-Cosi Kore i-Size turvatool, Authentic Black, Maxi-Cosi Kore i-Size turvatool on m&otilde;eldud lastele pikkusega 100-150cm. T&auml;nu muudetavale\",\"breadcrumb\":{\"@id\":\"https:\/\/beebipood.ee\/ru\/produkt\/maxi-cosi-kore-i-size-turvatool-authentic-black\/#breadcrumb\"},\"inLanguage\":\"ru-RU\",\"potentialAction\":[{\"@type\":\"ReadAction\",\"target\":[\"https:\/\/beebipood.ee\/ru\/produkt\/maxi-cosi-kore-i-size-turvatool-authentic-black\/\"]}]},{\"@type\":\"ImageObject\",\"inLanguage\":\"ru-RU\",\"@id\":\"https:\/\/beebipood.ee\/ru\/produkt\/maxi-cosi-kore-i-size-turvatool-authentic-black\/#primaryimage\",\"url\":\"https:\/\/beebipood.ee\/wp-content\/uploads\/2019\/07\/MaxiCosi-Kore-iSize-turvatool-Authentic-Black-UUED-TOOTED-Turvatoolid-hallid-Turvatoolid-1536-kg-Turvavarustus_5-406-scaled.jpg\",\"contentUrl\":\"https:\/\/beebipood.ee\/wp-content\/uploads\/2019\/07\/MaxiCosi-Kore-iSize-turvatool-Authentic-Black-UUED-TOOTED-Turvatoolid-hallid-Turvatoolid-1536-kg-Turvavarustus_5-406-scaled.jpg\",\"width\":2560,\"height\":2560},{\"@type\":\"BreadcrumbList\",\"@id\":\"https:\/\/beebipood.ee\/ru\/produkt\/maxi-cosi-kore-i-size-turvatool-authentic-black\/#breadcrumb\",\"itemListElement\":[{\"@type\":\"ListItem\",\"position\":1,\"name\":\"Home\",\"item\":\"https:\/\/beebipood.ee\/ru\/\"},{\"@type\":\"ListItem\",\"position\":2,\"name\":\"\u041a\u0430\u0442\u0430\u043b\u043e\u0433 \u0442\u043e\u0432\u0430\u0440\u043e\u0432\",\"item\":\"https:\/\/beebipood.ee\/tooted\/\"},{\"@type\":\"ListItem\",\"position\":3,\"name\":\"Maxi-Cosi Kore i-Size turvatool, Authentic Black\"}]},{\"@type\":\"WebSite\",\"@id\":\"https:\/\/beebipood.ee\/ru\/#website\",\"url\":\"https:\/\/beebipood.ee\/ru\/\",\"name\":\"Beebipood\",\"description\":\"Lastekaubad, beebikaubad, m\u00e4nguasjad\",\"publisher\":{\"@id\":\"https:\/\/beebipood.ee\/ru\/#organization\"},\"potentialAction\":[{\"@type\":\"SearchAction\",\"target\":{\"@type\":\"EntryPoint\",\"urlTemplate\":\"https:\/\/beebipood.ee\/ru\/?s={search_term_string}\"},\"query-input\":{\"@type\":\"PropertyValueSpecification\",\"valueRequired\":true,\"valueName\":\"search_term_string\"}}],\"inLanguage\":\"ru-RU\"},{\"@type\":\"Organization\",\"@id\":\"https:\/\/beebipood.ee\/ru\/#organization\",\"name\":\"Beebipood\",\"url\":\"https:\/\/beebipood.ee\/ru\/\",\"logo\":{\"@type\":\"ImageObject\",\"inLanguage\":\"ru-RU\",\"@id\":\"https:\/\/beebipood.ee\/ru\/#\/schema\/logo\/image\/\",\"url\":\"https:\/\/beebipood.ee\/wp-content\/uploads\/2025\/03\/beebipood.ee-logo-1.svg\",\"contentUrl\":\"https:\/\/beebipood.ee\/wp-content\/uploads\/2025\/03\/beebipood.ee-logo-1.svg\",\"caption\":\"Beebipood\"},\"image\":{\"@id\":\"https:\/\/beebipood.ee\/ru\/#\/schema\/logo\/image\/\"}}]}<\/script>\n<!-- \/ Yoast SEO plugin. -->","yoast_head_json":{"title":"Maxi-Cosi Kore i-Size turvatool, Authentic Black, \u0421\u041a\u0418\u0414\u041a\u0418, \u0410\u0432\u0442\u043e\u043a\u0440\u0435\u0441\u043b\u0430, \u043b\u044e\u043b\u044c\u043a\u0438, \u0410\u0432\u0442\u043e\u043a\u0440\u0435\u0441\u043b\u0430 15-36 \u043a\u0433, \u0421\u043d\u0430\u0440\u044f\u0436\u0435\u043d\u0438\u044f \u0431\u0435\u0437\u043e\u043f\u0430\u0441\u043d\u043e\u0441\u0442\u0438, Maxi-Cosi -15%, Beebipood","description":"Maxi-Cosi Kore i-Size turvatool, Authentic Black, Maxi-Cosi Kore i-Size turvatool on m&otilde;eldud lastele pikkusega 100-150cm. T&auml;nu muudetavale","robots":{"index":"index","follow":"follow","max-snippet":"max-snippet:-1","max-image-preview":"max-image-preview:large","max-video-preview":"max-video-preview:-1"},"canonical":"https:\/\/beebipood.ee\/ru\/produkt\/maxi-cosi-kore-i-size-turvatool-authentic-black\/","og_locale":"ru_RU","og_type":"article","og_title":"Maxi-Cosi Kore i-Size turvatool, Authentic Black, \u0421\u041a\u0418\u0414\u041a\u0418, \u0410\u0432\u0442\u043e\u043a\u0440\u0435\u0441\u043b\u0430, \u043b\u044e\u043b\u044c\u043a\u0438, \u0410\u0432\u0442\u043e\u043a\u0440\u0435\u0441\u043b\u0430 15-36 \u043a\u0433, \u0421\u043d\u0430\u0440\u044f\u0436\u0435\u043d\u0438\u044f \u0431\u0435\u0437\u043e\u043f\u0430\u0441\u043d\u043e\u0441\u0442\u0438, Maxi-Cosi -15%, Beebipood","og_description":"Maxi-Cosi Kore i-Size turvatool, Authentic Black, Maxi-Cosi Kore i-Size turvatool on m&otilde;eldud lastele pikkusega 100-150cm. T&auml;nu muudetavale","og_url":"https:\/\/beebipood.ee\/ru\/produkt\/maxi-cosi-kore-i-size-turvatool-authentic-black\/","og_site_name":"Beebipood","article_modified_time":"2025-01-09T08:48:46+00:00","og_image":[{"width":2560,"height":2560,"url":"https:\/\/beebipood.ee\/wp-content\/uploads\/2019\/07\/MaxiCosi-Kore-iSize-turvatool-Authentic-Black-UUED-TOOTED-Turvatoolid-hallid-Turvatoolid-1536-kg-Turvavarustus_5-406-scaled.jpg","type":"image\/jpeg"}],"twitter_card":"summary_large_image","twitter_misc":{"\u041f\u0440\u0438\u043c\u0435\u0440\u043d\u043e\u0435 \u0432\u0440\u0435\u043c\u044f \u0434\u043b\u044f \u0447\u0442\u0435\u043d\u0438\u044f":"1 \u043c\u0438\u043d\u0443\u0442\u0430"},"schema":{"@context":"https:\/\/schema.org","@graph":[{"@type":"WebPage","@id":"https:\/\/beebipood.ee\/ru\/produkt\/maxi-cosi-kore-i-size-turvatool-authentic-black\/","url":"https:\/\/beebipood.ee\/ru\/produkt\/maxi-cosi-kore-i-size-turvatool-authentic-black\/","name":"Maxi-Cosi Kore i-Size turvatool, Authentic Black, \u0421\u041a\u0418\u0414\u041a\u0418, \u0410\u0432\u0442\u043e\u043a\u0440\u0435\u0441\u043b\u0430, \u043b\u044e\u043b\u044c\u043a\u0438, \u0410\u0432\u0442\u043e\u043a\u0440\u0435\u0441\u043b\u0430 15-36 \u043a\u0433, \u0421\u043d\u0430\u0440\u044f\u0436\u0435\u043d\u0438\u044f \u0431\u0435\u0437\u043e\u043f\u0430\u0441\u043d\u043e\u0441\u0442\u0438, Maxi-Cosi -15%, Beebipood","isPartOf":{"@id":"https:\/\/beebipood.ee\/ru\/#website"},"primaryImageOfPage":{"@id":"https:\/\/beebipood.ee\/ru\/produkt\/maxi-cosi-kore-i-size-turvatool-authentic-black\/#primaryimage"},"image":{"@id":"https:\/\/beebipood.ee\/ru\/produkt\/maxi-cosi-kore-i-size-turvatool-authentic-black\/#primaryimage"},"thumbnailUrl":"https:\/\/beebipood.ee\/wp-content\/uploads\/2019\/07\/MaxiCosi-Kore-iSize-turvatool-Authentic-Black-UUED-TOOTED-Turvatoolid-hallid-Turvatoolid-1536-kg-Turvavarustus_5-406-scaled.jpg","datePublished":"2019-07-16T05:24:37+00:00","dateModified":"2025-01-09T08:48:46+00:00","description":"Maxi-Cosi Kore i-Size turvatool, Authentic Black, Maxi-Cosi Kore i-Size turvatool on m&otilde;eldud lastele pikkusega 100-150cm. T&auml;nu muudetavale","breadcrumb":{"@id":"https:\/\/beebipood.ee\/ru\/produkt\/maxi-cosi-kore-i-size-turvatool-authentic-black\/#breadcrumb"},"inLanguage":"ru-RU","potentialAction":[{"@type":"ReadAction","target":["https:\/\/beebipood.ee\/ru\/produkt\/maxi-cosi-kore-i-size-turvatool-authentic-black\/"]}]},{"@type":"ImageObject","inLanguage":"ru-RU","@id":"https:\/\/beebipood.ee\/ru\/produkt\/maxi-cosi-kore-i-size-turvatool-authentic-black\/#primaryimage","url":"https:\/\/beebipood.ee\/wp-content\/uploads\/2019\/07\/MaxiCosi-Kore-iSize-turvatool-Authentic-Black-UUED-TOOTED-Turvatoolid-hallid-Turvatoolid-1536-kg-Turvavarustus_5-406-scaled.jpg","contentUrl":"https:\/\/beebipood.ee\/wp-content\/uploads\/2019\/07\/MaxiCosi-Kore-iSize-turvatool-Authentic-Black-UUED-TOOTED-Turvatoolid-hallid-Turvatoolid-1536-kg-Turvavarustus_5-406-scaled.jpg","width":2560,"height":2560},{"@type":"BreadcrumbList","@id":"https:\/\/beebipood.ee\/ru\/produkt\/maxi-cosi-kore-i-size-turvatool-authentic-black\/#breadcrumb","itemListElement":[{"@type":"ListItem","position":1,"name":"Home","item":"https:\/\/beebipood.ee\/ru\/"},{"@type":"ListItem","position":2,"name":"\u041a\u0430\u0442\u0430\u043b\u043e\u0433 \u0442\u043e\u0432\u0430\u0440\u043e\u0432","item":"https:\/\/beebipood.ee\/tooted\/"},{"@type":"ListItem","position":3,"name":"Maxi-Cosi Kore i-Size turvatool, Authentic Black"}]},{"@type":"WebSite","@id":"https:\/\/beebipood.ee\/ru\/#website","url":"https:\/\/beebipood.ee\/ru\/","name":"Beebipood","description":"Lastekaubad, beebikaubad, m\u00e4nguasjad","publisher":{"@id":"https:\/\/beebipood.ee\/ru\/#organization"},"potentialAction":[{"@type":"SearchAction","target":{"@type":"EntryPoint","urlTemplate":"https:\/\/beebipood.ee\/ru\/?s={search_term_string}"},"query-input":{"@type":"PropertyValueSpecification","valueRequired":true,"valueName":"search_term_string"}}],"inLanguage":"ru-RU"},{"@type":"Organization","@id":"https:\/\/beebipood.ee\/ru\/#organization","name":"Beebipood","url":"https:\/\/beebipood.ee\/ru\/","logo":{"@type":"ImageObject","inLanguage":"ru-RU","@id":"https:\/\/beebipood.ee\/ru\/#\/schema\/logo\/image\/","url":"https:\/\/beebipood.ee\/wp-content\/uploads\/2025\/03\/beebipood.ee-logo-1.svg","contentUrl":"https:\/\/beebipood.ee\/wp-content\/uploads\/2025\/03\/beebipood.ee-logo-1.svg","caption":"Beebipood"},"image":{"@id":"https:\/\/beebipood.ee\/ru\/#\/schema\/logo\/image\/"}}]}},"brands":[{"id":11961,"name":"Maxi-Cosi","slug":"maxi-cosi-ru"}],"_links":{"self":[{"href":"https:\/\/beebipood.ee\/ru\/wp-json\/wp\/v2\/product\/458789","targetHints":{"allow":["GET"]}}],"collection":[{"href":"https:\/\/beebipood.ee\/ru\/wp-json\/wp\/v2\/product"}],"about":[{"href":"https:\/\/beebipood.ee\/ru\/wp-json\/wp\/v2\/types\/product"}],"wp:featuredmedia":[{"embeddable":true,"href":"https:\/\/beebipood.ee\/ru\/wp-json\/wp\/v2\/media\/130621"}],"wp:attachment":[{"href":"https:\/\/beebipood.ee\/ru\/wp-json\/wp\/v2\/media?parent=458789"}],"wp:term":[{"taxonomy":"pwb-brand","embeddable":true,"href":"https:\/\/beebipood.ee\/ru\/wp-json\/wp\/v2\/pwb-brand?post=458789"},{"taxonomy":"product_brand","embeddable":true,"href":"https:\/\/beebipood.ee\/ru\/wp-json\/wp\/v2\/product_brand?post=458789"},{"taxonomy":"product_cat","embeddable":true,"href":"https:\/\/beebipood.ee\/ru\/wp-json\/wp\/v2\/product_cat?post=458789"},{"taxonomy":"product_tag","embeddable":true,"href":"https:\/\/beebipood.ee\/ru\/wp-json\/wp\/v2\/product_tag?post=458789"}],"curies":[{"name":"wp","href":"https:\/\/api.w.org\/{rel}","templated":true}]}}