{"id":458807,"date":"2019-07-24T06:25:07","date_gmt":"2019-07-24T03:25:07","guid":{"rendered":"https:\/\/beebipood.ee\/toode\/kirjutuslaud-sofie-valge-pook\/"},"modified":"2025-09-28T12:02:50","modified_gmt":"2025-09-28T09:02:50","slug":"kirjutuslaud-sofie-valge-pook","status":"publish","type":"product","link":"https:\/\/beebipood.ee\/ru\/produkt\/kirjutuslaud-sofie-valge-pook\/","title":{"rendered":"Kirjutuslaud Sofie valge\/p\u00f6\u00f6k"},"content":{"rendered":"<p>* SOFIE kirjutuslaud on kaasaegne, funktsionaalne ja esteetiliselt viimistletud <br \/>* sobib nii laste kui ka vanemate tuppa <br \/>* valge ja p\u00f6\u00f6ki uuenduslik kombinatsioon kaunistab iga tuba <br \/>* naturaalsest m\u00e4nnipuidust ja m\u00f6\u00f6bliplaadist laud<br \/>* viimistlus: valge\/p\u00f6\u00f6k ja nat.lakk<br \/>* kolm lisatarvikute konteinerit ja mugav s\u00fclearvuti sahtel <br \/>* viimistlemisel on kasutatud ainult vee baasil v\u00e4rve ja lakke<br \/>* toode vastab k\u00f5ikidele EN turvastandarditele<\/p>\n","protected":false},"excerpt":{"rendered":"<p>* SOFIE kirjutuslaud on kaasaegne, funktsionaalne ja esteetiliselt viimistletud * sobib nii laste kui ka vanemate tuppa * valge ja p\u00f6\u00f6ki uuenduslik kombinatsioon kaunistab iga tuba * naturaalsest m\u00e4nnipuidust ja m\u00f6\u00f6bliplaadist laud* viimistlus: valge\/p\u00f6\u00f6k ja nat.lakk* kolm lisatarvikute konteinerit ja mugav s\u00fclearvuti sahtel * viimistlemisel on kasutatud ainult vee baasil v\u00e4rve ja lakke* toode vastab [&hellip;]<\/p>\n","protected":false},"featured_media":130704,"template":"","meta":{"_acf_changed":false},"pwb-brand":[11946],"product_brand":[],"product_cat":[11647,11657,11659,11789],"product_tag":[],"class_list":{"0":"post-458807","1":"product","2":"type-product","3":"status-publish","4":"has-post-thumbnail","6":"pwb-brand-klups-ru","7":"product_cat-lastelauad-toolid-arvuti-ja-kirjutuslauad-ru","8":"product_cat-arvutilauad-ru","9":"product_cat-kirjutuslauad-ru","10":"product_cat-lastemoobel-ja-sisustus-ru","11":"pa_manufacturer-klups-ru","13":"first","14":"onbackorder","15":"sale","16":"taxable","17":"shipping-taxable","18":"purchasable","19":"product-type-simple"},"exclude_global_add_ons":[],"addons":[],"acf":[],"yoast_head":"<!-- This site is optimized with the Yoast SEO plugin v27.1.1 - https:\/\/yoast.com\/product\/yoast-seo-wordpress\/ -->\n<title>Kirjutuslaud Sofie valge\/p\u00f6\u00f6k, \u0414\u0435\u0442\u0441\u043a\u0438\u0435 \u0441\u0442\u043e\u043b\u044b, \u0441\u0442\u0443\u043b\u044c\u044f, \u043f\u0438\u0441\u044c\u043c\u0435\u043d\u043d\u044b\u0435 \u0441\u0442\u043e\u043b\u044b, \u041a\u043e\u043c\u043f\u044c\u044e\u0442\u0435\u0440\u043d\u044b\u0439 \u0441\u0442\u043e\u043b, \u041f\u0438\u0441\u044c\u043c\u0435\u043d\u043d\u044b\u0439 \u0441\u0442\u043e\u043b , M\u0435\u0431\u0435\u043b\u044c, Beebipood<\/title>\n<meta name=\"description\" content=\"Kirjutuslaud Sofie valge\/p\u00f6\u00f6k, * SOFIE kirjutuslaud on kaasaegne, funktsionaalne ja esteetiliselt viimistletud * sobib nii laste kui ka vanemate tupp\" \/>\n<meta name=\"robots\" content=\"index, follow, max-snippet:-1, max-image-preview:large, max-video-preview:-1\" \/>\n<link rel=\"canonical\" href=\"https:\/\/beebipood.ee\/ru\/produkt\/kirjutuslaud-sofie-valge-pook\/\" \/>\n<meta property=\"og:locale\" content=\"ru_RU\" \/>\n<meta property=\"og:type\" content=\"article\" \/>\n<meta property=\"og:title\" content=\"Kirjutuslaud Sofie valge\/p\u00f6\u00f6k, \u0414\u0435\u0442\u0441\u043a\u0438\u0435 \u0441\u0442\u043e\u043b\u044b, \u0441\u0442\u0443\u043b\u044c\u044f, \u043f\u0438\u0441\u044c\u043c\u0435\u043d\u043d\u044b\u0435 \u0441\u0442\u043e\u043b\u044b, \u041a\u043e\u043c\u043f\u044c\u044e\u0442\u0435\u0440\u043d\u044b\u0439 \u0441\u0442\u043e\u043b, \u041f\u0438\u0441\u044c\u043c\u0435\u043d\u043d\u044b\u0439 \u0441\u0442\u043e\u043b , M\u0435\u0431\u0435\u043b\u044c, Beebipood\" \/>\n<meta property=\"og:description\" content=\"Kirjutuslaud Sofie valge\/p\u00f6\u00f6k, * SOFIE kirjutuslaud on kaasaegne, funktsionaalne ja esteetiliselt viimistletud * sobib nii laste kui ka vanemate tupp\" \/>\n<meta property=\"og:url\" content=\"https:\/\/beebipood.ee\/ru\/produkt\/kirjutuslaud-sofie-valge-pook\/\" \/>\n<meta property=\"og:site_name\" content=\"Beebipood\" \/>\n<meta property=\"article:modified_time\" content=\"2025-09-28T09:02:50+00:00\" \/>\n<meta property=\"og:image\" content=\"https:\/\/beebipood.ee\/wp-content\/uploads\/2019\/07\/Kirjutuslaud-Sofie-valgepook-Kummutid-kastid-Kummutid-Lastemoobel-ja-sisustus_3-60b.jpg\" \/>\n\t<meta property=\"og:image:width\" content=\"1000\" \/>\n\t<meta property=\"og:image:height\" content=\"1000\" \/>\n\t<meta property=\"og:image:type\" content=\"image\/jpeg\" \/>\n<meta name=\"twitter:card\" content=\"summary_large_image\" \/>\n<script type=\"application\/ld+json\" class=\"yoast-schema-graph\">{\"@context\":\"https:\/\/schema.org\",\"@graph\":[{\"@type\":\"WebPage\",\"@id\":\"https:\/\/beebipood.ee\/ru\/produkt\/kirjutuslaud-sofie-valge-pook\/\",\"url\":\"https:\/\/beebipood.ee\/ru\/produkt\/kirjutuslaud-sofie-valge-pook\/\",\"name\":\"Kirjutuslaud Sofie valge\/p\u00f6\u00f6k, \u0414\u0435\u0442\u0441\u043a\u0438\u0435 \u0441\u0442\u043e\u043b\u044b, \u0441\u0442\u0443\u043b\u044c\u044f, \u043f\u0438\u0441\u044c\u043c\u0435\u043d\u043d\u044b\u0435 \u0441\u0442\u043e\u043b\u044b, \u041a\u043e\u043c\u043f\u044c\u044e\u0442\u0435\u0440\u043d\u044b\u0439 \u0441\u0442\u043e\u043b, \u041f\u0438\u0441\u044c\u043c\u0435\u043d\u043d\u044b\u0439 \u0441\u0442\u043e\u043b , M\u0435\u0431\u0435\u043b\u044c, Beebipood\",\"isPartOf\":{\"@id\":\"https:\/\/beebipood.ee\/ru\/#website\"},\"primaryImageOfPage\":{\"@id\":\"https:\/\/beebipood.ee\/ru\/produkt\/kirjutuslaud-sofie-valge-pook\/#primaryimage\"},\"image\":{\"@id\":\"https:\/\/beebipood.ee\/ru\/produkt\/kirjutuslaud-sofie-valge-pook\/#primaryimage\"},\"thumbnailUrl\":\"https:\/\/beebipood.ee\/wp-content\/uploads\/2019\/07\/Kirjutuslaud-Sofie-valgepook-Kummutid-kastid-Kummutid-Lastemoobel-ja-sisustus_3-60b.jpg\",\"datePublished\":\"2019-07-24T03:25:07+00:00\",\"dateModified\":\"2025-09-28T09:02:50+00:00\",\"description\":\"Kirjutuslaud Sofie valge\/p\u00f6\u00f6k, * SOFIE kirjutuslaud on kaasaegne, funktsionaalne ja esteetiliselt viimistletud * sobib nii laste kui ka vanemate tupp\",\"breadcrumb\":{\"@id\":\"https:\/\/beebipood.ee\/ru\/produkt\/kirjutuslaud-sofie-valge-pook\/#breadcrumb\"},\"inLanguage\":\"ru-RU\",\"potentialAction\":[{\"@type\":\"ReadAction\",\"target\":[\"https:\/\/beebipood.ee\/ru\/produkt\/kirjutuslaud-sofie-valge-pook\/\"]}]},{\"@type\":\"ImageObject\",\"inLanguage\":\"ru-RU\",\"@id\":\"https:\/\/beebipood.ee\/ru\/produkt\/kirjutuslaud-sofie-valge-pook\/#primaryimage\",\"url\":\"https:\/\/beebipood.ee\/wp-content\/uploads\/2019\/07\/Kirjutuslaud-Sofie-valgepook-Kummutid-kastid-Kummutid-Lastemoobel-ja-sisustus_3-60b.jpg\",\"contentUrl\":\"https:\/\/beebipood.ee\/wp-content\/uploads\/2019\/07\/Kirjutuslaud-Sofie-valgepook-Kummutid-kastid-Kummutid-Lastemoobel-ja-sisustus_3-60b.jpg\",\"width\":1000,\"height\":1000},{\"@type\":\"BreadcrumbList\",\"@id\":\"https:\/\/beebipood.ee\/ru\/produkt\/kirjutuslaud-sofie-valge-pook\/#breadcrumb\",\"itemListElement\":[{\"@type\":\"ListItem\",\"position\":1,\"name\":\"Home\",\"item\":\"https:\/\/beebipood.ee\/ru\/\"},{\"@type\":\"ListItem\",\"position\":2,\"name\":\"\u041a\u0430\u0442\u0430\u043b\u043e\u0433 \u0442\u043e\u0432\u0430\u0440\u043e\u0432\",\"item\":\"https:\/\/beebipood.ee\/tooted\/\"},{\"@type\":\"ListItem\",\"position\":3,\"name\":\"Kirjutuslaud Sofie valge\/p\u00f6\u00f6k\"}]},{\"@type\":\"WebSite\",\"@id\":\"https:\/\/beebipood.ee\/ru\/#website\",\"url\":\"https:\/\/beebipood.ee\/ru\/\",\"name\":\"Beebipood\",\"description\":\"Lastekaubad, beebikaubad, m\u00e4nguasjad\",\"publisher\":{\"@id\":\"https:\/\/beebipood.ee\/ru\/#organization\"},\"potentialAction\":[{\"@type\":\"SearchAction\",\"target\":{\"@type\":\"EntryPoint\",\"urlTemplate\":\"https:\/\/beebipood.ee\/ru\/?s={search_term_string}\"},\"query-input\":{\"@type\":\"PropertyValueSpecification\",\"valueRequired\":true,\"valueName\":\"search_term_string\"}}],\"inLanguage\":\"ru-RU\"},{\"@type\":\"Organization\",\"@id\":\"https:\/\/beebipood.ee\/ru\/#organization\",\"name\":\"Beebipood\",\"url\":\"https:\/\/beebipood.ee\/ru\/\",\"logo\":{\"@type\":\"ImageObject\",\"inLanguage\":\"ru-RU\",\"@id\":\"https:\/\/beebipood.ee\/ru\/#\/schema\/logo\/image\/\",\"url\":\"https:\/\/beebipood.ee\/wp-content\/uploads\/2025\/03\/beebipood.ee-logo-1.svg\",\"contentUrl\":\"https:\/\/beebipood.ee\/wp-content\/uploads\/2025\/03\/beebipood.ee-logo-1.svg\",\"caption\":\"Beebipood\"},\"image\":{\"@id\":\"https:\/\/beebipood.ee\/ru\/#\/schema\/logo\/image\/\"}}]}<\/script>\n<!-- \/ Yoast SEO plugin. -->","yoast_head_json":{"title":"Kirjutuslaud Sofie valge\/p\u00f6\u00f6k, \u0414\u0435\u0442\u0441\u043a\u0438\u0435 \u0441\u0442\u043e\u043b\u044b, \u0441\u0442\u0443\u043b\u044c\u044f, \u043f\u0438\u0441\u044c\u043c\u0435\u043d\u043d\u044b\u0435 \u0441\u0442\u043e\u043b\u044b, \u041a\u043e\u043c\u043f\u044c\u044e\u0442\u0435\u0440\u043d\u044b\u0439 \u0441\u0442\u043e\u043b, \u041f\u0438\u0441\u044c\u043c\u0435\u043d\u043d\u044b\u0439 \u0441\u0442\u043e\u043b , M\u0435\u0431\u0435\u043b\u044c, Beebipood","description":"Kirjutuslaud Sofie valge\/p\u00f6\u00f6k, * SOFIE kirjutuslaud on kaasaegne, funktsionaalne ja esteetiliselt viimistletud * sobib nii laste kui ka vanemate tupp","robots":{"index":"index","follow":"follow","max-snippet":"max-snippet:-1","max-image-preview":"max-image-preview:large","max-video-preview":"max-video-preview:-1"},"canonical":"https:\/\/beebipood.ee\/ru\/produkt\/kirjutuslaud-sofie-valge-pook\/","og_locale":"ru_RU","og_type":"article","og_title":"Kirjutuslaud Sofie valge\/p\u00f6\u00f6k, \u0414\u0435\u0442\u0441\u043a\u0438\u0435 \u0441\u0442\u043e\u043b\u044b, \u0441\u0442\u0443\u043b\u044c\u044f, \u043f\u0438\u0441\u044c\u043c\u0435\u043d\u043d\u044b\u0435 \u0441\u0442\u043e\u043b\u044b, \u041a\u043e\u043c\u043f\u044c\u044e\u0442\u0435\u0440\u043d\u044b\u0439 \u0441\u0442\u043e\u043b, \u041f\u0438\u0441\u044c\u043c\u0435\u043d\u043d\u044b\u0439 \u0441\u0442\u043e\u043b , M\u0435\u0431\u0435\u043b\u044c, Beebipood","og_description":"Kirjutuslaud Sofie valge\/p\u00f6\u00f6k, * SOFIE kirjutuslaud on kaasaegne, funktsionaalne ja esteetiliselt viimistletud * sobib nii laste kui ka vanemate tupp","og_url":"https:\/\/beebipood.ee\/ru\/produkt\/kirjutuslaud-sofie-valge-pook\/","og_site_name":"Beebipood","article_modified_time":"2025-09-28T09:02:50+00:00","og_image":[{"width":1000,"height":1000,"url":"https:\/\/beebipood.ee\/wp-content\/uploads\/2019\/07\/Kirjutuslaud-Sofie-valgepook-Kummutid-kastid-Kummutid-Lastemoobel-ja-sisustus_3-60b.jpg","type":"image\/jpeg"}],"twitter_card":"summary_large_image","schema":{"@context":"https:\/\/schema.org","@graph":[{"@type":"WebPage","@id":"https:\/\/beebipood.ee\/ru\/produkt\/kirjutuslaud-sofie-valge-pook\/","url":"https:\/\/beebipood.ee\/ru\/produkt\/kirjutuslaud-sofie-valge-pook\/","name":"Kirjutuslaud Sofie valge\/p\u00f6\u00f6k, \u0414\u0435\u0442\u0441\u043a\u0438\u0435 \u0441\u0442\u043e\u043b\u044b, \u0441\u0442\u0443\u043b\u044c\u044f, \u043f\u0438\u0441\u044c\u043c\u0435\u043d\u043d\u044b\u0435 \u0441\u0442\u043e\u043b\u044b, \u041a\u043e\u043c\u043f\u044c\u044e\u0442\u0435\u0440\u043d\u044b\u0439 \u0441\u0442\u043e\u043b, \u041f\u0438\u0441\u044c\u043c\u0435\u043d\u043d\u044b\u0439 \u0441\u0442\u043e\u043b , M\u0435\u0431\u0435\u043b\u044c, Beebipood","isPartOf":{"@id":"https:\/\/beebipood.ee\/ru\/#website"},"primaryImageOfPage":{"@id":"https:\/\/beebipood.ee\/ru\/produkt\/kirjutuslaud-sofie-valge-pook\/#primaryimage"},"image":{"@id":"https:\/\/beebipood.ee\/ru\/produkt\/kirjutuslaud-sofie-valge-pook\/#primaryimage"},"thumbnailUrl":"https:\/\/beebipood.ee\/wp-content\/uploads\/2019\/07\/Kirjutuslaud-Sofie-valgepook-Kummutid-kastid-Kummutid-Lastemoobel-ja-sisustus_3-60b.jpg","datePublished":"2019-07-24T03:25:07+00:00","dateModified":"2025-09-28T09:02:50+00:00","description":"Kirjutuslaud Sofie valge\/p\u00f6\u00f6k, * SOFIE kirjutuslaud on kaasaegne, funktsionaalne ja esteetiliselt viimistletud * sobib nii laste kui ka vanemate tupp","breadcrumb":{"@id":"https:\/\/beebipood.ee\/ru\/produkt\/kirjutuslaud-sofie-valge-pook\/#breadcrumb"},"inLanguage":"ru-RU","potentialAction":[{"@type":"ReadAction","target":["https:\/\/beebipood.ee\/ru\/produkt\/kirjutuslaud-sofie-valge-pook\/"]}]},{"@type":"ImageObject","inLanguage":"ru-RU","@id":"https:\/\/beebipood.ee\/ru\/produkt\/kirjutuslaud-sofie-valge-pook\/#primaryimage","url":"https:\/\/beebipood.ee\/wp-content\/uploads\/2019\/07\/Kirjutuslaud-Sofie-valgepook-Kummutid-kastid-Kummutid-Lastemoobel-ja-sisustus_3-60b.jpg","contentUrl":"https:\/\/beebipood.ee\/wp-content\/uploads\/2019\/07\/Kirjutuslaud-Sofie-valgepook-Kummutid-kastid-Kummutid-Lastemoobel-ja-sisustus_3-60b.jpg","width":1000,"height":1000},{"@type":"BreadcrumbList","@id":"https:\/\/beebipood.ee\/ru\/produkt\/kirjutuslaud-sofie-valge-pook\/#breadcrumb","itemListElement":[{"@type":"ListItem","position":1,"name":"Home","item":"https:\/\/beebipood.ee\/ru\/"},{"@type":"ListItem","position":2,"name":"\u041a\u0430\u0442\u0430\u043b\u043e\u0433 \u0442\u043e\u0432\u0430\u0440\u043e\u0432","item":"https:\/\/beebipood.ee\/tooted\/"},{"@type":"ListItem","position":3,"name":"Kirjutuslaud Sofie valge\/p\u00f6\u00f6k"}]},{"@type":"WebSite","@id":"https:\/\/beebipood.ee\/ru\/#website","url":"https:\/\/beebipood.ee\/ru\/","name":"Beebipood","description":"Lastekaubad, beebikaubad, m\u00e4nguasjad","publisher":{"@id":"https:\/\/beebipood.ee\/ru\/#organization"},"potentialAction":[{"@type":"SearchAction","target":{"@type":"EntryPoint","urlTemplate":"https:\/\/beebipood.ee\/ru\/?s={search_term_string}"},"query-input":{"@type":"PropertyValueSpecification","valueRequired":true,"valueName":"search_term_string"}}],"inLanguage":"ru-RU"},{"@type":"Organization","@id":"https:\/\/beebipood.ee\/ru\/#organization","name":"Beebipood","url":"https:\/\/beebipood.ee\/ru\/","logo":{"@type":"ImageObject","inLanguage":"ru-RU","@id":"https:\/\/beebipood.ee\/ru\/#\/schema\/logo\/image\/","url":"https:\/\/beebipood.ee\/wp-content\/uploads\/2025\/03\/beebipood.ee-logo-1.svg","contentUrl":"https:\/\/beebipood.ee\/wp-content\/uploads\/2025\/03\/beebipood.ee-logo-1.svg","caption":"Beebipood"},"image":{"@id":"https:\/\/beebipood.ee\/ru\/#\/schema\/logo\/image\/"}}]}},"brands":[{"id":11946,"name":"Klups","slug":"klups-ru"}],"_links":{"self":[{"href":"https:\/\/beebipood.ee\/ru\/wp-json\/wp\/v2\/product\/458807","targetHints":{"allow":["GET"]}}],"collection":[{"href":"https:\/\/beebipood.ee\/ru\/wp-json\/wp\/v2\/product"}],"about":[{"href":"https:\/\/beebipood.ee\/ru\/wp-json\/wp\/v2\/types\/product"}],"wp:featuredmedia":[{"embeddable":true,"href":"https:\/\/beebipood.ee\/ru\/wp-json\/wp\/v2\/media\/130704"}],"wp:attachment":[{"href":"https:\/\/beebipood.ee\/ru\/wp-json\/wp\/v2\/media?parent=458807"}],"wp:term":[{"taxonomy":"pwb-brand","embeddable":true,"href":"https:\/\/beebipood.ee\/ru\/wp-json\/wp\/v2\/pwb-brand?post=458807"},{"taxonomy":"product_brand","embeddable":true,"href":"https:\/\/beebipood.ee\/ru\/wp-json\/wp\/v2\/product_brand?post=458807"},{"taxonomy":"product_cat","embeddable":true,"href":"https:\/\/beebipood.ee\/ru\/wp-json\/wp\/v2\/product_cat?post=458807"},{"taxonomy":"product_tag","embeddable":true,"href":"https:\/\/beebipood.ee\/ru\/wp-json\/wp\/v2\/product_tag?post=458807"}],"curies":[{"name":"wp","href":"https:\/\/api.w.org\/{rel}","templated":true}]}}