{"id":458831,"date":"2019-08-20T13:25:49","date_gmt":"2019-08-20T10:25:49","guid":{"rendered":"https:\/\/beebipood.ee\/toode\/baby-brezza-one-step-food-maker-deluxe-auruti-kannmikser\/"},"modified":"2025-01-09T10:48:44","modified_gmt":"2025-01-09T08:48:44","slug":"baby-brezza-one-step-food-maker-deluxe-auruti-kannmikser","status":"publish","type":"product","link":"https:\/\/beebipood.ee\/ru\/produkt\/baby-brezza-one-step-food-maker-deluxe-auruti-kannmikser\/","title":{"rendered":"Baby Brezza One Step Food Maker Deluxe, auruti-kannmikser"},"content":{"rendered":"<p>Baby Brezza One Step Food Maker Deluxe saate lihtsalt valmistada koduseid imikutoite. <br \/>Aurutage ja segage automaatselt kuni 3 tassi imikutoitu \u00fche nupuvajutusega <br \/>Komplekti kuulub 3 korduvkasutatavat toidukotti ja t\u00e4itelehtrit kasutamise lihtsustamiseks.<\/p>\n<p>Aurutage ja segage automaatselt \u00fches kausis \u00fche nupuvajutusega kuni 3 tassi toitu<br \/>Teeb koduseid imikutoite vaid 10 minutiga<br \/>Ainulaadne Viper Blade segab toidu beebi jaoks t\u00e4pselt ja t\u00e4iusliku konsistentsini<br \/>Lihtsall kasutatav juhtpaneeli millel on 3 seadet<br \/>Aurupaagi saab h\u00f5lpsaks puhastamiseks t\u00e4ielikult avada<br \/>Terviklik kodus\u00fcsteem imikutoidu valmistamiseks, hoidmiseks ja serveerimiseks<br \/>Sisaldab:<br \/>3 korduvkasutatavat toidukotti<br \/>T\u00e4itelehtrid<br \/><span>N\u00f5udepesumasina kindel\u00a0kauss ja tera<\/span><br \/>BPA-vaba plastik<\/p>\n<p>Eestikeelse juhendi leiad: <a href=\"https:\/\/cdn.shopify.com\/s\/files\/1\/1465\/2384\/files\/FMD_IM_EU_ESTONIAN_190612.pdf?46917\">SIIT<\/a><\/p>\n","protected":false},"excerpt":{"rendered":"<p>Baby Brezza One Step Food Maker Deluxe saate lihtsalt valmistada koduseid imikutoite. Aurutage ja segage automaatselt kuni 3 tassi imikutoitu \u00fche nupuvajutusega Komplekti kuulub 3 korduvkasutatavat toidukotti ja t\u00e4itelehtrit kasutamise lihtsustamiseks. Aurutage ja segage automaatselt \u00fches kausis \u00fche nupuvajutusega kuni 3 tassi toituTeeb koduseid imikutoite vaid 10 minutigaAinulaadne Viper Blade segab toidu beebi jaoks t\u00e4pselt [&hellip;]<\/p>\n","protected":false},"featured_media":130849,"template":"","meta":{"_acf_changed":false},"pwb-brand":[11967],"product_brand":[],"product_cat":[11709,11883],"product_tag":[],"class_list":{"0":"post-458831","1":"product","2":"type-product","3":"status-publish","4":"has-post-thumbnail","6":"pwb-brand-baby-brezza-ru","7":"product_cat-sootmistoolid-beebi-ja-lastetarbed-mahkimine-hugieen-ru","8":"product_cat-toidu-valmistamine-ru","9":"pa_manufacturer-babybrezza-ru","11":"first","12":"instock","13":"taxable","14":"shipping-taxable","15":"purchasable","16":"product-type-simple"},"exclude_global_add_ons":[],"addons":[],"acf":[],"yoast_head":"<!-- This site is optimized with the Yoast SEO plugin v27.1.1 - https:\/\/yoast.com\/product\/yoast-seo-wordpress\/ -->\n<title>Baby Brezza One Step Food Maker Deluxe, auruti-kannmikser, \u0421\u041a\u0418\u0414\u041a\u0418, \u041f\u0440\u0438\u043d\u0430\u0434\u043b\u0435\u0436\u043d\u043e\u0441\u0442\u0438 \u0434\u043b\u044f \u043c\u043b\u0430\u0434\u0435\u043d\u0446\u0435\u0432, \u041f\u0440\u0438\u0433\u043e\u0442\u043e\u0432\u043b\u0435\u043d\u0438\u0435 , Beebipood<\/title>\n<meta name=\"description\" content=\"Baby Brezza One Step Food Maker Deluxe, auruti-kannmikser, Baby Brezza One Step Food Maker Deluxe saate lihtsalt valmistada koduseid imikutoite. Auruta\" \/>\n<meta name=\"robots\" content=\"index, follow, max-snippet:-1, max-image-preview:large, max-video-preview:-1\" \/>\n<link rel=\"canonical\" href=\"https:\/\/beebipood.ee\/ru\/produkt\/baby-brezza-one-step-food-maker-deluxe-auruti-kannmikser\/\" \/>\n<meta property=\"og:locale\" content=\"ru_RU\" \/>\n<meta property=\"og:type\" content=\"article\" \/>\n<meta property=\"og:title\" content=\"Baby Brezza One Step Food Maker Deluxe, auruti-kannmikser, \u0421\u041a\u0418\u0414\u041a\u0418, \u041f\u0440\u0438\u043d\u0430\u0434\u043b\u0435\u0436\u043d\u043e\u0441\u0442\u0438 \u0434\u043b\u044f \u043c\u043b\u0430\u0434\u0435\u043d\u0446\u0435\u0432, \u041f\u0440\u0438\u0433\u043e\u0442\u043e\u0432\u043b\u0435\u043d\u0438\u0435 , Beebipood\" \/>\n<meta property=\"og:description\" content=\"Baby Brezza One Step Food Maker Deluxe, auruti-kannmikser, Baby Brezza One Step Food Maker Deluxe saate lihtsalt valmistada koduseid imikutoite. Auruta\" \/>\n<meta property=\"og:url\" content=\"https:\/\/beebipood.ee\/ru\/produkt\/baby-brezza-one-step-food-maker-deluxe-auruti-kannmikser\/\" \/>\n<meta property=\"og:site_name\" content=\"Beebipood\" \/>\n<meta property=\"article:modified_time\" content=\"2025-01-09T08:48:44+00:00\" \/>\n<meta property=\"og:image\" content=\"https:\/\/beebipood.ee\/wp-content\/uploads\/2019\/08\/Baby-Brezza-One-Step-Food-Maker-Deluxe-aurutikannmikser-SOODUSPAKKUMISED-UUED-TOOTED-Beebi-ja-lastetarbed-Hugieenitarbed_7-761-scaled.jpeg\" \/>\n\t<meta property=\"og:image:width\" content=\"2560\" \/>\n\t<meta property=\"og:image:height\" content=\"2403\" \/>\n\t<meta property=\"og:image:type\" content=\"image\/jpeg\" \/>\n<meta name=\"twitter:card\" content=\"summary_large_image\" \/>\n<script type=\"application\/ld+json\" class=\"yoast-schema-graph\">{\"@context\":\"https:\/\/schema.org\",\"@graph\":[{\"@type\":\"WebPage\",\"@id\":\"https:\/\/beebipood.ee\/ru\/produkt\/baby-brezza-one-step-food-maker-deluxe-auruti-kannmikser\/\",\"url\":\"https:\/\/beebipood.ee\/ru\/produkt\/baby-brezza-one-step-food-maker-deluxe-auruti-kannmikser\/\",\"name\":\"Baby Brezza One Step Food Maker Deluxe, auruti-kannmikser, \u0421\u041a\u0418\u0414\u041a\u0418, \u041f\u0440\u0438\u043d\u0430\u0434\u043b\u0435\u0436\u043d\u043e\u0441\u0442\u0438 \u0434\u043b\u044f \u043c\u043b\u0430\u0434\u0435\u043d\u0446\u0435\u0432, \u041f\u0440\u0438\u0433\u043e\u0442\u043e\u0432\u043b\u0435\u043d\u0438\u0435 , Beebipood\",\"isPartOf\":{\"@id\":\"https:\/\/beebipood.ee\/ru\/#website\"},\"primaryImageOfPage\":{\"@id\":\"https:\/\/beebipood.ee\/ru\/produkt\/baby-brezza-one-step-food-maker-deluxe-auruti-kannmikser\/#primaryimage\"},\"image\":{\"@id\":\"https:\/\/beebipood.ee\/ru\/produkt\/baby-brezza-one-step-food-maker-deluxe-auruti-kannmikser\/#primaryimage\"},\"thumbnailUrl\":\"https:\/\/beebipood.ee\/wp-content\/uploads\/2019\/08\/Baby-Brezza-One-Step-Food-Maker-Deluxe-aurutikannmikser-SOODUSPAKKUMISED-UUED-TOOTED-Beebi-ja-lastetarbed-Hugieenitarbed_7-761-scaled.jpeg\",\"datePublished\":\"2019-08-20T10:25:49+00:00\",\"dateModified\":\"2025-01-09T08:48:44+00:00\",\"description\":\"Baby Brezza One Step Food Maker Deluxe, auruti-kannmikser, Baby Brezza One Step Food Maker Deluxe saate lihtsalt valmistada koduseid imikutoite. Auruta\",\"breadcrumb\":{\"@id\":\"https:\/\/beebipood.ee\/ru\/produkt\/baby-brezza-one-step-food-maker-deluxe-auruti-kannmikser\/#breadcrumb\"},\"inLanguage\":\"ru-RU\",\"potentialAction\":[{\"@type\":\"ReadAction\",\"target\":[\"https:\/\/beebipood.ee\/ru\/produkt\/baby-brezza-one-step-food-maker-deluxe-auruti-kannmikser\/\"]}]},{\"@type\":\"ImageObject\",\"inLanguage\":\"ru-RU\",\"@id\":\"https:\/\/beebipood.ee\/ru\/produkt\/baby-brezza-one-step-food-maker-deluxe-auruti-kannmikser\/#primaryimage\",\"url\":\"https:\/\/beebipood.ee\/wp-content\/uploads\/2019\/08\/Baby-Brezza-One-Step-Food-Maker-Deluxe-aurutikannmikser-SOODUSPAKKUMISED-UUED-TOOTED-Beebi-ja-lastetarbed-Hugieenitarbed_7-761-scaled.jpeg\",\"contentUrl\":\"https:\/\/beebipood.ee\/wp-content\/uploads\/2019\/08\/Baby-Brezza-One-Step-Food-Maker-Deluxe-aurutikannmikser-SOODUSPAKKUMISED-UUED-TOOTED-Beebi-ja-lastetarbed-Hugieenitarbed_7-761-scaled.jpeg\",\"width\":2560,\"height\":2403},{\"@type\":\"BreadcrumbList\",\"@id\":\"https:\/\/beebipood.ee\/ru\/produkt\/baby-brezza-one-step-food-maker-deluxe-auruti-kannmikser\/#breadcrumb\",\"itemListElement\":[{\"@type\":\"ListItem\",\"position\":1,\"name\":\"Home\",\"item\":\"https:\/\/beebipood.ee\/ru\/\"},{\"@type\":\"ListItem\",\"position\":2,\"name\":\"\u041a\u0430\u0442\u0430\u043b\u043e\u0433 \u0442\u043e\u0432\u0430\u0440\u043e\u0432\",\"item\":\"https:\/\/beebipood.ee\/tooted\/\"},{\"@type\":\"ListItem\",\"position\":3,\"name\":\"Baby Brezza One Step Food Maker Deluxe, auruti-kannmikser\"}]},{\"@type\":\"WebSite\",\"@id\":\"https:\/\/beebipood.ee\/ru\/#website\",\"url\":\"https:\/\/beebipood.ee\/ru\/\",\"name\":\"Beebipood\",\"description\":\"Lastekaubad, beebikaubad, m\u00e4nguasjad\",\"publisher\":{\"@id\":\"https:\/\/beebipood.ee\/ru\/#organization\"},\"potentialAction\":[{\"@type\":\"SearchAction\",\"target\":{\"@type\":\"EntryPoint\",\"urlTemplate\":\"https:\/\/beebipood.ee\/ru\/?s={search_term_string}\"},\"query-input\":{\"@type\":\"PropertyValueSpecification\",\"valueRequired\":true,\"valueName\":\"search_term_string\"}}],\"inLanguage\":\"ru-RU\"},{\"@type\":\"Organization\",\"@id\":\"https:\/\/beebipood.ee\/ru\/#organization\",\"name\":\"Beebipood\",\"url\":\"https:\/\/beebipood.ee\/ru\/\",\"logo\":{\"@type\":\"ImageObject\",\"inLanguage\":\"ru-RU\",\"@id\":\"https:\/\/beebipood.ee\/ru\/#\/schema\/logo\/image\/\",\"url\":\"https:\/\/beebipood.ee\/wp-content\/uploads\/2025\/03\/beebipood.ee-logo-1.svg\",\"contentUrl\":\"https:\/\/beebipood.ee\/wp-content\/uploads\/2025\/03\/beebipood.ee-logo-1.svg\",\"caption\":\"Beebipood\"},\"image\":{\"@id\":\"https:\/\/beebipood.ee\/ru\/#\/schema\/logo\/image\/\"}}]}<\/script>\n<!-- \/ Yoast SEO plugin. -->","yoast_head_json":{"title":"Baby Brezza One Step Food Maker Deluxe, auruti-kannmikser, \u0421\u041a\u0418\u0414\u041a\u0418, \u041f\u0440\u0438\u043d\u0430\u0434\u043b\u0435\u0436\u043d\u043e\u0441\u0442\u0438 \u0434\u043b\u044f \u043c\u043b\u0430\u0434\u0435\u043d\u0446\u0435\u0432, \u041f\u0440\u0438\u0433\u043e\u0442\u043e\u0432\u043b\u0435\u043d\u0438\u0435 , Beebipood","description":"Baby Brezza One Step Food Maker Deluxe, auruti-kannmikser, Baby Brezza One Step Food Maker Deluxe saate lihtsalt valmistada koduseid imikutoite. Auruta","robots":{"index":"index","follow":"follow","max-snippet":"max-snippet:-1","max-image-preview":"max-image-preview:large","max-video-preview":"max-video-preview:-1"},"canonical":"https:\/\/beebipood.ee\/ru\/produkt\/baby-brezza-one-step-food-maker-deluxe-auruti-kannmikser\/","og_locale":"ru_RU","og_type":"article","og_title":"Baby Brezza One Step Food Maker Deluxe, auruti-kannmikser, \u0421\u041a\u0418\u0414\u041a\u0418, \u041f\u0440\u0438\u043d\u0430\u0434\u043b\u0435\u0436\u043d\u043e\u0441\u0442\u0438 \u0434\u043b\u044f \u043c\u043b\u0430\u0434\u0435\u043d\u0446\u0435\u0432, \u041f\u0440\u0438\u0433\u043e\u0442\u043e\u0432\u043b\u0435\u043d\u0438\u0435 , Beebipood","og_description":"Baby Brezza One Step Food Maker Deluxe, auruti-kannmikser, Baby Brezza One Step Food Maker Deluxe saate lihtsalt valmistada koduseid imikutoite. Auruta","og_url":"https:\/\/beebipood.ee\/ru\/produkt\/baby-brezza-one-step-food-maker-deluxe-auruti-kannmikser\/","og_site_name":"Beebipood","article_modified_time":"2025-01-09T08:48:44+00:00","og_image":[{"width":2560,"height":2403,"url":"https:\/\/beebipood.ee\/wp-content\/uploads\/2019\/08\/Baby-Brezza-One-Step-Food-Maker-Deluxe-aurutikannmikser-SOODUSPAKKUMISED-UUED-TOOTED-Beebi-ja-lastetarbed-Hugieenitarbed_7-761-scaled.jpeg","type":"image\/jpeg"}],"twitter_card":"summary_large_image","schema":{"@context":"https:\/\/schema.org","@graph":[{"@type":"WebPage","@id":"https:\/\/beebipood.ee\/ru\/produkt\/baby-brezza-one-step-food-maker-deluxe-auruti-kannmikser\/","url":"https:\/\/beebipood.ee\/ru\/produkt\/baby-brezza-one-step-food-maker-deluxe-auruti-kannmikser\/","name":"Baby Brezza One Step Food Maker Deluxe, auruti-kannmikser, \u0421\u041a\u0418\u0414\u041a\u0418, \u041f\u0440\u0438\u043d\u0430\u0434\u043b\u0435\u0436\u043d\u043e\u0441\u0442\u0438 \u0434\u043b\u044f \u043c\u043b\u0430\u0434\u0435\u043d\u0446\u0435\u0432, \u041f\u0440\u0438\u0433\u043e\u0442\u043e\u0432\u043b\u0435\u043d\u0438\u0435 , Beebipood","isPartOf":{"@id":"https:\/\/beebipood.ee\/ru\/#website"},"primaryImageOfPage":{"@id":"https:\/\/beebipood.ee\/ru\/produkt\/baby-brezza-one-step-food-maker-deluxe-auruti-kannmikser\/#primaryimage"},"image":{"@id":"https:\/\/beebipood.ee\/ru\/produkt\/baby-brezza-one-step-food-maker-deluxe-auruti-kannmikser\/#primaryimage"},"thumbnailUrl":"https:\/\/beebipood.ee\/wp-content\/uploads\/2019\/08\/Baby-Brezza-One-Step-Food-Maker-Deluxe-aurutikannmikser-SOODUSPAKKUMISED-UUED-TOOTED-Beebi-ja-lastetarbed-Hugieenitarbed_7-761-scaled.jpeg","datePublished":"2019-08-20T10:25:49+00:00","dateModified":"2025-01-09T08:48:44+00:00","description":"Baby Brezza One Step Food Maker Deluxe, auruti-kannmikser, Baby Brezza One Step Food Maker Deluxe saate lihtsalt valmistada koduseid imikutoite. Auruta","breadcrumb":{"@id":"https:\/\/beebipood.ee\/ru\/produkt\/baby-brezza-one-step-food-maker-deluxe-auruti-kannmikser\/#breadcrumb"},"inLanguage":"ru-RU","potentialAction":[{"@type":"ReadAction","target":["https:\/\/beebipood.ee\/ru\/produkt\/baby-brezza-one-step-food-maker-deluxe-auruti-kannmikser\/"]}]},{"@type":"ImageObject","inLanguage":"ru-RU","@id":"https:\/\/beebipood.ee\/ru\/produkt\/baby-brezza-one-step-food-maker-deluxe-auruti-kannmikser\/#primaryimage","url":"https:\/\/beebipood.ee\/wp-content\/uploads\/2019\/08\/Baby-Brezza-One-Step-Food-Maker-Deluxe-aurutikannmikser-SOODUSPAKKUMISED-UUED-TOOTED-Beebi-ja-lastetarbed-Hugieenitarbed_7-761-scaled.jpeg","contentUrl":"https:\/\/beebipood.ee\/wp-content\/uploads\/2019\/08\/Baby-Brezza-One-Step-Food-Maker-Deluxe-aurutikannmikser-SOODUSPAKKUMISED-UUED-TOOTED-Beebi-ja-lastetarbed-Hugieenitarbed_7-761-scaled.jpeg","width":2560,"height":2403},{"@type":"BreadcrumbList","@id":"https:\/\/beebipood.ee\/ru\/produkt\/baby-brezza-one-step-food-maker-deluxe-auruti-kannmikser\/#breadcrumb","itemListElement":[{"@type":"ListItem","position":1,"name":"Home","item":"https:\/\/beebipood.ee\/ru\/"},{"@type":"ListItem","position":2,"name":"\u041a\u0430\u0442\u0430\u043b\u043e\u0433 \u0442\u043e\u0432\u0430\u0440\u043e\u0432","item":"https:\/\/beebipood.ee\/tooted\/"},{"@type":"ListItem","position":3,"name":"Baby Brezza One Step Food Maker Deluxe, auruti-kannmikser"}]},{"@type":"WebSite","@id":"https:\/\/beebipood.ee\/ru\/#website","url":"https:\/\/beebipood.ee\/ru\/","name":"Beebipood","description":"Lastekaubad, beebikaubad, m\u00e4nguasjad","publisher":{"@id":"https:\/\/beebipood.ee\/ru\/#organization"},"potentialAction":[{"@type":"SearchAction","target":{"@type":"EntryPoint","urlTemplate":"https:\/\/beebipood.ee\/ru\/?s={search_term_string}"},"query-input":{"@type":"PropertyValueSpecification","valueRequired":true,"valueName":"search_term_string"}}],"inLanguage":"ru-RU"},{"@type":"Organization","@id":"https:\/\/beebipood.ee\/ru\/#organization","name":"Beebipood","url":"https:\/\/beebipood.ee\/ru\/","logo":{"@type":"ImageObject","inLanguage":"ru-RU","@id":"https:\/\/beebipood.ee\/ru\/#\/schema\/logo\/image\/","url":"https:\/\/beebipood.ee\/wp-content\/uploads\/2025\/03\/beebipood.ee-logo-1.svg","contentUrl":"https:\/\/beebipood.ee\/wp-content\/uploads\/2025\/03\/beebipood.ee-logo-1.svg","caption":"Beebipood"},"image":{"@id":"https:\/\/beebipood.ee\/ru\/#\/schema\/logo\/image\/"}}]}},"brands":[{"id":11967,"name":"Baby Brezza","slug":"baby-brezza-ru"}],"_links":{"self":[{"href":"https:\/\/beebipood.ee\/ru\/wp-json\/wp\/v2\/product\/458831","targetHints":{"allow":["GET"]}}],"collection":[{"href":"https:\/\/beebipood.ee\/ru\/wp-json\/wp\/v2\/product"}],"about":[{"href":"https:\/\/beebipood.ee\/ru\/wp-json\/wp\/v2\/types\/product"}],"wp:featuredmedia":[{"embeddable":true,"href":"https:\/\/beebipood.ee\/ru\/wp-json\/wp\/v2\/media\/130849"}],"wp:attachment":[{"href":"https:\/\/beebipood.ee\/ru\/wp-json\/wp\/v2\/media?parent=458831"}],"wp:term":[{"taxonomy":"pwb-brand","embeddable":true,"href":"https:\/\/beebipood.ee\/ru\/wp-json\/wp\/v2\/pwb-brand?post=458831"},{"taxonomy":"product_brand","embeddable":true,"href":"https:\/\/beebipood.ee\/ru\/wp-json\/wp\/v2\/product_brand?post=458831"},{"taxonomy":"product_cat","embeddable":true,"href":"https:\/\/beebipood.ee\/ru\/wp-json\/wp\/v2\/product_cat?post=458831"},{"taxonomy":"product_tag","embeddable":true,"href":"https:\/\/beebipood.ee\/ru\/wp-json\/wp\/v2\/product_tag?post=458831"}],"curies":[{"name":"wp","href":"https:\/\/api.w.org\/{rel}","templated":true}]}}