{"id":458833,"date":"2019-08-22T07:43:53","date_gmt":"2019-08-22T04:43:53","guid":{"rendered":"https:\/\/beebipood.ee\/toode\/concord-clip-adapterid-air-i-size-turvahallile\/"},"modified":"2025-01-09T10:48:44","modified_gmt":"2025-01-09T08:48:44","slug":"concord-clip-adapterid-air-i-size-turvahallile","status":"publish","type":"product","link":"https:\/\/beebipood.ee\/ru\/produkt\/concord-clip-adapterid-air-i-size-turvahallile\/","title":{"rendered":"Concord Clip Adapterid Air i-Size turvah\u00e4llile."},"content":{"rendered":"<p><span>Mugavalt \u00fchilduv k\u00f5ikide jalutusk\u00e4rudega, millel on Maxi-Cosi adapterid.<\/span><\/p>\n","protected":false},"excerpt":{"rendered":"<p>Mugavalt \u00fchilduv k\u00f5ikide jalutusk\u00e4rudega, millel on Maxi-Cosi adapterid.<\/p>\n","protected":false},"featured_media":130856,"template":"","meta":{"_acf_changed":false},"pwb-brand":[11962],"product_brand":[],"product_cat":[11727,11797,11791,11793],"product_tag":[],"class_list":{"0":"post-458833","1":"product","2":"type-product","3":"status-publish","4":"has-post-thumbnail","6":"pwb-brand-concord-ru","7":"product_cat-turvatoolid-hallid-ru","8":"product_cat-lisatarvikud-ru-1","9":"product_cat-turvavarustus-ru","10":"product_cat-laos-ru","11":"pa_manufacturer-concord-ru","13":"first","14":"instock","15":"taxable","16":"shipping-taxable","17":"purchasable","18":"product-type-simple"},"exclude_global_add_ons":[],"addons":[],"acf":[],"yoast_head":"<!-- This site is optimized with the Yoast SEO plugin v27.3 - https:\/\/yoast.com\/product\/yoast-seo-wordpress\/ -->\n<title>Concord Clip Adapterid Air i-Size turvah\u00e4llile., \u0410\u0432\u0442\u043e\u043a\u0440\u0435\u0441\u043b\u0430, \u043b\u044e\u043b\u044c\u043a\u0438, \u0421\u043d\u0430\u0440\u044f\u0436\u0435\u043d\u0438\u044f \u0431\u0435\u0437\u043e\u043f\u0430\u0441\u043d\u043e\u0441\u0442\u0438, Ha c\u043a\u043b\u0430\u0434\u0435, \u0410\u043a\u0441\u0435\u0441\u0441\u0443\u0430\u0440\u044b, Concord, Concord Air i-Size, Concord toolide lisad, Beebipood<\/title>\n<meta name=\"description\" content=\"Concord Clip Adapterid Air i-Size turvah\u00e4llile., Mugavalt &uuml;hilduv k&otilde;ikide jalutusk&auml;rudega, millel on Maxi-Cosi adapterid.\" \/>\n<meta name=\"robots\" content=\"index, follow, max-snippet:-1, max-image-preview:large, max-video-preview:-1\" \/>\n<link rel=\"canonical\" href=\"https:\/\/beebipood.ee\/ru\/produkt\/concord-clip-adapterid-air-i-size-turvahallile\/\" \/>\n<meta property=\"og:locale\" content=\"ru_RU\" \/>\n<meta property=\"og:type\" content=\"article\" \/>\n<meta property=\"og:title\" content=\"Concord Clip Adapterid Air i-Size turvah\u00e4llile., \u0410\u0432\u0442\u043e\u043a\u0440\u0435\u0441\u043b\u0430, \u043b\u044e\u043b\u044c\u043a\u0438, \u0421\u043d\u0430\u0440\u044f\u0436\u0435\u043d\u0438\u044f \u0431\u0435\u0437\u043e\u043f\u0430\u0441\u043d\u043e\u0441\u0442\u0438, Ha c\u043a\u043b\u0430\u0434\u0435, \u0410\u043a\u0441\u0435\u0441\u0441\u0443\u0430\u0440\u044b, Concord, Concord Air i-Size, Concord toolide lisad, Beebipood\" \/>\n<meta property=\"og:description\" content=\"Concord Clip Adapterid Air i-Size turvah\u00e4llile., Mugavalt &uuml;hilduv k&otilde;ikide jalutusk&auml;rudega, millel on Maxi-Cosi adapterid.\" \/>\n<meta property=\"og:url\" content=\"https:\/\/beebipood.ee\/ru\/produkt\/concord-clip-adapterid-air-i-size-turvahallile\/\" \/>\n<meta property=\"og:site_name\" content=\"Beebipood\" \/>\n<meta property=\"article:modified_time\" content=\"2025-01-09T08:48:44+00:00\" \/>\n<meta property=\"og:image\" content=\"https:\/\/beebipood.ee\/wp-content\/uploads\/2019\/08\/Concord-Clip-Adapterid-Air-iSize-turvahallile-UUED-TOOTED-Turvatoolid-hallid-Turvavarustus-Lisatarvikud_1-de3.jpg\" \/>\n\t<meta property=\"og:image:width\" content=\"1024\" \/>\n\t<meta property=\"og:image:height\" content=\"1500\" \/>\n\t<meta property=\"og:image:type\" content=\"image\/jpeg\" \/>\n<meta name=\"twitter:card\" content=\"summary_large_image\" \/>\n<script type=\"application\/ld+json\" class=\"yoast-schema-graph\">{\"@context\":\"https:\\\/\\\/schema.org\",\"@graph\":[{\"@type\":\"WebPage\",\"@id\":\"https:\\\/\\\/beebipood.ee\\\/ru\\\/produkt\\\/concord-clip-adapterid-air-i-size-turvahallile\\\/\",\"url\":\"https:\\\/\\\/beebipood.ee\\\/ru\\\/produkt\\\/concord-clip-adapterid-air-i-size-turvahallile\\\/\",\"name\":\"Concord Clip Adapterid Air i-Size turvah\u00e4llile., \u0410\u0432\u0442\u043e\u043a\u0440\u0435\u0441\u043b\u0430, \u043b\u044e\u043b\u044c\u043a\u0438, \u0421\u043d\u0430\u0440\u044f\u0436\u0435\u043d\u0438\u044f \u0431\u0435\u0437\u043e\u043f\u0430\u0441\u043d\u043e\u0441\u0442\u0438, Ha c\u043a\u043b\u0430\u0434\u0435, \u0410\u043a\u0441\u0435\u0441\u0441\u0443\u0430\u0440\u044b, Concord, Concord Air i-Size, Concord toolide lisad, Beebipood\",\"isPartOf\":{\"@id\":\"https:\\\/\\\/beebipood.ee\\\/ru\\\/#website\"},\"primaryImageOfPage\":{\"@id\":\"https:\\\/\\\/beebipood.ee\\\/ru\\\/produkt\\\/concord-clip-adapterid-air-i-size-turvahallile\\\/#primaryimage\"},\"image\":{\"@id\":\"https:\\\/\\\/beebipood.ee\\\/ru\\\/produkt\\\/concord-clip-adapterid-air-i-size-turvahallile\\\/#primaryimage\"},\"thumbnailUrl\":\"https:\\\/\\\/beebipood.ee\\\/wp-content\\\/uploads\\\/2019\\\/08\\\/Concord-Clip-Adapterid-Air-iSize-turvahallile-UUED-TOOTED-Turvatoolid-hallid-Turvavarustus-Lisatarvikud_1-de3.jpg\",\"datePublished\":\"2019-08-22T04:43:53+00:00\",\"dateModified\":\"2025-01-09T08:48:44+00:00\",\"description\":\"Concord Clip Adapterid Air i-Size turvah\u00e4llile., Mugavalt &uuml;hilduv k&otilde;ikide jalutusk&auml;rudega, millel on Maxi-Cosi adapterid.\",\"breadcrumb\":{\"@id\":\"https:\\\/\\\/beebipood.ee\\\/ru\\\/produkt\\\/concord-clip-adapterid-air-i-size-turvahallile\\\/#breadcrumb\"},\"inLanguage\":\"ru-RU\",\"potentialAction\":[{\"@type\":\"ReadAction\",\"target\":[\"https:\\\/\\\/beebipood.ee\\\/ru\\\/produkt\\\/concord-clip-adapterid-air-i-size-turvahallile\\\/\"]}]},{\"@type\":\"ImageObject\",\"inLanguage\":\"ru-RU\",\"@id\":\"https:\\\/\\\/beebipood.ee\\\/ru\\\/produkt\\\/concord-clip-adapterid-air-i-size-turvahallile\\\/#primaryimage\",\"url\":\"https:\\\/\\\/beebipood.ee\\\/wp-content\\\/uploads\\\/2019\\\/08\\\/Concord-Clip-Adapterid-Air-iSize-turvahallile-UUED-TOOTED-Turvatoolid-hallid-Turvavarustus-Lisatarvikud_1-de3.jpg\",\"contentUrl\":\"https:\\\/\\\/beebipood.ee\\\/wp-content\\\/uploads\\\/2019\\\/08\\\/Concord-Clip-Adapterid-Air-iSize-turvahallile-UUED-TOOTED-Turvatoolid-hallid-Turvavarustus-Lisatarvikud_1-de3.jpg\",\"width\":1024,\"height\":1500},{\"@type\":\"BreadcrumbList\",\"@id\":\"https:\\\/\\\/beebipood.ee\\\/ru\\\/produkt\\\/concord-clip-adapterid-air-i-size-turvahallile\\\/#breadcrumb\",\"itemListElement\":[{\"@type\":\"ListItem\",\"position\":1,\"name\":\"Home\",\"item\":\"https:\\\/\\\/beebipood.ee\\\/ru\\\/\"},{\"@type\":\"ListItem\",\"position\":2,\"name\":\"\u041a\u0430\u0442\u0430\u043b\u043e\u0433 \u0442\u043e\u0432\u0430\u0440\u043e\u0432\",\"item\":\"https:\\\/\\\/beebipood.ee\\\/tooted\\\/\"},{\"@type\":\"ListItem\",\"position\":3,\"name\":\"Concord Clip Adapterid Air i-Size turvah\u00e4llile.\"}]},{\"@type\":\"WebSite\",\"@id\":\"https:\\\/\\\/beebipood.ee\\\/ru\\\/#website\",\"url\":\"https:\\\/\\\/beebipood.ee\\\/ru\\\/\",\"name\":\"Beebipood\",\"description\":\"Lastekaubad, beebikaubad, m\u00e4nguasjad\",\"publisher\":{\"@id\":\"https:\\\/\\\/beebipood.ee\\\/ru\\\/#organization\"},\"potentialAction\":[{\"@type\":\"SearchAction\",\"target\":{\"@type\":\"EntryPoint\",\"urlTemplate\":\"https:\\\/\\\/beebipood.ee\\\/ru\\\/?s={search_term_string}\"},\"query-input\":{\"@type\":\"PropertyValueSpecification\",\"valueRequired\":true,\"valueName\":\"search_term_string\"}}],\"inLanguage\":\"ru-RU\"},{\"@type\":\"Organization\",\"@id\":\"https:\\\/\\\/beebipood.ee\\\/ru\\\/#organization\",\"name\":\"Beebipood\",\"url\":\"https:\\\/\\\/beebipood.ee\\\/ru\\\/\",\"logo\":{\"@type\":\"ImageObject\",\"inLanguage\":\"ru-RU\",\"@id\":\"https:\\\/\\\/beebipood.ee\\\/ru\\\/#\\\/schema\\\/logo\\\/image\\\/\",\"url\":\"https:\\\/\\\/beebipood.ee\\\/wp-content\\\/uploads\\\/2025\\\/03\\\/beebipood.ee-logo-1.svg\",\"contentUrl\":\"https:\\\/\\\/beebipood.ee\\\/wp-content\\\/uploads\\\/2025\\\/03\\\/beebipood.ee-logo-1.svg\",\"caption\":\"Beebipood\"},\"image\":{\"@id\":\"https:\\\/\\\/beebipood.ee\\\/ru\\\/#\\\/schema\\\/logo\\\/image\\\/\"}}]}<\/script>\n<!-- \/ Yoast SEO plugin. -->","yoast_head_json":{"title":"Concord Clip Adapterid Air i-Size turvah\u00e4llile., \u0410\u0432\u0442\u043e\u043a\u0440\u0435\u0441\u043b\u0430, \u043b\u044e\u043b\u044c\u043a\u0438, \u0421\u043d\u0430\u0440\u044f\u0436\u0435\u043d\u0438\u044f \u0431\u0435\u0437\u043e\u043f\u0430\u0441\u043d\u043e\u0441\u0442\u0438, Ha c\u043a\u043b\u0430\u0434\u0435, \u0410\u043a\u0441\u0435\u0441\u0441\u0443\u0430\u0440\u044b, Concord, Concord Air i-Size, Concord toolide lisad, Beebipood","description":"Concord Clip Adapterid Air i-Size turvah\u00e4llile., Mugavalt &uuml;hilduv k&otilde;ikide jalutusk&auml;rudega, millel on Maxi-Cosi adapterid.","robots":{"index":"index","follow":"follow","max-snippet":"max-snippet:-1","max-image-preview":"max-image-preview:large","max-video-preview":"max-video-preview:-1"},"canonical":"https:\/\/beebipood.ee\/ru\/produkt\/concord-clip-adapterid-air-i-size-turvahallile\/","og_locale":"ru_RU","og_type":"article","og_title":"Concord Clip Adapterid Air i-Size turvah\u00e4llile., \u0410\u0432\u0442\u043e\u043a\u0440\u0435\u0441\u043b\u0430, \u043b\u044e\u043b\u044c\u043a\u0438, \u0421\u043d\u0430\u0440\u044f\u0436\u0435\u043d\u0438\u044f \u0431\u0435\u0437\u043e\u043f\u0430\u0441\u043d\u043e\u0441\u0442\u0438, Ha c\u043a\u043b\u0430\u0434\u0435, \u0410\u043a\u0441\u0435\u0441\u0441\u0443\u0430\u0440\u044b, Concord, Concord Air i-Size, Concord toolide lisad, Beebipood","og_description":"Concord Clip Adapterid Air i-Size turvah\u00e4llile., Mugavalt &uuml;hilduv k&otilde;ikide jalutusk&auml;rudega, millel on Maxi-Cosi adapterid.","og_url":"https:\/\/beebipood.ee\/ru\/produkt\/concord-clip-adapterid-air-i-size-turvahallile\/","og_site_name":"Beebipood","article_modified_time":"2025-01-09T08:48:44+00:00","og_image":[{"width":1024,"height":1500,"url":"https:\/\/beebipood.ee\/wp-content\/uploads\/2019\/08\/Concord-Clip-Adapterid-Air-iSize-turvahallile-UUED-TOOTED-Turvatoolid-hallid-Turvavarustus-Lisatarvikud_1-de3.jpg","type":"image\/jpeg"}],"twitter_card":"summary_large_image","schema":{"@context":"https:\/\/schema.org","@graph":[{"@type":"WebPage","@id":"https:\/\/beebipood.ee\/ru\/produkt\/concord-clip-adapterid-air-i-size-turvahallile\/","url":"https:\/\/beebipood.ee\/ru\/produkt\/concord-clip-adapterid-air-i-size-turvahallile\/","name":"Concord Clip Adapterid Air i-Size turvah\u00e4llile., \u0410\u0432\u0442\u043e\u043a\u0440\u0435\u0441\u043b\u0430, \u043b\u044e\u043b\u044c\u043a\u0438, \u0421\u043d\u0430\u0440\u044f\u0436\u0435\u043d\u0438\u044f \u0431\u0435\u0437\u043e\u043f\u0430\u0441\u043d\u043e\u0441\u0442\u0438, Ha c\u043a\u043b\u0430\u0434\u0435, \u0410\u043a\u0441\u0435\u0441\u0441\u0443\u0430\u0440\u044b, Concord, Concord Air i-Size, Concord toolide lisad, Beebipood","isPartOf":{"@id":"https:\/\/beebipood.ee\/ru\/#website"},"primaryImageOfPage":{"@id":"https:\/\/beebipood.ee\/ru\/produkt\/concord-clip-adapterid-air-i-size-turvahallile\/#primaryimage"},"image":{"@id":"https:\/\/beebipood.ee\/ru\/produkt\/concord-clip-adapterid-air-i-size-turvahallile\/#primaryimage"},"thumbnailUrl":"https:\/\/beebipood.ee\/wp-content\/uploads\/2019\/08\/Concord-Clip-Adapterid-Air-iSize-turvahallile-UUED-TOOTED-Turvatoolid-hallid-Turvavarustus-Lisatarvikud_1-de3.jpg","datePublished":"2019-08-22T04:43:53+00:00","dateModified":"2025-01-09T08:48:44+00:00","description":"Concord Clip Adapterid Air i-Size turvah\u00e4llile., Mugavalt &uuml;hilduv k&otilde;ikide jalutusk&auml;rudega, millel on Maxi-Cosi adapterid.","breadcrumb":{"@id":"https:\/\/beebipood.ee\/ru\/produkt\/concord-clip-adapterid-air-i-size-turvahallile\/#breadcrumb"},"inLanguage":"ru-RU","potentialAction":[{"@type":"ReadAction","target":["https:\/\/beebipood.ee\/ru\/produkt\/concord-clip-adapterid-air-i-size-turvahallile\/"]}]},{"@type":"ImageObject","inLanguage":"ru-RU","@id":"https:\/\/beebipood.ee\/ru\/produkt\/concord-clip-adapterid-air-i-size-turvahallile\/#primaryimage","url":"https:\/\/beebipood.ee\/wp-content\/uploads\/2019\/08\/Concord-Clip-Adapterid-Air-iSize-turvahallile-UUED-TOOTED-Turvatoolid-hallid-Turvavarustus-Lisatarvikud_1-de3.jpg","contentUrl":"https:\/\/beebipood.ee\/wp-content\/uploads\/2019\/08\/Concord-Clip-Adapterid-Air-iSize-turvahallile-UUED-TOOTED-Turvatoolid-hallid-Turvavarustus-Lisatarvikud_1-de3.jpg","width":1024,"height":1500},{"@type":"BreadcrumbList","@id":"https:\/\/beebipood.ee\/ru\/produkt\/concord-clip-adapterid-air-i-size-turvahallile\/#breadcrumb","itemListElement":[{"@type":"ListItem","position":1,"name":"Home","item":"https:\/\/beebipood.ee\/ru\/"},{"@type":"ListItem","position":2,"name":"\u041a\u0430\u0442\u0430\u043b\u043e\u0433 \u0442\u043e\u0432\u0430\u0440\u043e\u0432","item":"https:\/\/beebipood.ee\/tooted\/"},{"@type":"ListItem","position":3,"name":"Concord Clip Adapterid Air i-Size turvah\u00e4llile."}]},{"@type":"WebSite","@id":"https:\/\/beebipood.ee\/ru\/#website","url":"https:\/\/beebipood.ee\/ru\/","name":"Beebipood","description":"Lastekaubad, beebikaubad, m\u00e4nguasjad","publisher":{"@id":"https:\/\/beebipood.ee\/ru\/#organization"},"potentialAction":[{"@type":"SearchAction","target":{"@type":"EntryPoint","urlTemplate":"https:\/\/beebipood.ee\/ru\/?s={search_term_string}"},"query-input":{"@type":"PropertyValueSpecification","valueRequired":true,"valueName":"search_term_string"}}],"inLanguage":"ru-RU"},{"@type":"Organization","@id":"https:\/\/beebipood.ee\/ru\/#organization","name":"Beebipood","url":"https:\/\/beebipood.ee\/ru\/","logo":{"@type":"ImageObject","inLanguage":"ru-RU","@id":"https:\/\/beebipood.ee\/ru\/#\/schema\/logo\/image\/","url":"https:\/\/beebipood.ee\/wp-content\/uploads\/2025\/03\/beebipood.ee-logo-1.svg","contentUrl":"https:\/\/beebipood.ee\/wp-content\/uploads\/2025\/03\/beebipood.ee-logo-1.svg","caption":"Beebipood"},"image":{"@id":"https:\/\/beebipood.ee\/ru\/#\/schema\/logo\/image\/"}}]}},"brands":[{"id":11962,"name":"Concord","slug":"concord-ru"}],"_links":{"self":[{"href":"https:\/\/beebipood.ee\/ru\/wp-json\/wp\/v2\/product\/458833","targetHints":{"allow":["GET"]}}],"collection":[{"href":"https:\/\/beebipood.ee\/ru\/wp-json\/wp\/v2\/product"}],"about":[{"href":"https:\/\/beebipood.ee\/ru\/wp-json\/wp\/v2\/types\/product"}],"wp:featuredmedia":[{"embeddable":true,"href":"https:\/\/beebipood.ee\/ru\/wp-json\/wp\/v2\/media\/130856"}],"wp:attachment":[{"href":"https:\/\/beebipood.ee\/ru\/wp-json\/wp\/v2\/media?parent=458833"}],"wp:term":[{"taxonomy":"pwb-brand","embeddable":true,"href":"https:\/\/beebipood.ee\/ru\/wp-json\/wp\/v2\/pwb-brand?post=458833"},{"taxonomy":"product_brand","embeddable":true,"href":"https:\/\/beebipood.ee\/ru\/wp-json\/wp\/v2\/product_brand?post=458833"},{"taxonomy":"product_cat","embeddable":true,"href":"https:\/\/beebipood.ee\/ru\/wp-json\/wp\/v2\/product_cat?post=458833"},{"taxonomy":"product_tag","embeddable":true,"href":"https:\/\/beebipood.ee\/ru\/wp-json\/wp\/v2\/product_tag?post=458833"}],"curies":[{"name":"wp","href":"https:\/\/api.w.org\/{rel}","templated":true}]}}