{"id":458837,"date":"2019-08-22T12:42:04","date_gmt":"2019-08-22T09:42:04","guid":{"rendered":"https:\/\/beebipood.ee\/toode\/babybjorn-original-kandekott-dark-grey-grey\/"},"modified":"2025-01-09T10:48:44","modified_gmt":"2025-01-09T08:48:44","slug":"babybjorn-original-kandekott-dark-grey-grey","status":"publish","type":"product","link":"https:\/\/beebipood.ee\/ru\/produkt\/babybjorn-original-kandekott-dark-grey-grey\/","title":{"rendered":"BabyBj\u00f6rn potiiste, v\u00e4rvivalik"},"content":{"rendered":"<p>BabyBj\u00f6rni wc-potiiste on stabiilne ja ergonoomiline vahend, <br \/>mida on lapsel lihtne ise kasutada. Potiistmel on all kummist \u00e4\u00e4r <br \/>ning reguleeritav ketas, mille abil p\u00fcsib iste kindlalt paigal.<br \/><span style=\"text-decoration: underline;\">Omadused<\/span><br \/>Ergonoomilise disainiga potiiste tagab sinu lapsele mugava ja korrektse istumise<br \/>Kerge kaaluga potiistet on v\u00f5imalik lapsel endal paigaldada ja eemaldada<br \/>T\u00e4nu reguleeritavale kinnitusele sobib see kasutamiseks pea igale wc-potile<br \/>Sisseehitatud pritsmekaitse on suunatud sissepoole, <br \/>et v\u00e4ltida pritsmete sattumist p\u00f5randale<br \/>Lihtsasti puhastatav &#8212; lapiga v\u00f5i jooksva vee all<br \/>Praktiline kandesang, mille abil saab riputada potiistme seinale<br \/>Lastes\u00f5bralik materjal (BPA-vaba plastik)<br \/><span style=\"text-decoration: underline;\">N\u00e4itajad<\/span><br \/>M\u00f5\u00f5dud: 29 x 36 x 9cm<br \/>Kaal: 400g<br \/>Materjal: pol\u00fcprop\u00fcleen (PP) ja termoplastiline elastomeer (TPE)<br \/>Sobilik kasutamiseks alates 2. eluaastast<\/p>\n","protected":false},"excerpt":{"rendered":"<p>BabyBj\u00f6rni wc-potiiste on stabiilne ja ergonoomiline vahend, mida on lapsel lihtne ise kasutada. Potiistmel on all kummist \u00e4\u00e4r ning reguleeritav ketas, mille abil p\u00fcsib iste kindlalt paigal.OmadusedErgonoomilise disainiga potiiste tagab sinu lapsele mugava ja korrektse istumiseKerge kaaluga potiistet on v\u00f5imalik lapsel endal paigaldada ja eemaldadaT\u00e4nu reguleeritavale kinnitusele sobib see kasutamiseks pea igale wc-potileSisseehitatud pritsmekaitse on [&hellip;]<\/p>\n","protected":false},"featured_media":130865,"template":"","meta":{"_acf_changed":false},"pwb-brand":[11966],"product_brand":[],"product_cat":[11715,11709],"product_tag":[],"class_list":{"0":"post-458837","1":"product","2":"type-product","3":"status-publish","4":"has-post-thumbnail","6":"pwb-brand-babybjorn-ru","7":"product_cat-hugieenitarbed-ru","8":"product_cat-sootmistoolid-beebi-ja-lastetarbed-mahkimine-hugieen-ru","9":"pa_manufacturer-babybjorn-ru","11":"first","12":"onbackorder","13":"taxable","14":"shipping-taxable","15":"purchasable","16":"product-type-simple"},"exclude_global_add_ons":false,"addons":[{"name":"Vali v\u00e4rv","type":"multiple_choice","position":0,"required":true,"title_format":"heading","default":"","description_enable":false,"description":"","placeholder_enable":false,"placeholder":"","display":"images","restrictions_type":"any_text","adjust_price":false,"price":"","price_type":"flat_fee","restrictions":false,"min":"0","max":"0","options":[{"label":"Black-White","price":"","price_type":"quantity_based","image":502341,"visibility":true},{"label":"White-Grey","price":"","price_type":"quantity_based","image":502343,"visibility":true},{"label":"White-Turquoise","price":"","price_type":"quantity_based","image":502345,"visibility":true}]}],"acf":[],"yoast_head":"<!-- This site is optimized with the Yoast SEO plugin v27.1.1 - https:\/\/yoast.com\/product\/yoast-seo-wordpress\/ -->\n<title>BabyBj\u00f6rn potiiste, v\u00e4rvivalik, \u041d\u041e\u0412\u042b\u0415 \u0422\u041e\u0412\u0410\u0420\u042b, \u041f\u0440\u0438\u043d\u0430\u0434\u043b\u0435\u0436\u043d\u043e\u0441\u0442\u0438 \u0434\u043b\u044f \u043c\u043b\u0430\u0434\u0435\u043d\u0446\u0435\u0432, \u0413\u0438\u0433\u0438\u0435\u043d\u0430, Beebipood<\/title>\n<meta name=\"description\" content=\"BabyBj\u00f6rn potiiste, v\u00e4rvivalik, BabyBj&ouml;rni wc-potiiste on stabiilne ja ergonoomiline vahend, mida on lapsel lihtne ise kasutada. Potiistmel on a\" \/>\n<meta name=\"robots\" content=\"index, follow, max-snippet:-1, max-image-preview:large, max-video-preview:-1\" \/>\n<link rel=\"canonical\" href=\"https:\/\/beebipood.ee\/ru\/produkt\/babybjorn-original-kandekott-dark-grey-grey\/\" \/>\n<meta property=\"og:locale\" content=\"ru_RU\" \/>\n<meta property=\"og:type\" content=\"article\" \/>\n<meta property=\"og:title\" content=\"BabyBj\u00f6rn potiiste, v\u00e4rvivalik, \u041d\u041e\u0412\u042b\u0415 \u0422\u041e\u0412\u0410\u0420\u042b, \u041f\u0440\u0438\u043d\u0430\u0434\u043b\u0435\u0436\u043d\u043e\u0441\u0442\u0438 \u0434\u043b\u044f \u043c\u043b\u0430\u0434\u0435\u043d\u0446\u0435\u0432, \u0413\u0438\u0433\u0438\u0435\u043d\u0430, Beebipood\" \/>\n<meta property=\"og:description\" content=\"BabyBj\u00f6rn potiiste, v\u00e4rvivalik, BabyBj&ouml;rni wc-potiiste on stabiilne ja ergonoomiline vahend, mida on lapsel lihtne ise kasutada. Potiistmel on a\" \/>\n<meta property=\"og:url\" content=\"https:\/\/beebipood.ee\/ru\/produkt\/babybjorn-original-kandekott-dark-grey-grey\/\" \/>\n<meta property=\"og:site_name\" content=\"Beebipood\" \/>\n<meta property=\"article:modified_time\" content=\"2025-01-09T08:48:44+00:00\" \/>\n<meta property=\"og:image\" content=\"https:\/\/beebipood.ee\/wp-content\/uploads\/2019\/08\/BabyBjorn-potiiste-varvivalik-UUED-TOOTED-Beebi-ja-lastetarbed-Hugieenitarbed_1-11f.jpg\" \/>\n\t<meta property=\"og:image:width\" content=\"1800\" \/>\n\t<meta property=\"og:image:height\" content=\"1200\" \/>\n\t<meta property=\"og:image:type\" content=\"image\/jpeg\" \/>\n<meta name=\"twitter:card\" content=\"summary_large_image\" \/>\n<meta name=\"twitter:label1\" content=\"\u041f\u0440\u0438\u043c\u0435\u0440\u043d\u043e\u0435 \u0432\u0440\u0435\u043c\u044f \u0434\u043b\u044f \u0447\u0442\u0435\u043d\u0438\u044f\" \/>\n\t<meta name=\"twitter:data1\" content=\"1 \u043c\u0438\u043d\u0443\u0442\u0430\" \/>\n<script type=\"application\/ld+json\" class=\"yoast-schema-graph\">{\"@context\":\"https:\/\/schema.org\",\"@graph\":[{\"@type\":\"WebPage\",\"@id\":\"https:\/\/beebipood.ee\/ru\/produkt\/babybjorn-original-kandekott-dark-grey-grey\/\",\"url\":\"https:\/\/beebipood.ee\/ru\/produkt\/babybjorn-original-kandekott-dark-grey-grey\/\",\"name\":\"BabyBj\u00f6rn potiiste, v\u00e4rvivalik, \u041d\u041e\u0412\u042b\u0415 \u0422\u041e\u0412\u0410\u0420\u042b, \u041f\u0440\u0438\u043d\u0430\u0434\u043b\u0435\u0436\u043d\u043e\u0441\u0442\u0438 \u0434\u043b\u044f \u043c\u043b\u0430\u0434\u0435\u043d\u0446\u0435\u0432, \u0413\u0438\u0433\u0438\u0435\u043d\u0430, Beebipood\",\"isPartOf\":{\"@id\":\"https:\/\/beebipood.ee\/ru\/#website\"},\"primaryImageOfPage\":{\"@id\":\"https:\/\/beebipood.ee\/ru\/produkt\/babybjorn-original-kandekott-dark-grey-grey\/#primaryimage\"},\"image\":{\"@id\":\"https:\/\/beebipood.ee\/ru\/produkt\/babybjorn-original-kandekott-dark-grey-grey\/#primaryimage\"},\"thumbnailUrl\":\"https:\/\/beebipood.ee\/wp-content\/uploads\/2019\/08\/BabyBjorn-potiiste-varvivalik-UUED-TOOTED-Beebi-ja-lastetarbed-Hugieenitarbed_1-11f.jpg\",\"datePublished\":\"2019-08-22T09:42:04+00:00\",\"dateModified\":\"2025-01-09T08:48:44+00:00\",\"description\":\"BabyBj\u00f6rn potiiste, v\u00e4rvivalik, BabyBj&ouml;rni wc-potiiste on stabiilne ja ergonoomiline vahend, mida on lapsel lihtne ise kasutada. Potiistmel on a\",\"breadcrumb\":{\"@id\":\"https:\/\/beebipood.ee\/ru\/produkt\/babybjorn-original-kandekott-dark-grey-grey\/#breadcrumb\"},\"inLanguage\":\"ru-RU\",\"potentialAction\":[{\"@type\":\"ReadAction\",\"target\":[\"https:\/\/beebipood.ee\/ru\/produkt\/babybjorn-original-kandekott-dark-grey-grey\/\"]}]},{\"@type\":\"ImageObject\",\"inLanguage\":\"ru-RU\",\"@id\":\"https:\/\/beebipood.ee\/ru\/produkt\/babybjorn-original-kandekott-dark-grey-grey\/#primaryimage\",\"url\":\"https:\/\/beebipood.ee\/wp-content\/uploads\/2019\/08\/BabyBjorn-potiiste-varvivalik-UUED-TOOTED-Beebi-ja-lastetarbed-Hugieenitarbed_1-11f.jpg\",\"contentUrl\":\"https:\/\/beebipood.ee\/wp-content\/uploads\/2019\/08\/BabyBjorn-potiiste-varvivalik-UUED-TOOTED-Beebi-ja-lastetarbed-Hugieenitarbed_1-11f.jpg\",\"width\":1800,\"height\":1200},{\"@type\":\"BreadcrumbList\",\"@id\":\"https:\/\/beebipood.ee\/ru\/produkt\/babybjorn-original-kandekott-dark-grey-grey\/#breadcrumb\",\"itemListElement\":[{\"@type\":\"ListItem\",\"position\":1,\"name\":\"Home\",\"item\":\"https:\/\/beebipood.ee\/ru\/\"},{\"@type\":\"ListItem\",\"position\":2,\"name\":\"\u041a\u0430\u0442\u0430\u043b\u043e\u0433 \u0442\u043e\u0432\u0430\u0440\u043e\u0432\",\"item\":\"https:\/\/beebipood.ee\/tooted\/\"},{\"@type\":\"ListItem\",\"position\":3,\"name\":\"BabyBj\u00f6rn potiiste, v\u00e4rvivalik\"}]},{\"@type\":\"WebSite\",\"@id\":\"https:\/\/beebipood.ee\/ru\/#website\",\"url\":\"https:\/\/beebipood.ee\/ru\/\",\"name\":\"Beebipood\",\"description\":\"Lastekaubad, beebikaubad, m\u00e4nguasjad\",\"publisher\":{\"@id\":\"https:\/\/beebipood.ee\/ru\/#organization\"},\"potentialAction\":[{\"@type\":\"SearchAction\",\"target\":{\"@type\":\"EntryPoint\",\"urlTemplate\":\"https:\/\/beebipood.ee\/ru\/?s={search_term_string}\"},\"query-input\":{\"@type\":\"PropertyValueSpecification\",\"valueRequired\":true,\"valueName\":\"search_term_string\"}}],\"inLanguage\":\"ru-RU\"},{\"@type\":\"Organization\",\"@id\":\"https:\/\/beebipood.ee\/ru\/#organization\",\"name\":\"Beebipood\",\"url\":\"https:\/\/beebipood.ee\/ru\/\",\"logo\":{\"@type\":\"ImageObject\",\"inLanguage\":\"ru-RU\",\"@id\":\"https:\/\/beebipood.ee\/ru\/#\/schema\/logo\/image\/\",\"url\":\"https:\/\/beebipood.ee\/wp-content\/uploads\/2025\/03\/beebipood.ee-logo-1.svg\",\"contentUrl\":\"https:\/\/beebipood.ee\/wp-content\/uploads\/2025\/03\/beebipood.ee-logo-1.svg\",\"caption\":\"Beebipood\"},\"image\":{\"@id\":\"https:\/\/beebipood.ee\/ru\/#\/schema\/logo\/image\/\"}}]}<\/script>\n<!-- \/ Yoast SEO plugin. -->","yoast_head_json":{"title":"BabyBj\u00f6rn potiiste, v\u00e4rvivalik, \u041d\u041e\u0412\u042b\u0415 \u0422\u041e\u0412\u0410\u0420\u042b, \u041f\u0440\u0438\u043d\u0430\u0434\u043b\u0435\u0436\u043d\u043e\u0441\u0442\u0438 \u0434\u043b\u044f \u043c\u043b\u0430\u0434\u0435\u043d\u0446\u0435\u0432, \u0413\u0438\u0433\u0438\u0435\u043d\u0430, Beebipood","description":"BabyBj\u00f6rn potiiste, v\u00e4rvivalik, BabyBj&ouml;rni wc-potiiste on stabiilne ja ergonoomiline vahend, mida on lapsel lihtne ise kasutada. Potiistmel on a","robots":{"index":"index","follow":"follow","max-snippet":"max-snippet:-1","max-image-preview":"max-image-preview:large","max-video-preview":"max-video-preview:-1"},"canonical":"https:\/\/beebipood.ee\/ru\/produkt\/babybjorn-original-kandekott-dark-grey-grey\/","og_locale":"ru_RU","og_type":"article","og_title":"BabyBj\u00f6rn potiiste, v\u00e4rvivalik, \u041d\u041e\u0412\u042b\u0415 \u0422\u041e\u0412\u0410\u0420\u042b, \u041f\u0440\u0438\u043d\u0430\u0434\u043b\u0435\u0436\u043d\u043e\u0441\u0442\u0438 \u0434\u043b\u044f \u043c\u043b\u0430\u0434\u0435\u043d\u0446\u0435\u0432, \u0413\u0438\u0433\u0438\u0435\u043d\u0430, Beebipood","og_description":"BabyBj\u00f6rn potiiste, v\u00e4rvivalik, BabyBj&ouml;rni wc-potiiste on stabiilne ja ergonoomiline vahend, mida on lapsel lihtne ise kasutada. Potiistmel on a","og_url":"https:\/\/beebipood.ee\/ru\/produkt\/babybjorn-original-kandekott-dark-grey-grey\/","og_site_name":"Beebipood","article_modified_time":"2025-01-09T08:48:44+00:00","og_image":[{"width":1800,"height":1200,"url":"https:\/\/beebipood.ee\/wp-content\/uploads\/2019\/08\/BabyBjorn-potiiste-varvivalik-UUED-TOOTED-Beebi-ja-lastetarbed-Hugieenitarbed_1-11f.jpg","type":"image\/jpeg"}],"twitter_card":"summary_large_image","twitter_misc":{"\u041f\u0440\u0438\u043c\u0435\u0440\u043d\u043e\u0435 \u0432\u0440\u0435\u043c\u044f \u0434\u043b\u044f \u0447\u0442\u0435\u043d\u0438\u044f":"1 \u043c\u0438\u043d\u0443\u0442\u0430"},"schema":{"@context":"https:\/\/schema.org","@graph":[{"@type":"WebPage","@id":"https:\/\/beebipood.ee\/ru\/produkt\/babybjorn-original-kandekott-dark-grey-grey\/","url":"https:\/\/beebipood.ee\/ru\/produkt\/babybjorn-original-kandekott-dark-grey-grey\/","name":"BabyBj\u00f6rn potiiste, v\u00e4rvivalik, \u041d\u041e\u0412\u042b\u0415 \u0422\u041e\u0412\u0410\u0420\u042b, \u041f\u0440\u0438\u043d\u0430\u0434\u043b\u0435\u0436\u043d\u043e\u0441\u0442\u0438 \u0434\u043b\u044f \u043c\u043b\u0430\u0434\u0435\u043d\u0446\u0435\u0432, \u0413\u0438\u0433\u0438\u0435\u043d\u0430, Beebipood","isPartOf":{"@id":"https:\/\/beebipood.ee\/ru\/#website"},"primaryImageOfPage":{"@id":"https:\/\/beebipood.ee\/ru\/produkt\/babybjorn-original-kandekott-dark-grey-grey\/#primaryimage"},"image":{"@id":"https:\/\/beebipood.ee\/ru\/produkt\/babybjorn-original-kandekott-dark-grey-grey\/#primaryimage"},"thumbnailUrl":"https:\/\/beebipood.ee\/wp-content\/uploads\/2019\/08\/BabyBjorn-potiiste-varvivalik-UUED-TOOTED-Beebi-ja-lastetarbed-Hugieenitarbed_1-11f.jpg","datePublished":"2019-08-22T09:42:04+00:00","dateModified":"2025-01-09T08:48:44+00:00","description":"BabyBj\u00f6rn potiiste, v\u00e4rvivalik, BabyBj&ouml;rni wc-potiiste on stabiilne ja ergonoomiline vahend, mida on lapsel lihtne ise kasutada. Potiistmel on a","breadcrumb":{"@id":"https:\/\/beebipood.ee\/ru\/produkt\/babybjorn-original-kandekott-dark-grey-grey\/#breadcrumb"},"inLanguage":"ru-RU","potentialAction":[{"@type":"ReadAction","target":["https:\/\/beebipood.ee\/ru\/produkt\/babybjorn-original-kandekott-dark-grey-grey\/"]}]},{"@type":"ImageObject","inLanguage":"ru-RU","@id":"https:\/\/beebipood.ee\/ru\/produkt\/babybjorn-original-kandekott-dark-grey-grey\/#primaryimage","url":"https:\/\/beebipood.ee\/wp-content\/uploads\/2019\/08\/BabyBjorn-potiiste-varvivalik-UUED-TOOTED-Beebi-ja-lastetarbed-Hugieenitarbed_1-11f.jpg","contentUrl":"https:\/\/beebipood.ee\/wp-content\/uploads\/2019\/08\/BabyBjorn-potiiste-varvivalik-UUED-TOOTED-Beebi-ja-lastetarbed-Hugieenitarbed_1-11f.jpg","width":1800,"height":1200},{"@type":"BreadcrumbList","@id":"https:\/\/beebipood.ee\/ru\/produkt\/babybjorn-original-kandekott-dark-grey-grey\/#breadcrumb","itemListElement":[{"@type":"ListItem","position":1,"name":"Home","item":"https:\/\/beebipood.ee\/ru\/"},{"@type":"ListItem","position":2,"name":"\u041a\u0430\u0442\u0430\u043b\u043e\u0433 \u0442\u043e\u0432\u0430\u0440\u043e\u0432","item":"https:\/\/beebipood.ee\/tooted\/"},{"@type":"ListItem","position":3,"name":"BabyBj\u00f6rn potiiste, v\u00e4rvivalik"}]},{"@type":"WebSite","@id":"https:\/\/beebipood.ee\/ru\/#website","url":"https:\/\/beebipood.ee\/ru\/","name":"Beebipood","description":"Lastekaubad, beebikaubad, m\u00e4nguasjad","publisher":{"@id":"https:\/\/beebipood.ee\/ru\/#organization"},"potentialAction":[{"@type":"SearchAction","target":{"@type":"EntryPoint","urlTemplate":"https:\/\/beebipood.ee\/ru\/?s={search_term_string}"},"query-input":{"@type":"PropertyValueSpecification","valueRequired":true,"valueName":"search_term_string"}}],"inLanguage":"ru-RU"},{"@type":"Organization","@id":"https:\/\/beebipood.ee\/ru\/#organization","name":"Beebipood","url":"https:\/\/beebipood.ee\/ru\/","logo":{"@type":"ImageObject","inLanguage":"ru-RU","@id":"https:\/\/beebipood.ee\/ru\/#\/schema\/logo\/image\/","url":"https:\/\/beebipood.ee\/wp-content\/uploads\/2025\/03\/beebipood.ee-logo-1.svg","contentUrl":"https:\/\/beebipood.ee\/wp-content\/uploads\/2025\/03\/beebipood.ee-logo-1.svg","caption":"Beebipood"},"image":{"@id":"https:\/\/beebipood.ee\/ru\/#\/schema\/logo\/image\/"}}]}},"brands":[{"id":11966,"name":"BabyBj\u00f6rn","slug":"babybjorn-ru"}],"_links":{"self":[{"href":"https:\/\/beebipood.ee\/ru\/wp-json\/wp\/v2\/product\/458837","targetHints":{"allow":["GET"]}}],"collection":[{"href":"https:\/\/beebipood.ee\/ru\/wp-json\/wp\/v2\/product"}],"about":[{"href":"https:\/\/beebipood.ee\/ru\/wp-json\/wp\/v2\/types\/product"}],"wp:featuredmedia":[{"embeddable":true,"href":"https:\/\/beebipood.ee\/ru\/wp-json\/wp\/v2\/media\/130865"}],"wp:attachment":[{"href":"https:\/\/beebipood.ee\/ru\/wp-json\/wp\/v2\/media?parent=458837"}],"wp:term":[{"taxonomy":"pwb-brand","embeddable":true,"href":"https:\/\/beebipood.ee\/ru\/wp-json\/wp\/v2\/pwb-brand?post=458837"},{"taxonomy":"product_brand","embeddable":true,"href":"https:\/\/beebipood.ee\/ru\/wp-json\/wp\/v2\/product_brand?post=458837"},{"taxonomy":"product_cat","embeddable":true,"href":"https:\/\/beebipood.ee\/ru\/wp-json\/wp\/v2\/product_cat?post=458837"},{"taxonomy":"product_tag","embeddable":true,"href":"https:\/\/beebipood.ee\/ru\/wp-json\/wp\/v2\/product_tag?post=458837"}],"curies":[{"name":"wp","href":"https:\/\/api.w.org\/{rel}","templated":true}]}}